{"id":1758,"date":"2023-10-13T03:29:58","date_gmt":"2023-10-13T03:29:58","guid":{"rendered":"https:\/\/hydraulic-cylinders.net\/?post_type=product&#038;p=1758"},"modified":"2025-04-15T05:55:27","modified_gmt":"2025-04-15T05:55:27","slug":"cutter-suction-dredger-piling-cylinder","status":"publish","type":"product","link":"https:\/\/www.hydraulic-cylinders.net\/pl\/produkt\/cutter-suction-dredger-piling-cylinder\/","title":{"rendered":"Cylinder do palowania pog\u0142\u0119biarki ss\u0105cej"},"content":{"rendered":"<h1 style=\"text-align: center;\"><strong>Cylinder do palowania pog\u0142\u0119biarki ss\u0105cej<\/strong><\/h1>\n<p><img loading=\"lazy\" decoding=\"async\" class=\"aligncenter wp-image-1759\" src=\"https:\/\/hydraulic-cylinders.net\/wp-content\/uploads\/2023\/10\/cutter-suction-dredger-piling-cylinder-1-300x300.webp\" alt=\"\" width=\"400\" height=\"400\" \/><\/p>\n<p>Cylinder do palowania pog\u0142\u0119biarki ss\u0105co-t\u0142ocz\u0105cej to mocne i wszechstronne urz\u0105dzenie hydrauliczne zaprojektowane specjalnie do morskich projekt\u00f3w budowlanych. Dzi\u0119ki solidnej konstrukcji i wysokiej wydajno\u015bci, ten cylinder do palowania stanowi kluczowy element nowoczesnych operacji pog\u0142\u0119biarskich.<\/p>\n<p>Si\u0142ownik do palowania pog\u0142\u0119biarki ss\u0105co-t\u0142ocz\u0105cej to niezawodne i wszechstronne urz\u0105dzenie hydrauliczne, kt\u00f3re znacz\u0105co usprawnia realizacj\u0119 projekt\u00f3w budownictwa morskiego. Dzi\u0119ki solidnej konstrukcji, regulowanej d\u0142ugo\u015bci skoku i mocnemu uk\u0142adowi hydraulicznemu, zapewnia precyzyjne i wydajne palowanie. Przestrzegaj\u0105c prawid\u0142owych metod u\u017cytkowania i regularnie przeprowadzaj\u0105c konserwacj\u0119, u\u017cytkownicy mog\u0105 zmaksymalizowa\u0107 \u017cywotno\u015b\u0107 i wydajno\u015b\u0107 tego niezb\u0119dnego elementu pog\u0142\u0119biarki ss\u0105cej. Zainwestuj w si\u0142ownik do palowania pog\u0142\u0119biarki ss\u0105co-t\u0142ocz\u0105cej i do\u015bwiadcz zwi\u0119kszonej wydajno\u015bci i precyzji w swoich morskich projektach budowlanych.<\/p>\n<p>G\u0142\u00f3wne cechy pog\u0142\u0119biarki ss\u0105cej i cylindra paluj\u0105cego:<\/p>\n<ol>\n<li>Solidna konstrukcja: Cylinder pog\u0142\u0119biarki ss\u0105co-t\u0142ocz\u0105cej do palowania zosta\u0142 zaprojektowany tak, aby wytrzyma\u0107 trudne warunki panuj\u0105ce w \u015brodowisku morskim. Wykonany z wysokiej jako\u015bci materia\u0142\u00f3w, charakteryzuje si\u0119 doskona\u0142\u0105 odporno\u015bci\u0105 na korozj\u0119, \u015bcieranie i uderzenia, co gwarantuje d\u0142ugotrwa\u0142\u0105 trwa\u0142o\u015b\u0107.<\/li>\n<li>Moc hydrauliczna: Wyposa\u017cony w wysokowydajny uk\u0142ad hydrauliczny, ten cylinder paluj\u0105cy zapewnia imponuj\u0105c\u0105 moc i precyzj\u0119. Efektywnie przekazuje energi\u0119 hydrauliczn\u0105 do nap\u0119dzania operacji palowania, co przek\u0142ada si\u0119 na zwi\u0119kszon\u0105 wydajno\u015b\u0107 i dok\u0142adno\u015b\u0107.<\/li>\n<li>Regulowana d\u0142ugo\u015b\u0107 skoku: Cylinder palowy oferuje elastyczno\u015b\u0107 w dostosowywaniu d\u0142ugo\u015bci skoku do specyficznych wymaga\u0144 projektu. Ta mo\u017cliwo\u015b\u0107 adaptacji pozwala na precyzyjn\u0105 kontrol\u0119 g\u0142\u0119boko\u015bci wbijania pali, dostosowuj\u0105c si\u0119 do zr\u00f3\u017cnicowanych potrzeb budownictwa morskiego.<\/li>\n<\/ol>\n<h2><strong>Parametry cylindra pog\u0142\u0119biarki ss\u0105cej:<\/strong><\/h2>\n<table border=\"1\" cellspacing=\"0\" cellpadding=\"0\">\n<tbody>\n<tr>\n<td>Nazwa produktu<\/td>\n<td>Cylinder podr\u00f3\u017cny pog\u0142\u0119biarki ss\u0105cej<\/td>\n<\/tr>\n<tr>\n<td>Cechy:<\/td>\n<td>Jest g\u0142\u00f3wnym elementem wykonawczym mechanizmu jezdnego pog\u0142\u0119biarki ss\u0105co-t\u0142ocz\u0105cej<\/td>\n<\/tr>\n<tr>\n<td>\u015arednica otworu:<\/td>\n<td>Do 480 mm<\/td>\n<\/tr>\n<tr>\n<td>\u015arednica pr\u0119ta:<\/td>\n<td>Do 360 mm<br \/>\nSkok do 9400 mm<\/td>\n<\/tr>\n<tr>\n<td>Ci\u015bnienie:<\/td>\n<td>do 32 MPa<\/td>\n<\/tr>\n<tr>\n<td>Si\u0142a ci\u0105gu:<\/td>\n<td>Maksymalnie 2900 kN<\/td>\n<\/tr>\n<tr>\n<td>Zastosowania:<\/td>\n<td>Pog\u0142\u0119biarka ss\u0105ca<\/td>\n<\/tr>\n<\/tbody>\n<\/table>\n<div><\/div>\n<div>\n<div class=\"txtboxL\">\n<div class=\"txtboxL\">\n<div class=\"txtboxL\">\n<div class=\"txtboxL\">\n<div class=\"txtboxL\">\n<div class=\"txtboxL\">\n<div class=\"txtboxL\">\n<div class=\"txtboxL\">Cechy:<\/div>\n<div class=\"txtboxR\">Jest g\u0142\u00f3wnym elementem wykonawczym mechanizmu jezdnego pog\u0142\u0119biarki ss\u0105co-t\u0142ocz\u0105cej<\/div>\n<div class=\"txtboxL\">Specyfikacja:<\/div>\n<div class=\"txtboxR\">\u015arednica otworu: do 480 mm<br \/>\n\u015arednica pr\u0119ta: do 360mm<br \/>\nSkok do 9400 mm<\/div>\n<div class=\"txtboxL\">Ci\u015bnienie:<\/div>\n<div class=\"txtboxR\">do 32 MPa<\/div>\n<div class=\"txtboxL\">Si\u0142a ci\u0105gu:<\/div>\n<div class=\"txtboxR\">Maksymalnie 2900 kN<\/div>\n<\/div>\n<\/div>\n<\/div>\n<\/div>\n<\/div>\n<\/div>\n<\/div>\n<\/div>\n<h2><strong>Zastosowanie cylindr\u00f3w ss\u0105cych i tn\u0105cych zbiornik\u00f3w pog\u0142\u0119biarek:<\/strong><\/h2>\n<p><img loading=\"lazy\" decoding=\"async\" class=\"alignnone wp-image-1757 size-full\" src=\"https:\/\/hydraulic-cylinders.net\/wp-content\/uploads\/2023\/10\/dredger-tank-cylinder-1.webp\" alt=\"\" width=\"600\" height=\"400\" srcset=\"https:\/\/hydraulic-cylinders.net\/wp-content\/uploads\/2023\/10\/dredger-tank-cylinder-1.webp 600w, https:\/\/hydraulic-cylinders.net\/wp-content\/uploads\/2023\/10\/dredger-tank-cylinder-1-480x320.webp 480w\" sizes=\"(min-width: 0px) and (max-width: 480px) 480px, (min-width: 481px) 600px, 100vw\" \/><\/p>\n<h2><strong>Metoda u\u017cytkowania pog\u0142\u0119biarki ss\u0105cej z cylindrem paluj\u0105cym<\/strong><strong>:<\/strong><\/h2>\n<ul>\n<li><strong>Przygotowanie:<\/strong> Przed rozpocz\u0119ciem prac palowych nale\u017cy upewni\u0107 si\u0119, \u017ce przestrzegane s\u0105 wszystkie protoko\u0142y bezpiecze\u0144stwa. Sprawdzi\u0107 cylinder palowy, jego po\u0142\u0105czenia oraz uk\u0142ad hydrauliczny pod k\u0105tem uszkodze\u0144 lub wyciek\u00f3w. Upewni\u0107 si\u0119, \u017ce \u017ar\u00f3d\u0142o zasilania hydraulicznego jest prawid\u0142owo pod\u0142\u0105czone i dzia\u0142a.<\/li>\n<li><strong>Pozycjonowanie:<\/strong> Umie\u015b\u0107 cylinder pog\u0142\u0119biarki ss\u0105co-t\u0142ocz\u0105cej w \u017c\u0105danym miejscu do palowania. Wyr\u00f3wnaj go z obszarem docelowym, zapewniaj\u0105c odpowiedni\u0105 stabilno\u015b\u0107 i podparcie.<\/li>\n<li><strong>Po\u0142\u0105czenie:<\/strong> Pod\u0142\u0105cz si\u0142ownik paluj\u0105cy do \u017ar\u00f3d\u0142a zasilania hydraulicznego za pomoc\u0105 kompatybilnych z\u0142\u0105czek i w\u0119\u017cy. Upewnij si\u0119, \u017ce po\u0142\u0105czenia s\u0105 solidne i szczelne.<\/li>\n<li><strong>Regulacja d\u0142ugo\u015bci skoku:<\/strong> Set the desired stroke length on the piling cylinder, considering the depth required for the piling operation. Adjust the stroke length using the provided controls or mechanisms, following the manufacturer&#8217;s instructions.<\/li>\n<li><strong>Operacja palowania:<\/strong> Uruchom hydrauliczne \u017ar\u00f3d\u0142o zasilania, aby rozpocz\u0105\u0107 operacj\u0119 wbijania pali. Cylinder pog\u0142\u0119biarki ss\u0105cej Cutter Suction Dredger wbije pale w dno morza lub rzeki. Uwa\u017cnie monitoruj proces, aby upewni\u0107 si\u0119, \u017ce uzyskano po\u017c\u0105dan\u0105 g\u0142\u0119boko\u015b\u0107 i dok\u0142adno\u015b\u0107.<\/li>\n<\/ul>\n<h2><strong>Jak ponownie zapakowa\u0107 cylinder hydrauliczny?<\/strong><\/h2>\n<p>Repacking a hydraulic cylinder involves replacing the seals and other components to restore its functionality and prevent leaks. Here&#8217;s a general guide on how to repack a hydraulic cylinder:<\/p>\n<ol>\n<li><strong>\u015arodki ostro\u017cno\u015bci:<\/strong>\n<ul>\n<li>Upewnij si\u0119, \u017ce uk\u0142ad hydrauliczny jest pozbawiony ci\u015bnienia i cylinder jest ca\u0142kowicie wysuni\u0119ty.<\/li>\n<li>Nale\u017cy post\u0119powa\u0107 zgodnie z odpowiednimi procedurami blokowania\/oznaczania, aby zapobiec przypadkowej aktywacji systemu.<\/li>\n<\/ul>\n<\/li>\n<li><strong>Demonta\u017c cylindra:<\/strong>\n<ul>\n<li>Od\u0142\u0105cz wszystkie w\u0119\u017ce hydrauliczne i z\u0142\u0105czki pod\u0142\u0105czone do cylindra.<\/li>\n<li>Usu\u0144 wszystkie ko\u0142ki i \u015bruby mocuj\u0105ce cylinder do urz\u0105dzenia.<\/li>\n<li>Ostro\u017cnie wysu\u0144 lub manewruj cylindrem, wyjmuj\u0105c go z uchwyt\u00f3w monta\u017cowych lub po\u0142\u0105cze\u0144.<\/li>\n<\/ul>\n<\/li>\n<li><strong>Demonta\u017c:<\/strong>\n<ul>\n<li>Po\u0142\u00f3\u017c cylinder na czystej powierzchni roboczej.<\/li>\n<li>Zdejmij za\u015blepki ko\u0144cowe cylindra, u\u017cywaj\u0105c odpowiednich narz\u0119dzi, np. kluczy lub zestaw\u00f3w nasadowych.<\/li>\n<li>Podczas demonta\u017cu nale\u017cy zwr\u00f3ci\u0107 uwag\u0119 na kolejno\u015b\u0107 i orientacj\u0119 komponent\u00f3w.<\/li>\n<li>Wyjmij t\u0142ok, pr\u0119t i uszczelki z cylindra.<\/li>\n<\/ul>\n<\/li>\n<li><strong>Wymiana uszczelki:<\/strong>\n<ul>\n<li>Sprawd\u017a, czy stare uszczelki nie s\u0105 uszkodzone lub zu\u017cyte, i wymie\u0144 je na nowe o tym samym rozmiarze i typie.<\/li>\n<li>Przed monta\u017cem nale\u017cy nasmarowa\u0107 nowe uszczelki olejem hydraulicznym.<\/li>\n<li>Ostro\u017cnie wsu\u0144 nowe uszczelki w rowki i upewnij si\u0119, \u017ce s\u0105 prawid\u0142owo osadzone.<\/li>\n<\/ul>\n<\/li>\n<li><strong>Kontrola i czyszczenie komponent\u00f3w:<\/strong>\n<ul>\n<li>Sprawd\u017a t\u0142ok, pr\u0119t i inne elementy pod k\u0105tem uszkodze\u0144 lub zu\u017cycia.<\/li>\n<li>Dok\u0142adnie wyczy\u015b\u0107 wszystkie cz\u0119\u015bci przy u\u017cyciu odpowiedniego rozpuszczalnika czyszcz\u0105cego, aby usun\u0105\u0107 brud, zanieczyszczenia i pozosta\u0142o\u015bci p\u0142ynu hydraulicznego.<\/li>\n<li>Przed ponownym monta\u017cem nale\u017cy upewni\u0107 si\u0119, \u017ce wszystkie powierzchnie s\u0105 suche.<\/li>\n<\/ul>\n<\/li>\n<li><strong>Ponowny monta\u017c:<\/strong>\n<ul>\n<li>Zamontuj t\u0142ok, pr\u0119t i uszczelki z powrotem w cylindrze, zachowuj\u0105c w\u0142a\u015bciw\u0105 kolejno\u015b\u0107 i kierunek.<\/li>\n<li>Nanie\u015b\u0107 cienk\u0105 warstw\u0119 oleju hydraulicznego na uszczelki i inne powierzchnie styku.<\/li>\n<li>Ostro\u017cnie za\u0142\u00f3\u017c za\u015blepki i dokr\u0119\u0107 je mocno zgodnie ze specyfikacj\u0105 producenta.<\/li>\n<li>Sprawd\u017a, czy wszystkie po\u0142\u0105czenia gwintowane s\u0105 prawid\u0142owo wyr\u00f3wnane i dokr\u0119cone.<\/li>\n<\/ul>\n<\/li>\n<li><strong>Ponowna instalacja cylindra:<\/strong>\n<ul>\n<li>Wsu\u0144 lub umie\u015b\u0107 ponownie zmontowany cylinder w uchwytach monta\u017cowych lub z\u0142\u0105czach.<\/li>\n<li>Ponownie zamontuj wszystkie ko\u0142ki i \u015bruby mocuj\u0105ce, aby unieruchomi\u0107 cylinder na miejscu.<\/li>\n<li>Pod\u0142\u0105cz ponownie w\u0119\u017ce lub z\u0142\u0105czki hydrauliczne do cylindra, upewniaj\u0105c si\u0119, \u017ce s\u0105 prawid\u0142owo ustawione i szczelne.<\/li>\n<\/ul>\n<\/li>\n<li><strong>Testowanie i kontrola:<\/strong>\n<ul>\n<li>Ponownie nape\u0142nij uk\u0142ad hydrauliczny ci\u015bnieniem i sprawd\u017a, czy nie ma wyciek\u00f3w lub czy nie wyst\u0119puje nieprawid\u0142owe dzia\u0142anie.<\/li>\n<li>Aby zapewni\u0107 p\u0142ynny ruch i prawid\u0142owe dzia\u0142anie, nale\u017cy ca\u0142kowicie wysun\u0105\u0107 i schowa\u0107 cylinder.<\/li>\n<li>Sprawd\u017a cylinder i jego po\u0142\u0105czenia pod k\u0105tem nieszczelno\u015bci lub innych problem\u00f3w.<\/li>\n<\/ul>\n<\/li>\n<\/ol>\n<h2><strong>Mo\u017cliwo\u015bci i pojemno\u015b\u0107 fabryki:<\/strong><\/h2>\n<h3>(1) Monta\u017c<\/h3>\n<p>Dysponujemy najwy\u017cszej klasy niezale\u017cn\u0105 platform\u0105 badawczo-rozwojow\u0105. Warsztat produkcji si\u0142ownik\u00f3w hydraulicznych posiada cztery p\u00f3\u0142automatyczne linie monta\u017cowe si\u0142ownik\u00f3w podnosz\u0105cych i jedn\u0105 automatyczn\u0105 lini\u0119 monta\u017cow\u0105 si\u0142ownik\u00f3w przechy\u0142u, o projektowanej rocznej zdolno\u015bci produkcyjnej 1 miliona sztuk. Specjalny warsztat cylindr\u00f3w jest wyposa\u017cony w r\u00f3\u017cne specyfikacje p\u00f3\u0142automatycznego systemu monta\u017cu czyszcz\u0105cego o projektowanej rocznej zdolno\u015bci produkcyjnej 200 000 i wyposa\u017cony w s\u0142ynny sprz\u0119t do obr\u00f3bki CNC, centrum obr\u00f3bcze, specjalny sprz\u0119t do precyzyjnej obr\u00f3bki cylindr\u00f3w, robot spawalniczy, automatyczna maszyna czyszcz\u0105ca, automatyczna maszyna do monta\u017cu cylindr\u00f3w i automatyczna linia produkcyjna do malowania. Istniej\u0105cy krytyczny sprz\u0119t sk\u0142ada si\u0119 z ponad 300 zestaw\u00f3w. Optymalna alokacja i efektywne wykorzystanie zasob\u00f3w sprz\u0119towych zapewniaj\u0105 wymagania dotycz\u0105ce dok\u0142adno\u015bci produkt\u00f3w i spe\u0142niaj\u0105 potrzeby wysokiej jako\u015bci produkt\u00f3w.<\/p>\n<p><img loading=\"lazy\" decoding=\"async\" class=\"alignnone wp-image-626\" src=\"https:\/\/hydraulic-cylinders.net\/wp-content\/uploads\/2023\/08\/hydraulic-cylinder-product-1-300x158.webp\" alt=\"\" width=\"495\" height=\"260\" srcset=\"https:\/\/hydraulic-cylinders.net\/wp-content\/uploads\/2023\/08\/hydraulic-cylinder-product-1-300x158.webp 495w, https:\/\/hydraulic-cylinders.net\/wp-content\/uploads\/2023\/08\/hydraulic-cylinder-product-1-480x252.webp 480w\" sizes=\"(min-width: 0px) and (max-width: 480px) 480px, (min-width: 481px) 495px, 100vw\" \/> <img loading=\"lazy\" decoding=\"async\" class=\"alignnone wp-image-627\" src=\"https:\/\/hydraulic-cylinders.net\/wp-content\/uploads\/2023\/08\/hydraulic-cylinder-product-2-300x189.webp\" alt=\"\" width=\"413\" height=\"260\" \/><\/p>\n<h3>(2) Obr\u00f3bka<\/h3>\n<p>Warsztat obr\u00f3bki skrawaniem jest wyposa\u017cony w niestandardowe centrum tokarskie z pochylon\u0105 szyn\u0105, centrum obr\u00f3bcze, szybkobie\u017cn\u0105 honownic\u0119, robota spawalniczego i inny powi\u0105zany sprz\u0119t, kt\u00f3ry mo\u017ce obs\u0142ugiwa\u0107 przetwarzanie rur cylindrycznych o maksymalnej \u015brednicy wewn\u0119trznej 400 mm i maksymalnej d\u0142ugo\u015bci 6 metr\u00f3w.<\/p>\n<p><img loading=\"lazy\" decoding=\"async\" class=\"alignnone wp-image-628 size-large\" src=\"https:\/\/hydraulic-cylinders.net\/wp-content\/uploads\/2023\/08\/hydraulic-cylinder-product-3-1024x391.webp\" alt=\"\" width=\"1024\" height=\"391\" srcset=\"https:\/\/hydraulic-cylinders.net\/wp-content\/uploads\/2023\/08\/hydraulic-cylinder-product-3-980x374.webp 980w, https:\/\/hydraulic-cylinders.net\/wp-content\/uploads\/2023\/08\/hydraulic-cylinder-product-3-480x183.webp 480w\" sizes=\"(min-width: 0px) and (max-width: 480px) 480px, (min-width: 481px) and (max-width: 980px) 980px, (min-width: 981px) 1024px, 100vw\" \/><\/p>\n<h3>(3) Spawanie<\/h3>\n<p><img loading=\"lazy\" decoding=\"async\" class=\"alignnone wp-image-629 size-large\" src=\"https:\/\/hydraulic-cylinders.net\/wp-content\/uploads\/2023\/08\/hydraulic-cylinder-product-4-1024x510.webp\" alt=\"\" width=\"1024\" height=\"510\" srcset=\"https:\/\/hydraulic-cylinders.net\/wp-content\/uploads\/2023\/08\/hydraulic-cylinder-product-4-980x488.webp 980w, https:\/\/hydraulic-cylinders.net\/wp-content\/uploads\/2023\/08\/hydraulic-cylinder-product-4-480x239.webp 480w\" sizes=\"(min-width: 0px) and (max-width: 480px) 480px, (min-width: 481px) and (max-width: 980px) 980px, (min-width: 981px) 1024px, 100vw\" \/><\/p>\n<h3>(4) Malowanie i powlekanie<\/h3>\n<p>Z ma\u0142ymi i \u015brednimi automatycznymi liniami do powlekania farbami na bazie wody, w celu osi\u0105gni\u0119cia automatycznego za\u0142adunku i roz\u0142adunku robota oraz automatycznego natryskiwania, wydajno\u015b\u0107 projektowa 4000 sztuk na zmian\u0119;<br \/>\nPosiadamy r\u00f3wnie\u017c p\u00f3\u0142automatyczn\u0105 lini\u0119 do produkcji farb do du\u017cych cylindr\u00f3w nap\u0119dzan\u0105 \u0142a\u0144cuchem nap\u0119dowym, o wydajno\u015bci 60 skrzy\u0144 na zmian\u0119.<\/p>\n<p><img loading=\"lazy\" decoding=\"async\" class=\"alignnone wp-image-630\" src=\"https:\/\/hydraulic-cylinders.net\/wp-content\/uploads\/2023\/08\/hydraulic-cylinder-product-5-300x213.webp\" alt=\"\" width=\"366\" height=\"260\" \/> <img loading=\"lazy\" decoding=\"async\" class=\"alignnone wp-image-631\" src=\"https:\/\/hydraulic-cylinders.net\/wp-content\/uploads\/2023\/08\/hydraulic-cylinder-product-6-300x225.webp\" alt=\"\" width=\"347\" height=\"260\" \/><\/p>\n<h3>(5) Testowanie<\/h3>\n<p>Dysponujemy najwy\u017cszej klasy urz\u0105dzeniami kontrolnymi i stanowiskami testowymi, aby zapewni\u0107, \u017ce wydajno\u015b\u0107 cylindra spe\u0142nia wymagania.<\/p>\n<p><img loading=\"lazy\" decoding=\"async\" class=\"alignnone wp-image-632\" src=\"https:\/\/hydraulic-cylinders.net\/wp-content\/uploads\/2023\/08\/hydraulic-cylinder-product-8-300x200.webp\" alt=\"\" width=\"389\" height=\"260\" \/><\/p>\n<p>&nbsp;<\/p>\n<p>&nbsp;<\/p>\n<p>Jeste\u015bmy jednym z najlepszych producent\u00f3w cylindr\u00f3w hydraulicznych. Oferujemy kompleksow\u0105 ofert\u0119 cylindr\u00f3w hydraulicznych. Dostarczamy r\u00f3wnie\u017c\u2026 <a href=\"https:\/\/hzpt.com\/agricultural-pto-gearbox\/\" target=\"_blank\" rel=\"noopener\">przek\u0142adnie rolnicze<\/a>. Eksportowali\u015bmy nasze produkty do klient\u00f3w na ca\u0142ym \u015bwiecie i zdobyli\u015bmy dobr\u0105 reputacj\u0119 dzi\u0119ki najwy\u017cszej jako\u015bci produkt\u00f3w i us\u0142ug posprzeda\u017cnych. Zapraszamy klient\u00f3w w kraju i za granic\u0105 do kontaktu z nami w celu negocjacji biznesowych, wymiany informacji i <a href=\"https:\/\/www.hydraulic-cylinders.net\/pl\/contact-us\/\">wsp\u00f3\u0142pracowa\u0107 z nami<\/a>!<\/p>","protected":false},"excerpt":{"rendered":"<p>Cutter Suction Dredger Piling Cylinder The cutter suction dredger piling cylinder is a powerful and versatile hydraulic device designed specifically for marine construction projects. With its robust construction and high-performance capabilities, this piling cylinder is a key component in modern dredging operations. The cutter suction dredger piling cylinder is a reliable and versatile hydraulic device [&hellip;]<\/p>","protected":false},"featured_media":1760,"comment_status":"open","ping_status":"closed","template":"","meta":{"_et_pb_use_builder":"","_et_pb_old_content":"","_et_gb_content_width":""},"product_brand":[],"product_cat":[1535,1549,1552,1376],"product_tag":[1380],"class_list":{"0":"post-1758","1":"product","2":"type-product","3":"status-publish","4":"has-post-thumbnail","6":"product_cat-dredger-hydraulic-cylinders","7":"product_cat-single-acting-hydraulic-cylinder","8":"product_cat-stainless-steel-hydraulic-cylinder","9":"product_cat-hydraulic-cylinder","10":"product_tag-hydraulic-cylinder","12":"first","13":"instock","14":"shipping-taxable","15":"product-type-simple"},"amp_enabled":true,"_links":{"self":[{"href":"https:\/\/www.hydraulic-cylinders.net\/pl\/wp-json\/wp\/v2\/product\/1758","targetHints":{"allow":["GET"]}}],"collection":[{"href":"https:\/\/www.hydraulic-cylinders.net\/pl\/wp-json\/wp\/v2\/product"}],"about":[{"href":"https:\/\/www.hydraulic-cylinders.net\/pl\/wp-json\/wp\/v2\/types\/product"}],"replies":[{"embeddable":true,"href":"https:\/\/www.hydraulic-cylinders.net\/pl\/wp-json\/wp\/v2\/comments?post=1758"}],"wp:featuredmedia":[{"embeddable":true,"href":"https:\/\/www.hydraulic-cylinders.net\/pl\/wp-json\/wp\/v2\/media\/1760"}],"wp:attachment":[{"href":"https:\/\/www.hydraulic-cylinders.net\/pl\/wp-json\/wp\/v2\/media?parent=1758"}],"wp:term":[{"taxonomy":"product_brand","embeddable":true,"href":"https:\/\/www.hydraulic-cylinders.net\/pl\/wp-json\/wp\/v2\/product_brand?post=1758"},{"taxonomy":"product_cat","embeddable":true,"href":"https:\/\/www.hydraulic-cylinders.net\/pl\/wp-json\/wp\/v2\/product_cat?post=1758"},{"taxonomy":"product_tag","embeddable":true,"href":"https:\/\/www.hydraulic-cylinders.net\/pl\/wp-json\/wp\/v2\/product_tag?post=1758"}],"curies":[{"name":"wp","href":"https:\/\/api.w.org\/{rel}","templated":true}]}}