{"id":17585,"date":"2025-03-18T05:51:01","date_gmt":"2025-03-18T05:51:01","guid":{"rendered":"https:\/\/www.hydraulic-cylinders.net\/?post_type=product&#038;p=17585"},"modified":"2025-04-11T03:15:29","modified_gmt":"2025-04-11T03:15:29","slug":"tilt-hydraulic-cylinders-for-large-forklift","status":"publish","type":"product","link":"https:\/\/www.hydraulic-cylinders.net\/pl\/produkt\/tilt-hydraulic-cylinders-for-large-forklift\/","title":{"rendered":"Si\u0142owniki hydrauliczne przechy\u0142u do du\u017cych w\u00f3zk\u00f3w wid\u0142owych"},"content":{"rendered":"<h1 style=\"text-align: center;\"><strong>Si\u0142owniki hydrauliczne przechy\u0142u do du\u017cych w\u00f3zk\u00f3w wid\u0142owych<\/strong><\/h1>\n<p>Si\u0142owniki hydrauliczne do przechy\u0142u to niezb\u0119dne elementy du\u017cych w\u00f3zk\u00f3w wid\u0142owych, zaprojektowane w celu zwi\u0119kszenia ich mo\u017cliwo\u015bci operacyjnych. Si\u0142owniki te umo\u017cliwiaj\u0105 precyzyjne przechylanie wide\u0142 w\u00f3zka wid\u0142owego, u\u0142atwiaj\u0105c bezpieczny i wydajny za\u0142adunek i roz\u0142adunek materia\u0142\u00f3w. Dzi\u0119ki solidnej konstrukcji i zaawansowanej technologii, si\u0142owniki hydrauliczne do przechy\u0142u znacz\u0105co zwi\u0119kszaj\u0105 wydajno\u015b\u0107 w magazynach i na placach budowy.<\/p>\n<p>Si\u0142owniki hydrauliczne do przechy\u0142u s\u0105 niezb\u0119dne do zwi\u0119kszenia funkcjonalno\u015bci du\u017cych w\u00f3zk\u00f3w wid\u0142owych. Ich zdolno\u015b\u0107 do precyzyjnego wykonywania ruch\u00f3w nie tylko zwi\u0119ksza wydajno\u015b\u0107, ale tak\u017ce zapewnia bezpiecze\u0144stwo podczas transportu materia\u0142\u00f3w. Rozumiej\u0105c ich w\u0142a\u015bciwo\u015bci, metody u\u017cytkowania i wymagania konserwacyjne, operatorzy mog\u0105 zmaksymalizowa\u0107 korzy\u015bci p\u0142yn\u0105ce z tych niezb\u0119dnych podzespo\u0142\u00f3w. Inwestycja w wysokiej jako\u015bci si\u0142owniki hydrauliczne do przechy\u0142u gwarantuje lepsz\u0105 wydajno\u015b\u0107 i niezawodno\u015b\u0107 w zastosowaniach wymagaj\u0105cych du\u017cej wytrzyma\u0142o\u015bci.<\/p>\n<h1 style=\"text-align: center;\"><img loading=\"lazy\" decoding=\"async\" class=\"alignnone wp-image-17587\" src=\"https:\/\/www.hydraulic-cylinders.net\/wp-content\/uploads\/2025\/03\/Tilt-hydraulic-cylinders-for-large-forklift.webp\" alt=\"Si\u0142owniki hydrauliczne przechy\u0142u do du\u017cych w\u00f3zk\u00f3w wid\u0142owych\" width=\"500\" height=\"500\" srcset=\"https:\/\/www.hydraulic-cylinders.net\/wp-content\/uploads\/2025\/03\/Tilt-hydraulic-cylinders-for-large-forklift.webp 500w, https:\/\/www.hydraulic-cylinders.net\/wp-content\/uploads\/2025\/03\/Tilt-hydraulic-cylinders-for-large-forklift-480x480.webp 480w\" sizes=\"(min-width: 0px) and (max-width: 480px) 480px, (min-width: 481px) 500px, 100vw\" \/><\/h1>\n<p style=\"text-align: center;\"><strong>Si\u0142owniki hydrauliczne przechy\u0142u do du\u017cych w\u00f3zk\u00f3w wid\u0142owych<\/strong><\/p>\n<h2><strong>Si\u0142owniki hydrauliczne przechy\u0142u do du\u017cych w\u00f3zk\u00f3w wid\u0142owych <\/strong><strong>Dane techniczne<\/strong><strong>:<\/strong><\/h2>\n<div class=\"Message_messageTextContainer__w64Sc\">\n<div>\n<div class=\"Markdown_markdownContainer__Tz3HQ\">\n<p><strong>Funkcjonowa\u0107:<\/strong> Wykonaj ruch pochylania do przodu i do ty\u0142u bramy w\u00f3zka wid\u0142owego<br \/>\n<strong>\u015arednica cylindra:<\/strong> 90 mm-220 mm<br \/>\n<strong>\u015arednica pr\u0119ta:<\/strong> 45 mm-100 mm<br \/>\n<strong>Podr\u00f3\u017c:<\/strong> 37 mm-363 mm<br \/>\n<strong>Maksymalne ci\u015bnienie:<\/strong> 27 MPa<br \/>\n<strong>Maksymalny ci\u0105g:<\/strong> 1026 kN<\/p>\n<\/div>\n<\/div>\n<\/div>\n<h2><strong>Seria du\u017cych cylindr\u00f3w hydraulicznych do w\u00f3zk\u00f3w wid\u0142owych:\u00a0<\/strong><\/h2>\n<h2><img loading=\"lazy\" decoding=\"async\" class=\"alignnone size-full wp-image-17582\" src=\"https:\/\/www.hydraulic-cylinders.net\/wp-content\/uploads\/2025\/03\/large-forklift-hydraulic-cylinder-construction.webp\" alt=\"\" width=\"1100\" height=\"615\" srcset=\"https:\/\/www.hydraulic-cylinders.net\/wp-content\/uploads\/2025\/03\/large-forklift-hydraulic-cylinder-construction.webp 1100w, https:\/\/www.hydraulic-cylinders.net\/wp-content\/uploads\/2025\/03\/large-forklift-hydraulic-cylinder-construction-980x548.webp 980w, https:\/\/www.hydraulic-cylinders.net\/wp-content\/uploads\/2025\/03\/large-forklift-hydraulic-cylinder-construction-480x268.webp 480w\" sizes=\"(min-width: 0px) and (max-width: 480px) 480px, (min-width: 481px) and (max-width: 980px) 980px, (min-width: 981px) 1100px, 100vw\" \/><\/h2>\n<h2><strong>Kluczowe cechy si\u0142ownik\u00f3w hydraulicznych przechy\u0142u do du\u017cych w\u00f3zk\u00f3w wid\u0142owych<\/strong><strong>:<\/strong><\/h2>\n<ul>\n<li><strong>Wysoka \u0142adowno\u015b\u0107:<\/strong> Si\u0142owniki hydrauliczne do przechy\u0142u s\u0105 zaprojektowane tak, aby ud\u017awign\u0105\u0107 znaczne obci\u0105\u017cenia, co czyni je kluczowymi w zastosowaniach wymagaj\u0105cych du\u017cej wytrzyma\u0142o\u015bci. Ich solidna konstrukcja zapewnia bezpieczn\u0105 i wydajn\u0105 prac\u0119, nawet podczas podnoszenia du\u017cych \u0142adunk\u00f3w, zmniejszaj\u0105c tym samym ryzyko wypadk\u00f3w i zwi\u0119kszaj\u0105c wydajno\u015b\u0107 w miejscu pracy.<\/li>\n<li><strong>Trwa\u0142e materia\u0142y:<\/strong> Te cylindry wykonane s\u0105 z wysokowytrzyma\u0142ej stali i innych odpornych materia\u0142\u00f3w, co zapewnia wyj\u0105tkow\u0105 odporno\u015b\u0107 na zu\u017cycie. Ta trwa\u0142o\u015b\u0107 nie tylko wyd\u0142u\u017ca \u017cywotno\u015b\u0107 cylindra, ale tak\u017ce minimalizuje potrzeb\u0119 cz\u0119stych wymian, oszcz\u0119dzaj\u0105c czas i pieni\u0105dze w d\u0142u\u017cszej perspektywie.<\/li>\n<li><strong>Kompaktowa konstrukcja:<\/strong> Op\u0142ywowa konstrukcja si\u0142ownik\u00f3w hydraulicznych przechy\u0142u u\u0142atwia integracj\u0119 z istniej\u0105cymi systemami w\u00f3zk\u00f3w wid\u0142owych. Kompaktowo\u015b\u0107 pozwala na optymalne wykorzystanie przestrzeni bez utraty wydajno\u015bci, u\u0142atwiaj\u0105c operatorom manewrowanie w ciasnych przestrzeniach.<\/li>\n<li><strong>Regulowany k\u0105t nachylenia:<\/strong> Jedn\u0105 z wyr\u00f3\u017cniaj\u0105cych si\u0119 cech jest mo\u017cliwo\u015b\u0107 \u0142atwej regulacji k\u0105ta nachylenia przez operator\u00f3w. Ta elastyczno\u015b\u0107 sprawdza si\u0119 w r\u00f3\u017cnych zastosowaniach, od uk\u0142adania w stosy po transport r\u00f3\u017cnych rodzaj\u00f3w materia\u0142\u00f3w, dzi\u0119ki czemu w\u00f3zek wid\u0142owy z \u0142atwo\u015bci\u0105 dopasowuje si\u0119 do konkretnych zada\u0144.<\/li>\n<li><strong>Komponenty uszczelnione:<\/strong> Uszczelniona konstrukcja tych cylindr\u00f3w skutecznie chroni podzespo\u0142y wewn\u0119trzne przed brudem i wilgoci\u0105. Ta cecha jest szczeg\u00f3lnie wa\u017cna w trudnych warunkach, poniewa\u017c zapewnia niezawodn\u0105 prac\u0119 i minimalizuje ryzyko awarii, co ostatecznie przek\u0142ada si\u0119 na ni\u017csze koszty konserwacji i d\u0142u\u017cszy czas sprawno\u015bci.<\/li>\n<\/ul>\n<h2><strong>Przyk\u0142ady zastosowa\u0144 si\u0142ownik\u00f3w hydraulicznych do przechylania du\u017cych w\u00f3zk\u00f3w wid\u0142owych:<\/strong><\/h2>\n<p>Si\u0142owniki hydrauliczne do przechylania odgrywaj\u0105 kluczow\u0105 rol\u0119 w r\u00f3\u017cnych ga\u0142\u0119ziach przemys\u0142u, zwi\u0119kszaj\u0105c wydajno\u015b\u0107 i bezpiecze\u0144stwo zada\u0144 zwi\u0105zanych z transportem materia\u0142\u00f3w. Oto kilka kluczowych zastosowa\u0144:<\/p>\n<h4>1. <strong>Magazynowanie i dystrybucja<\/strong><\/h4>\n<p>W magazynach si\u0142owniki hydrauliczne do przechylania umo\u017cliwiaj\u0105 w\u00f3zkom wid\u0142owym \u0142atw\u0105 regulacj\u0119 k\u0105ta nachylenia wide\u0142. Funkcja ta jest niezb\u0119dna do uk\u0142adania palet w stosy, umo\u017cliwiaj\u0105c precyzyjne uk\u0142adanie i pobieranie towar\u00f3w. Poprawia to wykorzystanie przestrzeni i usprawnia procesy za\u0142adunku i roz\u0142adunku.<\/p>\n<h4>2. <strong>Place budowy<\/strong><\/h4>\n<p>Na placach budowy cylindry te u\u0142atwiaj\u0105 transport ci\u0119\u017ckich materia\u0142\u00f3w, takich jak bloczki betonowe i belki stalowe. Mo\u017cliwo\u015b\u0107 pochylania wide\u0142 pomaga zabezpieczy\u0107 \u0142adunki podczas transportu i zapewnia bezpieczne dostarczenie do miejsca przeznaczenia, zmniejszaj\u0105c ryzyko wypadk\u00f3w.<\/p>\n<h4>3. <strong>Produkcja<\/strong><\/h4>\n<p>W \u015brodowiskach produkcyjnych si\u0142owniki hydrauliczne z funkcj\u0105 pochylania wspomagaj\u0105 monta\u017c i transport cz\u0119\u015bci. Umo\u017cliwiaj\u0105 pracownikom precyzyjne pozycjonowanie komponent\u00f3w, co jest kluczowe dla utrzymania kontroli jako\u015bci i wydajno\u015bci proces\u00f3w produkcyjnych.<\/p>\n<h4>4. <strong>Rolnictwo<\/strong><\/h4>\n<p>W rolnictwie si\u0142owniki hydrauliczne do przechylania s\u0105 u\u017cywane w w\u00f3zkach wid\u0142owych do transportu bel, skrzy\u0144 i innych produkt\u00f3w rolnych. Regulowany k\u0105t przechy\u0142u pomaga rolnikom szybko i bezpiecznie za\u0142adowa\u0107 i roz\u0142adowa\u0107 materia\u0142y, optymalizuj\u0105c przep\u0142yw pracy w szczytowych okresach zbior\u00f3w.<\/p>\n<h4>5. <strong>Recykling i gospodarka odpadami<\/strong><\/h4>\n<p>Cylindry te s\u0105 niezwykle przydatne w zak\u0142adach recyklingu, gdzie u\u0142atwiaj\u0105 przemieszczanie i uk\u0142adanie materia\u0142\u00f3w nadaj\u0105cych si\u0119 do recyklingu. Mo\u017cliwo\u015b\u0107 przechylania pozwala na lepsze sortowanie i zag\u0119szczanie odpad\u00f3w, poprawiaj\u0105c wydajno\u015b\u0107 operacyjn\u0105 i zarz\u0105dzanie przestrzeni\u0105.<\/p>\n<p>Szukasz wytrzyma\u0142ych cylindr\u00f3w do w\u00f3zk\u00f3w wid\u0142owych? Sprawd\u017a nasz\u0105 ofert\u0119 <a href=\"https:\/\/www.hydraulic-cylinders.net\/pl\/forklift-hydraulic-cylinder\/\">Si\u0142owniki hydrauliczne o du\u017cej wytrzyma\u0142o\u015bci<\/a>.<\/p>\n<h2><strong>Obszar produkcji cylindr\u00f3w do w\u00f3zk\u00f3w wid\u0142owych:<\/strong><\/h2>\n<h2><img loading=\"lazy\" decoding=\"async\" class=\"alignnone size-full wp-image-16972\" src=\"https:\/\/www.hydraulic-cylinders.net\/wp-content\/uploads\/2025\/01\/hydraulic-cylinder-factory-1-scaled.webp\" sizes=\"(min-width: 0px) and (max-width: 480px) 480px, (min-width: 481px) and (max-width: 980px) 980px, (min-width: 981px) and (max-width: 1280px) 1280px, (min-width: 1281px) 2016px, 100vw\" srcset=\"https:\/\/www.hydraulic-cylinders.net\/wp-content\/uploads\/2025\/01\/hydraulic-cylinder-factory-1-scaled.webp 2016w, https:\/\/www.hydraulic-cylinders.net\/wp-content\/uploads\/2025\/01\/hydraulic-cylinder-factory-1-1280x1625.webp 1280w, https:\/\/www.hydraulic-cylinders.net\/wp-content\/uploads\/2025\/01\/hydraulic-cylinder-factory-1-980x1244.webp 980w, https:\/\/www.hydraulic-cylinders.net\/wp-content\/uploads\/2025\/01\/hydraulic-cylinder-factory-1-480x610.webp 480w\" alt=\"\" width=\"2016\" height=\"2560\" \/><\/h2>\n<p>Dysponujemy najwy\u017cszej klasy, niezale\u017cn\u0105 platform\u0105 badawczo-rozwojow\u0105 do monta\u017cu. Warsztat produkcji cylindr\u00f3w do w\u00f3zk\u00f3w wid\u0142owych posiada cztery p\u00f3\u0142automatyczne linie monta\u017cowe do podnoszenia cylindr\u00f3w oraz w pe\u0142ni zautomatyzowan\u0105 lini\u0119 monta\u017cow\u0105 do przechylania cylindr\u00f3w o projektowanej rocznej wydajno\u015bci miliona sztuk. Specjalistyczny warsztat produkcji cylindr\u00f3w posiada p\u00f3\u0142automatyczne systemy czyszczenia i monta\u017cu o r\u00f3\u017cnych specyfikacjach i projektowanej rocznej wydajno\u015bci 200 000 sztuk. Jest on wyposa\u017cony w renomowane maszyny do obr\u00f3bki CNC, centra obr\u00f3bcze, specjalistyczny sprz\u0119t do precyzyjnej obr\u00f3bki cylindr\u00f3w, roboty spawalnicze, automatyczne maszyny czyszcz\u0105ce, automatyczne maszyny do monta\u017cu cylindr\u00f3w oraz automatyczne linie produkcyjne lakierni. Posiadamy ponad 300 zestaw\u00f3w kluczowych urz\u0105dze\u0144. Zoptymalizowana alokacja i efektywne wykorzystanie zasob\u00f3w sprz\u0119towych zapewniaj\u0105 precyzj\u0119 produkt\u00f3w i spe\u0142niaj\u0105 wysokie standardy jako\u015bci.<\/p>\n<p>Warsztat obr\u00f3bki mechanicznej wyposa\u017cony jest w specjalnie zaprojektowane centra tokarskie z prowadnicami uchylnymi, centra obr\u00f3bcze, szybkie maszyny do honowania, roboty spawalnicze i inny potrzebny sprz\u0119t, kt\u00f3ry mo\u017ce wykonywa\u0107 obr\u00f3bk\u0119 rur cylindrycznych o maksymalnej \u015brednicy wewn\u0119trznej 400 mm i maksymalnej d\u0142ugo\u015bci 6 metr\u00f3w.<\/p>\n<h2><img loading=\"lazy\" decoding=\"async\" class=\"alignnone size-full wp-image-16973\" src=\"https:\/\/www.hydraulic-cylinders.net\/wp-content\/uploads\/2025\/01\/hydraulic-cylinder-factory-2-scaled.webp\" sizes=\"(min-width: 0px) and (max-width: 480px) 480px, (min-width: 481px) and (max-width: 980px) 980px, (min-width: 981px) and (max-width: 1280px) 1280px, (min-width: 1281px) 2011px, 100vw\" srcset=\"https:\/\/www.hydraulic-cylinders.net\/wp-content\/uploads\/2025\/01\/hydraulic-cylinder-factory-2-scaled.webp 2011w, https:\/\/www.hydraulic-cylinders.net\/wp-content\/uploads\/2025\/01\/hydraulic-cylinder-factory-2-1280x1629.webp 1280w, https:\/\/www.hydraulic-cylinders.net\/wp-content\/uploads\/2025\/01\/hydraulic-cylinder-factory-2-980x1248.webp 980w, https:\/\/www.hydraulic-cylinders.net\/wp-content\/uploads\/2025\/01\/hydraulic-cylinder-factory-2-480x611.webp 480w\" alt=\"\" width=\"2011\" height=\"2560\" \/><\/h2>\n<p>Posiadamy w pe\u0142ni zautomatyzowan\u0105 lini\u0119 do lakierowania ma\u0142ych i \u015brednich butli farbami wodorozcie\u0144czalnymi, kt\u00f3ra realizuje automatyczny za\u0142adunek i roz\u0142adunek oraz automatyczne roboty natryskowe o projektowanej wydajno\u015bci 4000 stanowisk na zmian\u0119. Posiadamy r\u00f3wnie\u017c p\u00f3\u0142automatyczn\u0105 lini\u0119 do lakierowania butli wielkogabarytowych, nap\u0119dzan\u0105 \u0142a\u0144cuchem nap\u0119dowym, o projektowanej wydajno\u015bci 60 skrzy\u0144 na zmian\u0119.<\/p>\n<p>Aby jeszcze bardziej zwi\u0119kszy\u0107 wydajno\u015b\u0107 naszych produkt\u00f3w i ugruntowa\u0107 pozycj\u0119 lidera w bran\u017cy w dziedzinie cylindr\u00f3w hydraulicznych, nasza firma i zjimee wsp\u00f3lnie utworzy\u0142y kompleksowe laboratorium wydajno\u015bciowe cylindr\u00f3w hydraulicznych, zawor\u00f3w hydraulicznych i pomp hydraulicznych. W laboratorium przeprowadzane s\u0105 testy wspomagane komputerowo z wykorzystaniem technologii elektrohydraulicznej. Warunki test\u00f3w s\u0105 wst\u0119pnie ustalane przez komputer, co zwi\u0119ksza dok\u0142adno\u015b\u0107 test\u00f3w i wszechstronno\u015b\u0107 systemu, a tak\u017ce dane eksperymentalne.<\/p>\n<p>Automatyczne zbieranie danych odbywa si\u0119 za pomoc\u0105 czujnik\u00f3w, a dane wyj\u015bciowe, takie jak przeciek wewn\u0119trzny i wydajno\u015b\u0107 obci\u0105\u017cenia cylindra lub zaworu, s\u0105 bezpo\u015brednio przetwarzane przez komputer i konwertowane do jednostek standardowych (ml\/min\u207b ...<br \/>\nSprawno\u015b\u0107 i szczelno\u015b\u0107 wewn\u0119trzn\u0105 mo\u017cna sprawdzi\u0107 odczytami. Jednocze\u015bnie urz\u0105dzenie jest wyposa\u017cone w przyrz\u0105d pomiarowy z podzia\u0142k\u0105 kratow\u0105, kt\u00f3ry spe\u0142nia wymagania wszystkich element\u00f3w testowych si\u0142ownik\u00f3w hydraulicznych zgodnie z norm\u0105 krajow\u0105.<\/p>\n<p>&nbsp;<\/p>","protected":false},"excerpt":{"rendered":"<p>Tilt Hydraulic Cylinders For Large Forklift Tilt hydraulic cylinders are essential components in large forklifts, designed to enhance their operational capabilities. These cylinders allow for precise tilting of the forklift&#8217;s forks, facilitating safe and efficient loading and unloading of materials. With their robust construction and advanced technology, tilt hydraulic cylinders significantly improve productivity in warehouses [&hellip;]<\/p>","protected":false},"featured_media":17588,"comment_status":"open","ping_status":"closed","template":"","meta":{"_et_pb_use_builder":"","_et_pb_old_content":"","_et_gb_content_width":""},"product_brand":[],"product_cat":[1484,1550],"product_tag":[],"class_list":{"0":"post-17585","1":"product","2":"type-product","3":"status-publish","4":"has-post-thumbnail","6":"product_cat-forklift-hydraulic-cylinders","7":"product_cat-double-acting-hydraulic-cylinder","9":"first","10":"instock","11":"shipping-taxable","12":"product-type-simple"},"amp_enabled":true,"_links":{"self":[{"href":"https:\/\/www.hydraulic-cylinders.net\/pl\/wp-json\/wp\/v2\/product\/17585","targetHints":{"allow":["GET"]}}],"collection":[{"href":"https:\/\/www.hydraulic-cylinders.net\/pl\/wp-json\/wp\/v2\/product"}],"about":[{"href":"https:\/\/www.hydraulic-cylinders.net\/pl\/wp-json\/wp\/v2\/types\/product"}],"replies":[{"embeddable":true,"href":"https:\/\/www.hydraulic-cylinders.net\/pl\/wp-json\/wp\/v2\/comments?post=17585"}],"wp:featuredmedia":[{"embeddable":true,"href":"https:\/\/www.hydraulic-cylinders.net\/pl\/wp-json\/wp\/v2\/media\/17588"}],"wp:attachment":[{"href":"https:\/\/www.hydraulic-cylinders.net\/pl\/wp-json\/wp\/v2\/media?parent=17585"}],"wp:term":[{"taxonomy":"product_brand","embeddable":true,"href":"https:\/\/www.hydraulic-cylinders.net\/pl\/wp-json\/wp\/v2\/product_brand?post=17585"},{"taxonomy":"product_cat","embeddable":true,"href":"https:\/\/www.hydraulic-cylinders.net\/pl\/wp-json\/wp\/v2\/product_cat?post=17585"},{"taxonomy":"product_tag","embeddable":true,"href":"https:\/\/www.hydraulic-cylinders.net\/pl\/wp-json\/wp\/v2\/product_tag?post=17585"}],"curies":[{"name":"wp","href":"https:\/\/api.w.org\/{rel}","templated":true}]}}