{"id":17596,"date":"2025-03-18T06:28:26","date_gmt":"2025-03-18T06:28:26","guid":{"rendered":"https:\/\/www.hydraulic-cylinders.net\/?post_type=product&#038;p=17596"},"modified":"2025-04-11T01:44:52","modified_gmt":"2025-04-11T01:44:52","slug":"lifting-hydraulic-cylinders-storage-handling-vehicles","status":"publish","type":"product","link":"https:\/\/www.hydraulic-cylinders.net\/pl\/produkt\/lifting-hydraulic-cylinders-storage-handling-vehicles\/","title":{"rendered":"Cylindry hydrauliczne podnosz\u0105ce do pojazd\u00f3w magazynowych i transportowych"},"content":{"rendered":"<h1 style=\"text-align: center;\"><strong>Cylindry hydrauliczne podnosz\u0105ce do pojazd\u00f3w magazynowych i transportowych<\/strong><\/h1>\n<p>Si\u0142owniki hydrauliczne podnosz\u0105ce s\u0105 niezb\u0119dnymi elementami w pojazdach magazynowych i prze\u0142adunkowych, umo\u017cliwiaj\u0105c wydajne podnoszenie i opuszczanie ci\u0119\u017ckich \u0142adunk\u00f3w. Si\u0142owniki te przekszta\u0142caj\u0105 ci\u015bnienie hydrauliczne w si\u0142\u0119 mechaniczn\u0105, zapewniaj\u0105c moc niezb\u0119dn\u0105 do wykonywania r\u00f3\u017cnorodnych zada\u0144 w magazynach, centrach dystrybucyjnych i zak\u0142adach produkcyjnych. Ich niezawodno\u015b\u0107 i wydajno\u015b\u0107 sprawiaj\u0105, \u017ce s\u0105 one kluczowe dla optymalizacji operacji zwi\u0105zanych z transportem materia\u0142\u00f3w.<\/p>\n<p>Si\u0142owniki hydrauliczne do podnoszenia s\u0105 niezb\u0119dne dla efektywnej pracy pojazd\u00f3w magazynowych i prze\u0142adunkowych. Ich solidna konstrukcja, du\u017cy ud\u017awig i p\u0142ynna praca sprawiaj\u0105, \u017ce s\u0105 one niezb\u0119dne w r\u00f3\u017cnych zastosowaniach przemys\u0142owych. Dzi\u0119ki zrozumieniu ich w\u0142a\u015bciwo\u015bci, prawid\u0142owych metod u\u017cytkowania i wymaga\u0144 konserwacyjnych, operatorzy mog\u0105 zmaksymalizowa\u0107 wydajno\u015b\u0107 i bezpiecze\u0144stwo swoich urz\u0105dze\u0144 d\u017awigowych, co ostatecznie zwi\u0119ksza produktywno\u015b\u0107 w zadaniach zwi\u0105zanych z transportem materia\u0142\u00f3w. Inwestycja w wysokiej jako\u015bci si\u0142owniki hydrauliczne do podnoszenia gwarantuje niezawodno\u015b\u0107 i wydajno\u015b\u0107, kluczowe dla sukcesu ka\u017cdej firmy.<\/p>\n<h1 style=\"text-align: center;\"><img loading=\"lazy\" decoding=\"async\" class=\"alignnone wp-image-17598\" src=\"https:\/\/www.hydraulic-cylinders.net\/wp-content\/uploads\/2025\/03\/Lifting-hydraulic-cylinders-for-Storage-and-handling-vehicle.jpg\" alt=\"\" width=\"500\" height=\"500\" srcset=\"https:\/\/www.hydraulic-cylinders.net\/wp-content\/uploads\/2025\/03\/Lifting-hydraulic-cylinders-for-Storage-and-handling-vehicle.jpg 500w, https:\/\/www.hydraulic-cylinders.net\/wp-content\/uploads\/2025\/03\/Lifting-hydraulic-cylinders-for-Storage-and-handling-vehicle-480x480.jpg 480w\" sizes=\"(min-width: 0px) and (max-width: 480px) 480px, (min-width: 481px) 500px, 100vw\" \/><\/h1>\n<p style=\"text-align: center;\"><strong>Cylindry hydrauliczne podnosz\u0105ce do pojazd\u00f3w magazynowych i transportowych<\/strong><\/p>\n<h2><strong>Cylindry hydrauliczne podnosz\u0105ce do pojazd\u00f3w magazynowych i transportowych <\/strong><strong>Dane techniczne<\/strong><strong>:<\/strong><\/h2>\n<p><strong>Funkcjonowa\u0107:<\/strong> S\u0142u\u017cy do uzyskania og\u00f3lnego ruchu widelca w lewo i w prawo<br \/>\n<strong>\u015arednica cylindra:<\/strong> 70 mm-120 mm<br \/>\n<strong>\u015arednica pr\u0119ta:<\/strong> 30 mm-60 mm<br \/>\n<strong>Podr\u00f3\u017c:<\/strong> 300 mm-1025 mm<br \/>\n<strong>Maksymalne ci\u015bnienie:<\/strong> 21 MPa<br \/>\n<strong>Maksymalny ci\u0105g:<\/strong> 238 kN<\/p>\n<h2><strong>Seria cylindr\u00f3w hydraulicznych do pojazd\u00f3w magazynowych i transportowych:\u00a0<\/strong><\/h2>\n<h2><img loading=\"lazy\" decoding=\"async\" class=\"aligncenter wp-image-17600 size-full\" src=\"https:\/\/www.hydraulic-cylinders.net\/wp-content\/uploads\/2025\/03\/Storage-and-handling-vehicle-hydraulic-cylinders-construction.webp\" alt=\"\" width=\"640\" height=\"358\" srcset=\"https:\/\/www.hydraulic-cylinders.net\/wp-content\/uploads\/2025\/03\/Storage-and-handling-vehicle-hydraulic-cylinders-construction.webp 640w, https:\/\/www.hydraulic-cylinders.net\/wp-content\/uploads\/2025\/03\/Storage-and-handling-vehicle-hydraulic-cylinders-construction-480x269.webp 480w\" sizes=\"(min-width: 0px) and (max-width: 480px) 480px, (min-width: 481px) 640px, 100vw\" \/><\/h2>\n<h2><strong>Kluczowe cechy cylindr\u00f3w hydraulicznych podnosz\u0105cych do pojazd\u00f3w magazynowych i transportowych<\/strong><strong>:<\/strong><\/h2>\n<ul>\n<li><strong>Wysoka \u0142adowno\u015b\u0107:<\/strong> Si\u0142owniki hydrauliczne podnosz\u0105ce zosta\u0142y zaprojektowane tak, aby ud\u017awign\u0105\u0107 znaczne ci\u0119\u017cary, zapewniaj\u0105c bezpieczn\u0105 i efektywn\u0105 prac\u0119 nawet w najtrudniejszych warunkach. Ta funkcja jest niezb\u0119dna do sprawnego przemieszczania du\u017cych palet, kontener\u00f3w i ci\u0119\u017ckiego sprz\u0119tu, co czyni je niezast\u0105pionymi w magazynach i centrach dystrybucyjnych. Zapewniaj\u0105c niezawodn\u0105 si\u0142\u0119 podnoszenia, si\u0142owniki te zwi\u0119kszaj\u0105 og\u00f3ln\u0105 wydajno\u015b\u0107 i bezpiecze\u0144stwo pracy.<\/li>\n<li><strong>Trwa\u0142a konstrukcja:<\/strong> Wykonane z materia\u0142\u00f3w o wysokiej wytrzyma\u0142o\u015bci, si\u0142owniki hydrauliczne do podnoszenia zosta\u0142y zaprojektowane tak, aby wytrzymywa\u0142y intensywne u\u017cytkowanie i by\u0142y odporne na zu\u017cycie. Ich solidna konstrukcja nie tylko wyd\u0142u\u017ca ich \u017cywotno\u015b\u0107, ale tak\u017ce zmniejsza potrzeb\u0119 cz\u0119stej wymiany, co czyni je ekonomicznym rozwi\u0105zaniem dla firm, kt\u00f3re k\u0142ad\u0105 nacisk na podnoszenie ci\u0119\u017ckich \u0142adunk\u00f3w. Inwestycja w trwa\u0142e si\u0142owniki oznacza mniej przestoj\u00f3w i ni\u017csze koszty konserwacji, przyczyniaj\u0105c si\u0119 do wi\u0119kszej wydajno\u015bci operacyjnej.<\/li>\n<li><strong>P\u0142ynna praca:<\/strong> Uk\u0142ad hydrauliczny w tych si\u0142ownikach zapewnia p\u0142ynne i r\u00f3wnomierne podnoszenie, znacz\u0105co minimalizuj\u0105c wstrz\u0105sy i wibracje podczas pracy. Ta p\u0142ynno\u015b\u0107 zwi\u0119ksza bezpiecze\u0144stwo poprzez lepsz\u0105 stabilno\u015b\u0107 \u0142adunku, zmniejszaj\u0105c ryzyko wypadk\u00f3w i uszkodze\u0144 towar\u00f3w. Operatorzy mog\u0105 polega\u0107 na tych si\u0142ownikach, kt\u00f3re wykonuj\u0105 zadania z precyzj\u0105, gwarantuj\u0105c delikatne i efektywne przenoszenie \u0142adunk\u00f3w.<\/li>\n<li><strong>Kompaktowa konstrukcja:<\/strong> Podnosz\u0105ce si\u0142owniki hydrauliczne charakteryzuj\u0105 si\u0119 kompaktow\u0105 konstrukcj\u0105, kt\u00f3ra umo\u017cliwia bezproblemow\u0105 integracj\u0119 z r\u00f3\u017cnymi typami pojazd\u00f3w magazynowych i prze\u0142adunkowych. Ta oszcz\u0119dzaj\u0105ca miejsce konstrukcja maksymalizuje zwrotno\u015b\u0107 pojazdu, umo\u017cliwiaj\u0105c mu \u0142atwe poruszanie si\u0119 w ciasnych przestrzeniach. Operatorzy korzystaj\u0105 z usprawnionej konfiguracji, kt\u00f3ra zwi\u0119ksza og\u00f3ln\u0105 wydajno\u015b\u0107, umo\u017cliwiaj\u0105c szybsz\u0105 reakcj\u0119 w dynamicznych \u015brodowiskach.<\/li>\n<li><strong>Wszechstronne zastosowania:<\/strong> Te si\u0142owniki hydrauliczne s\u0105 kompatybilne z szerok\u0105 gam\u0105 typ\u00f3w pojazd\u00f3w, w tym w\u00f3zkami wid\u0142owymi, podno\u015bnikami paletowymi i podno\u015bnikami hydraulicznymi. Ta wszechstronno\u015b\u0107 sprawia, \u017ce \u200b\u200bnadaj\u0105 si\u0119 do r\u00f3\u017cnych bran\u017c, od logistyki i produkcji po budownictwo i rolnictwo. Ich zdolno\u015b\u0107 do adaptacji do zr\u00f3\u017cnicowanych potrzeb sprz\u0119towych pozwala firmom na standaryzacj\u0119 komponent\u00f3w, upraszczaj\u0105c konserwacj\u0119 i zwi\u0119kszaj\u0105c wydajno\u015b\u0107 operacyjn\u0105.<\/li>\n<\/ul>\n<h2><strong>Przyk\u0142ady zastosowa\u0144 podnoszenia cylindr\u00f3w hydraulicznych w pojazdach magazynowych i transportowych<\/strong><strong>:<\/strong><\/h2>\n<p>Si\u0142owniki hydrauliczne do podnoszenia s\u0105 integraln\u0105 cz\u0119\u015bci\u0105 efektywnej pracy pojazd\u00f3w magazynowych i prze\u0142adunkowych. Ich zdolno\u015b\u0107 do p\u0142ynnego i bezpiecznego podnoszenia i opuszczania ci\u0119\u017ckich \u0142adunk\u00f3w sprawia, \u017ce \u200b\u200bs\u0105 one niezb\u0119dne w r\u00f3\u017cnych zastosowaniach przemys\u0142owych. Oto kilka kluczowych zastosowa\u0144:<\/p>\n<h4>1. <strong>Operacje magazynowe<\/strong><\/h4>\n<p>W magazynach hydrauliczne si\u0142owniki podnosz\u0105ce odgrywaj\u0105 kluczow\u0105 rol\u0119 w przemieszczaniu i uk\u0142adaniu palet. Umo\u017cliwiaj\u0105 one w\u00f3zkom wid\u0142owym i podno\u015bnikom paletowym podnoszenie ci\u0119\u017ckich \u0142adunk\u00f3w na wysokie p\u00f3\u0142ki, optymalizuj\u0105c pionow\u0105 przestrze\u0144 magazynow\u0105 i u\u0142atwiaj\u0105c dost\u0119p do zapas\u00f3w.<\/p>\n<h4>2. <strong>Za\u0142adunek i roz\u0142adunek<\/strong><\/h4>\n<p>Podczas za\u0142adunku i roz\u0142adunku ci\u0119\u017car\u00f3wek, si\u0142owniki te zapewniaj\u0105 niezb\u0119dn\u0105 moc do sprawnego podnoszenia i opuszczania \u0142adunku. Taka funkcja skraca czas wykonywania tych czynno\u015bci i minimalizuje ryzyko uszkodzenia \u0142adunku.<\/p>\n<h4>3. <strong>Obiekty produkcyjne<\/strong><\/h4>\n<p>W \u015brodowiskach produkcyjnych, hydrauliczne si\u0142owniki podnosz\u0105ce wspomagaj\u0105 transport komponent\u00f3w mi\u0119dzy r\u00f3\u017cnymi etapami produkcji. Umo\u017cliwiaj\u0105 precyzyjne pozycjonowanie materia\u0142\u00f3w, usprawniaj\u0105c przep\u0142yw pracy i wydajno\u015b\u0107 na liniach monta\u017cowych.<\/p>\n<h4>4. <strong>Place budowy<\/strong><\/h4>\n<p>Na placach budowy cylindry te s\u0105 niezb\u0119dne do podnoszenia ci\u0119\u017ckich materia\u0142\u00f3w, takich jak belki, bloczki betonowe i sprz\u0119t. Umo\u017cliwiaj\u0105 precyzyjne rozmieszczenie \u0142adunk\u00f3w, poprawiaj\u0105c bezpiecze\u0144stwo i wydajno\u015b\u0107 prac budowlanych.<\/p>\n<h4>5. <strong>Przemys\u0142 motoryzacyjny<\/strong><\/h4>\n<p>Si\u0142owniki hydrauliczne podnosz\u0105ce s\u0105 stosowane na liniach monta\u017cowych w bran\u017cy motoryzacyjnej do podnoszenia pojazd\u00f3w lub podzespo\u0142\u00f3w podczas produkcji i napraw. Ich zdolno\u015b\u0107 do stabilnego podnoszenia sprawia, \u017ce \u200b\u200bidealnie nadaj\u0105 si\u0119 do zada\u0144 wymagaj\u0105cych precyzji.<\/p>\n<p>Szukasz wytrzyma\u0142ych cylindr\u00f3w do w\u00f3zk\u00f3w wid\u0142owych? Sprawd\u017a nasz\u0105 ofert\u0119 <a href=\"https:\/\/www.hydraulic-cylinders.net\/pl\/forklift-hydraulic-cylinder\/\">Si\u0142owniki hydrauliczne o du\u017cej wytrzyma\u0142o\u015bci<\/a>.<\/p>\n<h2><strong>Obszar produkcji cylindr\u00f3w do w\u00f3zk\u00f3w wid\u0142owych:<\/strong><\/h2>\n<h2><img loading=\"lazy\" decoding=\"async\" class=\"alignnone size-full wp-image-16972\" src=\"https:\/\/www.hydraulic-cylinders.net\/wp-content\/uploads\/2025\/01\/hydraulic-cylinder-factory-1-scaled.webp\" sizes=\"(min-width: 0px) and (max-width: 480px) 480px, (min-width: 481px) and (max-width: 980px) 980px, (min-width: 981px) and (max-width: 1280px) 1280px, (min-width: 1281px) 2016px, 100vw\" srcset=\"https:\/\/www.hydraulic-cylinders.net\/wp-content\/uploads\/2025\/01\/hydraulic-cylinder-factory-1-scaled.webp 2016w, https:\/\/www.hydraulic-cylinders.net\/wp-content\/uploads\/2025\/01\/hydraulic-cylinder-factory-1-1280x1625.webp 1280w, https:\/\/www.hydraulic-cylinders.net\/wp-content\/uploads\/2025\/01\/hydraulic-cylinder-factory-1-980x1244.webp 980w, https:\/\/www.hydraulic-cylinders.net\/wp-content\/uploads\/2025\/01\/hydraulic-cylinder-factory-1-480x610.webp 480w\" alt=\"\" width=\"2016\" height=\"2560\" \/><\/h2>\n<p>Dysponujemy najwy\u017cszej klasy, niezale\u017cn\u0105 platform\u0105 badawczo-rozwojow\u0105 do monta\u017cu. Warsztat produkcji cylindr\u00f3w do w\u00f3zk\u00f3w wid\u0142owych posiada cztery p\u00f3\u0142automatyczne linie monta\u017cowe do podnoszenia cylindr\u00f3w oraz w pe\u0142ni zautomatyzowan\u0105 lini\u0119 monta\u017cow\u0105 do przechylania cylindr\u00f3w o projektowanej rocznej wydajno\u015bci miliona sztuk. Specjalistyczny warsztat produkcji cylindr\u00f3w posiada p\u00f3\u0142automatyczne systemy czyszczenia i monta\u017cu o r\u00f3\u017cnych specyfikacjach i projektowanej rocznej wydajno\u015bci 200 000 sztuk. Jest on wyposa\u017cony w renomowane maszyny do obr\u00f3bki CNC, centra obr\u00f3bcze, specjalistyczny sprz\u0119t do precyzyjnej obr\u00f3bki cylindr\u00f3w, roboty spawalnicze, automatyczne maszyny czyszcz\u0105ce, automatyczne maszyny do monta\u017cu cylindr\u00f3w oraz automatyczne linie produkcyjne lakierni. Posiadamy ponad 300 zestaw\u00f3w kluczowych urz\u0105dze\u0144. Zoptymalizowana alokacja i efektywne wykorzystanie zasob\u00f3w sprz\u0119towych zapewniaj\u0105 precyzj\u0119 produkt\u00f3w i spe\u0142niaj\u0105 wysokie standardy jako\u015bci.<\/p>\n<p>Warsztat obr\u00f3bki mechanicznej wyposa\u017cony jest w specjalnie zaprojektowane centra tokarskie z prowadnicami uchylnymi, centra obr\u00f3bcze, szybkie maszyny do honowania, roboty spawalnicze i inny potrzebny sprz\u0119t, kt\u00f3ry mo\u017ce wykonywa\u0107 obr\u00f3bk\u0119 rur cylindrycznych o maksymalnej \u015brednicy wewn\u0119trznej 400 mm i maksymalnej d\u0142ugo\u015bci 6 metr\u00f3w.<\/p>\n<h2><img loading=\"lazy\" decoding=\"async\" class=\"alignnone size-full wp-image-16973\" src=\"https:\/\/www.hydraulic-cylinders.net\/wp-content\/uploads\/2025\/01\/hydraulic-cylinder-factory-2-scaled.webp\" sizes=\"(min-width: 0px) and (max-width: 480px) 480px, (min-width: 481px) and (max-width: 980px) 980px, (min-width: 981px) and (max-width: 1280px) 1280px, (min-width: 1281px) 2011px, 100vw\" srcset=\"https:\/\/www.hydraulic-cylinders.net\/wp-content\/uploads\/2025\/01\/hydraulic-cylinder-factory-2-scaled.webp 2011w, https:\/\/www.hydraulic-cylinders.net\/wp-content\/uploads\/2025\/01\/hydraulic-cylinder-factory-2-1280x1629.webp 1280w, https:\/\/www.hydraulic-cylinders.net\/wp-content\/uploads\/2025\/01\/hydraulic-cylinder-factory-2-980x1248.webp 980w, https:\/\/www.hydraulic-cylinders.net\/wp-content\/uploads\/2025\/01\/hydraulic-cylinder-factory-2-480x611.webp 480w\" alt=\"\" width=\"2011\" height=\"2560\" \/><\/h2>\n<p>Posiadamy w pe\u0142ni zautomatyzowan\u0105 lini\u0119 do lakierowania ma\u0142ych i \u015brednich butli farbami wodorozcie\u0144czalnymi, kt\u00f3ra realizuje automatyczny za\u0142adunek i roz\u0142adunek oraz automatyczne roboty natryskowe o projektowanej wydajno\u015bci 4000 stanowisk na zmian\u0119. Posiadamy r\u00f3wnie\u017c p\u00f3\u0142automatyczn\u0105 lini\u0119 do lakierowania butli wielkogabarytowych, nap\u0119dzan\u0105 \u0142a\u0144cuchem nap\u0119dowym, o projektowanej wydajno\u015bci 60 skrzy\u0144 na zmian\u0119.<\/p>\n<p>Aby jeszcze bardziej zwi\u0119kszy\u0107 wydajno\u015b\u0107 naszych produkt\u00f3w i ugruntowa\u0107 pozycj\u0119 lidera w bran\u017cy w dziedzinie cylindr\u00f3w hydraulicznych, nasza firma i zjimee wsp\u00f3lnie utworzy\u0142y kompleksowe laboratorium wydajno\u015bciowe cylindr\u00f3w hydraulicznych, zawor\u00f3w hydraulicznych i pomp hydraulicznych. W laboratorium przeprowadzane s\u0105 testy wspomagane komputerowo z wykorzystaniem technologii elektrohydraulicznej. Warunki test\u00f3w s\u0105 wst\u0119pnie ustalane przez komputer, co zwi\u0119ksza dok\u0142adno\u015b\u0107 test\u00f3w i wszechstronno\u015b\u0107 systemu, a tak\u017ce dane eksperymentalne.<\/p>\n<p>Automatyczne zbieranie danych odbywa si\u0119 za pomoc\u0105 czujnik\u00f3w, a dane wyj\u015bciowe, takie jak przeciek wewn\u0119trzny i wydajno\u015b\u0107 obci\u0105\u017cenia cylindra lub zaworu, s\u0105 bezpo\u015brednio przetwarzane przez komputer i konwertowane do jednostek standardowych (ml\/min\u207b ...<br \/>\nSprawno\u015b\u0107 i szczelno\u015b\u0107 wewn\u0119trzn\u0105 mo\u017cna sprawdzi\u0107 odczytami. Jednocze\u015bnie urz\u0105dzenie jest wyposa\u017cone w przyrz\u0105d pomiarowy z podzia\u0142k\u0105 kratow\u0105, kt\u00f3ry spe\u0142nia wymagania wszystkich element\u00f3w testowych si\u0142ownik\u00f3w hydraulicznych zgodnie z norm\u0105 krajow\u0105.<\/p>\n<p>&nbsp;<\/p>","protected":false},"excerpt":{"rendered":"<p>Lifting Hydraulic Cylinders for Storage and Handling Vehicles Lifting hydraulic cylinders are essential components in storage and handling vehicles, enabling efficient lifting and lowering of heavy loads. These cylinders convert hydraulic pressure into mechanical force, providing the power necessary to perform a variety of tasks in warehouses, distribution centers, and manufacturing facilities. Their reliability and [&hellip;]<\/p>","protected":false},"featured_media":17599,"comment_status":"open","ping_status":"closed","template":"","meta":{"_et_pb_use_builder":"","_et_pb_old_content":"","_et_gb_content_width":""},"product_brand":[],"product_cat":[1484,1549],"product_tag":[],"class_list":{"0":"post-17596","1":"product","2":"type-product","3":"status-publish","4":"has-post-thumbnail","6":"product_cat-forklift-hydraulic-cylinders","7":"product_cat-single-acting-hydraulic-cylinder","9":"first","10":"instock","11":"shipping-taxable","12":"product-type-simple"},"amp_enabled":true,"_links":{"self":[{"href":"https:\/\/www.hydraulic-cylinders.net\/pl\/wp-json\/wp\/v2\/product\/17596","targetHints":{"allow":["GET"]}}],"collection":[{"href":"https:\/\/www.hydraulic-cylinders.net\/pl\/wp-json\/wp\/v2\/product"}],"about":[{"href":"https:\/\/www.hydraulic-cylinders.net\/pl\/wp-json\/wp\/v2\/types\/product"}],"replies":[{"embeddable":true,"href":"https:\/\/www.hydraulic-cylinders.net\/pl\/wp-json\/wp\/v2\/comments?post=17596"}],"wp:featuredmedia":[{"embeddable":true,"href":"https:\/\/www.hydraulic-cylinders.net\/pl\/wp-json\/wp\/v2\/media\/17599"}],"wp:attachment":[{"href":"https:\/\/www.hydraulic-cylinders.net\/pl\/wp-json\/wp\/v2\/media?parent=17596"}],"wp:term":[{"taxonomy":"product_brand","embeddable":true,"href":"https:\/\/www.hydraulic-cylinders.net\/pl\/wp-json\/wp\/v2\/product_brand?post=17596"},{"taxonomy":"product_cat","embeddable":true,"href":"https:\/\/www.hydraulic-cylinders.net\/pl\/wp-json\/wp\/v2\/product_cat?post=17596"},{"taxonomy":"product_tag","embeddable":true,"href":"https:\/\/www.hydraulic-cylinders.net\/pl\/wp-json\/wp\/v2\/product_tag?post=17596"}],"curies":[{"name":"wp","href":"https:\/\/api.w.org\/{rel}","templated":true}]}}