{"id":17601,"date":"2025-03-18T06:41:02","date_gmt":"2025-03-18T06:41:02","guid":{"rendered":"https:\/\/www.hydraulic-cylinders.net\/?post_type=product&#038;p=17601"},"modified":"2025-04-11T01:44:49","modified_gmt":"2025-04-11T01:44:49","slug":"lifting-hydraulic-cylinders-of-pallet-stacker-truck","status":"publish","type":"product","link":"https:\/\/www.hydraulic-cylinders.net\/pl\/produkt\/lifting-hydraulic-cylinders-of-pallet-stacker-truck\/","title":{"rendered":"Podnoszenie cylindr\u00f3w hydraulicznych w\u00f3zka paletowego"},"content":{"rendered":"<h1 style=\"text-align: center;\"><strong>Podnoszenie cylindr\u00f3w hydraulicznych w\u00f3zka paletowego<\/strong><\/h1>\n<p>Si\u0142owniki hydrauliczne podnosz\u0105ce s\u0105 niezb\u0119dnymi elementami w\u00f3zk\u00f3w paletowych, umo\u017cliwiaj\u0105cymi wydajne podnoszenie i opuszczanie ci\u0119\u017ckich \u0142adunk\u00f3w. Si\u0142owniki te przekszta\u0142caj\u0105 ci\u015bnienie hydrauliczne w si\u0142\u0119 mechaniczn\u0105, zapewniaj\u0105c moc niezb\u0119dn\u0105 do \u0142atwego transportu palet i innych materia\u0142\u00f3w. Ich niezawodno\u015b\u0107 i solidna konstrukcja sprawiaj\u0105, \u017ce maj\u0105 one kluczowe znaczenie dla optymalizacji operacji magazynowych i zwi\u0119kszenia wydajno\u015bci.<\/p>\n<p>Si\u0142owniki hydrauliczne do podnoszenia s\u0105 niezb\u0119dne do wydajnej pracy w\u00f3zk\u00f3w paletowych. Ich wysoki ud\u017awig, trwa\u0142a konstrukcja i p\u0142ynna praca sprawiaj\u0105, \u017ce s\u0105 one niezb\u0119dne w r\u00f3\u017cnych zastosowaniach przemys\u0142owych. Dzi\u0119ki zrozumieniu ich funkcji, prawid\u0142owych metod u\u017cytkowania i wymaga\u0144 konserwacyjnych, operatorzy mog\u0105 zmaksymalizowa\u0107 wydajno\u015b\u0107 i bezpiecze\u0144stwo swojego sprz\u0119tu, co ostatecznie zwi\u0119ksza produktywno\u015b\u0107 w zakresie transportu materia\u0142\u00f3w. Inwestycja w wysokiej jako\u015bci si\u0142owniki hydrauliczne do podnoszenia gwarantuje niezawodno\u015b\u0107 i wydajno\u015b\u0107, kluczowe dla sukcesu ka\u017cdej firmy.<\/p>\n<h1 style=\"text-align: center;\"><img loading=\"lazy\" decoding=\"async\" class=\"alignnone wp-image-17603\" src=\"https:\/\/www.hydraulic-cylinders.net\/wp-content\/uploads\/2025\/03\/Lifting-hydraulic-cylinders-of-pallet-stacker-truck-scaled.webp\" alt=\"\" width=\"500\" height=\"500\" \/><\/h1>\n<p style=\"text-align: center;\"><strong>Podnoszenie cylindr\u00f3w hydraulicznych w\u00f3zka paletowego<\/strong><\/p>\n<h2><strong>Podnoszenie cylindr\u00f3w hydraulicznych w\u00f3zka paletowego\u00a0<\/strong><strong>Dane techniczne<\/strong><strong>:<\/strong><\/h2>\n<p><strong>Funkcjonowa\u0107:<\/strong> Aby uzyska\u0107 dzia\u0142anie podnoszenia i opuszczania bramy<br \/>\n<strong>\u015arednica cylindra:<\/strong> 45 mm \u2013 56 mm<br \/>\n<strong>\u015arednica pr\u0119ta:<\/strong> 35 mm \u2013 40 mm<br \/>\n<strong>Podr\u00f3\u017c:<\/strong> 500 mm \u2013 1950 mm<br \/>\n<strong>Maksymalne ci\u015bnienie:<\/strong> 20 MPa<br \/>\n<strong>Maksymalny ci\u0105g:<\/strong> 493 kN<\/p>\n<h2><strong>Seria cylindr\u00f3w hydraulicznych do w\u00f3zk\u00f3w paletowych:\u00a0<\/strong><\/h2>\n<h2><img loading=\"lazy\" decoding=\"async\" class=\"alignnone size-full wp-image-17605\" src=\"https:\/\/www.hydraulic-cylinders.net\/wp-content\/uploads\/2025\/03\/Hydraulic-cylinders-of-pallet-stacker-truck-construction.webp\" alt=\"Si\u0142owniki hydrauliczne do budowy w\u00f3zk\u00f3w paletowych\" width=\"1100\" height=\"615\" srcset=\"https:\/\/www.hydraulic-cylinders.net\/wp-content\/uploads\/2025\/03\/Hydraulic-cylinders-of-pallet-stacker-truck-construction.webp 1100w, https:\/\/www.hydraulic-cylinders.net\/wp-content\/uploads\/2025\/03\/Hydraulic-cylinders-of-pallet-stacker-truck-construction-980x548.webp 980w, https:\/\/www.hydraulic-cylinders.net\/wp-content\/uploads\/2025\/03\/Hydraulic-cylinders-of-pallet-stacker-truck-construction-480x268.webp 480w\" sizes=\"(min-width: 0px) and (max-width: 480px) 480px, (min-width: 481px) and (max-width: 980px) 980px, (min-width: 981px) 1100px, 100vw\" \/><\/h2>\n<h2><strong>G\u0142\u00f3wne cechy podnosz\u0105cych cylindr\u00f3w hydraulicznych w\u00f3zk\u00f3w paletowych<\/strong><strong>:<\/strong><\/h2>\n<ul>\n<li><strong>Wysoka \u0142adowno\u015b\u0107:<\/strong> Zaprojektowane do podnoszenia znacznych ci\u0119\u017car\u00f3w, si\u0142owniki hydrauliczne zapewniaj\u0105 bezpieczn\u0105 i wydajn\u0105 prac\u0119, nawet przy du\u017cych obci\u0105\u017ceniach. Ta funkcja jest niezb\u0119dna do zapobiegania wypadkom w miejscu pracy i poprawy wydajno\u015bci transportu materia\u0142\u00f3w.<\/li>\n<li><strong>Trwa\u0142a konstrukcja:<\/strong> Wykonane z materia\u0142\u00f3w o wysokiej wytrzyma\u0142o\u015bci, te cylindry s\u0105 odporne na zu\u017cycie i uszkodzenia, zapewniaj\u0105c d\u0142ugotrwa\u0142\u0105 wydajno\u015b\u0107. Ich solidna konstrukcja minimalizuje ryzyko awarii, co czyni je ekonomicznym rozwi\u0105zaniem dla firm, kt\u00f3re wymagaj\u0105 podnoszenia du\u017cych ci\u0119\u017car\u00f3w.<\/li>\n<li><strong>P\u0142ynna praca:<\/strong> Uk\u0142ad hydrauliczny zapewnia p\u0142ynne i r\u00f3wnomierne podnoszenie, redukuj\u0105c wstrz\u0105sy i wibracje. Ta funkcja zwi\u0119ksza bezpiecze\u0144stwo i poprawia stabilno\u015b\u0107 \u0142adunku podczas pracy, umo\u017cliwiaj\u0105c precyzyjne operowanie.<\/li>\n<li><strong>Kompaktowa konstrukcja:<\/strong> Si\u0142owniki hydrauliczne podnosz\u0105ce s\u0105 dost\u0119pne w kompaktowych rozmiarach, co u\u0142atwia integracj\u0119 z r\u00f3\u017cnymi modelami w\u00f3zk\u00f3w paletowych. Taka konstrukcja maksymalizuje wykorzystanie przestrzeni, zachowuj\u0105c jednocze\u015bnie zwinno\u015b\u0107 i zwrotno\u015b\u0107.<\/li>\n<li><strong>Wszechstronne zastosowania:<\/strong> Kompatybilne z wieloma typami w\u00f3zk\u00f3w paletowych, te si\u0142owniki hydrauliczne sprawdzaj\u0105 si\u0119 w r\u00f3\u017cnych bran\u017cach, w tym w logistyce, produkcji i handlu detalicznym. Ta wszechstronno\u015b\u0107 zwi\u0119ksza ich u\u017cyteczno\u015b\u0107 w r\u00f3\u017cnych zastosowaniach operacyjnych.<\/li>\n<\/ul>\n<h2><strong>Przyk\u0142ady zastosowa\u0144 podnoszenia cylindr\u00f3w hydraulicznych w\u00f3zk\u00f3w paletowych<\/strong><strong>:<\/strong><\/h2>\n<p>Si\u0142owniki hydrauliczne do podnoszenia s\u0105 kluczowymi elementami w\u00f3zk\u00f3w paletowych, umo\u017cliwiaj\u0105c im wykonywanie szeregu istotnych zada\u0144 w transporcie i logistyce. Oto kilka kluczowych zastosowa\u0144:<\/p>\n<h4>1. <strong>Uk\u0142adanie i pobieranie w magazynie<\/strong><\/h4>\n<p>W\u00f3zki paletowe wyposa\u017cone w hydrauliczne si\u0142owniki podnosz\u0105ce umo\u017cliwiaj\u0105 sprawne uk\u0142adanie i pobieranie palet z wysokich rega\u0142\u00f3w. Si\u0142owniki umo\u017cliwiaj\u0105 p\u0142ynne podnoszenie i opuszczanie, optymalizuj\u0105c przestrze\u0144 magazynow\u0105 w pionie i u\u0142atwiaj\u0105c szybki dost\u0119p do towar\u00f3w.<\/p>\n<h4>2. <strong>Operacje za\u0142adunku i roz\u0142adunku<\/strong><\/h4>\n<p>Podczas za\u0142adunku i roz\u0142adunku w centrach dystrybucyjnych lub punktach sprzeda\u017cy detalicznej, te si\u0142owniki hydrauliczne umo\u017cliwiaj\u0105 precyzyjne pozycjonowanie palet. Taka mo\u017cliwo\u015b\u0107 zmniejsza ryzyko uszkodzenia towar\u00f3w i minimalizuje czas potrzebny na te operacje.<\/p>\n<h4>3. <strong>Kompletowanie zam\u00f3wie\u0144<\/strong><\/h4>\n<p>W \u015brodowiskach, w kt\u00f3rych kompletacja zam\u00f3wie\u0144 jest niezb\u0119dna, w\u00f3zki paletowe z hydraulicznymi si\u0142ownikami podnosz\u0105cymi mog\u0105 podnosi\u0107 wid\u0142y na odpowiedni\u0105 wysoko\u015b\u0107, umo\u017cliwiaj\u0105c dost\u0119p do okre\u015blonych produkt\u00f3w. Ta funkcja zwi\u0119ksza wydajno\u015b\u0107 i dok\u0142adno\u015b\u0107 realizacji zam\u00f3wie\u0144 klient\u00f3w.<\/p>\n<h4>4. <strong>Cross-Docking<\/strong><\/h4>\n<p>W operacjach cross-dockingu, gdzie produkty s\u0105 przenoszone bezpo\u015brednio z transportu przychodz\u0105cego do transportu wychodz\u0105cego, hydrauliczne si\u0142owniki podnosz\u0105ce u\u0142atwiaj\u0105 szybkie i sprawne przemieszczanie palet. Skraca to czas obs\u0142ugi i poprawia og\u00f3ln\u0105 wydajno\u015b\u0107 logistyczn\u0105.<\/p>\n<h4>5. <strong>Obs\u0142uga materia\u0142\u00f3w w produkcji<\/strong><\/h4>\n<p>W zak\u0142adach produkcyjnych w\u00f3zki paletowe cz\u0119sto transportuj\u0105 surowce i produkty gotowe. Podnoszone cylindry hydrauliczne umo\u017cliwiaj\u0105 w\u00f3zkom bezpieczne przemieszczanie ci\u0119\u017ckich \u0142adunk\u00f3w mi\u0119dzy r\u00f3\u017cnymi obszarami produkcji, zapewniaj\u0105c p\u0142ynny przep\u0142yw pracy.<\/p>\n<p>Szukasz wytrzyma\u0142ych cylindr\u00f3w do w\u00f3zk\u00f3w wid\u0142owych? Sprawd\u017a nasz\u0105 ofert\u0119 <a href=\"https:\/\/www.hydraulic-cylinders.net\/pl\/forklift-hydraulic-cylinder\/\">Si\u0142owniki hydrauliczne o du\u017cej wytrzyma\u0142o\u015bci<\/a>.<\/p>\n<h2><strong>Obszar produkcji cylindr\u00f3w do w\u00f3zk\u00f3w wid\u0142owych:<\/strong><\/h2>\n<h2><img loading=\"lazy\" decoding=\"async\" class=\"alignnone size-full wp-image-16972\" src=\"https:\/\/www.hydraulic-cylinders.net\/wp-content\/uploads\/2025\/01\/hydraulic-cylinder-factory-1-scaled.webp\" sizes=\"(min-width: 0px) and (max-width: 480px) 480px, (min-width: 481px) and (max-width: 980px) 980px, (min-width: 981px) and (max-width: 1280px) 1280px, (min-width: 1281px) 2016px, 100vw\" srcset=\"https:\/\/www.hydraulic-cylinders.net\/wp-content\/uploads\/2025\/01\/hydraulic-cylinder-factory-1-scaled.webp 2016w, https:\/\/www.hydraulic-cylinders.net\/wp-content\/uploads\/2025\/01\/hydraulic-cylinder-factory-1-1280x1625.webp 1280w, https:\/\/www.hydraulic-cylinders.net\/wp-content\/uploads\/2025\/01\/hydraulic-cylinder-factory-1-980x1244.webp 980w, https:\/\/www.hydraulic-cylinders.net\/wp-content\/uploads\/2025\/01\/hydraulic-cylinder-factory-1-480x610.webp 480w\" alt=\"\" width=\"2016\" height=\"2560\" \/><\/h2>\n<p>Dysponujemy najwy\u017cszej klasy, niezale\u017cn\u0105 platform\u0105 badawczo-rozwojow\u0105 do monta\u017cu. Warsztat produkcji cylindr\u00f3w do w\u00f3zk\u00f3w wid\u0142owych posiada cztery p\u00f3\u0142automatyczne linie monta\u017cowe do podnoszenia cylindr\u00f3w oraz w pe\u0142ni zautomatyzowan\u0105 lini\u0119 monta\u017cow\u0105 do przechylania cylindr\u00f3w o projektowanej rocznej wydajno\u015bci miliona sztuk. Specjalistyczny warsztat produkcji cylindr\u00f3w posiada p\u00f3\u0142automatyczne systemy czyszczenia i monta\u017cu o r\u00f3\u017cnych specyfikacjach i projektowanej rocznej wydajno\u015bci 200 000 sztuk. Jest on wyposa\u017cony w renomowane maszyny do obr\u00f3bki CNC, centra obr\u00f3bcze, specjalistyczny sprz\u0119t do precyzyjnej obr\u00f3bki cylindr\u00f3w, roboty spawalnicze, automatyczne maszyny czyszcz\u0105ce, automatyczne maszyny do monta\u017cu cylindr\u00f3w oraz automatyczne linie produkcyjne lakierni. Posiadamy ponad 300 zestaw\u00f3w kluczowych urz\u0105dze\u0144. Zoptymalizowana alokacja i efektywne wykorzystanie zasob\u00f3w sprz\u0119towych zapewniaj\u0105 precyzj\u0119 produkt\u00f3w i spe\u0142niaj\u0105 wysokie standardy jako\u015bci.<\/p>\n<p>Warsztat obr\u00f3bki mechanicznej wyposa\u017cony jest w specjalnie zaprojektowane centra tokarskie z prowadnicami uchylnymi, centra obr\u00f3bcze, szybkie maszyny do honowania, roboty spawalnicze i inny potrzebny sprz\u0119t, kt\u00f3ry mo\u017ce wykonywa\u0107 obr\u00f3bk\u0119 rur cylindrycznych o maksymalnej \u015brednicy wewn\u0119trznej 400 mm i maksymalnej d\u0142ugo\u015bci 6 metr\u00f3w.<\/p>\n<h2><img loading=\"lazy\" decoding=\"async\" class=\"alignnone size-full wp-image-16973\" src=\"https:\/\/www.hydraulic-cylinders.net\/wp-content\/uploads\/2025\/01\/hydraulic-cylinder-factory-2-scaled.webp\" sizes=\"(min-width: 0px) and (max-width: 480px) 480px, (min-width: 481px) and (max-width: 980px) 980px, (min-width: 981px) and (max-width: 1280px) 1280px, (min-width: 1281px) 2011px, 100vw\" srcset=\"https:\/\/www.hydraulic-cylinders.net\/wp-content\/uploads\/2025\/01\/hydraulic-cylinder-factory-2-scaled.webp 2011w, https:\/\/www.hydraulic-cylinders.net\/wp-content\/uploads\/2025\/01\/hydraulic-cylinder-factory-2-1280x1629.webp 1280w, https:\/\/www.hydraulic-cylinders.net\/wp-content\/uploads\/2025\/01\/hydraulic-cylinder-factory-2-980x1248.webp 980w, https:\/\/www.hydraulic-cylinders.net\/wp-content\/uploads\/2025\/01\/hydraulic-cylinder-factory-2-480x611.webp 480w\" alt=\"\" width=\"2011\" height=\"2560\" \/><\/h2>\n<p>Posiadamy w pe\u0142ni zautomatyzowan\u0105 lini\u0119 do lakierowania ma\u0142ych i \u015brednich butli farbami wodorozcie\u0144czalnymi, kt\u00f3ra realizuje automatyczny za\u0142adunek i roz\u0142adunek oraz automatyczne roboty natryskowe o projektowanej wydajno\u015bci 4000 stanowisk na zmian\u0119. Posiadamy r\u00f3wnie\u017c p\u00f3\u0142automatyczn\u0105 lini\u0119 do lakierowania butli wielkogabarytowych, nap\u0119dzan\u0105 \u0142a\u0144cuchem nap\u0119dowym, o projektowanej wydajno\u015bci 60 skrzy\u0144 na zmian\u0119.<\/p>\n<p>Aby jeszcze bardziej zwi\u0119kszy\u0107 wydajno\u015b\u0107 naszych produkt\u00f3w i ugruntowa\u0107 pozycj\u0119 lidera w bran\u017cy w dziedzinie cylindr\u00f3w hydraulicznych, nasza firma i zjimee wsp\u00f3lnie utworzy\u0142y kompleksowe laboratorium wydajno\u015bciowe cylindr\u00f3w hydraulicznych, zawor\u00f3w hydraulicznych i pomp hydraulicznych. W laboratorium przeprowadzane s\u0105 testy wspomagane komputerowo z wykorzystaniem technologii elektrohydraulicznej. Warunki test\u00f3w s\u0105 wst\u0119pnie ustalane przez komputer, co zwi\u0119ksza dok\u0142adno\u015b\u0107 test\u00f3w i wszechstronno\u015b\u0107 systemu, a tak\u017ce dane eksperymentalne.<\/p>\n<p>Automatyczne zbieranie danych odbywa si\u0119 za pomoc\u0105 czujnik\u00f3w, a dane wyj\u015bciowe, takie jak przeciek wewn\u0119trzny i wydajno\u015b\u0107 obci\u0105\u017cenia cylindra lub zaworu, s\u0105 bezpo\u015brednio przetwarzane przez komputer i konwertowane do jednostek standardowych (ml\/min\u207b ...<br \/>\nSprawno\u015b\u0107 i szczelno\u015b\u0107 wewn\u0119trzn\u0105 mo\u017cna sprawdzi\u0107 odczytami. Jednocze\u015bnie urz\u0105dzenie jest wyposa\u017cone w przyrz\u0105d pomiarowy z podzia\u0142k\u0105 kratow\u0105, kt\u00f3ry spe\u0142nia wymagania wszystkich element\u00f3w testowych si\u0142ownik\u00f3w hydraulicznych zgodnie z norm\u0105 krajow\u0105.<\/p>\n<p>&nbsp;<\/p>","protected":false},"excerpt":{"rendered":"<p>Lifting Hydraulic Cylinders of Pallet Stacker Truck Lifting hydraulic cylinders are essential components of pallet stacker trucks, enabling efficient lifting and lowering of heavy loads. These cylinders convert hydraulic pressure into mechanical force, providing the power necessary to handle pallets and other materials with ease. Their reliability and robust design make them crucial for optimizing [&hellip;]<\/p>","protected":false},"featured_media":17604,"comment_status":"open","ping_status":"closed","template":"","meta":{"_et_pb_use_builder":"","_et_pb_old_content":"","_et_gb_content_width":""},"product_brand":[],"product_cat":[1484,1549,1376],"product_tag":[],"class_list":{"0":"post-17601","1":"product","2":"type-product","3":"status-publish","4":"has-post-thumbnail","6":"product_cat-forklift-hydraulic-cylinders","7":"product_cat-single-acting-hydraulic-cylinder","8":"product_cat-hydraulic-cylinder","10":"first","11":"instock","12":"shipping-taxable","13":"product-type-simple"},"amp_enabled":true,"_links":{"self":[{"href":"https:\/\/www.hydraulic-cylinders.net\/pl\/wp-json\/wp\/v2\/product\/17601","targetHints":{"allow":["GET"]}}],"collection":[{"href":"https:\/\/www.hydraulic-cylinders.net\/pl\/wp-json\/wp\/v2\/product"}],"about":[{"href":"https:\/\/www.hydraulic-cylinders.net\/pl\/wp-json\/wp\/v2\/types\/product"}],"replies":[{"embeddable":true,"href":"https:\/\/www.hydraulic-cylinders.net\/pl\/wp-json\/wp\/v2\/comments?post=17601"}],"wp:featuredmedia":[{"embeddable":true,"href":"https:\/\/www.hydraulic-cylinders.net\/pl\/wp-json\/wp\/v2\/media\/17604"}],"wp:attachment":[{"href":"https:\/\/www.hydraulic-cylinders.net\/pl\/wp-json\/wp\/v2\/media?parent=17601"}],"wp:term":[{"taxonomy":"product_brand","embeddable":true,"href":"https:\/\/www.hydraulic-cylinders.net\/pl\/wp-json\/wp\/v2\/product_brand?post=17601"},{"taxonomy":"product_cat","embeddable":true,"href":"https:\/\/www.hydraulic-cylinders.net\/pl\/wp-json\/wp\/v2\/product_cat?post=17601"},{"taxonomy":"product_tag","embeddable":true,"href":"https:\/\/www.hydraulic-cylinders.net\/pl\/wp-json\/wp\/v2\/product_tag?post=17601"}],"curies":[{"name":"wp","href":"https:\/\/api.w.org\/{rel}","templated":true}]}}