{"id":17607,"date":"2025-03-18T07:49:55","date_gmt":"2025-03-18T07:49:55","guid":{"rendered":"https:\/\/www.hydraulic-cylinders.net\/?post_type=product&#038;p=17607"},"modified":"2025-04-11T03:15:23","modified_gmt":"2025-04-11T03:15:23","slug":"left-and-right-forward-extension-cylinders-for-forward-moving-forklift","status":"publish","type":"product","link":"https:\/\/www.hydraulic-cylinders.net\/pl\/produkt\/left-and-right-forward-extension-cylinders-for-forward-moving-forklift\/","title":{"rendered":"Lewy i prawy si\u0142ownik wysuwania do przodu do w\u00f3zk\u00f3w wid\u0142owych poruszaj\u0105cych si\u0119 do przodu"},"content":{"rendered":"<h1 style=\"text-align: center;\"><strong>Lewy i prawy si\u0142ownik wysuwania do przodu do w\u00f3zk\u00f3w wid\u0142owych poruszaj\u0105cych si\u0119 do przodu<\/strong><\/h1>\n<p>Lewy i prawy si\u0142ownik wysuwu do przodu to kluczowe elementy w\u00f3zk\u00f3w wid\u0142owych poruszaj\u0105cych si\u0119 do przodu, zwi\u0119kszaj\u0105ce ich wydajno\u015b\u0107 operacyjn\u0105 i wszechstronno\u015b\u0107. Te si\u0142owniki hydrauliczne pozwalaj\u0105 w\u00f3zkom wid\u0142owym na zwi\u0119kszenie zasi\u0119gu, u\u0142atwiaj\u0105c obs\u0142ug\u0119 \u0142adunk\u00f3w umieszczonych w wi\u0119kszej odleg\u0142o\u015bci. Poprawiaj\u0105c mo\u017cliwo\u015bci manewrowania i podnoszenia w\u00f3zka wid\u0142owego, si\u0142owniki wysuwu odgrywaj\u0105 kluczow\u0105 rol\u0119 w r\u00f3\u017cnych zastosowaniach zwi\u0105zanych z transportem materia\u0142\u00f3w, od magazyn\u00f3w po place budowy.<\/p>\n<p>Lewe i prawe si\u0142owniki wysuwu do przodu znacz\u0105co zwi\u0119kszaj\u0105 funkcjonalno\u015b\u0107 w\u00f3zk\u00f3w wid\u0142owych poruszaj\u0105cych si\u0119 do przodu. Ich zdolno\u015b\u0107 do zapewnienia wi\u0119kszego zasi\u0119gu, w po\u0142\u0105czeniu z trwa\u0142\u0105 konstrukcj\u0105 i p\u0142ynn\u0105 prac\u0105, czyni je niezb\u0119dnymi do r\u00f3\u017cnych zada\u0144 zwi\u0105zanych z transportem materia\u0142\u00f3w. Rozumiej\u0105c ich funkcje, prawid\u0142owe metody u\u017cytkowania oraz wymagania konserwacyjne, operatorzy mog\u0105 zmaksymalizowa\u0107 wydajno\u015b\u0107 i bezpiecze\u0144stwo swoich operacji. Inwestycja w wysokiej jako\u015bci si\u0142owniki wysuwu zapewnia niezawodn\u0105 prac\u0119 i zwi\u0119kszon\u0105 produktywno\u015b\u0107, przyczyniaj\u0105c si\u0119 do og\u00f3lnego sukcesu ka\u017cdej firmy opieraj\u0105cej si\u0119 na efektywnych rozwi\u0105zaniach w zakresie transportu materia\u0142\u00f3w.<\/p>\n<h1 style=\"text-align: center;\"><img loading=\"lazy\" decoding=\"async\" class=\"alignnone wp-image-17613\" src=\"https:\/\/www.hydraulic-cylinders.net\/wp-content\/uploads\/2025\/03\/left-and-right-forward-extension-cylinder-1.webp\" alt=\"\" width=\"500\" height=\"500\" srcset=\"https:\/\/www.hydraulic-cylinders.net\/wp-content\/uploads\/2025\/03\/left-and-right-forward-extension-cylinder-1.webp 500w, https:\/\/www.hydraulic-cylinders.net\/wp-content\/uploads\/2025\/03\/left-and-right-forward-extension-cylinder-1-480x480.webp 480w\" sizes=\"(min-width: 0px) and (max-width: 480px) 480px, (min-width: 481px) 500px, 100vw\" \/><\/h1>\n<p style=\"text-align: center;\"><strong>Lewy i prawy si\u0142ownik wysuwania do przodu do w\u00f3zk\u00f3w wid\u0142owych poruszaj\u0105cych si\u0119 do przodu<\/strong><\/p>\n<h2><strong>Lewy i prawy si\u0142ownik wysuwania do przodu do w\u00f3zk\u00f3w wid\u0142owych poruszaj\u0105cych si\u0119 do przodu <\/strong><strong>Dane techniczne<\/strong><strong>:<\/strong><\/h2>\n<div class=\"Message_messageTextContainer__w64Sc\">\n<div>\n<div class=\"Markdown_markdownContainer__Tz3HQ\">\n<p><strong>Funkcjonowa\u0107:<\/strong> Aby uzyska\u0107 ruch wide\u0142 do przodu i do ty\u0142u<br \/>\n<strong>\u015arednica cylindra:<\/strong> 50 mm<br \/>\n<strong>\u015arednica pr\u0119ta:<\/strong> 25 mm<br \/>\n<strong>Podr\u00f3\u017c:<\/strong> 101 mm-112 mm<br \/>\n<strong>Maksymalne ci\u015bnienie:<\/strong> 20 MPa<br \/>\n<strong>Maksymalny ci\u0105g:<\/strong> 39 kN<\/p>\n<\/div>\n<\/div>\n<\/div>\n<h2><strong>Seria cylindr\u00f3w do w\u00f3zk\u00f3w wid\u0142owych poruszaj\u0105cych si\u0119 do przodu:\u00a0<\/strong><\/h2>\n<h2><img loading=\"lazy\" decoding=\"async\" class=\"alignnone size-full wp-image-17611\" src=\"https:\/\/www.hydraulic-cylinders.net\/wp-content\/uploads\/2025\/03\/Forward-moving-forklift-hydraulic-cylinders-construction.webp\" alt=\"Budowa cylindr\u00f3w hydraulicznych do w\u00f3zk\u00f3w wid\u0142owych poruszaj\u0105cych si\u0119 do przodu\" width=\"1100\" height=\"615\" srcset=\"https:\/\/www.hydraulic-cylinders.net\/wp-content\/uploads\/2025\/03\/Forward-moving-forklift-hydraulic-cylinders-construction.webp 1100w, https:\/\/www.hydraulic-cylinders.net\/wp-content\/uploads\/2025\/03\/Forward-moving-forklift-hydraulic-cylinders-construction-980x548.webp 980w, https:\/\/www.hydraulic-cylinders.net\/wp-content\/uploads\/2025\/03\/Forward-moving-forklift-hydraulic-cylinders-construction-480x268.webp 480w\" sizes=\"(min-width: 0px) and (max-width: 480px) 480px, (min-width: 481px) and (max-width: 980px) 980px, (min-width: 981px) 1100px, 100vw\" \/><\/h2>\n<h2><strong>G\u0142\u00f3wne cechy cylindr\u00f3w wysuwanych do przodu z lewej i prawej strony do w\u00f3zk\u00f3w wid\u0142owych poruszaj\u0105cych si\u0119 do przodu<\/strong><strong>:<\/strong><\/h2>\n<ul>\n<li><strong>Wi\u0119kszy zasi\u0119g:<\/strong> Lewe i prawe si\u0142owniki wysuwane do przodu znacz\u0105co zwi\u0119kszaj\u0105 zasi\u0119g w\u00f3zka wid\u0142owego, umo\u017cliwiaj\u0105c operatorom dost\u0119p do \u0142adunk\u00f3w umieszczonych dalej. Ten dodatkowy zasi\u0119g jest szczeg\u00f3lnie korzystny podczas za\u0142adunku i roz\u0142adunku, gdzie precyzja i wydajno\u015b\u0107 s\u0105 kluczowe. Umo\u017cliwiaj\u0105c operatorom obs\u0142ug\u0119 materia\u0142\u00f3w z wi\u0119kszej odleg\u0142o\u015bci, si\u0142owniki te usprawniaj\u0105 przep\u0142yw pracy, skracaj\u0105 czas po\u015bwi\u0119cany na ka\u017cde zadanie i ostatecznie prowadz\u0105 do wy\u017cszej wydajno\u015bci.<\/li>\n<li><strong>Trwa\u0142a konstrukcja:<\/strong> Wykonane z materia\u0142\u00f3w o wysokiej wytrzyma\u0142o\u015bci, te cylindry przed\u0142u\u017caj\u0105ce zosta\u0142y zaprojektowane tak, aby sprosta\u0107 trudom intensywnego u\u017cytkowania. Ich solidna konstrukcja nie tylko gwarantuje wyj\u0105tkow\u0105 trwa\u0142o\u015b\u0107, ale tak\u017ce znacznie wyd\u0142u\u017ca ich \u017cywotno\u015b\u0107. Minimalizuj\u0105c zu\u017cycie, cylindry te zmniejszaj\u0105 potrzeb\u0119 cz\u0119stych wymian i napraw, co przek\u0142ada si\u0119 na ni\u017csze koszty konserwacji i lepsz\u0105 wydajno\u015b\u0107 operacyjn\u0105 firm.<\/li>\n<li><strong>P\u0142ynna praca:<\/strong> Uk\u0142ad hydrauliczny zintegrowany z lewym i prawym si\u0142ownikiem wysuwania do przodu gwarantuje p\u0142ynne i wydajne wysuwanie i wsuwanie. Funkcja ta minimalizuje wstrz\u0105sy podczas pracy, poprawiaj\u0105c og\u00f3ln\u0105 stabilno\u015b\u0107 \u0142adunku. Operatorzy zyskuj\u0105 lepsz\u0105 kontrol\u0119, co jest kluczowe podczas obs\u0142ugi delikatnych lub ci\u0119\u017ckich \u0142adunk\u00f3w. P\u0142ynna praca przyczynia si\u0119 r\u00f3wnie\u017c do bezpieczniejszego \u015brodowiska pracy, zmniejszaj\u0105c ryzyko wypadk\u00f3w i obra\u017ce\u0144.<\/li>\n<li><strong>Kompaktowy profil:<\/strong> Te si\u0142owniki przed\u0142u\u017caj\u0105ce zosta\u0142y zaprojektowane z my\u015bl\u0105 o kompaktowym profilu, kt\u00f3ry idealnie pasuje do r\u00f3\u017cnych modeli w\u00f3zk\u00f3w wid\u0142owych. Ta przemy\u015blana konstrukcja gwarantuje, \u017ce si\u0142owniki nie utrudniaj\u0105 manewrowania w\u00f3zkiem wid\u0142owym, umo\u017cliwiaj\u0105c operatorom \u0142atwe poruszanie si\u0119 w ciasnych przestrzeniach. Zar\u00f3wno w zat\u0142oczonych magazynach, jak i na ruchliwych placach budowy, kompaktowe wymiary tych si\u0142ownik\u00f3w zwi\u0119kszaj\u0105 wszechstronno\u015b\u0107 w\u00f3zka wid\u0142owego, umo\u017cliwiaj\u0105c jego efektywn\u0105 prac\u0119 w r\u00f3\u017cnych warunkach.<\/li>\n<li><strong>Wszechstronne zastosowania:<\/strong> Si\u0142owniki z wysuwem do przodu w lewo i w prawo nadaj\u0105 si\u0119 do szerokiej gamy bran\u017c, w tym logistyki, produkcji i budownictwa. Ich zdolno\u015b\u0107 adaptacji do r\u00f3\u017cnorodnych potrzeb operacyjnych sprawia, \u017ce \u200b\u200bstanowi\u0105 cenne uzupe\u0142nienie ka\u017cdej floty w\u00f3zk\u00f3w wid\u0142owych. Niezale\u017cnie od tego, czy chodzi o podnoszenie ci\u0119\u017ckich materia\u0142\u00f3w w zak\u0142adzie produkcyjnym, czy o obs\u0142ug\u0119 wysokich stos\u00f3w w magazynie, si\u0142owniki te zwi\u0119kszaj\u0105 mo\u017cliwo\u015bci w\u00f3zka wid\u0142owego, czyni\u0105c go niezb\u0119dnym narz\u0119dziem do efektywnego transportu materia\u0142\u00f3w.<\/li>\n<\/ul>\n<h2><strong>Przyk\u0142ady zastosowa\u0144 <\/strong><strong>Lewy i prawy si\u0142ownik wysuwania do przodu do w\u00f3zk\u00f3w wid\u0142owych poruszaj\u0105cych si\u0119 do przodu<\/strong><strong>:<\/strong><\/h2>\n<p>Lewe i prawe si\u0142owniki wysuwu do przodu znacz\u0105co zwi\u0119kszaj\u0105 funkcjonalno\u015b\u0107 w\u00f3zk\u00f3w wid\u0142owych poruszaj\u0105cych si\u0119 do przodu w r\u00f3\u017cnych bran\u017cach. Oto kilka kluczowych przypadk\u00f3w u\u017cycia, kt\u00f3re podkre\u015blaj\u0105 ich znaczenie:<\/p>\n<h3>1. <strong>Operacje magazynowe<\/strong><\/h3>\n<p>W magazynach, cylindry wysuwane do przodu umo\u017cliwiaj\u0105 w\u00f3zkom wid\u0142owym dotarcie do palet sk\u0142adowanych na wi\u0119kszych wysoko\u015bciach lub w wi\u0119kszych odleg\u0142o\u015bciach. Umo\u017cliwia to wydajne uk\u0142adanie i pobieranie towar\u00f3w, optymalizuj\u0105c przestrze\u0144 w pionie i przyspieszaj\u0105c operacje.<\/p>\n<h3>2. <strong>Za\u0142adunek i roz\u0142adunek<\/strong><\/h3>\n<p>Podczas za\u0142adunku i roz\u0142adunku towar\u00f3w z ci\u0119\u017car\u00f3wek lub kontener\u00f3w transportowych, te cylindry przed\u0142u\u017caj\u0105ce zapewniaj\u0105 niezb\u0119dny zasi\u0119g do obs\u0142ugi przedmiot\u00f3w umieszczonych dalej. Ta funkcja minimalizuje potrzeb\u0119 zmiany pozycji w\u00f3zka wid\u0142owego, oszcz\u0119dzaj\u0105c czas i poprawiaj\u0105c wydajno\u015b\u0107 pracy.<\/p>\n<h3>3. <strong>Kompletowanie zam\u00f3wie\u0144<\/strong><\/h3>\n<p>W \u015brodowiskach, w kt\u00f3rych kompletacja zam\u00f3wie\u0144 ma kluczowe znaczenie, lewe i prawe si\u0142owniki wysuwane do przodu umo\u017cliwiaj\u0105 w\u00f3zkom wid\u0142owym dost\u0119p do okre\u015blonych towar\u00f3w znajduj\u0105cych si\u0119 na r\u00f3\u017cnych wysoko\u015bciach lub w r\u00f3\u017cnych odleg\u0142o\u015bciach. Ta precyzja poprawia dok\u0142adno\u015b\u0107 realizacji zam\u00f3wie\u0144 i zwi\u0119ksza og\u00f3ln\u0105 wydajno\u015b\u0107.<\/p>\n<h3>4. <strong>Cross-Docking<\/strong><\/h3>\n<p>W operacjach cross-dockingu, gdzie towary s\u0105 bezpo\u015brednio przenoszone mi\u0119dzy dostawami przychodz\u0105cymi i wychodz\u0105cymi, cylindry przed\u0142u\u017caj\u0105ce u\u0142atwiaj\u0105 szybkie i sprawne przemieszczanie palet. Skraca to czas obs\u0142ugi i zapewnia p\u0142ynny przep\u0142yw materia\u0142\u00f3w w \u0142a\u0144cuchu dostaw.<\/p>\n<h3>5. <strong>Place budowy<\/strong><\/h3>\n<p>Na placach budowy te cylindry przed\u0142u\u017caj\u0105ce umo\u017cliwiaj\u0105 w\u00f3zkom wid\u0142owym podnoszenie i uk\u0142adanie ci\u0119\u017ckich materia\u0142\u00f3w, takich jak belki i bloczki betonowe, na r\u00f3\u017cnych wysoko\u015bciach. Ich mo\u017cliwo\u015b\u0107 zwi\u0119kszenia zasi\u0119gu zwi\u0119ksza bezpiecze\u0144stwo i wydajno\u015b\u0107 podczas obs\u0142ugi du\u017cych i niepor\u0119cznych \u0142adunk\u00f3w.<\/p>\n<p>Szukasz wytrzyma\u0142ych cylindr\u00f3w do w\u00f3zk\u00f3w wid\u0142owych? Sprawd\u017a nasz\u0105 ofert\u0119 <a href=\"https:\/\/www.hydraulic-cylinders.net\/pl\/forklift-hydraulic-cylinder\/\">Si\u0142owniki hydrauliczne o du\u017cej wytrzyma\u0142o\u015bci<\/a>.<\/p>\n<h2><strong>Obszar produkcji cylindr\u00f3w do w\u00f3zk\u00f3w wid\u0142owych:<\/strong><\/h2>\n<h2><img loading=\"lazy\" decoding=\"async\" class=\"alignnone size-full wp-image-16972\" src=\"https:\/\/www.hydraulic-cylinders.net\/wp-content\/uploads\/2025\/01\/hydraulic-cylinder-factory-1-scaled.webp\" sizes=\"(min-width: 0px) and (max-width: 480px) 480px, (min-width: 481px) and (max-width: 980px) 980px, (min-width: 981px) and (max-width: 1280px) 1280px, (min-width: 1281px) 2016px, 100vw\" srcset=\"https:\/\/www.hydraulic-cylinders.net\/wp-content\/uploads\/2025\/01\/hydraulic-cylinder-factory-1-scaled.webp 2016w, https:\/\/www.hydraulic-cylinders.net\/wp-content\/uploads\/2025\/01\/hydraulic-cylinder-factory-1-1280x1625.webp 1280w, https:\/\/www.hydraulic-cylinders.net\/wp-content\/uploads\/2025\/01\/hydraulic-cylinder-factory-1-980x1244.webp 980w, https:\/\/www.hydraulic-cylinders.net\/wp-content\/uploads\/2025\/01\/hydraulic-cylinder-factory-1-480x610.webp 480w\" alt=\"\" width=\"2016\" height=\"2560\" \/><\/h2>\n<p>Dysponujemy najwy\u017cszej klasy, niezale\u017cn\u0105 platform\u0105 badawczo-rozwojow\u0105 do monta\u017cu. Warsztat produkcji cylindr\u00f3w do w\u00f3zk\u00f3w wid\u0142owych posiada cztery p\u00f3\u0142automatyczne linie monta\u017cowe do podnoszenia cylindr\u00f3w oraz w pe\u0142ni zautomatyzowan\u0105 lini\u0119 monta\u017cow\u0105 do przechylania cylindr\u00f3w o projektowanej rocznej wydajno\u015bci miliona sztuk. Specjalistyczny warsztat produkcji cylindr\u00f3w posiada p\u00f3\u0142automatyczne systemy czyszczenia i monta\u017cu o r\u00f3\u017cnych specyfikacjach i projektowanej rocznej wydajno\u015bci 200 000 sztuk. Jest on wyposa\u017cony w renomowane maszyny do obr\u00f3bki CNC, centra obr\u00f3bcze, specjalistyczny sprz\u0119t do precyzyjnej obr\u00f3bki cylindr\u00f3w, roboty spawalnicze, automatyczne maszyny czyszcz\u0105ce, automatyczne maszyny do monta\u017cu cylindr\u00f3w oraz automatyczne linie produkcyjne lakierni. Posiadamy ponad 300 zestaw\u00f3w kluczowych urz\u0105dze\u0144. Zoptymalizowana alokacja i efektywne wykorzystanie zasob\u00f3w sprz\u0119towych zapewniaj\u0105 precyzj\u0119 produkt\u00f3w i spe\u0142niaj\u0105 wysokie standardy jako\u015bci.<\/p>\n<p>Warsztat obr\u00f3bki mechanicznej wyposa\u017cony jest w specjalnie zaprojektowane centra tokarskie z prowadnicami uchylnymi, centra obr\u00f3bcze, szybkie maszyny do honowania, roboty spawalnicze i inny potrzebny sprz\u0119t, kt\u00f3ry mo\u017ce wykonywa\u0107 obr\u00f3bk\u0119 rur cylindrycznych o maksymalnej \u015brednicy wewn\u0119trznej 400 mm i maksymalnej d\u0142ugo\u015bci 6 metr\u00f3w.<\/p>\n<h2><img loading=\"lazy\" decoding=\"async\" class=\"alignnone size-full wp-image-16973\" src=\"https:\/\/www.hydraulic-cylinders.net\/wp-content\/uploads\/2025\/01\/hydraulic-cylinder-factory-2-scaled.webp\" sizes=\"(min-width: 0px) and (max-width: 480px) 480px, (min-width: 481px) and (max-width: 980px) 980px, (min-width: 981px) and (max-width: 1280px) 1280px, (min-width: 1281px) 2011px, 100vw\" srcset=\"https:\/\/www.hydraulic-cylinders.net\/wp-content\/uploads\/2025\/01\/hydraulic-cylinder-factory-2-scaled.webp 2011w, https:\/\/www.hydraulic-cylinders.net\/wp-content\/uploads\/2025\/01\/hydraulic-cylinder-factory-2-1280x1629.webp 1280w, https:\/\/www.hydraulic-cylinders.net\/wp-content\/uploads\/2025\/01\/hydraulic-cylinder-factory-2-980x1248.webp 980w, https:\/\/www.hydraulic-cylinders.net\/wp-content\/uploads\/2025\/01\/hydraulic-cylinder-factory-2-480x611.webp 480w\" alt=\"\" width=\"2011\" height=\"2560\" \/><\/h2>\n<p>Posiadamy w pe\u0142ni zautomatyzowan\u0105 lini\u0119 do lakierowania ma\u0142ych i \u015brednich butli farbami wodorozcie\u0144czalnymi, kt\u00f3ra realizuje automatyczny za\u0142adunek i roz\u0142adunek oraz automatyczne roboty natryskowe o projektowanej wydajno\u015bci 4000 stanowisk na zmian\u0119. Posiadamy r\u00f3wnie\u017c p\u00f3\u0142automatyczn\u0105 lini\u0119 do lakierowania butli wielkogabarytowych, nap\u0119dzan\u0105 \u0142a\u0144cuchem nap\u0119dowym, o projektowanej wydajno\u015bci 60 skrzy\u0144 na zmian\u0119.<\/p>\n<p>Aby jeszcze bardziej zwi\u0119kszy\u0107 wydajno\u015b\u0107 naszych produkt\u00f3w i ugruntowa\u0107 pozycj\u0119 lidera w bran\u017cy w dziedzinie cylindr\u00f3w hydraulicznych, nasza firma i zjimee wsp\u00f3lnie utworzy\u0142y kompleksowe laboratorium wydajno\u015bciowe cylindr\u00f3w hydraulicznych, zawor\u00f3w hydraulicznych i pomp hydraulicznych. W laboratorium przeprowadzane s\u0105 testy wspomagane komputerowo z wykorzystaniem technologii elektrohydraulicznej. Warunki test\u00f3w s\u0105 wst\u0119pnie ustalane przez komputer, co zwi\u0119ksza dok\u0142adno\u015b\u0107 test\u00f3w i wszechstronno\u015b\u0107 systemu, a tak\u017ce dane eksperymentalne.<\/p>\n<p>Automatyczne zbieranie danych odbywa si\u0119 za pomoc\u0105 czujnik\u00f3w, a dane wyj\u015bciowe, takie jak przeciek wewn\u0119trzny i wydajno\u015b\u0107 obci\u0105\u017cenia cylindra lub zaworu, s\u0105 bezpo\u015brednio przetwarzane przez komputer i konwertowane do jednostek standardowych (ml\/min\u207b ...<br \/>\nSprawno\u015b\u0107 i szczelno\u015b\u0107 wewn\u0119trzn\u0105 mo\u017cna sprawdzi\u0107 odczytami. Jednocze\u015bnie urz\u0105dzenie jest wyposa\u017cone w przyrz\u0105d pomiarowy z podzia\u0142k\u0105 kratow\u0105, kt\u00f3ry spe\u0142nia wymagania wszystkich element\u00f3w testowych si\u0142ownik\u00f3w hydraulicznych zgodnie z norm\u0105 krajow\u0105.<\/p>","protected":false},"excerpt":{"rendered":"<p>Left and Right Forward Extension Cylinders for Forward Moving Forklift Left and right forward extension cylinders are vital components for forward moving forklifts, enhancing their operational efficiency and versatility. These hydraulic cylinders allow forklifts to extend their reach, making it easier to handle loads positioned at greater distances. By improving the forklift&#8217;s ability to maneuver [&hellip;]<\/p>","protected":false},"featured_media":17612,"comment_status":"open","ping_status":"closed","template":"","meta":{"_et_pb_use_builder":"","_et_pb_old_content":"","_et_gb_content_width":""},"product_brand":[],"product_cat":[1484,1550],"product_tag":[],"class_list":{"0":"post-17607","1":"product","2":"type-product","3":"status-publish","4":"has-post-thumbnail","6":"product_cat-forklift-hydraulic-cylinders","7":"product_cat-double-acting-hydraulic-cylinder","9":"first","10":"instock","11":"shipping-taxable","12":"product-type-simple"},"amp_enabled":true,"_links":{"self":[{"href":"https:\/\/www.hydraulic-cylinders.net\/pl\/wp-json\/wp\/v2\/product\/17607","targetHints":{"allow":["GET"]}}],"collection":[{"href":"https:\/\/www.hydraulic-cylinders.net\/pl\/wp-json\/wp\/v2\/product"}],"about":[{"href":"https:\/\/www.hydraulic-cylinders.net\/pl\/wp-json\/wp\/v2\/types\/product"}],"replies":[{"embeddable":true,"href":"https:\/\/www.hydraulic-cylinders.net\/pl\/wp-json\/wp\/v2\/comments?post=17607"}],"wp:featuredmedia":[{"embeddable":true,"href":"https:\/\/www.hydraulic-cylinders.net\/pl\/wp-json\/wp\/v2\/media\/17612"}],"wp:attachment":[{"href":"https:\/\/www.hydraulic-cylinders.net\/pl\/wp-json\/wp\/v2\/media?parent=17607"}],"wp:term":[{"taxonomy":"product_brand","embeddable":true,"href":"https:\/\/www.hydraulic-cylinders.net\/pl\/wp-json\/wp\/v2\/product_brand?post=17607"},{"taxonomy":"product_cat","embeddable":true,"href":"https:\/\/www.hydraulic-cylinders.net\/pl\/wp-json\/wp\/v2\/product_cat?post=17607"},{"taxonomy":"product_tag","embeddable":true,"href":"https:\/\/www.hydraulic-cylinders.net\/pl\/wp-json\/wp\/v2\/product_tag?post=17607"}],"curies":[{"name":"wp","href":"https:\/\/api.w.org\/{rel}","templated":true}]}}