{"id":1761,"date":"2023-10-13T05:50:50","date_gmt":"2023-10-13T05:50:50","guid":{"rendered":"https:\/\/hydraulic-cylinders.net\/?post_type=product&#038;p=1761"},"modified":"2025-04-15T05:55:24","modified_gmt":"2025-04-15T05:55:24","slug":"cutter-suction-dredger-inverted-pile-cylinder","status":"publish","type":"product","link":"https:\/\/www.hydraulic-cylinders.net\/pl\/produkt\/cutter-suction-dredger-inverted-pile-cylinder\/","title":{"rendered":"Pog\u0142\u0119biarka ss\u0105ca z odwr\u00f3conym cylindrem palowym"},"content":{"rendered":"<h1 style=\"text-align: center;\"><strong>Pog\u0142\u0119biarka ss\u0105ca z odwr\u00f3conym cylindrem palowym<\/strong><\/h1>\n<p><img loading=\"lazy\" decoding=\"async\" class=\"aligncenter wp-image-1763\" src=\"https:\/\/hydraulic-cylinders.net\/wp-content\/uploads\/2023\/10\/cutter-suction-dredger-inverted-pile-cylinder-1-300x300.webp\" alt=\"\" width=\"400\" height=\"400\" \/><\/p>\n<p>Cylinder do palowania odwr\u00f3conego pog\u0142\u0119biarki ss\u0105co-t\u0142ocz\u0105cej to prze\u0142omowe urz\u0105dzenie hydrauliczne, kt\u00f3re zmienia oblicze morskich projekt\u00f3w budowlanych. Dzi\u0119ki innowacyjnej konstrukcji i wyj\u0105tkowej wydajno\u015bci, cylinder ten ma kluczowe znaczenie dla nowoczesnych operacji pog\u0142\u0119biarskich.<\/p>\n<p>Odwr\u00f3cony cylinder do palowania pog\u0142\u0119biarki ss\u0105co-udarowej zrewolucjonizowa\u0142 budownictwo morskie, oferuj\u0105c wyj\u0105tkow\u0105 wydajno\u015b\u0107 w operacjach palowania. Jego odwr\u00f3cona konstrukcja, wysokie ci\u015bnienie i odporno\u015b\u0107 na korozj\u0119 sprawiaj\u0105, \u017ce jest to niezawodne i trwa\u0142e urz\u0105dzenie hydrauliczne. Dzi\u0119ki przestrzeganiu prawid\u0142owych metod u\u017cytkowania i regularnej konserwacji, specjali\u015bci z bran\u017cy budownictwa morskiego mog\u0105 zmaksymalizowa\u0107 wydajno\u015b\u0107 i dok\u0142adno\u015b\u0107 swoich projekt\u00f3w. Wykorzystaj moc odwr\u00f3conego cylindra do palowania pog\u0142\u0119biarki ss\u0105cej z g\u0142owic\u0105 i przekonaj si\u0119, jak wielk\u0105 r\u00f3\u017cnic\u0119 mo\u017ce on wnie\u015b\u0107 do Twoich przedsi\u0119wzi\u0119\u0107 w budownictwie morskim.<\/p>\n<p>G\u0142\u00f3wne cechy pog\u0142\u0119biarki ss\u0105cej z odwr\u00f3conym cylindrem palowym:<\/p>\n<ul>\n<li>Konstrukcja odwr\u00f3cona: Cylinder pog\u0142\u0119biarki ss\u0105co-t\u0142ocz\u0105cej z odwr\u00f3conym palem charakteryzuje si\u0119 unikaln\u0105, odwr\u00f3con\u0105 konfiguracj\u0105, z t\u0142oczyskiem skierowanym w d\u00f3\u0142 od cylindra. Taka konstrukcja umo\u017cliwia wydajne i precyzyjne palowanie w \u015brodowisku morskim.<\/li>\n<li>Wytrzyma\u0142o\u015b\u0107 na wysokie ci\u015bnienie: Ten cylinder zosta\u0142 zaprojektowany tak, aby wytrzyma\u0107 warunki wysokiego ci\u015bnienia, zapewniaj\u0105c niezawodn\u0105 i solidn\u0105 prac\u0119 nawet w wymagaj\u0105cych projektach budowy na morzu. Zapewnia moc i si\u0142\u0119 niezb\u0119dn\u0105 do wbijania pali w dno morskie z wyj\u0105tkow\u0105 precyzj\u0105.<\/li>\n<li>Odporno\u015b\u0107 na korozj\u0119: Wykonany z wysokiej jako\u015bci materia\u0142\u00f3w, walec z odwr\u00f3conym palem charakteryzuje si\u0119 doskona\u0142\u0105 odporno\u015bci\u0105 na korozj\u0119, rdz\u0119 i \u015bcieranie. Ta cecha zwi\u0119ksza jego trwa\u0142o\u015b\u0107, dzi\u0119ki czemu nadaje si\u0119 do d\u0142ugotrwa\u0142ego u\u017cytkowania w trudnych warunkach morskich.<\/li>\n<\/ul>\n<h2><strong>Parametry cylindra do pali odwr\u00f3conych pog\u0142\u0119biarki ss\u0105cej:<\/strong><\/h2>\n<table border=\"1\" cellspacing=\"0\" cellpadding=\"0\">\n<tbody>\n<tr>\n<td>Nazwa produktu<\/td>\n<td>Pog\u0142\u0119biarka ss\u0105ca z odwr\u00f3conym cylindrem palowym<\/td>\n<\/tr>\n<tr>\n<td>Cechy:<\/td>\n<td>Zapewnia si\u0142\u0119 pchania i ci\u0105gni\u0119cia w celu wci\u0105gania i rozk\u0142adania stalowego pala<\/td>\n<\/tr>\n<tr>\n<td>\u015arednica otworu:<\/td>\n<td>Do 620 mm<\/td>\n<\/tr>\n<tr>\n<td>\u015arednica pr\u0119ta:<\/td>\n<td>Do 360 mm<br \/>\nSkok do 5200 mm<\/td>\n<\/tr>\n<tr>\n<td>Ci\u015bnienie:<\/td>\n<td>do 32MPa<\/td>\n<\/tr>\n<tr>\n<td>Si\u0142a ci\u0105gu:<\/td>\n<td>Maksymalnie 7500 kN<\/td>\n<\/tr>\n<tr>\n<td>Si\u0142a ci\u0105gn\u0105ca:<\/td>\n<td>Maksymalnie 5000 kN<\/td>\n<\/tr>\n<tr>\n<td>Zastosowania:<\/td>\n<td>Pog\u0142\u0119biarka ss\u0105ca<\/td>\n<\/tr>\n<\/tbody>\n<\/table>\n<div><\/div>\n<div>\n<div class=\"txtboxL\">Cechy:<\/div>\n<div class=\"txtboxR\">Zapewnia si\u0142\u0119 pchania i ci\u0105gni\u0119cia w celu wci\u0105gania i rozk\u0142adania stalowego pala<\/div>\n<div class=\"txtboxL\">Specyfikacja:<\/div>\n<div class=\"txtboxR\">\u015arednica otworu: do 620 mm<br \/>\n\u015arednica pr\u0119ta: do 360mm<br \/>\nSkok do 5200 mm<\/div>\n<div class=\"txtboxL\">Ci\u015bnienie:<\/div>\n<div class=\"txtboxR\">do 32 MPa<\/div>\n<div class=\"txtboxL\">Si\u0142a ci\u0105gu:<\/div>\n<div class=\"txtboxR\">Maksymalnie 7500 kN<\/div>\n<div class=\"txtboxL\">Si\u0142a ci\u0105gn\u0105ca:<\/div>\n<div class=\"txtboxR\">Maksymalnie 5000 kN<\/div>\n<\/div>\n<h2><strong>Zastosowanie cylindr\u00f3w ss\u0105cych i tn\u0105cych zbiornik\u00f3w pog\u0142\u0119biarek:<\/strong><\/h2>\n<p><img loading=\"lazy\" decoding=\"async\" class=\"alignnone wp-image-1757 size-full\" src=\"https:\/\/hydraulic-cylinders.net\/wp-content\/uploads\/2023\/10\/dredger-tank-cylinder-1.webp\" alt=\"\" width=\"600\" height=\"400\" srcset=\"https:\/\/hydraulic-cylinders.net\/wp-content\/uploads\/2023\/10\/dredger-tank-cylinder-1.webp 600w, https:\/\/hydraulic-cylinders.net\/wp-content\/uploads\/2023\/10\/dredger-tank-cylinder-1-480x320.webp 480w\" sizes=\"(min-width: 0px) and (max-width: 480px) 480px, (min-width: 481px) 600px, 100vw\" \/><\/p>\n<h2><strong>Metoda u\u017cytkowania pog\u0142\u0119biarki ss\u0105cej z odwr\u00f3conym cylindrem palowym<\/strong><strong>:<\/strong><\/h2>\n<ul>\n<li><strong>Przygotowanie:<\/strong> Przed u\u017cyciem cylindra do pali odwr\u00f3conych pog\u0142\u0119biarki ss\u0105co-zg\u0142\u0119bnikowej nale\u017cy upewni\u0107 si\u0119, \u017ce zachowano wszelkie \u015brodki bezpiecze\u0144stwa. Przeprowad\u017a kontrol\u0119 wzrokow\u0105, aby upewni\u0107 si\u0119, \u017ce cylinder i jego podzespo\u0142y s\u0105 w dobrym stanie, bez \u015blad\u00f3w uszkodze\u0144 ani wyciek\u00f3w.<\/li>\n<li><strong>Pozycjonowanie:<\/strong> Umie\u015b\u0107 cylinder w wybranym miejscu do wbicia. Upewnij si\u0119, \u017ce jest on solidnie przymocowany do pog\u0142\u0119biarki lub innego sprz\u0119tu, zapewniaj\u0105c stabilno\u015b\u0107 i wsparcie podczas operacji.<\/li>\n<li><strong>Po\u0142\u0105czenie:<\/strong> Pod\u0142\u0105cz w\u0119\u017ce hydrauliczne lub z\u0142\u0105czki do odpowiednich port\u00f3w w cylindrze i \u017ar\u00f3dle zasilania hydraulicznego. Upewnij si\u0119, \u017ce po\u0142\u0105czenia s\u0105 dobrze zamocowane, szczelne i prawid\u0142owo ustawione.<\/li>\n<li><strong>Regulacja d\u0142ugo\u015bci skoku:<\/strong> Dostosuj d\u0142ugo\u015b\u0107 skoku cylindra do wymaganej g\u0142\u0119boko\u015bci wbijania. Zazwyczaj mo\u017cna to zrobi\u0107 za pomoc\u0105 dostarczonych element\u00f3w steruj\u0105cych lub mechanizm\u00f3w. Post\u0119puj zgodnie z instrukcjami producenta, aby zapewni\u0107 precyzyjn\u0105 regulacj\u0119.<\/li>\n<li><strong>Operacja palowania:<\/strong> W\u0142\u0105cz zasilanie hydrauliczne, aby rozpocz\u0105\u0107 operacj\u0119 wbijania pali. Odwr\u00f3cony cylinder pog\u0142\u0119biarki ss\u0105cej b\u0119dzie wywiera\u0142 kontrolowan\u0105 si\u0142\u0119, aby wbi\u0107 pale w dno morskie. Uwa\u017cnie monitoruj proces, aby upewni\u0107 si\u0119, \u017ce osi\u0105gni\u0119to po\u017c\u0105dan\u0105 g\u0142\u0119boko\u015b\u0107 i dok\u0142adno\u015b\u0107.<\/li>\n<\/ul>\n<h2><strong>Jak wymieni\u0107 uszczelki w si\u0142owniku hydraulicznym?<\/strong><\/h2>\n<p>Wymiana uszczelek w si\u0142owniku hydraulicznym to cz\u0119sta czynno\u015b\u0107 konserwacyjna, kt\u00f3ra pomaga przywr\u00f3ci\u0107 jego wydajno\u015b\u0107 i zapobiec wyciekom. Oto przewodnik krok po kroku, jak wymieni\u0107 uszczelki w si\u0142owniku hydraulicznym:<\/p>\n<ol>\n<li><strong>\u015arodki ostro\u017cno\u015bci:<\/strong>\n<ul>\n<li>Upewnij si\u0119, \u017ce uk\u0142ad hydrauliczny jest pozbawiony ci\u015bnienia i cylinder jest ca\u0142kowicie wysuni\u0119ty.<\/li>\n<li>Nale\u017cy post\u0119powa\u0107 zgodnie z odpowiednimi procedurami blokowania\/oznaczania, aby zapobiec przypadkowej aktywacji systemu.<\/li>\n<\/ul>\n<\/li>\n<li><strong>Demonta\u017c cylindra:<\/strong>\n<ul>\n<li>Od\u0142\u0105cz wszystkie w\u0119\u017ce hydrauliczne i z\u0142\u0105czki pod\u0142\u0105czone do cylindra.<\/li>\n<li>Usu\u0144 wszystkie ko\u0142ki i \u015bruby mocuj\u0105ce cylinder do urz\u0105dzenia.<\/li>\n<li>Ostro\u017cnie wysu\u0144 lub manewruj cylindrem, wyjmuj\u0105c go z uchwyt\u00f3w monta\u017cowych lub po\u0142\u0105cze\u0144.<\/li>\n<\/ul>\n<\/li>\n<li><strong>Identyfikacja plomby:<\/strong>\n<ul>\n<li>Okre\u015bl rodzaje i rozmiary uszczelek, kt\u00f3re wymagaj\u0105 wymiany. Informacje te mo\u017cna znale\u017a\u0107 w dokumentacji cylindra lub mierz\u0105c stare uszczelki.<\/li>\n<\/ul>\n<\/li>\n<li><strong>Demonta\u017c:<\/strong>\n<ul>\n<li>Po\u0142\u00f3\u017c cylinder na czystej powierzchni roboczej.<\/li>\n<li>Zdejmij za\u015blepki ko\u0144cowe cylindra, u\u017cywaj\u0105c odpowiednich narz\u0119dzi, np. kluczy lub zestaw\u00f3w nasadowych.<\/li>\n<li>Ostro\u017cnie wyjmij t\u0142ok, pr\u0119t i stare uszczelki z cylindra.<\/li>\n<li>Podczas demonta\u017cu nale\u017cy zwr\u00f3ci\u0107 uwag\u0119 na kolejno\u015b\u0107 i orientacj\u0119 komponent\u00f3w.<\/li>\n<\/ul>\n<\/li>\n<li><strong>Usuwanie plomb:<\/strong>\n<ul>\n<li>Delikatnie wyjmij stare uszczelki z odpowiednich rowk\u00f3w za pomoc\u0105 specjalnych narz\u0119dzi lub wytrych\u00f3w.<\/li>\n<li>Nale\u017cy zachowa\u0107 ostro\u017cno\u015b\u0107, aby podczas tego procesu nie uszkodzi\u0107 otworu cylindra ani innych powierzchni.<\/li>\n<\/ul>\n<\/li>\n<li><strong>Czyszczenie i kontrola:<\/strong>\n<ul>\n<li>Wyczy\u015b\u0107 cylinder, t\u0142ok, pr\u0119t i inne elementy przy u\u017cyciu odpowiedniego rozpuszczalnika czyszcz\u0105cego, aby usun\u0105\u0107 brud, zanieczyszczenia i resztki p\u0142ynu hydraulicznego.<\/li>\n<li>Sprawd\u017a wszystkie cz\u0119\u015bci pod k\u0105tem uszkodze\u0144 lub zu\u017cycia, takich jak rysy, w\u017cery lub p\u0119kni\u0119cia.<\/li>\n<li>W razie konieczno\u015bci wymie\u0144 wszystkie uszkodzone lub zu\u017cyte podzespo\u0142y.<\/li>\n<\/ul>\n<\/li>\n<li><strong>Monta\u017c nowej uszczelki:<\/strong>\n<ul>\n<li>Przed monta\u017cem nale\u017cy nasmarowa\u0107 nowe uszczelki olejem hydraulicznym.<\/li>\n<li>Ostro\u017cnie wsu\u0144 nowe uszczelki w odpowiednie rowki, upewniaj\u0105c si\u0119, \u017ce s\u0105 prawid\u0142owo osadzone.<\/li>\n<li>Za pomoc\u0105 narz\u0119dzi do monta\u017cu uszczelek lub odpowiednich improwizowanych metod r\u00f3wnomiernie doci\u015bnij uszczelki na miejsce.<\/li>\n<li>Nale\u017cy zachowa\u0107 ostro\u017cno\u015b\u0107, aby nie uszkodzi\u0107 uszczelek podczas instalacji.<\/li>\n<\/ul>\n<\/li>\n<li><strong>Ponowny monta\u017c:<\/strong>\n<ul>\n<li>Zamontuj t\u0142ok, pr\u0119t i uszczelki z powrotem w cylindrze, zachowuj\u0105c w\u0142a\u015bciw\u0105 kolejno\u015b\u0107 i kierunek.<\/li>\n<li>Nanie\u015b\u0107 cienk\u0105 warstw\u0119 oleju hydraulicznego na uszczelki i inne powierzchnie styku.<\/li>\n<li>Ostro\u017cnie za\u0142\u00f3\u017c za\u015blepki i dokr\u0119\u0107 je mocno zgodnie ze specyfikacj\u0105 producenta.<\/li>\n<li>Sprawd\u017a, czy wszystkie po\u0142\u0105czenia gwintowane s\u0105 prawid\u0142owo wyr\u00f3wnane i dokr\u0119cone.<\/li>\n<\/ul>\n<\/li>\n<li><strong>Ponowna instalacja cylindra:<\/strong>\n<ul>\n<li>Wsu\u0144 lub umie\u015b\u0107 ponownie zmontowany cylinder w uchwytach monta\u017cowych lub z\u0142\u0105czach.<\/li>\n<li>Ponownie zamontuj wszystkie ko\u0142ki i \u015bruby mocuj\u0105ce, aby unieruchomi\u0107 cylinder na miejscu.<\/li>\n<li>Pod\u0142\u0105cz ponownie w\u0119\u017ce lub z\u0142\u0105czki hydrauliczne do cylindra, upewniaj\u0105c si\u0119, \u017ce s\u0105 prawid\u0142owo ustawione i szczelne.<\/li>\n<\/ul>\n<\/li>\n<li><strong>Testowanie i kontrola:<\/strong>\n<ul>\n<li>Ponownie nape\u0142nij uk\u0142ad hydrauliczny ci\u015bnieniem i sprawd\u017a, czy nie ma wyciek\u00f3w lub czy nie wyst\u0119puje nieprawid\u0142owe dzia\u0142anie.<\/li>\n<li>Aby zapewni\u0107 p\u0142ynny ruch i prawid\u0142owe dzia\u0142anie, nale\u017cy ca\u0142kowicie wysun\u0105\u0107 i schowa\u0107 cylinder.<\/li>\n<li>Sprawd\u017a cylinder i jego po\u0142\u0105czenia pod k\u0105tem ewentualnych wyciek\u00f3w lub innych problem\u00f3w.<\/li>\n<\/ul>\n<\/li>\n<\/ol>\n<h2><strong>Mo\u017cliwo\u015bci i pojemno\u015b\u0107 fabryki:<\/strong><\/h2>\n<h3>(1) Monta\u017c<\/h3>\n<p>Dysponujemy najwy\u017cszej klasy niezale\u017cn\u0105 platform\u0105 badawczo-rozwojow\u0105. Warsztat produkcji si\u0142ownik\u00f3w hydraulicznych posiada cztery p\u00f3\u0142automatyczne linie monta\u017cowe si\u0142ownik\u00f3w podnosz\u0105cych i jedn\u0105 automatyczn\u0105 lini\u0119 monta\u017cow\u0105 si\u0142ownik\u00f3w przechy\u0142u, o projektowanej rocznej zdolno\u015bci produkcyjnej 1 miliona sztuk. Specjalny warsztat cylindr\u00f3w jest wyposa\u017cony w r\u00f3\u017cne specyfikacje p\u00f3\u0142automatycznego systemu monta\u017cu czyszcz\u0105cego o projektowanej rocznej zdolno\u015bci produkcyjnej 200 000 i wyposa\u017cony w s\u0142ynny sprz\u0119t do obr\u00f3bki CNC, centrum obr\u00f3bcze, specjalny sprz\u0119t do precyzyjnej obr\u00f3bki cylindr\u00f3w, robot spawalniczy, automatyczna maszyna czyszcz\u0105ca, automatyczna maszyna do monta\u017cu cylindr\u00f3w i automatyczna linia produkcyjna do malowania. Istniej\u0105cy krytyczny sprz\u0119t sk\u0142ada si\u0119 z ponad 300 zestaw\u00f3w. Optymalna alokacja i efektywne wykorzystanie zasob\u00f3w sprz\u0119towych zapewniaj\u0105 wymagania dotycz\u0105ce dok\u0142adno\u015bci produkt\u00f3w i spe\u0142niaj\u0105 potrzeby wysokiej jako\u015bci produkt\u00f3w.<\/p>\n<p><img loading=\"lazy\" decoding=\"async\" class=\"alignnone wp-image-626\" src=\"https:\/\/hydraulic-cylinders.net\/wp-content\/uploads\/2023\/08\/hydraulic-cylinder-product-1-300x158.webp\" alt=\"\" width=\"495\" height=\"260\" srcset=\"https:\/\/hydraulic-cylinders.net\/wp-content\/uploads\/2023\/08\/hydraulic-cylinder-product-1-300x158.webp 495w, https:\/\/hydraulic-cylinders.net\/wp-content\/uploads\/2023\/08\/hydraulic-cylinder-product-1-480x252.webp 480w\" sizes=\"(min-width: 0px) and (max-width: 480px) 480px, (min-width: 481px) 495px, 100vw\" \/> <img loading=\"lazy\" decoding=\"async\" class=\"alignnone wp-image-627\" src=\"https:\/\/hydraulic-cylinders.net\/wp-content\/uploads\/2023\/08\/hydraulic-cylinder-product-2-300x189.webp\" alt=\"\" width=\"413\" height=\"260\" \/><\/p>\n<h3>(2) Obr\u00f3bka<\/h3>\n<p>Warsztat obr\u00f3bki skrawaniem jest wyposa\u017cony w niestandardowe centrum tokarskie z pochylon\u0105 szyn\u0105, centrum obr\u00f3bcze, szybkobie\u017cn\u0105 honownic\u0119, robota spawalniczego i inny powi\u0105zany sprz\u0119t, kt\u00f3ry mo\u017ce obs\u0142ugiwa\u0107 przetwarzanie rur cylindrycznych o maksymalnej \u015brednicy wewn\u0119trznej 400 mm i maksymalnej d\u0142ugo\u015bci 6 metr\u00f3w.<\/p>\n<p><img loading=\"lazy\" decoding=\"async\" class=\"alignnone wp-image-628 size-large\" src=\"https:\/\/hydraulic-cylinders.net\/wp-content\/uploads\/2023\/08\/hydraulic-cylinder-product-3-1024x391.webp\" alt=\"\" width=\"1024\" height=\"391\" srcset=\"https:\/\/hydraulic-cylinders.net\/wp-content\/uploads\/2023\/08\/hydraulic-cylinder-product-3-980x374.webp 980w, https:\/\/hydraulic-cylinders.net\/wp-content\/uploads\/2023\/08\/hydraulic-cylinder-product-3-480x183.webp 480w\" sizes=\"(min-width: 0px) and (max-width: 480px) 480px, (min-width: 481px) and (max-width: 980px) 980px, (min-width: 981px) 1024px, 100vw\" \/><\/p>\n<h3>(3) Spawanie<\/h3>\n<p><img loading=\"lazy\" decoding=\"async\" class=\"alignnone wp-image-629 size-large\" src=\"https:\/\/hydraulic-cylinders.net\/wp-content\/uploads\/2023\/08\/hydraulic-cylinder-product-4-1024x510.webp\" alt=\"\" width=\"1024\" height=\"510\" srcset=\"https:\/\/hydraulic-cylinders.net\/wp-content\/uploads\/2023\/08\/hydraulic-cylinder-product-4-980x488.webp 980w, https:\/\/hydraulic-cylinders.net\/wp-content\/uploads\/2023\/08\/hydraulic-cylinder-product-4-480x239.webp 480w\" sizes=\"(min-width: 0px) and (max-width: 480px) 480px, (min-width: 481px) and (max-width: 980px) 980px, (min-width: 981px) 1024px, 100vw\" \/><\/p>\n<h3>(4) Malowanie i powlekanie<\/h3>\n<p>Z ma\u0142ymi i \u015brednimi automatycznymi liniami do powlekania farbami na bazie wody, w celu osi\u0105gni\u0119cia automatycznego za\u0142adunku i roz\u0142adunku robota oraz automatycznego natryskiwania, wydajno\u015b\u0107 projektowa 4000 sztuk na zmian\u0119;<br \/>\nPosiadamy r\u00f3wnie\u017c p\u00f3\u0142automatyczn\u0105 lini\u0119 do produkcji farb do du\u017cych cylindr\u00f3w nap\u0119dzan\u0105 \u0142a\u0144cuchem nap\u0119dowym, o wydajno\u015bci 60 skrzy\u0144 na zmian\u0119.<\/p>\n<p><img loading=\"lazy\" decoding=\"async\" class=\"alignnone wp-image-630\" src=\"https:\/\/hydraulic-cylinders.net\/wp-content\/uploads\/2023\/08\/hydraulic-cylinder-product-5-300x213.webp\" alt=\"\" width=\"366\" height=\"260\" \/> <img loading=\"lazy\" decoding=\"async\" class=\"alignnone wp-image-631\" src=\"https:\/\/hydraulic-cylinders.net\/wp-content\/uploads\/2023\/08\/hydraulic-cylinder-product-6-300x225.webp\" alt=\"\" width=\"347\" height=\"260\" \/><\/p>\n<h3>(5) Testowanie<\/h3>\n<p>Dysponujemy najwy\u017cszej klasy urz\u0105dzeniami kontrolnymi i stanowiskami testowymi, aby zapewni\u0107, \u017ce wydajno\u015b\u0107 cylindra spe\u0142nia wymagania.<\/p>\n<p><img loading=\"lazy\" decoding=\"async\" class=\"alignnone wp-image-632\" src=\"https:\/\/hydraulic-cylinders.net\/wp-content\/uploads\/2023\/08\/hydraulic-cylinder-product-8-300x200.webp\" alt=\"\" width=\"389\" height=\"260\" \/><\/p>\n<p>&nbsp;<\/p>\n<p>&nbsp;<\/p>\n<p>Jeste\u015bmy jednym z najlepszych producent\u00f3w cylindr\u00f3w hydraulicznych. Oferujemy kompleksow\u0105 ofert\u0119 cylindr\u00f3w hydraulicznych. Dostarczamy r\u00f3wnie\u017c\u2026 <a href=\"https:\/\/hzpt.com\/agricultural-pto-gearbox\/\" target=\"_blank\" rel=\"noopener\">przek\u0142adnie rolnicze<\/a>. Eksportowali\u015bmy nasze produkty do klient\u00f3w na ca\u0142ym \u015bwiecie i zdobyli\u015bmy dobr\u0105 reputacj\u0119 dzi\u0119ki najwy\u017cszej jako\u015bci produkt\u00f3w i us\u0142ug posprzeda\u017cnych. Zapraszamy klient\u00f3w w kraju i za granic\u0105 do kontaktu z nami w celu negocjacji biznesowych, wymiany informacji i <a href=\"https:\/\/www.hydraulic-cylinders.net\/pl\/contact-us\/\">wsp\u00f3\u0142pracowa\u0107 z nami<\/a>!<\/p>","protected":false},"excerpt":{"rendered":"<p>Cutter Suction Dredger Inverted Pile Cylinder The cutter suction dredger inverted pile cylinder is a groundbreaking hydraulic device transforming marine construction projects. With its innovative design and exceptional performance, this cylinder is crucial to modern dredging operations. The cutter suction dredger inverted pile cylinder has revolutionized marine construction by offering exceptional performance in piling operations. [&hellip;]<\/p>","protected":false},"featured_media":1764,"comment_status":"open","ping_status":"closed","template":"","meta":{"_et_pb_use_builder":"","_et_pb_old_content":"","_et_gb_content_width":""},"product_brand":[],"product_cat":[1535,1549,1552,1376],"product_tag":[1380],"class_list":{"0":"post-1761","1":"product","2":"type-product","3":"status-publish","4":"has-post-thumbnail","6":"product_cat-dredger-hydraulic-cylinders","7":"product_cat-single-acting-hydraulic-cylinder","8":"product_cat-stainless-steel-hydraulic-cylinder","9":"product_cat-hydraulic-cylinder","10":"product_tag-hydraulic-cylinder","12":"first","13":"instock","14":"shipping-taxable","15":"product-type-simple"},"amp_enabled":true,"_links":{"self":[{"href":"https:\/\/www.hydraulic-cylinders.net\/pl\/wp-json\/wp\/v2\/product\/1761","targetHints":{"allow":["GET"]}}],"collection":[{"href":"https:\/\/www.hydraulic-cylinders.net\/pl\/wp-json\/wp\/v2\/product"}],"about":[{"href":"https:\/\/www.hydraulic-cylinders.net\/pl\/wp-json\/wp\/v2\/types\/product"}],"replies":[{"embeddable":true,"href":"https:\/\/www.hydraulic-cylinders.net\/pl\/wp-json\/wp\/v2\/comments?post=1761"}],"wp:featuredmedia":[{"embeddable":true,"href":"https:\/\/www.hydraulic-cylinders.net\/pl\/wp-json\/wp\/v2\/media\/1764"}],"wp:attachment":[{"href":"https:\/\/www.hydraulic-cylinders.net\/pl\/wp-json\/wp\/v2\/media?parent=1761"}],"wp:term":[{"taxonomy":"product_brand","embeddable":true,"href":"https:\/\/www.hydraulic-cylinders.net\/pl\/wp-json\/wp\/v2\/product_brand?post=1761"},{"taxonomy":"product_cat","embeddable":true,"href":"https:\/\/www.hydraulic-cylinders.net\/pl\/wp-json\/wp\/v2\/product_cat?post=1761"},{"taxonomy":"product_tag","embeddable":true,"href":"https:\/\/www.hydraulic-cylinders.net\/pl\/wp-json\/wp\/v2\/product_tag?post=1761"}],"curies":[{"name":"wp","href":"https:\/\/api.w.org\/{rel}","templated":true}]}}