{"id":1772,"date":"2023-10-13T06:29:47","date_gmt":"2023-10-13T06:29:47","guid":{"rendered":"https:\/\/hydraulic-cylinders.net\/?post_type=product&#038;p=1772"},"modified":"2025-04-15T05:54:57","modified_gmt":"2025-04-15T05:54:57","slug":"trailing-suction-dredger-mud-door-cylinder","status":"publish","type":"product","link":"https:\/\/www.hydraulic-cylinders.net\/pl\/produkt\/trailing-suction-dredger-mud-door-cylinder\/","title":{"rendered":"Si\u0142ownik drzwi p\u0142uczki pog\u0142\u0119biarki ss\u0105cej"},"content":{"rendered":"<h1 style=\"text-align: center;\"><strong>Si\u0142ownik drzwi p\u0142uczki pog\u0142\u0119biarki ss\u0105cej<\/strong><\/h1>\n<h1 style=\"text-align: center;\"><strong><img loading=\"lazy\" decoding=\"async\" class=\"alignnone wp-image-1774\" src=\"https:\/\/hydraulic-cylinders.net\/wp-content\/uploads\/2023\/10\/trailing-suction-dredger-mud-door-cylinder-1-1-300x300.webp\" alt=\"\" width=\"400\" height=\"400\" \/><\/strong><\/h1>\n<p>Si\u0142ownik klapy p\u0142uczkowej pog\u0142\u0119biarki ss\u0105cej z wleczon\u0105 g\u0142owic\u0105 to kluczowy element hydrauliczny zaprojektowany w celu poprawy wydajno\u015bci i efektywno\u015bci operacji pog\u0142\u0119biania. Si\u0142ownik ten odgrywa kluczow\u0105 rol\u0119 w sterowaniu otwieraniem i zamykaniem klap p\u0142uczkowych, zapewniaj\u0105c p\u0142ynny pob\u00f3r i odprowadzanie osad\u00f3w.<\/p>\n<p>Si\u0142ownik klapy p\u0142uczki pog\u0142\u0119biarki ss\u0105cej wleczonej jest kluczowym elementem optymalizacji wydajno\u015bci i produktywno\u015bci operacji pog\u0142\u0119biania. Dzi\u0119ki solidnej konstrukcji, precyzyjnemu sterowaniu i bezpiecznemu zamkni\u0119ciu, ten si\u0142ownik hydrauliczny zapewnia p\u0142ynne pobieranie i odprowadzanie osad\u00f3w, zwi\u0119kszaj\u0105c og\u00f3ln\u0105 wydajno\u015b\u0107 pog\u0142\u0119biania. Przestrzegaj\u0105c prawid\u0142owych metod u\u017cytkowania i regularnych praktyk konserwacyjnych, specjali\u015bci od pog\u0142\u0119biania mog\u0105 zmaksymalizowa\u0107 wydajno\u015b\u0107 i \u017cywotno\u015b\u0107 tego wyj\u0105tkowego produktu. Wykorzystaj moc si\u0142ownika klapy p\u0142uczki pog\u0142\u0119biarki ss\u0105cej wleczonej i przekonaj si\u0119, jak wielk\u0105 r\u00f3\u017cnic\u0119 mo\u017ce on wnie\u015b\u0107 do Twoich prac pog\u0142\u0119biarskich.<\/p>\n<p>G\u0142\u00f3wne cechy cylindra drzwi p\u0142uczki pog\u0142\u0119biarki ss\u0105cej:<\/p>\n<ol>\n<li>Solidna konstrukcja:<\/li>\n<\/ol>\n<ul>\n<li>Si\u0142ownik klapy spustowej wykonany jest z materia\u0142\u00f3w najwy\u017cszej jako\u015bci, co gwarantuje trwa\u0142o\u015b\u0107 i d\u0142ugowieczno\u015b\u0107 nawet w trudnych warunkach pog\u0142\u0119biania.<br \/>\nUrz\u0105dzenie zaprojektowano tak, aby wytrzyma\u0142o wysokie ci\u015bnienie, trudne warunki \u015brodowiskowe i ci\u0105g\u0142e u\u017cytkowanie, zapewniaj\u0105c sta\u0142\u0105 wydajno\u015b\u0107 podczas operacji pog\u0142\u0119biania.<\/li>\n<\/ul>\n<ol start=\"2\">\n<li>P\u0142ynna praca:<\/li>\n<\/ol>\n<ul>\n<li>Si\u0142ownik ten charakteryzuje si\u0119 p\u0142ynn\u0105 i precyzyjn\u0105 prac\u0105, umo\u017cliwiaj\u0105c skuteczn\u0105 kontrol\u0119 i regulacj\u0119 mechanizm\u00f3w otwierania i zamykania klapy b\u0142otnej.<\/li>\n<li>Zapewnia niezawodne i dok\u0142adne pozycjonowanie klapy spustowej, co u\u0142atwia optymaln\u0105 wydajno\u015b\u0107 pog\u0142\u0119biania.<\/li>\n<\/ul>\n<ol start=\"3\">\n<li>Mocna aktywacja:<\/li>\n<\/ol>\n<ul>\n<li>Si\u0142ownik klapy b\u0142otnej zapewnia du\u017c\u0105 si\u0142\u0119 nap\u0119dow\u0105, umo\u017cliwiaj\u0105c \u0142atwe otwieranie i zamykanie klapy b\u0142otnej.<\/li>\n<li>Zapewnia niezb\u0119dn\u0105 si\u0142\u0119 do prze\u0142adunku du\u017cych ilo\u015bci urobku, gwarantuj\u0105c skuteczne zatrzymanie i roz\u0142adowanie podczas prac pog\u0142\u0119biarskich.<\/li>\n<\/ul>\n<ol start=\"4\">\n<li>Parametry konfigurowalne:<\/li>\n<\/ol>\n<ul>\n<li>Si\u0142ownik ten umo\u017cliwia dostosowanie r\u00f3\u017cnych parametr\u00f3w, takich jak pr\u0119dko\u015b\u0107 otwierania i zamykania, d\u0142ugo\u015b\u0107 skoku oraz ci\u015bnienie robocze.<\/li>\n<li>Operatorzy mog\u0105 dostosowa\u0107 ustawienia cylindra do konkretnych wymaga\u0144 pog\u0142\u0119biania, optymalizuj\u0105c wydajno\u015b\u0107 i skuteczno\u015b\u0107 ca\u0142ej operacji.<\/li>\n<\/ul>\n<h2><strong>Parametry si\u0142ownika klapy p\u0142uczkowej pog\u0142\u0119biarki ss\u0105cej:<\/strong><\/h2>\n<table border=\"1\" cellspacing=\"0\" cellpadding=\"0\">\n<tbody>\n<tr>\n<td>Nazwa produktu<\/td>\n<td>Si\u0142ownik drzwi p\u0142uczki pog\u0142\u0119biarki ss\u0105cej<\/td>\n<\/tr>\n<tr>\n<td>Cechy:<\/td>\n<td>Si\u0142a poci\u0105gowa do otwierania i zamykania drzwi b\u0142otnych, w razie potrzeby mo\u017ce by\u0107 wyposa\u017cona w czujnik przemieszczenia<\/td>\n<\/tr>\n<tr>\n<td>\u015arednica otworu:<\/td>\n<td>400 mm<\/td>\n<\/tr>\n<tr>\n<td>\u015arednica pr\u0119ta:<\/td>\n<td>200 mm<br \/>\nSkok: 1400 mm<\/td>\n<\/tr>\n<tr>\n<td>Ci\u015bnienie:<\/td>\n<td>do 32MPa<\/td>\n<\/tr>\n<tr>\n<td>Si\u0142a ci\u0105gn\u0105ca:<\/td>\n<td>Maksymalnie 2355 kN<\/td>\n<\/tr>\n<tr>\n<td>Zastosowania:<\/td>\n<td>Pog\u0142\u0119biarka ss\u0105ca<\/td>\n<\/tr>\n<\/tbody>\n<\/table>\n<div><\/div>\n<div>\n<div class=\"txtboxL\">\n<div class=\"txtboxL\">\n<div class=\"txtboxL\">Cechy:<\/div>\n<div class=\"txtboxR\">Si\u0142a poci\u0105gowa do otwierania i zamykania drzwi b\u0142otnych, w razie potrzeby mo\u017ce by\u0107 wyposa\u017cona w czujnik przemieszczenia<\/div>\n<div class=\"txtboxL\">Specyfikacja:<\/div>\n<div class=\"txtboxR\">\u015arednica otworu: 400 mm<br \/>\n\u015arednica pr\u0119ta: 200mm<br \/>\nSkok: 1400 mm<\/div>\n<div class=\"txtboxL\">Ci\u015bnienie:<\/div>\n<div class=\"txtboxR\">do 32MPa<\/div>\n<div class=\"txtboxL\">Si\u0142a ci\u0105gn\u0105ca:<\/div>\n<div class=\"txtboxR\">Maksymalnie 2355 kN<\/div>\n<\/div>\n<\/div>\n<\/div>\n<h2><strong>Zastosowanie cylindr\u00f3w ss\u0105cych i tn\u0105cych zbiornik\u00f3w pog\u0142\u0119biarek:<\/strong><\/h2>\n<p><img loading=\"lazy\" decoding=\"async\" class=\"alignnone wp-image-1757 size-full\" src=\"https:\/\/hydraulic-cylinders.net\/wp-content\/uploads\/2023\/10\/dredger-tank-cylinder-1.webp\" alt=\"\" width=\"600\" height=\"400\" srcset=\"https:\/\/hydraulic-cylinders.net\/wp-content\/uploads\/2023\/10\/dredger-tank-cylinder-1.webp 600w, https:\/\/hydraulic-cylinders.net\/wp-content\/uploads\/2023\/10\/dredger-tank-cylinder-1-480x320.webp 480w\" sizes=\"(min-width: 0px) and (max-width: 480px) 480px, (min-width: 481px) 600px, 100vw\" \/><\/p>\n<h2><strong>Metoda u\u017cytkowania cylindra drzwi p\u0142uczki pog\u0142\u0119biarki ss\u0105cej<\/strong><strong>:<\/strong><\/h2>\n<ol>\n<li><strong>Instalacja:<\/strong><\/li>\n<\/ol>\n<ul>\n<li>Aby bezpiecznie zamontowa\u0107 cylinder drzwi p\u0142uczkowych na pog\u0142\u0119biarce ss\u0105cej, nale\u017cy post\u0119powa\u0107 zgodnie z wytycznymi producenta.<\/li>\n<li>Nale\u017cy zapewni\u0107 prawid\u0142owe wyr\u00f3wnanie i zamocowanie klapy spustowej oraz powi\u0105zanych z ni\u0105 podzespo\u0142\u00f3w, co umo\u017cliwi p\u0142ynn\u0105 i niezawodn\u0105 prac\u0119.<\/li>\n<\/ul>\n<ol start=\"2\">\n<li><strong>Kontrola i regulacja:<\/strong><\/li>\n<\/ol>\n<ul>\n<li>U\u017cyj uk\u0142adu sterowania pog\u0142\u0119biarki do obs\u0142ugi i regulacji cylindra klapy spustowej.<\/li>\n<li>Steruj otwieraniem i zamykaniem klapy spustowej za pomoc\u0105 wyznaczonych element\u00f3w steruj\u0105cych, co pozwala na precyzyjn\u0105 kontrol\u0119 zrzutu urobku.<\/li>\n<\/ul>\n<ol start=\"3\">\n<li><strong>Operacje pog\u0142\u0119biarskie:<\/strong><\/li>\n<\/ol>\n<ul>\n<li>Podczas prac pog\u0142\u0119biarskich nale\u017cy aktywowa\u0107 si\u0142ownik klapy p\u0142uczkowej, aby otworzy\u0107 lub zamkn\u0105\u0107 klap\u0119 p\u0142uczkow\u0105.<\/li>\n<li>Dostosuj parametry cylindra, takie jak pr\u0119dko\u015b\u0107 i d\u0142ugo\u015b\u0107 skoku, aby zoptymalizowa\u0107 proces pog\u0142\u0119biania i zapewni\u0107 efektywne gromadzenie i roz\u0142adowywanie materia\u0142u.<\/li>\n<\/ul>\n<h2><strong>Jak kontrolowa\u0107 pr\u0119dko\u015b\u0107 cylindra hydraulicznego?<\/strong><\/h2>\n<p>Si\u0142ownik hydrauliczny to si\u0142ownik mechaniczny, kt\u00f3ry przekszta\u0142ca ci\u015bnienie hydrauliczne w si\u0142\u0119 i ruch liniowy. Sk\u0142ada si\u0119 z cylindrycznego cylindra, t\u0142oka, t\u0142oczyska, uszczelnie\u0144 i port\u00f3w dla p\u0142ynu hydraulicznego. Oto opis dzia\u0142ania si\u0142ownika hydraulicznego:<\/p>\n<ol>\n<li><strong>Dop\u0142yw p\u0142ynu hydraulicznego:<\/strong> Si\u0142ownik hydrauliczny jest pod\u0142\u0105czony do agregatu hydraulicznego lub pompy, kt\u00f3ra dostarcza p\u0142yn hydrauliczny pod ci\u015bnieniem. P\u0142yn ten jest zazwyczaj p\u0142ynem hydraulicznym na bazie oleju.<\/li>\n<li><strong>Struktura cylindra:<\/strong> Cylinder ma pust\u0105, cylindryczn\u0105 luf\u0119 z osadzonym w niej t\u0142okiem. T\u0142ok dzieli cylinder na dwie komory: komor\u0119 od strony t\u0142oczyska i komor\u0119 od strony pokrywy.<\/li>\n<li><strong>Zastosowanie ci\u015bnienia:<\/strong> P\u0142yn hydrauliczny jest kierowany do jednej z kom\u00f3r cylindra, albo do komory od strony pr\u0119ta, albo do komory od strony pokrywy, w zale\u017cno\u015bci od \u017c\u0105danego kierunku ruchu.<\/li>\n<li><strong>R\u00f3\u017cnica ci\u015bnie\u0144:<\/strong> Spr\u0119\u017cony p\u0142yn hydrauliczny dzia\u0142a na powierzchni\u0119 t\u0142oka, wytwarzaj\u0105c si\u0142\u0119, kt\u00f3ra nap\u0119dza t\u0142ok w wyznaczonym kierunku. R\u00f3\u017cnica ci\u015bnie\u0144 mi\u0119dzy dwiema komorami powoduje ruch t\u0142oka.<\/li>\n<li><strong>Ruch liniowy:<\/strong> Gdy p\u0142yn hydrauliczny naciska na t\u0142ok, t\u0142oczysko przymocowane do t\u0142oka wysuwa si\u0119 lub wsuwa liniowo, w zale\u017cno\u015bci od kierunku przep\u0142ywu p\u0142ynu. Ten ruch liniowy przenosi si\u0142\u0119 na obci\u0105\u017cenie lub mechanizm po\u0142\u0105czony z t\u0142oczyskiem.<\/li>\n<li><strong>Mechanizm uszczelniaj\u0105cy:<\/strong> Si\u0142ownik hydrauliczny jest wyposa\u017cony w uszczelnienia, takie jak uszczelki t\u0142oka i uszczelki t\u0142oczyska, zapobiegaj\u0105ce wyciekom p\u0142ynu hydraulicznego. Uszczelnienia te utrzymuj\u0105 ci\u015bnienie w cylindrze i zapewniaj\u0105 p\u0142ynn\u0105 prac\u0119, zapobiegaj\u0105c wyciekom p\u0142ynu.<\/li>\n<li><strong>Zawory regulacyjne:<\/strong> Zawory steruj\u0105ce s\u0142u\u017c\u0105 do sterowania kierunkiem i przep\u0142ywem p\u0142ynu hydraulicznego. Zawory te kieruj\u0105 przep\u0142yw p\u0142ynu hydraulicznego do odpowiedniej komory cylindra, umo\u017cliwiaj\u0105c wysuwanie lub wsuwanie t\u0142oka.<\/li>\n<li><strong>Odci\u0105\u017cenie ci\u015bnienia:<\/strong> Aby kontrolowa\u0107 pr\u0119dko\u015b\u0107 i si\u0142\u0119 cylindra hydraulicznego, w uk\u0142adzie hydraulicznym mog\u0105 by\u0107 zamontowane zawory bezpiecze\u0144stwa lub zawory steruj\u0105ce przep\u0142ywem. Zawory te reguluj\u0105 ci\u015bnienie i przep\u0142yw p\u0142ynu hydraulicznego, zapobiegaj\u0105c nadmiernemu wzrostowi ci\u015bnienia i zapewniaj\u0105c bezpieczn\u0105 prac\u0119.<\/li>\n<li><strong>Za\u0142aduj aplikacj\u0119:<\/strong> T\u0142oczysko si\u0142ownika hydraulicznego jest po\u0142\u0105czone z obci\u0105\u017ceniem lub mechanizmem wymagaj\u0105cym si\u0142y lub ruchu. Gdy t\u0142ok wysuwa si\u0119 lub wsuwa, wytworzona si\u0142a jest przenoszona przez t\u0142oczysko na obci\u0105\u017cenie, umo\u017cliwiaj\u0105c mu ruch lub wywieranie si\u0142y.<\/li>\n<\/ol>\n<h2><strong>Mo\u017cliwo\u015bci i pojemno\u015b\u0107 fabryki:<\/strong><\/h2>\n<h3>(1) Monta\u017c<\/h3>\n<p>Dysponujemy najwy\u017cszej klasy niezale\u017cn\u0105 platform\u0105 badawczo-rozwojow\u0105. Warsztat produkcji si\u0142ownik\u00f3w hydraulicznych posiada cztery p\u00f3\u0142automatyczne linie monta\u017cowe si\u0142ownik\u00f3w podnosz\u0105cych i jedn\u0105 automatyczn\u0105 lini\u0119 monta\u017cow\u0105 si\u0142ownik\u00f3w przechy\u0142u, o projektowanej rocznej zdolno\u015bci produkcyjnej 1 miliona sztuk. Specjalny warsztat cylindr\u00f3w jest wyposa\u017cony w r\u00f3\u017cne specyfikacje p\u00f3\u0142automatycznego systemu monta\u017cu czyszcz\u0105cego o projektowanej rocznej zdolno\u015bci produkcyjnej 200 000 i wyposa\u017cony w s\u0142ynny sprz\u0119t do obr\u00f3bki CNC, centrum obr\u00f3bcze, specjalny sprz\u0119t do precyzyjnej obr\u00f3bki cylindr\u00f3w, robot spawalniczy, automatyczna maszyna czyszcz\u0105ca, automatyczna maszyna do monta\u017cu cylindr\u00f3w i automatyczna linia produkcyjna do malowania. Istniej\u0105cy krytyczny sprz\u0119t sk\u0142ada si\u0119 z ponad 300 zestaw\u00f3w. Optymalna alokacja i efektywne wykorzystanie zasob\u00f3w sprz\u0119towych zapewniaj\u0105 wymagania dotycz\u0105ce dok\u0142adno\u015bci produkt\u00f3w i spe\u0142niaj\u0105 potrzeby wysokiej jako\u015bci produkt\u00f3w.<\/p>\n<p><img loading=\"lazy\" decoding=\"async\" class=\"alignnone wp-image-626\" src=\"https:\/\/hydraulic-cylinders.net\/wp-content\/uploads\/2023\/08\/hydraulic-cylinder-product-1-300x158.webp\" alt=\"\" width=\"495\" height=\"260\" srcset=\"https:\/\/hydraulic-cylinders.net\/wp-content\/uploads\/2023\/08\/hydraulic-cylinder-product-1-300x158.webp 495w, https:\/\/hydraulic-cylinders.net\/wp-content\/uploads\/2023\/08\/hydraulic-cylinder-product-1-480x252.webp 480w\" sizes=\"(min-width: 0px) and (max-width: 480px) 480px, (min-width: 481px) 495px, 100vw\" \/> <img loading=\"lazy\" decoding=\"async\" class=\"alignnone wp-image-627\" src=\"https:\/\/hydraulic-cylinders.net\/wp-content\/uploads\/2023\/08\/hydraulic-cylinder-product-2-300x189.webp\" alt=\"\" width=\"413\" height=\"260\" \/><\/p>\n<h3>(2) Obr\u00f3bka<\/h3>\n<p>Warsztat obr\u00f3bki skrawaniem jest wyposa\u017cony w niestandardowe centrum tokarskie z pochylon\u0105 szyn\u0105, centrum obr\u00f3bcze, szybkobie\u017cn\u0105 honownic\u0119, robota spawalniczego i inny powi\u0105zany sprz\u0119t, kt\u00f3ry mo\u017ce obs\u0142ugiwa\u0107 przetwarzanie rur cylindrycznych o maksymalnej \u015brednicy wewn\u0119trznej 400 mm i maksymalnej d\u0142ugo\u015bci 6 metr\u00f3w.<\/p>\n<p><img loading=\"lazy\" decoding=\"async\" class=\"alignnone wp-image-628 size-large\" src=\"https:\/\/hydraulic-cylinders.net\/wp-content\/uploads\/2023\/08\/hydraulic-cylinder-product-3-1024x391.webp\" alt=\"\" width=\"1024\" height=\"391\" srcset=\"https:\/\/hydraulic-cylinders.net\/wp-content\/uploads\/2023\/08\/hydraulic-cylinder-product-3-980x374.webp 980w, https:\/\/hydraulic-cylinders.net\/wp-content\/uploads\/2023\/08\/hydraulic-cylinder-product-3-480x183.webp 480w\" sizes=\"(min-width: 0px) and (max-width: 480px) 480px, (min-width: 481px) and (max-width: 980px) 980px, (min-width: 981px) 1024px, 100vw\" \/><\/p>\n<h3>(3) Spawanie<\/h3>\n<p><img loading=\"lazy\" decoding=\"async\" class=\"alignnone wp-image-629 size-large\" src=\"https:\/\/hydraulic-cylinders.net\/wp-content\/uploads\/2023\/08\/hydraulic-cylinder-product-4-1024x510.webp\" alt=\"\" width=\"1024\" height=\"510\" srcset=\"https:\/\/hydraulic-cylinders.net\/wp-content\/uploads\/2023\/08\/hydraulic-cylinder-product-4-980x488.webp 980w, https:\/\/hydraulic-cylinders.net\/wp-content\/uploads\/2023\/08\/hydraulic-cylinder-product-4-480x239.webp 480w\" sizes=\"(min-width: 0px) and (max-width: 480px) 480px, (min-width: 481px) and (max-width: 980px) 980px, (min-width: 981px) 1024px, 100vw\" \/><\/p>\n<h3>(4) Malowanie i powlekanie<\/h3>\n<p>Z ma\u0142ymi i \u015brednimi automatycznymi liniami do powlekania farbami na bazie wody, w celu osi\u0105gni\u0119cia automatycznego za\u0142adunku i roz\u0142adunku robota oraz automatycznego natryskiwania, wydajno\u015b\u0107 projektowa 4000 sztuk na zmian\u0119;<br \/>\nPosiadamy r\u00f3wnie\u017c p\u00f3\u0142automatyczn\u0105 lini\u0119 do produkcji farb do du\u017cych cylindr\u00f3w nap\u0119dzan\u0105 \u0142a\u0144cuchem nap\u0119dowym, o wydajno\u015bci 60 skrzy\u0144 na zmian\u0119.<\/p>\n<p><img loading=\"lazy\" decoding=\"async\" class=\"alignnone wp-image-630\" src=\"https:\/\/hydraulic-cylinders.net\/wp-content\/uploads\/2023\/08\/hydraulic-cylinder-product-5-300x213.webp\" alt=\"\" width=\"366\" height=\"260\" \/> <img loading=\"lazy\" decoding=\"async\" class=\"alignnone wp-image-631\" src=\"https:\/\/hydraulic-cylinders.net\/wp-content\/uploads\/2023\/08\/hydraulic-cylinder-product-6-300x225.webp\" alt=\"\" width=\"347\" height=\"260\" \/><\/p>\n<h3>(5) Testowanie<\/h3>\n<p>Dysponujemy najwy\u017cszej klasy urz\u0105dzeniami kontrolnymi i stanowiskami testowymi, aby zapewni\u0107, \u017ce wydajno\u015b\u0107 cylindra spe\u0142nia wymagania.<\/p>\n<p><img loading=\"lazy\" decoding=\"async\" class=\"alignnone wp-image-632\" src=\"https:\/\/hydraulic-cylinders.net\/wp-content\/uploads\/2023\/08\/hydraulic-cylinder-product-8-300x200.webp\" alt=\"\" width=\"389\" height=\"260\" \/><\/p>\n<p>&nbsp;<\/p>\n<p>&nbsp;<\/p>\n<p>Jeste\u015bmy jednym z najlepszych producent\u00f3w cylindr\u00f3w hydraulicznych. Oferujemy kompleksow\u0105 ofert\u0119 cylindr\u00f3w hydraulicznych. Dostarczamy r\u00f3wnie\u017c\u2026 <a href=\"https:\/\/hzpt.com\/agricultural-pto-gearbox\/\" target=\"_blank\" rel=\"noopener\">przek\u0142adnie rolnicze<\/a>. Eksportowali\u015bmy nasze produkty do klient\u00f3w na ca\u0142ym \u015bwiecie i zdobyli\u015bmy dobr\u0105 reputacj\u0119 dzi\u0119ki najwy\u017cszej jako\u015bci produkt\u00f3w i us\u0142ug posprzeda\u017cnych. Zapraszamy klient\u00f3w w kraju i za granic\u0105 do kontaktu z nami w celu negocjacji biznesowych, wymiany informacji i <a href=\"https:\/\/www.hydraulic-cylinders.net\/pl\/contact-us\/\">wsp\u00f3\u0142pracowa\u0107 z nami<\/a>!<\/p>","protected":false},"excerpt":{"rendered":"<p>Trailing Suction Dredger Mud Door Cylinder The trailing suction dredger mud door cylinder is a vital hydraulic component designed to improve the efficiency and effectiveness of dredging operations. This cylinder plays a crucial role in controlling the opening and closing of the mud doors, ensuring seamless sediment intake and discharge. The trailing suction dredger mud [&hellip;]<\/p>","protected":false},"featured_media":1773,"comment_status":"open","ping_status":"closed","template":"","meta":{"_et_pb_use_builder":"","_et_pb_old_content":"","_et_gb_content_width":""},"product_brand":[],"product_cat":[1550,1535,1552,1376],"product_tag":[1380],"class_list":{"0":"post-1772","1":"product","2":"type-product","3":"status-publish","4":"has-post-thumbnail","6":"product_cat-double-acting-hydraulic-cylinder","7":"product_cat-dredger-hydraulic-cylinders","8":"product_cat-stainless-steel-hydraulic-cylinder","9":"product_cat-hydraulic-cylinder","10":"product_tag-hydraulic-cylinder","12":"first","13":"instock","14":"shipping-taxable","15":"product-type-simple"},"amp_enabled":true,"_links":{"self":[{"href":"https:\/\/www.hydraulic-cylinders.net\/pl\/wp-json\/wp\/v2\/product\/1772","targetHints":{"allow":["GET"]}}],"collection":[{"href":"https:\/\/www.hydraulic-cylinders.net\/pl\/wp-json\/wp\/v2\/product"}],"about":[{"href":"https:\/\/www.hydraulic-cylinders.net\/pl\/wp-json\/wp\/v2\/types\/product"}],"replies":[{"embeddable":true,"href":"https:\/\/www.hydraulic-cylinders.net\/pl\/wp-json\/wp\/v2\/comments?post=1772"}],"wp:featuredmedia":[{"embeddable":true,"href":"https:\/\/www.hydraulic-cylinders.net\/pl\/wp-json\/wp\/v2\/media\/1773"}],"wp:attachment":[{"href":"https:\/\/www.hydraulic-cylinders.net\/pl\/wp-json\/wp\/v2\/media?parent=1772"}],"wp:term":[{"taxonomy":"product_brand","embeddable":true,"href":"https:\/\/www.hydraulic-cylinders.net\/pl\/wp-json\/wp\/v2\/product_brand?post=1772"},{"taxonomy":"product_cat","embeddable":true,"href":"https:\/\/www.hydraulic-cylinders.net\/pl\/wp-json\/wp\/v2\/product_cat?post=1772"},{"taxonomy":"product_tag","embeddable":true,"href":"https:\/\/www.hydraulic-cylinders.net\/pl\/wp-json\/wp\/v2\/product_tag?post=1772"}],"curies":[{"name":"wp","href":"https:\/\/api.w.org\/{rel}","templated":true}]}}