{"id":1775,"date":"2023-10-13T06:57:31","date_gmt":"2023-10-13T06:57:31","guid":{"rendered":"https:\/\/hydraulic-cylinders.net\/?post_type=product&#038;p=1775"},"modified":"2025-04-15T05:54:54","modified_gmt":"2025-04-15T05:54:54","slug":"trailing-suction-dredger-overflow-cylinder","status":"publish","type":"product","link":"https:\/\/www.hydraulic-cylinders.net\/pl\/produkt\/trailing-suction-dredger-overflow-cylinder\/","title":{"rendered":"Cylinder przelewowy pog\u0142\u0119biarki ss\u0105cej"},"content":{"rendered":"<h1 style=\"text-align: center;\"><strong>Cylinder przelewowy pog\u0142\u0119biarki ss\u0105cej<\/strong><\/h1>\n<h1 style=\"text-align: center;\"><img loading=\"lazy\" decoding=\"async\" class=\"alignnone wp-image-1776\" src=\"https:\/\/hydraulic-cylinders.net\/wp-content\/uploads\/2023\/10\/trailing-suction-dredger-overflow-cylinder-1-300x300.webp\" alt=\"\" width=\"400\" height=\"400\" \/><\/h1>\n<p>Cylinder przelewowy pog\u0142\u0119biarki ss\u0105cej wleczonej to kluczowy element nowoczesnego sprz\u0119tu pog\u0142\u0119biarskiego. Zaprojektowany w celu optymalizacji wydajno\u015bci pog\u0142\u0119biarek ss\u0105cych wleczonych, cylinder ten odgrywa kluczow\u0105 rol\u0119 w zarz\u0105dzaniu systemem przelewowym.<\/p>\n<p>Cylinder przelewowy pog\u0142\u0119biarki ss\u0105cej z wleczon\u0105 pomp\u0105 jest niezb\u0119dnym elementem zapewniaj\u0105cym sprawne i efektywne prace pog\u0142\u0119biarskie. Dzi\u0119ki solidnej konstrukcji, precyzyjnemu sterowaniu, niezawodnemu dzia\u0142aniu i konfigurowalnym ustawieniom, cylinder ten poprawia og\u00f3ln\u0105 wydajno\u015b\u0107 pog\u0142\u0119biarek ss\u0105cych z wleczon\u0105 pomp\u0105. Przestrzegaj\u0105c zalecanych metod u\u017cytkowania i konserwacji, operatorzy mog\u0105 zmaksymalizowa\u0107 wydajno\u015b\u0107 i \u017cywotno\u015b\u0107 cylindra przelewowego, co ostatecznie przek\u0142ada si\u0119 na popraw\u0119 wydajno\u015bci i efektywno\u015bci prac pog\u0142\u0119biarskich.<\/p>\n<p>G\u0142\u00f3wne cechy cylindra przelewowego pog\u0142\u0119biarki ss\u0105cej:<\/p>\n<ol>\n<li>Solidna konstrukcja:<\/li>\n<\/ol>\n<ul>\n<li>Cylinder przelewowy wykonany jest z materia\u0142\u00f3w najwy\u017cszej jako\u015bci, co gwarantuje trwa\u0142o\u015b\u0107 i d\u0142ugowieczno\u015b\u0107 nawet w trudnych warunkach pog\u0142\u0119biania.<\/li>\n<li>Solidna konstrukcja pozwala na prac\u0119 w wysokich ci\u015bnieniach, trudnych warunkach i ci\u0105g\u0142ym u\u017cytkowaniu, zapewniaj\u0105c sta\u0142\u0105 wydajno\u015b\u0107 podczas prac pog\u0142\u0119biarskich.<\/li>\n<\/ul>\n<ol start=\"2\">\n<li>Precyzyjna kontrola:<\/li>\n<\/ol>\n<ul>\n<li>Cylinder ten zapewnia precyzyjn\u0105 kontrol\u0119 nad systemem przelewowym, umo\u017cliwiaj\u0105c dok\u0142adne zarz\u0105dzanie urobkiem.<\/li>\n<li>Zapewnia optymaln\u0105 kontrol\u0119 i regulacj\u0119 procesu przelewania, umo\u017cliwiaj\u0105c skuteczn\u0105 separacj\u0119 i odprowadzanie osad\u00f3w.<\/li>\n<\/ul>\n<ol start=\"3\">\n<li>Niezawodne dzia\u0142anie:<\/li>\n<\/ol>\n<ul>\n<li>Cylinder przelewowy zapewnia niezawodn\u0105 regulacj\u0119, gwarantuj\u0105c p\u0142ynn\u0105 i r\u00f3wnomiern\u0105 prac\u0119 uk\u0142adu przelewowego.<\/li>\n<li>Zapewnia niezb\u0119dn\u0105 si\u0142\u0119 do kontrolowania ruchu \u015bluzy przelewowej, gwarantuj\u0105c efektywne zarz\u0105dzanie przep\u0142ywem urobku.<\/li>\n<\/ul>\n<ol start=\"4\">\n<li>Ustawienia, kt\u00f3re mo\u017cna dostosowa\u0107:<\/li>\n<\/ol>\n<ul>\n<li>Si\u0142ownik ten umo\u017cliwia dostosowanie r\u00f3\u017cnych parametr\u00f3w, takich jak pr\u0119dko\u015b\u0107 otwierania i zamykania, d\u0142ugo\u015b\u0107 skoku oraz ci\u015bnienie si\u0142ownika.<\/li>\n<li>Operatorzy mog\u0105 dostosowa\u0107 te ustawienia do konkretnych wymaga\u0144 pog\u0142\u0119biania, optymalizuj\u0105c wydajno\u015b\u0107 i skuteczno\u015b\u0107 systemu przelewowego.<\/li>\n<\/ul>\n<h2><strong>Parametry cylindra przelewowego pog\u0142\u0119biarki ss\u0105cej:<\/strong><\/h2>\n<table border=\"1\" cellspacing=\"0\" cellpadding=\"0\">\n<tbody>\n<tr>\n<td>Nazwa produktu<\/td>\n<td>Cylinder przelewowy pog\u0142\u0119biarki ss\u0105cej<\/td>\n<\/tr>\n<tr>\n<td>Cechy:<\/td>\n<td>Zapewnij si\u0142\u0119 ci\u0105gn\u0105c\u0105 do podniesienia rury upustowej<\/td>\n<\/tr>\n<tr>\n<td>\u015arednica otworu:<\/td>\n<td>Do 280 mm<\/td>\n<\/tr>\n<tr>\n<td>\u015arednica pr\u0119ta:<\/td>\n<td>Do 180 mm<br \/>\nSkok do 6000 mm<\/td>\n<\/tr>\n<tr>\n<td>Ci\u015bnienie:<\/td>\n<td>do 32MPa<\/td>\n<\/tr>\n<tr>\n<td>Si\u0142a ci\u0105gn\u0105ca:<\/td>\n<td>Maksymalnie 900 kN<\/td>\n<\/tr>\n<tr>\n<td>Zastosowania:<\/td>\n<td>Pog\u0142\u0119biarka ss\u0105ca<\/td>\n<\/tr>\n<\/tbody>\n<\/table>\n<div><\/div>\n<div>\n<div class=\"txtboxL\">\n<div class=\"txtboxL\">\n<div class=\"txtboxL\">\n<div class=\"txtboxL\">Cechy:<\/div>\n<div class=\"txtboxR\">Zapewnij si\u0142\u0119 ci\u0105gn\u0105c\u0105 do podniesienia rury upustowej<\/div>\n<div class=\"txtboxL\">Specyfikacja:<\/div>\n<div class=\"txtboxR\">\u015arednica otworu: do 280 mm<br \/>\n\u015arednica pr\u0119ta: do 180mm<br \/>\nSkok do 6000 mm<\/div>\n<div class=\"txtboxL\">Ci\u015bnienie:<\/div>\n<div class=\"txtboxR\">do 32MPa<\/div>\n<div class=\"txtboxL\">Si\u0142a ci\u0105gn\u0105ca:<\/div>\n<div class=\"txtboxR\">Maksymalnie 900 kN<\/div>\n<\/div>\n<\/div>\n<\/div>\n<\/div>\n<h2><strong>Zastosowanie cylindr\u00f3w ss\u0105cych i tn\u0105cych zbiornik\u00f3w pog\u0142\u0119biarek:<\/strong><\/h2>\n<p><img loading=\"lazy\" decoding=\"async\" class=\"alignnone wp-image-1757 size-full\" src=\"https:\/\/hydraulic-cylinders.net\/wp-content\/uploads\/2023\/10\/dredger-tank-cylinder-1.webp\" alt=\"\" width=\"600\" height=\"400\" srcset=\"https:\/\/hydraulic-cylinders.net\/wp-content\/uploads\/2023\/10\/dredger-tank-cylinder-1.webp 600w, https:\/\/hydraulic-cylinders.net\/wp-content\/uploads\/2023\/10\/dredger-tank-cylinder-1-480x320.webp 480w\" sizes=\"(min-width: 0px) and (max-width: 480px) 480px, (min-width: 481px) 600px, 100vw\" \/><\/p>\n<h2><strong>Metoda u\u017cytkowania cylindra przelewowego pog\u0142\u0119biarki ss\u0105cej<\/strong><strong>:<\/strong><\/h2>\n<ol>\n<li><strong>Instalacja:<\/strong><\/li>\n<\/ol>\n<ul>\n<li>Follow the manufacturer&#8217;s guidelines to install the Overflow Cylinder securely onto the trailing suction dredger.<\/li>\n<li>Nale\u017cy zapewni\u0107 prawid\u0142owe wyr\u00f3wnanie i zamocowanie cylindra do zaworu przelewowego oraz powi\u0105zanych element\u00f3w, co pozwoli na p\u0142ynn\u0105 i niezawodn\u0105 prac\u0119.<\/li>\n<\/ul>\n<ol start=\"2\">\n<li><strong>Zarz\u0105dzanie systemem przepe\u0142nienia:<\/strong><\/li>\n<\/ol>\n<ul>\n<li>Utilize the dredger&#8217;s control system to operate and manage the Overflow Cylinder.<\/li>\n<li>Steruj otwieraniem i zamykaniem \u015bluzy przelewowej za pomoc\u0105 wyznaczonych element\u00f3w steruj\u0105cych, co pozwala na precyzyjn\u0105 kontrol\u0119 przep\u0142ywu i zrzutu urobku.<\/li>\n<\/ul>\n<ol start=\"3\">\n<li><strong>Operacje pog\u0142\u0119biarskie:<\/strong><\/li>\n<\/ol>\n<ul>\n<li>Podczas operacji pog\u0142\u0119biania nale\u017cy aktywowa\u0107 cylinder przelewowy, aby dostosowa\u0107 po\u0142o\u017cenie \u015bluzy przelewowej.<\/li>\n<li>Adjust the cylinder&#8217;s settings, such as speed and stroke length, to optimize the overflow process and ensure efficient sediment separation and discharge.<\/li>\n<\/ul>\n<h2><strong>Jak zdemontowa\u0107 cylinder hydrauliczny?<\/strong><\/h2>\n<p>Demonta\u017c cylindra hydraulicznego wymaga szczeg\u00f3lnej uwagi i przestrzegania odpowiednich procedur, aby zapewni\u0107 bezpieczny i efektywny demonta\u017c. Oto przewodnik krok po kroku, jak zdemontowa\u0107 cylindra hydraulicznego:<\/p>\n<ol>\n<li><strong>Zbierz niezb\u0119dne narz\u0119dzia i sprz\u0119t:<\/strong>\n<ul>\n<li>Klucze lub zestaw nasadek<\/li>\n<li>\u0141om lub \u015brubokr\u0119t<\/li>\n<li>M\u0142otek gumowy lub m\u0142otek bezodrzutowy<\/li>\n<li>Czyste szmaty lub r\u0119czniki warsztatowe<\/li>\n<li>Pojemnik lub miska na p\u0142yn hydrauliczny<\/li>\n<li>R\u0119kawice i okulary ochronne<\/li>\n<\/ul>\n<\/li>\n<li><strong>Przygotuj miejsce pracy:<\/strong>\n<ul>\n<li>Upewnij si\u0119, \u017ce dysponujesz czystym i zorganizowanym stanowiskiem pracy, z wystarczaj\u0105c\u0105 ilo\u015bci\u0105 miejsca na roz\u0142o\u017cenie zdemontowanych komponent\u00f3w.<\/li>\n<li>Pod\u0142\u00f3\u017c mat\u0119 ch\u0142onn\u0105 lub materia\u0142 poch\u0142aniaj\u0105cy olej, aby wychwyci\u0107 rozlany p\u0142yn hydrauliczny.<\/li>\n<\/ul>\n<\/li>\n<li><strong>Uwolnij ci\u015bnienie hydrauliczne:<\/strong>\n<ul>\n<li>Przed rozpocz\u0119ciem demonta\u017cu nale\u017cy uwolni\u0107 ci\u015bnienie hydrauliczne z cylindra. Mo\u017cna to zrobi\u0107 poprzez aktywacj\u0119 zaworu steruj\u0105cego uk\u0142adem hydraulicznym, aby ca\u0142kowicie cofn\u0105\u0107 cylinder.<\/li>\n<\/ul>\n<\/li>\n<li><strong>Demonta\u017c osprz\u0119tu i po\u0142\u0105cze\u0144:<\/strong>\n<ul>\n<li>Za pomoc\u0105 kluczy lub zestawu nasadek ostro\u017cnie poluzuj i zdejmij wszystkie z\u0142\u0105czki, przy\u0142\u0105cza lub w\u0119\u017ce hydrauliczne przymocowane do cylindra.<\/li>\n<li>Zwr\u00f3\u0107 uwag\u0119 na rozmieszczenie element\u00f3w i ich lokalizacj\u0119, aby umo\u017cliwi\u0107 ponowny monta\u017c.<\/li>\n<\/ul>\n<\/li>\n<li><strong>Zabezpiecz cylinder:<\/strong>\n<ul>\n<li>Upewnij si\u0119, \u017ce cylinder jest odpowiednio podparty, u\u017cywaj\u0105c odpowiedniego sto\u0142u warsztatowego lub imad\u0142a, aby zapobiec jego upadkowi lub stoczeniu si\u0119 podczas demonta\u017cu.<\/li>\n<\/ul>\n<\/li>\n<li><strong>Usu\u0144 d\u0142awik lub za\u015blepk\u0119:<\/strong>\n<ul>\n<li>D\u0142awik lub za\u015blepka znajduj\u0105 si\u0119 zazwyczaj na ko\u0144cu pr\u0119ta cylindra.<\/li>\n<li>Za pomoc\u0105 klucza lub nasadki poluzuj i wyjmij \u015bruby lub nakr\u0119tki mocuj\u0105ce.<\/li>\n<li>Je\u015bli d\u0142awik lub za\u015blepka s\u0105 zablokowane, mo\u017cesz lekko postuka\u0107 w nie gumowym m\u0142otkiem lub m\u0142otkiem bezodrzutowym, aby je poluzowa\u0107.<\/li>\n<li>Po poluzowaniu ostro\u017cnie zdejmij uszczelk\u0119 lub za\u015blepk\u0119, pozwalaj\u0105c, aby ca\u0142y p\u0142yn hydrauliczny sp\u0142yn\u0105\u0142 do miski ociekowej.<\/li>\n<\/ul>\n<\/li>\n<li><strong>Wyjmij zesp\u00f3\u0142 t\u0142oka i pr\u0119ta:<\/strong>\n<ul>\n<li>Po usuni\u0119ciu d\u0142awika lub za\u015blepki mo\u017cna uzyska\u0107 dost\u0119p do zespo\u0142u t\u0142oka i pr\u0119ta.<\/li>\n<li>Ostro\u017cnie wysu\u0144 zesp\u00f3\u0142 t\u0142oka i pr\u0119ta z cylindra, upewniaj\u0105c si\u0119, \u017ce mocno trzymasz, aby zapobiec jego wypadni\u0119ciu lub uszkodzeniu.<\/li>\n<li>Je\u015bli zesp\u00f3\u0142 jest zablokowany, mo\u017cesz u\u017cy\u0107 \u0142omu lub \u015brubokr\u0119tu, aby ostro\u017cnie wywrze\u0107 nacisk i pom\u00f3c w jego usuni\u0119ciu.<\/li>\n<\/ul>\n<\/li>\n<li><strong>Sprawd\u017a i wyczy\u015b\u0107 komponenty:<\/strong>\n<ul>\n<li>Po rozmontowaniu nale\u017cy sprawdzi\u0107 wszystkie podzespo\u0142y pod k\u0105tem \u015blad\u00f3w zu\u017cycia, uszkodze\u0144 lub zanieczyszcze\u0144.<\/li>\n<li>Dok\u0142adnie wyczy\u015b\u0107 podzespo\u0142y za pomoc\u0105 czystych szmatek lub r\u0119cznik\u00f3w papierowych, usuwaj\u0105c wszelkie zabrudzenia, zanieczyszczenia i p\u0142yn hydrauliczny.<\/li>\n<li>Zwr\u00f3\u0107 szczeg\u00f3ln\u0105 uwag\u0119 na t\u0142ok, pr\u0119t, cylinder i uszczelki.<\/li>\n<\/ul>\n<\/li>\n<li><strong>Wymie\u0144 lub napraw komponenty:<\/strong>\n<ul>\n<li>Je\u017celi jakiekolwiek podzespo\u0142y s\u0105 zu\u017cyte lub uszkodzone, zaleca si\u0119 ich wymian\u0119 na nowe.<\/li>\n<li>Sprawd\u017a, czy uszczelki nie wykazuj\u0105 \u015blad\u00f3w zu\u017cycia i w razie potrzeby wymie\u0144 je.<\/li>\n<li>Consult the manufacturer&#8217;s guidelines or seek professional advice if you are unsure about component replacement or repair.<\/li>\n<\/ul>\n<\/li>\n<li><strong>Ponowny monta\u017c:<\/strong>\n<ul>\n<li>Follow the manufacturer&#8217;s instructions for reassembling the hydraulic cylinder.<\/li>\n<li>Podczas ponownego monta\u017cu nale\u017cy pokry\u0107 uszczelki i elementy odpowiednim p\u0142ynem hydraulicznym lub \u015brodkiem smarnym.<\/li>\n<li>Upewnij si\u0119, \u017ce wszystkie elementy i po\u0142\u0105czenia s\u0105 dokr\u0119cone z zachowaniem okre\u015blonych warto\u015bci momentu obrotowego.<\/li>\n<li>Przed zako\u0144czeniem ponownego monta\u017cu nale\u017cy dok\u0142adnie sprawdzi\u0107 prawid\u0142owe ustawienie i orientacj\u0119 komponent\u00f3w.<\/li>\n<\/ul>\n<\/li>\n<\/ol>\n<h2><strong>Mo\u017cliwo\u015bci i pojemno\u015b\u0107 fabryki:<\/strong><\/h2>\n<h3>(1) Monta\u017c<\/h3>\n<p>Dysponujemy najwy\u017cszej klasy niezale\u017cn\u0105 platform\u0105 badawczo-rozwojow\u0105. Warsztat produkcji si\u0142ownik\u00f3w hydraulicznych posiada cztery p\u00f3\u0142automatyczne linie monta\u017cowe si\u0142ownik\u00f3w podnosz\u0105cych i jedn\u0105 automatyczn\u0105 lini\u0119 monta\u017cow\u0105 si\u0142ownik\u00f3w przechy\u0142u, o projektowanej rocznej zdolno\u015bci produkcyjnej 1 miliona sztuk. Specjalny warsztat cylindr\u00f3w jest wyposa\u017cony w r\u00f3\u017cne specyfikacje p\u00f3\u0142automatycznego systemu monta\u017cu czyszcz\u0105cego o projektowanej rocznej zdolno\u015bci produkcyjnej 200 000 i wyposa\u017cony w s\u0142ynny sprz\u0119t do obr\u00f3bki CNC, centrum obr\u00f3bcze, specjalny sprz\u0119t do precyzyjnej obr\u00f3bki cylindr\u00f3w, robot spawalniczy, automatyczna maszyna czyszcz\u0105ca, automatyczna maszyna do monta\u017cu cylindr\u00f3w i automatyczna linia produkcyjna do malowania. Istniej\u0105cy krytyczny sprz\u0119t sk\u0142ada si\u0119 z ponad 300 zestaw\u00f3w. Optymalna alokacja i efektywne wykorzystanie zasob\u00f3w sprz\u0119towych zapewniaj\u0105 wymagania dotycz\u0105ce dok\u0142adno\u015bci produkt\u00f3w i spe\u0142niaj\u0105 potrzeby wysokiej jako\u015bci produkt\u00f3w.<\/p>\n<p><img loading=\"lazy\" decoding=\"async\" class=\"alignnone wp-image-626\" src=\"https:\/\/hydraulic-cylinders.net\/wp-content\/uploads\/2023\/08\/hydraulic-cylinder-product-1-300x158.webp\" alt=\"\" width=\"495\" height=\"260\" srcset=\"https:\/\/hydraulic-cylinders.net\/wp-content\/uploads\/2023\/08\/hydraulic-cylinder-product-1-300x158.webp 495w, https:\/\/hydraulic-cylinders.net\/wp-content\/uploads\/2023\/08\/hydraulic-cylinder-product-1-480x252.webp 480w\" sizes=\"(min-width: 0px) and (max-width: 480px) 480px, (min-width: 481px) 495px, 100vw\" \/> <img loading=\"lazy\" decoding=\"async\" class=\"alignnone wp-image-627\" src=\"https:\/\/hydraulic-cylinders.net\/wp-content\/uploads\/2023\/08\/hydraulic-cylinder-product-2-300x189.webp\" alt=\"\" width=\"413\" height=\"260\" \/><\/p>\n<h3>(2) Obr\u00f3bka<\/h3>\n<p>Warsztat obr\u00f3bki skrawaniem jest wyposa\u017cony w niestandardowe centrum tokarskie z pochylon\u0105 szyn\u0105, centrum obr\u00f3bcze, szybkobie\u017cn\u0105 honownic\u0119, robota spawalniczego i inny powi\u0105zany sprz\u0119t, kt\u00f3ry mo\u017ce obs\u0142ugiwa\u0107 przetwarzanie rur cylindrycznych o maksymalnej \u015brednicy wewn\u0119trznej 400 mm i maksymalnej d\u0142ugo\u015bci 6 metr\u00f3w.<\/p>\n<p><img loading=\"lazy\" decoding=\"async\" class=\"alignnone wp-image-628 size-large\" src=\"https:\/\/hydraulic-cylinders.net\/wp-content\/uploads\/2023\/08\/hydraulic-cylinder-product-3-1024x391.webp\" alt=\"\" width=\"1024\" height=\"391\" srcset=\"https:\/\/hydraulic-cylinders.net\/wp-content\/uploads\/2023\/08\/hydraulic-cylinder-product-3-980x374.webp 980w, https:\/\/hydraulic-cylinders.net\/wp-content\/uploads\/2023\/08\/hydraulic-cylinder-product-3-480x183.webp 480w\" sizes=\"(min-width: 0px) and (max-width: 480px) 480px, (min-width: 481px) and (max-width: 980px) 980px, (min-width: 981px) 1024px, 100vw\" \/><\/p>\n<h3>(3) Spawanie<\/h3>\n<p><img loading=\"lazy\" decoding=\"async\" class=\"alignnone wp-image-629 size-large\" src=\"https:\/\/hydraulic-cylinders.net\/wp-content\/uploads\/2023\/08\/hydraulic-cylinder-product-4-1024x510.webp\" alt=\"\" width=\"1024\" height=\"510\" srcset=\"https:\/\/hydraulic-cylinders.net\/wp-content\/uploads\/2023\/08\/hydraulic-cylinder-product-4-980x488.webp 980w, https:\/\/hydraulic-cylinders.net\/wp-content\/uploads\/2023\/08\/hydraulic-cylinder-product-4-480x239.webp 480w\" sizes=\"(min-width: 0px) and (max-width: 480px) 480px, (min-width: 481px) and (max-width: 980px) 980px, (min-width: 981px) 1024px, 100vw\" \/><\/p>\n<h3>(4) Malowanie i powlekanie<\/h3>\n<p>Z ma\u0142ymi i \u015brednimi automatycznymi liniami do powlekania farbami na bazie wody, w celu osi\u0105gni\u0119cia automatycznego za\u0142adunku i roz\u0142adunku robota oraz automatycznego natryskiwania, wydajno\u015b\u0107 projektowa 4000 sztuk na zmian\u0119;<br \/>\nPosiadamy r\u00f3wnie\u017c p\u00f3\u0142automatyczn\u0105 lini\u0119 do produkcji farb do du\u017cych cylindr\u00f3w nap\u0119dzan\u0105 \u0142a\u0144cuchem nap\u0119dowym, o wydajno\u015bci 60 skrzy\u0144 na zmian\u0119.<\/p>\n<p><img loading=\"lazy\" decoding=\"async\" class=\"alignnone wp-image-630\" src=\"https:\/\/hydraulic-cylinders.net\/wp-content\/uploads\/2023\/08\/hydraulic-cylinder-product-5-300x213.webp\" alt=\"\" width=\"366\" height=\"260\" \/> <img loading=\"lazy\" decoding=\"async\" class=\"alignnone wp-image-631\" src=\"https:\/\/hydraulic-cylinders.net\/wp-content\/uploads\/2023\/08\/hydraulic-cylinder-product-6-300x225.webp\" alt=\"\" width=\"347\" height=\"260\" \/><\/p>\n<h3>(5) Testowanie<\/h3>\n<p>Dysponujemy najwy\u017cszej klasy urz\u0105dzeniami kontrolnymi i stanowiskami testowymi, aby zapewni\u0107, \u017ce wydajno\u015b\u0107 cylindra spe\u0142nia wymagania.<\/p>\n<p><img loading=\"lazy\" decoding=\"async\" class=\"alignnone wp-image-632\" src=\"https:\/\/hydraulic-cylinders.net\/wp-content\/uploads\/2023\/08\/hydraulic-cylinder-product-8-300x200.webp\" alt=\"\" width=\"389\" height=\"260\" \/><\/p>\n<p>&nbsp;<\/p>\n<p>&nbsp;<\/p>\n<p>Jeste\u015bmy jednym z najlepszych producent\u00f3w cylindr\u00f3w hydraulicznych. Oferujemy kompleksow\u0105 ofert\u0119 cylindr\u00f3w hydraulicznych. Dostarczamy r\u00f3wnie\u017c\u2026 <a href=\"https:\/\/hzpt.com\/agricultural-pto-gearbox\/\" target=\"_blank\" rel=\"noopener\">przek\u0142adnie rolnicze<\/a>. Eksportowali\u015bmy nasze produkty do klient\u00f3w na ca\u0142ym \u015bwiecie i zdobyli\u015bmy dobr\u0105 reputacj\u0119 dzi\u0119ki najwy\u017cszej jako\u015bci produkt\u00f3w i us\u0142ug posprzeda\u017cnych. Zapraszamy klient\u00f3w w kraju i za granic\u0105 do kontaktu z nami w celu negocjacji biznesowych, wymiany informacji i <a href=\"https:\/\/www.hydraulic-cylinders.net\/pl\/contact-us\/\">wsp\u00f3\u0142pracowa\u0107 z nami<\/a>!<\/p>","protected":false},"excerpt":{"rendered":"<p>Trailing Suction Dredger Overflow Cylinder The trailing suction dredger overflow cylinder is a vital component in modern dredging equipment. Designed to optimize the performance of trailing suction dredgers, this cylinder plays a crucial role in managing the overflow system. The trailing suction dredger overflow cylinder is an essential component for achieving efficient and effective dredging [&hellip;]<\/p>","protected":false},"featured_media":1777,"comment_status":"open","ping_status":"closed","template":"","meta":{"_et_pb_use_builder":"","_et_pb_old_content":"","_et_gb_content_width":""},"product_brand":[],"product_cat":[1535,1549,1552,1376],"product_tag":[1380],"class_list":{"0":"post-1775","1":"product","2":"type-product","3":"status-publish","4":"has-post-thumbnail","6":"product_cat-dredger-hydraulic-cylinders","7":"product_cat-single-acting-hydraulic-cylinder","8":"product_cat-stainless-steel-hydraulic-cylinder","9":"product_cat-hydraulic-cylinder","10":"product_tag-hydraulic-cylinder","12":"first","13":"instock","14":"shipping-taxable","15":"product-type-simple"},"amp_enabled":true,"_links":{"self":[{"href":"https:\/\/www.hydraulic-cylinders.net\/pl\/wp-json\/wp\/v2\/product\/1775","targetHints":{"allow":["GET"]}}],"collection":[{"href":"https:\/\/www.hydraulic-cylinders.net\/pl\/wp-json\/wp\/v2\/product"}],"about":[{"href":"https:\/\/www.hydraulic-cylinders.net\/pl\/wp-json\/wp\/v2\/types\/product"}],"replies":[{"embeddable":true,"href":"https:\/\/www.hydraulic-cylinders.net\/pl\/wp-json\/wp\/v2\/comments?post=1775"}],"wp:featuredmedia":[{"embeddable":true,"href":"https:\/\/www.hydraulic-cylinders.net\/pl\/wp-json\/wp\/v2\/media\/1777"}],"wp:attachment":[{"href":"https:\/\/www.hydraulic-cylinders.net\/pl\/wp-json\/wp\/v2\/media?parent=1775"}],"wp:term":[{"taxonomy":"product_brand","embeddable":true,"href":"https:\/\/www.hydraulic-cylinders.net\/pl\/wp-json\/wp\/v2\/product_brand?post=1775"},{"taxonomy":"product_cat","embeddable":true,"href":"https:\/\/www.hydraulic-cylinders.net\/pl\/wp-json\/wp\/v2\/product_cat?post=1775"},{"taxonomy":"product_tag","embeddable":true,"href":"https:\/\/www.hydraulic-cylinders.net\/pl\/wp-json\/wp\/v2\/product_tag?post=1775"}],"curies":[{"name":"wp","href":"https:\/\/api.w.org\/{rel}","templated":true}]}}