{"id":1778,"date":"2023-10-13T07:48:25","date_gmt":"2023-10-13T07:48:25","guid":{"rendered":"https:\/\/hydraulic-cylinders.net\/?post_type=product&#038;p=1778"},"modified":"2025-04-15T05:54:51","modified_gmt":"2025-04-15T05:54:51","slug":"barge-split-cylinder","status":"publish","type":"product","link":"https:\/\/www.hydraulic-cylinders.net\/pl\/produkt\/barge-split-cylinder\/","title":{"rendered":"Cylinder dzielony Barge"},"content":{"rendered":"<h1 style=\"text-align: center;\"><strong>Cylinder dzielony Barge<\/strong><\/h1>\n<h1 style=\"text-align: center;\"><img loading=\"lazy\" decoding=\"async\" class=\"alignnone size-medium wp-image-1782\" src=\"https:\/\/hydraulic-cylinders.net\/wp-content\/uploads\/2023\/10\/split-cylinder-1-0-300x300.webp\" alt=\"\" width=\"300\" height=\"300\" \/><\/h1>\n<p>Si\u0142ownik hydrauliczny dzielony do barek to rewolucyjny produkt zaprojektowany z my\u015bl\u0105 o optymalizacji operacji morskich, w szczeg\u00f3lno\u015bci w transporcie i obs\u0142udze towar\u00f3w i materia\u0142\u00f3w. Ten innowacyjny si\u0142ownik hydrauliczny oferuje szereg funkcji i korzy\u015bci, kt\u00f3re zwi\u0119kszaj\u0105 wydajno\u015b\u0107, bezpiecze\u0144stwo i produktywno\u015b\u0107.<\/p>\n<p>Si\u0142ownik dzielony do barek oferuje szereg funkcji i korzy\u015bci, kt\u00f3re zwi\u0119kszaj\u0105 wydajno\u015b\u0107, bezpiecze\u0144stwo i produktywno\u015b\u0107 w operacjach morskich. Jego dzielona konstrukcja, du\u017ca no\u015bno\u015b\u0107, precyzyjne sterowanie i niezawodny uk\u0142ad hydrauliczny sprawiaj\u0105, \u017ce jest on cenny w prze\u0142adunku, pracach pog\u0142\u0119biarskich i pracach budowlanych na morzu. Przestrzegaj\u0105c zalecanych metod u\u017cytkowania i konserwacji, operatorzy mog\u0105 zmaksymalizowa\u0107 wydajno\u015b\u0107 i \u017cywotno\u015b\u0107 cylindra dzielony do barek, co ostatecznie przek\u0142ada si\u0119 na popraw\u0119 wydajno\u015bci i efektywno\u015bci operacji morskich.<\/p>\n<p>Klucz cylindra dzielonego Barge \u2013 charakterystyka:<\/p>\n<ol>\n<li>Podzielona konstrukcja dla wi\u0119kszej wszechstronno\u015bci:<\/li>\n<\/ol>\n<ul>\n<li>Dzielony cylinder barkowy charakteryzuje si\u0119 unikaln\u0105 dzielon\u0105 konstrukcj\u0105, umo\u017cliwiaj\u0105c\u0105 \u0142atw\u0105 instalacj\u0119 i demonta\u017c.<\/li>\n<li>Taka konstrukcja pozwala na szybkie i sprawne mocowanie lub od\u0142\u0105czanie cylindra, gwarantuj\u0105c elastyczno\u015b\u0107 i mo\u017cliwo\u015b\u0107 dostosowania do r\u00f3\u017cnych zastosowa\u0144 morskich.<\/li>\n<\/ul>\n<ol start=\"2\">\n<li>Wysoka \u0142adowno\u015b\u0107:<\/li>\n<\/ol>\n<ul>\n<li>Cylinder charakteryzuje si\u0119 solidn\u0105 konstrukcj\u0105, zdoln\u0105 wytrzyma\u0107 du\u017ce obci\u0105\u017cenia i trudne warunki morskie.<\/li>\n<li>Dzi\u0119ki du\u017cej \u0142adowno\u015bci nadaje si\u0119 do zastosowa\u0144 morskich, w tym prze\u0142adunku towar\u00f3w, pog\u0142\u0119biania i budownictwa morskiego.<\/li>\n<\/ul>\n<ol start=\"3\">\n<li>Precyzyjna kontrola i pozycjonowanie:<\/li>\n<\/ol>\n<ul>\n<li>Dzielony cylinder barki zapewnia precyzyjne sterowanie i pozycjonowanie, umo\u017cliwiaj\u0105c dok\u0142adn\u0105 manipulacj\u0119 \u0142adunkami lub materia\u0142ami.<\/li>\n<li>Operatorzy mog\u0105 wykonywa\u0107 p\u0142ynne i kontrolowane ruchy, gwarantuj\u0105c precyzyjne rozmieszczenie i wyr\u00f3wnanie podczas prze\u0142adunku towar\u00f3w lub innych operacji morskich.<\/li>\n<\/ul>\n<ol start=\"4\">\n<li>Niezawodny uk\u0142ad hydrauliczny:<\/li>\n<\/ol>\n<ul>\n<li>Wyposa\u017cony w niezawodny uk\u0142ad hydrauliczny cylinder gwarantuje sta\u0142\u0105 wydajno\u015b\u0107 i p\u0142ynn\u0105 prac\u0119.<\/li>\n<li>Uk\u0142ad hydrauliczny zapewnia odpowiedni\u0105 moc i kontrol\u0119, umo\u017cliwiaj\u0105c bezproblemow\u0105 i wydajn\u0105 prac\u0119 cylindra w wymagaj\u0105cych warunkach morskich.<\/li>\n<\/ul>\n<h2><strong>Parametry cylindra dzielonego Barge:<\/strong><\/h2>\n<table border=\"1\" cellspacing=\"0\" cellpadding=\"0\">\n<tbody>\n<tr>\n<td>Nazwa produktu<\/td>\n<td>Podzielona barka Podzielony cylinder<\/td>\n<\/tr>\n<tr>\n<td>Cechy:<\/td>\n<td>Zamkni\u0119ty kad\u0142ub<\/td>\n<\/tr>\n<tr>\n<td>\u015arednica otworu:<\/td>\n<td>Do 550 mm<\/td>\n<\/tr>\n<tr>\n<td>\u015arednica pr\u0119ta:<\/td>\n<td>Do 280 mm<br \/>\nSkok \u22641000 mm<\/td>\n<\/tr>\n<tr>\n<td>Si\u0142a poci\u0105gowa:<\/td>\n<td>Do 6000 kN<\/td>\n<\/tr>\n<tr>\n<td>Ci\u015bnienie:<\/td>\n<td>Do 38 MPa<\/td>\n<\/tr>\n<tr>\n<td>Zastosowania:<\/td>\n<td>Podzielona barka<\/td>\n<\/tr>\n<\/tbody>\n<\/table>\n<div><\/div>\n<div>\n<div class=\"txtboxL\">\n<div class=\"txtboxL\">\n<div class=\"txtboxL\">\n<div class=\"txtboxL\">\n<div class=\"txtboxL\">Cechy:<\/div>\n<div class=\"txtboxR\">Zamkni\u0119ty kad\u0142ub<\/div>\n<div class=\"txtboxL\">Specyfikacja:<\/div>\n<div class=\"txtboxR\">\u015arednica otworu: do 550 mm<br \/>\n\u015arednica pr\u0119ta: do 280mm<br \/>\nSkok \u22641000 mm<\/div>\n<div class=\"txtboxL\">Si\u0142a poci\u0105gowa:<\/div>\n<div class=\"txtboxR\">do 6000 kN<\/div>\n<div class=\"txtboxL\">ci\u015bnienie:<\/div>\n<div class=\"txtboxR\">do 38MPa<\/div>\n<\/div>\n<\/div>\n<\/div>\n<\/div>\n<\/div>\n<h2><strong>Zastosowanie cylindra dzielonego Barge:<\/strong><\/h2>\n<p><img loading=\"lazy\" decoding=\"async\" class=\"alignnone wp-image-1780 size-full\" src=\"https:\/\/hydraulic-cylinders.net\/wp-content\/uploads\/2023\/10\/split-barge-cylinder-1.webp\" alt=\"\" width=\"1418\" height=\"946\" srcset=\"https:\/\/hydraulic-cylinders.net\/wp-content\/uploads\/2023\/10\/split-barge-cylinder-1.webp 1418w, https:\/\/hydraulic-cylinders.net\/wp-content\/uploads\/2023\/10\/split-barge-cylinder-1-1280x854.webp 1280w, https:\/\/hydraulic-cylinders.net\/wp-content\/uploads\/2023\/10\/split-barge-cylinder-1-980x654.webp 980w, https:\/\/hydraulic-cylinders.net\/wp-content\/uploads\/2023\/10\/split-barge-cylinder-1-480x320.webp 480w\" sizes=\"(min-width: 0px) and (max-width: 480px) 480px, (min-width: 481px) and (max-width: 980px) 980px, (min-width: 981px) and (max-width: 1280px) 1280px, (min-width: 1281px) 1418px, 100vw\" \/><\/p>\n<h2><strong>Metoda u\u017cytkowania cylindra dzielonego barki<\/strong><strong>:<\/strong><\/h2>\n<ol>\n<li><strong>Instalacja:<\/strong><\/li>\n<\/ol>\n<ul>\n<li>Zacznij od zapewnienia bezpiecznego i stabilnego fundamentu dla barki lub statku.<\/li>\n<li>Umie\u015b\u0107 dzielony cylinder barki w wybranym miejscu na barce, upewniaj\u0105c si\u0119, \u017ce jest w\u0142a\u015bciwie ustawiony wzgl\u0119dem \u0142adunku lub materia\u0142u, kt\u00f3ry ma by\u0107 obs\u0142ugiwany.<\/li>\n<li>Solidnie zamocuj cylinder, u\u017cywaj\u0105c odpowiedniego osprz\u0119tu monta\u017cowego i post\u0119puj zgodnie ze wskaz\u00f3wkami producenta dotycz\u0105cymi momentu dokr\u0119cania.<\/li>\n<\/ul>\n<ol start=\"2\">\n<li><strong>Po\u0142\u0105czenia hydrauliczne:<\/strong><\/li>\n<\/ol>\n<ul>\n<li>Pod\u0142\u0105cz w\u0119\u017ce hydrauliczne z uk\u0142adu barki do cylindra dzielonego barki.<\/li>\n<li>Sprawd\u017a, czy po\u0142\u0105czenia s\u0105 szczelne i nie ma wyciek\u00f3w.<\/li>\n<li>Sprawd\u017a ustawienia ci\u015bnienia i przep\u0142ywu uk\u0142adu hydraulicznego, aby upewni\u0107 si\u0119, \u017ce s\u0105 one zgodne z wymaganiami cylindra.<\/li>\n<\/ul>\n<ol start=\"3\">\n<li><strong>Obs\u0142uga \u0142adunk\u00f3w:<\/strong><\/li>\n<\/ol>\n<ul>\n<li>W\u0142\u0105cz uk\u0142ad hydrauliczny barki i u\u017cyj element\u00f3w steruj\u0105cych, aby w razie potrzeby wysun\u0105\u0107 lub schowa\u0107 si\u0142ownik dzielony barki.<\/li>\n<li>Wykorzystaj precyzyjne funkcje sterowania, aby manipulowa\u0107 \u0142adunkiem lub materia\u0142em z dok\u0142adno\u015bci\u0105 i wydajno\u015bci\u0105.<\/li>\n<li>Monitoruj \u0142adunek w trakcie jego przenoszenia, aby zapewni\u0107 bezpieczn\u0105 i pewn\u0105 prac\u0119.<\/li>\n<\/ul>\n<h2><strong>Jak zdemontowa\u0107 si\u0142ownik hydrauliczny z fotela?<\/strong><\/h2>\n<p>Aby zdemontowa\u0107 si\u0142ownik hydrauliczny z krzes\u0142a, b\u0119dziesz potrzebowa\u0107 kilku niezb\u0119dnych narz\u0119dzi i post\u0119powa\u0107 zgodnie z poni\u017csz\u0105 instrukcj\u0105 krok po kroku:<\/p>\n<ol>\n<li><strong>Zbierz niezb\u0119dne narz\u0119dzia:<\/strong>\n<ul>\n<li>Klucz nastawny lub klucz do rur<\/li>\n<li>M\u0142otek gumowy lub m\u0142otek<\/li>\n<li>\u015arubokr\u0119t (je\u015bli wymagany)<\/li>\n<\/ul>\n<\/li>\n<li><strong>Przygotuj miejsce pracy:<\/strong>\n<ul>\n<li>Zadbaj o to, aby Twoje miejsce pracy by\u0142o czyste i dobrze o\u015bwietlone.<\/li>\n<li>Aby zapobiec uszkodzeniu krzes\u0142a lub otaczaj\u0105cego go obszaru, po\u0142\u00f3\u017c na pod\u0142odze tkanin\u0119 lub inn\u0105 os\u0142on\u0119 ochronn\u0105.<\/li>\n<\/ul>\n<\/li>\n<li><strong>Zlokalizuj punkty mocowania:<\/strong>\n<ul>\n<li>Sprawd\u017a krzes\u0142o, aby zidentyfikowa\u0107 punkty mocowania si\u0142ownika hydraulicznego. Zazwyczaj znajduj\u0105 si\u0119 one pod siedziskiem krzes\u0142a.<\/li>\n<li>Sprawd\u017a, czy punkty mocowania nie s\u0105 zakryte os\u0142onami lub nak\u0142adkami ochronnymi.<\/li>\n<\/ul>\n<\/li>\n<li><strong>Zdejmij wszelkie os\u0142ony i za\u015blepki:<\/strong>\n<ul>\n<li>Je\u015bli na punktach mocowania znajduj\u0105 si\u0119 os\u0142ony lub za\u015blepki, usu\u0144 je za pomoc\u0105 \u015brubokr\u0119ta lub palc\u00f3w.<\/li>\n<li>Od\u0142\u00f3\u017c pokrywy i za\u015blepki w bezpieczne miejsce.<\/li>\n<\/ul>\n<\/li>\n<li><strong>Odkr\u0119\u0107 nakr\u0119tk\u0119 zabezpieczaj\u0105c\u0105:<\/strong>\n<ul>\n<li>Za pomoc\u0105 klucza nastawnego lub klucza rurowego uchwy\u0107 nakr\u0119tk\u0119 mocuj\u0105c\u0105 na g\u00f3rze cylindra hydraulicznego.<\/li>\n<li>Aby poluzowa\u0107 nakr\u0119tk\u0119, przekr\u0119\u0107 klucz w kierunku przeciwnym do ruchu wskaz\u00f3wek zegara.<\/li>\n<li>Nale\u017cy pami\u0119ta\u0107, \u017ce niekt\u00f3re krzes\u0142a mog\u0105 mie\u0107 zacisk zabezpieczaj\u0105cy zamiast nakr\u0119tki. W takich przypadkach mo\u017ce by\u0107 konieczne zdj\u0119cie zacisku za pomoc\u0105 szczypiec lub \u015brubokr\u0119ta.<\/li>\n<\/ul>\n<\/li>\n<li><strong>Wyjmij cylinder z podstawy krzes\u0142a:<\/strong>\n<ul>\n<li>Po poluzowaniu nakr\u0119tki mocuj\u0105cej, mocno chwy\u0107 siedzisko krzes\u0142a jedn\u0105 r\u0119k\u0105, aby je ustabilizowa\u0107.<\/li>\n<li>Drug\u0105 r\u0119k\u0105 mocno chwy\u0107 g\u00f3rn\u0105 cz\u0119\u015b\u0107 cylindra hydraulicznego.<\/li>\n<li>Przy\u0142\u00f3\u017c si\u0142\u0119 skierowan\u0105 do g\u00f3ry, jednocze\u015bnie przekr\u0119caj\u0105c i poci\u0105gaj\u0105c cylinder, aby oddzieli\u0107 go od podstawy krzes\u0142a.<\/li>\n<li>Je\u015bli cylinder jest zablokowany, mo\u017cesz delikatnie postuka\u0107 w niego gumowym m\u0142otkiem, aby pom\u00f3c go poluzowa\u0107.<\/li>\n<\/ul>\n<\/li>\n<li><strong>Sprawd\u017a i wyczy\u015b\u0107:<\/strong>\n<ul>\n<li>Po wyj\u0119ciu cylindra hydraulicznego nale\u017cy sprawdzi\u0107, czy nie ma na nim \u015blad\u00f3w uszkodze\u0144 lub zu\u017cycia.<\/li>\n<li>W razie konieczno\u015bci wyczy\u015b\u0107 cylinder i podstaw\u0119 krzes\u0142a szmatk\u0105 lub \u0142agodnym \u015brodkiem czyszcz\u0105cym.<\/li>\n<li>Sprawd\u017a punkty mocowania na krze\u015ble, aby upewni\u0107 si\u0119, \u017ce s\u0105 czyste i wolne od zanieczyszcze\u0144.<\/li>\n<\/ul>\n<\/li>\n<li><strong>Wymiana lub konserwacja:<\/strong>\n<ul>\n<li>Je\u015bli demontujesz cylinder hydrauliczny w celu konserwacji lub wymiany, post\u0119puj zgodnie z instrukcjami producenta dotycz\u0105cymi konkretnego modelu krzes\u0142a.<\/li>\n<li>Je\u015bli cylinder jest uszkodzony lub dzia\u0142a nieprawid\u0142owo, skontaktuj si\u0119 z producentem lub specjalist\u0105 od naprawy krzese\u0142, aby uzyska\u0107 odpowiedni element zamienny.<\/li>\n<\/ul>\n<\/li>\n<\/ol>\n<h2><strong>Mo\u017cliwo\u015bci i pojemno\u015b\u0107 fabryki:<\/strong><\/h2>\n<h3>(1) Monta\u017c<\/h3>\n<p>Dysponujemy najwy\u017cszej klasy niezale\u017cn\u0105 platform\u0105 badawczo-rozwojow\u0105. Warsztat produkcji si\u0142ownik\u00f3w hydraulicznych posiada cztery p\u00f3\u0142automatyczne linie monta\u017cowe si\u0142ownik\u00f3w podnosz\u0105cych i jedn\u0105 automatyczn\u0105 lini\u0119 monta\u017cow\u0105 si\u0142ownik\u00f3w przechy\u0142u, o projektowanej rocznej zdolno\u015bci produkcyjnej 1 miliona sztuk. Specjalny warsztat cylindr\u00f3w jest wyposa\u017cony w r\u00f3\u017cne specyfikacje p\u00f3\u0142automatycznego systemu monta\u017cu czyszcz\u0105cego o projektowanej rocznej zdolno\u015bci produkcyjnej 200 000 i wyposa\u017cony w s\u0142ynny sprz\u0119t do obr\u00f3bki CNC, centrum obr\u00f3bcze, specjalny sprz\u0119t do precyzyjnej obr\u00f3bki cylindr\u00f3w, robot spawalniczy, automatyczna maszyna czyszcz\u0105ca, automatyczna maszyna do monta\u017cu cylindr\u00f3w i automatyczna linia produkcyjna do malowania. Istniej\u0105cy krytyczny sprz\u0119t sk\u0142ada si\u0119 z ponad 300 zestaw\u00f3w. Optymalna alokacja i efektywne wykorzystanie zasob\u00f3w sprz\u0119towych zapewniaj\u0105 wymagania dotycz\u0105ce dok\u0142adno\u015bci produkt\u00f3w i spe\u0142niaj\u0105 potrzeby wysokiej jako\u015bci produkt\u00f3w.<\/p>\n<p><img loading=\"lazy\" decoding=\"async\" class=\"alignnone wp-image-626\" src=\"https:\/\/hydraulic-cylinders.net\/wp-content\/uploads\/2023\/08\/hydraulic-cylinder-product-1-300x158.webp\" alt=\"\" width=\"495\" height=\"260\" srcset=\"https:\/\/hydraulic-cylinders.net\/wp-content\/uploads\/2023\/08\/hydraulic-cylinder-product-1-300x158.webp 495w, https:\/\/hydraulic-cylinders.net\/wp-content\/uploads\/2023\/08\/hydraulic-cylinder-product-1-480x252.webp 480w\" sizes=\"(min-width: 0px) and (max-width: 480px) 480px, (min-width: 481px) 495px, 100vw\" \/> <img loading=\"lazy\" decoding=\"async\" class=\"alignnone wp-image-627\" src=\"https:\/\/hydraulic-cylinders.net\/wp-content\/uploads\/2023\/08\/hydraulic-cylinder-product-2-300x189.webp\" alt=\"\" width=\"413\" height=\"260\" \/><\/p>\n<h3>(2) Obr\u00f3bka<\/h3>\n<p>Warsztat obr\u00f3bki skrawaniem jest wyposa\u017cony w niestandardowe centrum tokarskie z pochylon\u0105 szyn\u0105, centrum obr\u00f3bcze, szybkobie\u017cn\u0105 honownic\u0119, robota spawalniczego i inny powi\u0105zany sprz\u0119t, kt\u00f3ry mo\u017ce obs\u0142ugiwa\u0107 przetwarzanie rur cylindrycznych o maksymalnej \u015brednicy wewn\u0119trznej 400 mm i maksymalnej d\u0142ugo\u015bci 6 metr\u00f3w.<\/p>\n<p><img loading=\"lazy\" decoding=\"async\" class=\"alignnone wp-image-628 size-large\" src=\"https:\/\/hydraulic-cylinders.net\/wp-content\/uploads\/2023\/08\/hydraulic-cylinder-product-3-1024x391.webp\" alt=\"\" width=\"1024\" height=\"391\" srcset=\"https:\/\/hydraulic-cylinders.net\/wp-content\/uploads\/2023\/08\/hydraulic-cylinder-product-3-980x374.webp 980w, https:\/\/hydraulic-cylinders.net\/wp-content\/uploads\/2023\/08\/hydraulic-cylinder-product-3-480x183.webp 480w\" sizes=\"(min-width: 0px) and (max-width: 480px) 480px, (min-width: 481px) and (max-width: 980px) 980px, (min-width: 981px) 1024px, 100vw\" \/><\/p>\n<h3>(3) Spawanie<\/h3>\n<p><img loading=\"lazy\" decoding=\"async\" class=\"alignnone wp-image-629 size-large\" src=\"https:\/\/hydraulic-cylinders.net\/wp-content\/uploads\/2023\/08\/hydraulic-cylinder-product-4-1024x510.webp\" alt=\"\" width=\"1024\" height=\"510\" srcset=\"https:\/\/hydraulic-cylinders.net\/wp-content\/uploads\/2023\/08\/hydraulic-cylinder-product-4-980x488.webp 980w, https:\/\/hydraulic-cylinders.net\/wp-content\/uploads\/2023\/08\/hydraulic-cylinder-product-4-480x239.webp 480w\" sizes=\"(min-width: 0px) and (max-width: 480px) 480px, (min-width: 481px) and (max-width: 980px) 980px, (min-width: 981px) 1024px, 100vw\" \/><\/p>\n<h3>(4) Malowanie i powlekanie<\/h3>\n<p>Z ma\u0142ymi i \u015brednimi automatycznymi liniami do powlekania farbami na bazie wody, w celu osi\u0105gni\u0119cia automatycznego za\u0142adunku i roz\u0142adunku robota oraz automatycznego natryskiwania, wydajno\u015b\u0107 projektowa 4000 sztuk na zmian\u0119;<br \/>\nPosiadamy r\u00f3wnie\u017c p\u00f3\u0142automatyczn\u0105 lini\u0119 do produkcji farb do du\u017cych cylindr\u00f3w nap\u0119dzan\u0105 \u0142a\u0144cuchem nap\u0119dowym, o wydajno\u015bci 60 skrzy\u0144 na zmian\u0119.<\/p>\n<p><img loading=\"lazy\" decoding=\"async\" class=\"alignnone wp-image-630\" src=\"https:\/\/hydraulic-cylinders.net\/wp-content\/uploads\/2023\/08\/hydraulic-cylinder-product-5-300x213.webp\" alt=\"\" width=\"366\" height=\"260\" \/> <img loading=\"lazy\" decoding=\"async\" class=\"alignnone wp-image-631\" src=\"https:\/\/hydraulic-cylinders.net\/wp-content\/uploads\/2023\/08\/hydraulic-cylinder-product-6-300x225.webp\" alt=\"\" width=\"347\" height=\"260\" \/><\/p>\n<h3>(5) Testowanie<\/h3>\n<p>Dysponujemy najwy\u017cszej klasy urz\u0105dzeniami kontrolnymi i stanowiskami testowymi, aby zapewni\u0107, \u017ce wydajno\u015b\u0107 cylindra spe\u0142nia wymagania.<\/p>\n<p><img loading=\"lazy\" decoding=\"async\" class=\"alignnone wp-image-632\" src=\"https:\/\/hydraulic-cylinders.net\/wp-content\/uploads\/2023\/08\/hydraulic-cylinder-product-8-300x200.webp\" alt=\"\" width=\"389\" height=\"260\" \/><\/p>\n<p>&nbsp;<\/p>\n<p>&nbsp;<\/p>\n<p>Jeste\u015bmy jednym z najlepszych producent\u00f3w cylindr\u00f3w hydraulicznych. Oferujemy kompleksow\u0105 ofert\u0119 cylindr\u00f3w hydraulicznych. Dostarczamy r\u00f3wnie\u017c\u2026 <a href=\"https:\/\/hzpt.com\/agricultural-pto-gearbox\/\" target=\"_blank\" rel=\"noopener\">przek\u0142adnie rolnicze<\/a>. Eksportowali\u015bmy nasze produkty do klient\u00f3w na ca\u0142ym \u015bwiecie i zdobyli\u015bmy dobr\u0105 reputacj\u0119 dzi\u0119ki najwy\u017cszej jako\u015bci produkt\u00f3w i us\u0142ug posprzeda\u017cnych. Zapraszamy klient\u00f3w w kraju i za granic\u0105 do kontaktu z nami w celu negocjacji biznesowych, wymiany informacji i <a href=\"https:\/\/www.hydraulic-cylinders.net\/pl\/contact-us\/\">wsp\u00f3\u0142pracowa\u0107 z nami<\/a>!<\/p>","protected":false},"excerpt":{"rendered":"<p>Barge Split Cylinder The barge split cylinder is a revolutionary product designed to optimize marine operations, particularly in transporting and handling goods and materials. This innovative hydraulic cylinder offers a range of features and benefits that enhance efficiency, safety, and productivity. The barge split cylinder offers a range of features and benefits that enhance efficiency, [&hellip;]<\/p>","protected":false},"featured_media":1783,"comment_status":"open","ping_status":"closed","template":"","meta":{"_et_pb_use_builder":"","_et_pb_old_content":"","_et_gb_content_width":""},"product_brand":[],"product_cat":[1550,1536,1552,1376],"product_tag":[1380],"class_list":{"0":"post-1778","1":"product","2":"type-product","3":"status-publish","4":"has-post-thumbnail","6":"product_cat-double-acting-hydraulic-cylinder","7":"product_cat-offshore-platform-hydraulic-cylinders","8":"product_cat-stainless-steel-hydraulic-cylinder","9":"product_cat-hydraulic-cylinder","10":"product_tag-hydraulic-cylinder","12":"first","13":"instock","14":"shipping-taxable","15":"product-type-simple"},"amp_enabled":true,"_links":{"self":[{"href":"https:\/\/www.hydraulic-cylinders.net\/pl\/wp-json\/wp\/v2\/product\/1778","targetHints":{"allow":["GET"]}}],"collection":[{"href":"https:\/\/www.hydraulic-cylinders.net\/pl\/wp-json\/wp\/v2\/product"}],"about":[{"href":"https:\/\/www.hydraulic-cylinders.net\/pl\/wp-json\/wp\/v2\/types\/product"}],"replies":[{"embeddable":true,"href":"https:\/\/www.hydraulic-cylinders.net\/pl\/wp-json\/wp\/v2\/comments?post=1778"}],"wp:featuredmedia":[{"embeddable":true,"href":"https:\/\/www.hydraulic-cylinders.net\/pl\/wp-json\/wp\/v2\/media\/1783"}],"wp:attachment":[{"href":"https:\/\/www.hydraulic-cylinders.net\/pl\/wp-json\/wp\/v2\/media?parent=1778"}],"wp:term":[{"taxonomy":"product_brand","embeddable":true,"href":"https:\/\/www.hydraulic-cylinders.net\/pl\/wp-json\/wp\/v2\/product_brand?post=1778"},{"taxonomy":"product_cat","embeddable":true,"href":"https:\/\/www.hydraulic-cylinders.net\/pl\/wp-json\/wp\/v2\/product_cat?post=1778"},{"taxonomy":"product_tag","embeddable":true,"href":"https:\/\/www.hydraulic-cylinders.net\/pl\/wp-json\/wp\/v2\/product_tag?post=1778"}],"curies":[{"name":"wp","href":"https:\/\/api.w.org\/{rel}","templated":true}]}}