{"id":1792,"date":"2023-10-16T01:38:04","date_gmt":"2023-10-16T01:38:04","guid":{"rendered":"https:\/\/hydraulic-cylinders.net\/?post_type=product&#038;p=1792"},"modified":"2025-04-15T05:54:45","modified_gmt":"2025-04-15T05:54:45","slug":"jack-up-platform-bolt-offshore-hydraulic-cylinder","status":"publish","type":"product","link":"https:\/\/www.hydraulic-cylinders.net\/pl\/produkt\/jack-up-platform-bolt-offshore-hydraulic-cylinder\/","title":{"rendered":"\u015aruba platformy samopodno\u015bnej do si\u0142ownika hydraulicznego offshore"},"content":{"rendered":"<h1 style=\"text-align: center;\"><strong>\u015aruba platformy samopodno\u015bnej do si\u0142ownika hydraulicznego offshore<\/strong><\/h1>\n<h1 style=\"text-align: center;\"><img loading=\"lazy\" decoding=\"async\" class=\"alignnone wp-image-1794\" src=\"https:\/\/hydraulic-cylinders.net\/wp-content\/uploads\/2023\/10\/bolt-cylinder-1-300x300.webp\" alt=\"\" width=\"400\" height=\"400\" \/><\/h1>\n<p>Si\u0142ownik hydrauliczny do platform podnoszonych (jack-up platform bolt) to najnowocze\u015bniejszy element hydrauliczny zaprojektowany z my\u015bl\u0105 o niezawodnym i wydajnym podparciu platform morskich. Ten innowacyjny si\u0142ownik ma kluczowe znaczenie dla podnoszenia i stabilizacji platform, zapewniaj\u0105c bezpieczn\u0105 i wydajn\u0105 prac\u0119 w trudnych warunkach morskich. Dzi\u0119ki wyj\u0105tkowym cechom i solidnej konstrukcji, si\u0142ownik hydrauliczny do platform podnoszonych (jack-up platform bolt) stanowi najlepsze rozwi\u0105zanie dla bran\u017cy offshore na ca\u0142ym \u015bwiecie.<\/p>\n<p>Zaprojektowany z my\u015bl\u0105 o maksymalnej niezawodno\u015bci i wydajno\u015bci, hydrauliczny si\u0142ownik platform podnoszonych skutecznie podnosi i stabilizuje platformy offshore. Jego solidna konstrukcja, zwi\u0119kszona stabilno\u015b\u0107 i mo\u017cliwo\u015b\u0107 regulacji wysoko\u015bci zapewniaj\u0105 bezproblemow\u0105 prac\u0119 w trudnych warunkach. Przestrzegaj\u0105c zalecanych metod u\u017cytkowania i wdra\u017caj\u0105c regularne praktyki konserwacyjne, operatorzy mog\u0105 znacznie wyd\u0142u\u017cy\u0107 \u017cywotno\u015b\u0107 i wydajno\u015b\u0107 tego kluczowego elementu, przyczyniaj\u0105c si\u0119 ostatecznie do sukcesu projekt\u00f3w offshore.<\/p>\n<p>Wybierz si\u0142ownik hydrauliczny do platform samopodno\u015bnych, kt\u00f3ry zapewni Ci niezr\u00f3wnane wsparcie i stabilno\u015b\u0107 podczas operacji na morzu i przekonaj si\u0119, jak du\u017c\u0105 r\u00f3\u017cnic\u0119 mo\u017ce on wnie\u015b\u0107 w popraw\u0119 bezpiecze\u0144stwa i wydajno\u015bci.<\/p>\n<h2><strong>\u015aruba platformy samopodno\u015bnej do si\u0142ownika hydraulicznego offshore <\/strong><strong>Parametr:<\/strong><\/h2>\n<table border=\"1\" cellspacing=\"0\" cellpadding=\"0\">\n<tbody>\n<tr>\n<td>Nazwa produktu<\/td>\n<td>\u015aruba platformy samopodno\u015bnej do si\u0142ownika hydraulicznego offshore<\/td>\n<\/tr>\n<tr>\n<td>Cechy:<\/td>\n<td>W\u0142\u00f3\u017c i wyci\u0105gnij sworze\u0144 cylindryczny na belk\u0119 pier\u015bcieniow\u0105, aby zablokowa\u0107 belk\u0119 pier\u015bcieniow\u0105<\/td>\n<\/tr>\n<tr>\n<td>\u015arednica otworu:<\/td>\n<td>Do 100 mm<\/td>\n<\/tr>\n<tr>\n<td>\u015arednica pr\u0119ta:<\/td>\n<td>Do 60 mm<\/td>\n<\/tr>\n<tr>\n<td>Ci\u015bnienie:<\/td>\n<td>Do 32Mpa<\/td>\n<\/tr>\n<tr>\n<td>Transduktor:<\/td>\n<td>Mo\u017cna go wyposa\u017cy\u0107 we wbudowany czujnik przemieszczenia, aby zmniejszy\u0107 rozmiar instalacji cylindr\u00f3w hydraulicznych<\/td>\n<\/tr>\n<tr>\n<td>Zastosowania:<\/td>\n<td>Platforma samopodno\u015bna offshore<\/td>\n<\/tr>\n<\/tbody>\n<\/table>\n<div><\/div>\n<div>\n<div class=\"txtboxL\">\n<div class=\"txtboxL\">\n<div class=\"txtboxL\">\n<div class=\"txtboxL\">\n<div class=\"txtboxL\">\n<div class=\"txtboxL\">\n<div class=\"txtboxL\"><strong>Cechy: <\/strong>W\u0142\u00f3\u017c i wyci\u0105gnij sworze\u0144 cylindryczny na belk\u0119 pier\u015bcieniow\u0105, aby zablokowa\u0107 belk\u0119 pier\u015bcieniow\u0105<\/div>\n<div class=\"txtboxL\"><strong>Specyfikacja: <\/strong>\u015arednica otworu: do 100mm<br \/>\n<strong>\u015arednica pr\u0119ta:<\/strong> do 60 mm<\/div>\n<div class=\"txtboxL\"><strong>Ci\u015bnienie: <\/strong>do 32Mpa<\/div>\n<div class=\"txtboxL\"><strong>Transduktor: <\/strong>Mo\u017cna go wyposa\u017cy\u0107 we wbudowany czujnik przemieszczenia, aby zmniejszy\u0107 rozmiar instalacji cylindr\u00f3w hydraulicznych<\/div>\n<\/div>\n<\/div>\n<\/div>\n<\/div>\n<\/div>\n<div><\/div>\n<div><strong style=\"color: #333333; font-size: 26px;\">Zastosowanie cylindra \u015brubowego platformy wiertniczej typu \u201ejack-up offshore\u201d:<\/strong><\/div>\n<\/div>\n<\/div>\n<p><img loading=\"lazy\" decoding=\"async\" class=\"alignnone size-full wp-image-8206\" src=\"https:\/\/www.hydraulic-cylinders.net\/wp-content\/uploads\/2023\/10\/jack-up-platform-bolt-offshore-hydraulic-cylinder-1-1.webp\" alt=\"\" width=\"1418\" height=\"798\" srcset=\"https:\/\/www.hydraulic-cylinders.net\/wp-content\/uploads\/2023\/10\/jack-up-platform-bolt-offshore-hydraulic-cylinder-1-1.webp 1418w, https:\/\/www.hydraulic-cylinders.net\/wp-content\/uploads\/2023\/10\/jack-up-platform-bolt-offshore-hydraulic-cylinder-1-1-1280x720.webp 1280w, https:\/\/www.hydraulic-cylinders.net\/wp-content\/uploads\/2023\/10\/jack-up-platform-bolt-offshore-hydraulic-cylinder-1-1-980x552.webp 980w, https:\/\/www.hydraulic-cylinders.net\/wp-content\/uploads\/2023\/10\/jack-up-platform-bolt-offshore-hydraulic-cylinder-1-1-480x270.webp 480w\" sizes=\"(min-width: 0px) and (max-width: 480px) 480px, (min-width: 481px) and (max-width: 980px) 980px, (min-width: 981px) and (max-width: 1280px) 1280px, (min-width: 1281px) 1418px, 100vw\" \/><\/p>\n<h2><strong>\u015aruba platformy samopodno\u015bnej do si\u0142ownika hydraulicznego offshore <\/strong><strong>Kluczowe cechy:<\/strong><\/h2>\n<h3><strong>Solidna konstrukcja<\/strong><\/h3>\n<p>Si\u0142ownik hydrauliczny do platform samopodno\u015bnych, \u015brubowy, offshore, zosta\u0142 zaprojektowany tak, aby wytrzyma\u0107 najtrudniejsze warunki panuj\u0105ce na morzu. Wykonany z wysokiej jako\u015bci, odpornych na korozj\u0119 materia\u0142\u00f3w, oferuje wyj\u0105tkow\u0105 trwa\u0142o\u015b\u0107 i \u017cywotno\u015b\u0107, znacznie redukuj\u0105c potrzeby konserwacyjne.<\/p>\n<h3><strong>Zwi\u0119kszona stabilno\u015b\u0107<\/strong><\/h3>\n<p>Ten si\u0142ownik hydrauliczny zosta\u0142 zaprojektowany z my\u015bl\u0105 o zapewnieniu doskona\u0142ej stabilno\u015bci platform wiertniczych podczas podnoszenia. Jego solidny mechanizm \u015brubowy zapewnia bezpieczne po\u0142\u0105czenie platformy z konstrukcj\u0105 no\u015bn\u0105, minimalizuj\u0105c ruch i maksymalizuj\u0105c bezpiecze\u0144stwo podczas operacji.<\/p>\n<h3><strong>Moc hydrauliczna<\/strong><\/h3>\n<p>Nap\u0119dzany zaawansowanym uk\u0142adem hydraulicznym, si\u0142ownik hydrauliczny platformy samopodno\u015bnej offshore wykorzystuje spr\u0119\u017cone ciecze do generowania si\u0142y niezb\u0119dnej do podniesienia platformy. Ten mechanizm hydrauliczny pozwala na precyzyjn\u0105 kontrol\u0119 podczas podnoszenia, zapewniaj\u0105c p\u0142ynne i kontrolowane ruchy.<\/p>\n<h3><strong>Regulowana wysoko\u015b\u0107<\/strong><\/h3>\n<p>Si\u0142ownik \u015bruby platformy samopodno\u015bnej ma regulowan\u0105 wysoko\u015b\u0107, co pozwala na dostosowanie go do zmiennej g\u0142\u0119boko\u015bci wody i warunk\u00f3w morskich. Ta elastyczno\u015b\u0107 zapewnia optymalne ustawienie platformy, zwi\u0119kszaj\u0105c stabilno\u015b\u0107 i u\u0142atwiaj\u0105c sprawne dzia\u0142anie.<\/p>\n<p>Wybierz si\u0142ownik hydrauliczny do platform samopodno\u015bnych, aby zapewni\u0107 sobie niezr\u00f3wnan\u0105 wydajno\u015b\u0107 i niezawodno\u015b\u0107 w swoich projektach offshore. Ciesz si\u0119 zwi\u0119kszonym bezpiecze\u0144stwem i wydajno\u015bci\u0105 dzi\u0119ki temu niezb\u0119dnemu komponentowi.<\/p>\n<h2><strong>Jak naprawi\u0107 cylinder hydrauliczny?<\/strong><\/h2>\n<p>Naprawa cylindra hydraulicznego wymaga starannej dba\u0142o\u015bci o szczeg\u00f3\u0142y i przestrzegania procedur bezpiecze\u0144stwa. Oto przewodnik krok po kroku, jak naprawi\u0107 cylindra hydraulicznego:<\/p>\n<h3><strong>1. Bezpiecze\u0144stwo przede wszystkim<\/strong><\/h3>\n<p>Przed rozpocz\u0119ciem jakichkolwiek prac naprawczych nale\u017cy upewni\u0107 si\u0119, \u017ce uk\u0142ad hydrauliczny jest rozhermetyzowany, a cylinder jest bezpiecznie zamocowany. Nale\u017cy nosi\u0107 odpowiedni sprz\u0119t ochrony osobistej (PPE), taki jak r\u0119kawice i okulary ochronne, aby chroni\u0107 si\u0119 przed potencjalnymi zagro\u017ceniami.<\/p>\n<h3><strong>2. Zidentyfikuj problem<\/strong><\/h3>\n<p>Oce\u0144 si\u0142ownik hydrauliczny, aby okre\u015bli\u0107 konkretny problem, kt\u00f3ry nale\u017cy rozwi\u0105za\u0107. Typowe problemy to nieszczelno\u015bci, uszkodzone uszczelki, rysy na t\u0142oczysku lub wygi\u0119te elementy. Zrozumienie problemu pomo\u017ce Ci okre\u015bli\u0107 niezb\u0119dne kroki naprawy i cz\u0119\u015bci.<\/p>\n<h3><strong>3. Zbierz narz\u0119dzia i cz\u0119\u015bci zamienne<\/strong><\/h3>\n<p><img loading=\"lazy\" decoding=\"async\" class=\"size-full wp-image-7902 aligncenter\" src=\"https:\/\/www.hydraulic-cylinders.net\/wp-content\/uploads\/2024\/09\/mining-dump-lifting-cylinder-hydraulic-on-trucks-5.webp\" alt=\"\" width=\"500\" height=\"305\" srcset=\"https:\/\/www.hydraulic-cylinders.net\/wp-content\/uploads\/2024\/09\/mining-dump-lifting-cylinder-hydraulic-on-trucks-5.webp 500w, https:\/\/www.hydraulic-cylinders.net\/wp-content\/uploads\/2024\/09\/mining-dump-lifting-cylinder-hydraulic-on-trucks-5-480x293.webp 480w\" sizes=\"(min-width: 0px) and (max-width: 480px) 480px, (min-width: 481px) 500px, 100vw\" \/><\/p>\n<p>Przed rozpocz\u0119ciem naprawy przygotuj niezb\u0119dne narz\u0119dzia i cz\u0119\u015bci zamienne. Typowe narz\u0119dzia to klucze, szczypce, m\u0142otek lub m\u0142otek udarowy, narz\u0119dzia do demonta\u017cu uszczelnie\u0144 oraz prasa hydrauliczna. Upewnij si\u0119, \u017ce Tw\u00f3j model si\u0142ownika hydraulicznego ma odpowiednie uszczelnienia, pier\u015bcienie uszczelniaj\u0105ce i inne elementy.<\/p>\n<h3><strong>4. Demonta\u017c cylindra:<\/strong><\/h3>\n<p>Ostro\u017cnie zdemontuj si\u0142ownik hydrauliczny, post\u0119puj\u0105c zgodnie z instrukcjami producenta. Zwr\u00f3\u0107 uwag\u0119 na kolejno\u015b\u0107 demonta\u017cu podzespo\u0142\u00f3w, poniewa\u017c u\u0142atwi to proces ponownego monta\u017cu. Zwr\u00f3\u0107 uwag\u0119 na podk\u0142adki i dystanse, poniewa\u017c mog\u0105 wymaga\u0107 ponownego monta\u017cu w tym samym miejscu.<\/p>\n<h3><strong>5. Sprawd\u017a i wyczy\u015b\u0107 komponenty:<\/strong><\/h3>\n<p><img loading=\"lazy\" decoding=\"async\" class=\"size-full wp-image-8207 aligncenter\" src=\"https:\/\/www.hydraulic-cylinders.net\/wp-content\/uploads\/2023\/10\/hydraulic-system.webp\" alt=\"\" width=\"800\" height=\"450\" srcset=\"https:\/\/www.hydraulic-cylinders.net\/wp-content\/uploads\/2023\/10\/hydraulic-system.webp 800w, https:\/\/www.hydraulic-cylinders.net\/wp-content\/uploads\/2023\/10\/hydraulic-system-480x270.webp 480w\" sizes=\"(min-width: 0px) and (max-width: 480px) 480px, (min-width: 481px) 800px, 100vw\" \/><\/p>\n<p>Sprawd\u017a wszystkie zdemontowane elementy pod k\u0105tem \u015blad\u00f3w zu\u017cycia, uszkodze\u0144 lub zarysowa\u0144. Wyczy\u015b\u0107 cz\u0119\u015bci odpowiednim \u015brodkiem czyszcz\u0105cym, aby usun\u0105\u0107 brud, zanieczyszczenia i stary smar. Przed przyst\u0105pieniem do dalszych czynno\u015bci upewnij si\u0119, \u017ce wszystkie powierzchnie s\u0105 czyste i wolne od zanieczyszcze\u0144.<\/p>\n<h3><strong>6. Wymie\u0144 uszczelki i pier\u015bcienie uszczelniaj\u0105ce:<\/strong><\/h3>\n<p>Wymie\u0144 zu\u017cyte lub uszkodzone uszczelki, pier\u015bcienie uszczelniaj\u0105ce typu O-ring lub podk\u0142adki. Przed monta\u017cem na\u0142\u00f3\u017c cienk\u0105 warstw\u0119 p\u0142ynu hydraulicznego, aby nasmarowa\u0107 uszczelki. Upewnij si\u0119, \u017ce nowe uszczelki s\u0105 prawid\u0142owo ustawione i dopasowane, aby zapobiec wyciekom.<\/p>\n<h3><strong>7. Naprawa lub wymiana uszkodzonych cz\u0119\u015bci:<\/strong><\/h3>\n<p>Je\u015bli jakiekolwiek elementy, takie jak t\u0142oczysko lub cylinder, s\u0105 uszkodzone w stopniu uniemo\u017cliwiaj\u0105cym napraw\u0119, mog\u0105 wymaga\u0107 wymiany. Post\u0119puj zgodnie z wytycznymi producenta dotycz\u0105cymi prawid\u0142owej procedury wymiany. W razie potrzeby u\u017cyj prasy hydraulicznej, aby zapewni\u0107 dok\u0142adny i precyzyjny monta\u017c.<\/p>\n<h3><strong>8. Ponowny monta\u017c cylindra:<\/strong><\/h3>\n<p>Z\u0142\u00f3\u017c si\u0142ownik hydrauliczny w odwrotnej kolejno\u015bci ni\u017c w przypadku demonta\u017cu. Upewnij si\u0119, \u017ce wszystkie elementy s\u0105 prawid\u0142owo ustawione i zamontowane. Dokr\u0119\u0107 \u015bruby i elementy mocuj\u0105ce kluczem dynamometrycznym zgodnie ze specyfikacj\u0105 producenta. Zwr\u00f3\u0107 uwag\u0119 na prawid\u0142owe u\u0142o\u017cenie i ustawienie element\u00f3w.<\/p>\n<h3><strong>9. Sprawd\u017a szczelno\u015b\u0107:<\/strong><\/h3>\n<p>Po ponownym z\u0142o\u017ceniu sprawd\u017a szczelno\u015b\u0107 si\u0142ownika hydraulicznego. Podaj ci\u015bnienie hydrauliczne do uk\u0142adu i sprawd\u017a, czy nie ma \u015blad\u00f3w wyciek\u00f3w wok\u00f3\u0142 uszczelek lub po\u0142\u0105cze\u0144. W przypadku wykrycia wyciek\u00f3w, wyreguluj lub wymie\u0144 uszkodzone podzespo\u0142y.<\/p>\n<h3><strong>10. Testowanie funkcjonalno\u015bci i dzia\u0142ania:<\/strong><\/h3>\n<p>Sprawd\u017a, czy naprawiony si\u0142ownik hydrauliczny dzia\u0142a prawid\u0142owo. Upewnij si\u0119, \u017ce si\u0142ownik porusza si\u0119 p\u0142ynnie i dzia\u0142a zgodnie z oczekiwaniami. Monitoruj, czy podczas pracy nie s\u0142ycha\u0107 \u017cadnych nietypowych d\u017awi\u0119k\u00f3w lub ruch\u00f3w.<\/p>\n<h2><strong>Mo\u017cliwo\u015bci i pojemno\u015b\u0107 fabryki:<\/strong><\/h2>\n<h3><strong>(1) Monta\u017c<\/strong><\/h3>\n<p>Nasz zak\u0142ad dysponuje niezale\u017cn\u0105 platform\u0105 monta\u017cow\u0105 najwy\u017cszej klasy, specjalizuj\u0105c\u0105 si\u0119 w badaniach i rozwoju, dedykowan\u0105 produkcji cylindr\u00f3w hydraulicznych. Dysponujemy czterema p\u00f3\u0142automatycznymi liniami monta\u017cowymi cylindr\u00f3w podnosz\u0105cych oraz jedn\u0105 w pe\u0142ni automatyczn\u0105 lini\u0105 monta\u017cow\u0105 cylindr\u00f3w przechylnych, o imponuj\u0105cej rocznej zdolno\u015bci produkcyjnej na poziomie 1 miliona cylindr\u00f3w.<img loading=\"lazy\" decoding=\"async\" class=\"aligncenter wp-image-626\" src=\"https:\/\/hydraulic-cylinders.net\/wp-content\/uploads\/2023\/08\/hydraulic-cylinder-product-1-300x158.webp\" alt=\"\" width=\"500\" height=\"263\" srcset=\"https:\/\/hydraulic-cylinders.net\/wp-content\/uploads\/2023\/08\/hydraulic-cylinder-product-1-300x158.webp 500w, https:\/\/hydraulic-cylinders.net\/wp-content\/uploads\/2023\/08\/hydraulic-cylinder-product-1-480x252.webp 480w\" sizes=\"(min-width: 0px) and (max-width: 480px) 480px, (min-width: 481px) 500px, 100vw\" \/><\/p>\n<p>W naszym specjalistycznym warsztacie produkuj\u0105cym cylindry wykorzystujemy p\u00f3\u0142automatyczny system monta\u017cu czyszcz\u0105cego, zaprojektowany dla r\u00f3\u017cnych specyfikacji, zdolny do produkcji 200 000 cylindr\u00f3w rocznie. Nasz warsztat wyposa\u017cony jest w zaawansowany sprz\u0119t do obr\u00f3bki CNC, centrum obr\u00f3bcze, precyzyjne narz\u0119dzia do obr\u00f3bki cylindr\u00f3w, roboty spawalnicze, automatyczne systemy czyszcz\u0105ce oraz zautomatyzowan\u0105 lini\u0119 monta\u017cow\u0105 cylindr\u00f3w. Dodatkowo, posiadamy w pe\u0142ni zautomatyzowan\u0105 lini\u0119 produkcyjn\u0105 do lakierowania.<\/p>\n<p>Dysponuj\u0105c ponad 300 urz\u0105dzeniami o kluczowym znaczeniu, nasza optymalna alokacja zasob\u00f3w gwarantuje spe\u0142nienie rygorystycznych standard\u00f3w dok\u0142adno\u015bci i jako\u015bci wymaganych przez naszych klient\u00f3w. To zaanga\u017cowanie w wydajno\u015b\u0107 i precyzj\u0119 plasuje nas jako lidera w bran\u017cy si\u0142ownik\u00f3w hydraulicznych.<\/p>\n<p><img loading=\"lazy\" decoding=\"async\" class=\"aligncenter wp-image-627\" src=\"https:\/\/hydraulic-cylinders.net\/wp-content\/uploads\/2023\/08\/hydraulic-cylinder-product-2-300x189.webp\" alt=\"\" width=\"500\" height=\"315\" srcset=\"https:\/\/hydraulic-cylinders.net\/wp-content\/uploads\/2023\/08\/hydraulic-cylinder-product-2-300x189.webp 500w, https:\/\/hydraulic-cylinders.net\/wp-content\/uploads\/2023\/08\/hydraulic-cylinder-product-2-480x302.webp 480w\" sizes=\"(min-width: 0px) and (max-width: 480px) 480px, (min-width: 481px) 500px, 100vw\" \/><\/p>\n<h3><strong>(2) Obr\u00f3bka<\/strong><\/h3>\n<p>Nasz zak\u0142ad obr\u00f3bki mechanicznej dysponuje najnowocze\u015bniejszym sprz\u0119tem, w tym specjalnie zaprojektowanym centrum tokarskim z pochylon\u0105 szyn\u0105, precyzyjnym centrum obr\u00f3bczym, szybkoobrotow\u0105 honownic\u0105 oraz zaawansowanymi robotami spawalniczymi. Ta zaawansowana technologia umo\u017cliwia nam efektywn\u0105 obr\u00f3bk\u0119 rur cylindrycznych o maksymalnej \u015brednicy wewn\u0119trznej 400 mm i d\u0142ugo\u015bci do 6 metr\u00f3w.<\/p>\n<p><img loading=\"lazy\" decoding=\"async\" class=\"wp-image-628 size-large aligncenter\" src=\"https:\/\/hydraulic-cylinders.net\/wp-content\/uploads\/2023\/08\/hydraulic-cylinder-product-3-1024x391.webp\" alt=\"\" width=\"1024\" height=\"391\" srcset=\"https:\/\/hydraulic-cylinders.net\/wp-content\/uploads\/2023\/08\/hydraulic-cylinder-product-3-980x374.webp 980w, https:\/\/hydraulic-cylinders.net\/wp-content\/uploads\/2023\/08\/hydraulic-cylinder-product-3-480x183.webp 480w\" sizes=\"(min-width: 0px) and (max-width: 480px) 480px, (min-width: 481px) and (max-width: 980px) 980px, (min-width: 981px) 1024px, 100vw\" \/><\/p>\n<p>Dzi\u0119ki naszej najnowocze\u015bniejszej technologii zapewniamy wysok\u0105 jako\u015b\u0107 obr\u00f3bki, kt\u00f3ra spe\u0142nia zr\u00f3\u017cnicowane wymagania w zakresie produkcji cylindr\u00f3w hydraulicznych.<\/p>\n<h3><strong>(3) Spawanie<\/strong><\/h3>\n<p><img loading=\"lazy\" decoding=\"async\" class=\"wp-image-629 size-large aligncenter\" src=\"https:\/\/hydraulic-cylinders.net\/wp-content\/uploads\/2023\/08\/hydraulic-cylinder-product-4-1024x510.webp\" alt=\"\" width=\"1024\" height=\"510\" srcset=\"https:\/\/hydraulic-cylinders.net\/wp-content\/uploads\/2023\/08\/hydraulic-cylinder-product-4-980x488.webp 980w, https:\/\/hydraulic-cylinders.net\/wp-content\/uploads\/2023\/08\/hydraulic-cylinder-product-4-480x239.webp 480w\" sizes=\"(min-width: 0px) and (max-width: 480px) 480px, (min-width: 481px) and (max-width: 980px) 980px, (min-width: 981px) 1024px, 100vw\" \/><\/p>\n<h3><strong>(4) Malowanie i powlekanie<\/strong><\/h3>\n<p><img loading=\"lazy\" decoding=\"async\" class=\"wp-image-630 aligncenter\" src=\"https:\/\/hydraulic-cylinders.net\/wp-content\/uploads\/2023\/08\/hydraulic-cylinder-product-5-300x213.webp\" alt=\"\" width=\"500\" height=\"355\" \/><\/p>\n<p>Nasz zak\u0142ad dysponuje zaawansowanymi, automatycznymi liniami do powlekania farbami na bazie wody, zaprojektowanymi specjalnie do ma\u0142ych i \u015brednich cylindr\u00f3w. Linie te wykorzystuj\u0105 technologi\u0119 robotyczn\u0105 do wydajnego za\u0142adunku, roz\u0142adunku i natrysku, osi\u0105gaj\u0105c imponuj\u0105c\u0105 wydajno\u015b\u0107 produkcyjn\u0105 4000 sztuk na zmian\u0119.<\/p>\n<p><img loading=\"lazy\" decoding=\"async\" class=\"wp-image-631 aligncenter\" src=\"https:\/\/hydraulic-cylinders.net\/wp-content\/uploads\/2023\/08\/hydraulic-cylinder-product-6-300x225.webp\" alt=\"\" width=\"500\" height=\"375\" srcset=\"https:\/\/hydraulic-cylinders.net\/wp-content\/uploads\/2023\/08\/hydraulic-cylinder-product-6-300x225.webp 500w, https:\/\/hydraulic-cylinders.net\/wp-content\/uploads\/2023\/08\/hydraulic-cylinder-product-6-480x360.webp 480w\" sizes=\"(min-width: 0px) and (max-width: 480px) 480px, (min-width: 481px) 500px, 100vw\" \/><\/p>\n<p>Ponadto, posiadamy p\u00f3\u0142automatyczn\u0105 lini\u0119 produkcyjn\u0105 do lakierowania du\u017cych cylindr\u00f3w, zasilan\u0105 solidnym \u0142a\u0144cuchem nap\u0119dowym, o projektowanej wydajno\u015bci 60 skrzy\u0144 na zmian\u0119. To po\u0142\u0105czenie automatyzacji i wydajno\u015bci gwarantuje wysok\u0105 jako\u015b\u0107 wyko\u0144czenia wszystkich naszych cylindr\u00f3w hydraulicznych.<\/p>\n<h3><strong>(5) Testowanie<\/strong><\/h3>\n<p>Dysponujemy najwy\u017cszej klasy urz\u0105dzeniami kontrolnymi i stanowiskami testowymi, aby zapewni\u0107, \u017ce wydajno\u015b\u0107 cylindra spe\u0142nia wymagania.<\/p>\n<p><img loading=\"lazy\" decoding=\"async\" class=\"wp-image-632 aligncenter\" src=\"https:\/\/hydraulic-cylinders.net\/wp-content\/uploads\/2023\/08\/hydraulic-cylinder-product-8-300x200.webp\" alt=\"\" width=\"389\" height=\"260\" \/><\/p>\n<p>Jeste\u015bmy renomowanym producentem <a href=\"https:\/\/hzpt.com\/mobile-machinery-hydraulic-cylinder\/\" target=\"_blank\" rel=\"noopener\">si\u0142owniki hydrauliczne<\/a>, uznawana za jedn\u0105 z najlepszych w bran\u017cy. Nasza bogata oferta produkt\u00f3w obejmuje szeroki wyb\u00f3r si\u0142ownik\u00f3w hydraulicznych dostosowanych do r\u00f3\u017cnorodnych zastosowa\u0144. Opr\u00f3cz si\u0142ownik\u00f3w hydraulicznych, oferujemy r\u00f3wnie\u017c wysokiej jako\u015bci przek\u0142adnie rolnicze, zapewniaj\u0105c naszym klientom dost\u0119p do kompleksowych rozwi\u0105za\u0144 dostosowanych do ich potrzeb w zakresie maszyn.<\/p>\n<p>Dzi\u0119ki d\u0105\u017ceniu do doskona\u0142o\u015bci, z powodzeniem eksportujemy nasze produkty do klient\u00f3w na ca\u0142ym \u015bwiecie, zyskuj\u0105c ugruntowan\u0105 reputacj\u0119 dzi\u0119ki doskona\u0142ej jako\u015bci produkt\u00f3w i wyj\u0105tkowej obs\u0142udze posprzeda\u017cowej. Nasze zaanga\u017cowanie w zadowolenie klienta uczyni\u0142o nas zaufanym partnerem zar\u00f3wno na rynku krajowym, jak i mi\u0119dzynarodowym.<\/p>\n<h2><strong>Dlaczego warto nas wybra\u0107?<\/strong><\/h2>\n<p><img loading=\"lazy\" decoding=\"async\" class=\"size-full wp-image-7201 aligncenter\" src=\"https:\/\/www.hydraulic-cylinders.net\/wp-content\/uploads\/2024\/09\/mining-dump-steering-cylinder-hydraulics-on-trucks-8.webp\" alt=\"\" width=\"1110\" height=\"735\" srcset=\"https:\/\/www.hydraulic-cylinders.net\/wp-content\/uploads\/2024\/09\/mining-dump-steering-cylinder-hydraulics-on-trucks-8.webp 1110w, https:\/\/www.hydraulic-cylinders.net\/wp-content\/uploads\/2024\/09\/mining-dump-steering-cylinder-hydraulics-on-trucks-8-980x649.webp 980w, https:\/\/www.hydraulic-cylinders.net\/wp-content\/uploads\/2024\/09\/mining-dump-steering-cylinder-hydraulics-on-trucks-8-480x318.webp 480w\" sizes=\"(min-width: 0px) and (max-width: 480px) 480px, (min-width: 481px) and (max-width: 980px) 980px, (min-width: 981px) 1110px, 100vw\" \/><\/p>\n<p><strong>Ekspertyza zawodowa:<\/strong> Nasz zesp\u00f3\u0142 sk\u0142ada si\u0119 z profesjonalist\u00f3w z bran\u017cy, dysponuj\u0105cych szerok\u0105 wiedz\u0105 i do\u015bwiadczeniem w zakresie uk\u0142ad\u00f3w hydraulicznych, co gwarantuje dostarczanie najwy\u017cszej jako\u015bci produkt\u00f3w i us\u0142ug.<\/p>\n<p><strong>Certyfikaty mi\u0119dzynarodowe:<\/strong> Przestrzegamy rygorystycznych norm jako\u015bciowych i posiadamy szereg mi\u0119dzynarodowych certyfikat\u00f3w, kt\u00f3re potwierdzaj\u0105 nasze zaanga\u017cowanie w dostarczanie niezawodnych i bezpiecznych rozwi\u0105za\u0144 hydraulicznych.<\/p>\n<p><strong>Rozwi\u0105zania niestandardowe:<\/strong> Rozumiemy, \u017ce potrzeby ka\u017cdego klienta s\u0105 wyj\u0105tkowe. Dlatego oferujemy niestandardowe si\u0142owniki hydrauliczne i przek\u0142adnie, dostosowane do konkretnych wymaga\u0144.<\/p>\n<p><strong>Zaawansowany sprz\u0119t produkcyjny:<\/strong> Nasze najnowocze\u015bniejsze zak\u0142ady produkcyjne wykorzystuj\u0105 najnowsze technologie i urz\u0105dzenia, co pozwala nam na wydajn\u0105 produkcj\u0119 wysokiej jako\u015bci produkt\u00f3w.<\/p>\n<p><strong>Kompleksowe wsparcie posprzeda\u017cowe:<\/strong> Nasze zaanga\u017cowanie w sprawy klient\u00f3w wykracza poza sprzeda\u017c. Zapewniamy sta\u0142e wsparcie i us\u0142ugi konserwacyjne, aby zagwarantowa\u0107 optymaln\u0105 wydajno\u015b\u0107 naszych produkt\u00f3w.<\/p>\n<p>Zapraszamy klient\u00f3w z ca\u0142ego \u015bwiata do kontaktu z nami w celu negocjacji biznesowych, wymiany informacji i nawi\u0105zania wsp\u00f3\u0142pracy. Razem mo\u017cemy osi\u0105gn\u0105\u0107 wi\u0119kszy sukces w bran\u017cy hydraulicznej!<\/p>\n<p>&nbsp;<\/p>\n<p>&nbsp;<\/p>\n<p>Jeste\u015bmy jednym z najlepszych producent\u00f3w cylindr\u00f3w hydraulicznych. Oferujemy kompleksow\u0105 ofert\u0119 cylindr\u00f3w hydraulicznych. Dostarczamy r\u00f3wnie\u017c\u2026 <a href=\"https:\/\/hzpt.com\/agricultural-pto-gearbox\/\" target=\"_blank\" rel=\"noopener\">przek\u0142adnie rolnicze<\/a>. Eksportowali\u015bmy nasze produkty do klient\u00f3w na ca\u0142ym \u015bwiecie i zdobyli\u015bmy dobr\u0105 reputacj\u0119 dzi\u0119ki najwy\u017cszej jako\u015bci produkt\u00f3w i us\u0142ug posprzeda\u017cnych. Zapraszamy klient\u00f3w w kraju i za granic\u0105 do kontaktu z nami w celu negocjacji biznesowych, wymiany informacji i <a href=\"https:\/\/www.hydraulic-cylinders.net\/pl\/contact-us\/\">wsp\u00f3\u0142pracowa\u0107 z nami<\/a>!<\/p>","protected":false},"excerpt":{"rendered":"<p>Jack-up Platform Bolt Offshore Hydraulic Cylinder The jack-up platform bolt offshore hydraulic cylinder is a cutting-edge hydraulic component engineered for reliable and efficient support of offshore platforms. This innovative cylinder is crucial in elevating and stabilizing platforms, ensuring safe and productive operations in challenging offshore environments. With its exceptional features and robust construction, the jack-up [&hellip;]<\/p>","protected":false},"featured_media":1795,"comment_status":"open","ping_status":"closed","template":"","meta":{"_et_pb_use_builder":"","_et_pb_old_content":"","_et_gb_content_width":""},"product_brand":[],"product_cat":[1536,1549,1552,1376],"product_tag":[1380],"class_list":{"0":"post-1792","1":"product","2":"type-product","3":"status-publish","4":"has-post-thumbnail","6":"product_cat-offshore-platform-hydraulic-cylinders","7":"product_cat-single-acting-hydraulic-cylinder","8":"product_cat-stainless-steel-hydraulic-cylinder","9":"product_cat-hydraulic-cylinder","10":"product_tag-hydraulic-cylinder","12":"first","13":"instock","14":"shipping-taxable","15":"product-type-simple"},"amp_enabled":true,"_links":{"self":[{"href":"https:\/\/www.hydraulic-cylinders.net\/pl\/wp-json\/wp\/v2\/product\/1792","targetHints":{"allow":["GET"]}}],"collection":[{"href":"https:\/\/www.hydraulic-cylinders.net\/pl\/wp-json\/wp\/v2\/product"}],"about":[{"href":"https:\/\/www.hydraulic-cylinders.net\/pl\/wp-json\/wp\/v2\/types\/product"}],"replies":[{"embeddable":true,"href":"https:\/\/www.hydraulic-cylinders.net\/pl\/wp-json\/wp\/v2\/comments?post=1792"}],"wp:featuredmedia":[{"embeddable":true,"href":"https:\/\/www.hydraulic-cylinders.net\/pl\/wp-json\/wp\/v2\/media\/1795"}],"wp:attachment":[{"href":"https:\/\/www.hydraulic-cylinders.net\/pl\/wp-json\/wp\/v2\/media?parent=1792"}],"wp:term":[{"taxonomy":"product_brand","embeddable":true,"href":"https:\/\/www.hydraulic-cylinders.net\/pl\/wp-json\/wp\/v2\/product_brand?post=1792"},{"taxonomy":"product_cat","embeddable":true,"href":"https:\/\/www.hydraulic-cylinders.net\/pl\/wp-json\/wp\/v2\/product_cat?post=1792"},{"taxonomy":"product_tag","embeddable":true,"href":"https:\/\/www.hydraulic-cylinders.net\/pl\/wp-json\/wp\/v2\/product_tag?post=1792"}],"curies":[{"name":"wp","href":"https:\/\/api.w.org\/{rel}","templated":true}]}}