{"id":1799,"date":"2023-10-16T03:12:26","date_gmt":"2023-10-16T03:12:26","guid":{"rendered":"https:\/\/hydraulic-cylinders.net\/?post_type=product&#038;p=1799"},"modified":"2025-04-15T05:54:39","modified_gmt":"2025-04-15T05:54:39","slug":"pile-driving-barge-luffing-cylinder","status":"publish","type":"product","link":"https:\/\/www.hydraulic-cylinders.net\/pl\/produkt\/pile-driving-barge-luffing-cylinder\/","title":{"rendered":"Cylinder luffingowy do wbijania pali na barce"},"content":{"rendered":"<h1 style=\"text-align: center;\"><strong>Cylinder luffingowy do wbijania pali na barce<\/strong><\/h1>\n<h1 style=\"text-align: center;\"><img loading=\"lazy\" decoding=\"async\" class=\"alignnone wp-image-1801\" src=\"https:\/\/hydraulic-cylinders.net\/wp-content\/uploads\/2023\/10\/luffing-cylinder-1-2-300x300.webp\" alt=\"\" width=\"400\" height=\"400\" \/><\/h1>\n<p>Si\u0142ownik wysuwania barki do wbijania pali to kluczowy element zaprojektowany w celu optymalizacji wydajno\u015bci i efektywno\u015bci operacji wbijania pali w morskich projektach budowlanych. Ten innowacyjny si\u0142ownik hydrauliczny odgrywa kluczow\u0105 rol\u0119 w sterowaniu ruchem wysuwania wysi\u0119gnika barki, umo\u017cliwiaj\u0105c precyzyjne pozycjonowanie pali. Dzi\u0119ki wyj\u0105tkowym funkcjom i solidnej konstrukcji, si\u0142ownik wysuwania barki do wbijania pali to idealne rozwi\u0105zanie dla firm zajmuj\u0105cych si\u0119 budownictwem morskim, kt\u00f3re poszukuj\u0105 wi\u0119kszej wydajno\u015bci i precyzji.<\/p>\n<p>Si\u0142ownik do wbijania pali na barce to niezawodny i wydajny element hydrauliczny, zaprojektowany w celu zwi\u0119kszenia wydajno\u015bci i dok\u0142adno\u015bci operacji wbijania pali w morskich projektach budowlanych. Dzi\u0119ki solidnej konstrukcji, precyzyjnej kontroli wbijania pali oraz \u0142atwej integracji, zwi\u0119ksza wydajno\u015b\u0107 i zapewnia precyzyjne pozycjonowanie pali. Przestrzegaj\u0105c zalecanych metod u\u017cytkowania i wdra\u017caj\u0105c regularne praktyki konserwacyjne, firmy zajmuj\u0105ce si\u0119 budownictwem morskim mog\u0105 zmaksymalizowa\u0107 \u017cywotno\u015b\u0107 i wydajno\u015b\u0107 tego niezb\u0119dnego elementu, przyczyniaj\u0105c si\u0119 do sukcesu swoich projekt\u00f3w.<\/p>\n<p>G\u0142\u00f3wne cechy cylindra napinacza liny stalowej platformy wiertniczej:<\/p>\n<ol>\n<li>Solidna konstrukcja: Cylinder do wbijania pali w barce jest wykonany z wysokiej jako\u015bci materia\u0142\u00f3w, aby sprosta\u0107 trudnym warunkom morskim. Jego trwa\u0142a konstrukcja zapewnia d\u0142ugowieczno\u015b\u0107 i minimalizuje wymagania konserwacyjne, nawet w trudnych warunkach.<\/li>\n<li>Precyzyjna kontrola wychylenia: Ten si\u0142ownik zapewnia precyzyjn\u0105 kontrol\u0119 nad ruchem wychylenia wysi\u0119gnika barki. Operatorzy mog\u0105 regulowa\u0107 i utrzymywa\u0107 \u017c\u0105dany k\u0105t wysi\u0119gnika, zapewniaj\u0105c precyzyjne uk\u0142adanie pali i optymalizuj\u0105c wydajno\u015b\u0107 budowy.<\/li>\n<li>Si\u0142a hydrauliczna: Nap\u0119dzany uk\u0142adem hydraulicznym, si\u0142ownik wychylny barki wbijaj\u0105cej pale wykorzystuje spr\u0119\u017cone ciecze do generowania si\u0142y niezb\u0119dnej do sterowania wychylaniem. Mechanizm hydrauliczny zapewnia p\u0142ynn\u0105 i responsywn\u0105 prac\u0119, umo\u017cliwiaj\u0105c precyzyjn\u0105 regulacj\u0119 i zwi\u0119kszaj\u0105c wydajno\u015b\u0107.<\/li>\n<li>\u0141atwa instalacja i integracja: Si\u0142ownik do wbijania pali barkowych zosta\u0142 zaprojektowany z my\u015bl\u0105 o \u0142atwej instalacji i integracji z istniej\u0105cymi systemami wbijania pali. Jego kompaktowe rozmiary i wszechstronne opcje monta\u017cu u\u0142atwiaj\u0105 bezproblemow\u0105 integracj\u0119, minimalizuj\u0105c przestoje podczas instalacji.<\/li>\n<\/ol>\n<h2><strong>Parametry cylindra luffingowego barki do wbijania pali:<\/strong><\/h2>\n<table border=\"1\" cellspacing=\"0\" cellpadding=\"0\">\n<tbody>\n<tr>\n<td>Nazwa produktu<\/td>\n<td>Cylinder luffingowy do wbijania pali na barce<\/td>\n<\/tr>\n<tr>\n<td>Cechy:<\/td>\n<td>obraca\u0107 ram\u0119 pala i przenosi\u0107 obci\u0105\u017cenie, a otrzymana si\u0142a zewn\u0119trzna jest nie tylko du\u017ca, ale r\u00f3wnie\u017c z\u0142o\u017cona<\/td>\n<\/tr>\n<tr>\n<td>\u015arednica otworu:<\/td>\n<td>Do 1400 mm<\/td>\n<\/tr>\n<tr>\n<td>\u015arednica pr\u0119ta:<\/td>\n<td>Do 900 mm<br \/>\nSkok do 15500mm<\/td>\n<\/tr>\n<tr>\n<td>Si\u0142a ci\u0105gu:<\/td>\n<td>28465 kN<br \/>\n(ci\u015bnienie 25MPa)<\/td>\n<\/tr>\n<tr>\n<td>Zastosowania:<\/td>\n<td>Platforma samopodno\u015bna offshore<\/td>\n<\/tr>\n<\/tbody>\n<\/table>\n<div><\/div>\n<div>\n<div class=\"txtboxL\">\n<div class=\"txtboxL\">\n<div class=\"txtboxL\">\n<div class=\"txtboxL\">\n<div class=\"txtboxL\">\n<div class=\"txtboxL\">\n<div class=\"txtboxL\">\n<div class=\"txtboxL\">\n<div class=\"txtboxL\">Cechy:<\/div>\n<div class=\"txtboxR\">obraca\u0107 ram\u0119 pala i przenosi\u0107 obci\u0105\u017cenie, a otrzymana si\u0142a zewn\u0119trzna jest nie tylko du\u017ca, ale r\u00f3wnie\u017c z\u0142o\u017cona<\/div>\n<div class=\"txtboxL\">Specyfikacja:<\/div>\n<div class=\"txtboxR\">\u015arednica otworu: do 1400mm<br \/>\n\u015arednica pr\u0119ta: do 900mm<br \/>\nSkok do 15500mm<\/div>\n<div class=\"txtboxL\">Si\u0142a ci\u0105gu:<\/div>\n<div class=\"txtboxR\">28465 kN<br \/>\n(ci\u015bnienie 25MPa)<\/div>\n<\/div>\n<\/div>\n<\/div>\n<\/div>\n<\/div>\n<\/div>\n<\/div>\n<\/div>\n<\/div>\n<h2><strong>Zastosowanie cylindra barki do wbijania pali:<\/strong><\/h2>\n<p><img loading=\"lazy\" decoding=\"async\" class=\"alignnone wp-image-1803 size-full\" src=\"https:\/\/hydraulic-cylinders.net\/wp-content\/uploads\/2023\/10\/pile-driving-barge-cylinder-1.webp\" alt=\"\" width=\"1418\" height=\"946\" srcset=\"https:\/\/hydraulic-cylinders.net\/wp-content\/uploads\/2023\/10\/pile-driving-barge-cylinder-1.webp 1418w, https:\/\/hydraulic-cylinders.net\/wp-content\/uploads\/2023\/10\/pile-driving-barge-cylinder-1-1280x854.webp 1280w, https:\/\/hydraulic-cylinders.net\/wp-content\/uploads\/2023\/10\/pile-driving-barge-cylinder-1-980x654.webp 980w, https:\/\/hydraulic-cylinders.net\/wp-content\/uploads\/2023\/10\/pile-driving-barge-cylinder-1-480x320.webp 480w\" sizes=\"(min-width: 0px) and (max-width: 480px) 480px, (min-width: 481px) and (max-width: 980px) 980px, (min-width: 981px) and (max-width: 1280px) 1280px, (min-width: 1281px) 1418px, 100vw\" \/><\/p>\n<h2><strong>Metoda u\u017cycia cylindra luffingowego barki wbijaj\u0105cej pale<\/strong><strong>:<\/strong><\/h2>\n<ul>\n<li><strong>Kontrola przed instalacj\u0105:<\/strong> Przed monta\u017cem cylindra wysi\u0119gnika barki do wbijania pali nale\u017cy przeprowadzi\u0107 dok\u0142adn\u0105 kontrol\u0119 cylindra i powi\u0105zanych z nim podzespo\u0142\u00f3w. Nale\u017cy upewni\u0107 si\u0119, \u017ce wszystkie cz\u0119\u015bci s\u0105 w dobrym stanie oraz \u017ce wysi\u0119gnik jest prawid\u0142owo wyosiowany i zabezpieczony.<\/li>\n<li><strong>Monta\u017c i pod\u0142\u0105czenie:<\/strong> Zamontuj si\u0142ownik wychylny w wyznaczonym miejscu na barce do wbijania pali, u\u017cywaj\u0105c odpowiednich wspornik\u00f3w monta\u017cowych i osprz\u0119tu. Pod\u0142\u0105cz przewody hydrauliczne do si\u0142ownika, upewniaj\u0105c si\u0119, \u017ce s\u0105 prawid\u0142owo ustawione i maj\u0105 solidne po\u0142\u0105czenia.<\/li>\n<li><strong>Aktywacja uk\u0142adu hydraulicznego:<\/strong> Aktywuj uk\u0142ad hydrauliczny, upewniaj\u0105c si\u0119, \u017ce poziom i ci\u015bnienie p\u0142ynu s\u0105 prawid\u0142owe. Post\u0119puj zgodnie z instrukcjami producenta dotycz\u0105cymi obs\u0142ugi element\u00f3w steruj\u0105cych hydraulik\u0105 i regulacji ruchu wysi\u0119gnika.<\/li>\n<li><strong>Regulacja luffingu:<\/strong> U\u017cyj sterowania hydraulicznego, aby regulowa\u0107 ruch wysi\u0119gnika barki. Uwa\u017cnie monitoruj k\u0105t wysi\u0119gnika i dokonuj precyzyjnych regulacji w razie potrzeby, aby uzyska\u0107 po\u017c\u0105dane u\u0142o\u017cenie pali i wydajno\u015b\u0107 budowy.<\/li>\n<\/ul>\n<h2><strong>Jak powstaj\u0105 cylindry hydrauliczne?<\/strong><\/h2>\n<p>Cylindry hydrauliczne s\u0105 produkowane w ramach szeregu proces\u00f3w obejmuj\u0105cych precyzyjn\u0105 in\u017cynieri\u0119, obr\u00f3bk\u0119 skrawaniem i monta\u017c. Dok\u0142adny proces produkcyjny mo\u017ce si\u0119 r\u00f3\u017cni\u0107 w zale\u017cno\u015bci od konkretnego typu i rozmiaru cylindra hydraulicznego, a tak\u017ce od technik i sprz\u0119tu producenta. Poni\u017cej przedstawiono jednak og\u00f3lny zarys procesu produkcji cylindr\u00f3w hydraulicznych:<\/p>\n<ol>\n<li><strong>Projektowanie i in\u017cynieria:<\/strong> Pierwszym etapem produkcji cylindra hydraulicznego jest faza projektowania i in\u017cynierii. In\u017cynierowie analizuj\u0105 wymagania i specyfikacje cylindra, bior\u0105c pod uwag\u0119 takie czynniki, jak no\u015bno\u015b\u0107, ci\u015bnienie znamionowe, d\u0142ugo\u015b\u0107 skoku i opcje monta\u017cu. Do tworzenia szczeg\u00f3\u0142owych modeli 3D i rysunk\u00f3w technicznych cz\u0119sto wykorzystuje si\u0119 oprogramowanie do projektowania wspomaganego komputerowo (CAD).<\/li>\n<li><strong>Wyb\u00f3r materia\u0142\u00f3w:<\/strong> Po sfinalizowaniu projektu dobierane s\u0105 odpowiednie materia\u0142y do \u200b\u200bbudowy cylindra hydraulicznego. Najcz\u0119\u015bciej stosowane materia\u0142y to stal o wysokiej wytrzyma\u0142o\u015bci na korpus cylindra i t\u0142oczysko, \u017celiwo lub aluminium na pokrywy ko\u0144cowe oraz r\u00f3\u017cnego rodzaju uszczelki i pier\u015bcienie uszczelniaj\u0105ce z elastomer\u00f3w lub innych odpowiednich materia\u0142\u00f3w.<\/li>\n<li><strong>Produkcja luf cylindrycznych:<\/strong> Korpus cylindra jest zazwyczaj wytwarzany metod\u0105 honowania. Polega ona na obr\u00f3bce mechanicznej wewn\u0119trznej powierzchni bezszwowej rury stalowej w celu uzyskania po\u017c\u0105danej g\u0142adko\u015bci i dok\u0142adno\u015bci wymiarowej. Proces honowania tworzy precyzyjny otw\u00f3r cylindra, w kt\u00f3rym b\u0119dzie si\u0119 porusza\u0142 t\u0142ok.<\/li>\n<li><strong>Produkcja t\u0142oczysk:<\/strong> T\u0142oczysko wystaje z jednego ko\u0144ca cylindra i jest zazwyczaj wykonane z pr\u0119ta stalowego o wysokiej wytrzyma\u0142o\u015bci. T\u0142oczysko jest obrabiane maszynowo do wymaganych wymiar\u00f3w, w tym precyzyjnie szlifowane pod k\u0105tem wyko\u0144czenia powierzchni, aby zapewni\u0107 p\u0142ynn\u0105 prac\u0119 i odporno\u015b\u0107 na zu\u017cycie.<\/li>\n<li><strong>Obr\u00f3bka mechaniczna i wytwarzanie komponent\u00f3w:<\/strong> R\u00f3\u017cne elementy si\u0142ownika hydraulicznego, takie jak za\u015blepki, g\u0142owice t\u0142ok\u00f3w i wsporniki monta\u017cowe, s\u0105 wytwarzane w procesach obr\u00f3bki skrawaniem. Maszyny CNC (Computer Numerical Control) s\u0105 powszechnie stosowane do precyzyjnego kszta\u0142towania i wiercenia otwor\u00f3w w elementach zgodnie ze specyfikacj\u0105 projektow\u0105.<\/li>\n<li><strong>Obr\u00f3bka powierzchni:<\/strong> W zale\u017cno\u015bci od zastosowania i wymaga\u0144, niekt\u00f3re powierzchnie cylindra hydraulicznego mog\u0105 zosta\u0107 poddane dodatkowym obr\u00f3bkom. Mog\u0105 one obejmowa\u0107 takie procesy, jak obr\u00f3bka cieplna w celu zwi\u0119kszenia wytrzyma\u0142o\u015bci i trwa\u0142o\u015bci, powlekanie galwaniczne lub pow\u0142oka zabezpieczaj\u0105ca przed korozj\u0105, lub specjalistyczne obr\u00f3bki powierzchni, takie jak chromowanie twarde t\u0142oczyska w celu zwi\u0119kszenia odporno\u015bci na zu\u017cycie.<\/li>\n<li><strong>Monta\u017c:<\/strong> Monta\u017c si\u0142ownika hydraulicznego odbywa si\u0119 po wyprodukowaniu i obr\u00f3bce wszystkich niezb\u0119dnych komponent\u00f3w. Obejmuje to staranne dopasowanie korpusu si\u0142ownika, t\u0142oka, t\u0142oczyska, uszczelek i innych cz\u0119\u015bci. Precyzyjne ustawienie i prawid\u0142owe uszczelnienie s\u0105 niezb\u0119dne dla zapewnienia optymalnej wydajno\u015bci i zapobiegania wyciekom.<\/li>\n<li><strong>Testowanie i zapewnienie jako\u015bci:<\/strong> Zanim si\u0142ownik hydrauliczny b\u0119dzie gotowy do dystrybucji, poddawany jest rygorystycznym testom, aby upewni\u0107 si\u0119, \u017ce spe\u0142nia wymagane normy i specyfikacje. Testy te mog\u0105 obejmowa\u0107 pr\u00f3by ci\u015bnieniowe, testy funkcjonalne i kontrole wymiarowe. Wdra\u017cane s\u0105 procedury zapewnienia jako\u015bci, aby utrzyma\u0107 sta\u0142\u0105 jako\u015b\u0107 w ca\u0142ym procesie produkcyjnym.<\/li>\n<li><strong>Pakowanie i dystrybucja:<\/strong> Gotowe cylindry hydrauliczne s\u0105 bezpiecznie pakowane, aby chroni\u0107 je podczas transportu. Nast\u0119pnie s\u0105 one dostarczane klientom lub przechowywane w magazynie do wykorzystania w przysz\u0142o\u015bci.<\/li>\n<\/ol>\n<h2><strong>Mo\u017cliwo\u015bci i pojemno\u015b\u0107 fabryki:<\/strong><\/h2>\n<h3>(1) Monta\u017c<\/h3>\n<p>Dysponujemy najwy\u017cszej klasy niezale\u017cn\u0105 platform\u0105 badawczo-rozwojow\u0105. Warsztat produkcji si\u0142ownik\u00f3w hydraulicznych posiada cztery p\u00f3\u0142automatyczne linie monta\u017cowe si\u0142ownik\u00f3w podnosz\u0105cych i jedn\u0105 automatyczn\u0105 lini\u0119 monta\u017cow\u0105 si\u0142ownik\u00f3w przechy\u0142u, o projektowanej rocznej zdolno\u015bci produkcyjnej 1 miliona sztuk. Specjalny warsztat cylindr\u00f3w jest wyposa\u017cony w r\u00f3\u017cne specyfikacje p\u00f3\u0142automatycznego systemu monta\u017cu czyszcz\u0105cego o projektowanej rocznej zdolno\u015bci produkcyjnej 200 000 i wyposa\u017cony w s\u0142ynny sprz\u0119t do obr\u00f3bki CNC, centrum obr\u00f3bcze, specjalny sprz\u0119t do precyzyjnej obr\u00f3bki cylindr\u00f3w, robot spawalniczy, automatyczna maszyna czyszcz\u0105ca, automatyczna maszyna do monta\u017cu cylindr\u00f3w i automatyczna linia produkcyjna do malowania. Istniej\u0105cy krytyczny sprz\u0119t sk\u0142ada si\u0119 z ponad 300 zestaw\u00f3w. Optymalna alokacja i efektywne wykorzystanie zasob\u00f3w sprz\u0119towych zapewniaj\u0105 wymagania dotycz\u0105ce dok\u0142adno\u015bci produkt\u00f3w i spe\u0142niaj\u0105 potrzeby wysokiej jako\u015bci produkt\u00f3w.<\/p>\n<p><img loading=\"lazy\" decoding=\"async\" class=\"alignnone wp-image-626\" src=\"https:\/\/hydraulic-cylinders.net\/wp-content\/uploads\/2023\/08\/hydraulic-cylinder-product-1-300x158.webp\" alt=\"\" width=\"495\" height=\"260\" srcset=\"https:\/\/hydraulic-cylinders.net\/wp-content\/uploads\/2023\/08\/hydraulic-cylinder-product-1-300x158.webp 495w, https:\/\/hydraulic-cylinders.net\/wp-content\/uploads\/2023\/08\/hydraulic-cylinder-product-1-480x252.webp 480w\" sizes=\"(min-width: 0px) and (max-width: 480px) 480px, (min-width: 481px) 495px, 100vw\" \/> <img loading=\"lazy\" decoding=\"async\" class=\"alignnone wp-image-627\" src=\"https:\/\/hydraulic-cylinders.net\/wp-content\/uploads\/2023\/08\/hydraulic-cylinder-product-2-300x189.webp\" alt=\"\" width=\"413\" height=\"260\" \/><\/p>\n<h3>(2) Obr\u00f3bka<\/h3>\n<p>Warsztat obr\u00f3bki skrawaniem jest wyposa\u017cony w niestandardowe centrum tokarskie z pochylon\u0105 szyn\u0105, centrum obr\u00f3bcze, szybkobie\u017cn\u0105 honownic\u0119, robota spawalniczego i inny powi\u0105zany sprz\u0119t, kt\u00f3ry mo\u017ce obs\u0142ugiwa\u0107 przetwarzanie rur cylindrycznych o maksymalnej \u015brednicy wewn\u0119trznej 400 mm i maksymalnej d\u0142ugo\u015bci 6 metr\u00f3w.<\/p>\n<p><img loading=\"lazy\" decoding=\"async\" class=\"alignnone wp-image-628 size-large\" src=\"https:\/\/hydraulic-cylinders.net\/wp-content\/uploads\/2023\/08\/hydraulic-cylinder-product-3-1024x391.webp\" alt=\"\" width=\"1024\" height=\"391\" srcset=\"https:\/\/hydraulic-cylinders.net\/wp-content\/uploads\/2023\/08\/hydraulic-cylinder-product-3-980x374.webp 980w, https:\/\/hydraulic-cylinders.net\/wp-content\/uploads\/2023\/08\/hydraulic-cylinder-product-3-480x183.webp 480w\" sizes=\"(min-width: 0px) and (max-width: 480px) 480px, (min-width: 481px) and (max-width: 980px) 980px, (min-width: 981px) 1024px, 100vw\" \/><\/p>\n<h3>(3) Spawanie<\/h3>\n<p><img loading=\"lazy\" decoding=\"async\" class=\"alignnone wp-image-629 size-large\" src=\"https:\/\/hydraulic-cylinders.net\/wp-content\/uploads\/2023\/08\/hydraulic-cylinder-product-4-1024x510.webp\" alt=\"\" width=\"1024\" height=\"510\" srcset=\"https:\/\/hydraulic-cylinders.net\/wp-content\/uploads\/2023\/08\/hydraulic-cylinder-product-4-980x488.webp 980w, https:\/\/hydraulic-cylinders.net\/wp-content\/uploads\/2023\/08\/hydraulic-cylinder-product-4-480x239.webp 480w\" sizes=\"(min-width: 0px) and (max-width: 480px) 480px, (min-width: 481px) and (max-width: 980px) 980px, (min-width: 981px) 1024px, 100vw\" \/><\/p>\n<h3>(4) Malowanie i powlekanie<\/h3>\n<p>Z ma\u0142ymi i \u015brednimi automatycznymi liniami do powlekania farbami na bazie wody, w celu osi\u0105gni\u0119cia automatycznego za\u0142adunku i roz\u0142adunku robota oraz automatycznego natryskiwania, wydajno\u015b\u0107 projektowa 4000 sztuk na zmian\u0119;<br \/>\nPosiadamy r\u00f3wnie\u017c p\u00f3\u0142automatyczn\u0105 lini\u0119 do produkcji farb do du\u017cych cylindr\u00f3w nap\u0119dzan\u0105 \u0142a\u0144cuchem nap\u0119dowym, o wydajno\u015bci 60 skrzy\u0144 na zmian\u0119.<\/p>\n<p><img loading=\"lazy\" decoding=\"async\" class=\"alignnone wp-image-630\" src=\"https:\/\/hydraulic-cylinders.net\/wp-content\/uploads\/2023\/08\/hydraulic-cylinder-product-5-300x213.webp\" alt=\"\" width=\"366\" height=\"260\" \/> <img loading=\"lazy\" decoding=\"async\" class=\"alignnone wp-image-631\" src=\"https:\/\/hydraulic-cylinders.net\/wp-content\/uploads\/2023\/08\/hydraulic-cylinder-product-6-300x225.webp\" alt=\"\" width=\"347\" height=\"260\" \/><\/p>\n<h3>(5) Testowanie<\/h3>\n<p>Dysponujemy najwy\u017cszej klasy urz\u0105dzeniami kontrolnymi i stanowiskami testowymi, aby zapewni\u0107, \u017ce wydajno\u015b\u0107 cylindra spe\u0142nia wymagania.<\/p>\n<p><img loading=\"lazy\" decoding=\"async\" class=\"alignnone wp-image-632\" src=\"https:\/\/hydraulic-cylinders.net\/wp-content\/uploads\/2023\/08\/hydraulic-cylinder-product-8-300x200.webp\" alt=\"\" width=\"389\" height=\"260\" \/><\/p>\n<p>&nbsp;<\/p>\n<p>&nbsp;<\/p>\n<p>Jeste\u015bmy jednym z najlepszych producent\u00f3w cylindr\u00f3w hydraulicznych. Oferujemy kompleksow\u0105 ofert\u0119 cylindr\u00f3w hydraulicznych. Dostarczamy r\u00f3wnie\u017c\u2026 <a href=\"https:\/\/hzpt.com\/agricultural-pto-gearbox\/\" target=\"_blank\" rel=\"noopener\">przek\u0142adnie rolnicze<\/a>. Eksportowali\u015bmy nasze produkty do klient\u00f3w na ca\u0142ym \u015bwiecie i zdobyli\u015bmy dobr\u0105 reputacj\u0119 dzi\u0119ki najwy\u017cszej jako\u015bci produkt\u00f3w i us\u0142ug posprzeda\u017cnych. Zapraszamy klient\u00f3w w kraju i za granic\u0105 do kontaktu z nami w celu negocjacji biznesowych, wymiany informacji i <a href=\"https:\/\/www.hydraulic-cylinders.net\/pl\/contact-us\/\">wsp\u00f3\u0142pracowa\u0107 z nami<\/a>!<\/p>","protected":false},"excerpt":{"rendered":"<p>Pile Driving Barge Luffing Cylinder The Pile Driving Barge Luffing Cylinder is a vital component designed to optimize the performance and efficiency of pile driving operations in marine construction projects. This innovative hydraulic cylinder plays a crucial role in controlling the luffing motion of the barge&#8217;s boom, allowing for precise positioning of piles. With its [&hellip;]<\/p>","protected":false},"featured_media":1802,"comment_status":"open","ping_status":"closed","template":"","meta":{"_et_pb_use_builder":"","_et_pb_old_content":"","_et_gb_content_width":""},"product_brand":[],"product_cat":[1550,1536,1552,1376],"product_tag":[1380],"class_list":{"0":"post-1799","1":"product","2":"type-product","3":"status-publish","4":"has-post-thumbnail","6":"product_cat-double-acting-hydraulic-cylinder","7":"product_cat-offshore-platform-hydraulic-cylinders","8":"product_cat-stainless-steel-hydraulic-cylinder","9":"product_cat-hydraulic-cylinder","10":"product_tag-hydraulic-cylinder","12":"first","13":"instock","14":"shipping-taxable","15":"product-type-simple"},"amp_enabled":true,"_links":{"self":[{"href":"https:\/\/www.hydraulic-cylinders.net\/pl\/wp-json\/wp\/v2\/product\/1799","targetHints":{"allow":["GET"]}}],"collection":[{"href":"https:\/\/www.hydraulic-cylinders.net\/pl\/wp-json\/wp\/v2\/product"}],"about":[{"href":"https:\/\/www.hydraulic-cylinders.net\/pl\/wp-json\/wp\/v2\/types\/product"}],"replies":[{"embeddable":true,"href":"https:\/\/www.hydraulic-cylinders.net\/pl\/wp-json\/wp\/v2\/comments?post=1799"}],"wp:featuredmedia":[{"embeddable":true,"href":"https:\/\/www.hydraulic-cylinders.net\/pl\/wp-json\/wp\/v2\/media\/1802"}],"wp:attachment":[{"href":"https:\/\/www.hydraulic-cylinders.net\/pl\/wp-json\/wp\/v2\/media?parent=1799"}],"wp:term":[{"taxonomy":"product_brand","embeddable":true,"href":"https:\/\/www.hydraulic-cylinders.net\/pl\/wp-json\/wp\/v2\/product_brand?post=1799"},{"taxonomy":"product_cat","embeddable":true,"href":"https:\/\/www.hydraulic-cylinders.net\/pl\/wp-json\/wp\/v2\/product_cat?post=1799"},{"taxonomy":"product_tag","embeddable":true,"href":"https:\/\/www.hydraulic-cylinders.net\/pl\/wp-json\/wp\/v2\/product_tag?post=1799"}],"curies":[{"name":"wp","href":"https:\/\/api.w.org\/{rel}","templated":true}]}}