{"id":1835,"date":"2023-10-17T05:41:23","date_gmt":"2023-10-17T05:41:23","guid":{"rendered":"https:\/\/hydraulic-cylinders.net\/?post_type=product&#038;p=1835"},"modified":"2025-04-15T05:43:01","modified_gmt":"2025-04-15T05:43:01","slug":"empty-container-stacker-oil-steering-cylinder","status":"publish","type":"product","link":"https:\/\/www.hydraulic-cylinders.net\/pl\/produkt\/empty-container-stacker-oil-steering-cylinder\/","title":{"rendered":"Pusty pojemnik Uk\u0142adarka oleju Si\u0142ownik steruj\u0105cy"},"content":{"rendered":"<h1 style=\"text-align: center;\"><strong>Pusty pojemnik Uk\u0142adarka oleju Si\u0142ownik steruj\u0105cy<\/strong><\/h1>\n<h1 style=\"text-align: center;\"><img loading=\"lazy\" decoding=\"async\" class=\"alignnone wp-image-1836\" src=\"https:\/\/hydraulic-cylinders.net\/wp-content\/uploads\/2023\/10\/steering-cylinder-1-4-300x300.webp\" alt=\"\" width=\"400\" height=\"400\" \/><\/h1>\n<p>Si\u0142ownik hydrauliczny uk\u0142adu sterowania olejem w uk\u0142adarce pustych kontener\u00f3w to kluczowy element zaprojektowany w celu poprawy zwrotno\u015bci i kontroli nad uk\u0142adark\u0105 pustych kontener\u00f3w. Ten si\u0142ownik hydrauliczny odgrywa kluczow\u0105 rol\u0119 w mechanizmie sterowania, umo\u017cliwiaj\u0105c operatorom \u0142atw\u0105 i precyzyjn\u0105 nawigacj\u0119 w wymagaj\u0105cych warunkach obs\u0142ugi kontener\u00f3w. Dzi\u0119ki zaawansowanym funkcjom, trwa\u0142ej konstrukcji i precyzyjnym mo\u017cliwo\u015bciom sterowania, si\u0142ownik hydrauliczny uk\u0142adu sterowania olejem w uk\u0142adarce pustych kontener\u00f3w jest niezb\u0119dny dla firm d\u0105\u017c\u0105cych do optymalizacji wydajno\u015bci i produktywno\u015bci w zakresie obs\u0142ugi kontener\u00f3w.<\/p>\n<p>Si\u0142ownik steruj\u0105cy olejem w uk\u0142adarce pustych kontener\u00f3w jest kluczowym elementem optymalizacji operacji prze\u0142adunku kontener\u00f3w, szczeg\u00f3lnie w mechanizmie sterowania uk\u0142adark\u0105 pustych kontener\u00f3w. Dzi\u0119ki zwi\u0119kszonej zwrotno\u015bci, precyzyjnemu sterowaniu, trwa\u0142ej konstrukcji i p\u0142ynnej pracy, si\u0142ownik ten umo\u017cliwia operatorom szybkie i precyzyjne poruszanie si\u0119 w wymagaj\u0105cych warunkach obs\u0142ugi kontener\u00f3w. Firmy mog\u0105 zmaksymalizowa\u0107 wydajno\u015b\u0107, trwa\u0142o\u015b\u0107 i bezpiecze\u0144stwo operacji prze\u0142adunku kontener\u00f3w, przestrzegaj\u0105c zalecanych metod u\u017cytkowania i wdra\u017caj\u0105c regularne praktyki konserwacyjne. Dzi\u0119ki si\u0142ownikowi steruj\u0105cemu olejem w uk\u0142adarce pustych kontener\u00f3w firmy mog\u0105 zwi\u0119kszy\u0107 wydajno\u015b\u0107, usprawni\u0107 procesy i zapewni\u0107 efektywny transport kontener\u00f3w w wymagaj\u0105cej bran\u017cy prze\u0142adunku kontener\u00f3w.<\/p>\n<p>G\u0142\u00f3wne cechy uk\u0142adu kierowniczego oleju uk\u0142adu kierowniczego do uk\u0142adu uk\u0142adania pustych kontener\u00f3w:<\/p>\n<ul>\n<li>Lepsza manewrowo\u015b\u0107: Si\u0142ownik uk\u0142adu kierowniczego z olejem znacznie poprawia manewrowo\u015b\u0107 w\u00f3zk\u00f3w do sk\u0142adowania pustych kontener\u00f3w. Umo\u017cliwia precyzyjne skr\u0119canie i sterowanie, umo\u017cliwiaj\u0105c operatorom \u0142atwe pokonywanie ciasnych przestrzeni, zakr\u0119t\u00f3w i przeszk\u00f3d. Ta lepsza manewrowo\u015b\u0107 przek\u0142ada si\u0119 na zwi\u0119kszon\u0105 wydajno\u015b\u0107 operacyjn\u0105 i skr\u00f3cenie przestoj\u00f3w.<\/li>\n<li>Precyzyjna kontrola: Si\u0142ownik uk\u0142adu kierowniczego uk\u0142adu olejowego uk\u0142adu uk\u0142adania pustych kontener\u00f3w zapewnia precyzyjn\u0105 kontrol\u0119 nad mechanizmem kierowniczym. Operatorzy mog\u0105 precyzyjnie regulowa\u0107 k\u0105t skr\u0119tu, co pozwala na p\u0142ynne i precyzyjne zmiany kierunku. Ta precyzyjna kontrola gwarantuje optymalne pozycjonowanie i wyr\u00f3wnanie podczas operacji prze\u0142adunku kontener\u00f3w.<\/li>\n<li>Trwa\u0142a konstrukcja: Si\u0142ownik uk\u0142adu kierowniczego zosta\u0142 wykonany z wysokiej jako\u015bci materia\u0142\u00f3w i solidnej konstrukcji, co zapewnia trwa\u0142o\u015b\u0107 i niezawodno\u015b\u0107 w wymagaj\u0105cych warunkach pracy. Zosta\u0142 zaprojektowany tak, aby wytrzyma\u0107 du\u017ce obci\u0105\u017cenia, wielokrotne u\u017cytkowanie i nara\u017cenie na trudne warunki, minimalizuj\u0105c wymagania konserwacyjne i maksymalizuj\u0105c czas sprawno\u015bci operacyjnej.<\/li>\n<li>P\u0142ynna praca: Uk\u0142ad hydrauliczny si\u0142ownika zapewnia p\u0142ynn\u0105 i r\u00f3wnomiern\u0105 prac\u0119 uk\u0142adu kierowniczego. Minimalizuje wibracje, wstrz\u0105sy i szarpni\u0119cia, zwi\u0119kszaj\u0105c komfort operatora i redukuj\u0105c zm\u0119czenie podczas d\u0142ugotrwa\u0142ych prac. P\u0142ynna praca poprawia r\u00f3wnie\u017c bezpiecze\u0144stwo i zmniejsza ryzyko wypadk\u00f3w lub uszkodze\u0144 kontener\u00f3w.<\/li>\n<\/ul>\n<h2><strong>Parametry cylindra steruj\u0105cego uk\u0142adu hydraulicznego uk\u0142adu hydraulicznego uk\u0142adu hydraulicznego uk\u0142adu hydraulicznego:<\/strong><\/h2>\n<table border=\"1\" cellspacing=\"0\" cellpadding=\"0\">\n<tbody>\n<tr>\n<td>Nazwa produktu<\/td>\n<td>Si\u0142ownik steruj\u0105cy uk\u0142adarki pustych kontener\u00f3w<\/td>\n<\/tr>\n<tr>\n<td>Cechy:<\/td>\n<td>Dostosuj kierunek opon uk\u0142adarki<\/td>\n<\/tr>\n<tr>\n<td>\u015arednica otworu:<\/td>\n<td>80 mm\uff5e200 mm<\/td>\n<\/tr>\n<tr>\n<td>\u015arednica pr\u0119ta:<\/td>\n<td>60 mm\uff5e100 mm<br \/>\nSkok \u22649500 mm<\/td>\n<\/tr>\n<tr>\n<td>Ci\u015bnienie:<\/td>\n<td>Maksymalnie 25 MPa<\/td>\n<\/tr>\n<tr>\n<td>Zastosowania:<\/td>\n<td>Uk\u0142adarka pustych kontener\u00f3w<\/td>\n<\/tr>\n<\/tbody>\n<\/table>\n<h2><strong>Zastosowanie uk\u0142adu pustych pojemnik\u00f3w i cylindr\u00f3w olejowych:<\/strong><\/h2>\n<p><img loading=\"lazy\" decoding=\"async\" class=\"alignnone wp-image-1831 size-full\" src=\"https:\/\/hydraulic-cylinders.net\/wp-content\/uploads\/2023\/10\/empty-container-stacker-oil-cylinder-1.webp\" alt=\"\" width=\"1418\" height=\"946\" srcset=\"https:\/\/hydraulic-cylinders.net\/wp-content\/uploads\/2023\/10\/empty-container-stacker-oil-cylinder-1.webp 1418w, https:\/\/hydraulic-cylinders.net\/wp-content\/uploads\/2023\/10\/empty-container-stacker-oil-cylinder-1-1280x854.webp 1280w, https:\/\/hydraulic-cylinders.net\/wp-content\/uploads\/2023\/10\/empty-container-stacker-oil-cylinder-1-980x654.webp 980w, https:\/\/hydraulic-cylinders.net\/wp-content\/uploads\/2023\/10\/empty-container-stacker-oil-cylinder-1-480x320.webp 480w\" sizes=\"(min-width: 0px) and (max-width: 480px) 480px, (min-width: 481px) and (max-width: 980px) 980px, (min-width: 981px) and (max-width: 1280px) 1280px, (min-width: 1281px) 1418px, 100vw\" \/><\/p>\n<h2><strong>Metoda u\u017cycia pustego pojemnika w uk\u0142adzie hydraulicznym z olejem<\/strong><strong>:<\/strong><\/h2>\n<ol>\n<li><strong>Instalacja:<\/strong>\u00a0 Zamontuj si\u0142ownik uk\u0142adu kierowniczego uk\u0142adu olejowego uk\u0142adu uk\u0142adania pustych kontener\u00f3w w wyznaczonym miejscu w mechanizmie kierowniczym uk\u0142adu uk\u0142adania pustych kontener\u00f3w. Zapoznaj si\u0119 z wytycznymi i specyfikacjami producenta dotycz\u0105cymi prawid\u0142owego ustawienia, monta\u017cu i pod\u0142\u0105czania. Zapewnij bezpieczn\u0105 i solidn\u0105 instalacj\u0119, aby zagwarantowa\u0107 optymaln\u0105 wydajno\u015b\u0107.<\/li>\n<li><strong>Po\u0142\u0105czenia hydrauliczne:<\/strong> Pod\u0142\u0105cz cylinder do uk\u0142adu hydraulicznego podno\u015bnika pustych kontener\u00f3w, post\u0119puj\u0105c zgodnie z zaleceniami producenta. Upewnij si\u0119, \u017ce przewody hydrauliczne s\u0105 prawid\u0142owo poprowadzone, a po\u0142\u0105czenia solidne. Aby zapewni\u0107 bezpieczn\u0105 i wydajn\u0105 prac\u0119, przestrzegaj podanych rozmiar\u00f3w w\u0119\u017cy, przy\u0142\u0105czy i warto\u015bci ci\u015bnienia znamionowego.<\/li>\n<li><strong>Sterowanie i obs\u0142uga:<\/strong> Si\u0142ownik uk\u0142adu kierowniczego jest zazwyczaj sterowany za po\u015brednictwem istniej\u0105cego systemu sterowania podno\u015bnika pustych kontener\u00f3w. Operatorzy mog\u0105 u\u017cy\u0107 konsoli sterowniczej lub panelu sterowania do aktywacji obwodu hydraulicznego i regulacji k\u0105ta skr\u0119tu. Aby zapewni\u0107 bezpieczn\u0105 i precyzyjn\u0105 kontrol\u0119 nad uk\u0142adem kierowniczym, nale\u017cy przestrzega\u0107 instrukcji producenta i zalecanych procedur kierowania.<\/li>\n<\/ol>\n<h2><strong>Jak dzia\u0142a si\u0142ownik hydrauliczny jednostronnego dzia\u0142ania?<\/strong><\/h2>\n<p>Si\u0142ownik hydrauliczny jednostronnego dzia\u0142ania, znany r\u00f3wnie\u017c jako si\u0142ownik hydrauliczny jednokierunkowy, to rodzaj si\u0142ownika hydraulicznego, kt\u00f3ry generuje si\u0142\u0119 i ruch w jednym kierunku. Wysuwanie cylindra odbywa si\u0119 za pomoc\u0105 ci\u015bnienia hydraulicznego, a jego cofanie za pomoc\u0105 si\u0142 zewn\u0119trznych, takich jak grawitacja lub spr\u0119\u017cyny. Oto jak dzia\u0142a si\u0142ownik hydrauliczny jednostronnego dzia\u0142ania:<\/p>\n<ol>\n<li><strong>Budowa:<\/strong> Si\u0142ownik hydrauliczny jednostronnego dzia\u0142ania sk\u0142ada si\u0119 z cylindrycznej obudowy, t\u0142oka, t\u0142oczyska i p\u0142ynu hydraulicznego. T\u0142ok dzieli cylinder na komor\u0119 ci\u015bnieniow\u0105 (robocz\u0105) i komor\u0119 powrotn\u0105.<\/li>\n<li><strong>Skok wyprostny:<\/strong> Gdy ci\u015bnienie hydrauliczne zostanie przy\u0142o\u017cone do komory ci\u015bnieniowej, dzia\u0142a ono na t\u0142ok, popychaj\u0105c go w jednym kierunku. Si\u0142a ta wysuwa t\u0142oczysko, generuj\u0105c ruch liniowy. P\u0142yn hydrauliczny w komorze powrotnej zostaje wyparty i sp\u0142ywa z powrotem do zbiornika hydraulicznego.<\/li>\n<li><strong>Skok cofania:<\/strong> W przeciwie\u0144stwie do cylindr\u00f3w dwustronnego dzia\u0142ania, kt\u00f3re wykorzystuj\u0105 ci\u015bnienie hydrauliczne do wysuwania i wsuwania, si\u0142ownik hydrauliczny jednostronnego dzia\u0142ania wykorzystuje si\u0142y zewn\u0119trzne do wsuwania. Po zwolnieniu ci\u015bnienia hydraulicznego si\u0142a zewn\u0119trzna, taka jak grawitacja lub spr\u0119\u017cyna, dzia\u0142a na t\u0142oczysko, powoduj\u0105c jego wsuni\u0119cie do cylindra.<\/li>\n<li><strong>Sterowanie i obs\u0142uga:<\/strong> Ci\u015bnienie hydrauliczne i nat\u0119\u017cenie przep\u0142ywu s\u0105 regulowane za pomoc\u0105 zawor\u00f3w obs\u0142ugiwanych przez uk\u0142ad sterowania. Poprzez regulacj\u0119 ustawie\u0144 zawor\u00f3w mo\u017cna kontrolowa\u0107 pr\u0119dko\u015b\u0107 i si\u0142\u0119 wysuni\u0119cia cylindra.<\/li>\n<li><strong>Zastosowania:<\/strong> Si\u0142owniki hydrauliczne jednostronnego dzia\u0142ania s\u0105 powszechnie stosowane tam, gdzie si\u0142a jest wymagana w jednym kierunku i gdzie si\u0142y zewn\u0119trzne mog\u0105 zapewni\u0107 powr\u00f3t. S\u0105 one cz\u0119sto stosowane w zastosowaniach takich jak podnoszenie, gdzie ci\u0119\u017car \u0142adunku lub grawitacja wspomagaj\u0105 proces powrotu.<\/li>\n<li><strong>Konserwacja:<\/strong> Regularna konserwacja si\u0142ownika hydraulicznego jednostronnego dzia\u0142ania obejmuje sprawdzanie szczelno\u015bci, inspekcj\u0119 uszczelnie\u0144 i uszczelnie\u0144 oraz zapewnienie prawid\u0142owego dzia\u0142ania zawor\u00f3w i uk\u0142ad\u00f3w sterowania. Prawid\u0142owa filtracja i okresowa wymiana p\u0142ynu s\u0105 r\u00f3wnie\u017c wa\u017cne dla utrzymania optymalnej wydajno\u015bci i zapobiegania zanieczyszczeniom.<\/li>\n<\/ol>\n<h2><strong>Mo\u017cliwo\u015bci i pojemno\u015b\u0107 fabryki:<\/strong><\/h2>\n<h3>(1) Monta\u017c<\/h3>\n<p>Dysponujemy najwy\u017cszej klasy niezale\u017cn\u0105 platform\u0105 badawczo-rozwojow\u0105. Warsztat produkcji si\u0142ownik\u00f3w hydraulicznych posiada cztery p\u00f3\u0142automatyczne linie monta\u017cowe si\u0142ownik\u00f3w podnosz\u0105cych i jedn\u0105 automatyczn\u0105 lini\u0119 monta\u017cow\u0105 si\u0142ownik\u00f3w przechy\u0142u, o projektowanej rocznej zdolno\u015bci produkcyjnej 1 miliona sztuk. Specjalny warsztat cylindr\u00f3w jest wyposa\u017cony w r\u00f3\u017cne specyfikacje p\u00f3\u0142automatycznego systemu monta\u017cu czyszcz\u0105cego o projektowanej rocznej zdolno\u015bci produkcyjnej 200 000 i wyposa\u017cony w s\u0142ynny sprz\u0119t do obr\u00f3bki CNC, centrum obr\u00f3bcze, specjalny sprz\u0119t do precyzyjnej obr\u00f3bki cylindr\u00f3w, robot spawalniczy, automatyczna maszyna czyszcz\u0105ca, automatyczna maszyna do monta\u017cu cylindr\u00f3w i automatyczna linia produkcyjna do malowania. Istniej\u0105cy krytyczny sprz\u0119t sk\u0142ada si\u0119 z ponad 300 zestaw\u00f3w. Optymalna alokacja i efektywne wykorzystanie zasob\u00f3w sprz\u0119towych zapewniaj\u0105 wymagania dotycz\u0105ce dok\u0142adno\u015bci produkt\u00f3w i spe\u0142niaj\u0105 potrzeby wysokiej jako\u015bci produkt\u00f3w.<\/p>\n<p><img loading=\"lazy\" decoding=\"async\" class=\"alignnone wp-image-626\" src=\"https:\/\/hydraulic-cylinders.net\/wp-content\/uploads\/2023\/08\/hydraulic-cylinder-product-1-300x158.webp\" alt=\"\" width=\"495\" height=\"260\" srcset=\"https:\/\/hydraulic-cylinders.net\/wp-content\/uploads\/2023\/08\/hydraulic-cylinder-product-1-300x158.webp 495w, https:\/\/hydraulic-cylinders.net\/wp-content\/uploads\/2023\/08\/hydraulic-cylinder-product-1-480x252.webp 480w\" sizes=\"(min-width: 0px) and (max-width: 480px) 480px, (min-width: 481px) 495px, 100vw\" \/> <img loading=\"lazy\" decoding=\"async\" class=\"alignnone wp-image-627\" src=\"https:\/\/hydraulic-cylinders.net\/wp-content\/uploads\/2023\/08\/hydraulic-cylinder-product-2-300x189.webp\" alt=\"\" width=\"413\" height=\"260\" \/><\/p>\n<h3>(2) Obr\u00f3bka<\/h3>\n<p>Warsztat obr\u00f3bki skrawaniem jest wyposa\u017cony w niestandardowe centrum tokarskie z pochylon\u0105 szyn\u0105, centrum obr\u00f3bcze, szybkobie\u017cn\u0105 honownic\u0119, robota spawalniczego i inny powi\u0105zany sprz\u0119t, kt\u00f3ry mo\u017ce obs\u0142ugiwa\u0107 przetwarzanie rur cylindrycznych o maksymalnej \u015brednicy wewn\u0119trznej 400 mm i maksymalnej d\u0142ugo\u015bci 6 metr\u00f3w.<\/p>\n<p><img loading=\"lazy\" decoding=\"async\" class=\"alignnone wp-image-628 size-large\" src=\"https:\/\/hydraulic-cylinders.net\/wp-content\/uploads\/2023\/08\/hydraulic-cylinder-product-3-1024x391.webp\" alt=\"\" width=\"1024\" height=\"391\" srcset=\"https:\/\/hydraulic-cylinders.net\/wp-content\/uploads\/2023\/08\/hydraulic-cylinder-product-3-980x374.webp 980w, https:\/\/hydraulic-cylinders.net\/wp-content\/uploads\/2023\/08\/hydraulic-cylinder-product-3-480x183.webp 480w\" sizes=\"(min-width: 0px) and (max-width: 480px) 480px, (min-width: 481px) and (max-width: 980px) 980px, (min-width: 981px) 1024px, 100vw\" \/><\/p>\n<h3>(3) Spawanie<\/h3>\n<p><img loading=\"lazy\" decoding=\"async\" class=\"alignnone wp-image-629 size-large\" src=\"https:\/\/hydraulic-cylinders.net\/wp-content\/uploads\/2023\/08\/hydraulic-cylinder-product-4-1024x510.webp\" alt=\"\" width=\"1024\" height=\"510\" srcset=\"https:\/\/hydraulic-cylinders.net\/wp-content\/uploads\/2023\/08\/hydraulic-cylinder-product-4-980x488.webp 980w, https:\/\/hydraulic-cylinders.net\/wp-content\/uploads\/2023\/08\/hydraulic-cylinder-product-4-480x239.webp 480w\" sizes=\"(min-width: 0px) and (max-width: 480px) 480px, (min-width: 481px) and (max-width: 980px) 980px, (min-width: 981px) 1024px, 100vw\" \/><\/p>\n<h3>(4) Malowanie i powlekanie<\/h3>\n<p>Z ma\u0142ymi i \u015brednimi automatycznymi liniami do powlekania farbami na bazie wody, w celu osi\u0105gni\u0119cia automatycznego za\u0142adunku i roz\u0142adunku robota oraz automatycznego natryskiwania, wydajno\u015b\u0107 projektowa 4000 sztuk na zmian\u0119;<br \/>\nPosiadamy r\u00f3wnie\u017c p\u00f3\u0142automatyczn\u0105 lini\u0119 do produkcji farb do du\u017cych cylindr\u00f3w nap\u0119dzan\u0105 \u0142a\u0144cuchem nap\u0119dowym, o wydajno\u015bci 60 skrzy\u0144 na zmian\u0119.<\/p>\n<p><img loading=\"lazy\" decoding=\"async\" class=\"alignnone wp-image-630\" src=\"https:\/\/hydraulic-cylinders.net\/wp-content\/uploads\/2023\/08\/hydraulic-cylinder-product-5-300x213.webp\" alt=\"\" width=\"366\" height=\"260\" \/> <img loading=\"lazy\" decoding=\"async\" class=\"alignnone wp-image-631\" src=\"https:\/\/hydraulic-cylinders.net\/wp-content\/uploads\/2023\/08\/hydraulic-cylinder-product-6-300x225.webp\" alt=\"\" width=\"347\" height=\"260\" \/><\/p>\n<h3>(5) Testowanie<\/h3>\n<p>Dysponujemy najwy\u017cszej klasy urz\u0105dzeniami kontrolnymi i stanowiskami testowymi, aby zapewni\u0107, \u017ce wydajno\u015b\u0107 cylindra spe\u0142nia wymagania.<\/p>\n<p><img loading=\"lazy\" decoding=\"async\" class=\"alignnone wp-image-632\" src=\"https:\/\/hydraulic-cylinders.net\/wp-content\/uploads\/2023\/08\/hydraulic-cylinder-product-8-300x200.webp\" alt=\"\" width=\"389\" height=\"260\" \/><\/p>\n<p>&nbsp;<\/p>\n<p>&nbsp;<\/p>\n<p>Jeste\u015bmy jednym z najlepszych producent\u00f3w cylindr\u00f3w hydraulicznych. Oferujemy kompleksow\u0105 ofert\u0119 cylindr\u00f3w hydraulicznych. Dostarczamy r\u00f3wnie\u017c\u2026 <a href=\"https:\/\/hzpt.com\/agricultural-pto-gearbox\/\" target=\"_blank\" rel=\"noopener\">przek\u0142adnie rolnicze<\/a>. Eksportowali\u015bmy nasze produkty do klient\u00f3w na ca\u0142ym \u015bwiecie i zdobyli\u015bmy dobr\u0105 reputacj\u0119 dzi\u0119ki najwy\u017cszej jako\u015bci produkt\u00f3w i us\u0142ug posprzeda\u017cnych. Zapraszamy klient\u00f3w w kraju i za granic\u0105 do kontaktu z nami w celu negocjacji biznesowych, wymiany informacji i <a href=\"https:\/\/www.hydraulic-cylinders.net\/pl\/contact-us\/\">wsp\u00f3\u0142pracowa\u0107 z nami<\/a>!<\/p>\n<p>&nbsp;<\/p>\n<p>&nbsp;<\/p>","protected":false},"excerpt":{"rendered":"<p>Empty Container Stacker Oil Steering Cylinder The empty container stacker oil steering cylinder is a critical component designed to improve the maneuverability and control of empty container stackers. This hydraulic cylinder plays a crucial role in the steering mechanism, allowing operators to navigate easily and accurately in demanding container handling environments. With its advanced features, [&hellip;]<\/p>","protected":false},"featured_media":1837,"comment_status":"open","ping_status":"closed","template":"","meta":{"_et_pb_use_builder":"","_et_pb_old_content":"","_et_gb_content_width":""},"product_brand":[],"product_cat":[1550,1516,1552],"product_tag":[1380],"class_list":{"0":"post-1835","1":"product","2":"type-product","3":"status-publish","4":"has-post-thumbnail","6":"product_cat-double-acting-hydraulic-cylinder","7":"product_cat-stacker-reclaimer-hydraulic-cylinders","8":"product_cat-stainless-steel-hydraulic-cylinder","9":"product_tag-hydraulic-cylinder","11":"first","12":"instock","13":"shipping-taxable","14":"product-type-simple"},"amp_enabled":true,"_links":{"self":[{"href":"https:\/\/www.hydraulic-cylinders.net\/pl\/wp-json\/wp\/v2\/product\/1835","targetHints":{"allow":["GET"]}}],"collection":[{"href":"https:\/\/www.hydraulic-cylinders.net\/pl\/wp-json\/wp\/v2\/product"}],"about":[{"href":"https:\/\/www.hydraulic-cylinders.net\/pl\/wp-json\/wp\/v2\/types\/product"}],"replies":[{"embeddable":true,"href":"https:\/\/www.hydraulic-cylinders.net\/pl\/wp-json\/wp\/v2\/comments?post=1835"}],"wp:featuredmedia":[{"embeddable":true,"href":"https:\/\/www.hydraulic-cylinders.net\/pl\/wp-json\/wp\/v2\/media\/1837"}],"wp:attachment":[{"href":"https:\/\/www.hydraulic-cylinders.net\/pl\/wp-json\/wp\/v2\/media?parent=1835"}],"wp:term":[{"taxonomy":"product_brand","embeddable":true,"href":"https:\/\/www.hydraulic-cylinders.net\/pl\/wp-json\/wp\/v2\/product_brand?post=1835"},{"taxonomy":"product_cat","embeddable":true,"href":"https:\/\/www.hydraulic-cylinders.net\/pl\/wp-json\/wp\/v2\/product_cat?post=1835"},{"taxonomy":"product_tag","embeddable":true,"href":"https:\/\/www.hydraulic-cylinders.net\/pl\/wp-json\/wp\/v2\/product_tag?post=1835"}],"curies":[{"name":"wp","href":"https:\/\/api.w.org\/{rel}","templated":true}]}}