{"id":1838,"date":"2023-10-17T06:03:15","date_gmt":"2023-10-17T06:03:15","guid":{"rendered":"https:\/\/hydraulic-cylinders.net\/?post_type=product&#038;p=1838"},"modified":"2025-04-15T05:42:58","modified_gmt":"2025-04-15T05:42:58","slug":"empty-container-stacker-oil-side-shift-cylinder","status":"publish","type":"product","link":"https:\/\/www.hydraulic-cylinders.net\/pl\/produkt\/empty-container-stacker-oil-side-shift-cylinder\/","title":{"rendered":"Pusty pojemnik Uk\u0142adarka oleju Si\u0142ownik przesuwu bocznego"},"content":{"rendered":"<h1 style=\"text-align: center;\"><strong>Pusty pojemnik Uk\u0142adarka oleju Si\u0142ownik przesuwu bocznego<\/strong><\/h1>\n<h1 style=\"text-align: center;\"><img loading=\"lazy\" decoding=\"async\" class=\"alignnone wp-image-1839\" src=\"https:\/\/hydraulic-cylinders.net\/wp-content\/uploads\/2023\/10\/side-shift-cylinder-1-300x300.webp\" alt=\"\" width=\"400\" height=\"400\" \/><\/h1>\n<p>Si\u0142ownik hydrauliczny z bocznym przesuwem oleju w uk\u0142adarce pustych kontener\u00f3w to kluczowy element zaprojektowany w celu zwi\u0119kszenia wszechstronno\u015bci i wydajno\u015bci uk\u0142adarek pustych kontener\u00f3w. Ten si\u0142ownik hydrauliczny umo\u017cliwia precyzyjne boczne przesuwy kontener\u00f3w, umo\u017cliwiaj\u0105c operatorom szybkie i precyzyjne ich pozycjonowanie. Dzi\u0119ki zaawansowanym funkcjom, solidnej konstrukcji i p\u0142ynnemu sterowaniu, si\u0142ownik hydrauliczny z bocznym przesuwem oleju w uk\u0142adarce pustych kontener\u00f3w jest niezb\u0119dnym narz\u0119dziem dla firm d\u0105\u017c\u0105cych do optymalizacji operacji zwi\u0105zanych z obs\u0142ug\u0105 kontener\u00f3w.<\/p>\n<p>Si\u0142ownik z bocznym przesuwem oleju w uk\u0142adarce pustych kontener\u00f3w jest niezb\u0119dny do optymalizacji operacji obs\u0142ugi kontener\u00f3w, szczeg\u00f3lnie w uk\u0142adarkach pustych kontener\u00f3w. Dzi\u0119ki \u0142atwemu przesuwowi bocznemu, wszechstronnym mo\u017cliwo\u015bciom obs\u0142ugi, solidnej konstrukcji i precyzyjnemu sterowaniu, si\u0142ownik ten umo\u017cliwia operatorom szybkie i precyzyjne pozycjonowanie kontener\u00f3w. Przestrzegaj\u0105c zalecanych metod u\u017cytkowania i wdra\u017caj\u0105c regularne praktyki konserwacyjne, firmy mog\u0105 zmaksymalizowa\u0107 wydajno\u015b\u0107, trwa\u0142o\u015b\u0107 i bezpiecze\u0144stwo operacji obs\u0142ugi kontener\u00f3w. Dzi\u0119ki si\u0142ownikowi z bocznym przesuwem oleju w uk\u0142adarce pustych kontener\u00f3w firmy mog\u0105 zwi\u0119kszy\u0107 wydajno\u015b\u0107, usprawni\u0107 procesy oraz zapewni\u0107 wydajne i precyzyjne pozycjonowanie kontener\u00f3w w wymagaj\u0105cej bran\u017cy obs\u0142ugi kontener\u00f3w.<\/p>\n<p>G\u0142\u00f3wne cechy si\u0142ownika przesuwu bocznego oleju do uk\u0142adania pustych kontener\u00f3w:<\/p>\n<ul>\n<li>Bezproblemowe przesuwanie boczne: Si\u0142ownik z bocznym przesuwem olejowym umo\u017cliwia bezproblemowe przesuwanie kontener\u00f3w na bok, zapewniaj\u0105c operatorom precyzyjn\u0105 kontrol\u0119 nad ich po\u0142o\u017ceniem. Pozwala im to na \u0142atw\u0105 regulacj\u0119 bocznego po\u0142o\u017cenia kontener\u00f3w, dostosowuj\u0105c je do r\u00f3\u017cnych wymaga\u0144 za\u0142adunku i roz\u0142adunku. Ta bezproblemowa funkcja bocznego przesuwania skraca czas obs\u0142ugi, minimalizuje ryzyko kolizji i zwi\u0119ksza og\u00f3ln\u0105 wydajno\u015b\u0107 operacyjn\u0105.<\/li>\n<li>Wszechstronna obs\u0142uga: Si\u0142ownik z bocznym przesuwem oleju w uk\u0142adzie do uk\u0142adania pustych kontener\u00f3w zwi\u0119ksza wszechstronno\u015b\u0107 tych uk\u0142ad\u00f3w, umo\u017cliwiaj\u0105c obs\u0142ug\u0119 kontener\u00f3w o r\u00f3\u017cnych rozmiarach i kszta\u0142tach. Dzi\u0119ki mo\u017cliwo\u015bci regulacji po\u0142o\u017cenia kontenera, operatorzy mog\u0105 dostosowa\u0107 si\u0119 do r\u00f3\u017cnych wymiar\u00f3w kontenera, zapewniaj\u0105c bezpieczne mocowanie i minimalizuj\u0105c ryzyko uszkodze\u0144 podczas obs\u0142ugi.<\/li>\n<li>Solidna konstrukcja: Si\u0142ownik przesuwu bocznego zosta\u0142 wykonany z wysokiej jako\u015bci materia\u0142\u00f3w i solidnej konstrukcji, co zapewnia trwa\u0142o\u015b\u0107 i niezawodno\u015b\u0107 w wymagaj\u0105cych warunkach pracy. Zosta\u0142 zaprojektowany tak, aby wytrzyma\u0107 du\u017ce obci\u0105\u017cenia, cz\u0119ste ruchy i trudne warunki, minimalizuj\u0105c wymagania konserwacyjne i maksymalizuj\u0105c czas sprawno\u015bci operacyjnej.<\/li>\n<li>Precyzyjna kontrola: Si\u0142ownik przesuwu bocznego pojemnika z olejem w uk\u0142adzie do pustych kontener\u00f3w zapewnia precyzyjn\u0105 kontrol\u0119 nad prac\u0105. Operatorzy mog\u0105 precyzyjnie regulowa\u0107 boczne po\u0142o\u017cenie pojemnika, co pozwala na p\u0142ynne i dok\u0142adne dopasowanie do innego sprz\u0119tu lub miejsca sk\u0142adowania. Ta precyzyjna kontrola zapewnia sprawn\u0105 i bezpieczn\u0105 obs\u0142ug\u0119 pojemnik\u00f3w, zmniejszaj\u0105c ryzyko wypadk\u00f3w i uszkodze\u0144.<\/li>\n<\/ul>\n<h2><strong>Parametry cylindra przesuwu bocznego oleju w uk\u0142adzie uk\u0142adania pustych kontener\u00f3w:<\/strong><\/h2>\n<table border=\"1\" cellspacing=\"0\" cellpadding=\"0\">\n<tbody>\n<tr>\n<td>Nazwa produktu<\/td>\n<td>Cylinder przesuwu bocznego uk\u0142adu pustych kontener\u00f3w<\/td>\n<\/tr>\n<tr>\n<td>Cechy:<\/td>\n<td>Wykonaj przesuni\u0119cie osprz\u0119tu w lewo i w prawo<\/td>\n<\/tr>\n<tr>\n<td>\u015arednica otworu:<\/td>\n<td>80 mm\uff5e120 mm<\/td>\n<\/tr>\n<tr>\n<td>\u015arednica pr\u0119ta:<\/td>\n<td>50mm\uff5e65mm<br \/>\nSkok \u22641500 mm<\/td>\n<\/tr>\n<tr>\n<td>Ci\u015bnienie:<\/td>\n<td>Maksymalnie 25 MPa<\/td>\n<\/tr>\n<tr>\n<td>Zastosowania:<\/td>\n<td>Uk\u0142adarka pustych kontener\u00f3w<\/td>\n<\/tr>\n<\/tbody>\n<\/table>\n<h2><strong>Zastosowanie uk\u0142adu pustych pojemnik\u00f3w i cylindr\u00f3w olejowych:<\/strong><\/h2>\n<p><img loading=\"lazy\" decoding=\"async\" class=\"alignnone wp-image-1831 size-full\" src=\"https:\/\/hydraulic-cylinders.net\/wp-content\/uploads\/2023\/10\/empty-container-stacker-oil-cylinder-1.webp\" alt=\"\" width=\"1418\" height=\"946\" srcset=\"https:\/\/hydraulic-cylinders.net\/wp-content\/uploads\/2023\/10\/empty-container-stacker-oil-cylinder-1.webp 1418w, https:\/\/hydraulic-cylinders.net\/wp-content\/uploads\/2023\/10\/empty-container-stacker-oil-cylinder-1-1280x854.webp 1280w, https:\/\/hydraulic-cylinders.net\/wp-content\/uploads\/2023\/10\/empty-container-stacker-oil-cylinder-1-980x654.webp 980w, https:\/\/hydraulic-cylinders.net\/wp-content\/uploads\/2023\/10\/empty-container-stacker-oil-cylinder-1-480x320.webp 480w\" sizes=\"(min-width: 0px) and (max-width: 480px) 480px, (min-width: 481px) and (max-width: 980px) 980px, (min-width: 981px) and (max-width: 1280px) 1280px, (min-width: 1281px) 1418px, 100vw\" \/><\/p>\n<h2><strong>Metoda u\u017cytkowania pustego cylindra przesuwu bocznego oleju w uk\u0142adarce kontener\u00f3w<\/strong><strong>:<\/strong><\/h2>\n<ul>\n<li><strong>Instalacja:<\/strong>\u00a0 Zamontuj si\u0142ownik przesuwu bocznego oleju w uk\u0142adarce pustych pojemnik\u00f3w w wyznaczonym miejscu w uk\u0142adarce. Post\u0119puj zgodnie z wytycznymi i specyfikacjami producenta dotycz\u0105cymi prawid\u0142owego ustawienia, monta\u017cu i pod\u0142\u0105czania. Zapewnij bezpieczn\u0105 i prawid\u0142ow\u0105 instalacj\u0119, aby zagwarantowa\u0107 optymaln\u0105 wydajno\u015b\u0107.<\/li>\n<li><strong>Po\u0142\u0105czenia hydrauliczne:<\/strong> Pod\u0142\u0105cz cylinder do uk\u0142adu hydraulicznego podno\u015bnika pustych kontener\u00f3w, post\u0119puj\u0105c zgodnie z zaleceniami producenta. Upewnij si\u0119, \u017ce przewody hydrauliczne s\u0105 prawid\u0142owo poprowadzone, a po\u0142\u0105czenia solidne. Aby zapewni\u0107 bezpieczn\u0105 i wydajn\u0105 prac\u0119, przestrzegaj podanych rozmiar\u00f3w w\u0119\u017cy, przy\u0142\u0105czy i warto\u015bci ci\u015bnienia znamionowego.<\/li>\n<li><strong>Sterowanie i obs\u0142uga:<\/strong> Si\u0142ownik przesuwu bocznego jest zazwyczaj sterowany za po\u015brednictwem istniej\u0105cego systemu sterowania uk\u0142adarki pustych kontener\u00f3w. Operatorzy mog\u0105 u\u017cy\u0107 konsoli sterowniczej lub panelu sterowania do aktywacji obwodu hydraulicznego i regulacji bocznego po\u0142o\u017cenia kontenera. Nale\u017cy post\u0119powa\u0107 zgodnie z instrukcjami producenta i zaleca\u0107 bezpieczne i precyzyjne procedury przesuwu bocznego.<\/li>\n<\/ul>\n<h2><strong>Jak dzia\u0142a teleskopowy si\u0142ownik hydrauliczny?<\/strong><\/h2>\n<p>Teleskopowy si\u0142ownik hydrauliczny, znany r\u00f3wnie\u017c jako wielostopniowy si\u0142ownik hydrauliczny, to rodzaj si\u0142ownika hydraulicznego, kt\u00f3ry sk\u0142ada si\u0119 z wielu stopni lub sekcji umieszczonych jedna w drugiej. Taka konstrukcja pozwala na uzyskanie wi\u0119kszego skoku przy zachowaniu kompaktowych rozmiar\u00f3w. Oto jak dzia\u0142a teleskopowy si\u0142ownik hydrauliczny:<\/p>\n<ol>\n<li><strong>Budowa:<\/strong> Teleskopowy si\u0142ownik hydrauliczny sk\u0142ada si\u0119 z szeregu cylindrycznych rur zwanych stopniami, z kt\u00f3rych ka\u017cdy ma coraz mniejsz\u0105 \u015brednic\u0119. Stopnie s\u0105 po\u0142\u0105czone pr\u0119tami po\u015brednimi, a najwa\u017cniejszy stopie\u0144 jest zazwyczaj nazywany stopniem podstawowym lub podstawowym.<\/li>\n<li><strong>Skok wyprostny:<\/strong> Gdy do stopnia podstawowego zostanie przy\u0142o\u017cone ci\u015bnienie hydrauliczne, dzia\u0142a ono na t\u0142ok, popychaj\u0105c go i po\u0142\u0105czone z nim t\u0142oczyska po\u015brednie do przodu. Ten pocz\u0105tkowy ruch powoduje wysuni\u0119cie pierwszego stopnia. P\u0142yn hydrauliczny jest wt\u0142aczany ze stopnia podstawowego do pierwszego stopnia, tworz\u0105c r\u00f3\u017cnic\u0119 ci\u015bnie\u0144.<\/li>\n<li><strong>Rozszerzenie sekwencyjne:<\/strong> W miar\u0119 wyd\u0142u\u017cania si\u0119 pierwszego stopnia, przymocowany do niego pr\u0119t po\u015bredni naciska na drugi stopie\u0144, powoduj\u0105c jego wzrost. To sekwencyjne wyd\u0142u\u017canie jest kontynuowane, gdy ka\u017cdy kolejny stopie\u0144 przesuwa si\u0119 w kierunku nast\u0119pnego, a\u017c do osi\u0105gni\u0119cia po\u017c\u0105danej d\u0142ugo\u015bci skoku.<\/li>\n<li><strong>Skok cofania:<\/strong> Ci\u015bnienie hydrauliczne jest zwalniane, aby wci\u0105gn\u0105\u0107 cylinder teleskopowy, umo\u017cliwiaj\u0105c wyr\u00f3wnanie ci\u015bnienia wewn\u0119trznego. Wci\u0105ganie jest zazwyczaj osi\u0105gane za pomoc\u0105 si\u0142 zewn\u0119trznych, takich jak grawitacja, spr\u0119\u017cyny lub ci\u015bnienie wywo\u0142ane obci\u0105\u017ceniem. W miar\u0119 wyr\u00f3wnywania si\u0119 ci\u015bnienia, stopnie wci\u0105gania w odwrotnej kolejno\u015bci, a ka\u017cdy stopie\u0144 wsuwa si\u0119 z powrotem do poprzedniego, a\u017c cylinder zostanie ca\u0142kowicie wci\u0105gni\u0119ty.<\/li>\n<li><strong>Sterowanie i obs\u0142uga:<\/strong> Ci\u015bnienie hydrauliczne i nat\u0119\u017cenie przep\u0142ywu s\u0105 regulowane za pomoc\u0105 zawor\u00f3w obs\u0142ugiwanych przez uk\u0142ad sterowania. Regulacja ustawie\u0144 zawor\u00f3w pozwala na utrzymanie pr\u0119dko\u015bci i si\u0142y wysuwania i wsuwania si\u0142ownika teleskopowego.<\/li>\n<li><strong>Zastosowania:<\/strong> Teleskopowe si\u0142owniki hydrauliczne s\u0105 powszechnie stosowane tam, gdzie wymagany jest du\u017cy skok w kompaktowej przestrzeni. S\u0105 one cz\u0119sto wykorzystywane w budownictwie, transporcie i transporcie, gdzie po\u0142\u0105czenie du\u017cego zasi\u0119gu i kompaktowych rozmiar\u00f3w jest kluczowe.<\/li>\n<li><strong>Konserwacja:<\/strong> Regularna konserwacja teleskopowego si\u0142ownika hydraulicznego obejmuje sprawdzanie szczelno\u015bci, sprawdzanie uszczelnie\u0144 i uszczelnie\u0144 oraz zapewnienie prawid\u0142owego dzia\u0142ania zawor\u00f3w i uk\u0142ad\u00f3w sterowania. Prawid\u0142owe smarowanie minimalizuje tarcie mi\u0119dzy stopniami i zapewnia p\u0142ynn\u0105 prac\u0119. Regularne czyszczenie i usuwanie zanieczyszcze\u0144 s\u0105 r\u00f3wnie\u017c niezb\u0119dne, aby zapobiec uszkodzeniom stopni i utrzyma\u0107 optymaln\u0105 wydajno\u015b\u0107.<\/li>\n<\/ol>\n<h2><strong>Mo\u017cliwo\u015bci i pojemno\u015b\u0107 fabryki:<\/strong><\/h2>\n<h3>(1) Monta\u017c<\/h3>\n<p>Dysponujemy najwy\u017cszej klasy niezale\u017cn\u0105 platform\u0105 badawczo-rozwojow\u0105. Warsztat produkcji si\u0142ownik\u00f3w hydraulicznych posiada cztery p\u00f3\u0142automatyczne linie monta\u017cowe si\u0142ownik\u00f3w podnosz\u0105cych i jedn\u0105 automatyczn\u0105 lini\u0119 monta\u017cow\u0105 si\u0142ownik\u00f3w przechy\u0142u, o projektowanej rocznej zdolno\u015bci produkcyjnej 1 miliona sztuk. Specjalny warsztat cylindr\u00f3w jest wyposa\u017cony w r\u00f3\u017cne specyfikacje p\u00f3\u0142automatycznego systemu monta\u017cu czyszcz\u0105cego o projektowanej rocznej zdolno\u015bci produkcyjnej 200 000 i wyposa\u017cony w s\u0142ynny sprz\u0119t do obr\u00f3bki CNC, centrum obr\u00f3bcze, specjalny sprz\u0119t do precyzyjnej obr\u00f3bki cylindr\u00f3w, robot spawalniczy, automatyczna maszyna czyszcz\u0105ca, automatyczna maszyna do monta\u017cu cylindr\u00f3w i automatyczna linia produkcyjna do malowania. Istniej\u0105cy krytyczny sprz\u0119t sk\u0142ada si\u0119 z ponad 300 zestaw\u00f3w. Optymalna alokacja i efektywne wykorzystanie zasob\u00f3w sprz\u0119towych zapewniaj\u0105 wymagania dotycz\u0105ce dok\u0142adno\u015bci produkt\u00f3w i spe\u0142niaj\u0105 potrzeby wysokiej jako\u015bci produkt\u00f3w.<\/p>\n<p><img loading=\"lazy\" decoding=\"async\" class=\"alignnone wp-image-626\" src=\"https:\/\/hydraulic-cylinders.net\/wp-content\/uploads\/2023\/08\/hydraulic-cylinder-product-1-300x158.webp\" alt=\"\" width=\"495\" height=\"260\" srcset=\"https:\/\/hydraulic-cylinders.net\/wp-content\/uploads\/2023\/08\/hydraulic-cylinder-product-1-300x158.webp 495w, https:\/\/hydraulic-cylinders.net\/wp-content\/uploads\/2023\/08\/hydraulic-cylinder-product-1-480x252.webp 480w\" sizes=\"(min-width: 0px) and (max-width: 480px) 480px, (min-width: 481px) 495px, 100vw\" \/> <img loading=\"lazy\" decoding=\"async\" class=\"alignnone wp-image-627\" src=\"https:\/\/hydraulic-cylinders.net\/wp-content\/uploads\/2023\/08\/hydraulic-cylinder-product-2-300x189.webp\" alt=\"\" width=\"413\" height=\"260\" \/><\/p>\n<h3>(2) Obr\u00f3bka<\/h3>\n<p>Warsztat obr\u00f3bki skrawaniem jest wyposa\u017cony w niestandardowe centrum tokarskie z pochylon\u0105 szyn\u0105, centrum obr\u00f3bcze, szybkobie\u017cn\u0105 honownic\u0119, robota spawalniczego i inny powi\u0105zany sprz\u0119t, kt\u00f3ry mo\u017ce obs\u0142ugiwa\u0107 przetwarzanie rur cylindrycznych o maksymalnej \u015brednicy wewn\u0119trznej 400 mm i maksymalnej d\u0142ugo\u015bci 6 metr\u00f3w.<\/p>\n<p><img loading=\"lazy\" decoding=\"async\" class=\"alignnone wp-image-628 size-large\" src=\"https:\/\/hydraulic-cylinders.net\/wp-content\/uploads\/2023\/08\/hydraulic-cylinder-product-3-1024x391.webp\" alt=\"\" width=\"1024\" height=\"391\" srcset=\"https:\/\/hydraulic-cylinders.net\/wp-content\/uploads\/2023\/08\/hydraulic-cylinder-product-3-980x374.webp 980w, https:\/\/hydraulic-cylinders.net\/wp-content\/uploads\/2023\/08\/hydraulic-cylinder-product-3-480x183.webp 480w\" sizes=\"(min-width: 0px) and (max-width: 480px) 480px, (min-width: 481px) and (max-width: 980px) 980px, (min-width: 981px) 1024px, 100vw\" \/><\/p>\n<h3>(3) Spawanie<\/h3>\n<p><img loading=\"lazy\" decoding=\"async\" class=\"alignnone wp-image-629 size-large\" src=\"https:\/\/hydraulic-cylinders.net\/wp-content\/uploads\/2023\/08\/hydraulic-cylinder-product-4-1024x510.webp\" alt=\"\" width=\"1024\" height=\"510\" srcset=\"https:\/\/hydraulic-cylinders.net\/wp-content\/uploads\/2023\/08\/hydraulic-cylinder-product-4-980x488.webp 980w, https:\/\/hydraulic-cylinders.net\/wp-content\/uploads\/2023\/08\/hydraulic-cylinder-product-4-480x239.webp 480w\" sizes=\"(min-width: 0px) and (max-width: 480px) 480px, (min-width: 481px) and (max-width: 980px) 980px, (min-width: 981px) 1024px, 100vw\" \/><\/p>\n<h3>(4) Malowanie i powlekanie<\/h3>\n<p>Z ma\u0142ymi i \u015brednimi automatycznymi liniami do powlekania farbami na bazie wody, w celu osi\u0105gni\u0119cia automatycznego za\u0142adunku i roz\u0142adunku robota oraz automatycznego natryskiwania, wydajno\u015b\u0107 projektowa 4000 sztuk na zmian\u0119;<br \/>\nPosiadamy r\u00f3wnie\u017c p\u00f3\u0142automatyczn\u0105 lini\u0119 do produkcji farb do du\u017cych cylindr\u00f3w nap\u0119dzan\u0105 \u0142a\u0144cuchem nap\u0119dowym, o wydajno\u015bci 60 skrzy\u0144 na zmian\u0119.<\/p>\n<p><img loading=\"lazy\" decoding=\"async\" class=\"alignnone wp-image-630\" src=\"https:\/\/hydraulic-cylinders.net\/wp-content\/uploads\/2023\/08\/hydraulic-cylinder-product-5-300x213.webp\" alt=\"\" width=\"366\" height=\"260\" \/> <img loading=\"lazy\" decoding=\"async\" class=\"alignnone wp-image-631\" src=\"https:\/\/hydraulic-cylinders.net\/wp-content\/uploads\/2023\/08\/hydraulic-cylinder-product-6-300x225.webp\" alt=\"\" width=\"347\" height=\"260\" \/><\/p>\n<h3>(5) Testowanie<\/h3>\n<p>Dysponujemy najwy\u017cszej klasy urz\u0105dzeniami kontrolnymi i stanowiskami testowymi, aby zapewni\u0107, \u017ce wydajno\u015b\u0107 cylindra spe\u0142nia wymagania.<\/p>\n<p><img loading=\"lazy\" decoding=\"async\" class=\"alignnone wp-image-632\" src=\"https:\/\/hydraulic-cylinders.net\/wp-content\/uploads\/2023\/08\/hydraulic-cylinder-product-8-300x200.webp\" alt=\"\" width=\"389\" height=\"260\" \/><\/p>\n<p>&nbsp;<\/p>\n<p>&nbsp;<\/p>\n<p>Jeste\u015bmy jednym z najlepszych producent\u00f3w cylindr\u00f3w hydraulicznych. Oferujemy kompleksow\u0105 ofert\u0119 cylindr\u00f3w hydraulicznych. Dostarczamy r\u00f3wnie\u017c\u2026 <a href=\"https:\/\/hzpt.com\/agricultural-pto-gearbox\/\" target=\"_blank\" rel=\"noopener\">przek\u0142adnie rolnicze<\/a>. Eksportowali\u015bmy nasze produkty do klient\u00f3w na ca\u0142ym \u015bwiecie i zdobyli\u015bmy dobr\u0105 reputacj\u0119 dzi\u0119ki najwy\u017cszej jako\u015bci produkt\u00f3w i us\u0142ug posprzeda\u017cnych. Zapraszamy klient\u00f3w w kraju i za granic\u0105 do kontaktu z nami w celu negocjacji biznesowych, wymiany informacji i <a href=\"https:\/\/www.hydraulic-cylinders.net\/pl\/contact-us\/\">wsp\u00f3\u0142pracowa\u0107 z nami<\/a>!<\/p>\n<p>&nbsp;<\/p>\n<p>&nbsp;<\/p>","protected":false},"excerpt":{"rendered":"<p>Empty Container Stacker Oil Side Shift Cylinder The empty container stacker oil side shift cylinder is a crucial component designed to enhance the versatility and efficiency of empty container stackers. This hydraulic cylinder enables precise side shifting of containers, allowing operators to position them quickly and accurately. With its advanced features, robust construction, and seamless [&hellip;]<\/p>","protected":false},"featured_media":1840,"comment_status":"open","ping_status":"closed","template":"","meta":{"_et_pb_use_builder":"","_et_pb_old_content":"","_et_gb_content_width":""},"product_brand":[],"product_cat":[1550,1516,1552],"product_tag":[1380],"class_list":{"0":"post-1838","1":"product","2":"type-product","3":"status-publish","4":"has-post-thumbnail","6":"product_cat-double-acting-hydraulic-cylinder","7":"product_cat-stacker-reclaimer-hydraulic-cylinders","8":"product_cat-stainless-steel-hydraulic-cylinder","9":"product_tag-hydraulic-cylinder","11":"first","12":"instock","13":"shipping-taxable","14":"product-type-simple"},"amp_enabled":true,"_links":{"self":[{"href":"https:\/\/www.hydraulic-cylinders.net\/pl\/wp-json\/wp\/v2\/product\/1838","targetHints":{"allow":["GET"]}}],"collection":[{"href":"https:\/\/www.hydraulic-cylinders.net\/pl\/wp-json\/wp\/v2\/product"}],"about":[{"href":"https:\/\/www.hydraulic-cylinders.net\/pl\/wp-json\/wp\/v2\/types\/product"}],"replies":[{"embeddable":true,"href":"https:\/\/www.hydraulic-cylinders.net\/pl\/wp-json\/wp\/v2\/comments?post=1838"}],"wp:featuredmedia":[{"embeddable":true,"href":"https:\/\/www.hydraulic-cylinders.net\/pl\/wp-json\/wp\/v2\/media\/1840"}],"wp:attachment":[{"href":"https:\/\/www.hydraulic-cylinders.net\/pl\/wp-json\/wp\/v2\/media?parent=1838"}],"wp:term":[{"taxonomy":"product_brand","embeddable":true,"href":"https:\/\/www.hydraulic-cylinders.net\/pl\/wp-json\/wp\/v2\/product_brand?post=1838"},{"taxonomy":"product_cat","embeddable":true,"href":"https:\/\/www.hydraulic-cylinders.net\/pl\/wp-json\/wp\/v2\/product_cat?post=1838"},{"taxonomy":"product_tag","embeddable":true,"href":"https:\/\/www.hydraulic-cylinders.net\/pl\/wp-json\/wp\/v2\/product_tag?post=1838"}],"curies":[{"name":"wp","href":"https:\/\/api.w.org\/{rel}","templated":true}]}}