{"id":1851,"date":"2023-10-17T07:46:14","date_gmt":"2023-10-17T07:46:14","guid":{"rendered":"https:\/\/hydraulic-cylinders.net\/?post_type=product&#038;p=1851"},"modified":"2025-04-15T05:42:45","modified_gmt":"2025-04-15T05:42:45","slug":"stacker-reclaimer-skeleton-pitch-cylinder","status":"publish","type":"product","link":"https:\/\/www.hydraulic-cylinders.net\/pl\/produkt\/stacker-reclaimer-skeleton-pitch-cylinder\/","title":{"rendered":"Szkieletowy cylinder skoku uk\u0142adu odzyskuj\u0105cego uk\u0142adark\u0119"},"content":{"rendered":"<h1 style=\"text-align: center;\"><strong>Szkieletowy cylinder skoku uk\u0142adu odzyskuj\u0105cego uk\u0142adark\u0119<\/strong><\/h1>\n<h1 style=\"text-align: center;\"><img loading=\"lazy\" decoding=\"async\" class=\"alignnone wp-image-1852\" src=\"https:\/\/hydraulic-cylinders.net\/wp-content\/uploads\/2023\/10\/skeleton-pitch-cylinder-1-300x300.webp\" alt=\"\" width=\"400\" height=\"400\" \/><\/h1>\n<p>Si\u0142ownik o skoku szkieletowym zgarniacza to kluczowy element hydrauliczny, zaprojektowany w celu optymalizacji funkcjonalno\u015bci i wydajno\u015bci zgarniaczy w zastosowaniach zwi\u0105zanych z prze\u0142adunkiem materia\u0142\u00f3w sypkich. Ten specjalistyczny si\u0142ownik umo\u017cliwia precyzyjn\u0105 kontrol\u0119 i regulacj\u0119 k\u0105ta nachylenia \u0142y\u017cki zgarniacza, u\u0142atwiaj\u0105c efektywny pob\u00f3r i roz\u0142adunek materia\u0142u. Dzi\u0119ki wyj\u0105tkowym cechom, solidnej konstrukcji i niezawodnej pracy, si\u0142ownik o skoku szkieletowym zgarniacza rewolucjonizuje wydajno\u015b\u0107 i produktywno\u015b\u0107 operacji zwi\u0105zanych z prze\u0142adunkiem materia\u0142\u00f3w sypkich.<\/p>\n<p>Si\u0142ownik z skosem szkieletowym zwa\u0142owarki jest niezb\u0119dny w bran\u017cy transportu materia\u0142\u00f3w sypkich, oferuj\u0105c precyzyjn\u0105 kontrol\u0119 skoku, solidn\u0105 konstrukcj\u0119 i wysok\u0105 no\u015bno\u015b\u0107. Jego zdolno\u015b\u0107 do optymalizacji k\u0105ta skoku \u0142y\u017cki szkieletowej u\u0142atwia efektywny za\u0142adunek i roz\u0142adunek, minimalizuj\u0105c rozsypywanie materia\u0142u i zwi\u0119kszaj\u0105c wydajno\u015b\u0107. Przestrzegaj\u0105c zalecanych metod u\u017cytkowania i wdra\u017caj\u0105c regularne praktyki konserwacyjne, firmy mog\u0105 zmaksymalizowa\u0107 wydajno\u015b\u0107, \u017cywotno\u015b\u0107 i niezawodno\u015b\u0107 swoich zwa\u0142owarek. Si\u0142ownik z skosem szkieletowym zwa\u0142owarki to nieoceniona inwestycja w operacje transportu materia\u0142\u00f3w sypkich, umo\u017cliwiaj\u0105c operatorom osi\u0105gni\u0119cie optymalnej wydajno\u015bci, dok\u0142adno\u015bci i produktywno\u015bci w dynamicznym i wymagaj\u0105cym sektorze transportu materia\u0142\u00f3w sypkich.<\/p>\n<p>G\u0142\u00f3wne cechy cylindra szkieletowego do uk\u0142adania w stosy:<\/p>\n<ul>\n<li>Precyzyjna kontrola nachylenia: Si\u0142ownik nachylenia szkieletu \u0142adowarki zgarniaj\u0105cej zapewnia precyzyjn\u0105 kontrol\u0119 nad k\u0105tem nachylenia szkieletu \u0142y\u017cki. Operatorzy mog\u0105 \u0142atwo dostosowa\u0107 k\u0105t do charakterystyki materia\u0142u i zoptymalizowa\u0107 proces za\u0142adunku i roz\u0142adunku. Ta precyzja zapewnia wydajne przenoszenie materia\u0142u, minimalizuj\u0105c rozsypywanie i zwi\u0119kszaj\u0105c wydajno\u015b\u0107.<\/li>\n<li>Solidna konstrukcja: Ten cylinder zosta\u0142 wykonany z wysokiej jako\u015bci materia\u0142\u00f3w i charakteryzuje si\u0119 solidn\u0105 konstrukcj\u0105, aby sprosta\u0107 trudnym warunkom transportu materia\u0142\u00f3w sypkich. Zosta\u0142 zaprojektowany tak, aby wytrzyma\u0107 du\u017ce obci\u0105\u017cenia, uderzenia i trudne warunki, zapewniaj\u0105c d\u0142ugotrwa\u0142\u0105 wydajno\u015b\u0107 i niezawodno\u015b\u0107.<\/li>\n<li>Wysoka no\u015bno\u015b\u0107: Si\u0142ownik z cylindrem szkieletowym do uk\u0142adania i odzyskiwania materia\u0142\u00f3w zosta\u0142 zaprojektowany do obs\u0142ugi du\u017cych obci\u0105\u017ce\u0144 wyst\u0119puj\u0105cych w operacjach zwi\u0105zanych z za\u0142adunkiem materia\u0142\u00f3w sypkich. Charakteryzuje si\u0119 solidn\u0105 konstrukcj\u0105 t\u0142oka i t\u0142oczyska, kt\u00f3ra wytrzymuje ekstremalne si\u0142y, zapewniaj\u0105c stabilno\u015b\u0107 i pewno\u015b\u0107.<\/li>\n<\/ul>\n<h2><strong>Parametry cylindra skoku szkieletu urz\u0105dzenia do odzyskiwania \u0142adunk\u00f3w:<\/strong><\/h2>\n<table border=\"1\" cellspacing=\"0\" cellpadding=\"0\">\n<tbody>\n<tr>\n<td>Nazwa produktu<\/td>\n<td>Szkieletowy cylinder skoku uk\u0142adu odzyskuj\u0105cego uk\u0142adark\u0119<\/td>\n<\/tr>\n<tr>\n<td>Cechy:<\/td>\n<td>Zrealizuj dzia\u0142anie pochylenia wspornika<\/td>\n<\/tr>\n<tr>\n<td>\u015arednica otworu:<\/td>\n<td>300mm\uff5e400m<\/td>\n<\/tr>\n<tr>\n<td>\u015arednica pr\u0119ta:<\/td>\n<td>200 mm\uff5e320 mm<br \/>\nSkok 1000 mm \uff5e 4500 mm<\/td>\n<\/tr>\n<tr>\n<td>Ci\u015bnienie:<\/td>\n<td>do 35 MPa<\/td>\n<\/tr>\n<tr>\n<td>Zastosowania:<\/td>\n<td>Uk\u0142adarka-odzyskiwacz<\/td>\n<\/tr>\n<\/tbody>\n<\/table>\n<h2><strong>Zastosowanie cylindra uk\u0142adarki-odzyskiwacza:<\/strong><\/h2>\n<p><img loading=\"lazy\" decoding=\"async\" class=\"alignnone wp-image-1854 size-full\" src=\"https:\/\/hydraulic-cylinders.net\/wp-content\/uploads\/2023\/10\/stacker-reclaimer-cylinder-1.webp\" alt=\"\" width=\"494\" height=\"330\" srcset=\"https:\/\/hydraulic-cylinders.net\/wp-content\/uploads\/2023\/10\/stacker-reclaimer-cylinder-1.webp 494w, https:\/\/hydraulic-cylinders.net\/wp-content\/uploads\/2023\/10\/stacker-reclaimer-cylinder-1-480x321.webp 480w\" sizes=\"(min-width: 0px) and (max-width: 480px) 480px, (min-width: 481px) 494px, 100vw\" \/><\/p>\n<h2><strong>Metoda u\u017cytkowania cylindra szkieletowego uk\u0142adu odzyskowego<\/strong><strong>:<\/strong><\/h2>\n<p>Regulacja skoku: Aby efektywnie wykorzysta\u0107 si\u0142ownik skoku szkieletu Stacker Reclaimer, nale\u017cy wykona\u0107 nast\u0119puj\u0105ce czynno\u015bci:<\/p>\n<p>a. Uruchom uk\u0142ad hydrauliczny uk\u0142adarki-zgarniacza i upewnij si\u0119, \u017ce ci\u015bnienie hydrauliczne mie\u015bci si\u0119 w zalecanym zakresie roboczym.<br \/>\nb. U\u017cyj dostarczonego interfejsu sterowania lub joysticka, aby dostosowa\u0107 k\u0105t nachylenia \u0142y\u017cki szkieletowej.<br \/>\nc. Si\u0142ownik skoku szkieletu urz\u0105dzenia Stacker Reclaimer b\u0119dzie reagowa\u0142 na polecenia operatora, p\u0142ynnie i precyzyjnie reguluj\u0105c k\u0105t skoku.<br \/>\nd. Monitoruj przep\u0142yw materia\u0142u i dostosuj k\u0105t nachylenia w razie potrzeby, aby zapewni\u0107 sprawny za\u0142adunek lub roz\u0142adunek.<\/p>\n<h2><strong>Jak powstaj\u0105 cylindry hydrauliczne?<\/strong><\/h2>\n<p>Ud\u017awig cylindra hydraulicznego zale\u017cy od r\u00f3\u017cnych czynnik\u00f3w, takich jak jego konstrukcja, rozmiar, ci\u015bnienie robocze oraz konkretne zastosowanie. Cylindry hydrauliczne s\u0105 projektowane do obs\u0142ugi r\u00f3\u017cnorodnych obci\u0105\u017ce\u0144, od lekkich po ci\u0119\u017ckie.<\/p>\n<p>Producent zazwyczaj okre\u015bla ud\u017awig cylindra hydraulicznego, kt\u00f3ry mo\u017ce si\u0119 znacznie r\u00f3\u017cni\u0107 w zale\u017cno\u015bci od jego rozmiaru i przeznaczenia. Mniejsze cylindry mog\u0105 mie\u0107 ud\u017awig kilkuset funt\u00f3w lub kilogram\u00f3w, podczas gdy wi\u0119ksze cylindry mog\u0105 ud\u017awign\u0105\u0107 \u0142adunki rz\u0119du dziesi\u0105tek lub setek ton.<\/p>\n<p>Aby okre\u015bli\u0107 ud\u017awig cylindra hydraulicznego w konkretnym zastosowaniu, nale\u017cy wzi\u0105\u0107 pod uwag\u0119 nast\u0119puj\u0105ce czynniki:<\/p>\n<ol>\n<li><strong>\u015arednica otworu:<\/strong> \u015arednica otworu cylindra hydraulicznego odnosi si\u0119 do wewn\u0119trznej \u015brednicy lufy cylindra. Zasadniczo wi\u0119ksze rozmiary otworu umo\u017cliwiaj\u0105 wi\u0119kszy ud\u017awig.<\/li>\n<li><strong>\u015arednica pr\u0119ta:<\/strong> \u015arednica t\u0142oczyska si\u0142ownika hydraulicznego odnosi si\u0119 do \u015brednicy t\u0142oczyska. Grubszy t\u0142oczysko zazwyczaj zapewnia wi\u0119ksz\u0105 wytrzyma\u0142o\u015b\u0107 i ud\u017awig.<\/li>\n<li><strong>Ci\u015bnienie robocze:<\/strong> Ci\u015bnienie robocze uk\u0142adu hydraulicznego wp\u0142ywa na ud\u017awig. Wy\u017csze ci\u015bnienie robocze mo\u017ce generowa\u0107 wi\u0119ksz\u0105 si\u0142\u0119, co przek\u0142ada si\u0119 na wi\u0119kszy ud\u017awig.<\/li>\n<li><strong>D\u0142ugo\u015b\u0107 skoku:<\/strong> D\u0142ugo\u015b\u0107 skoku odnosi si\u0119 do odleg\u0142o\u015bci, jak\u0105 t\u0142ok mo\u017ce pokona\u0107 w cylindrze. Wi\u0119kszy skok mo\u017ce zwi\u0119kszy\u0107 ca\u0142kowity ud\u017awig.<\/li>\n<li><strong>Konfiguracja monta\u017cu:<\/strong> Konfiguracja mocowania si\u0142ownika hydraulicznego mo\u017ce r\u00f3wnie\u017c wp\u0142ywa\u0107 na jego ud\u017awig. R\u00f3\u017cne typy mocowania zapewniaj\u0105 zr\u00f3\u017cnicowany poziom stabilno\u015bci i no\u015bno\u015bci.<\/li>\n<li><strong>Wsp\u00f3\u0142czynniki bezpiecze\u0144stwa:<\/strong> Nale\u017cy koniecznie uwzgl\u0119dni\u0107 czynniki bezpiecze\u0144stwa i upewni\u0107 si\u0119, \u017ce si\u0142ownik hydrauliczny nie zostanie przeci\u0105\u017cony ponad dopuszczalny ud\u017awig. Przeci\u0105\u017cenie mo\u017ce prowadzi\u0107 do awarii si\u0142ownika, uszkodzenia sprz\u0119tu i zagro\u017cenia bezpiecze\u0144stwa.<\/li>\n<\/ol>\n<h2><strong>Mo\u017cliwo\u015bci i pojemno\u015b\u0107 fabryki:<\/strong><\/h2>\n<h3>(1) Monta\u017c<\/h3>\n<p>Dysponujemy najwy\u017cszej klasy niezale\u017cn\u0105 platform\u0105 badawczo-rozwojow\u0105. Warsztat produkcji si\u0142ownik\u00f3w hydraulicznych posiada cztery p\u00f3\u0142automatyczne linie monta\u017cowe si\u0142ownik\u00f3w podnosz\u0105cych i jedn\u0105 automatyczn\u0105 lini\u0119 monta\u017cow\u0105 si\u0142ownik\u00f3w przechy\u0142u, o projektowanej rocznej zdolno\u015bci produkcyjnej 1 miliona sztuk. Specjalny warsztat cylindr\u00f3w jest wyposa\u017cony w r\u00f3\u017cne specyfikacje p\u00f3\u0142automatycznego systemu monta\u017cu czyszcz\u0105cego o projektowanej rocznej zdolno\u015bci produkcyjnej 200 000 i wyposa\u017cony w s\u0142ynny sprz\u0119t do obr\u00f3bki CNC, centrum obr\u00f3bcze, specjalny sprz\u0119t do precyzyjnej obr\u00f3bki cylindr\u00f3w, robot spawalniczy, automatyczna maszyna czyszcz\u0105ca, automatyczna maszyna do monta\u017cu cylindr\u00f3w i automatyczna linia produkcyjna do malowania. Istniej\u0105cy krytyczny sprz\u0119t sk\u0142ada si\u0119 z ponad 300 zestaw\u00f3w. Optymalna alokacja i efektywne wykorzystanie zasob\u00f3w sprz\u0119towych zapewniaj\u0105 wymagania dotycz\u0105ce dok\u0142adno\u015bci produkt\u00f3w i spe\u0142niaj\u0105 potrzeby wysokiej jako\u015bci produkt\u00f3w.<\/p>\n<p><img loading=\"lazy\" decoding=\"async\" class=\"alignnone wp-image-626\" src=\"https:\/\/hydraulic-cylinders.net\/wp-content\/uploads\/2023\/08\/hydraulic-cylinder-product-1-300x158.webp\" alt=\"\" width=\"495\" height=\"260\" srcset=\"https:\/\/hydraulic-cylinders.net\/wp-content\/uploads\/2023\/08\/hydraulic-cylinder-product-1-300x158.webp 495w, https:\/\/hydraulic-cylinders.net\/wp-content\/uploads\/2023\/08\/hydraulic-cylinder-product-1-480x252.webp 480w\" sizes=\"(min-width: 0px) and (max-width: 480px) 480px, (min-width: 481px) 495px, 100vw\" \/> <img loading=\"lazy\" decoding=\"async\" class=\"alignnone wp-image-627\" src=\"https:\/\/hydraulic-cylinders.net\/wp-content\/uploads\/2023\/08\/hydraulic-cylinder-product-2-300x189.webp\" alt=\"\" width=\"413\" height=\"260\" \/><\/p>\n<h3>(2) Obr\u00f3bka<\/h3>\n<p>Warsztat obr\u00f3bki skrawaniem jest wyposa\u017cony w niestandardowe centrum tokarskie z pochylon\u0105 szyn\u0105, centrum obr\u00f3bcze, szybkobie\u017cn\u0105 honownic\u0119, robota spawalniczego i inny powi\u0105zany sprz\u0119t, kt\u00f3ry mo\u017ce obs\u0142ugiwa\u0107 przetwarzanie rur cylindrycznych o maksymalnej \u015brednicy wewn\u0119trznej 400 mm i maksymalnej d\u0142ugo\u015bci 6 metr\u00f3w.<\/p>\n<p><img loading=\"lazy\" decoding=\"async\" class=\"alignnone wp-image-628 size-large\" src=\"https:\/\/hydraulic-cylinders.net\/wp-content\/uploads\/2023\/08\/hydraulic-cylinder-product-3-1024x391.webp\" alt=\"\" width=\"1024\" height=\"391\" srcset=\"https:\/\/hydraulic-cylinders.net\/wp-content\/uploads\/2023\/08\/hydraulic-cylinder-product-3-980x374.webp 980w, https:\/\/hydraulic-cylinders.net\/wp-content\/uploads\/2023\/08\/hydraulic-cylinder-product-3-480x183.webp 480w\" sizes=\"(min-width: 0px) and (max-width: 480px) 480px, (min-width: 481px) and (max-width: 980px) 980px, (min-width: 981px) 1024px, 100vw\" \/><\/p>\n<h3>(3) Spawanie<\/h3>\n<p><img loading=\"lazy\" decoding=\"async\" class=\"alignnone wp-image-629 size-large\" src=\"https:\/\/hydraulic-cylinders.net\/wp-content\/uploads\/2023\/08\/hydraulic-cylinder-product-4-1024x510.webp\" alt=\"\" width=\"1024\" height=\"510\" srcset=\"https:\/\/hydraulic-cylinders.net\/wp-content\/uploads\/2023\/08\/hydraulic-cylinder-product-4-980x488.webp 980w, https:\/\/hydraulic-cylinders.net\/wp-content\/uploads\/2023\/08\/hydraulic-cylinder-product-4-480x239.webp 480w\" sizes=\"(min-width: 0px) and (max-width: 480px) 480px, (min-width: 481px) and (max-width: 980px) 980px, (min-width: 981px) 1024px, 100vw\" \/><\/p>\n<h3>(4) Malowanie i powlekanie<\/h3>\n<p>Z ma\u0142ymi i \u015brednimi automatycznymi liniami do powlekania farbami na bazie wody, w celu osi\u0105gni\u0119cia automatycznego za\u0142adunku i roz\u0142adunku robota oraz automatycznego natryskiwania, wydajno\u015b\u0107 projektowa 4000 sztuk na zmian\u0119;<br \/>\nPosiadamy r\u00f3wnie\u017c p\u00f3\u0142automatyczn\u0105 lini\u0119 do produkcji farb do du\u017cych cylindr\u00f3w nap\u0119dzan\u0105 \u0142a\u0144cuchem nap\u0119dowym, o wydajno\u015bci 60 skrzy\u0144 na zmian\u0119.<\/p>\n<p><img loading=\"lazy\" decoding=\"async\" class=\"alignnone wp-image-630\" src=\"https:\/\/hydraulic-cylinders.net\/wp-content\/uploads\/2023\/08\/hydraulic-cylinder-product-5-300x213.webp\" alt=\"\" width=\"366\" height=\"260\" \/> <img loading=\"lazy\" decoding=\"async\" class=\"alignnone wp-image-631\" src=\"https:\/\/hydraulic-cylinders.net\/wp-content\/uploads\/2023\/08\/hydraulic-cylinder-product-6-300x225.webp\" alt=\"\" width=\"347\" height=\"260\" \/><\/p>\n<h3>(5) Testowanie<\/h3>\n<p>Dysponujemy najwy\u017cszej klasy urz\u0105dzeniami kontrolnymi i stanowiskami testowymi, aby zapewni\u0107, \u017ce wydajno\u015b\u0107 cylindra spe\u0142nia wymagania.<\/p>\n<p><img loading=\"lazy\" decoding=\"async\" class=\"alignnone wp-image-632\" src=\"https:\/\/hydraulic-cylinders.net\/wp-content\/uploads\/2023\/08\/hydraulic-cylinder-product-8-300x200.webp\" alt=\"\" width=\"389\" height=\"260\" \/><\/p>\n<p>&nbsp;<\/p>\n<p>&nbsp;<\/p>\n<p>Jeste\u015bmy jednym z najlepszych producent\u00f3w cylindr\u00f3w hydraulicznych. Oferujemy kompleksow\u0105 ofert\u0119 cylindr\u00f3w hydraulicznych. Dostarczamy r\u00f3wnie\u017c\u2026 <a href=\"https:\/\/hzpt.com\/agricultural-pto-gearbox\/\" target=\"_blank\" rel=\"noopener\">przek\u0142adnie rolnicze<\/a>. Eksportowali\u015bmy nasze produkty do klient\u00f3w na ca\u0142ym \u015bwiecie i zdobyli\u015bmy dobr\u0105 reputacj\u0119 dzi\u0119ki najwy\u017cszej jako\u015bci produkt\u00f3w i us\u0142ug posprzeda\u017cnych. Zapraszamy klient\u00f3w w kraju i za granic\u0105 do kontaktu z nami w celu negocjacji biznesowych, wymiany informacji i <a href=\"https:\/\/www.hydraulic-cylinders.net\/pl\/contact-us\/\">wsp\u00f3\u0142pracowa\u0107 z nami<\/a>!<\/p>\n<p>&nbsp;<\/p>\n<p>&nbsp;<\/p>","protected":false},"excerpt":{"rendered":"<p>Stacker Reclaimer Skeleton Pitch Cylinder The stacker reclaimer skeleton pitch cylinder is a crucial hydraulic component designed to optimize the functionality and performance of stacker reclaimers in bulk material handling applications. This specialized cylinder enables precise control and adjustment of the skeleton bucket&#8217;s pitch angle, facilitating efficient material pickup and discharge. With its exceptional features, [&hellip;]<\/p>","protected":false},"featured_media":1853,"comment_status":"open","ping_status":"closed","template":"","meta":{"_et_pb_use_builder":"","_et_pb_old_content":"","_et_gb_content_width":""},"product_brand":[],"product_cat":[1550,1516,1552],"product_tag":[1380],"class_list":{"0":"post-1851","1":"product","2":"type-product","3":"status-publish","4":"has-post-thumbnail","6":"product_cat-double-acting-hydraulic-cylinder","7":"product_cat-stacker-reclaimer-hydraulic-cylinders","8":"product_cat-stainless-steel-hydraulic-cylinder","9":"product_tag-hydraulic-cylinder","11":"first","12":"instock","13":"shipping-taxable","14":"product-type-simple"},"amp_enabled":true,"_links":{"self":[{"href":"https:\/\/www.hydraulic-cylinders.net\/pl\/wp-json\/wp\/v2\/product\/1851","targetHints":{"allow":["GET"]}}],"collection":[{"href":"https:\/\/www.hydraulic-cylinders.net\/pl\/wp-json\/wp\/v2\/product"}],"about":[{"href":"https:\/\/www.hydraulic-cylinders.net\/pl\/wp-json\/wp\/v2\/types\/product"}],"replies":[{"embeddable":true,"href":"https:\/\/www.hydraulic-cylinders.net\/pl\/wp-json\/wp\/v2\/comments?post=1851"}],"wp:featuredmedia":[{"embeddable":true,"href":"https:\/\/www.hydraulic-cylinders.net\/pl\/wp-json\/wp\/v2\/media\/1853"}],"wp:attachment":[{"href":"https:\/\/www.hydraulic-cylinders.net\/pl\/wp-json\/wp\/v2\/media?parent=1851"}],"wp:term":[{"taxonomy":"product_brand","embeddable":true,"href":"https:\/\/www.hydraulic-cylinders.net\/pl\/wp-json\/wp\/v2\/product_brand?post=1851"},{"taxonomy":"product_cat","embeddable":true,"href":"https:\/\/www.hydraulic-cylinders.net\/pl\/wp-json\/wp\/v2\/product_cat?post=1851"},{"taxonomy":"product_tag","embeddable":true,"href":"https:\/\/www.hydraulic-cylinders.net\/pl\/wp-json\/wp\/v2\/product_tag?post=1851"}],"curies":[{"name":"wp","href":"https:\/\/api.w.org\/{rel}","templated":true}]}}