{"id":1859,"date":"2023-10-18T02:17:53","date_gmt":"2023-10-18T02:17:53","guid":{"rendered":"https:\/\/hydraulic-cylinders.net\/?post_type=product&#038;p=1859"},"modified":"2025-04-15T05:42:38","modified_gmt":"2025-04-15T05:42:38","slug":"stacker-reclaimer-belt-tensioning-cylinder","status":"publish","type":"product","link":"https:\/\/www.hydraulic-cylinders.net\/pl\/produkt\/stacker-reclaimer-belt-tensioning-cylinder\/","title":{"rendered":"Si\u0142ownik napinaj\u0105cy pas uk\u0142adu odzyskuj\u0105cego"},"content":{"rendered":"<h1 style=\"text-align: center;\"><strong>Si\u0142ownik napinaj\u0105cy pas uk\u0142adu odzyskuj\u0105cego<\/strong><\/h1>\n<h1 style=\"text-align: center;\"><img loading=\"lazy\" decoding=\"async\" class=\"alignnone wp-image-1860\" src=\"https:\/\/hydraulic-cylinders.net\/wp-content\/uploads\/2023\/10\/belt-tensioning-cylinder-1-300x300.webp\" alt=\"\" width=\"400\" height=\"400\" \/><\/h1>\n<p>Si\u0142ownik napinaj\u0105cy ta\u015bm\u0119 przeno\u015bnika ta\u015bmowego jest kluczowym elementem system\u00f3w przeno\u015bnikowych wykorzystywanych w operacjach transportu bliskiego. Odgrywa kluczow\u0105 rol\u0119 w utrzymaniu prawid\u0142owego naci\u0105gu i wyr\u00f3wnania ta\u015bmy przeno\u015bnika, zapewniaj\u0105c wydajny i niezawodny transport materia\u0142\u00f3w sypkich. Ten specjalistyczny si\u0142ownik hydrauliczny oferuje wyj\u0105tkow\u0105 wydajno\u015b\u0107 i trwa\u0142o\u015b\u0107, umo\u017cliwiaj\u0105c operatorom optymalizacj\u0119 pracy przeno\u015bnika przy jednoczesnym wyd\u0142u\u017ceniu jego \u017cywotno\u015bci.<\/p>\n<p>Si\u0142ownik napinaj\u0105cy ta\u015bm\u0119 przeno\u015bnika ta\u015bmowego jest kluczowym elementem system\u00f3w przeno\u015bnikowych, oferuj\u0105c precyzyjn\u0105 kontrol\u0119 naci\u0105gu, solidn\u0105 konstrukcj\u0119 i niezawodne wyr\u00f3wnanie ta\u015bmy. Dzi\u0119ki mo\u017cliwo\u015bci optymalizacji naci\u0105gu i utrzymania prawid\u0142owego wyr\u00f3wnania ta\u015bmy, zwi\u0119ksza wydajno\u015b\u0107 przeno\u015bnika, minimalizuje przestoje i wyd\u0142u\u017ca \u017cywotno\u015b\u0107 ta\u015bmy przeno\u015bnika. Przestrzegaj\u0105c zalecanych metod u\u017cytkowania i wdra\u017caj\u0105c regularne praktyki konserwacyjne, firmy mog\u0105 zmaksymalizowa\u0107 wydajno\u015b\u0107, \u017cywotno\u015b\u0107 i niezawodno\u015b\u0107 swoich system\u00f3w przeno\u015bnikowych. Si\u0142ownik napinaj\u0105cy ta\u015bm\u0119 przeno\u015bnika ta\u015bmowego to cenna inwestycja w operacje transportu bliskiego, umo\u017cliwiaj\u0105c operatorom osi\u0105gni\u0119cie optymalnej wydajno\u015bci, dok\u0142adno\u015bci i produktywno\u015bci w dynamicznych i wymagaj\u0105cych warunkach transportu bliskiego.<\/p>\n<p>G\u0142\u00f3wne cechy si\u0142ownika napinaj\u0105cego pas przeno\u015bnika ta\u015bmowego:<\/p>\n<ul>\n<li>Precyzyjna kontrola naci\u0105gu: Si\u0142ownik naci\u0105gu pasa zapewnia precyzyjn\u0105 kontrol\u0119 naci\u0105gu ta\u015bmy przeno\u015bnika. Funkcja ta pozwala operatorom regulowa\u0107 naci\u0105g do specyficznych wymaga\u0144 transportowanego materia\u0142u, zapewniaj\u0105c optymaln\u0105 wydajno\u015b\u0107 i zapobiegaj\u0105c po\u015blizgowi lub uszkodzeniu pasa.<\/li>\n<li>Solidna konstrukcja: Wykonany z wysokiej jako\u015bci materia\u0142\u00f3w i o solidnej konstrukcji, si\u0142ownik napinaj\u0105cy pas zosta\u0142 zaprojektowany tak, aby sprosta\u0107 wymagaj\u0105cym warunkom transportu materia\u0142\u00f3w. Jego solidna konstrukcja gwarantuje niezawodn\u0105 prac\u0119, nawet przy du\u017cych obci\u0105\u017ceniach, wibracjach i trudnych warunkach.<\/li>\n<li>Niezawodne wyr\u00f3wnanie pasa: Konstrukcja si\u0142ownika zapewnia r\u00f3wnomierne i dok\u0142adne wyr\u00f3wnanie pasa. Utrzymuj\u0105c odpowiednie napr\u0119\u017cenie, pomaga zapobiega\u0107 niewsp\u00f3\u0142osiowo\u015bci pasa i zmniejsza ryzyko rozsypania si\u0119 materia\u0142u, minimalizuj\u0105c przestoje i poprawiaj\u0105c wydajno\u015b\u0107 operacyjn\u0105.<\/li>\n<\/ul>\n<h2><strong>Parametry cylindra skokowego chwytaka uk\u0142adarki:<\/strong><\/h2>\n<table border=\"1\" cellspacing=\"0\" cellpadding=\"0\">\n<tbody>\n<tr>\n<td>Nazwa produktu<\/td>\n<td>Si\u0142ownik napinaj\u0105cy pas uk\u0142adu odzyskuj\u0105cego<\/td>\n<\/tr>\n<tr>\n<td>Cechy:<\/td>\n<td>Sprawd\u017a napi\u0119cie i luz paska<\/td>\n<\/tr>\n<tr>\n<td>\u015arednica otworu:<\/td>\n<td>80 mm\uff5e180 m<\/td>\n<\/tr>\n<tr>\n<td>\u015arednica pr\u0119ta:<\/td>\n<td>45 mm\uff5e120 mm<br \/>\nSkok 500 mm \uff5e 1500 mm<\/td>\n<\/tr>\n<tr>\n<td>Ci\u015bnienie:<\/td>\n<td>do 35 MPa<\/td>\n<\/tr>\n<tr>\n<td>Zastosowania:<\/td>\n<td>Uk\u0142adarka-odzyskiwacz<\/td>\n<\/tr>\n<\/tbody>\n<\/table>\n<h2><strong>Zastosowanie cylindra uk\u0142adarki-odzyskiwacza:<\/strong><\/h2>\n<p><img loading=\"lazy\" decoding=\"async\" class=\"alignnone wp-image-1854 size-full\" src=\"https:\/\/hydraulic-cylinders.net\/wp-content\/uploads\/2023\/10\/stacker-reclaimer-cylinder-1.webp\" alt=\"\" width=\"494\" height=\"330\" srcset=\"https:\/\/hydraulic-cylinders.net\/wp-content\/uploads\/2023\/10\/stacker-reclaimer-cylinder-1.webp 494w, https:\/\/hydraulic-cylinders.net\/wp-content\/uploads\/2023\/10\/stacker-reclaimer-cylinder-1-480x321.webp 480w\" sizes=\"(min-width: 0px) and (max-width: 480px) 480px, (min-width: 481px) 494px, 100vw\" \/><\/p>\n<h2><strong>Metoda u\u017cytkowania cylindra skokowego zgarniacza uk\u0142adarki<\/strong><strong>:<\/strong><\/h2>\n<p>Regulacja naci\u0105gu: Aby efektywnie wykorzysta\u0107 si\u0142ownik napinaj\u0105cy pas przeno\u015bnika ta\u015bmowego, nale\u017cy wykona\u0107 poni\u017csze czynno\u015bci:<\/p>\n<p>a. Uruchom uk\u0142ad hydrauliczny zasilaj\u0105cy przeno\u015bnik i upewnij si\u0119, \u017ce ci\u015bnienie hydrauliczne mie\u015bci si\u0119 w zalecanym zakresie roboczym.<br \/>\nb. Za pomoc\u0105 dostarczonego interfejsu sterowania lub mechanizmu regulacyjnego zwi\u0119ksz lub zmniejsz napi\u0119cie ta\u015bmy przeno\u015bnika.<br \/>\nc. Monitoruj dzia\u0142anie paska i reguluj jego napi\u0119cie, aby zachowa\u0107 optymalne ustawienie i zapobiec po\u015blizgowi lub uszkodzeniu.<\/p>\n<h2><strong>Ile kosztuje naprawa cylindra hydraulicznego?<\/strong><\/h2>\n<p>Koszt naprawy cylindra hydraulicznego mo\u017ce si\u0119 r\u00f3\u017cni\u0107 w zale\u017cno\u015bci od kilku czynnik\u00f3w, takich jak stopie\u0144 uszkodzenia lub zu\u017cycia, rozmiar cylindra, dost\u0119pno\u015b\u0107 cz\u0119\u015bci zamiennych oraz koszty robocizny. Naprawa cylindra hydraulicznego zazwyczaj obejmuje demonta\u017c cylindra, sprawdzenie i napraw\u0119 lub wymian\u0119 uszkodzonych podzespo\u0142\u00f3w oraz ponowne uszczelnienie i monta\u017c cylindra w celu przywr\u00f3cenia jego funkcjonalno\u015bci.<\/p>\n<p>Oto kilka czynnik\u00f3w, kt\u00f3re mog\u0105 mie\u0107 wp\u0142yw na koszt naprawy cylindra hydraulicznego:<\/p>\n<ol>\n<li><strong>Uszkodzenia lub zu\u017cycie:<\/strong> Stopie\u0144 uszkodzenia lub zu\u017cycia cylindra mo\u017ce mie\u0107 wp\u0142yw na koszt. Drobne naprawy lub wymiana uszczelek mog\u0105 by\u0107 ta\u0144sze ni\u017c naprawa lub wymiana g\u0142\u00f3wnych podzespo\u0142\u00f3w, takich jak t\u0142ok, t\u0142oczysko lub cylinder.<\/li>\n<li><strong>Cz\u0119\u015bci zamienne:<\/strong> Dost\u0119pno\u015b\u0107 i koszt cz\u0119\u015bci zamiennych potrzebnych do naprawy mog\u0105 si\u0119 r\u00f3\u017cni\u0107. Niekt\u00f3re cylindry mog\u0105 mie\u0107 \u0142atwo dost\u0119pne i niedrogie cz\u0119\u015bci, podczas gdy inne mog\u0105 wymaga\u0107 niestandardowych lub specjalistycznych komponent\u00f3w, co mo\u017ce zwi\u0119kszy\u0107 koszt.<\/li>\n<li><strong>Rozmiar cylindra:<\/strong> Naprawa wi\u0119kszych cylindr\u00f3w mo\u017ce wymaga\u0107 wi\u0119cej czasu i wysi\u0142ku, co ma wp\u0142yw na ca\u0142kowity koszt.<\/li>\n<li><strong>Koszty pracy:<\/strong> Koszty robocizny mog\u0105 si\u0119 r\u00f3\u017cni\u0107 w zale\u017cno\u015bci od stopnia skomplikowania naprawy, wymaganych umiej\u0119tno\u015bci oraz lokalizacji us\u0142ugodawcy. Koszty robocizny mog\u0105 obejmowa\u0107 demonta\u017c, inspekcj\u0119, czyszczenie, napraw\u0119 lub wymian\u0119 podzespo\u0142\u00f3w, ponowne uszczelnienie i ponowny monta\u017c.<\/li>\n<li><strong>Us\u0142ugi dodatkowe:<\/strong> Je\u015bli konieczne oka\u017c\u0105 si\u0119 inne us\u0142ugi, takie jak obr\u00f3bka skrawaniem, spawanie czy honowanie, mog\u0105 one zwi\u0119kszy\u0107 ca\u0142kowity koszt naprawy.<\/li>\n<\/ol>\n<h2><strong>Mo\u017cliwo\u015bci i pojemno\u015b\u0107 fabryki:<\/strong><\/h2>\n<h3>(1) Monta\u017c<\/h3>\n<p>Dysponujemy najwy\u017cszej klasy niezale\u017cn\u0105 platform\u0105 badawczo-rozwojow\u0105. Warsztat produkcji si\u0142ownik\u00f3w hydraulicznych posiada cztery p\u00f3\u0142automatyczne linie monta\u017cowe si\u0142ownik\u00f3w podnosz\u0105cych i jedn\u0105 automatyczn\u0105 lini\u0119 monta\u017cow\u0105 si\u0142ownik\u00f3w przechy\u0142u, o projektowanej rocznej zdolno\u015bci produkcyjnej 1 miliona sztuk. Specjalny warsztat cylindr\u00f3w jest wyposa\u017cony w r\u00f3\u017cne specyfikacje p\u00f3\u0142automatycznego systemu monta\u017cu czyszcz\u0105cego o projektowanej rocznej zdolno\u015bci produkcyjnej 200 000 i wyposa\u017cony w s\u0142ynny sprz\u0119t do obr\u00f3bki CNC, centrum obr\u00f3bcze, specjalny sprz\u0119t do precyzyjnej obr\u00f3bki cylindr\u00f3w, robot spawalniczy, automatyczna maszyna czyszcz\u0105ca, automatyczna maszyna do monta\u017cu cylindr\u00f3w i automatyczna linia produkcyjna do malowania. Istniej\u0105cy krytyczny sprz\u0119t sk\u0142ada si\u0119 z ponad 300 zestaw\u00f3w. Optymalna alokacja i efektywne wykorzystanie zasob\u00f3w sprz\u0119towych zapewniaj\u0105 wymagania dotycz\u0105ce dok\u0142adno\u015bci produkt\u00f3w i spe\u0142niaj\u0105 potrzeby wysokiej jako\u015bci produkt\u00f3w.<\/p>\n<p><img loading=\"lazy\" decoding=\"async\" class=\"alignnone wp-image-626\" src=\"https:\/\/hydraulic-cylinders.net\/wp-content\/uploads\/2023\/08\/hydraulic-cylinder-product-1-300x158.webp\" alt=\"\" width=\"495\" height=\"260\" srcset=\"https:\/\/hydraulic-cylinders.net\/wp-content\/uploads\/2023\/08\/hydraulic-cylinder-product-1-300x158.webp 495w, https:\/\/hydraulic-cylinders.net\/wp-content\/uploads\/2023\/08\/hydraulic-cylinder-product-1-480x252.webp 480w\" sizes=\"(min-width: 0px) and (max-width: 480px) 480px, (min-width: 481px) 495px, 100vw\" \/> <img loading=\"lazy\" decoding=\"async\" class=\"alignnone wp-image-627\" src=\"https:\/\/hydraulic-cylinders.net\/wp-content\/uploads\/2023\/08\/hydraulic-cylinder-product-2-300x189.webp\" alt=\"\" width=\"413\" height=\"260\" \/><\/p>\n<h3>(2) Obr\u00f3bka<\/h3>\n<p>Warsztat obr\u00f3bki skrawaniem jest wyposa\u017cony w niestandardowe centrum tokarskie z pochylon\u0105 szyn\u0105, centrum obr\u00f3bcze, szybkobie\u017cn\u0105 honownic\u0119, robota spawalniczego i inny powi\u0105zany sprz\u0119t, kt\u00f3ry mo\u017ce obs\u0142ugiwa\u0107 przetwarzanie rur cylindrycznych o maksymalnej \u015brednicy wewn\u0119trznej 400 mm i maksymalnej d\u0142ugo\u015bci 6 metr\u00f3w.<\/p>\n<p><img loading=\"lazy\" decoding=\"async\" class=\"alignnone wp-image-628 size-large\" src=\"https:\/\/hydraulic-cylinders.net\/wp-content\/uploads\/2023\/08\/hydraulic-cylinder-product-3-1024x391.webp\" alt=\"\" width=\"1024\" height=\"391\" srcset=\"https:\/\/hydraulic-cylinders.net\/wp-content\/uploads\/2023\/08\/hydraulic-cylinder-product-3-980x374.webp 980w, https:\/\/hydraulic-cylinders.net\/wp-content\/uploads\/2023\/08\/hydraulic-cylinder-product-3-480x183.webp 480w\" sizes=\"(min-width: 0px) and (max-width: 480px) 480px, (min-width: 481px) and (max-width: 980px) 980px, (min-width: 981px) 1024px, 100vw\" \/><\/p>\n<h3>(3) Spawanie<\/h3>\n<p><img loading=\"lazy\" decoding=\"async\" class=\"alignnone wp-image-629 size-large\" src=\"https:\/\/hydraulic-cylinders.net\/wp-content\/uploads\/2023\/08\/hydraulic-cylinder-product-4-1024x510.webp\" alt=\"\" width=\"1024\" height=\"510\" srcset=\"https:\/\/hydraulic-cylinders.net\/wp-content\/uploads\/2023\/08\/hydraulic-cylinder-product-4-980x488.webp 980w, https:\/\/hydraulic-cylinders.net\/wp-content\/uploads\/2023\/08\/hydraulic-cylinder-product-4-480x239.webp 480w\" sizes=\"(min-width: 0px) and (max-width: 480px) 480px, (min-width: 481px) and (max-width: 980px) 980px, (min-width: 981px) 1024px, 100vw\" \/><\/p>\n<h3>(4) Malowanie i powlekanie<\/h3>\n<p>Z ma\u0142ymi i \u015brednimi automatycznymi liniami do powlekania farbami na bazie wody, w celu osi\u0105gni\u0119cia automatycznego za\u0142adunku i roz\u0142adunku robota oraz automatycznego natryskiwania, wydajno\u015b\u0107 projektowa 4000 sztuk na zmian\u0119;<br \/>\nPosiadamy r\u00f3wnie\u017c p\u00f3\u0142automatyczn\u0105 lini\u0119 do produkcji farb do du\u017cych cylindr\u00f3w nap\u0119dzan\u0105 \u0142a\u0144cuchem nap\u0119dowym, o wydajno\u015bci 60 skrzy\u0144 na zmian\u0119.<\/p>\n<p><img loading=\"lazy\" decoding=\"async\" class=\"alignnone wp-image-630\" src=\"https:\/\/hydraulic-cylinders.net\/wp-content\/uploads\/2023\/08\/hydraulic-cylinder-product-5-300x213.webp\" alt=\"\" width=\"366\" height=\"260\" \/> <img loading=\"lazy\" decoding=\"async\" class=\"alignnone wp-image-631\" src=\"https:\/\/hydraulic-cylinders.net\/wp-content\/uploads\/2023\/08\/hydraulic-cylinder-product-6-300x225.webp\" alt=\"\" width=\"347\" height=\"260\" \/><\/p>\n<h3>(5) Testowanie<\/h3>\n<p>Dysponujemy najwy\u017cszej klasy urz\u0105dzeniami kontrolnymi i stanowiskami testowymi, aby zapewni\u0107, \u017ce wydajno\u015b\u0107 cylindra spe\u0142nia wymagania.<\/p>\n<p><img loading=\"lazy\" decoding=\"async\" class=\"alignnone wp-image-632\" src=\"https:\/\/hydraulic-cylinders.net\/wp-content\/uploads\/2023\/08\/hydraulic-cylinder-product-8-300x200.webp\" alt=\"\" width=\"389\" height=\"260\" \/><\/p>\n<p>&nbsp;<\/p>\n<p>&nbsp;<\/p>\n<p>Jeste\u015bmy jednym z najlepszych producent\u00f3w cylindr\u00f3w hydraulicznych. Oferujemy kompleksow\u0105 ofert\u0119 cylindr\u00f3w hydraulicznych. Dostarczamy r\u00f3wnie\u017c\u2026 <a href=\"https:\/\/hzpt.com\/agricultural-pto-gearbox\/\" target=\"_blank\" rel=\"noopener\">przek\u0142adnie rolnicze<\/a>. Eksportowali\u015bmy nasze produkty do klient\u00f3w na ca\u0142ym \u015bwiecie i zdobyli\u015bmy dobr\u0105 reputacj\u0119 dzi\u0119ki najwy\u017cszej jako\u015bci produkt\u00f3w i us\u0142ug posprzeda\u017cnych. Zapraszamy klient\u00f3w w kraju i za granic\u0105 do kontaktu z nami w celu negocjacji biznesowych, wymiany informacji i <a href=\"https:\/\/www.hydraulic-cylinders.net\/pl\/contact-us\/\">wsp\u00f3\u0142pracowa\u0107 z nami<\/a>!<\/p>\n<p>&nbsp;<\/p>\n<p>&nbsp;<\/p>","protected":false},"excerpt":{"rendered":"<p>Stacker Reclaimer Belt Tensioning Cylinder The stacker reclaimer belt tensioning cylinder is a critical component in conveyor systems used in material handling operations. It plays a crucial role in maintaining proper tension and alignment of the conveyor belt, ensuring efficient and reliable transportation of bulk materials. This specialized hydraulic cylinder offers exceptional performance and durability, [&hellip;]<\/p>","protected":false},"featured_media":1861,"comment_status":"open","ping_status":"closed","template":"","meta":{"_et_pb_use_builder":"","_et_pb_old_content":"","_et_gb_content_width":""},"product_brand":[],"product_cat":[1549,1516,1552],"product_tag":[1380],"class_list":{"0":"post-1859","1":"product","2":"type-product","3":"status-publish","4":"has-post-thumbnail","6":"product_cat-single-acting-hydraulic-cylinder","7":"product_cat-stacker-reclaimer-hydraulic-cylinders","8":"product_cat-stainless-steel-hydraulic-cylinder","9":"product_tag-hydraulic-cylinder","11":"first","12":"instock","13":"shipping-taxable","14":"product-type-simple"},"amp_enabled":true,"_links":{"self":[{"href":"https:\/\/www.hydraulic-cylinders.net\/pl\/wp-json\/wp\/v2\/product\/1859","targetHints":{"allow":["GET"]}}],"collection":[{"href":"https:\/\/www.hydraulic-cylinders.net\/pl\/wp-json\/wp\/v2\/product"}],"about":[{"href":"https:\/\/www.hydraulic-cylinders.net\/pl\/wp-json\/wp\/v2\/types\/product"}],"replies":[{"embeddable":true,"href":"https:\/\/www.hydraulic-cylinders.net\/pl\/wp-json\/wp\/v2\/comments?post=1859"}],"wp:featuredmedia":[{"embeddable":true,"href":"https:\/\/www.hydraulic-cylinders.net\/pl\/wp-json\/wp\/v2\/media\/1861"}],"wp:attachment":[{"href":"https:\/\/www.hydraulic-cylinders.net\/pl\/wp-json\/wp\/v2\/media?parent=1859"}],"wp:term":[{"taxonomy":"product_brand","embeddable":true,"href":"https:\/\/www.hydraulic-cylinders.net\/pl\/wp-json\/wp\/v2\/product_brand?post=1859"},{"taxonomy":"product_cat","embeddable":true,"href":"https:\/\/www.hydraulic-cylinders.net\/pl\/wp-json\/wp\/v2\/product_cat?post=1859"},{"taxonomy":"product_tag","embeddable":true,"href":"https:\/\/www.hydraulic-cylinders.net\/pl\/wp-json\/wp\/v2\/product_tag?post=1859"}],"curies":[{"name":"wp","href":"https:\/\/api.w.org\/{rel}","templated":true}]}}