{"id":1882,"date":"2023-10-18T08:18:09","date_gmt":"2023-10-18T08:18:09","guid":{"rendered":"https:\/\/hydraulic-cylinders.net\/?post_type=product&#038;p=1882"},"modified":"2025-04-11T02:52:07","modified_gmt":"2025-04-11T02:52:07","slug":"shield-machine-assembly-lifting-cylinder","status":"publish","type":"product","link":"https:\/\/www.hydraulic-cylinders.net\/pl\/produkt\/shield-machine-assembly-lifting-cylinder\/","title":{"rendered":"Si\u0142ownik podnosz\u0105cy zespo\u0142u tarczy maszyny"},"content":{"rendered":"<h1 style=\"text-align: center;\"><strong>Si\u0142ownik podnosz\u0105cy zespo\u0142u tarczy maszyny<\/strong><\/h1>\n<p><img loading=\"lazy\" decoding=\"async\" class=\"aligncenter wp-image-1884\" src=\"https:\/\/hydraulic-cylinders.net\/wp-content\/uploads\/2023\/10\/assembly-lifting-cylinder-1-300x300.webp\" alt=\"\" width=\"400\" height=\"400\" \/><\/p>\n<p>Si\u0142ownik podnoszenia zespo\u0142u maszyny os\u0142onowej to zaawansowany komponent hydrauliczny zaprojektowany specjalnie do maszyn os\u0142onowych stosowanych w projektach budowy tuneli. Si\u0142ownik ten zapewnia wydajne i precyzyjne operacje monta\u017cowe dzi\u0119ki wyj\u0105tkowym mo\u017cliwo\u015bciom podnoszenia, niezawodno\u015bci i precyzji. W tym artykule om\u00f3wiono kluczowe cechy, metody u\u017cytkowania i wytyczne dotycz\u0105ce konserwacji tego niezwyk\u0142ego produktu.<\/p>\n<p>Si\u0142ownik podnosz\u0105cy zesp\u00f3\u0142 maszyny os\u0142onowej to niezawodny i wytrzyma\u0142y element hydrauliczny, kt\u00f3ry rewolucjonizuje proces monta\u017cu w budownictwie tunelowym. Dzi\u0119ki wyj\u0105tkowemu ud\u017awigowi, precyzyjnej kontroli i trwa\u0142o\u015bci, si\u0142ownik ten zwi\u0119ksza wydajno\u015b\u0107 i precyzj\u0119, skracaj\u0105c czas realizacji projektu i poprawiaj\u0105c produktywno\u015b\u0107. Przestrzegaj\u0105c zalecanych metod u\u017cytkowania i regularnych praktyk konserwacyjnych, si\u0142ownik podnosz\u0105cy zesp\u00f3\u0142 maszyny os\u0142onowej b\u0119dzie nadal zapewnia\u0142 doskona\u0142\u0105 wydajno\u015b\u0107, gwarantuj\u0105c bezproblemowy monta\u017c i pomy\u015blne prace budowlane w tunelu. Zwi\u0119ksz efektywno\u015b\u0107 swoich projekt\u00f3w budowlanych dzi\u0119ki wydajno\u015bci i precyzji si\u0142ownika podnosz\u0105cego zesp\u00f3\u0142 maszyny os\u0142onowej.<\/p>\n<p>Klucz cylindra przegubowego Shield Machine o nast\u0119puj\u0105cych cechach:<\/p>\n<ul>\n<li>Du\u017cy ud\u017awig: Si\u0142ownik podnosz\u0105cy do monta\u017cu os\u0142on charakteryzuje si\u0119 solidn\u0105 konstrukcj\u0105, kt\u00f3ra umo\u017cliwia \u0142atwe podnoszenie du\u017cych ci\u0119\u017car\u00f3w. Dzi\u0119ki du\u017cemu ud\u017awigowi si\u0142ownik ten u\u0142atwia p\u0142ynny i wydajny monta\u017c element\u00f3w os\u0142on, skracaj\u0105c czas monta\u017cu i zwi\u0119kszaj\u0105c wydajno\u015b\u0107.<\/li>\n<li>Precyzyjna kontrola: Wyposa\u017cony w zaawansowane hydrauliczne systemy sterowania, si\u0142ownik ten zapewnia precyzyjn\u0105 i responsywn\u0105 kontrol\u0119 nad operacj\u0105 podnoszenia. Operatorzy mog\u0105 precyzyjnie regulowa\u0107 pr\u0119dko\u015b\u0107 i pozycj\u0119 podnoszenia, zapewniaj\u0105c optymalne ustawienie i minimalizuj\u0105c ryzyko b\u0142\u0119d\u00f3w podczas monta\u017cu.<\/li>\n<li>Trwa\u0142o\u015b\u0107 i niezawodno\u015b\u0107: Wykonany z wysokiej jako\u015bci materia\u0142\u00f3w i zaprojektowany tak, aby sprosta\u0107 trudnym warunkom panuj\u0105cym w budownictwie tunelowym, si\u0142ownik podnosz\u0105cy zesp\u00f3\u0142 maszyny os\u0142onowej charakteryzuje si\u0119 wyj\u0105tkow\u0105 trwa\u0142o\u015bci\u0105 i niezawodno\u015bci\u0105. Jego solidna konstrukcja gwarantuje d\u0142ugotrwa\u0142\u0105 wydajno\u015b\u0107, minimalizuj\u0105c przestoje i koszty konserwacji.<\/li>\n<li>Funkcje bezpiecze\u0144stwa: Cylinder posiada funkcje bezpiecze\u0144stwa, kt\u00f3re priorytetowo traktuj\u0105 bezpiecze\u0144stwo operator\u00f3w i otoczenia. Funkcje te mog\u0105 obejmowa\u0107 mechanizmy zabezpieczaj\u0105ce przed przeci\u0105\u017ceniem, funkcj\u0119 zatrzymania awaryjnego oraz systemy zabezpieczaj\u0105ce przed awariami, zapobiegaj\u0105ce wypadkom i zapewniaj\u0105ce bezpieczne podnoszenie.<\/li>\n<\/ul>\n<h2><strong>Parametry cylindra przegubowego maszyny Shield Machine:<\/strong><\/h2>\n<table border=\"1\" cellspacing=\"0\" cellpadding=\"0\">\n<tbody>\n<tr>\n<td>Nazwa produktu<\/td>\n<td>Cylinder przegubowy maszyny tarczowej<\/td>\n<\/tr>\n<tr>\n<td>Cechy:<\/td>\n<td>Aktywna artykulacja: sterowanie g\u0142owic\u0105 tn\u0105c\u0105\/skoordynowana wymiana narz\u0119dzi<br \/>\nPasywna artykulacja: przeci\u0105gnij ogon tarczy do przodu<\/td>\n<\/tr>\n<tr>\n<td>\u015arednica otworu:<\/td>\n<td>125 mm\uff5e550 mm<\/td>\n<\/tr>\n<tr>\n<td>\u015arednica pr\u0119ta:<\/td>\n<td>\u00a070 mm\uff5e370 mm<br \/>\nSkok 140 mm \uff5e 1200 mm<\/td>\n<\/tr>\n<tr>\n<td>Ci\u015bnienie:<\/td>\n<td>Do 35 MPa<\/td>\n<\/tr>\n<tr>\n<td>Zastosowania:<\/td>\n<td>Maszyna tarczowa, maszyny do dr\u0105\u017cenia tuneli<\/td>\n<\/tr>\n<\/tbody>\n<\/table>\n<h2><strong>Zastosowanie cylindra oporowego maszyny os\u0142onowej:<\/strong><\/h2>\n<p><img loading=\"lazy\" decoding=\"async\" class=\"alignnone wp-image-1875 size-full\" src=\"https:\/\/hydraulic-cylinders.net\/wp-content\/uploads\/2023\/10\/harsh-corrosive-cylinder-1.webp\" alt=\"\" width=\"1418\" height=\"946\" srcset=\"https:\/\/hydraulic-cylinders.net\/wp-content\/uploads\/2023\/10\/harsh-corrosive-cylinder-1.webp 1418w, https:\/\/hydraulic-cylinders.net\/wp-content\/uploads\/2023\/10\/harsh-corrosive-cylinder-1-1280x854.webp 1280w, https:\/\/hydraulic-cylinders.net\/wp-content\/uploads\/2023\/10\/harsh-corrosive-cylinder-1-980x654.webp 980w, https:\/\/hydraulic-cylinders.net\/wp-content\/uploads\/2023\/10\/harsh-corrosive-cylinder-1-480x320.webp 480w\" sizes=\"(min-width: 0px) and (max-width: 480px) 480px, (min-width: 481px) and (max-width: 980px) 980px, (min-width: 981px) and (max-width: 1280px) 1280px, (min-width: 1281px) 1418px, 100vw\" \/><\/p>\n<h2><strong>Metoda u\u017cycia cylindra przegubowego maszyny tarczowej<\/strong><strong>:<\/strong><\/h2>\n<ul>\n<li><strong>Planowanie przed monta\u017cem:<\/strong> Przed rozpocz\u0119ciem monta\u017cu nale\u017cy przeprowadzi\u0107 dok\u0142adn\u0105 ocen\u0119 komponent\u00f3w maszyny os\u0142onowej, kolejno\u015bci monta\u017cu oraz wymog\u00f3w bezpiecze\u0144stwa. Zaplanuj punkty podnoszenia i okre\u015bl odpowiednie po\u0142o\u017cenie cylindra podnosz\u0105cego zespo\u0142u maszyny os\u0142onowej, aby zapewni\u0107 optymaln\u0105 wydajno\u015b\u0107 podnoszenia i stabilno\u015b\u0107.<\/li>\n<li><strong>Monta\u017c cylindra:<\/strong>\u00a0 Safely mount the shield machine assembly lifting cylinder onto the shield machine, ensuring secure attachment and alignment to the manufacturer&#8217;s instructions. Use suitable mounting equipment, such as bolts or brackets, to provide a stable connection.<\/li>\n<li><strong>Integracja uk\u0142adu hydraulicznego:<\/strong> Connect the cylinder to the shield machine&#8217;s hydraulic system using compatible hoses and fittings. Ensure tight and leak-free connections to prevent hydraulic fluid leakage and maintain optimal system performance.<\/li>\n<li><strong>Kontrola operacyjna:<\/strong> Zapoznaj si\u0119 z mechanizmami sterowania i procedurami obs\u0142ugi cylindra podnosz\u0105cego zespo\u0142u maszyny os\u0142onowej. Zrozum sygna\u0142y steruj\u0105ce i ich wp\u0142yw na operacj\u0119 podnoszenia. Prze\u0107wicz obs\u0142ug\u0119 element\u00f3w steruj\u0105cych, aby zdoby\u0107 bieg\u0142o\u015b\u0107 i zapewni\u0107 p\u0142ynne i precyzyjne podnoszenie podczas monta\u017cu.<\/li>\n<\/ul>\n<h2><strong>Jak odpowietrzy\u0107 si\u0142ownik hydrauliczny jednostronnego dzia\u0142ania?<\/strong><\/h2>\n<p>Bleeding a single-acting hydraulic cylinder is a relatively straightforward process. Single-acting cylinders have fluid pressure applied to one side of the piston, while the other side relies on gravity or an external force to return to its original position. Here&#8217;s a step-by-step guide on how to bleed a single-acting hydraulic cylinder:<\/p>\n<ol>\n<li><strong>Przygotowanie:<\/strong>\n<ul>\n<li>Upewnij si\u0119, \u017ce uk\u0142ad hydrauliczny jest wy\u0142\u0105czony i ci\u015bnienie zosta\u0142o uwolnione.<\/li>\n<li>Aby zabezpieczy\u0107 si\u0119 przed p\u0142ynem hydraulicznym, nale\u017cy nosi\u0107 osobisty sprz\u0119t ochronny, r\u0119kawice i okulary ochronne.<\/li>\n<\/ul>\n<\/li>\n<li><strong>Zidentyfikuj zaw\u00f3r odpowietrzaj\u0105cy:<\/strong>\n<ul>\n<li>Locate the bleeder valve on the hydraulic cylinder. It&#8217;s typically a tiny fitting with a dust cap. The bleeder valve allows air trapped in the cylinder to escape.<\/li>\n<\/ul>\n<\/li>\n<li><strong>Pozycja cylindra:<\/strong>\n<ul>\n<li>Przesu\u0144 cylinder do pozycji ca\u0142kowicie cofni\u0119tej. Zapewni to dost\u0119p do zaworu odpowietrzaj\u0105cego i umo\u017cliwi uniesienie si\u0119 powietrza do g\u00f3rnej cz\u0119\u015bci cylindra.<\/li>\n<\/ul>\n<\/li>\n<li><strong>Zdejmij os\u0142on\u0119 przeciwpy\u0142ow\u0105:<\/strong>\n<ul>\n<li>Zdejmij os\u0142on\u0119 przeciwpy\u0142ow\u0105 z zaworu odpowietrzaj\u0105cego. Od\u0142\u00f3\u017c j\u0105 w bezpieczne miejsce.<\/li>\n<\/ul>\n<\/li>\n<li><strong>Otw\u00f3rz zaw\u00f3r odpowietrzaj\u0105cy:<\/strong>\n<ul>\n<li>U\u017cywaj\u0105c odpowiedniego klucza lub narz\u0119dzia, obr\u00f3\u0107 zaw\u00f3r odpowietrzaj\u0105cy w kierunku przeciwnym do ruchu wskaz\u00f3wek zegara, aby go otworzy\u0107. Umo\u017cliwi to uj\u015bcie powietrza i ewentualnego uwi\u0119zionego p\u0142ynu z cylindra.<\/li>\n<\/ul>\n<\/li>\n<li><strong>Wyd\u0142u\u017cenie cylindra:<\/strong>\n<ul>\n<li>Wprowad\u017a ci\u015bnienie hydrauliczne do cylindra, uruchamiaj\u0105c pomp\u0119 hydrauliczn\u0105 lub zaw\u00f3r steruj\u0105cy cylindrem. Spowoduje to wysuni\u0119cie cylindra, wypychaj\u0105c p\u0142yn i powietrze przez otwarty zaw\u00f3r odpowietrzaj\u0105cy.<\/li>\n<\/ul>\n<\/li>\n<li><strong>Obserwuj przep\u0142yw p\u0142ynu:<\/strong>\n<ul>\n<li>Obserwuj przep\u0142yw p\u0142ynu z zaworu odpowietrzaj\u0105cego. Pocz\u0105tkowo mo\u017cesz zauwa\u017cy\u0107 p\u0119cherzyki powietrza wydobywaj\u0105ce si\u0119 wraz z p\u0142ynem. Pozw\u00f3l p\u0142ynowi p\u0142yn\u0105\u0107, a\u017c przestan\u0105 pojawia\u0107 si\u0119 p\u0119cherzyki, co oznacza, \u017ce \u200b\u200bz cylindra zosta\u0142o usuni\u0119te powietrze.<\/li>\n<\/ul>\n<\/li>\n<li><strong>Zamknij zaw\u00f3r odpowietrzaj\u0105cy:<\/strong>\n<ul>\n<li>Close the bleeder valve clockwise once you&#8217;ve eliminated all the air bubbles. Ensure it is tightly closed to prevent fluid leakage.<\/li>\n<\/ul>\n<\/li>\n<li><strong>Cofnij cylinder:<\/strong>\n<ul>\n<li>Zwolnij ci\u015bnienie hydrauliczne i pozw\u00f3l cylindrowi ca\u0142kowicie si\u0119 wycofa\u0107. Mo\u017ce to wymaga\u0107 aktywacji zaworu steruj\u0105cego lub zwolnienia si\u0142y zewn\u0119trznej utrzymuj\u0105cej wysuni\u0119ty cylinder.<\/li>\n<\/ul>\n<\/li>\n<li><strong>W razie konieczno\u015bci powt\u00f3rz:<\/strong>\n<ul>\n<li>If you still notice air bubbles or experience sponginess in the cylinder&#8217;s operation, repeat the bleeding process until all air is removed.<\/li>\n<\/ul>\n<\/li>\n<li><strong>Sprawd\u017a poziom p\u0142ynu:<\/strong>\n<ul>\n<li>Po odpowietrzeniu cylindra sprawd\u017a poziom p\u0142ynu hydraulicznego w zbiorniku uk\u0142adu. W razie potrzeby dolej p\u0142ynu, aby utrzyma\u0107 zalecany poziom.<\/li>\n<\/ul>\n<\/li>\n<\/ol>\n<h2><strong>Mo\u017cliwo\u015bci i pojemno\u015b\u0107 fabryki:<\/strong><\/h2>\n<h3>(1) Monta\u017c<\/h3>\n<p>Dysponujemy najwy\u017cszej klasy niezale\u017cn\u0105 platform\u0105 badawczo-rozwojow\u0105. Warsztat produkcji si\u0142ownik\u00f3w hydraulicznych posiada cztery p\u00f3\u0142automatyczne linie monta\u017cowe si\u0142ownik\u00f3w podnosz\u0105cych i jedn\u0105 automatyczn\u0105 lini\u0119 monta\u017cow\u0105 si\u0142ownik\u00f3w przechy\u0142u, o projektowanej rocznej zdolno\u015bci produkcyjnej 1 miliona sztuk. Specjalny warsztat cylindr\u00f3w jest wyposa\u017cony w r\u00f3\u017cne specyfikacje p\u00f3\u0142automatycznego systemu monta\u017cu czyszcz\u0105cego o projektowanej rocznej zdolno\u015bci produkcyjnej 200 000 i wyposa\u017cony w s\u0142ynny sprz\u0119t do obr\u00f3bki CNC, centrum obr\u00f3bcze, specjalny sprz\u0119t do precyzyjnej obr\u00f3bki cylindr\u00f3w, robot spawalniczy, automatyczna maszyna czyszcz\u0105ca, automatyczna maszyna do monta\u017cu cylindr\u00f3w i automatyczna linia produkcyjna do malowania. Istniej\u0105cy krytyczny sprz\u0119t sk\u0142ada si\u0119 z ponad 300 zestaw\u00f3w. Optymalna alokacja i efektywne wykorzystanie zasob\u00f3w sprz\u0119towych zapewniaj\u0105 wymagania dotycz\u0105ce dok\u0142adno\u015bci produkt\u00f3w i spe\u0142niaj\u0105 potrzeby wysokiej jako\u015bci produkt\u00f3w.<\/p>\n<p><img loading=\"lazy\" decoding=\"async\" class=\"alignnone wp-image-626\" src=\"https:\/\/hydraulic-cylinders.net\/wp-content\/uploads\/2023\/08\/hydraulic-cylinder-product-1-300x158.webp\" alt=\"\" width=\"495\" height=\"260\" srcset=\"https:\/\/hydraulic-cylinders.net\/wp-content\/uploads\/2023\/08\/hydraulic-cylinder-product-1-300x158.webp 495w, https:\/\/hydraulic-cylinders.net\/wp-content\/uploads\/2023\/08\/hydraulic-cylinder-product-1-480x252.webp 480w\" sizes=\"(min-width: 0px) and (max-width: 480px) 480px, (min-width: 481px) 495px, 100vw\" \/> <img loading=\"lazy\" decoding=\"async\" class=\"alignnone wp-image-627\" src=\"https:\/\/hydraulic-cylinders.net\/wp-content\/uploads\/2023\/08\/hydraulic-cylinder-product-2-300x189.webp\" alt=\"\" width=\"413\" height=\"260\" \/><\/p>\n<h3>(2) Obr\u00f3bka<\/h3>\n<p>Warsztat obr\u00f3bki skrawaniem jest wyposa\u017cony w niestandardowe centrum tokarskie z pochylon\u0105 szyn\u0105, centrum obr\u00f3bcze, szybkobie\u017cn\u0105 honownic\u0119, robota spawalniczego i inny powi\u0105zany sprz\u0119t, kt\u00f3ry mo\u017ce obs\u0142ugiwa\u0107 przetwarzanie rur cylindrycznych o maksymalnej \u015brednicy wewn\u0119trznej 400 mm i maksymalnej d\u0142ugo\u015bci 6 metr\u00f3w.<\/p>\n<p><img loading=\"lazy\" decoding=\"async\" class=\"alignnone wp-image-628 size-large\" src=\"https:\/\/hydraulic-cylinders.net\/wp-content\/uploads\/2023\/08\/hydraulic-cylinder-product-3-1024x391.webp\" alt=\"\" width=\"1024\" height=\"391\" srcset=\"https:\/\/hydraulic-cylinders.net\/wp-content\/uploads\/2023\/08\/hydraulic-cylinder-product-3-980x374.webp 980w, https:\/\/hydraulic-cylinders.net\/wp-content\/uploads\/2023\/08\/hydraulic-cylinder-product-3-480x183.webp 480w\" sizes=\"(min-width: 0px) and (max-width: 480px) 480px, (min-width: 481px) and (max-width: 980px) 980px, (min-width: 981px) 1024px, 100vw\" \/><\/p>\n<h3>(3) Spawanie<\/h3>\n<p><img loading=\"lazy\" decoding=\"async\" class=\"alignnone wp-image-629 size-large\" src=\"https:\/\/hydraulic-cylinders.net\/wp-content\/uploads\/2023\/08\/hydraulic-cylinder-product-4-1024x510.webp\" alt=\"\" width=\"1024\" height=\"510\" srcset=\"https:\/\/hydraulic-cylinders.net\/wp-content\/uploads\/2023\/08\/hydraulic-cylinder-product-4-980x488.webp 980w, https:\/\/hydraulic-cylinders.net\/wp-content\/uploads\/2023\/08\/hydraulic-cylinder-product-4-480x239.webp 480w\" sizes=\"(min-width: 0px) and (max-width: 480px) 480px, (min-width: 481px) and (max-width: 980px) 980px, (min-width: 981px) 1024px, 100vw\" \/><\/p>\n<h3>(4) Malowanie i powlekanie<\/h3>\n<p>Z ma\u0142ymi i \u015brednimi automatycznymi liniami do powlekania farbami na bazie wody, w celu osi\u0105gni\u0119cia automatycznego za\u0142adunku i roz\u0142adunku robota oraz automatycznego natryskiwania, wydajno\u015b\u0107 projektowa 4000 sztuk na zmian\u0119;<br \/>\nPosiadamy r\u00f3wnie\u017c p\u00f3\u0142automatyczn\u0105 lini\u0119 do produkcji farb do du\u017cych cylindr\u00f3w nap\u0119dzan\u0105 \u0142a\u0144cuchem nap\u0119dowym, o wydajno\u015bci 60 skrzy\u0144 na zmian\u0119.<\/p>\n<p><img loading=\"lazy\" decoding=\"async\" class=\"alignnone wp-image-630\" src=\"https:\/\/hydraulic-cylinders.net\/wp-content\/uploads\/2023\/08\/hydraulic-cylinder-product-5-300x213.webp\" alt=\"\" width=\"366\" height=\"260\" \/> <img loading=\"lazy\" decoding=\"async\" class=\"alignnone wp-image-631\" src=\"https:\/\/hydraulic-cylinders.net\/wp-content\/uploads\/2023\/08\/hydraulic-cylinder-product-6-300x225.webp\" alt=\"\" width=\"347\" height=\"260\" \/><\/p>\n<h3>(5) Testowanie<\/h3>\n<p>Dysponujemy najwy\u017cszej klasy urz\u0105dzeniami kontrolnymi i stanowiskami testowymi, aby zapewni\u0107, \u017ce wydajno\u015b\u0107 cylindra spe\u0142nia wymagania.<\/p>\n<p><img loading=\"lazy\" decoding=\"async\" class=\"alignnone wp-image-632\" src=\"https:\/\/hydraulic-cylinders.net\/wp-content\/uploads\/2023\/08\/hydraulic-cylinder-product-8-300x200.webp\" alt=\"\" width=\"389\" height=\"260\" \/><\/p>\n<p>&nbsp;<\/p>\n<p>&nbsp;<\/p>\n<p>Jeste\u015bmy jednym z najlepszych producent\u00f3w cylindr\u00f3w hydraulicznych. Oferujemy kompleksow\u0105 ofert\u0119 cylindr\u00f3w hydraulicznych. Dostarczamy r\u00f3wnie\u017c\u2026 <a href=\"https:\/\/hzpt.com\/agricultural-pto-gearbox\/\" target=\"_blank\" rel=\"noopener\">przek\u0142adnie rolnicze<\/a>. Eksportowali\u015bmy nasze produkty do klient\u00f3w na ca\u0142ym \u015bwiecie i zdobyli\u015bmy dobr\u0105 reputacj\u0119 dzi\u0119ki najwy\u017cszej jako\u015bci produkt\u00f3w i us\u0142ug posprzeda\u017cnych. Zapraszamy klient\u00f3w w kraju i za granic\u0105 do kontaktu z nami w celu negocjacji biznesowych, wymiany informacji i <a href=\"https:\/\/www.hydraulic-cylinders.net\/pl\/contact-us\/\">wsp\u00f3\u0142pracowa\u0107 z nami<\/a>!<\/p>\n<p>&nbsp;<\/p>","protected":false},"excerpt":{"rendered":"<p>Shield Machine Assembly Lifting Cylinder The shield machine assembly lifting cylinder is an advanced hydraulic component explicitly designed for shield machines used in tunnel construction projects. This cylinder ensures efficient and accurate assembly operations with its exceptional lifting capabilities, reliability, and precision. This article will explore the key characteristics, usage methods, and maintenance guidelines for [&hellip;]<\/p>","protected":false},"featured_media":1885,"comment_status":"open","ping_status":"closed","template":"","meta":{"_et_pb_use_builder":"","_et_pb_old_content":"","_et_gb_content_width":""},"product_brand":[],"product_cat":[1519,1549],"product_tag":[1380],"class_list":{"0":"post-1882","1":"product","2":"type-product","3":"status-publish","4":"has-post-thumbnail","6":"product_cat-shield-machine-hydraulic-cylinders","7":"product_cat-single-acting-hydraulic-cylinder","8":"product_tag-hydraulic-cylinder","10":"first","11":"instock","12":"shipping-taxable","13":"product-type-simple"},"amp_enabled":true,"_links":{"self":[{"href":"https:\/\/www.hydraulic-cylinders.net\/pl\/wp-json\/wp\/v2\/product\/1882","targetHints":{"allow":["GET"]}}],"collection":[{"href":"https:\/\/www.hydraulic-cylinders.net\/pl\/wp-json\/wp\/v2\/product"}],"about":[{"href":"https:\/\/www.hydraulic-cylinders.net\/pl\/wp-json\/wp\/v2\/types\/product"}],"replies":[{"embeddable":true,"href":"https:\/\/www.hydraulic-cylinders.net\/pl\/wp-json\/wp\/v2\/comments?post=1882"}],"wp:featuredmedia":[{"embeddable":true,"href":"https:\/\/www.hydraulic-cylinders.net\/pl\/wp-json\/wp\/v2\/media\/1885"}],"wp:attachment":[{"href":"https:\/\/www.hydraulic-cylinders.net\/pl\/wp-json\/wp\/v2\/media?parent=1882"}],"wp:term":[{"taxonomy":"product_brand","embeddable":true,"href":"https:\/\/www.hydraulic-cylinders.net\/pl\/wp-json\/wp\/v2\/product_brand?post=1882"},{"taxonomy":"product_cat","embeddable":true,"href":"https:\/\/www.hydraulic-cylinders.net\/pl\/wp-json\/wp\/v2\/product_cat?post=1882"},{"taxonomy":"product_tag","embeddable":true,"href":"https:\/\/www.hydraulic-cylinders.net\/pl\/wp-json\/wp\/v2\/product_tag?post=1882"}],"curies":[{"name":"wp","href":"https:\/\/api.w.org\/{rel}","templated":true}]}}