{"id":18841,"date":"2025-04-07T05:58:05","date_gmt":"2025-04-07T05:58:05","guid":{"rendered":"https:\/\/www.hydraulic-cylinders.net\/product\/boom-cylinder-for-komatsu-small-excavator-pc45-1-5-7\/"},"modified":"2025-04-07T05:58:08","modified_gmt":"2025-04-07T05:58:08","slug":"boom-cylinder-for-komatsu-small-excavator-pc45-1-5-7","status":"publish","type":"product","link":"https:\/\/www.hydraulic-cylinders.net\/pl\/produkt\/boom-cylinder-for-komatsu-small-excavator-pc45-1-5-7\/","title":{"rendered":"Si\u0142ownik wysi\u0119gnika do ma\u0142ej koparki Komatsu PC45-1-5-7"},"content":{"rendered":"<h1>Si\u0142ownik wysi\u0119gnika do ma\u0142ej koparki Komatsu PC45-1-5-7<\/h1>\n<h2>Przegl\u0105d produktu<\/h2>\n<p>Si\u0142ownik wysi\u0119gnika jest niezb\u0119dnym elementem uk\u0142adu hydraulicznego ci\u0119\u017ckich maszyn, zaprojektowanym specjalnie do sterowania ruchem \u0142y\u017cki w koparkach, koparko-\u0142adowarkach i \u0142adowarkach czo\u0142owych. Ten si\u0142ownik hydrauliczny umo\u017cliwia podnoszenie, opuszczanie i przechylanie \u0142y\u017cki, u\u0142atwiaj\u0105c wydajne przenoszenie materia\u0142\u00f3w. Wykorzystuj\u0105c ci\u015bnienie oleju hydraulicznego, si\u0142ownik wysi\u0119gnika odgrywa kluczow\u0105 rol\u0119 w zapewnieniu tym maszynom mo\u017cliwo\u015bci wykonywania r\u00f3\u017cnorodnych zada\u0144, takich jak kopanie, podnoszenie i transport materia\u0142\u00f3w. Konstrukcja si\u0142ownika wysi\u0119gnika stawia na wytrzyma\u0142o\u015b\u0107 i niezawodno\u015b\u0107, co czyni go kluczowym elementem ka\u017cdego sprz\u0119tu budowlanego lub rolniczego.<\/p>\n<p><img decoding=\"async\" src=\"https:\/\/www.hydraulic-cylinders.net\/wp-content\/uploads\/2025\/04\/songte-company-1.webp\" alt=\"Obraz cylindra wysi\u0119gnika\"><\/p>\n<h2>Cechy cylindra wysi\u0119gnika<\/h2>\n<ul>\n<li><strong>Wysoka wytrzyma\u0142o\u015b\u0107 i trwa\u0142o\u015b\u0107:<\/strong> Wykonane z wysokowytrzyma\u0142ej stali lub aluminium, te cylindry wytrzymuj\u0105 wysokie ci\u015bnienia i du\u017ce obci\u0105\u017cenia. Zaprojektowano je z my\u015bl\u0105 o pracy w trudnych warunkach, charakteryzuj\u0105c si\u0119 odporno\u015bci\u0105 na \u015bcieranie i korozj\u0105, co wyd\u0142u\u017ca ich \u017cywotno\u015b\u0107.<\/li>\n<li><strong>Wydajna praca uk\u0142adu hydraulicznego:<\/strong> Si\u0142ownik wysi\u0119gnika wykorzystuje ci\u015bnienie p\u0142ynu hydraulicznego do p\u0142ynnego wysuwania i wsuwania, zapewniaj\u0105c szybk\u0105 reakcj\u0119 na polecenia operatora i generuj\u0105c du\u017c\u0105 si\u0142\u0119 pchania i ci\u0105gni\u0119cia, odpowiedni\u0105 do podnoszenia ci\u0119\u017ckich \u0142adunk\u00f3w i skomplikowanych zada\u0144.<\/li>\n<li><strong>Dost\u0119pne r\u00f3\u017cne typy:<\/strong> W zale\u017cno\u015bci od wymaga\u0144 operacyjnych, dost\u0119pne s\u0105 cylindry jednostronnego dzia\u0142ania (do pracy hydraulicznej w jednym kierunku) i dwustronnego dzia\u0142ania (do pracy hydraulicznej w obu kierunkach). Niekt\u00f3re modele s\u0105 teleskopowe, co pozwala na wi\u0119ksze wysuni\u0119cie bez zwi\u0119kszania wymiar\u00f3w zewn\u0119trznych, co jest idealne w zastosowaniach o ograniczonej przestrzeni.<\/li>\n<li><strong>Zgodno\u015b\u0107 i wymiana:<\/strong> Nasze produkty doskonale zast\u0105pi\u0105 te si\u0142owniki hydrauliczne, gwarantuj\u0105c bezproblemow\u0105 integracj\u0119 i wydajno\u015b\u0107 w Pa\u0144stwa maszynach.<\/li>\n<li><strong>Zaawansowana konstrukcja:<\/strong> Ka\u017cdy cylinder zosta\u0142 zaprojektowany z my\u015bl\u0105 o wydajno\u015bci operacyjnej, umo\u017cliwiaj\u0105c skuteczn\u0105 kontrol\u0119 i ruch ci\u0119\u017ckiego sprz\u0119tu, tym samym zwi\u0119kszaj\u0105c wydajno\u015b\u0107 pracy.<\/li>\n<\/ul>\n<p><img decoding=\"async\" src=\"https:\/\/www.hydraulic-cylinders.net\/wp-content\/uploads\/2025\/04\/songte-cylinder-head-with-all-kinds-excavator-models.webp\" alt=\"G\u0142owica cylindra hydraulicznego\"><\/p>\n<h2>Zastosowania cylindra wysi\u0119gnika<\/h2>\n<h3>Sprz\u0119t budowlany<\/h3>\n<p>W koparkach si\u0142owniki wysi\u0119gnika odgrywaj\u0105 kluczow\u0105 rol\u0119 podczas kopania, za\u0142adunku i przemieszczania gleby lub gruzu. Umo\u017cliwiaj\u0105 one zag\u0142\u0119bianie si\u0119 \u0142y\u017cki w grunt i wykonywanie niezb\u0119dnych zada\u0144 wykopaliskowych. Mo\u017cliwo\u015b\u0107 precyzyjnego sterowania po\u0142o\u017ceniem \u0142y\u017cki pozwala operatorom wykonywa\u0107 skomplikowane manewry, dzi\u0119ki czemu koparki s\u0105 niezast\u0105pione na placach budowy. W koparko-\u0142adowarkach si\u0142ownik wysi\u0119gnika nie tylko wspomaga kopanie, ale tak\u017ce podnoszenie materia\u0142\u00f3w, co przyczynia si\u0119 do wszechstronno\u015bci tych maszyn w projektach budowlanych.<\/p>\n<h3>Maszyny rolnicze<\/h3>\n<p>W \u0142adowarkach czo\u0142owych si\u0142owniki wysi\u0119gnika s\u0142u\u017c\u0105 do nabierania, podnoszenia i transportu gleby, siana i innych materia\u0142\u00f3w. Ich solidna konstrukcja pozwala na obs\u0142ug\u0119 ci\u0119\u017ckich \u0142adunk\u00f3w, co czyni je niezb\u0119dnymi w r\u00f3\u017cnych zadaniach rolniczych, od za\u0142adunku upraw po wydajne przemieszczanie materia\u0142\u00f3w w gospodarstwie.<\/p>\n<h3>Koparki<\/h3>\n<p>Si\u0142owniki wysi\u0119gnika u\u0142atwiaj\u0105 kopanie, umo\u017cliwiaj\u0105c \u0142y\u017cce skuteczne zag\u0142\u0119bianie si\u0119 w gleb\u0119. Mechanizm hydrauliczny zapewnia, \u017ce \u200b\u200b\u0142y\u017cka mo\u017ce wywiera\u0107 si\u0142\u0119 niezb\u0119dn\u0105 do przebicia si\u0119 przez twardy grunt, zapewniaj\u0105c moc potrzebn\u0105 do wykonywania ci\u0119\u017ckich rob\u00f3t ziemnych. Jest to szczeg\u00f3lnie istotne w budownictwie i g\u00f3rnictwie, gdzie sprawne kopanie ma kluczowe znaczenie.<\/p>\n<h3>\u0141adowarki<\/h3>\n<p>W \u0142adowarkach czo\u0142owych si\u0142owniki wysi\u0119gnika pomagaj\u0105 w efektywnym podnoszeniu i zrzucaniu \u0142adunk\u00f3w. Ich precyzyjne sterowanie pozwala operatorom na przenoszenie materia\u0142\u00f3w bez ich rozsypywania, co czyni je kluczowymi w przypadku zada\u0144 wymagaj\u0105cych precyzji i ostro\u017cno\u015bci. Mo\u017cliwo\u015b\u0107 manipulowania po\u0142o\u017ceniem \u0142y\u017cki zwi\u0119ksza efektywno\u015b\u0107 \u0142adowarki w r\u00f3\u017cnych zastosowaniach.<\/p>\n<h2>Zagadnienia projektowe i kryteria wyboru<\/h2>\n<h3>No\u015bno\u015b\u0107<\/h3>\n<p>Ud\u017awig si\u0142ownika wysi\u0119gnika ma kluczowe znaczenie, poniewa\u017c decyduje o tym, jaki ci\u0119\u017car si\u0142ownik mo\u017ce bezpiecznie unie\u015b\u0107. Aby zapewni\u0107 bezpiecze\u0144stwo i zapobiec awariom podczas pracy, kluczowe jest dobranie si\u0142ownika o ud\u017awigu przekraczaj\u0105cym przewidywane. Obliczenie maksymalnego ud\u017awigu i uwzgl\u0119dnienie rodzaju przenoszonych materia\u0142\u00f3w s\u0105 kluczowe w tym procesie doboru.<\/p>\n<h3>Opiecz\u0119towanie<\/h3>\n<p>Skuteczne uszczelnienie jest niezb\u0119dne dla trwa\u0142o\u015bci si\u0142ownik\u00f3w hydraulicznych. Wysokiej jako\u015bci uszczelnienia zapobiegaj\u0105 wyciekom p\u0142ynu i zanieczyszczeniom, kt\u00f3re mog\u0105 prowadzi\u0107 do obni\u017cenia wydajno\u015bci i zwi\u0119kszonego zu\u017cycia. Wybieraj\u0105c si\u0142ownik wysi\u0119gnika, nale\u017cy upewni\u0107 si\u0119, \u017ce jest on wyposa\u017cony w zaawansowan\u0105 technologi\u0119 uszczelnie\u0144, w tym uszczelnienia t\u0142oczysk i t\u0142oczysk, aby utrzyma\u0107 optymalne ci\u015bnienie hydrauliczne i funkcjonalno\u015b\u0107.<\/p>\n<h3>Trwa\u0142o\u015b\u0107<\/h3>\n<p>Trwa\u0142o\u015b\u0107 ma kluczowe znaczenie w przypadku si\u0142ownik\u00f3w wysi\u0119gnika przeznaczonych do ci\u0119\u017ckich zastosowa\u0144. Powinny by\u0107 one wykonane z materia\u0142\u00f3w odpornych na zu\u017cycie, korozj\u0119 i zm\u0119czenie. Dobrze zaprojektowany si\u0142ownik b\u0119dzie mia\u0142 d\u0142u\u017csz\u0105 \u017cywotno\u015b\u0107 i b\u0119dzie wymaga\u0142 rzadszej wymiany, co czyni go op\u0142acalnym wyborem w d\u0142u\u017cszej perspektywie.<\/p>\n<h3>Bezpiecze\u0144stwo<\/h3>\n<p>Wybieraj\u0105c si\u0142ownik wysi\u0119gnika, nie nale\u017cy pomija\u0107 kwestii bezpiecze\u0144stwa. Szukaj konstrukcji z wbudowanymi mechanizmami bezpiecze\u0144stwa, takimi jak zawory bezpiecze\u0144stwa i ograniczniki skoku, kt\u00f3re mog\u0105 zapobiec wypadkom i uszkodzeniom sprz\u0119tu spowodowanym przeci\u0105\u017ceniem lub niew\u0142a\u015bciwym u\u017cytkowaniem. Upewnij si\u0119 r\u00f3wnie\u017c, \u017ce si\u0142ownik spe\u0142nia normy bezpiecze\u0144stwa i posiada certyfikaty.<\/p>\n<h3>Konserwacja<\/h3>\n<p>Kwestie konserwacji odgrywaj\u0105 istotn\u0105 rol\u0119 przy wyborze cylindr\u00f3w hydraulicznych. Wybieraj cylindry zaprojektowane z my\u015bl\u0105 o \u0142atwym dost\u0119pie do punkt\u00f3w konserwacyjnych, co pozwoli na sprawne przeprowadzanie rutynowych kontroli i napraw. Regularna konserwacja nie tylko wyd\u0142u\u017ca \u017cywotno\u015b\u0107 cylindra, ale tak\u017ce zapewnia optymaln\u0105 wydajno\u015b\u0107 przez ca\u0142y okres jego eksploatacji.<\/p>\n<p><img decoding=\"async\" src=\"https:\/\/www.hydraulic-cylinders.net\/wp-content\/uploads\/2025\/04\/songte-oil-pipes-and-spare-parts.webp\" alt=\"Rury olejowe i cz\u0119\u015bci zamienne\"><\/p>\n<h2>Uszczelnianie i smarowanie<\/h2>\n<p>Prawid\u0142owe uszczelnienie i smarowanie s\u0105 kluczowe dla wydajnej pracy cylindr\u00f3w hydraulicznych. R\u00f3\u017cne elementy uszczelniaj\u0105ce, takie jak uszczelnienia t\u0142ok\u00f3w i t\u0142oczysk, zapobiegaj\u0105 wyciekom p\u0142ynu hydraulicznego. Wyb\u00f3r trwa\u0142ych materia\u0142\u00f3w, takich jak poliuretan i kauczuk nitrylowy, gwarantuje odporno\u015b\u0107 uszczelnie\u0144 na trudne warunki i \u015bcieranie. Dodatkowo, korpus cylindra i gwintowane powierzchnie ko\u0144cowe poddawane s\u0105 precyzyjnemu procesowi wyka\u0144czania w celu zwi\u0119kszenia odporno\u015bci na zu\u017cycie.<\/p>\n<p>Regularne smarowanie olejem hydraulicznym jest niezb\u0119dne w celu zminimalizowania tarcia i zu\u017cycia. Operatorzy powinni ustali\u0107 rutynow\u0105 procedur\u0119 sprawdzania poziomu oleju i stosowania odpowiedniego smarowania, aby zapewni\u0107 p\u0142ynn\u0105 prac\u0119 cylindra. Konserwacja ta jest kluczowa dla zapobiegania awariom i wyd\u0142u\u017cenia \u017cywotno\u015bci cylindra.<\/p>\n<h2>\u015arodki konserwacji zapobiegawczej<\/h2>\n<ul>\n<li><strong>Regularne kontrole:<\/strong> Przeprowadzaj rutynowe kontrole si\u0142ownika wysi\u0119gnika pod k\u0105tem oznak zu\u017cycia, wyciek\u00f3w lub uszkodze\u0144. Szybkie rozwi\u0105zywanie problem\u00f3w mo\u017ce zapobiec powa\u017cniejszym problemom w przysz\u0142o\u015bci.<\/li>\n<li><strong>W\u0142a\u015bciwe smarowanie:<\/strong> Upewnij si\u0119, \u017ce cylinder jest odpowiednio smarowany, zgodnie z zaleceniami producenta. Niedostateczne smarowanie mo\u017ce prowadzi\u0107 do zwi\u0119kszonego zu\u017cycia i awarii.<\/li>\n<li><strong>Wymiana uszczelki:<\/strong> Monitoruj stan uszczelek i wymieniaj je w razie potrzeby, aby zapobiec wyciekom i utrzyma\u0107 ci\u015bnienie hydrauliczne. Proaktywne podej\u015bcie do konserwacji uszczelek mo\u017ce znacznie wyd\u0142u\u017cy\u0107 \u017cywotno\u015b\u0107 cylindra.<\/li>\n<\/ul>\n<h2>Wytyczne dotycz\u0105ce instalacji<\/h2>\n<p>Prawid\u0142owy monta\u017c si\u0142ownika wysi\u0119gnika ma kluczowe znaczenie dla optymalnej wydajno\u015bci. Na pocz\u0105tek upewnij si\u0119, \u017ce wszystkie komponenty s\u0105 czyste i wolne od zanieczyszcze\u0144. Ustaw si\u0142ownik prawid\u0142owo wzgl\u0119dem punkt\u00f3w mocowania maszyny, aby unikn\u0105\u0107 nadmiernego napr\u0119\u017cenia podczas pracy. U\u017cycie odpowiednich wspornik\u00f3w monta\u017cowych pomo\u017ce zabezpieczy\u0107 si\u0142ownik na miejscu.<\/p>\n<p>Aby zapewni\u0107 bezpieczne po\u0142\u0105czenie, nale\u017cy przestrzega\u0107 zalece\u0144 producenta dotycz\u0105cych momentu dokr\u0119cania \u015brub i \u0142\u0105cznik\u00f3w. Po monta\u017cu nale\u017cy przeprowadzi\u0107 pr\u00f3b\u0119 ci\u015bnieniow\u0105, aby upewni\u0107 si\u0119, \u017ce nie ma wyciek\u00f3w i si\u0142ownik dzia\u0142a prawid\u0142owo. Prawid\u0142owe ustawienie jest kluczowe; brak ustawienia mo\u017ce prowadzi\u0107 do nier\u00f3wnomiernego zu\u017cycia i przedwczesnej awarii.<\/p>\n<h2>Typowe zadania konserwacyjne<\/h2>\n<h3>Regularne kontrole<\/h3>\n<p>Regularne kontrole si\u0142ownika wysi\u0119gnika s\u0105 niezb\u0119dne do identyfikacji potencjalnych problem\u00f3w, zanim si\u0119 nasil\u0105. Sprawd\u017a, czy nie ma \u015blad\u00f3w zu\u017cycia, nieszczelno\u015bci i czy nie s\u0142ycha\u0107 nietypowych d\u017awi\u0119k\u00f3w podczas pracy. Wczesne wykrycie problem\u00f3w mo\u017ce zaoszcz\u0119dzi\u0107 na kosztownych naprawach i przestojach.<\/p>\n<h3>Prawid\u0142owe smarowanie<\/h3>\n<p>Zapewnienie odpowiedniego smarowania si\u0142ownika wysi\u0119gnika jest kluczowe dla jego d\u0142ugiej \u017cywotno\u015bci. Nale\u017cy stosowa\u0107 zalecany olej hydrauliczny i przestrzega\u0107 harmonogramu smarowania okre\u015blonego przez producenta. Prawid\u0142owe smarowanie zmniejsza tarcie i zu\u017cycie, zapewniaj\u0105c wydajn\u0105 prac\u0119.<\/p>\n<h3>Wymiana uszczelek i kontrola kalibracji<\/h3>\n<p>Regularnie sprawdzaj stan uszczelek i wymieniaj je, gdy wykazuj\u0105 oznaki zu\u017cycia. Dodatkowo, kontrole kalibracji s\u0105 kluczowe dla zapewnienia, \u017ce \u200b\u200buk\u0142ad hydrauliczny dzia\u0142a w okre\u015blonych parametrach. Prawid\u0142owo skalibrowane uk\u0142ady zwi\u0119kszaj\u0105 wydajno\u015b\u0107 i bezpiecze\u0144stwo, zmniejszaj\u0105c ryzyko wypadk\u00f3w.<\/p>\n<p><img decoding=\"async\" src=\"https:\/\/www.hydraulic-cylinders.net\/wp-content\/uploads\/2025\/04\/songte-chushion-collar.webp\" alt=\"Ko\u0142nierz poduszkowy\"><\/p>\n<h2>Zagadnienia bezpiecze\u0144stwa i czynniki \u015brodowiskowe<\/h2>\n<p>W przypadku cylindr\u00f3w hydraulicznych wdra\u017canie \u015brodk\u00f3w bezpiecze\u0144stwa jest kwesti\u0105 priorytetow\u0105. Operatorzy powinni by\u0107 przeszkoleni w zakresie rozpoznawania potencjalnych zagro\u017ce\u0144 zwi\u0105zanych z uk\u0142adami hydraulicznymi, w tym ryzyka wycieku i p\u0119kni\u0119cia p\u0142ynu. Stosowanie odpowiedniego sprz\u0119tu ochrony osobistej (PPE) i przestrzeganie protoko\u0142\u00f3w bezpiecze\u0144stwa zapewnia bezpieczniejsze \u015brodowisko pracy. Ponadto, praktyki przyjazne dla \u015brodowiska, takie jak odpowiedzialna utylizacja p\u0142yn\u00f3w hydraulicznych i recykling podzespo\u0142\u00f3w, je\u015bli to mo\u017cliwe, przyczyniaj\u0105 si\u0119 do dzia\u0142a\u0144 na rzecz zr\u00f3wnowa\u017conego rozwoju.<\/p>\n<h2>Diagnostyka usterek i typowe problemy<\/h2>\n<ul>\n<li><strong>Przeciek:<\/strong> Jednym z najcz\u0119stszych problem\u00f3w z si\u0142ownikami hydraulicznymi jest wyciek, kt\u00f3ry mo\u017ce wynika\u0107 ze zu\u017cycia uszczelek lub uszkodzenia przy\u0142\u0105czy. Regularne kontrole i terminowa konserwacja mog\u0105 pom\u00f3c z\u0142agodzi\u0107 ten problem.<\/li>\n<li><strong>Utrata mocy:<\/strong> Je\u015bli si\u0142ownik wysi\u0119gnika nie reaguje skutecznie, mo\u017ce to wskazywa\u0107 na problemy z ci\u015bnieniem lub zatory w przewodach hydraulicznych. Rozwi\u0105zywanie problem\u00f3w w tych obszarach jest niezb\u0119dne do przywr\u00f3cenia funkcjonalno\u015bci.<\/li>\n<li><strong>Nier\u00f3wnomierny ruch:<\/strong> Je\u015bli cylinder porusza si\u0119 nier\u00f3wnomiernie lub szarpie, mo\u017ce to by\u0107 oznak\u0105 niewsp\u00f3\u0142osiowo\u015bci lub uszkodzenia wewn\u0119trznego. Szybkie rozwi\u0105zanie tych problem\u00f3w mo\u017ce zapobiec dalszym komplikacjom.<\/li>\n<\/ul>\n<h2>Wskaz\u00f3wki dotycz\u0105ce rozwi\u0105zywania problem\u00f3w<\/h2>\n<p>Aby skutecznie diagnozowa\u0107 i rozwi\u0105zywa\u0107 problemy z si\u0142ownikiem wysi\u0119gnika, operatorzy powinni rozpocz\u0105\u0107 od dok\u0142adnej kontroli pod k\u0105tem oznak zu\u017cycia lub uszkodze\u0144. Sprawdzenie poziomu p\u0142ynu hydraulicznego i upewnienie si\u0119, \u017ce w przewodach hydraulicznych nie ma \u017cadnych przeszk\u00f3d, cz\u0119sto mo\u017ce rozwi\u0105za\u0107 problemy z wydajno\u015bci\u0105. Ponadto prowadzenie rejestru napotkanych problem\u00f3w mo\u017ce pom\u00f3c w identyfikacji schemat\u00f3w i potencjalnych powtarzaj\u0105cych si\u0119 problem\u00f3w.<\/p>\n<p>\u015arodki zapobiegawcze, takie jak regularna konserwacja i stosowanie si\u0119 do wytycznych producenta, mog\u0105 znacz\u0105co zmniejszy\u0107 prawdopodobie\u0144stwo wyst\u0105pienia problem\u00f3w, gwarantuj\u0105c wydajn\u0105 prac\u0119 si\u0142ownika wysi\u0119gnika przez ca\u0142y okres jego eksploatacji.<\/p>\n<p><img decoding=\"async\" src=\"https:\/\/www.hydraulic-cylinders.net\/wp-content\/uploads\/2025\/04\/songte-bushings-with-all-kinds-of-excavator-models.webp\" alt=\"Tuleje\"><\/p>\n<h2>O naszej firmie<\/h2>\n<p>Jeste\u015bmy producentem zamiennych cylindr\u00f3w hydraulicznych, oferuj\u0105cym szerok\u0105 gam\u0119 produkt\u00f3w. Nasze zaanga\u017cowanie w d\u0105\u017cenie do doskona\u0142o\u015bci ugruntowa\u0142o nasz\u0105 pozycj\u0119 wiod\u0105cego producenta i hurtowego dystrybutora cylindr\u00f3w hydraulicznych na rynku krajowym i mi\u0119dzynarodowym. Przestrzegamy surowych standard\u00f3w jako\u015bci i wykorzystujemy zaawansowane strategie produkcyjne, aby usprawni\u0107 zarz\u0105dzanie produkcj\u0105.<\/p>\n<p>Nasza firma korzysta z solidnej kadry wykwalifikowanych technik\u00f3w i najnowocze\u015bniejszego sprz\u0119tu produkcyjnego. Dzi\u0119ki zaawansowanym systemom detekcji stale udoskonalamy nasz\u0105 platform\u0119 produkcyjn\u0105, aby zapewni\u0107 wysok\u0105 jako\u015b\u0107 linii produkcyjnych. Nasze mo\u017cliwo\u015bci pozwalaj\u0105 nam sprawnie zaspokaja\u0107 zr\u00f3\u017cnicowane potrzeby klient\u00f3w, zachowuj\u0105c jednocze\u015bnie wysokie standardy dok\u0142adno\u015bci i jako\u015bci.<\/p>\n<p><img decoding=\"async\" src=\"https:\/\/www.hydraulic-cylinders.net\/wp-content\/uploads\/2025\/04\/songte-company-4.webp\" alt=\"Obraz firmy 1\"><br \/>\n<img decoding=\"async\" src=\"https:\/\/www.hydraulic-cylinders.net\/wp-content\/uploads\/2025\/04\/songte-company-3.webp\" alt=\"Obraz firmy 2\"><\/p>\n<p>Nasze zaanga\u017cowanie w profesjonalizm jest poparte mi\u0119dzynarodowymi certyfikatami, us\u0142ugami dostosowanymi do indywidualnych potrzeb klienta, najwy\u017cszej klasy sprz\u0119tem produkcyjnym oraz wyj\u0105tkowym wsparciem posprzeda\u017cowym. Jeste\u015bmy po to, aby zapewni\u0107 naszym klientom produkty najwy\u017cszej jako\u015bci i niezr\u00f3wnan\u0105 obs\u0142ug\u0119.<\/p>\n<p>Autor: lyl<\/p>","protected":false},"excerpt":{"rendered":"<p>Boom Cylinder For Komatsu Small Excavator PC45-1-5-7 Product Overview The boom cylinder is an essential component in the hydraulic system of heavy machinery, specifically designed for controlling the movement of buckets in excavators, backhoes, and front loaders. This hydraulic cylinder enables the bucket to lift, lower, and tilt, facilitating material handling tasks efficiently. By harnessing [&hellip;]<\/p>","protected":false},"featured_media":17873,"comment_status":"open","ping_status":"closed","template":"","meta":{"_et_pb_use_builder":"","_et_pb_old_content":"","_et_gb_content_width":""},"product_brand":[],"product_cat":[1546],"product_tag":[1547,1496],"class_list":{"0":"post-18841","1":"product","2":"type-product","3":"status-publish","4":"has-post-thumbnail","6":"product_cat-boom-cylinders","7":"product_tag-boom-cylinders","8":"product_tag-hydraulic-cylinders","10":"first","11":"instock","12":"shipping-taxable","13":"product-type-simple"},"amp_enabled":true,"_links":{"self":[{"href":"https:\/\/www.hydraulic-cylinders.net\/pl\/wp-json\/wp\/v2\/product\/18841","targetHints":{"allow":["GET"]}}],"collection":[{"href":"https:\/\/www.hydraulic-cylinders.net\/pl\/wp-json\/wp\/v2\/product"}],"about":[{"href":"https:\/\/www.hydraulic-cylinders.net\/pl\/wp-json\/wp\/v2\/types\/product"}],"replies":[{"embeddable":true,"href":"https:\/\/www.hydraulic-cylinders.net\/pl\/wp-json\/wp\/v2\/comments?post=18841"}],"wp:featuredmedia":[{"embeddable":true,"href":"https:\/\/www.hydraulic-cylinders.net\/pl\/wp-json\/wp\/v2\/media\/17873"}],"wp:attachment":[{"href":"https:\/\/www.hydraulic-cylinders.net\/pl\/wp-json\/wp\/v2\/media?parent=18841"}],"wp:term":[{"taxonomy":"product_brand","embeddable":true,"href":"https:\/\/www.hydraulic-cylinders.net\/pl\/wp-json\/wp\/v2\/product_brand?post=18841"},{"taxonomy":"product_cat","embeddable":true,"href":"https:\/\/www.hydraulic-cylinders.net\/pl\/wp-json\/wp\/v2\/product_cat?post=18841"},{"taxonomy":"product_tag","embeddable":true,"href":"https:\/\/www.hydraulic-cylinders.net\/pl\/wp-json\/wp\/v2\/product_tag?post=18841"}],"curies":[{"name":"wp","href":"https:\/\/api.w.org\/{rel}","templated":true}]}}