{"id":18846,"date":"2025-04-07T05:58:20","date_gmt":"2025-04-07T05:58:20","guid":{"rendered":"https:\/\/www.hydraulic-cylinders.net\/product\/boom-cylinder-for-komatsu-small-excavator-pc55-55uu\/"},"modified":"2025-04-07T05:58:22","modified_gmt":"2025-04-07T05:58:22","slug":"boom-cylinder-for-komatsu-small-excavator-pc55-55uu","status":"publish","type":"product","link":"https:\/\/www.hydraulic-cylinders.net\/pl\/produkt\/boom-cylinder-for-komatsu-small-excavator-pc55-55uu\/","title":{"rendered":"Si\u0142ownik wysi\u0119gnika do ma\u0142ej koparki Komatsu PC55 55UU"},"content":{"rendered":"<h1>Si\u0142ownik wysi\u0119gnika do ma\u0142ej koparki Komatsu PC55 55UU<\/h1>\n<h2>Zrozumienie cylindra wysi\u0119gnika<\/h2>\n<h3>Definicja i przegl\u0105d<\/h3>\n<p>Si\u0142ownik wysi\u0119gnika to kluczowy element hydrauliczny, zaprojektowany specjalnie do sterowania ruchem \u0142y\u017cek w r\u00f3\u017cnych maszynach ci\u0119\u017ckich, takich jak koparki, koparko-\u0142adowarki i \u0142adowarki czo\u0142owe. Ten si\u0142ownik hydrauliczny umo\u017cliwia podnoszenie, opuszczanie i przechylanie \u0142y\u017cki, u\u0142atwiaj\u0105c wydajne zadania zwi\u0105zane z prze\u0142adunkiem materia\u0142\u00f3w. Zasadniczo si\u0142ownik wysi\u0119gnika dzia\u0142a w uk\u0142adzie hydraulicznym, przekszta\u0142caj\u0105c ci\u015bnienie p\u0142ynu hydraulicznego w si\u0142\u0119 mechaniczn\u0105. Umo\u017cliwia to maszynom ci\u0119\u017ckim wykonywanie zada\u0144 takich jak kopanie, podnoszenie i transport materia\u0142\u00f3w z precyzj\u0105 i kontrol\u0105. Konstrukcja si\u0142ownika wysi\u0119gnika zosta\u0142a zaprojektowana tak, aby wytrzyma\u0107 ekstremalne warunki, zapewniaj\u0105c niezawodno\u015b\u0107 i bezpiecze\u0144stwo w wymagaj\u0105cych warunkach.<\/p>\n<p><img decoding=\"async\" src=\"https:\/\/www.hydraulic-cylinders.net\/wp-content\/uploads\/2025\/04\/songte-company-1.webp\" alt=\"Si\u0142ownik wysi\u0119gnika\"><\/p>\n<h2>Cechy cylindra wysi\u0119gnika<\/h2>\n<ul>\n<li><strong>Wysoka wytrzyma\u0142o\u015b\u0107 i trwa\u0142o\u015b\u0107:<\/strong> Si\u0142ownik wysi\u0119gnika, zazwyczaj wykonany z wysokowytrzyma\u0142ej stali lub aluminium, wytrzymuje wysokie ci\u015bnienie i du\u017ce obci\u0105\u017cenia, dzi\u0119ki czemu nadaje si\u0119 do pracy w trudnych warunkach. Jego konstrukcja uwzgl\u0119dnia r\u00f3wnie\u017c odporno\u015b\u0107 na zu\u017cycie i korozj\u0119, aby wyd\u0142u\u017cy\u0107 jego \u017cywotno\u015b\u0107.<\/li>\n<li><strong>Wydajna praca uk\u0142adu hydraulicznego:<\/strong> Wykorzystuje ci\u015bnienie oleju hydraulicznego w celu uzyskania p\u0142ynnego wysuwania i wsuwania, umo\u017cliwiaj\u0105c szybk\u0105 reakcj\u0119 na polecenia steruj\u0105ce i zapewniaj\u0105c du\u017c\u0105 si\u0142\u0119 pchania i ci\u0105gni\u0119cia, odpowiedni\u0105 do obs\u0142ugi ci\u0119\u017ckich i skomplikowanych zada\u0144.<\/li>\n<li><strong>R\u00f3\u017cne typy:<\/strong> Dost\u0119pne w wersji z si\u0142ownikami jednostronnego dzia\u0142ania (hydraulicznym w jednym kierunku) lub dwustronnego dzia\u0142ania (hydraulicznym w obu kierunkach), aby sprosta\u0107 zr\u00f3\u017cnicowanym potrzebom operacyjnym. Niekt\u00f3re modele s\u0105 teleskopowe, co pozwala na wi\u0119ksze wyd\u0142u\u017cenie bez zwi\u0119kszania wymiar\u00f3w zewn\u0119trznych, co jest idealne w zastosowaniach o ograniczonej przestrzeni.<\/li>\n<li><strong>Zgodno\u015b\u0107:<\/strong> Nasze produkty doskonale zast\u0119puj\u0105 istniej\u0105ce si\u0142owniki hydrauliczne, zapewniaj\u0105c bezproblemow\u0105 integracj\u0119 i wydajno\u015b\u0107 operacyjn\u0105.<\/li>\n<li><strong>Zaawansowana konstrukcja:<\/strong> Zaprojektowane z precyzj\u0105, by spe\u0142nia\u0107 standardy bran\u017cowe, oferuj\u0105c wydajno\u015b\u0107 i niezawodno\u015b\u0107 w wymagaj\u0105cych warunkach.<\/li>\n<\/ul>\n<p><img decoding=\"async\" src=\"https:\/\/www.hydraulic-cylinders.net\/wp-content\/uploads\/2025\/04\/songte-cylinder-head-with-all-kinds-excavator-models.webp\" alt=\"G\u0142owica cylindra hydraulicznego\"><\/p>\n<h2>Zastosowania cylindra wysi\u0119gnika<\/h2>\n<h3>Sprz\u0119t budowlany<\/h3>\n<p>W koparkach si\u0142owniki wysi\u0119gnika s\u0105 niezb\u0119dne do kopania, za\u0142adunku i przemieszczania ziemi lub gruzu. Zapewniaj\u0105 one niezb\u0119dn\u0105 si\u0142\u0119 do wysuwania i chowania ramienia, umo\u017cliwiaj\u0105c operatorom sprawne zarz\u0105dzanie r\u00f3\u017cnymi zadaniami budowlanymi. Precyzyjna kontrola zapewniana przez te si\u0142owniki pomaga w osi\u0105gni\u0119ciu precyzyjnych g\u0142\u0119boko\u015bci i k\u0105t\u00f3w kopania, kt\u00f3re s\u0105 niezb\u0119dne do efektywnego przygotowania terenu i przemieszczania materia\u0142u.<\/p>\n<h3>Maszyny rolnicze<\/h3>\n<p>\u0141adowarki czo\u0142owe wykorzystuj\u0105 si\u0142owniki wysi\u0119gnika do nabierania, podnoszenia i transportu gleby, siana i innych materia\u0142\u00f3w. Mo\u017cliwo\u015b\u0107 sterowania k\u0105tem i wysoko\u015bci\u0105 \u0142y\u017cki zwi\u0119ksza wydajno\u015b\u0107 w rolnictwie, umo\u017cliwiaj\u0105c rolnikom wykonywanie r\u00f3\u017cnych zada\u0144, takich jak za\u0142adunek paszy, przemieszczanie gleby do prac ogrodowych czy transport materia\u0142\u00f3w w obr\u0119bie gospodarstwa.<\/p>\n<h3>Koparki<\/h3>\n<p>Si\u0142owniki wysi\u0119gnika u\u0142atwiaj\u0105 kopanie, umo\u017cliwiaj\u0105c \u0142y\u017cce skuteczne zag\u0142\u0119bianie si\u0119 w gleb\u0119. Ta funkcja hydrauliczna jest niezb\u0119dna do kopania row\u00f3w, fundament\u00f3w i innych niezb\u0119dnych prac ziemnych. Niezawodno\u015b\u0107 si\u0142ownika wysi\u0119gnika ma bezpo\u015bredni wp\u0142yw na wydajno\u015b\u0107 i efektywno\u015b\u0107 koparki w r\u00f3\u017cnych warunkach glebowych.<\/p>\n<h3>\u0141adowarki<\/h3>\n<p>W \u0142adowarkach czo\u0142owych si\u0142owniki wysi\u0119gnika wspomagaj\u0105 wydajne podnoszenie i opr\u00f3\u017cnianie \u0142adunk\u00f3w. Si\u0142a hydrauliczna dostarczana przez si\u0142owniki pozwala operatorom z \u0142atwo\u015bci\u0105 obs\u0142ugiwa\u0107 ci\u0119\u017ckie \u0142adunki, redukuj\u0105c nak\u0142ad pracy r\u0119cznej i zwi\u0119kszaj\u0105c wydajno\u015b\u0107 na placu budowy. Dzi\u0119ki temu materia\u0142y mo\u017cna szybko i bezpiecznie przemieszcza\u0107, co poprawia og\u00f3lny przep\u0142yw pracy i wydajno\u015b\u0107.<\/p>\n<h2>Zagadnienia projektowe i kryteria wyboru<\/h2>\n<h3>No\u015bno\u015b\u0107<\/h3>\n<p>Przy wyborze si\u0142ownika wysi\u0119gnika kluczowe znaczenie ma ocena jego ud\u017awigu. Si\u0142ownik musi by\u0107 w stanie ud\u017awign\u0105\u0107 maksymaln\u0105 mas\u0119 \u0142adunk\u00f3w, kt\u00f3re b\u0119dzie podnosi\u0142 i manewrowa\u0142. Producenci cz\u0119sto podaj\u0105 specyfikacje okre\u015blaj\u0105ce limity ud\u017awigu, a praca w ramach tych parametr\u00f3w jest niezb\u0119dna dla zapewnienia bezpiecze\u0144stwa i zapobiegania awariom si\u0142ownika. Zrozumienie specyficznych wymaga\u0144 dotycz\u0105cych ud\u017awigu maszyn, z kt\u00f3rymi b\u0119dzie on u\u017cywany, pomo\u017ce w doborze odpowiedniego si\u0142ownika do danego zadania.<\/p>\n<h3>Integralno\u015b\u0107 uszczelnienia<\/h3>\n<p>Uszczelnienie jest kluczowym elementem konstrukcji si\u0142ownika hydraulicznego, poniewa\u017c zapobiega wyciekom p\u0142ynu i utrzymuje ci\u015bnienie w uk\u0142adzie. Wysokiej jako\u015bci uszczelnienia s\u0105 niezb\u0119dne do wydajnej pracy si\u0142ownika wysi\u0119gnika. Wybieraj\u0105c si\u0142ownik, nale\u017cy zwr\u00f3ci\u0107 uwag\u0119 na te wyposa\u017cone w zaawansowane technologie uszczelnie\u0144, odporne na zu\u017cycie i uszkodzenia, zapewniaj\u0105ce jednocze\u015bnie szczelno\u015b\u0107 podczas pracy. Regularna konserwacja i kontrola uszczelnie\u0144 s\u0105 r\u00f3wnie\u017c kluczowe, aby unikn\u0105\u0107 nieoczekiwanych awarii i utrzyma\u0107 wydajno\u015b\u0107 systemu.<\/p>\n<h3>Trwa\u0142o\u015b\u0107<\/h3>\n<p>Trwa\u0142o\u015b\u0107 jest kluczowym czynnikiem, szczeg\u00f3lnie w przypadku maszyn pracuj\u0105cych w trudnych warunkach. Materia\u0142y u\u017cyte do budowy si\u0142ownika wysi\u0119gnika powinny by\u0107 odporne na korozj\u0119 i zu\u017cycie. Producenci zazwyczaj stosuj\u0105 pow\u0142oki lub zabiegi piel\u0119gnacyjne w celu zwi\u0119kszenia trwa\u0142o\u015bci element\u00f3w si\u0142ownika. Zrozumienie warunk\u00f3w \u015brodowiskowych, w kt\u00f3rych b\u0119dzie pracowa\u0142 si\u0142ownik, mo\u017ce pom\u00f3c w wyborze materia\u0142\u00f3w i konstrukcji najlepiej nadaj\u0105cych si\u0119 do pracy w tych warunkach.<\/p>\n<h3>Funkcje bezpiecze\u0144stwa<\/h3>\n<p>Przy wyborze si\u0142ownika wysi\u0119gnika, kluczowe znaczenie ma uwzgl\u0119dnienie funkcji bezpiecze\u0144stwa. Szukaj konstrukcji wyposa\u017conych w zawory bezpiecze\u0144stwa i uk\u0142ady redukcji ci\u015bnienia, aby zapobiec przeci\u0105\u017ceniom i potencjalnym wypadkom. Funkcje te chroni\u0105 zar\u00f3wno sprz\u0119t, jak i jego operator\u00f3w, zapewniaj\u0105c bezpieczn\u0105 prac\u0119 w zmiennych warunkach obci\u0105\u017cenia. Zgodno\u015b\u0107 z przepisami i normami bezpiecze\u0144stwa jest kluczowa w procesie wyboru, aby zminimalizowa\u0107 ryzyko zwi\u0105zane z uk\u0142adami hydraulicznymi.<\/p>\n<h3>Dost\u0119pno\u015b\u0107 konserwacyjna<\/h3>\n<p>\u0141atwo\u015b\u0107 konserwacji to kolejny kluczowy aspekt konstrukcyjny. Wybierz si\u0142owniki wysi\u0119gnika zaprojektowane z my\u015bl\u0105 o dost\u0119pno\u015bci, umo\u017cliwiaj\u0105ce \u0142atw\u0105 inspekcj\u0119, smarowanie i wymian\u0119 uszczelnie\u0144. Regularna konserwacja jest niezb\u0119dna dla trwa\u0142o\u015bci si\u0142ownika, a uproszczony dost\u0119p mo\u017ce znacznie skr\u00f3ci\u0107 przestoje zwi\u0105zane z pracami konserwacyjnymi. Producenci, kt\u00f3rzy zapewniaj\u0105 jasne wytyczne dotycz\u0105ce konserwacji i wsparcie techniczne, mog\u0105 zwi\u0119kszy\u0107 og\u00f3ln\u0105 warto\u015b\u0107 produktu.<\/p>\n<p><img decoding=\"async\" src=\"https:\/\/www.hydraulic-cylinders.net\/wp-content\/uploads\/2025\/04\/songte-oil-pipes-and-spare-parts.webp\" alt=\"Rury olejowe i cz\u0119\u015bci zamienne\"><\/p>\n<h2>Uszczelnienie i smarowanie si\u0142ownika wysi\u0119gnika<\/h2>\n<p>Uszczelnienie i smarowanie s\u0105 kluczowe dla wydajnej pracy i trwa\u0142o\u015bci si\u0142ownika wysi\u0119gnika. R\u00f3\u017cne elementy uszczelniaj\u0105ce, takie jak uszczelnienia t\u0142oka i t\u0142oczyska, zapewniaj\u0105 integralno\u015b\u0107 uk\u0142adu hydraulicznego. Wyb\u00f3r uszczelnie\u0144 wykonanych z trwa\u0142ych materia\u0142\u00f3w, takich jak poliuretan i kauczuk nitrylowy, mo\u017ce zwi\u0119kszy\u0107 odporno\u015b\u0107 na zu\u017cycie i wyd\u0142u\u017cy\u0107 \u017cywotno\u015b\u0107. Korpus si\u0142ownika i gwintowane powierzchnie ko\u0144cowe s\u0105 precyzyjnie obrabiane, aby poprawi\u0107 odporno\u015b\u0107 na zu\u017cycie i skuteczno\u015b\u0107 uszczelnienia. Regularne smarowanie olejem hydraulicznym ma kluczowe znaczenie dla zmniejszenia tarcia i zu\u017cycia, zapewniaj\u0105c p\u0142ynn\u0105 prac\u0119.<\/p>\n<h2>Regularne kontrole i konserwacja zapobiegawcza<\/h2>\n<ul>\n<li><strong>Inspekcje wizualne:<\/strong> Regularnie przeprowadzaj wizualne kontrole si\u0142ownika wysi\u0119gnika pod k\u0105tem oznak zu\u017cycia, wyciek\u00f3w lub uszkodze\u0144. Sprawd\u017a, czy nie ma widocznych p\u0119kni\u0119\u0107 lub odkszta\u0142ce\u0144, kt\u00f3re mog\u0142yby naruszy\u0107 integralno\u015b\u0107 si\u0142ownika. Wczesne wykrycie problem\u00f3w mo\u017ce pom\u00f3c zapobiec powa\u017cnym awariom w przysz\u0142o\u015bci.<\/li>\n<li><strong>Harmonogram smarowania:<\/strong> Ustal harmonogram smarowania, aby zapewni\u0107 odpowiednie smarowanie cylindra olejem hydraulicznym. Utrzymywanie prawid\u0142owego smarowania uszczelek i cz\u0119\u015bci ruchomych minimalizuje tarcie i wyd\u0142u\u017ca \u017cywotno\u015b\u0107 cylindra.<\/li>\n<li><strong>Wymiana uszczelki:<\/strong> Regularnie sprawdzaj stan uszczelek i wymieniaj je w razie potrzeby. Zu\u017cyte uszczelki mog\u0105 prowadzi\u0107 do wyciek\u00f3w p\u0142yn\u00f3w i obni\u017cenia wydajno\u015bci, dlatego proaktywna konserwacja jest niezb\u0119dna do utrzymania wydajno\u015bci.<\/li>\n<\/ul>\n<h2>Wytyczne dotycz\u0105ce instalacji<\/h2>\n<p>Prawid\u0142owy monta\u017c si\u0142ownika wysi\u0119gnika ma kluczowe znaczenie dla zapewnienia wydajnej pracy. Zacznij od upewnienia si\u0119, \u017ce wszystkie komponenty s\u0105 kompatybilne i wolne od zanieczyszcze\u0144. U\u017cyj odpowiednich narz\u0119dzi do regulacji, aby prawid\u0142owo ustawi\u0107 si\u0142ownik wzgl\u0119dem innych komponent\u00f3w maszyny. Zabezpiecz si\u0142ownik za pomoc\u0105 odpowiednich wspornik\u00f3w monta\u017cowych, aby zapobiec rozbie\u017cno\u015bciom podczas pracy. Podczas dokr\u0119cania \u015brub nale\u017cy przestrzega\u0107 zalece\u0144 producenta dotycz\u0105cych momentu obrotowego. Po monta\u017cu nale\u017cy przeprowadzi\u0107 dok\u0142adn\u0105 kontrol\u0119, aby upewni\u0107 si\u0119, \u017ce wszystkie po\u0142\u0105czenia s\u0105 stabilne i si\u0142ownik dzia\u0142a p\u0142ynnie w pe\u0142nym zakresie ruchu.<\/p>\n<h2>Typowe zadania konserwacyjne<\/h2>\n<ul>\n<li><strong>Regularne kontrole:<\/strong> Wprowad\u017a rutynow\u0105 kontrol\u0119 si\u0142ownika wysi\u0119gnika pod k\u0105tem oznak zu\u017cycia lub uszkodze\u0144. Regularne kontrole mog\u0105 pom\u00f3c zidentyfikowa\u0107 potencjalne problemy, zanim przerodz\u0105 si\u0119 w powa\u017cne problemy.<\/li>\n<li><strong>Prawid\u0142owe smarowanie:<\/strong> Przestrzegaj \u015bcis\u0142ego harmonogramu smarowania, aby utrzyma\u0107 optymaln\u0105 wydajno\u015b\u0107. Prawid\u0142owe smarowanie zapewnia p\u0142ynn\u0105 prac\u0119 i zmniejsza zu\u017cycie element\u00f3w wewn\u0119trznych.<\/li>\n<li><strong>Wymiana uszczelki:<\/strong> Monitoruj stan uszczelek i wymieniaj je w razie potrzeby. Utrzymanie skutecznego dzia\u0142ania uszczelek jest kluczowe dla zapobiegania wyciekom i utrzymania ci\u015bnienia w uk\u0142adzie.<\/li>\n<\/ul>\n<p>Podczas monta\u017cu niezwykle wa\u017cne jest zapewnienie prawid\u0142owego ustawienia si\u0142ownika, aby unikn\u0105\u0107 przedwczesnego zu\u017cycia. Zaleca si\u0119 stosowanie odpowiednich uchwyt\u00f3w monta\u017cowych w celu zapewnienia stabilizacji. Nale\u017cy przestrzega\u0107 zalecanych wytycznych dotycz\u0105cych kontroli, napraw i wymiany, aby zapewni\u0107 d\u0142ugowieczno\u015b\u0107 i wydajno\u015b\u0107 si\u0142ownika wysi\u0119gnika.<\/p>\n<p><img decoding=\"async\" src=\"https:\/\/www.hydraulic-cylinders.net\/wp-content\/uploads\/2025\/04\/songte-chushion-collar.webp\" alt=\"Ko\u0142nierz poduszkowy\"><\/p>\n<h2>Zagadnienia bezpiecze\u0144stwa i czynniki \u015brodowiskowe<\/h2>\n<p>Podczas u\u017cytkowania si\u0142ownik\u00f3w wysi\u0119gnika, przestrzeganie zasad bezpiecze\u0144stwa jest priorytetem. Operatorzy powinni by\u0107 przeszkoleni w zakresie dzia\u0142ania uk\u0142adu hydraulicznego, w tym zwi\u0105zanych z nim zagro\u017ce\u0144. Upewnij si\u0119, \u017ce os\u0142ony bezpiecze\u0144stwa s\u0105 na miejscu i wszyscy operatorzy znaj\u0105 procedury awaryjne. Dodatkowo, nale\u017cy wzi\u0105\u0107 pod uwag\u0119 aspekty \u015brodowiskowe, takie jak w\u0142a\u015bciwa utylizacja p\u0142yn\u00f3w hydraulicznych i nieu\u017cywanych podzespo\u0142\u00f3w, aby zminimalizowa\u0107 wp\u0142yw na \u015brodowisko.<\/p>\n<h2>Diagnostyka usterek i typowe problemy<\/h2>\n<ul>\n<li><strong>Wyciek p\u0142ynu:<\/strong> Jednym z cz\u0119stych problem\u00f3w jest wyciek p\u0142ynu, cz\u0119sto spowodowany zu\u017cytymi uszczelkami. Regularnie sprawdzaj uszczelki i wymieniaj je, aby zapobiec eskalacji wyciek\u00f3w i powa\u017cniejszych problem\u00f3w.<\/li>\n<li><strong>Obni\u017cona wydajno\u015b\u0107:<\/strong> Je\u015bli si\u0142ownik wysi\u0119gnika wykazuje zmniejszon\u0105 wydajno\u015b\u0107, mo\u017ce to wskazywa\u0107 na niski poziom p\u0142ynu hydraulicznego lub zatory w uk\u0142adzie. Regularnie sprawdzaj poziom p\u0142ynu i czy\u015b\u0107 filtry hydrauliczne, aby utrzyma\u0107 wydajno\u015b\u0107.<\/li>\n<li><strong>Dziwne d\u017awi\u0119ki:<\/strong> Nietypowe d\u017awi\u0119ki podczas pracy mog\u0105 sygnalizowa\u0107 problemy, takie jak obecno\u015b\u0107 powietrza w uk\u0142adzie hydraulicznym lub uszkodzenie podzespo\u0142\u00f3w. Nale\u017cy zbada\u0107 \u017ar\u00f3d\u0142o ha\u0142asu i niezw\u0142ocznie rozwi\u0105za\u0107 wszelkie problemy.<\/li>\n<\/ul>\n<h2>Wskaz\u00f3wki dotycz\u0105ce rozwi\u0105zywania problem\u00f3w<\/h2>\n<p>Aby skutecznie diagnozowa\u0107 i rozwi\u0105zywa\u0107 problemy z si\u0142ownikiem wysi\u0119gnika, kluczowe jest ustalenie rutynowych kontroli konserwacyjnych. Regularne przegl\u0105dy pozwalaj\u0105 na wczesne wykrycie zu\u017cycia, umo\u017cliwiaj\u0105c terminow\u0105 napraw\u0119 lub wymian\u0119. W przypadku wycieku p\u0142ynu nale\u017cy sprawdzi\u0107, czy uszczelki nie s\u0105 uszkodzone i w razie potrzeby je wymieni\u0107. W przypadku problem\u00f3w z wydajno\u015bci\u0105 nale\u017cy upewni\u0107 si\u0119, \u017ce uk\u0142ad hydrauliczny jest dro\u017cny, a poziom p\u0142ynu jest odpowiedni. Wdra\u017caj \u015brodki zapobiegawcze, takie jak rutynowa konserwacja i odpowiednie smarowanie, aby zminimalizowa\u0107 ryzyko wyst\u0105pienia problem\u00f3w podczas eksploatacji.<\/p>\n<p><img decoding=\"async\" src=\"https:\/\/www.hydraulic-cylinders.net\/wp-content\/uploads\/2025\/04\/songte-bushings-with-all-kinds-of-excavator-models.webp\" alt=\"Tuleje z modelami koparek\"><\/p>\n<h2>O naszej firmie<\/h2>\n<p>Jeste\u015bmy wiod\u0105cym producentem zamiennych si\u0142ownik\u00f3w hydraulicznych, specjalizuj\u0105cym si\u0119 w dostarczaniu szerokiej gamy wysokiej jako\u015bci produkt\u00f3w na rynek krajowy i mi\u0119dzynarodowy. Nasze zaanga\u017cowanie w d\u0105\u017cenie do doskona\u0142o\u015bci jako\u015bci jest poparte zaawansowan\u0105 strategi\u0105 zarz\u0105dzania produkcj\u0105 w naszym nowoczesnym zak\u0142adzie produkcyjnym. Stale podnosimy nasze mo\u017cliwo\u015bci produkcyjne, wykorzystuj\u0105c zaawansowany sprz\u0119t produkcyjny, wykwalifikowany personel techniczny oraz profesjonalne systemy testowe. Koncentrujemy si\u0119 na wydajno\u015bci, precyzji i wysokiej jako\u015bci, co pozwala nam skutecznie sprosta\u0107 zr\u00f3\u017cnicowanym potrzebom klient\u00f3w.<\/p>\n<p><img decoding=\"async\" src=\"https:\/\/www.hydraulic-cylinders.net\/wp-content\/uploads\/2025\/04\/songte-company-4.webp\" alt=\"Przegl\u0105d firmy\"><br \/>\n<img decoding=\"async\" src=\"https:\/\/www.hydraulic-cylinders.net\/wp-content\/uploads\/2025\/04\/songte-company-3.webp\" alt=\"Zak\u0142ad produkcyjny\"><\/p>\n<p>Nasz profesjonalizm jest potwierdzony mi\u0119dzynarodowymi standardami, co gwarantuje, \u017ce nasze produkty spe\u0142niaj\u0105 rygorystyczne standardy jako\u015bci. Oferujemy r\u00f3wnie\u017c us\u0142ugi dostosowane do indywidualnych potrzeb klienta. Dzi\u0119ki najnowocze\u015bniejszemu zak\u0142adowi produkcyjnemu i silnemu zaanga\u017cowaniu w obs\u0142ug\u0119 klienta, zapewniamy naszym klientom najlepsze produkty i wsparcie.<\/p>\n<p>Autor: lyl<\/p>","protected":false},"excerpt":{"rendered":"<p>Boom Cylinder For Komatsu Small Excavator PC55 55UU Understanding the Boom Cylinder Definition and Overview The boom cylinder is a critical hydraulic component specifically designed for controlling the movement of buckets in various heavy machinery, such as excavators, backhoe loaders, and front-end loaders. This hydraulic cylinder allows the bucket to be raised, lowered, and tilted, [&hellip;]<\/p>","protected":false},"featured_media":17878,"comment_status":"open","ping_status":"closed","template":"","meta":{"_et_pb_use_builder":"","_et_pb_old_content":"","_et_gb_content_width":""},"product_brand":[],"product_cat":[1546],"product_tag":[1547,1496],"class_list":{"0":"post-18846","1":"product","2":"type-product","3":"status-publish","4":"has-post-thumbnail","6":"product_cat-boom-cylinders","7":"product_tag-boom-cylinders","8":"product_tag-hydraulic-cylinders","10":"first","11":"instock","12":"shipping-taxable","13":"product-type-simple"},"amp_enabled":true,"_links":{"self":[{"href":"https:\/\/www.hydraulic-cylinders.net\/pl\/wp-json\/wp\/v2\/product\/18846","targetHints":{"allow":["GET"]}}],"collection":[{"href":"https:\/\/www.hydraulic-cylinders.net\/pl\/wp-json\/wp\/v2\/product"}],"about":[{"href":"https:\/\/www.hydraulic-cylinders.net\/pl\/wp-json\/wp\/v2\/types\/product"}],"replies":[{"embeddable":true,"href":"https:\/\/www.hydraulic-cylinders.net\/pl\/wp-json\/wp\/v2\/comments?post=18846"}],"wp:featuredmedia":[{"embeddable":true,"href":"https:\/\/www.hydraulic-cylinders.net\/pl\/wp-json\/wp\/v2\/media\/17878"}],"wp:attachment":[{"href":"https:\/\/www.hydraulic-cylinders.net\/pl\/wp-json\/wp\/v2\/media?parent=18846"}],"wp:term":[{"taxonomy":"product_brand","embeddable":true,"href":"https:\/\/www.hydraulic-cylinders.net\/pl\/wp-json\/wp\/v2\/product_brand?post=18846"},{"taxonomy":"product_cat","embeddable":true,"href":"https:\/\/www.hydraulic-cylinders.net\/pl\/wp-json\/wp\/v2\/product_cat?post=18846"},{"taxonomy":"product_tag","embeddable":true,"href":"https:\/\/www.hydraulic-cylinders.net\/pl\/wp-json\/wp\/v2\/product_tag?post=18846"}],"curies":[{"name":"wp","href":"https:\/\/api.w.org\/{rel}","templated":true}]}}