{"id":1886,"date":"2023-10-18T08:32:35","date_gmt":"2023-10-18T08:32:35","guid":{"rendered":"https:\/\/hydraulic-cylinders.net\/?post_type=product&#038;p=1886"},"modified":"2025-04-11T03:43:28","modified_gmt":"2025-04-11T03:43:28","slug":"shield-machine-anti-torque-cylinder","status":"publish","type":"product","link":"https:\/\/www.hydraulic-cylinders.net\/pl\/produkt\/shield-machine-anti-torque-cylinder\/","title":{"rendered":"Cylinder przeciwmomentowy Shield Machine"},"content":{"rendered":"<h1 style=\"text-align: center;\"><strong>Cylinder przeciwmomentowy Shield Machine<\/strong><\/h1>\n<p><img loading=\"lazy\" decoding=\"async\" class=\"aligncenter wp-image-1888\" src=\"https:\/\/hydraulic-cylinders.net\/wp-content\/uploads\/2023\/10\/anti-torque-cylinder-1-300x300.webp\" alt=\"\" width=\"400\" height=\"400\" \/><\/p>\n<p>Si\u0142ownik kompensacyjny momentu obrotowego maszyny os\u0142onowej to najnowocze\u015bniejszy element hydrauliczny zaprojektowany w celu zapewnienia lepszej stabilno\u015bci i kontroli podczas prac tunelowych. Ten specjalistyczny si\u0142ownik odgrywa kluczow\u0105 rol\u0119 w redukcji si\u0142 momentu obrotowego generowanych podczas dr\u0105\u017cenia, zapewniaj\u0105c optymaln\u0105 wydajno\u015b\u0107 i bezpiecze\u0144stwo. W tym obszernym artykule om\u00f3wimy kluczowe cechy, metody u\u017cytkowania i wytyczne dotycz\u0105ce konserwacji si\u0142ownika kompensacyjnego momentu obrotowego maszyny os\u0142onowej.<\/p>\n<p>Si\u0142ownik kompensacyjny momentu obrotowego maszyny os\u0142onowej to najnowocze\u015bniejszy element hydrauliczny, kt\u00f3ry zwi\u0119ksza stabilno\u015b\u0107 i kontrol\u0119 podczas dr\u0105\u017cenia tuneli. Dzi\u0119ki mo\u017cliwo\u015bci redukcji momentu obrotowego, precyzyjnej kontroli, solidnej konstrukcji i kompaktowej budowie, si\u0142ownik ten zapewnia bezpieczniejsze i bardziej wydajne procesy dr\u0105\u017cenia. Przestrzegaj\u0105c zalecanych metod u\u017cytkowania i regularnej konserwacji, si\u0142ownik kompensacyjny momentu obrotowego maszyny os\u0142onowej b\u0119dzie nadal zapewnia\u0142 doskona\u0142\u0105 wydajno\u015b\u0107, zapewniaj\u0105c stabilno\u015b\u0107, kontrol\u0119 i spok\u00f3j ducha podczas dr\u0105\u017cenia tuneli. Zwi\u0119ksz poziom swoich projekt\u00f3w dr\u0105\u017cenia tuneli dzi\u0119ki stabilno\u015bci i kontroli oferowanej przez si\u0142ownik kompensacyjny momentu obrotowego maszyny os\u0142onowej.<\/p>\n<p>Klucz cylindra przegubowego Shield Machine o nast\u0119puj\u0105cych cechach:<\/p>\n<ul>\n<li>Ograniczanie momentu obrotowego: Si\u0142ownik przeciwdzia\u0142aj\u0105cy momentowi obrotowemu maszyny os\u0142onowej skutecznie przeciwdzia\u0142a si\u0142om momentu obrotowego generowanym przez obracaj\u0105c\u0105 si\u0119 g\u0142owic\u0119 urabiaj\u0105c\u0105 podczas dr\u0105\u017cenia tunelu. Zastosowanie si\u0142y przeciwstawnej pomaga utrzyma\u0107 stabilno\u015b\u0107 i zapobiega nadmiernym ruchom maszyny, zmniejszaj\u0105c ryzyko wypadk\u00f3w i zwi\u0119kszaj\u0105c og\u00f3lne bezpiecze\u0144stwo operacyjne.<\/li>\n<li>Precyzyjna kontrola: Wyposa\u017cony w zaawansowane hydrauliczne systemy sterowania, si\u0142ownik ten pozwala operatorom na precyzyjn\u0105 kontrol\u0119 si\u0142y przeciwdzia\u0142aj\u0105cej momentowi obrotowemu. Taki poziom kontroli umo\u017cliwia precyzyjn\u0105 regulacj\u0119 podczas prac tunelowych, zapewniaj\u0105c dok\u0142adne ustawienie i minimalizuj\u0105c odchylenia.<\/li>\n<li>Solidna konstrukcja: Si\u0142ownik przeciwobrotowy maszyny tarczowej zosta\u0142 wykonany z materia\u0142\u00f3w o wysokiej wytrzyma\u0142o\u015bci, aby sprosta\u0107 trudnym warunkom panuj\u0105cym podczas dr\u0105\u017cenia tuneli. Jego solidna konstrukcja gwarantuje trwa\u0142o\u015b\u0107, d\u0142ugowieczno\u015b\u0107 i sta\u0142\u0105 wydajno\u015b\u0107, nawet w trudnych warunkach.<\/li>\n<li>Kompaktowa konstrukcja: Dzi\u0119ki kompaktowej i oszcz\u0119dzaj\u0105cej miejsce konstrukcji, ten cylinder idealnie integruje si\u0119 z maszyn\u0105 os\u0142onow\u0105, minimalizuj\u0105c dodatkow\u0105 mas\u0119 i zachowuj\u0105c og\u00f3ln\u0105 r\u00f3wnowag\u0119 i zwrotno\u015b\u0107 sprz\u0119tu.<\/li>\n<\/ul>\n<h2><strong>Parametry cylindra przegubowego maszyny Shield Machine:<\/strong><\/h2>\n<table border=\"1\" cellspacing=\"0\" cellpadding=\"0\">\n<tbody>\n<tr>\n<td>Nazwa produktu<\/td>\n<td>Cylinder przeciwmomentowy Shield Machine<\/td>\n<\/tr>\n<tr>\n<td>Cechy:<\/td>\n<td>Przenosi moment obrotowy podczas obrotu g\u0142owicy tn\u0105cej<\/td>\n<\/tr>\n<tr>\n<td>\u015arednica otworu:<\/td>\n<td>330 mm\uff5e570 mm<\/td>\n<\/tr>\n<tr>\n<td>\u015arednica pr\u0119ta:<\/td>\n<td>260 mm\uff5e530 mm<br \/>\nSkok 120 mm \uff5e 160 mm<\/td>\n<\/tr>\n<tr>\n<td>Ci\u015bnienie:<\/td>\n<td>Og\u00f3lnie do 35Mpa<br \/>\nMaksymalnie do 42 MPa<\/td>\n<\/tr>\n<tr>\n<td>Zastosowania:<\/td>\n<td>Maszyna tarczowa, maszyny do dr\u0105\u017cenia tuneli<\/td>\n<\/tr>\n<\/tbody>\n<\/table>\n<h2><strong>Zastosowanie cylindra oporowego maszyny os\u0142onowej:<\/strong><\/h2>\n<p><img loading=\"lazy\" decoding=\"async\" class=\"alignnone wp-image-1875 size-full\" src=\"https:\/\/hydraulic-cylinders.net\/wp-content\/uploads\/2023\/10\/harsh-corrosive-cylinder-1.webp\" alt=\"\" width=\"1418\" height=\"946\" srcset=\"https:\/\/hydraulic-cylinders.net\/wp-content\/uploads\/2023\/10\/harsh-corrosive-cylinder-1.webp 1418w, https:\/\/hydraulic-cylinders.net\/wp-content\/uploads\/2023\/10\/harsh-corrosive-cylinder-1-1280x854.webp 1280w, https:\/\/hydraulic-cylinders.net\/wp-content\/uploads\/2023\/10\/harsh-corrosive-cylinder-1-980x654.webp 980w, https:\/\/hydraulic-cylinders.net\/wp-content\/uploads\/2023\/10\/harsh-corrosive-cylinder-1-480x320.webp 480w\" sizes=\"(min-width: 0px) and (max-width: 480px) 480px, (min-width: 481px) and (max-width: 980px) 980px, (min-width: 981px) and (max-width: 1280px) 1280px, (min-width: 1281px) 1418px, 100vw\" \/><\/p>\n<h2><strong>Metoda u\u017cycia cylindra przegubowego maszyny tarczowej<\/strong><strong>:<\/strong><\/h2>\n<ol>\n<li><strong>Monta\u017c cylindra:<\/strong>\u00a0 Zamontuj si\u0142ownik przeciwobrotowy maszyny os\u0142onowej zgodnie z instrukcjami producenta. Zapewnij prawid\u0142owe ustawienie i bezpieczne zamocowanie do konstrukcji maszyny os\u0142onowej za pomoc\u0105 odpowiednich wspornik\u00f3w monta\u017cowych lub akcesori\u00f3w.<\/li>\n<li><strong>Integracja uk\u0142adu hydraulicznego:<\/strong> Pod\u0142\u0105cz cylinder do uk\u0142adu hydraulicznego maszyny os\u0142onowej za pomoc\u0105 kompatybilnych w\u0119\u017cy i \u200b\u200bz\u0142\u0105czek. Sprawd\u017a, czy wszystkie po\u0142\u0105czenia s\u0105 solidne, szczelne i odpowiednio dokr\u0119cone, aby zapewni\u0107 optymaln\u0105 wydajno\u015b\u0107 hydrauliczn\u0105.<\/li>\n<li><strong>Elementy steruj\u0105ce:<\/strong> Zapoznaj si\u0119 z elementami sterowania i mechanizmami charakterystycznymi dla cylindra przeciwdzia\u0142aj\u0105cego momentowi obrotowemu Shield Machine. Dowiedz si\u0119, jak regulowa\u0107 si\u0142\u0119 przeciwdzia\u0142aj\u0105c\u0105 momentowi obrotowemu i prze\u0107wicz zasady, aby uzyska\u0107 precyzyjn\u0105 i responsywn\u0105 prac\u0119.<\/li>\n<li><strong>Rozwa\u017cania operacyjne:<\/strong> Podczas dr\u0105\u017cenia tuneli nale\u017cy monitorowa\u0107 moment obrotowy g\u0142owicy wiertniczej i regulowa\u0107 si\u0142\u0119 przeciwdzia\u0142aj\u0105c\u0105 momentowi obrotowemu cylindra. Nale\u017cy stale ocenia\u0107 warunki wykopu i dostosowywa\u0107 ustawienia si\u0142y przeciwdzia\u0142aj\u0105cej momentowi obrotowemu, aby zachowa\u0107 stabilno\u015b\u0107 i kontrol\u0119.<\/li>\n<\/ol>\n<h2><strong>Jak odpowietrzy\u0107 dwukierunkowy si\u0142ownik hydrauliczny?<\/strong><\/h2>\n<p>Odpowietrzanie dwukierunkowego si\u0142ownika hydraulicznego to proces polegaj\u0105cy na usuni\u0119ciu powietrza z uk\u0142adu w celu zapewnienia prawid\u0142owego dzia\u0142ania i zapobiegania problemom, takim jak g\u0105bczasto\u015b\u0107 czy obni\u017cona wydajno\u015b\u0107. Dwukierunkowy si\u0142ownik hydrauliczny to si\u0142ownik dwustronnego dzia\u0142ania, kt\u00f3ry wykorzystuje ci\u015bnienie hydrauliczne do wysuwania i cofania t\u0142oka. Oto instrukcja krok po kroku, jak odpowietrzy\u0107 dwukierunkowy si\u0142ownik hydrauliczny:<\/p>\n<ol>\n<li><strong>Przygotowanie:<\/strong>\n<ul>\n<li>Upewnij si\u0119, \u017ce uk\u0142ad hydrauliczny jest wy\u0142\u0105czony i ci\u015bnienie zosta\u0142o uwolnione.<\/li>\n<li>Aby zabezpieczy\u0107 si\u0119 przed p\u0142ynem hydraulicznym, nale\u017cy nosi\u0107 \u015brodki ochrony osobistej, w tym r\u0119kawice i okulary ochronne.<\/li>\n<\/ul>\n<\/li>\n<li><strong>Zidentyfikuj zaw\u00f3r odpowietrzaj\u0105cy:<\/strong>\n<ul>\n<li>Znajd\u017a zaw\u00f3r odpowietrzaj\u0105cy na si\u0142owniku hydraulicznym. Zazwyczaj jest to ma\u0142a z\u0142\u0105czka z zatyczk\u0105 przeciwpy\u0142ow\u0105. Zaw\u00f3r odpowietrzaj\u0105cy umo\u017cliwia uj\u015bcie powietrza uwi\u0119zionego w si\u0142owniku.<\/li>\n<\/ul>\n<\/li>\n<li><strong>Wyd\u0142u\u017cenie cylindra:<\/strong>\n<ul>\n<li>Aktywuj pomp\u0119 hydrauliczn\u0105 lub zaw\u00f3r, steruj\u0105c cylindrem, aby ca\u0142kowicie wysun\u0105\u0107 t\u0142ok. Ten ruch pomaga p\u0119cherzykom powietrza unie\u015b\u0107 si\u0119 do g\u00f3ry cylindra.<\/li>\n<\/ul>\n<\/li>\n<li><strong>Zdejmij os\u0142on\u0119 przeciwpy\u0142ow\u0105:<\/strong>\n<ul>\n<li>Zdejmij os\u0142on\u0119 przeciwpy\u0142ow\u0105 z zaworu odpowietrzaj\u0105cego. Od\u0142\u00f3\u017c j\u0105 w bezpieczne miejsce.<\/li>\n<\/ul>\n<\/li>\n<li><strong>Otw\u00f3rz zaw\u00f3r odpowietrzaj\u0105cy:<\/strong>\n<ul>\n<li>U\u017cywaj\u0105c odpowiedniego klucza lub narz\u0119dzia, obr\u00f3\u0107 zaw\u00f3r odpowietrzaj\u0105cy w kierunku przeciwnym do ruchu wskaz\u00f3wek zegara, aby go otworzy\u0107. Umo\u017cliwi to uj\u015bcie powietrza i ewentualnego uwi\u0119zionego p\u0142ynu z cylindra.<\/li>\n<\/ul>\n<\/li>\n<li><strong>Cofnij cylinder:<\/strong>\n<ul>\n<li>Zwolnij ci\u015bnienie hydrauliczne i pozw\u00f3l cylindrowi ca\u0142kowicie si\u0119 wycofa\u0107. Mo\u017ce to wymaga\u0107 aktywacji zaworu steruj\u0105cego lub zwolnienia si\u0142y zewn\u0119trznej, kt\u00f3ra utrzymywa\u0142a wysuni\u0119ty cylinder.<\/li>\n<\/ul>\n<\/li>\n<li><strong>Obserwuj przep\u0142yw p\u0142ynu:<\/strong>\n<ul>\n<li>Obserwuj przep\u0142yw p\u0142ynu z zaworu odpowietrzaj\u0105cego. Pocz\u0105tkowo mo\u017cesz zauwa\u017cy\u0107 p\u0119cherzyki powietrza wydobywaj\u0105ce si\u0119 wraz z p\u0142ynem. Pozw\u00f3l p\u0142ynowi przep\u0142ywa\u0107, a\u017c nie b\u0119dzie ju\u017c p\u0119cherzyk\u00f3w, co oznacza, \u017ce \u200b\u200bpowietrze zosta\u0142o usuni\u0119te z cylindra.<\/li>\n<\/ul>\n<\/li>\n<li><strong>Zamknij zaw\u00f3r odpowietrzaj\u0105cy:<\/strong>\n<ul>\n<li>Po usuni\u0119ciu wszystkich p\u0119cherzyk\u00f3w powietrza zamknij zaw\u00f3r odpowietrzaj\u0105cy, obracaj\u0105c go zgodnie z ruchem wskaz\u00f3wek zegara. Upewnij si\u0119, \u017ce jest szczelnie zamkni\u0119ty, aby zapobiec wyciekowi p\u0142ynu.<\/li>\n<\/ul>\n<\/li>\n<li><strong>Wysuwanie i wsuwanie cylindra:<\/strong>\n<ul>\n<li>Powt\u00f3rz kroki od 3 do 8, wysuwaj\u0105c i ponownie wsuwaj\u0105c cylinder, aby upewni\u0107 si\u0119, \u017ce z uk\u0142adu zosta\u0142o usuni\u0119te wszelkie pozosta\u0142e powietrze. Ten krok pomo\u017ce dok\u0142adnie odpowietrzy\u0107 cylinder hydrauliczny.<\/li>\n<\/ul>\n<\/li>\n<li><strong>Sprawd\u017a poziom p\u0142ynu:<\/strong>\n<ul>\n<li>Po odpowietrzeniu cylindra sprawd\u017a poziom p\u0142ynu hydraulicznego w zbiorniku uk\u0142adu. W razie potrzeby dolej p\u0142ynu, aby utrzyma\u0107 zalecany poziom.<\/li>\n<\/ul>\n<\/li>\n<\/ol>\n<h2><strong>Mo\u017cliwo\u015bci i pojemno\u015b\u0107 fabryki:<\/strong><\/h2>\n<h3>(1) Monta\u017c<\/h3>\n<p>Dysponujemy najwy\u017cszej klasy niezale\u017cn\u0105 platform\u0105 badawczo-rozwojow\u0105. Warsztat produkcji si\u0142ownik\u00f3w hydraulicznych posiada cztery p\u00f3\u0142automatyczne linie monta\u017cowe si\u0142ownik\u00f3w podnosz\u0105cych i jedn\u0105 automatyczn\u0105 lini\u0119 monta\u017cow\u0105 si\u0142ownik\u00f3w przechy\u0142u, o projektowanej rocznej zdolno\u015bci produkcyjnej 1 miliona sztuk. Specjalny warsztat cylindr\u00f3w jest wyposa\u017cony w r\u00f3\u017cne specyfikacje p\u00f3\u0142automatycznego systemu monta\u017cu czyszcz\u0105cego o projektowanej rocznej zdolno\u015bci produkcyjnej 200 000 i wyposa\u017cony w s\u0142ynny sprz\u0119t do obr\u00f3bki CNC, centrum obr\u00f3bcze, specjalny sprz\u0119t do precyzyjnej obr\u00f3bki cylindr\u00f3w, robot spawalniczy, automatyczna maszyna czyszcz\u0105ca, automatyczna maszyna do monta\u017cu cylindr\u00f3w i automatyczna linia produkcyjna do malowania. Istniej\u0105cy krytyczny sprz\u0119t sk\u0142ada si\u0119 z ponad 300 zestaw\u00f3w. Optymalna alokacja i efektywne wykorzystanie zasob\u00f3w sprz\u0119towych zapewniaj\u0105 wymagania dotycz\u0105ce dok\u0142adno\u015bci produkt\u00f3w i spe\u0142niaj\u0105 potrzeby wysokiej jako\u015bci produkt\u00f3w.<\/p>\n<p><img loading=\"lazy\" decoding=\"async\" class=\"alignnone wp-image-626\" src=\"https:\/\/hydraulic-cylinders.net\/wp-content\/uploads\/2023\/08\/hydraulic-cylinder-product-1-300x158.webp\" alt=\"\" width=\"495\" height=\"260\" srcset=\"https:\/\/hydraulic-cylinders.net\/wp-content\/uploads\/2023\/08\/hydraulic-cylinder-product-1-300x158.webp 495w, https:\/\/hydraulic-cylinders.net\/wp-content\/uploads\/2023\/08\/hydraulic-cylinder-product-1-480x252.webp 480w\" sizes=\"(min-width: 0px) and (max-width: 480px) 480px, (min-width: 481px) 495px, 100vw\" \/> <img loading=\"lazy\" decoding=\"async\" class=\"alignnone wp-image-627\" src=\"https:\/\/hydraulic-cylinders.net\/wp-content\/uploads\/2023\/08\/hydraulic-cylinder-product-2-300x189.webp\" alt=\"\" width=\"413\" height=\"260\" \/><\/p>\n<h3>(2) Obr\u00f3bka<\/h3>\n<p>Warsztat obr\u00f3bki skrawaniem jest wyposa\u017cony w niestandardowe centrum tokarskie z pochylon\u0105 szyn\u0105, centrum obr\u00f3bcze, szybkobie\u017cn\u0105 honownic\u0119, robota spawalniczego i inny powi\u0105zany sprz\u0119t, kt\u00f3ry mo\u017ce obs\u0142ugiwa\u0107 przetwarzanie rur cylindrycznych o maksymalnej \u015brednicy wewn\u0119trznej 400 mm i maksymalnej d\u0142ugo\u015bci 6 metr\u00f3w.<\/p>\n<p><img loading=\"lazy\" decoding=\"async\" class=\"alignnone wp-image-628 size-large\" src=\"https:\/\/hydraulic-cylinders.net\/wp-content\/uploads\/2023\/08\/hydraulic-cylinder-product-3-1024x391.webp\" alt=\"\" width=\"1024\" height=\"391\" srcset=\"https:\/\/hydraulic-cylinders.net\/wp-content\/uploads\/2023\/08\/hydraulic-cylinder-product-3-980x374.webp 980w, https:\/\/hydraulic-cylinders.net\/wp-content\/uploads\/2023\/08\/hydraulic-cylinder-product-3-480x183.webp 480w\" sizes=\"(min-width: 0px) and (max-width: 480px) 480px, (min-width: 481px) and (max-width: 980px) 980px, (min-width: 981px) 1024px, 100vw\" \/><\/p>\n<h3>(3) Spawanie<\/h3>\n<p><img loading=\"lazy\" decoding=\"async\" class=\"alignnone wp-image-629 size-large\" src=\"https:\/\/hydraulic-cylinders.net\/wp-content\/uploads\/2023\/08\/hydraulic-cylinder-product-4-1024x510.webp\" alt=\"\" width=\"1024\" height=\"510\" srcset=\"https:\/\/hydraulic-cylinders.net\/wp-content\/uploads\/2023\/08\/hydraulic-cylinder-product-4-980x488.webp 980w, https:\/\/hydraulic-cylinders.net\/wp-content\/uploads\/2023\/08\/hydraulic-cylinder-product-4-480x239.webp 480w\" sizes=\"(min-width: 0px) and (max-width: 480px) 480px, (min-width: 481px) and (max-width: 980px) 980px, (min-width: 981px) 1024px, 100vw\" \/><\/p>\n<h3>(4) Malowanie i powlekanie<\/h3>\n<p>Z ma\u0142ymi i \u015brednimi automatycznymi liniami do powlekania farbami na bazie wody, w celu osi\u0105gni\u0119cia automatycznego za\u0142adunku i roz\u0142adunku robota oraz automatycznego natryskiwania, wydajno\u015b\u0107 projektowa 4000 sztuk na zmian\u0119;<br \/>\nPosiadamy r\u00f3wnie\u017c p\u00f3\u0142automatyczn\u0105 lini\u0119 do produkcji farb do du\u017cych cylindr\u00f3w nap\u0119dzan\u0105 \u0142a\u0144cuchem nap\u0119dowym, o wydajno\u015bci 60 skrzy\u0144 na zmian\u0119.<\/p>\n<p><img loading=\"lazy\" decoding=\"async\" class=\"alignnone wp-image-630\" src=\"https:\/\/hydraulic-cylinders.net\/wp-content\/uploads\/2023\/08\/hydraulic-cylinder-product-5-300x213.webp\" alt=\"\" width=\"366\" height=\"260\" \/> <img loading=\"lazy\" decoding=\"async\" class=\"alignnone wp-image-631\" src=\"https:\/\/hydraulic-cylinders.net\/wp-content\/uploads\/2023\/08\/hydraulic-cylinder-product-6-300x225.webp\" alt=\"\" width=\"347\" height=\"260\" \/><\/p>\n<h3>(5) Testowanie<\/h3>\n<p>Dysponujemy najwy\u017cszej klasy urz\u0105dzeniami kontrolnymi i stanowiskami testowymi, aby zapewni\u0107, \u017ce wydajno\u015b\u0107 cylindra spe\u0142nia wymagania.<\/p>\n<p><img loading=\"lazy\" decoding=\"async\" class=\"alignnone wp-image-632\" src=\"https:\/\/hydraulic-cylinders.net\/wp-content\/uploads\/2023\/08\/hydraulic-cylinder-product-8-300x200.webp\" alt=\"\" width=\"389\" height=\"260\" \/><\/p>\n<p>&nbsp;<\/p>\n<p>&nbsp;<\/p>\n<p>Jeste\u015bmy jednym z najlepszych producent\u00f3w cylindr\u00f3w hydraulicznych. Oferujemy kompleksow\u0105 ofert\u0119 cylindr\u00f3w hydraulicznych. Dostarczamy r\u00f3wnie\u017c\u2026 <a href=\"https:\/\/hzpt.com\/agricultural-pto-gearbox\/\" target=\"_blank\" rel=\"noopener\">przek\u0142adnie rolnicze<\/a>. Eksportowali\u015bmy nasze produkty do klient\u00f3w na ca\u0142ym \u015bwiecie i zdobyli\u015bmy dobr\u0105 reputacj\u0119 dzi\u0119ki najwy\u017cszej jako\u015bci produkt\u00f3w i us\u0142ug posprzeda\u017cnych. Zapraszamy klient\u00f3w w kraju i za granic\u0105 do kontaktu z nami w celu negocjacji biznesowych, wymiany informacji i <a href=\"https:\/\/www.hydraulic-cylinders.net\/pl\/contact-us\/\">wsp\u00f3\u0142pracowa\u0107 z nami<\/a>!<\/p>\n<p>&nbsp;<\/p>","protected":false},"excerpt":{"rendered":"<p>Shield Machine Anti-torque Cylinder The shield machine anti-torque cylinder is a cutting-edge hydraulic component designed to provide enhanced stability and control in tunneling operations. This specialized cylinder plays a vital role in mitigating torque forces generated during the excavation process, ensuring optimal performance and safety. In this comprehensive article, we will delve into the key [&hellip;]<\/p>","protected":false},"featured_media":1889,"comment_status":"open","ping_status":"closed","template":"","meta":{"_et_pb_use_builder":"","_et_pb_old_content":"","_et_gb_content_width":""},"product_brand":[],"product_cat":[1550,1519],"product_tag":[1380],"class_list":{"0":"post-1886","1":"product","2":"type-product","3":"status-publish","4":"has-post-thumbnail","6":"product_cat-double-acting-hydraulic-cylinder","7":"product_cat-shield-machine-hydraulic-cylinders","8":"product_tag-hydraulic-cylinder","10":"first","11":"instock","12":"shipping-taxable","13":"product-type-simple"},"amp_enabled":true,"_links":{"self":[{"href":"https:\/\/www.hydraulic-cylinders.net\/pl\/wp-json\/wp\/v2\/product\/1886","targetHints":{"allow":["GET"]}}],"collection":[{"href":"https:\/\/www.hydraulic-cylinders.net\/pl\/wp-json\/wp\/v2\/product"}],"about":[{"href":"https:\/\/www.hydraulic-cylinders.net\/pl\/wp-json\/wp\/v2\/types\/product"}],"replies":[{"embeddable":true,"href":"https:\/\/www.hydraulic-cylinders.net\/pl\/wp-json\/wp\/v2\/comments?post=1886"}],"wp:featuredmedia":[{"embeddable":true,"href":"https:\/\/www.hydraulic-cylinders.net\/pl\/wp-json\/wp\/v2\/media\/1889"}],"wp:attachment":[{"href":"https:\/\/www.hydraulic-cylinders.net\/pl\/wp-json\/wp\/v2\/media?parent=1886"}],"wp:term":[{"taxonomy":"product_brand","embeddable":true,"href":"https:\/\/www.hydraulic-cylinders.net\/pl\/wp-json\/wp\/v2\/product_brand?post=1886"},{"taxonomy":"product_cat","embeddable":true,"href":"https:\/\/www.hydraulic-cylinders.net\/pl\/wp-json\/wp\/v2\/product_cat?post=1886"},{"taxonomy":"product_tag","embeddable":true,"href":"https:\/\/www.hydraulic-cylinders.net\/pl\/wp-json\/wp\/v2\/product_tag?post=1886"}],"curies":[{"name":"wp","href":"https:\/\/api.w.org\/{rel}","templated":true}]}}