{"id":18884,"date":"2025-04-07T06:00:21","date_gmt":"2025-04-07T06:00:21","guid":{"rendered":"https:\/\/www.hydraulic-cylinders.net\/product\/boom-cylinder-for-sumitomo-small-excavator-sh60\/"},"modified":"2025-04-07T06:00:24","modified_gmt":"2025-04-07T06:00:24","slug":"boom-cylinder-for-sumitomo-small-excavator-sh60","status":"publish","type":"product","link":"https:\/\/www.hydraulic-cylinders.net\/pl\/produkt\/boom-cylinder-for-sumitomo-small-excavator-sh60\/","title":{"rendered":"Si\u0142ownik wysi\u0119gnika do ma\u0142ej koparki Sumitomo SH60"},"content":{"rendered":"<h1>Si\u0142ownik wysi\u0119gnika do ma\u0142ej koparki Sumitomo SH60<\/h1>\n<h2>Zrozumienie cylindra wysi\u0119gnika<\/h2>\n<p>Ten <strong>Si\u0142ownik wysi\u0119gnika<\/strong> S\u0142u\u017cy jako niezb\u0119dny element hydrauliczny w r\u00f3\u017cnych maszynach ci\u0119\u017ckich, szczeg\u00f3lnie w koparkach takich jak Sumitomo SH60. Zaprojektowany do sterowania ruchem wysi\u0119gnika, ten si\u0142ownik hydrauliczny ma kluczowe znaczenie dla podnoszenia, opuszczania i pochylania wysi\u0119gnika, u\u0142atwiaj\u0105c efektywne przenoszenie materia\u0142\u00f3w. Si\u0142ownik wysi\u0119gnika dzia\u0142a w uk\u0142adzie hydraulicznym, przekszta\u0142caj\u0105c ci\u015bnienie hydrauliczne w si\u0142\u0119 mechaniczn\u0105, umo\u017cliwiaj\u0105c operatorom wykonywanie zada\u0144 z precyzj\u0105 i wydajno\u015bci\u0105. Ten si\u0142ownik hydrauliczny umo\u017cliwia wykopywanie, za\u0142adunek i przemieszczanie materia\u0142\u00f3w takich jak gleba i gruz, co czyni go niezast\u0105pionym w budownictwie i pokrewnych bran\u017cach.<\/p>\n<p><img decoding=\"async\" src=\"https:\/\/www.hydraulic-cylinders.net\/wp-content\/uploads\/2025\/04\/songte-company-1.webp\" alt=\"Si\u0142ownik wysi\u0119gnika do koparek\"><\/p>\n<h3>Cechy cylindra wysi\u0119gnika<\/h3>\n<ul>\n<li><strong>Wysoka wytrzyma\u0142o\u015b\u0107 i trwa\u0142o\u015b\u0107:<\/strong> Wykonany z wysokowytrzyma\u0142ej stali lub aluminium si\u0142ownik wysi\u0119gnika wytrzymuje wysokie ci\u015bnienia i du\u017ce obci\u0105\u017cenia, dzi\u0119ki czemu nadaje si\u0119 do pracy w trudnych warunkach. Konstrukcja uwzgl\u0119dnia r\u00f3wnie\u017c odporno\u015b\u0107 na zu\u017cycie i korozj\u0119, zapewniaj\u0105c d\u0142u\u017csz\u0105 \u017cywotno\u015b\u0107.<\/li>\n<li><strong>Wydajna praca uk\u0142adu hydraulicznego:<\/strong> Wykorzystuje ci\u015bnienie oleju hydraulicznego do p\u0142ynnego wysuwania i wsuwania, zapewniaj\u0105c szybk\u0105 reakcj\u0119 na polecenia steruj\u0105ce i generuj\u0105c znaczn\u0105 si\u0142\u0119 pchania i ci\u0105gni\u0119cia, co jest idealne do obs\u0142ugi ci\u0119\u017ckich i skomplikowanych zada\u0144.<\/li>\n<li><strong>R\u00f3\u017cne typy:<\/strong> Dost\u0119pne s\u0105 cylindry jednostronnego dzia\u0142ania (dzia\u0142anie hydrauliczne w jednym kierunku) i dwustronnego dzia\u0142ania (dzia\u0142anie hydrauliczne w obu kierunkach), aby sprosta\u0107 zr\u00f3\u017cnicowanym potrzebom operacyjnym. Niekt\u00f3re modele s\u0105 teleskopowe, co pozwala na wi\u0119ksze wysuni\u0119cie bez zwi\u0119kszania wymiar\u00f3w zewn\u0119trznych, co idealnie sprawdza si\u0119 w zastosowaniach o ograniczonej przestrzeni.<\/li>\n<li><strong>Wszechstronne zastosowania:<\/strong> Zaprojektowane do stosowania w r\u00f3\u017cnych maszynach, co czyni je elastycznym wyborem dla r\u00f3\u017cnych typ\u00f3w ci\u0119\u017ckiego sprz\u0119tu.<\/li>\n<li><strong>Produkcja niestandardowa:<\/strong> Specjalizujemy si\u0119 w produkcji tych cylindr\u00f3w, zapewniaj\u0105c, \u017ce idealnie zast\u0105pi\u0105 one istniej\u0105ce cylindry hydrauliczne, zachowuj\u0105c przy tym kompatybilno\u015b\u0107 i wydajno\u015b\u0107.<\/li>\n<\/ul>\n<p><img decoding=\"async\" src=\"https:\/\/www.hydraulic-cylinders.net\/wp-content\/uploads\/2025\/04\/songte-cylinder-head-with-all-kinds-excavator-models.webp\" alt=\"Modele koparek z si\u0142ownikiem wysi\u0119gnika\"><\/p>\n<h2>Zastosowania cylindra wysi\u0119gnika<\/h2>\n<h3>Sprz\u0119t budowlany<\/h3>\n<p>W koparkach si\u0142ownik wysi\u0119gnika jest niezb\u0119dny do kopania, za\u0142adunku i przemieszczania gleby lub gruzu. Zapewnia on si\u0142\u0119 niezb\u0119dn\u0105 do wysuni\u0119cia wysi\u0119gnika, umo\u017cliwiaj\u0105c \u0142y\u017cce skuteczne zag\u0142\u0119bianie si\u0119 w grunt. Ponadto, w koparko-\u0142adowarkach si\u0142ownik wysi\u0119gnika wspomaga nie tylko wykopy, ale tak\u017ce podnoszenie materia\u0142\u00f3w, zwi\u0119kszaj\u0105c wydajno\u015b\u0107 i efektywno\u015b\u0107 operacyjn\u0105.<\/p>\n<h3>Maszyny rolnicze<\/h3>\n<p>Si\u0142owniki wysi\u0119gnika znajduj\u0105 si\u0119 r\u00f3wnie\u017c w \u0142adowarkach czo\u0142owych, gdzie s\u0142u\u017c\u0105 do nabierania, podnoszenia i transportu gleby, siana i innych materia\u0142\u00f3w. Ich zdolno\u015b\u0107 do sterowania k\u0105tem i wysoko\u015bci\u0105 \u0142y\u017cki sprawia, \u017ce \u200b\u200bs\u0105 one niezb\u0119dne w pracach rolniczych, zapewniaj\u0105c sprawny za\u0142adunek i roz\u0142adunek.<\/p>\n<h3>Zadania wykopaliskowe<\/h3>\n<p>W koparkach si\u0142ownik wysi\u0119gnika umo\u017cliwia zag\u0142\u0119bianie si\u0119 \u0142y\u017cki w gleb\u0119, co u\u0142atwia efektywne kopanie. Si\u0142a hydrauliczna generowana przez si\u0142ownik pozwala operatorowi precyzyjnie zarz\u0105dza\u0107 procesem wykop\u00f3w, zapewniaj\u0105c optymaln\u0105 wydajno\u015b\u0107 w r\u00f3\u017cnych warunkach terenowych.<\/p>\n<h3>Operacje \u0142adowarki<\/h3>\n<p>W \u0142adowarkach czo\u0142owych si\u0142owniki wysi\u0119gnika wspomagaj\u0105 wydajne podnoszenie i zrzucanie \u0142adunk\u00f3w. Zwi\u0119kszaj\u0105 one funkcjonalno\u015b\u0107 \u0142adowarki, umo\u017cliwiaj\u0105c szybkie i efektywne podnoszenie i zrzucanie materia\u0142\u00f3w, co jest kluczowe w projektach budowlanych i ogrodniczych.<\/p>\n<h2>Zagadnienia projektowe i kryteria wyboru<\/h2>\n<h3>No\u015bno\u015b\u0107<\/h3>\n<p>No\u015bno\u015b\u0107 si\u0142ownika wysi\u0119gnika jest kluczowym czynnikiem podczas projektowania. Musi on mie\u0107 odpowiedni\u0105 moc, aby wytrzyma\u0107 maksymalne obci\u0105\u017cenie, jakiemu b\u0119dzie poddawany podczas pracy. In\u017cynierowie bior\u0105 pod uwag\u0119 r\u00f3\u017cne czynniki, w tym mas\u0119 \u0142adunku, k\u0105ty pracy oraz czas u\u017cytkowania. Dobrze zaprojektowany si\u0142ownik o odpowiedniej no\u015bno\u015bci zapewnia bezpiecze\u0144stwo i niezawodno\u015b\u0107 podczas pracy.<\/p>\n<h3>Wydajno\u015b\u0107 uszczelnienia<\/h3>\n<p>Skuteczne uszczelnienie cylindr\u00f3w hydraulicznych ma kluczowe znaczenie dla zapobiegania wyciekom p\u0142ynu i utrzymania ci\u015bnienia. Kluczowy jest dob\u00f3r uszczelnie\u0144, takich jak uszczelnienia t\u0142ok\u00f3w i t\u0142oczysk. Aby zapewni\u0107 trwa\u0142o\u015b\u0107 i odporno\u015b\u0107 na zu\u017cycie, cz\u0119sto stosuje si\u0119 wysokiej jako\u015bci materia\u0142y, takie jak poliuretan i kauczuk nitrylowy. Konstrukcja uszczelnienia powinna umo\u017cliwia\u0107 \u0142atw\u0105 konserwacj\u0119, a jednocze\u015bnie stanowi\u0107 niezawodn\u0105 barier\u0119 przed wyciekami przez ca\u0142y okres eksploatacji cylindra.<\/p>\n<h3>Trwa\u0142o\u015b\u0107<\/h3>\n<p>Trwa\u0142o\u015b\u0107 jest kluczowa w projektowaniu si\u0142ownik\u00f3w wysi\u0119gnika, bior\u0105c pod uwag\u0119 ich nara\u017cenie na trudne warunki. Zastosowane materia\u0142y musz\u0105 by\u0107 odporne na zu\u017cycie, korozj\u0119 i uderzenia, kt\u00f3re mog\u0105 znacz\u0105co wp\u0142yn\u0105\u0107 na wydajno\u015b\u0107 i \u017cywotno\u015b\u0107. Zaawansowane techniki produkcji i rygorystyczne testy gwarantuj\u0105, \u017ce si\u0142owniki wytrzymuj\u0105 ekstremalne obci\u0105\u017cenia eksploatacyjne.<\/p>\n<h3>Funkcje bezpiecze\u0144stwa<\/h3>\n<p>Bezpiecze\u0144stwo jest priorytetem przy projektowaniu cylindr\u00f3w hydraulicznych. Funkcje takie jak wbudowane zawory bezpiecze\u0144stwa s\u0105 kluczowe, aby zapobiec nadmiernemu wzrostowi ci\u015bnienia, kt\u00f3ry mo\u017ce prowadzi\u0107 do katastrofalnych awarii. Ponadto cylindry musz\u0105 by\u0107 zaprojektowane z zabezpieczeniami awaryjnymi, aby zapewni\u0107 mo\u017cliwo\u015b\u0107 obs\u0142ugi nieoczekiwanych obci\u0105\u017ce\u0144 bez nara\u017cania bezpiecze\u0144stwa operatora.<\/p>\n<h3>Konserwacja i naprawa<\/h3>\n<p>Projektowanie z my\u015bl\u0105 o \u0142atwo\u015bci konserwacji pozwala na terminowe przegl\u0105dy i naprawy, co wyd\u0142u\u017ca \u017cywotno\u015b\u0107 si\u0142ownika wysi\u0119gnika. Funkcje takie jak wymienne uszczelki, \u0142atwo dost\u0119pne smarowniczki i modu\u0142owa konstrukcja u\u0142atwiaj\u0105 rutynowe czynno\u015bci konserwacyjne, zapewniaj\u0105c funkcjonalno\u015b\u0107 i niezawodno\u015b\u0107 sprz\u0119tu przez ca\u0142y okres jego eksploatacji.<\/p>\n<p><img decoding=\"async\" src=\"https:\/\/www.hydraulic-cylinders.net\/wp-content\/uploads\/2025\/04\/songte-oil-pipes-and-spare-parts.webp\" alt=\"Cz\u0119\u015bci cylindr\u00f3w hydraulicznych\"><\/p>\n<h2>Uszczelnienie i smarowanie si\u0142ownika wysi\u0119gnika<\/h2>\n<p>Uszczelnienie i smarowanie si\u0142ownika wysi\u0119gnika s\u0105 integraln\u0105 cz\u0119\u015bci\u0105 jego dzia\u0142ania. R\u00f3\u017cne uszczelnienia, w tym uszczelnienia t\u0142oka i t\u0142oczyska, to kluczowe elementy, kt\u00f3re zapobiegaj\u0105 wyciekom p\u0142ynu hydraulicznego i utrzymuj\u0105 ci\u015bnienie w cylindrze. Wyb\u00f3r uszczelnie\u0144 wykonanych z materia\u0142\u00f3w odpornych na zu\u017cycie, takich jak poliuretan i kauczuk nitrylowy, zwi\u0119ksza trwa\u0142o\u015b\u0107 i wyd\u0142u\u017ca \u017cywotno\u015b\u0107 si\u0142ownika. Korpus si\u0142ownika i gwintowane powierzchnie ko\u0144cowe s\u0105 starannie wyko\u0144czone w celu zwi\u0119kszenia odporno\u015bci na zu\u017cycie.<\/p>\n<p>Regularne smarowanie jest niezb\u0119dne dla optymalnego dzia\u0142ania. Olej hydrauliczny nale\u017cy okresowo uzupe\u0142nia\u0107, aby zapewni\u0107 p\u0142ynn\u0105 prac\u0119 i zapobiec zu\u017cyciu wewn\u0119trznemu. Prawid\u0142owe smarowanie minimalizuje tarcie mi\u0119dzy ruchomymi cz\u0119\u015bciami, zmniejszaj\u0105c ryzyko przegrzania i przedwczesnej awarii si\u0142ownika hydraulicznego. Ustalenie regularnego harmonogramu smarowania jest kluczowe dla zapewnienia niezawodno\u015bci i wydajno\u015bci si\u0142ownika wysi\u0119gnika.<\/p>\n<h2>\u015arodki konserwacji zapobiegawczej<\/h2>\n<ul>\n<li><strong>Regularne kontrole:<\/strong> Przeprowadzanie rutynowych kontroli pomaga zidentyfikowa\u0107 zu\u017cycie, zanim doprowadzi ono do powa\u017cnych awarii. Szukaj \u015blad\u00f3w wyciek\u00f3w, korozji i uszkodzonych uszczelnie\u0144. Wczesne wykrycie pozwala na terminowe naprawy, skracaj\u0105c przestoje.<\/li>\n<li><strong>Prawid\u0142owe smarowanie:<\/strong> Utrzymanie odpowiedniego poziomu smarowania jest kluczowe dla p\u0142ynnej pracy si\u0142ownika wysi\u0119gnika. Upewnij si\u0119, \u017ce olej hydrauliczny jest na w\u0142a\u015bciwym poziomie i czysty, aby zapobiec zanieczyszczeniom, kt\u00f3re mog\u0142yby uszkodzi\u0107 uszczelnienia i elementy wewn\u0119trzne.<\/li>\n<li><strong>Wymiana uszczelki:<\/strong> Monitorowanie stanu uszczelek jest kluczowe. Nale\u017cy niezw\u0142ocznie wymienia\u0107 zu\u017cyte lub uszkodzone uszczelki, aby zapobiec wyciekom i utrzyma\u0107 wydajno\u015b\u0107 cylindra. Regularne kontrole uszczelek mog\u0105 pom\u00f3c unikn\u0105\u0107 kosztownych napraw spowodowanych utrat\u0105 p\u0142ynu.<\/li>\n<\/ul>\n<h2>Wytyczne dotycz\u0105ce instalacji<\/h2>\n<p>Prawid\u0142owy monta\u017c jest niezb\u0119dny do sprawnego dzia\u0142ania si\u0142ownika wysi\u0119gnika. Zacznij od upewnienia si\u0119, \u017ce wsporniki monta\u017cowe s\u0105 prawid\u0142owo ustawione. Niew\u0142a\u015bciwe ustawienie mo\u017ce prowadzi\u0107 do nier\u00f3wnomiernego zu\u017cycia i przedwczesnej awarii. U\u017cyj odpowiednich wspornik\u00f3w monta\u017cowych, aby pewnie zamocowa\u0107 si\u0142ownik.<\/p>\n<p>Przed monta\u017cem nale\u017cy oczy\u015bci\u0107 powierzchnie monta\u017cowe, usuwaj\u0105c wszelkie zabrudzenia i zanieczyszczenia, kt\u00f3re mog\u0142yby uszkodzi\u0107 powierzchnie uszczelniaj\u0105ce. Przed monta\u017cem nale\u017cy sprawdzi\u0107 cylinder pod k\u0105tem ewentualnych uszkodze\u0144. Po monta\u017cu nale\u017cy sprawdzi\u0107 wyr\u00f3wnanie, sprawdzaj\u0105c wysuwanie i wsuwanie cylindra, aby zapewni\u0107 jego p\u0142ynn\u0105 prac\u0119.<\/p>\n<p>Po monta\u017cu zaleca si\u0119 przeprowadzenie pr\u00f3by przy niskim ci\u015bnieniu w celu sprawdzenia ewentualnych nieszczelno\u015bci lub problem\u00f3w z dzia\u0142aniem. Stopniowo zwi\u0119kszaj ci\u015bnienie do poziomu roboczego, monitoruj\u0105c jednocze\u015bnie dzia\u0142anie si\u0142ownika. Prawid\u0142owe procedury monta\u017cu wyd\u0142u\u017c\u0105 \u017cywotno\u015b\u0107 i wydajno\u015b\u0107 si\u0142ownika wysi\u0119gnika.<\/p>\n<h2>Zadania konserwacyjne<\/h2>\n<h3>Regularne kontrole<\/h3>\n<p>Regularne kontrole s\u0105 kluczowe dla zapewnienia optymalnej pracy si\u0142ownika wysi\u0119gnika. Nale\u017cy zwr\u00f3ci\u0107 uwag\u0119 na oznaki zu\u017cycia, wycieki lub nietypowe odg\u0142osy podczas pracy. Wszelkie nieprawid\u0142owo\u015bci nale\u017cy natychmiast usun\u0105\u0107, aby zapobiec wyst\u0105pieniu powa\u017cniejszych problem\u00f3w. Regularne kontrole pomagaj\u0105 utrzyma\u0107 wydajno\u015b\u0107 uk\u0142adu hydraulicznego i wyd\u0142u\u017cy\u0107 \u017cywotno\u015b\u0107 si\u0142ownika.<\/p>\n<h3>Prawid\u0142owe smarowanie<\/h3>\n<p>Smarowanie to kluczowy element konserwacji, kt\u00f3ry zapewnia p\u0142ynn\u0105 prac\u0119 si\u0142ownika wysi\u0119gnika. Nale\u017cy przestrzega\u0107 zalece\u0144 producenta dotycz\u0105cych cz\u0119stotliwo\u015bci smarowania i rodzaju oleju hydraulicznego. Prawid\u0142owe smarowanie zmniejsza tarcie, minimalizuje zu\u017cycie podzespo\u0142\u00f3w i zapewnia nienaruszone uszczelnienia, zapobiegaj\u0105c wyciekom i utrzymuj\u0105c ci\u015bnienie.<\/p>\n<h3>Wymiana uszczelek i kontrola kalibracji<\/h3>\n<p>Regularna wymiana uszczelek w ramach konserwacji zapobiegawczej jest niezb\u0119dna, aby zapobiec wyciekom p\u0142ynu hydraulicznego. Monitoruj uszczelki pod k\u0105tem oznak zu\u017cycia i wymieniaj je w razie potrzeby. Dodatkowo, okresowe kontrole kalibracji zapewniaj\u0105, \u017ce si\u0142ownik dzia\u0142a w zakresie okre\u015blonych parametr\u00f3w roboczych, maksymalizuj\u0105c wydajno\u015b\u0107 i bezpiecze\u0144stwo.<\/p>\n<h2>Zagadnienia bezpiecze\u0144stwa i czynniki \u015brodowiskowe<\/h2>\n<p>Podczas pracy z uk\u0142adami hydraulicznymi, takimi jak si\u0142ownik wysi\u0119gnika, \u015brodki bezpiecze\u0144stwa maj\u0105 kluczowe znaczenie. Operatorzy powinni by\u0107 przeszkoleni w zakresie bezpiecznych praktyk obs\u0142ugi, aby zapobiega\u0107 wypadkom. Podczas kontroli i konserwacji sprz\u0119tu nale\u017cy stosowa\u0107 odpowiednie \u015brodki ochrony indywidualnej (PPE).<\/p>\n<p>Nale\u017cy r\u00f3wnie\u017c uwzgl\u0119dni\u0107 czynniki \u015brodowiskowe. Prawid\u0142owa utylizacja p\u0142yn\u00f3w hydraulicznych i zu\u017cytych uszczelnie\u0144 jest niezb\u0119dna, aby zapobiec zanieczyszczeniu \u015brodowiska. Wdro\u017cenie praktyk recyklingu i przestrzeganie lokalnych przepis\u00f3w gwarantuje, \u017ce dzia\u0142alno\u015b\u0107 pozostaje przyjazna dla \u015brodowiska.<\/p>\n<h2>Diagnostyka usterek i typowe problemy<\/h2>\n<ul>\n<li><strong>Przeciek:<\/strong> Jednym z najcz\u0119stszych problem\u00f3w z si\u0142ownikami hydraulicznymi jest wyciek, kt\u00f3ry mo\u017ce by\u0107 spowodowany zu\u017cytymi uszczelnieniami lub uszkodzonymi podzespo\u0142ami. Regularne kontrole mog\u0105 pom\u00f3c we wczesnym wykryciu wyciek\u00f3w.<\/li>\n<li><strong>Obni\u017cona wydajno\u015b\u0107:<\/strong> Je\u015bli si\u0142ownik wysi\u0119gnika dzia\u0142a powoli lub nie wysuwa si\u0119\/nie wsuwa ca\u0142kowicie, mo\u017ce to oznacza\u0107 niski poziom p\u0142ynu hydraulicznego lub uszkodzenie wewn\u0119trzne. Sprawdzenie poziomu p\u0142ynu i przeprowadzenie dok\u0142adnej kontroli mo\u017ce pom\u00f3c w zdiagnozowaniu problemu.<\/li>\n<li><strong>Przegrzanie:<\/strong> Przegrzanie mo\u017ce wyst\u0105pi\u0107 z powodu niedostatecznego smarowania lub nadmiernego obci\u0105\u017cenia. Monitorowanie temperatury roboczej i zapewnienie prawid\u0142owego smarowania mo\u017ce zminimalizowa\u0107 to ryzyko.<\/li>\n<\/ul>\n<h2>Wskaz\u00f3wki dotycz\u0105ce rozwi\u0105zywania problem\u00f3w<\/h2>\n<p>Aby skutecznie rozwi\u0105za\u0107 problemy z si\u0142ownikiem wysi\u0119gnika, nale\u017cy zacz\u0105\u0107 od sprawdzenia poziomu p\u0142ynu hydraulicznego i w razie potrzeby uzupe\u0142ni\u0107 go. Nale\u017cy sprawdzi\u0107 uszczelki pod k\u0105tem uszkodze\u0144 lub zu\u017cycia i niezw\u0142ocznie je wymieni\u0107. W przypadku problem\u00f3w z wydajno\u015bci\u0105 nale\u017cy upewni\u0107 si\u0119, \u017ce si\u0142ownik jest prawid\u0142owo ustawiony i zamontowany. Regularna konserwacja i przestrzeganie wytycznych eksploatacyjnych mo\u017ce znacznie ograniczy\u0107 wyst\u0119powanie problem\u00f3w i wyd\u0142u\u017cy\u0107 \u017cywotno\u015b\u0107 si\u0142ownika hydraulicznego.<\/p>\n<p><img decoding=\"async\" src=\"https:\/\/www.hydraulic-cylinders.net\/wp-content\/uploads\/2025\/04\/songte-bushings-with-all-kinds-of-excavator-models.webp\" alt=\"Tuleje koparki\"><\/p>\n<h2>O naszej firmie<\/h2>\n<p>Jeste\u015bmy wiod\u0105cym producentem zamiennych si\u0142ownik\u00f3w hydraulicznych, specjalizuj\u0105cym si\u0119 w szerokiej gamie produkt\u00f3w na rynek krajowy i mi\u0119dzynarodowy. Nasze zaanga\u017cowanie w d\u0105\u017cenie do doskona\u0142o\u015bci jako\u015bci jest poparte dopracowan\u0105 strategi\u0105 produkcyjn\u0105, kt\u00f3ra stawia na precyzj\u0119 i wydajno\u015b\u0107. Nasze zak\u0142ady wykorzystuj\u0105 zaawansowany sprz\u0119t produkcyjny i profesjonalne systemy testowe, aby stale zwi\u0119ksza\u0107 nasze mo\u017cliwo\u015bci produkcyjne.<\/p>\n<p>Nasze produkty s\u0105 projektowane z my\u015bl\u0105 o spe\u0142nieniu zr\u00f3\u017cnicowanych potrzeb klient\u00f3w, przy wsparciu zespo\u0142u wykwalifikowanych specjalist\u00f3w i rygorystycznych procedur kontroli jako\u015bci. Nasze bogate do\u015bwiadczenie w bran\u017cy pozwala nam oferowa\u0107 rozwi\u0105zania dostosowane do indywidualnych potrzeb klient\u00f3w. Dok\u0142adamy wszelkich stara\u0144, aby zapewni\u0107 wyj\u0105tkow\u0105 obs\u0142ug\u0119 posprzeda\u017cow\u0105, dbaj\u0105c o zadowolenie klienta na ka\u017cdym etapie procesu zakupowego.<\/p>\n<p><img decoding=\"async\" src=\"https:\/\/www.hydraulic-cylinders.net\/wp-content\/uploads\/2025\/04\/songte-company-4.webp\" alt=\"Proces produkcyjny firmy\"><br \/>\n<img decoding=\"async\" src=\"https:\/\/www.hydraulic-cylinders.net\/wp-content\/uploads\/2025\/04\/songte-company-3.webp\" alt=\"Zapewnienie jako\u015bci firmy\"><\/p>\n<p>Autor: lyl<\/p>","protected":false},"excerpt":{"rendered":"<p>Boom Cylinder For Sumitomo Small Excavator SH60 Understanding the Boom Cylinder The Boom Cylinder serves as an essential hydraulic component in various heavy machinery, particularly in excavators like the Sumitomo SH60. Designed for controlling the movement of the boom, this hydraulic cylinder is crucial for lifting, lowering, and tilting the boom, facilitating effective material handling [&hellip;]<\/p>","protected":false},"featured_media":17871,"comment_status":"open","ping_status":"closed","template":"","meta":{"_et_pb_use_builder":"","_et_pb_old_content":"","_et_gb_content_width":""},"product_brand":[],"product_cat":[1546],"product_tag":[1547,1496],"class_list":{"0":"post-18884","1":"product","2":"type-product","3":"status-publish","4":"has-post-thumbnail","6":"product_cat-boom-cylinders","7":"product_tag-boom-cylinders","8":"product_tag-hydraulic-cylinders","10":"first","11":"instock","12":"shipping-taxable","13":"product-type-simple"},"amp_enabled":true,"_links":{"self":[{"href":"https:\/\/www.hydraulic-cylinders.net\/pl\/wp-json\/wp\/v2\/product\/18884","targetHints":{"allow":["GET"]}}],"collection":[{"href":"https:\/\/www.hydraulic-cylinders.net\/pl\/wp-json\/wp\/v2\/product"}],"about":[{"href":"https:\/\/www.hydraulic-cylinders.net\/pl\/wp-json\/wp\/v2\/types\/product"}],"replies":[{"embeddable":true,"href":"https:\/\/www.hydraulic-cylinders.net\/pl\/wp-json\/wp\/v2\/comments?post=18884"}],"wp:featuredmedia":[{"embeddable":true,"href":"https:\/\/www.hydraulic-cylinders.net\/pl\/wp-json\/wp\/v2\/media\/17871"}],"wp:attachment":[{"href":"https:\/\/www.hydraulic-cylinders.net\/pl\/wp-json\/wp\/v2\/media?parent=18884"}],"wp:term":[{"taxonomy":"product_brand","embeddable":true,"href":"https:\/\/www.hydraulic-cylinders.net\/pl\/wp-json\/wp\/v2\/product_brand?post=18884"},{"taxonomy":"product_cat","embeddable":true,"href":"https:\/\/www.hydraulic-cylinders.net\/pl\/wp-json\/wp\/v2\/product_cat?post=18884"},{"taxonomy":"product_tag","embeddable":true,"href":"https:\/\/www.hydraulic-cylinders.net\/pl\/wp-json\/wp\/v2\/product_tag?post=18884"}],"curies":[{"name":"wp","href":"https:\/\/api.w.org\/{rel}","templated":true}]}}