{"id":18886,"date":"2025-04-07T06:00:26","date_gmt":"2025-04-07T06:00:26","guid":{"rendered":"https:\/\/www.hydraulic-cylinders.net\/product\/boom-cylinder-for-sumitomo-small-excavator-sh100a1a2a3\/"},"modified":"2025-04-07T06:00:29","modified_gmt":"2025-04-07T06:00:29","slug":"boom-cylinder-for-sumitomo-small-excavator-sh100a1a2a3","status":"publish","type":"product","link":"https:\/\/www.hydraulic-cylinders.net\/pl\/produkt\/boom-cylinder-for-sumitomo-small-excavator-sh100a1a2a3\/","title":{"rendered":"Si\u0142ownik wysi\u0119gnika do ma\u0142ej koparki Sumitomo SH100A1A2A3"},"content":{"rendered":"<h1>Si\u0142ownik wysi\u0119gnika do ma\u0142ej koparki Sumitomo SH100A1A2A3<\/h1>\n<h2>Wprowadzenie do cylindra wysi\u0119gnika<\/h2>\n<p>Ten <strong>Si\u0142ownik wysi\u0119gnika<\/strong> to kluczowy element hydrauliczny, szeroko stosowany w ci\u0119\u017ckich maszynach, takich jak koparki, koparko-\u0142adowarki i \u0142adowarki czo\u0142owe. Zaprojektowane specjalnie do sterowania ruchem \u0142y\u017cki, si\u0142owniki te umo\u017cliwiaj\u0105 precyzyjne podnoszenie, opuszczanie i przechylanie, u\u0142atwiaj\u0105c tym samym efektywne przenoszenie materia\u0142\u00f3w. Si\u0142ownik \u0142y\u017cki dzia\u0142a w uk\u0142adzie hydraulicznym, wykorzystuj\u0105c moc p\u0142ynu hydraulicznego do wytwarzania si\u0142y, kt\u00f3ra umo\u017cliwia \u0142y\u017cce wydajne wykonywanie jej funkcji.<\/p>\n<p>Zasadniczo si\u0142ownik wysi\u0119gnika to si\u0142ownik hydrauliczny, kt\u00f3ry przekszta\u0142ca energi\u0119 hydrauliczn\u0105 w ruch mechaniczny. Jego funkcjonalno\u015b\u0107 jest niezb\u0119dna w budownictwie i rolnictwie, gdzie podnoszenie ci\u0119\u017ckich \u0142adunk\u00f3w i przemieszczanie materia\u0142\u00f3w jest na porz\u0105dku dziennym. Umo\u017cliwiaj\u0105c \u0142y\u017cce kopanie, podnoszenie i transport materia\u0142\u00f3w, si\u0142ownik wysi\u0119gnika znacznie zwi\u0119ksza mo\u017cliwo\u015bci operacyjne ci\u0119\u017ckiego sprz\u0119tu.<\/p>\n<p><img decoding=\"async\" src=\"https:\/\/www.hydraulic-cylinders.net\/wp-content\/uploads\/2025\/04\/songte-company-1.webp\" alt=\"Si\u0142ownik wysi\u0119gnika\"><\/p>\n<h2>Cechy cylindra wysi\u0119gnika<\/h2>\n<ul>\n<li>\n<h3>Wysoka wytrzyma\u0142o\u015b\u0107 i trwa\u0142o\u015b\u0107<\/h3>\n<p>Wykonany z wysokowytrzyma\u0142ej stali lub aluminium si\u0142ownik wysi\u0119gnika zosta\u0142 zaprojektowany tak, aby wytrzyma\u0107 wysokie ci\u015bnienie i du\u017ce obci\u0105\u017cenia. Jego konstrukcja uwzgl\u0119dnia odporno\u015b\u0107 na zu\u017cycie i korozj\u0119, co wyd\u0142u\u017ca jego \u017cywotno\u015b\u0107 nawet w trudnych warunkach.<\/p>\n<\/li>\n<li>\n<h3>Wydajna praca hydrauliczna<\/h3>\n<p>Si\u0142ownik wykorzystuje ci\u015bnienie oleju hydraulicznego, aby zapewni\u0107 p\u0142ynne ruchy teleskopowe i szybk\u0105 reakcj\u0119 na polecenia steruj\u0105ce. Ta funkcja zapewnia du\u017c\u0105 si\u0142\u0119 pchania i ci\u0105gni\u0119cia, dzi\u0119ki czemu nadaje si\u0119 do wykonywania ci\u0119\u017ckich i z\u0142o\u017conych zada\u0144.<\/p>\n<\/li>\n<li>\n<h3>R\u00f3\u017cne typy<\/h3>\n<p>Dost\u0119pny w konfiguracji jednostronnego dzia\u0142ania (wykorzystuj\u0105cej si\u0142\u0119 hydrauliczn\u0105 w jednym kierunku) i dwustronnego dzia\u0142ania (wykorzystuj\u0105cej si\u0142\u0119 hydrauliczn\u0105 w obu kierunkach), si\u0142ownik wysi\u0119gnika mo\u017cna dostosowa\u0107 do konkretnych wymaga\u0144 operacyjnych. Niekt\u00f3re modele s\u0105 teleskopowe, co pozwala na zwi\u0119kszenie zasi\u0119gu bez zwi\u0119kszania ich wymiar\u00f3w zewn\u0119trznych, co jest idealne w zastosowaniach o ograniczonej przestrzeni.<\/p>\n<\/li>\n<\/ul>\n<p>Specjalizujemy si\u0119 w produkcji wysokiej jako\u015bci si\u0142ownik\u00f3w wysi\u0119gnika, kt\u00f3re doskonale mog\u0105 zast\u0105pi\u0107 istniej\u0105ce si\u0142owniki hydrauliczne w r\u00f3\u017cnego rodzaju maszynach.<\/p>\n<p><img decoding=\"async\" src=\"https:\/\/www.hydraulic-cylinders.net\/wp-content\/uploads\/2025\/04\/songte-cylinder-head-with-all-kinds-excavator-models.webp\" alt=\"Model cylindra koparki\"><\/p>\n<h2>Zastosowania cylindra wysi\u0119gnika<\/h2>\n<ul>\n<li>\n<h3>Sprz\u0119t budowlany<\/h3>\n<p>W koparkach si\u0142owniki wysi\u0119gnika s\u0105 niezb\u0119dne do kopania, za\u0142adunku i przemieszczania gleby lub gruzu. U\u0142atwiaj\u0105 ruchy \u0142y\u017cki zar\u00f3wno podczas wykop\u00f3w, jak i podnoszenia, okazuj\u0105c si\u0119 niezast\u0105pione na placach budowy, gdzie prace ziemne s\u0105 regularnie wymagane.<\/p>\n<\/li>\n<li>\n<h3>Maszyny rolnicze<\/h3>\n<p>\u0141adowarki czo\u0142owe wykorzystuj\u0105 si\u0142owniki wysi\u0119gnika do nabierania, podnoszenia i transportu gleby, siana i innych materia\u0142\u00f3w. Ich zdolno\u015b\u0107 do efektywnego zarz\u0105dzania procesami transportu materia\u0142\u00f3w czyni je cennym atutem w rolnictwie.<\/p>\n<\/li>\n<li>\n<h3>Koparki<\/h3>\n<p>W koparkach si\u0142ownik wysi\u0119gnika umo\u017cliwia zag\u0142\u0119bianie si\u0119 \u0142y\u017cki w gleb\u0119, co przek\u0142ada si\u0119 na efektywne wykopy. Ta funkcjonalno\u015b\u0107 jest kluczowa w przypadku r\u00f3\u017cnych projekt\u00f3w kopania, zwi\u0119kszaj\u0105c wydajno\u015b\u0107 na placu budowy.<\/p>\n<\/li>\n<li>\n<h3>\u0141adowarki<\/h3>\n<p>W \u0142adowarkach czo\u0142owych si\u0142owniki wysi\u0119gnika wspomagaj\u0105 wydajne podnoszenie i zrzucanie \u0142adunk\u00f3w. Ich precyzyjne sterowanie pozwala operatorom efektywnie zarz\u0105dza\u0107 przemieszczaniem materia\u0142\u00f3w, usprawniaj\u0105c tym samym og\u00f3lny przep\u0142yw pracy na placach budowy i w rolnictwie.<\/p>\n<\/li>\n<\/ul>\n<h2>Zagadnienia projektowe i kryteria wyboru<\/h2>\n<ul>\n<li>\n<h3>No\u015bno\u015b\u0107<\/h3>\n<p>Przy wyborze si\u0142ownika wysi\u0119gnika kluczowe znaczenie ma zrozumienie jego ud\u017awigu. Si\u0142ownik musi by\u0107 w stanie ud\u017awign\u0105\u0107 maksymalne obci\u0105\u017cenie, jakiemu b\u0119dzie poddawany podczas pracy. Dotyczy to nie tylko ci\u0119\u017caru przenoszonego materia\u0142u, ale tak\u017ce si\u0142 dynamicznych wywieranych podczas podnoszenia i opuszczania. Producenci podaj\u0105 specyfikacje okre\u015blaj\u0105ce maksymalny ud\u017awig, kt\u00f3rego nale\u017cy zawsze przestrzega\u0107, aby zapewni\u0107 bezpiecze\u0144stwo i wydajno\u015b\u0107 pracy.<\/p>\n<\/li>\n<li>\n<h3>Integralno\u015b\u0107 uszczelnienia<\/h3>\n<p>Systemy uszczelnie\u0144 w si\u0142ownikach hydraulicznych s\u0105 kluczowe dla zapobiegania wyciekom p\u0142ynu i utrzymania wydajno\u015bci. Wysokiej jako\u015bci uszczelki zapobiegaj\u0105 wyciekaniu p\u0142ynu hydraulicznego, co zapewnia wydajn\u0105 prac\u0119 i zmniejsza ryzyko zanieczyszczenia. Wyb\u00f3r si\u0142ownik\u00f3w z solidnymi technologiami uszczelnie\u0144, takimi jak uszczelki wielopier\u015bcieniowe i pier\u015bcienie uszczelniaj\u0105ce typu O-ring wykonane z trwa\u0142ych materia\u0142\u00f3w, mo\u017ce znacznie wyd\u0142u\u017cy\u0107 \u017cywotno\u015b\u0107 uk\u0142adu hydraulicznego.<\/p>\n<\/li>\n<li>\n<h3>Trwa\u0142o\u015b\u0107<\/h3>\n<p>Trwa\u0142o\u015b\u0107 jest kluczowym czynnikiem w konstrukcji si\u0142ownik\u00f3w wysi\u0119gnika. Cz\u0119sto s\u0105 one poddawane trudnym warunkom i musz\u0105 by\u0107 odporne na zu\u017cycie i uszkodzenia z up\u0142ywem czasu. Producenci stosuj\u0105 zaawansowane materia\u0142y i pow\u0142oki, kt\u00f3re zwi\u0119kszaj\u0105 odporno\u015b\u0107 na \u015bcieranie i korozj\u0119, zapewniaj\u0105c optymaln\u0105 prac\u0119 si\u0142ownik\u00f3w przez d\u0142ugi czas, nawet w trudnych warunkach pracy.<\/p>\n<\/li>\n<li>\n<h3>Funkcje bezpiecze\u0144stwa<\/h3>\n<p>Bezpiecze\u0144stwo jest priorytetem w projektowaniu uk\u0142ad\u00f3w hydraulicznych. Si\u0142owniki wysi\u0119gnika powinny by\u0107 wyposa\u017cone w mechanizmy bezpiecze\u0144stwa, takie jak zawory bezpiecze\u0144stwa, zapobiegaj\u0105ce przeci\u0105\u017ceniom i potencjalnym awariom systemu. Regularne audyty bezpiecze\u0144stwa i przestrzeganie protoko\u0142\u00f3w bezpiecze\u0144stwa podczas eksploatacji s\u0105 niezb\u0119dne do ograniczenia ryzyka zwi\u0105zanego z maszynami hydraulicznymi.<\/p>\n<\/li>\n<li>\n<h3>Dost\u0119pno\u015b\u0107 konserwacyjna<\/h3>\n<p>Projektowanie si\u0142ownik\u00f3w hydraulicznych z my\u015bl\u0105 o \u0142atwej konserwacji jest kluczowe dla zapewnienia ich d\u0142ugowieczno\u015bci. Dost\u0119p do podzespo\u0142\u00f3w powinien by\u0107 mo\u017cliwy w celu kontroli, napraw i wymiany. Efektywne praktyki konserwacyjne wyd\u0142u\u017caj\u0105 \u017cywotno\u015b\u0107 si\u0142ownika i poprawiaj\u0105 niezawodno\u015b\u0107 dzia\u0142ania. Producenci, kt\u00f3rzy w swoich projektach k\u0142ad\u0105 nacisk na \u0142atwo\u015b\u0107 serwisowania, przyczyniaj\u0105 si\u0119 do minimalizacji przestoj\u00f3w i poprawy wydajno\u015bci.<\/p>\n<\/li>\n<\/ul>\n<p><img decoding=\"async\" src=\"https:\/\/www.hydraulic-cylinders.net\/wp-content\/uploads\/2025\/04\/songte-oil-pipes-and-spare-parts.webp\" alt=\"Rury olejowe i cz\u0119\u015bci zamienne\"><\/p>\n<h2>Uszczelnianie i smarowanie<\/h2>\n<p>Integralno\u015b\u0107 uk\u0142ad\u00f3w uszczelnie\u0144 i smarowania w cylindrach hydraulicznych ma fundamentalne znaczenie dla ich funkcjonowania. R\u00f3\u017cne elementy uszczelniaj\u0105ce, takie jak uszczelnienia t\u0142ok\u00f3w i t\u0142oczysk, s\u0105 niezb\u0119dne do utrzymania ci\u015bnienia hydraulicznego i zapobiegania wyciekom p\u0142ynu. Wyb\u00f3r trwa\u0142ych materia\u0142\u00f3w, takich jak poliuretan i kauczuk nitrylowy, na te uszczelnienia jest kluczowy, poniewa\u017c musz\u0105 one by\u0107 odporne na dzia\u0142anie p\u0142ynu hydraulicznego i warunk\u00f3w \u015brodowiskowych.<\/p>\n<p>Ponadto korpus cylindra i gwintowane powierzchnie ko\u0144cowe poddawane s\u0105 precyzyjnej obr\u00f3bce mechanicznej w celu zwi\u0119kszenia odporno\u015bci na zu\u017cycie, co zapewnia d\u0142ug\u0105 \u017cywotno\u015b\u0107 w warunkach du\u017cego obci\u0105\u017cenia. Regularne smarowanie olejem hydraulicznym jest niezb\u0119dne do zapewnienia p\u0142ynnego dzia\u0142ania cz\u0119\u015bci ruchomych, zmniejszaj\u0105c tarcie i zu\u017cycie. Nale\u017cy przestrzega\u0107 odpowiednich harmonogram\u00f3w smarowania, aby zapewni\u0107 odpowiedni poziom oleju i wydajno\u015b\u0107 uk\u0142adu.<\/p>\n<h2>Regularne kontrole i konserwacja zapobiegawcza<\/h2>\n<ul>\n<li>\n<h3>Regularne kontrole<\/h3>\n<p>Regularne kontrole si\u0142ownika wysi\u0119gnika s\u0105 niezb\u0119dne do identyfikacji potencjalnych problem\u00f3w, zanim si\u0119 nasil\u0105. Operatorzy powinni sprawdza\u0107, czy nie ma widocznego zu\u017cycia, wyciek\u00f3w p\u0142yn\u00f3w ani nietypowych d\u017awi\u0119k\u00f3w podczas pracy. Wczesne wykrycie usterek mo\u017ce zapobiec kosztownym naprawom i przestojom.<\/p>\n<\/li>\n<li>\n<h3>Odpowiednie smarowanie<\/h3>\n<p>Zapewnienie prawid\u0142owego smarowania si\u0142ownika hydraulicznego ma kluczowe znaczenie dla wydajno\u015bci operacyjnej. Operatorzy powinni przestrzega\u0107 zalece\u0144 producenta dotycz\u0105cych rodzaju \u015brodka smarnego i cz\u0119stotliwo\u015bci jego stosowania. Prawid\u0142owe smarowanie zmniejsza tarcie i wyd\u0142u\u017ca \u017cywotno\u015b\u0107 podzespo\u0142\u00f3w si\u0142ownika.<\/p>\n<\/li>\n<li>\n<h3>Wymiana i kalibracja uszczelek<\/h3>\n<p>Regularna wymiana zu\u017cytych uszczelek i kalibracja si\u0142ownika s\u0105 kluczowe dla utrzymania optymalnej wydajno\u015bci. Operatorzy powinni prowadzi\u0107 rejestr wymian i kalibracji uszczelek, aby zapewni\u0107 przestrzeganie harmonogram\u00f3w konserwacji. Prawid\u0142owe ustawienie podczas monta\u017cu jest r\u00f3wnie\u017c kluczowe dla zapobiegania przedwczesnemu zu\u017cyciu i zapewnienia p\u0142ynnej pracy.<\/p>\n<\/li>\n<\/ul>\n<p><img decoding=\"async\" src=\"https:\/\/www.hydraulic-cylinders.net\/wp-content\/uploads\/2025\/04\/songte-chushion-collar.webp\" alt=\"Ko\u0142nierz poduszkowy\"><\/p>\n<h2>Zagadnienia bezpiecze\u0144stwa i czynniki \u015brodowiskowe<\/h2>\n<p>Podczas obs\u0142ugi cylindr\u00f3w hydraulicznych nale\u017cy \u015bci\u015ble przestrzega\u0107 \u015brodk\u00f3w bezpiecze\u0144stwa, aby zminimalizowa\u0107 ryzyko zwi\u0105zane z maszynami hydraulicznymi. Operatorzy powinni zosta\u0107 przeszkoleni w zakresie bezpiecznego obchodzenia si\u0119 z maszynami i procedur awaryjnych, aby zapobiec potencjalnym awariom. Ponadto, aby zapobiec zanieczyszczeniu, kluczowe znaczenie maj\u0105 wzgl\u0119dy \u015brodowiskowe, takie jak radzenie sobie z wyciekami p\u0142ynu hydraulicznego. Prawid\u0142owe metody utylizacji p\u0142yn\u00f3w hydraulicznych i \u015bwiadomo\u015b\u0107 przepis\u00f3w ochrony \u015brodowiska maj\u0105 kluczowe znaczenie dla zachowania zgodno\u015bci z przepisami i ochrony ekosystemu.<\/p>\n<h2>Rozwi\u0105zywanie problem\u00f3w i typowe problemy<\/h2>\n<ul>\n<li>\n<h3>Wyciek p\u0142ynu<\/h3>\n<p>Wyciek p\u0142ynu to jeden z najcz\u0119stszych problem\u00f3w z si\u0142ownikami hydraulicznymi. Mo\u017ce by\u0107 spowodowany zu\u017cytymi uszczelnieniami, uszkodzonymi z\u0142\u0105czami lub nieprawid\u0142owym monta\u017cem. Aby temu zapobiec, nale\u017cy regularnie sprawdza\u0107 wszystkie uszczelnienia i po\u0142\u0105czenia, wymienia\u0107 uszkodzone elementy i zapewnia\u0107 prawid\u0142owe ustawienie podczas monta\u017cu.<\/p>\n<\/li>\n<li>\n<h3>Niesp\u00f3jna wydajno\u015b\u0107<\/h3>\n<p>Je\u015bli si\u0142ownik wysi\u0119gnika wykazuje nier\u00f3wnomiern\u0105 prac\u0119, mo\u017ce to oznacza\u0107 uwi\u0119zienie powietrza w p\u0142ynie hydraulicznym lub niski poziom p\u0142ynu. Odpowietrzenie uk\u0142adu w celu usuni\u0119cia p\u0119cherzyk\u00f3w powietrza i sprawdzenie poziomu p\u0142ynu to kluczowe kroki w celu przywr\u00f3cenia prawid\u0142owego dzia\u0142ania.<\/p>\n<\/li>\n<li>\n<h3>Przegrzanie<\/h3>\n<p>Przegrzanie mo\u017ce by\u0107 spowodowane nadmiernym obci\u0105\u017ceniem lub niedostatecznym smarowaniem. Monitorowanie obci\u0105\u017ce\u0144 eksploatacyjnych i regularne smarowanie to podstawowe praktyki zapobiegaj\u0105ce przegrzaniu i wyd\u0142u\u017caj\u0105ce \u017cywotno\u015b\u0107 cylindra. Aby unikn\u0105\u0107 tego problemu, nale\u017cy r\u00f3wnie\u017c planowa\u0107 regularne kontrole konserwacyjne.<\/p>\n<\/li>\n<\/ul>\n<p><img decoding=\"async\" src=\"https:\/\/www.hydraulic-cylinders.net\/wp-content\/uploads\/2025\/04\/songte-bushings-with-all-kinds-of-excavator-models.webp\" alt=\"Tuleje z modelami koparek\"><\/p>\n<h2>Wniosek<\/h2>\n<p>Nasza firma specjalizuje si\u0119 w produkcji wysokiej jako\u015bci cylindr\u00f3w hydraulicznych, kt\u00f3re zaspokajaj\u0105 zr\u00f3\u017cnicowane potrzeby przemys\u0142u. Jako jeden z wiod\u0105cych producent\u00f3w i hurtownik\u00f3w na rynku krajowym i mi\u0119dzynarodowym, d\u0105\u017cymy do doskona\u0142o\u015bci jako\u015bci poprzez stosowanie precyzyjnych strategii produkcyjnych. Nasze inwestycje w wykwalifikowany personel, zaawansowany sprz\u0119t do produkcji cyfrowej oraz profesjonalne systemy testowe zwi\u0119kszaj\u0105 nasze mo\u017cliwo\u015bci produkcyjne.<\/p>\n<p>Jeste\u015bmy dumni z naszej zdolno\u015bci do spe\u0142niania zr\u00f3\u017cnicowanych wymaga\u0144 klient\u00f3w, zapewniaj\u0105c wydajno\u015b\u0107, precyzj\u0119 i wysok\u0105 jako\u015b\u0107. Nasze zaanga\u017cowanie w innowacyjno\u015b\u0107 i elastyczno\u015b\u0107 gwarantuj\u0105 nam pozycj\u0119 lidera w bran\u017cy si\u0142ownik\u00f3w hydraulicznych, oferuj\u0105c rozwi\u0105zania dostosowane do indywidualnych potrzeb i wyj\u0105tkowe wsparcie posprzeda\u017cowe.<\/p>\n<p><img decoding=\"async\" src=\"https:\/\/www.hydraulic-cylinders.net\/wp-content\/uploads\/2025\/04\/songte-company-4.webp\" alt=\"Przegl\u0105d firmy\"><br \/>\n<img decoding=\"async\" src=\"https:\/\/www.hydraulic-cylinders.net\/wp-content\/uploads\/2025\/04\/songte-company-3.webp\" alt=\"Firma produkuj\u0105ca sprz\u0119t\"><\/p>\n<p>Autor: lyl<\/p>","protected":false},"excerpt":{"rendered":"<p>Boom Cylinder For Sumitomo Small Excavator SH100A1A2A3 Introduction to Boom Cylinder The Boom Cylinder is a crucial hydraulic component used extensively in heavy machinery such as excavators, backhoes, and front loaders. Specifically designed to control the movement of the bucket, these cylinders allow for precise lifting, lowering, and tilting actions, thereby facilitating effective material handling [&hellip;]<\/p>","protected":false},"featured_media":17873,"comment_status":"open","ping_status":"closed","template":"","meta":{"_et_pb_use_builder":"","_et_pb_old_content":"","_et_gb_content_width":""},"product_brand":[],"product_cat":[1546],"product_tag":[1547,1496],"class_list":{"0":"post-18886","1":"product","2":"type-product","3":"status-publish","4":"has-post-thumbnail","6":"product_cat-boom-cylinders","7":"product_tag-boom-cylinders","8":"product_tag-hydraulic-cylinders","10":"first","11":"instock","12":"shipping-taxable","13":"product-type-simple"},"amp_enabled":true,"_links":{"self":[{"href":"https:\/\/www.hydraulic-cylinders.net\/pl\/wp-json\/wp\/v2\/product\/18886","targetHints":{"allow":["GET"]}}],"collection":[{"href":"https:\/\/www.hydraulic-cylinders.net\/pl\/wp-json\/wp\/v2\/product"}],"about":[{"href":"https:\/\/www.hydraulic-cylinders.net\/pl\/wp-json\/wp\/v2\/types\/product"}],"replies":[{"embeddable":true,"href":"https:\/\/www.hydraulic-cylinders.net\/pl\/wp-json\/wp\/v2\/comments?post=18886"}],"wp:featuredmedia":[{"embeddable":true,"href":"https:\/\/www.hydraulic-cylinders.net\/pl\/wp-json\/wp\/v2\/media\/17873"}],"wp:attachment":[{"href":"https:\/\/www.hydraulic-cylinders.net\/pl\/wp-json\/wp\/v2\/media?parent=18886"}],"wp:term":[{"taxonomy":"product_brand","embeddable":true,"href":"https:\/\/www.hydraulic-cylinders.net\/pl\/wp-json\/wp\/v2\/product_brand?post=18886"},{"taxonomy":"product_cat","embeddable":true,"href":"https:\/\/www.hydraulic-cylinders.net\/pl\/wp-json\/wp\/v2\/product_cat?post=18886"},{"taxonomy":"product_tag","embeddable":true,"href":"https:\/\/www.hydraulic-cylinders.net\/pl\/wp-json\/wp\/v2\/product_tag?post=18886"}],"curies":[{"name":"wp","href":"https:\/\/api.w.org\/{rel}","templated":true}]}}