{"id":18920,"date":"2025-04-07T06:02:18","date_gmt":"2025-04-07T06:02:18","guid":{"rendered":"https:\/\/www.hydraulic-cylinders.net\/product\/boom-cylinder-for-caterpillar-small-excavator-e305ecr\/"},"modified":"2025-04-07T06:02:21","modified_gmt":"2025-04-07T06:02:21","slug":"boom-cylinder-for-caterpillar-small-excavator-e305ecr","status":"publish","type":"product","link":"https:\/\/www.hydraulic-cylinders.net\/pl\/produkt\/boom-cylinder-for-caterpillar-small-excavator-e305ecr\/","title":{"rendered":"Si\u0142ownik wysi\u0119gnika do ma\u0142ej koparki Caterpillar E305ECR"},"content":{"rendered":"<h1>Si\u0142ownik wysi\u0119gnika do ma\u0142ej koparki Caterpillar E305ECR<\/h1>\n<h2>Przegl\u0105d produktu<\/h2>\n<p>Si\u0142ownik wysi\u0119gnika do ma\u0142ej koparki Caterpillar E305ECR to niezb\u0119dny element hydrauliczny, kt\u00f3ry odgrywa kluczow\u0105 rol\u0119 w funkcjonowaniu ci\u0119\u017ckich maszyn. Ten typ si\u0142ownika hydraulicznego zosta\u0142 zaprojektowany specjalnie do sterowania ruchami \u0142y\u017cki koparki, umo\u017cliwiaj\u0105c operatorom efektywne podnoszenie, opuszczanie i przechylanie \u0142y\u017cki. Ta funkcja jest kluczowa dla r\u00f3\u017cnych zada\u0144 zwi\u0105zanych z prze\u0142adunkiem materia\u0142\u00f3w, w tym wykop\u00f3w, za\u0142adunku i transportu materia\u0142\u00f3w.<\/p>\n<p><img decoding=\"async\" src=\"https:\/\/www.hydraulic-cylinders.net\/wp-content\/uploads\/2025\/04\/songte-company-1.webp\" alt=\"Si\u0142ownik wysi\u0119gnika do koparki\" \/><\/p>\n<h3>Definicja i zastosowanie cylindr\u00f3w kube\u0142kowych<\/h3>\n<p>Cylindry czerpakowe, znane r\u00f3wnie\u017c jako cylindry hydrauliczne, to specjalistyczne urz\u0105dzenia stosowane w ci\u0119\u017ckich maszynach, takich jak koparki, koparko-\u0142adowarki i \u0142adowarki czo\u0142owe. Cylindry te u\u0142atwiaj\u0105 ruch \u0142y\u017cki, umo\u017cliwiaj\u0105c jej wykonywanie niezb\u0119dnych funkcji podczas prac budowlanych i wykopaliskowych. Wykorzystuj\u0105 ci\u015bnienie p\u0142ynu hydraulicznego do wytworzenia si\u0142y, kt\u00f3ra wysuwa lub wsuwa cylinder, umo\u017cliwiaj\u0105c \u0142y\u017cce wydajne wykonywanie r\u00f3\u017cnych operacji.<\/p>\n<h2>Cechy produktu<\/h2>\n<ul>\n<li><strong>Wysoka wytrzyma\u0142o\u015b\u0107 i trwa\u0142o\u015b\u0107:<\/strong> Wykonane z wytrzyma\u0142ej stali lub aluminium, cylindry te wytrzymuj\u0105 wysokie ci\u015bnienie i du\u017ce obci\u0105\u017cenia, dzi\u0119ki czemu nadaj\u0105 si\u0119 do pracy w trudnych warunkach, a jednocze\u015bnie charakteryzuj\u0105 si\u0119 d\u0142ug\u0105 \u017cywotno\u015bci\u0105.<\/li>\n<li><strong>Wydajna praca uk\u0142adu hydraulicznego:<\/strong> Ci\u015bnienie oleju hydraulicznego umo\u017cliwia p\u0142ynne i responsywne wysuwanie i wsuwanie, zapewniaj\u0105c du\u017c\u0105 si\u0142\u0119 ci\u0105gni\u0119cia i pchania, idealn\u0105 do przenoszenia ci\u0119\u017ckich materia\u0142\u00f3w.<\/li>\n<li><strong>R\u00f3\u017cne typy:<\/strong> Dost\u0119pne w wersji jednostronnego dzia\u0142ania (dzia\u0142aj\u0105cej w jednym kierunku) i dwustronnego dzia\u0142ania (dzia\u0142aj\u0105cej w obu kierunkach), cylindry te mo\u017cna dostosowa\u0107 do konkretnych wymaga\u0144 operacyjnych.<\/li>\n<li><strong>Konstrukcje oszcz\u0119dzaj\u0105ce miejsce:<\/strong> Niekt\u00f3re modele posiadaj\u0105 konstrukcj\u0119 teleskopow\u0105, kt\u00f3ra umo\u017cliwia wi\u0119ksze wysuni\u0119cie urz\u0105dzenia bez zwi\u0119kszania wymiar\u00f3w zewn\u0119trznych, co jest idealnym rozwi\u0105zaniem w przypadku ogranicze\u0144 przestrzennych.<\/li>\n<\/ul>\n<h3>Nasze mo\u017cliwo\u015bci produkcyjne<\/h3>\n<p>Z dum\u0105 produkujemy ten produkt, oferuj\u0105c si\u0142owniki hydrauliczne, kt\u00f3re idealnie zast\u0119puj\u0105 oryginalne jednostki. Nasze zaanga\u017cowanie w jako\u015b\u0107 gwarantuje, \u017ce nasze produkty spe\u0142niaj\u0105, a nawet przewy\u017cszaj\u0105 standardy bran\u017cowe.<\/p>\n<p><img decoding=\"async\" src=\"https:\/\/www.hydraulic-cylinders.net\/wp-content\/uploads\/2025\/04\/songte-cylinder-head-with-all-kinds-excavator-models.webp\" alt=\"Produkcja cylindr\u00f3w hydraulicznych\" \/><\/p>\n<h2>Scenariusze zastosowa\u0144<\/h2>\n<h3>Sprz\u0119t budowlany<\/h3>\n<p>W koparkach si\u0142owniki wysi\u0119gnika odgrywaj\u0105 kluczow\u0105 rol\u0119 w kopaniu, za\u0142adunku i przemieszczaniu ziemi lub gruzu. Umo\u017cliwiaj\u0105 one \u0142y\u017cce sprawn\u0105 penetracj\u0119 gruntu, umo\u017cliwiaj\u0105c szybkie wykonywanie prac ziemnych. W koparko-\u0142adowarkach si\u0142ownik wysi\u0119gnika wspomaga zar\u00f3wno kopanie, jak i podnoszenie, zwi\u0119kszaj\u0105c wydajno\u015b\u0107 na placach budowy.<\/p>\n<h3>Maszyny rolnicze<\/h3>\n<p>\u0141adowarki czo\u0142owe wykorzystuj\u0105 si\u0142owniki wysi\u0119gnika do nabierania, podnoszenia i transportu gleby, siana i innych materia\u0142\u00f3w. Sprawna praca tych si\u0142ownik\u00f3w ma kluczowe znaczenie w pracach rolniczych, poniewa\u017c umo\u017cliwia rolnikom efektywne i minimalne obci\u0105\u017cenie prac\u0105 z materia\u0142ami.<\/p>\n<h3>Zadania wykopaliskowe<\/h3>\n<p>W typowych koparkach si\u0142ownik wysi\u0119gnika umo\u017cliwia zag\u0142\u0119bianie si\u0119 \u0142y\u017cki w gleb\u0119, umo\u017cliwiaj\u0105c efektywne kopanie. Funkcja ta jest niezb\u0119dna do szybkiego i wydajnego wykonywania prac ziemnych, co znacz\u0105co wp\u0142ywa na terminowo\u015b\u0107 realizacji projektu.<\/p>\n<h3>Operacje \u0142adowarki<\/h3>\n<p>W \u0142adowarkach czo\u0142owych si\u0142owniki wysi\u0119gnika wspomagaj\u0105 efektywne podnoszenie i wysypywanie materia\u0142\u00f3w. Ich niezawodne dzia\u0142anie gwarantuje, \u017ce \u0142adowarka poradzi sobie z du\u017cymi \u0142adunkami, przyczyniaj\u0105c si\u0119 do efektywno\u015bci proces\u00f3w za\u0142adunku i roz\u0142adunku.<\/p>\n<h2>Zagadnienia projektowe i kryteria wyboru<\/h2>\n<h3>No\u015bno\u015b\u0107<\/h3>\n<p>When selecting a boom cylinder, understanding the load capacity is crucial. The cylinder must be rated to handle the maximum weight it will encounter during operations. Choosing a cylinder with an inadequate load capacity can lead to failure and safety hazards, compromising both equipment and operator safety. It&#8217;s essential to assess the maximum lifting requirements based on the tasks to be performed.<\/p>\n<h3>Uszczelnienie i trwa\u0142o\u015b\u0107<\/h3>\n<p>Uszczelnienie to kolejny kluczowy aspekt konstrukcyjny. Integralno\u015b\u0107 uszczelnie\u0144 zapobiega wyciekom p\u0142ynu hydraulicznego, co jest niezb\u0119dne do utrzymania ci\u015bnienia i zapewnienia wydajnej pracy. Wysokiej jako\u015bci uszczelnienia wykonane z materia\u0142\u00f3w takich jak poliuretan lub kauczuk nitrylowy zwi\u0119kszaj\u0105 trwa\u0142o\u015b\u0107 i odporno\u015b\u0107 na zu\u017cycie, wyd\u0142u\u017caj\u0105c \u017cywotno\u015b\u0107 si\u0142ownika hydraulicznego. Regularne przegl\u0105dy i konserwacja uszczelnie\u0144 s\u0105 niezb\u0119dne, aby unikn\u0105\u0107 problem\u00f3w z wydajno\u015bci\u0105.<\/p>\n<h3>Funkcje bezpiecze\u0144stwa<\/h3>\n<p>Przy projektowaniu si\u0142ownik\u00f3w hydraulicznych kluczowe znaczenie maj\u0105 zabezpieczenia. Musz\u0105 one zawiera\u0107 mechanizmy zapobiegaj\u0105ce nadmiernemu wyd\u0142u\u017ceniu i zapewniaj\u0105ce, \u017ce si\u0142ownik poradzi sobie z nieoczekiwanymi obci\u0105\u017ceniami. Wdro\u017cenie \u015brodk\u00f3w bezpiecze\u0144stwa, takich jak ko\u0142nierze blokuj\u0105ce i zawory bezpiecze\u0144stwa, ma kluczowe znaczenie dla ochrony zar\u00f3wno maszyn, jak i operator\u00f3w przed potencjalnymi wypadkami.<\/p>\n<h3>Dost\u0119pno\u015b\u0107 konserwacyjna<\/h3>\n<p>Projekt powinien r\u00f3wnie\u017c uwzgl\u0119dnia\u0107 dost\u0119pno\u015b\u0107 serwisow\u0105. Si\u0142owniki hydrauliczne \u0142atwe w serwisowaniu mog\u0105 znacznie skr\u00f3ci\u0107 przestoje i zmniejszy\u0107 koszty konserwacji. Funkcje umo\u017cliwiaj\u0105ce szybk\u0105 wymian\u0119 uszczelnie\u0144, punkt\u00f3w smarowania i otwor\u00f3w inspekcyjnych zwi\u0119kszaj\u0105 og\u00f3ln\u0105 u\u017cyteczno\u015b\u0107 i \u017cywotno\u015b\u0107 si\u0142ownika.<\/p>\n<p><img decoding=\"async\" src=\"https:\/\/www.hydraulic-cylinders.net\/wp-content\/uploads\/2025\/04\/songte-oil-pipes-and-spare-parts.webp\" alt=\"Elementy hydrauliczne\" \/><\/p>\n<h2>Uszczelnianie i smarowanie<\/h2>\n<p>Skuteczno\u015b\u0107 si\u0142ownik\u00f3w hydraulicznych w du\u017cej mierze zale\u017cy od prawid\u0142owego uszczelnienia i smarowania. Do utrzymania ci\u015bnienia hydraulicznego stosuje si\u0119 r\u00f3\u017cne uszczelnienia, takie jak uszczelnienia t\u0142oczysk i t\u0142oczysk. Uszczelnienia s\u0105 zazwyczaj wykonane z trwa\u0142ych materia\u0142\u00f3w, w tym poliuretanu i kauczuku nitrylowego, aby zapewni\u0107 odporno\u015b\u0107 na zu\u017cycie i zapobiega\u0107 wyciekom. Korpus si\u0142ownika i gwintowane ko\u0144c\u00f3wki s\u0105 poddawane precyzyjnej obr\u00f3bce mechanicznej w celu zwi\u0119kszenia odporno\u015bci na zu\u017cycie.<\/p>\n<p>Regularne smarowanie jest r\u00f3wnie\u017c kluczowe dla zapewnienia p\u0142ynnej pracy. Odpowiednia ilo\u015b\u0107 oleju hydraulicznego musi by\u0107 okresowo wtryskiwana, aby zapewni\u0107 smarowanie element\u00f3w wewn\u0119trznych, zapobiegaj\u0105c tarciu i zu\u017cyciu. Przestrzeganie okre\u015blonego harmonogramu smarowania jest kluczowe dla utrzymania wydajno\u015bci i trwa\u0142o\u015bci cylindra.<\/p>\n<h2>\u015arodki konserwacji zapobiegawczej<\/h2>\n<ul>\n<li><strong>Regularne kontrole:<\/strong> Przeprowadzanie rutynowych kontroli pomaga zidentyfikowa\u0107 potencjalne problemy, zanim si\u0119 nasil\u0105. Sprawd\u017a, czy nie ma \u015blad\u00f3w zu\u017cycia, nieszczelno\u015bci i zu\u017cycia podzespo\u0142\u00f3w, aby upewni\u0107 si\u0119, \u017ce si\u0142ownik dzia\u0142a optymalnie.<\/li>\n<li><strong>Prawid\u0142owe smarowanie:<\/strong> Upewnij si\u0119, \u017ce cylinder jest zawsze odpowiednio smarowany. U\u017cywaj zalecanego oleju hydraulicznego i przestrzegaj harmonogramu smarowania, aby utrzyma\u0107 wydajno\u015b\u0107.<\/li>\n<li><strong>Wymiana uszczelki:<\/strong> Uszczelki nale\u017cy okresowo wymienia\u0107 w oparciu o wyniki kontroli. Zu\u017cyte uszczelki mog\u0105 prowadzi\u0107 do wycieku p\u0142ynu, co wp\u0142ywa na wydajno\u015b\u0107 uk\u0142adu hydraulicznego i potencjalnie powoduje uszkodzenia.<\/li>\n<\/ul>\n<h2>Wytyczne dotycz\u0105ce instalacji<\/h2>\n<p>Prawid\u0142owy monta\u017c si\u0142ownika wysi\u0119gnika jest niezb\u0119dny dla optymalnej wydajno\u015bci. Na pocz\u0105tek upewnij si\u0119, \u017ce wsporniki monta\u017cowe s\u0105 czyste i wolne od zanieczyszcze\u0144. Dok\u0142adnie wyr\u00f3wnaj si\u0142ownik z punktami mocowania, aby zapobiec jego niewsp\u00f3\u0142osiowo\u015bci, kt\u00f3ra mo\u017ce prowadzi\u0107 do przedwczesnego zu\u017cycia.<\/p>\n<p>U\u017cyj odpowiednich element\u00f3w monta\u017cowych, aby zabezpieczy\u0107 cylinder na miejscu, upewniaj\u0105c si\u0119, \u017ce \u015bruby s\u0105 dokr\u0119cone zgodnie ze specyfikacj\u0105 producenta. Po monta\u017cu, przed u\u017cyciem, sprawd\u017a dok\u0142adnie ustawienie i funkcjonalno\u015b\u0107 cylindra. Prawid\u0142owe ustawienie zapewnia p\u0142ynn\u0105 i wydajn\u0105 prac\u0119 cylindra, minimalizuj\u0105c zu\u017cycie i wyd\u0142u\u017caj\u0105c jego \u017cywotno\u015b\u0107.<\/p>\n<h2>Typowe zadania konserwacyjne<\/h2>\n<h3>Regularne kontrole<\/h3>\n<p>Regularne kontrole s\u0105 kluczowe dla utrzymania wydajno\u015bci i bezpiecze\u0144stwa si\u0142ownika wysi\u0119gnika. Nale\u017cy zwraca\u0107 uwag\u0119 na oznaki wyciek\u00f3w p\u0142yn\u00f3w, zu\u017cycia i wszelkie nietypowe odg\u0142osy podczas pracy. Regularne kontrole pozwalaj\u0105 operatorom wcze\u015bnie wykry\u0107 problemy i zapobiec kosztownym naprawom.<\/p>\n<h3>Prawid\u0142owe smarowanie<\/h3>\n<p>Zapewnienie odpowiedniego smarowania si\u0142ownika hydraulicznego jest kluczowe dla zapobiegania zu\u017cyciu. Regularne sprawdzanie poziomu smarowania i uzupe\u0142nianie oleju hydraulicznego w razie potrzeby s\u0105 kluczowe dla utrzymania p\u0142ynnej pracy. Odpowiednie smarowanie zmniejsza tarcie mi\u0119dzy ruchomymi cz\u0119\u015bciami, co mo\u017ce prowadzi\u0107 do wyd\u0142u\u017cenia \u017cywotno\u015bci si\u0142ownika.<\/p>\n<h3>Wymiana uszczelki<\/h3>\n<p>Uszczelki to kluczowe elementy, kt\u00f3re wymagaj\u0105 okresowej wymiany. Regularnie sprawdzaj stan uszczelek i wymieniaj je w przypadku wykrycia jakichkolwiek oznak zu\u017cycia lub uszkodzenia. Dbanie o dobry stan uszczelek zapobiega wyciekom p\u0142ynu hydraulicznego i utrzymuje ci\u015bnienie w uk\u0142adzie, co sprzyja wydajnej pracy.<\/p>\n<p><img decoding=\"async\" src=\"https:\/\/www.hydraulic-cylinders.net\/wp-content\/uploads\/2025\/04\/songte-chushion-collar.webp\" alt=\"Cz\u0119\u015bci cylindr\u00f3w hydraulicznych\" \/><\/p>\n<h2>Zagadnienia bezpiecze\u0144stwa i czynniki \u015brodowiskowe<\/h2>\n<p>Podczas pracy z cylindrami hydraulicznymi \u015brodki bezpiecze\u0144stwa s\u0105 najwa\u017cniejsze. Operatorzy musz\u0105 by\u0107 \u015bwiadomi potencjalnych zagro\u017ce\u0144 zwi\u0105zanych z systemami wysokoci\u015bnieniowymi. Odpowiednie przeszkolenie w zakresie bezpiecznej obs\u0142ugi, procedur awaryjnych i przestrzegania protoko\u0142\u00f3w bezpiecze\u0144stwa jest niezb\u0119dne do minimalizacji ryzyka.<\/p>\n<p>Dodatkowo nale\u017cy wzi\u0105\u0107 pod uwag\u0119 czynniki \u015brodowiskowe. Zapewnienie prawid\u0142owego post\u0119powania z p\u0142ynami hydraulicznymi i ich utylizacji chroni zar\u00f3wno \u015brodowisko, jak i bezpiecze\u0144stwo pracownik\u00f3w. Wdro\u017cenie strategii zapobiegania wyciekom i przestrzeganie praktyk przyjaznych dla \u015brodowiska zwi\u0119ksza og\u00f3lne bezpiecze\u0144stwo i zr\u00f3wnowa\u017cony rozw\u00f3j.<\/p>\n<h2>Diagnostyka usterek i typowe problemy<\/h2>\n<ul>\n<li><strong>Wycieki p\u0142yn\u00f3w:<\/strong> Wycieki p\u0142yn\u00f3w cz\u0119sto \u015bwiadcz\u0105 o zu\u017cytych uszczelnieniach lub uszkodzonych podzespo\u0142ach. Regularne kontrole i terminowa wymiana uszczelnie\u0144 s\u0105 kluczowe dla zapobiegania problemom eksploatacyjnym.<\/li>\n<li><strong>Obni\u017cona wydajno\u015b\u0107:<\/strong> Je\u015bli cylinder nie wysuwa si\u0119 ani nie chowa p\u0142ynnie, mo\u017ce to wskazywa\u0107 na niski poziom p\u0142ynu hydraulicznego lub uszkodzenie wewn\u0119trzne. Sprawdzenie poziomu p\u0142ynu i przeprowadzenie dok\u0142adnych kontroli s\u0105 niezb\u0119dne do zidentyfikowania i rozwi\u0105zania problemu.<\/li>\n<li><strong>Nietypowe d\u017awi\u0119ki:<\/strong> Wszelkie nietypowe d\u017awi\u0119ki podczas pracy mog\u0105 wskazywa\u0107 na problemy mechaniczne. Szybkie ustalenie \u017ar\u00f3d\u0142a ha\u0142asu mo\u017ce zapobiec dalszym uszkodzeniom i zapewni\u0107 bezpiecze\u0144stwo.<\/li>\n<\/ul>\n<h2>Wskaz\u00f3wki dotycz\u0105ce rozwi\u0105zywania problem\u00f3w<\/h2>\n<p>Aby skutecznie diagnozowa\u0107 i rozwi\u0105zywa\u0107 problemy, operatorzy powinni stosowa\u0107 podej\u015bcie systemowe. Zacznij od ogl\u0119dzin wzrokowych, aby zidentyfikowa\u0107 wszelkie widoczne problemy, takie jak wycieki czy niewsp\u00f3\u0142osiowo\u015b\u0107. Nast\u0119pnie sprawd\u017a poziom p\u0142ynu hydraulicznego i w razie potrzeby uzupe\u0142nij go, aby utrzyma\u0107 ci\u015bnienie. W przypadku nietypowych odg\u0142os\u00f3w, rozwa\u017c sprawdzenie cylindra pod k\u0105tem oznak zu\u017cycia lub uszkodze\u0144 wewn\u0119trznych.<\/p>\n<p>Wdro\u017cenie \u015brodk\u00f3w zapobiegawczych, takich jak regularna konserwacja i przegl\u0105dy, mo\u017ce znacznie zmniejszy\u0107 prawdopodobie\u0144stwo wyst\u0105pienia potencjalnych problem\u00f3w. Ustalenie harmonogramu rutynowej konserwacji pomo\u017ce utrzyma\u0107 si\u0142ownik hydrauliczny w optymalnym stanie, minimalizuj\u0105c przestoje i koszty napraw.<\/p>\n<p><img decoding=\"async\" src=\"https:\/\/www.hydraulic-cylinders.net\/wp-content\/uploads\/2025\/04\/songte-bushings-with-all-kinds-of-excavator-models.webp\" alt=\"Tuleje koparki\" \/><\/p>\n<h2>O naszej firmie<\/h2>\n<p>Jeste\u015bmy wiod\u0105cym producentem zamiennych cylindr\u00f3w hydraulicznych, oferuj\u0105cym szerok\u0105 gam\u0119 produkt\u00f3w, zar\u00f3wno na rynku krajowym, jak i mi\u0119dzynarodowym. Nasze zaanga\u017cowanie w d\u0105\u017cenie do doskona\u0142o\u015bci w jako\u015bci i precyzji produkcji ugruntowa\u0142o nasz\u0105 pozycj\u0119 czo\u0142owego dostawcy w bran\u017cy cylindr\u00f3w hydraulicznych.<\/p>\n<p>Nasze najnowocze\u015bniejsze zak\u0142ady produkcyjne wykorzystuj\u0105 zaawansowane technologie i wykwalifikowanych specjalist\u00f3w, aby zwi\u0119kszy\u0107 nasze mo\u017cliwo\u015bci produkcyjne. Przestrzegamy rygorystycznych proces\u00f3w kontroli jako\u015bci i mi\u0119dzynarodowych certyfikat\u00f3w, aby zapewni\u0107, \u017ce ka\u017cdy produkt spe\u0142nia najwy\u017csze standardy bran\u017cowe. Ponadto oferujemy rozwi\u0105zania dostosowane do indywidualnych potrzeb naszych klient\u00f3w.<\/p>\n<p>Nasz serwis posprzeda\u017cowy zapewnia ci\u0105g\u0142e wsparcie naszym klientom, dbaj\u0105c o to, aby ich potrzeby by\u0142y zaspokojone nawet po zakupie. Nasz profesjonalny zesp\u00f3\u0142 jest zawsze gotowy do pomocy w przypadku jakichkolwiek pyta\u0144, napraw lub wymian.<\/p>\n<p><img decoding=\"async\" src=\"https:\/\/www.hydraulic-cylinders.net\/wp-content\/uploads\/2025\/04\/songte-company-4.webp\" alt=\"Przegl\u0105d firmy\" \/><br \/>\n<img decoding=\"async\" src=\"https:\/\/www.hydraulic-cylinders.net\/wp-content\/uploads\/2025\/04\/songte-company-3.webp\" alt=\"Zak\u0142ad produkcyjny\" \/><\/p>\n<p>Autor: lyl<\/p>","protected":false},"excerpt":{"rendered":"<p>Boom Cylinder For Caterpillar Small Excavator E305ECR Product Overview The Boom Cylinder for Caterpillar Small Excavator E305ECR is an essential hydraulic component that plays a pivotal role in the functionality of heavy machinery. This type of hydraulic cylinder is specifically designed to control the movements of excavator buckets, allowing operators to lift, lower, and tilt [&hellip;]<\/p>","protected":false},"featured_media":17877,"comment_status":"open","ping_status":"closed","template":"","meta":{"_et_pb_use_builder":"","_et_pb_old_content":"","_et_gb_content_width":""},"product_brand":[],"product_cat":[1546],"product_tag":[1547,1496],"class_list":{"0":"post-18920","1":"product","2":"type-product","3":"status-publish","4":"has-post-thumbnail","6":"product_cat-boom-cylinders","7":"product_tag-boom-cylinders","8":"product_tag-hydraulic-cylinders","10":"first","11":"instock","12":"shipping-taxable","13":"product-type-simple"},"amp_enabled":true,"_links":{"self":[{"href":"https:\/\/www.hydraulic-cylinders.net\/pl\/wp-json\/wp\/v2\/product\/18920","targetHints":{"allow":["GET"]}}],"collection":[{"href":"https:\/\/www.hydraulic-cylinders.net\/pl\/wp-json\/wp\/v2\/product"}],"about":[{"href":"https:\/\/www.hydraulic-cylinders.net\/pl\/wp-json\/wp\/v2\/types\/product"}],"replies":[{"embeddable":true,"href":"https:\/\/www.hydraulic-cylinders.net\/pl\/wp-json\/wp\/v2\/comments?post=18920"}],"wp:featuredmedia":[{"embeddable":true,"href":"https:\/\/www.hydraulic-cylinders.net\/pl\/wp-json\/wp\/v2\/media\/17877"}],"wp:attachment":[{"href":"https:\/\/www.hydraulic-cylinders.net\/pl\/wp-json\/wp\/v2\/media?parent=18920"}],"wp:term":[{"taxonomy":"product_brand","embeddable":true,"href":"https:\/\/www.hydraulic-cylinders.net\/pl\/wp-json\/wp\/v2\/product_brand?post=18920"},{"taxonomy":"product_cat","embeddable":true,"href":"https:\/\/www.hydraulic-cylinders.net\/pl\/wp-json\/wp\/v2\/product_cat?post=18920"},{"taxonomy":"product_tag","embeddable":true,"href":"https:\/\/www.hydraulic-cylinders.net\/pl\/wp-json\/wp\/v2\/product_tag?post=18920"}],"curies":[{"name":"wp","href":"https:\/\/api.w.org\/{rel}","templated":true}]}}