{"id":1893,"date":"2023-10-19T06:07:27","date_gmt":"2023-10-19T06:07:27","guid":{"rendered":"https:\/\/hydraulic-cylinders.net\/?post_type=product&#038;p=1893"},"modified":"2025-04-11T02:51:59","modified_gmt":"2025-04-11T02:51:59","slug":"open-tbm-support-shoe-cylinder","status":"publish","type":"product","link":"https:\/\/www.hydraulic-cylinders.net\/pl\/produkt\/open-tbm-support-shoe-cylinder\/","title":{"rendered":"Otwarty cylinder podpory TBM"},"content":{"rendered":"<h1 style=\"text-align: center;\"><strong>Otwarty cylinder podpory TBM<\/strong><\/h1>\n<p><img loading=\"lazy\" decoding=\"async\" class=\"aligncenter wp-image-1894\" src=\"https:\/\/hydraulic-cylinders.net\/wp-content\/uploads\/2023\/10\/support-shoe-cylinder-1-300x300.webp\" alt=\"\" width=\"400\" height=\"400\" \/><\/p>\n<p>Otwarty si\u0142ownik podpory TBM to najnowocze\u015bniejszy element hydrauliczny zaprojektowany w celu zwi\u0119kszenia stabilno\u015bci i wydajno\u015bci maszyn dr\u0105\u017c\u0105cych tunele (TBM). Ten specjalistyczny si\u0142ownik podtrzymuje g\u0142owic\u0119 urabiaj\u0105c\u0105 TBM podczas wykop\u00f3w, zapewniaj\u0105c precyzyjn\u0105 kontrol\u0119, zwi\u0119kszon\u0105 wydajno\u015b\u0107 i bezpiecze\u0144stwo. W tym obszernym artykule om\u00f3wiono kluczowe cechy, metody u\u017cytkowania i wytyczne dotycz\u0105ce konserwacji otwartego si\u0142ownika podpory TBM.<\/p>\n<p>Otwarty si\u0142ownik podporowy TBM to najnowocze\u015bniejszy element hydrauliczny, kt\u00f3ry zwi\u0119ksza stabilno\u015b\u0107 i wydajno\u015b\u0107 podczas dr\u0105\u017cenia tuneli. Dzi\u0119ki zwi\u0119kszonej stabilno\u015bci, precyzyjnej kontroli, ulepszonym funkcjom bezpiecze\u0144stwa i trwa\u0142ej konstrukcji, si\u0142ownik ten zapewnia wydajne i bezpieczne dr\u0105\u017cenie tuneli. Przestrzegaj\u0105c zalecanych metod u\u017cytkowania i regularnej konserwacji, otwarty si\u0142ownik podporowy TBM b\u0119dzie nadal zapewnia\u0142 doskona\u0142\u0105 wydajno\u015b\u0107, przyczyniaj\u0105c si\u0119 do sukcesu projekt\u00f3w dr\u0105\u017cenia tuneli. Zwi\u0119ksz wydajno\u015b\u0107 swoich operacji dr\u0105\u017cenia tuneli dzi\u0119ki stabilno\u015bci i niezawodno\u015bci oferowanej przez otwarty si\u0142ownik podporowy TBM.<\/p>\n<p>Charakterystyka klucza cylindra buta podporowego TBM Open:<\/p>\n<ul>\n<li>Zwi\u0119kszona stabilno\u015b\u0107: Otwarty cylinder podpory TBM zapewnia wyj\u0105tkow\u0105 stabilno\u015b\u0107 g\u0142owicy tn\u0105cej zespo\u0142u. Jego solidna konstrukcja i wysoka no\u015bno\u015b\u0107 gwarantuj\u0105 stabilno\u015b\u0107 g\u0142owicy tn\u0105cej nawet w trudnych warunkach geologicznych, minimalizuj\u0105c wibracje i poprawiaj\u0105c og\u00f3ln\u0105 dok\u0142adno\u015b\u0107 wykop\u00f3w.<\/li>\n<li>Precyzyjna kontrola: Wyposa\u017cony w zaawansowane uk\u0142ady hydrauliczne, si\u0142ownik ten zapewnia precyzyjn\u0105 kontrol\u0119 nad ruchem stopy podporowej. Operatorzy mog\u0105 regulowa\u0107 wysuwanie i wsuwanie si\u0142ownika, co pozwala na precyzyjne dostrojenie po\u0142o\u017cenia TBM i optymalizacj\u0119 jego wydajno\u015bci w r\u00f3\u017cnych formacjach gruntowych.<\/li>\n<li>Zwi\u0119kszone bezpiecze\u0144stwo: Otwarty cylinder podpory TBM wyposa\u017cony jest w funkcje bezpiecze\u0144stwa, takie jak zabezpieczenie przed przeci\u0105\u017ceniem i mechanizmy zatrzymania awaryjnego. Funkcje te pomagaj\u0105 zapobiega\u0107 dzia\u0142aniu nadmiernych si\u0142 na podpor\u0119, zapewniaj\u0105c bezpiecze\u0144stwo operator\u00f3w TBM i minimalizuj\u0105c ryzyko uszkodzenia sprz\u0119tu.<\/li>\n<li>Trwa\u0142o\u015b\u0107 i niezawodno\u015b\u0107: Wykonany z wysokiej jako\u015bci materia\u0142\u00f3w, otwarty cylinder podporowy TBM zosta\u0142 zaprojektowany tak, aby sprosta\u0107 trudnym warunkom panuj\u0105cym podczas dr\u0105\u017cenia tuneli. Jego solidna konstrukcja gwarantuje d\u0142ugotrwa\u0142\u0105 trwa\u0142o\u015b\u0107, niezawodno\u015b\u0107 i sta\u0142\u0105 wydajno\u015b\u0107, redukuj\u0105c przestoje i koszty konserwacji.<\/li>\n<\/ul>\n<h2><strong>Otw\u00f3rz parametry cylindra buta podporowego TBM:<\/strong><\/h2>\n<table border=\"1\" cellspacing=\"0\" cellpadding=\"0\">\n<tbody>\n<tr>\n<td>Nazwa produktu<\/td>\n<td>Cylinder podporowy otwartej maszyny do wiercenia tuneli<\/td>\n<\/tr>\n<tr>\n<td>Cechy:<\/td>\n<td>Zapewnia si\u0142\u0119 ci\u0105gu podczas dr\u0105\u017cenia tunelu g\u0142owic\u0105 tn\u0105c\u0105<\/td>\n<\/tr>\n<tr>\n<td>\u015arednica otworu:<\/td>\n<td>\u00a0480 mm\uff5e1000 mm<\/td>\n<\/tr>\n<tr>\n<td>\u015arednica pr\u0119ta:<\/td>\n<td>400 mm\uff5e730 mm<br \/>\nSkok 400 mm \uff5e 825 mm<\/td>\n<\/tr>\n<tr>\n<td>Ci\u015bnienie:<\/td>\n<td>do 35 MPa<\/td>\n<\/tr>\n<tr>\n<td>Zastosowania:<\/td>\n<td>Otwarta maszyna do dr\u0105\u017cenia tuneli<\/td>\n<\/tr>\n<\/tbody>\n<\/table>\n<h2><strong>Otwarte zastosowanie cylindra TBM:<\/strong><\/h2>\n<p><img loading=\"lazy\" decoding=\"async\" class=\"alignnone wp-image-1899 size-full\" src=\"https:\/\/hydraulic-cylinders.net\/wp-content\/uploads\/2023\/10\/open-tbm-cylinder-1.webp\" alt=\"\" width=\"709\" height=\"473\" srcset=\"https:\/\/hydraulic-cylinders.net\/wp-content\/uploads\/2023\/10\/open-tbm-cylinder-1.webp 709w, https:\/\/hydraulic-cylinders.net\/wp-content\/uploads\/2023\/10\/open-tbm-cylinder-1-480x320.webp 480w\" sizes=\"(min-width: 0px) and (max-width: 480px) 480px, (min-width: 481px) 709px, 100vw\" \/><\/p>\n<h2><strong>Metoda u\u017cytkowania otwartego cylindra podporowego TBM<\/strong><strong>:<\/strong><\/h2>\n<ul>\n<li><strong>Monta\u017c cylindra:<\/strong>\u00a0 Zamontuj otwarty cylinder podpory TBM zgodnie z instrukcj\u0105 producenta. Zapewnij prawid\u0142owe ustawienie i bezpieczne zamocowanie do konstrukcji TBM za pomoc\u0105 odpowiednich wspornik\u00f3w monta\u017cowych lub akcesori\u00f3w.<\/li>\n<li><strong>Integracja uk\u0142adu hydraulicznego:<\/strong> Pod\u0142\u0105cz cylinder do uk\u0142adu hydraulicznego TBM za pomoc\u0105 kompatybilnych w\u0119\u017cy i \u200b\u200bz\u0142\u0105czek. Sprawd\u017a, czy wszystkie po\u0142\u0105czenia s\u0105 solidne, szczelne i odpowiednio dokr\u0119cone, aby zapewni\u0107 optymaln\u0105 wydajno\u015b\u0107 hydrauliczn\u0105.<\/li>\n<li><strong>Regulacja po\u0142o\u017cenia:<\/strong>\u00a0 Zapoznaj si\u0119 z elementami steruj\u0105cymi charakterystycznymi dla cylindra buta podporowego otwartej maszyny TBM. Za pomoc\u0105 tych element\u00f3w steruj\u0105cych mo\u017cesz regulowa\u0107 wysuwanie i wsuwanie cylindra, co pozwala na precyzyjne ustawienie buta podporowego w zale\u017cno\u015bci od warunk\u00f3w gruntowych i zachowanie stabilno\u015bci podczas wykop\u00f3w.<\/li>\n<li><strong>\u015arodki ostro\u017cno\u015bci:<\/strong>\u00a0 Przestrzegaj wszystkich protoko\u0142\u00f3w bezpiecze\u0144stwa i wytycznych producenta maszyny TBM. Upewnij si\u0119, \u017ce operatorzy s\u0105 przeszkoleni w zakresie bezpiecznej obs\u0142ugi maszyny TBM i otwartego cylindra podpory maszyny TBM. Regularnie sprawdzaj mechanizmy bezpiecze\u0144stwa i wykonuj zalecane czynno\u015bci konserwacyjne, aby zapewni\u0107 prawid\u0142owe dzia\u0142anie.<\/li>\n<\/ul>\n<h2><strong>Jak odpowietrzy\u0107 si\u0142ownik hydrauliczny?<\/strong><\/h2>\n<p>Odpowietrzanie si\u0142ownika hydraulicznego to niezb\u0119dna procedura konserwacyjna, kt\u00f3ra zapewnia optymaln\u0105 wydajno\u015b\u0107 i zapobiega problemom, takim jak g\u0105bczasta lub nier\u00f3wnomierna praca. Oto instrukcja krok po kroku, jak odpowietrzy\u0107 si\u0142ownik hydrauliczny:<\/p>\n<ol>\n<li><strong>Bezpiecze\u0144stwo przede wszystkim:<\/strong> Przed przyst\u0105pieniem do prac konserwacyjnych nale\u017cy upewni\u0107 si\u0119, \u017ce uk\u0142ad hydrauliczny jest rozhermetyzowany i sprz\u0119t jest bezpiecznie zabezpieczony przed przypadkowym ruchem.<\/li>\n<li><strong>Zidentyfikuj zaw\u00f3r odpowietrzaj\u0105cy:<\/strong> Znajd\u017a zaw\u00f3r odpowietrzaj\u0105cy na si\u0142owniku hydraulicznym. Zaw\u00f3r odpowietrzaj\u0105cy to zazwyczaj ma\u0142a \u015bruba lub zaw\u00f3r umieszczony na korpusie si\u0142ownika lub w pobli\u017cu przy\u0142\u0105czy hydraulicznych.<\/li>\n<li><strong>Pozycjonowanie:<\/strong> Przesu\u0144 cylinder do miejsca, w kt\u00f3rym zaw\u00f3r odpowietrzaj\u0105cy b\u0119dzie dost\u0119pny i umieszczony w najwy\u017cszym punkcie cylindra. Takie ustawienie pozwala uwi\u0119zionemu powietrzu unosi\u0107 si\u0119 i \u0142atwiej wydostawa\u0107.<\/li>\n<li><strong>Otw\u00f3rz zaw\u00f3r odpowietrzaj\u0105cy:<\/strong> Ostro\u017cnie otw\u00f3rz zaw\u00f3r odpowietrzaj\u0105cy za pomoc\u0105 odpowiedniego klucza lub narz\u0119dzia, obracaj\u0105c go w kierunku przeciwnym do ruchu wskaz\u00f3wek zegara. Upewnij si\u0119, \u017ce masz pojemnik lub odpowiednie urz\u0105dzenie do zbierania p\u0142ynu hydraulicznego, kt\u00f3ry wycieknie podczas odpowietrzania.<\/li>\n<li><strong>Pozw\u00f3l powietrzu uciec:<\/strong> Powoli wysuwaj lub wsuwaj cylinder za pomoc\u0105 element\u00f3w steruj\u0105cych uk\u0142adu hydraulicznego. Ta czynno\u015b\u0107 pomaga wytworzy\u0107 przep\u0142yw p\u0142ynu w cylindrze i umo\u017cliwia uj\u015bcie uwi\u0119zionego powietrza przez otwarty zaw\u00f3r odpowietrzaj\u0105cy. Kontynuuj prac\u0119 cylindra, a\u017c zauwa\u017cysz sta\u0142y przep\u0142yw p\u0142ynu hydraulicznego bez p\u0119cherzyk\u00f3w powietrza.<\/li>\n<li><strong>Zamknij zaw\u00f3r odpowietrzaj\u0105cy:<\/strong> Gdy p\u0142yn hydrauliczny zacznie swobodnie przep\u0142ywa\u0107 i nie b\u0119dzie wida\u0107 p\u0119cherzyk\u00f3w powietrza, zamknij zaw\u00f3r odpowietrzaj\u0105cy, obracaj\u0105c go zgodnie z ruchem wskaz\u00f3wek zegara. Uwa\u017caj, aby nie dokr\u0119ci\u0107 zaworu zbyt mocno, aby unikn\u0105\u0107 uszkodzenia gwint\u00f3w.<\/li>\n<li><strong>Sprawd\u017a i uzupe\u0142nij p\u0142yn:<\/strong> Sprawd\u017a poziom p\u0142ynu hydraulicznego w zbiorniku i upewnij si\u0119, \u017ce jest on zgodny z zalecanym. W razie potrzeby dolej p\u0142ynu hydraulicznego, aby utrzyma\u0107 prawid\u0142owy poziom. Informacje na temat prawid\u0142owego typu i specyfikacji p\u0142ynu hydraulicznego znajduj\u0105 si\u0119 w instrukcji obs\u0142ugi urz\u0105dzenia.<\/li>\n<li><strong>Operacja testowa:<\/strong> Po odpowietrzeniu cylindra hydraulicznego i upewnieniu si\u0119, \u017ce poziom p\u0142ynu jest prawid\u0142owy, nale\u017cy sprawdzi\u0107 dzia\u0142anie urz\u0105dzenia. Nale\u017cy upewni\u0107 si\u0119, \u017ce cylinder dzia\u0142a p\u0142ynnie, bez \u017cadnych nieregularno\u015bci i luz\u00f3w.<\/li>\n<li><strong>W razie konieczno\u015bci powt\u00f3rz:<\/strong> W niekt\u00f3rych przypadkach uporczywe p\u0119cherzyki powietrza mog\u0105 wymaga\u0107 kilku cykli odpowietrzania. Je\u015bli nadal widzisz uwi\u0119zione powietrze lub wyst\u0119puje niestabilna praca, powt\u00f3rz proces odpowietrzania.<\/li>\n<\/ol>\n<h2><strong>Mo\u017cliwo\u015bci i pojemno\u015b\u0107 fabryki:<\/strong><\/h2>\n<h3>(1) Monta\u017c<\/h3>\n<p>Dysponujemy najwy\u017cszej klasy niezale\u017cn\u0105 platform\u0105 badawczo-rozwojow\u0105. Warsztat produkcji si\u0142ownik\u00f3w hydraulicznych posiada cztery p\u00f3\u0142automatyczne linie monta\u017cowe si\u0142ownik\u00f3w podnosz\u0105cych i jedn\u0105 automatyczn\u0105 lini\u0119 monta\u017cow\u0105 si\u0142ownik\u00f3w przechy\u0142u, o projektowanej rocznej zdolno\u015bci produkcyjnej 1 miliona sztuk. Specjalny warsztat cylindr\u00f3w jest wyposa\u017cony w r\u00f3\u017cne specyfikacje p\u00f3\u0142automatycznego systemu monta\u017cu czyszcz\u0105cego o projektowanej rocznej zdolno\u015bci produkcyjnej 200 000 i wyposa\u017cony w s\u0142ynny sprz\u0119t do obr\u00f3bki CNC, centrum obr\u00f3bcze, specjalny sprz\u0119t do precyzyjnej obr\u00f3bki cylindr\u00f3w, robot spawalniczy, automatyczna maszyna czyszcz\u0105ca, automatyczna maszyna do monta\u017cu cylindr\u00f3w i automatyczna linia produkcyjna do malowania. Istniej\u0105cy krytyczny sprz\u0119t sk\u0142ada si\u0119 z ponad 300 zestaw\u00f3w. Optymalna alokacja i efektywne wykorzystanie zasob\u00f3w sprz\u0119towych zapewniaj\u0105 wymagania dotycz\u0105ce dok\u0142adno\u015bci produkt\u00f3w i spe\u0142niaj\u0105 potrzeby wysokiej jako\u015bci produkt\u00f3w.<\/p>\n<p><img loading=\"lazy\" decoding=\"async\" class=\"alignnone wp-image-626\" src=\"https:\/\/hydraulic-cylinders.net\/wp-content\/uploads\/2023\/08\/hydraulic-cylinder-product-1-300x158.webp\" alt=\"\" width=\"495\" height=\"260\" srcset=\"https:\/\/hydraulic-cylinders.net\/wp-content\/uploads\/2023\/08\/hydraulic-cylinder-product-1-300x158.webp 495w, https:\/\/hydraulic-cylinders.net\/wp-content\/uploads\/2023\/08\/hydraulic-cylinder-product-1-480x252.webp 480w\" sizes=\"(min-width: 0px) and (max-width: 480px) 480px, (min-width: 481px) 495px, 100vw\" \/> <img loading=\"lazy\" decoding=\"async\" class=\"alignnone wp-image-627\" src=\"https:\/\/hydraulic-cylinders.net\/wp-content\/uploads\/2023\/08\/hydraulic-cylinder-product-2-300x189.webp\" alt=\"\" width=\"413\" height=\"260\" \/><\/p>\n<h3>(2) Obr\u00f3bka<\/h3>\n<p>Warsztat obr\u00f3bki skrawaniem jest wyposa\u017cony w niestandardowe centrum tokarskie z pochylon\u0105 szyn\u0105, centrum obr\u00f3bcze, szybkobie\u017cn\u0105 honownic\u0119, robota spawalniczego i inny powi\u0105zany sprz\u0119t, kt\u00f3ry mo\u017ce obs\u0142ugiwa\u0107 przetwarzanie rur cylindrycznych o maksymalnej \u015brednicy wewn\u0119trznej 400 mm i maksymalnej d\u0142ugo\u015bci 6 metr\u00f3w.<\/p>\n<p><img loading=\"lazy\" decoding=\"async\" class=\"alignnone wp-image-628 size-large\" src=\"https:\/\/hydraulic-cylinders.net\/wp-content\/uploads\/2023\/08\/hydraulic-cylinder-product-3-1024x391.webp\" alt=\"\" width=\"1024\" height=\"391\" srcset=\"https:\/\/hydraulic-cylinders.net\/wp-content\/uploads\/2023\/08\/hydraulic-cylinder-product-3-980x374.webp 980w, https:\/\/hydraulic-cylinders.net\/wp-content\/uploads\/2023\/08\/hydraulic-cylinder-product-3-480x183.webp 480w\" sizes=\"(min-width: 0px) and (max-width: 480px) 480px, (min-width: 481px) and (max-width: 980px) 980px, (min-width: 981px) 1024px, 100vw\" \/><\/p>\n<h3>(3) Spawanie<\/h3>\n<p><img loading=\"lazy\" decoding=\"async\" class=\"alignnone wp-image-629 size-large\" src=\"https:\/\/hydraulic-cylinders.net\/wp-content\/uploads\/2023\/08\/hydraulic-cylinder-product-4-1024x510.webp\" alt=\"\" width=\"1024\" height=\"510\" srcset=\"https:\/\/hydraulic-cylinders.net\/wp-content\/uploads\/2023\/08\/hydraulic-cylinder-product-4-980x488.webp 980w, https:\/\/hydraulic-cylinders.net\/wp-content\/uploads\/2023\/08\/hydraulic-cylinder-product-4-480x239.webp 480w\" sizes=\"(min-width: 0px) and (max-width: 480px) 480px, (min-width: 481px) and (max-width: 980px) 980px, (min-width: 981px) 1024px, 100vw\" \/><\/p>\n<h3>(4) Malowanie i powlekanie<\/h3>\n<p>Z ma\u0142ymi i \u015brednimi automatycznymi liniami do powlekania farbami na bazie wody, w celu osi\u0105gni\u0119cia automatycznego za\u0142adunku i roz\u0142adunku robota oraz automatycznego natryskiwania, wydajno\u015b\u0107 projektowa 4000 sztuk na zmian\u0119;<br \/>\nPosiadamy r\u00f3wnie\u017c p\u00f3\u0142automatyczn\u0105 lini\u0119 do produkcji farb do du\u017cych cylindr\u00f3w nap\u0119dzan\u0105 \u0142a\u0144cuchem nap\u0119dowym, o wydajno\u015bci 60 skrzy\u0144 na zmian\u0119.<\/p>\n<p><img loading=\"lazy\" decoding=\"async\" class=\"alignnone wp-image-630\" src=\"https:\/\/hydraulic-cylinders.net\/wp-content\/uploads\/2023\/08\/hydraulic-cylinder-product-5-300x213.webp\" alt=\"\" width=\"366\" height=\"260\" \/> <img loading=\"lazy\" decoding=\"async\" class=\"alignnone wp-image-631\" src=\"https:\/\/hydraulic-cylinders.net\/wp-content\/uploads\/2023\/08\/hydraulic-cylinder-product-6-300x225.webp\" alt=\"\" width=\"347\" height=\"260\" \/><\/p>\n<h3>(5) Testowanie<\/h3>\n<p>Dysponujemy najwy\u017cszej klasy urz\u0105dzeniami kontrolnymi i stanowiskami testowymi, aby zapewni\u0107, \u017ce wydajno\u015b\u0107 cylindra spe\u0142nia wymagania.<\/p>\n<p><img loading=\"lazy\" decoding=\"async\" class=\"alignnone wp-image-632\" src=\"https:\/\/hydraulic-cylinders.net\/wp-content\/uploads\/2023\/08\/hydraulic-cylinder-product-8-300x200.webp\" alt=\"\" width=\"389\" height=\"260\" \/><\/p>\n<p>&nbsp;<\/p>\n<p>&nbsp;<\/p>\n<p>Jeste\u015bmy jednym z najlepszych producent\u00f3w cylindr\u00f3w hydraulicznych. Oferujemy kompleksow\u0105 ofert\u0119 cylindr\u00f3w hydraulicznych. Dostarczamy r\u00f3wnie\u017c\u2026 <a href=\"https:\/\/hzpt.com\/agricultural-pto-gearbox\/\" target=\"_blank\" rel=\"noopener\">przek\u0142adnie rolnicze<\/a>. Eksportowali\u015bmy nasze produkty do klient\u00f3w na ca\u0142ym \u015bwiecie i zdobyli\u015bmy dobr\u0105 reputacj\u0119 dzi\u0119ki najwy\u017cszej jako\u015bci produkt\u00f3w i us\u0142ug posprzeda\u017cnych. Zapraszamy klient\u00f3w w kraju i za granic\u0105 do kontaktu z nami w celu negocjacji biznesowych, wymiany informacji i <a href=\"https:\/\/www.hydraulic-cylinders.net\/pl\/contact-us\/\">wsp\u00f3\u0142pracowa\u0107 z nami<\/a>!<\/p>\n<p>&nbsp;<\/p>","protected":false},"excerpt":{"rendered":"<p>Open TBM Support Shoe Cylinder The open tbm support shoe cylinder is a state-of-the-art hydraulic component designed to enhance the stability and performance of tunnel boring machines (tbms). This specialized cylinder supports the tbm&#8217;s cutting head during excavation, ensuring precise control, increased efficiency, and improved safety. This comprehensive article will explore the key characteristics, usage [&hellip;]<\/p>","protected":false},"featured_media":1895,"comment_status":"open","ping_status":"closed","template":"","meta":{"_et_pb_use_builder":"","_et_pb_old_content":"","_et_gb_content_width":""},"product_brand":[],"product_cat":[1519,1549],"product_tag":[1380],"class_list":{"0":"post-1893","1":"product","2":"type-product","3":"status-publish","4":"has-post-thumbnail","6":"product_cat-shield-machine-hydraulic-cylinders","7":"product_cat-single-acting-hydraulic-cylinder","8":"product_tag-hydraulic-cylinder","10":"first","11":"instock","12":"shipping-taxable","13":"product-type-simple"},"amp_enabled":true,"_links":{"self":[{"href":"https:\/\/www.hydraulic-cylinders.net\/pl\/wp-json\/wp\/v2\/product\/1893","targetHints":{"allow":["GET"]}}],"collection":[{"href":"https:\/\/www.hydraulic-cylinders.net\/pl\/wp-json\/wp\/v2\/product"}],"about":[{"href":"https:\/\/www.hydraulic-cylinders.net\/pl\/wp-json\/wp\/v2\/types\/product"}],"replies":[{"embeddable":true,"href":"https:\/\/www.hydraulic-cylinders.net\/pl\/wp-json\/wp\/v2\/comments?post=1893"}],"wp:featuredmedia":[{"embeddable":true,"href":"https:\/\/www.hydraulic-cylinders.net\/pl\/wp-json\/wp\/v2\/media\/1895"}],"wp:attachment":[{"href":"https:\/\/www.hydraulic-cylinders.net\/pl\/wp-json\/wp\/v2\/media?parent=1893"}],"wp:term":[{"taxonomy":"product_brand","embeddable":true,"href":"https:\/\/www.hydraulic-cylinders.net\/pl\/wp-json\/wp\/v2\/product_brand?post=1893"},{"taxonomy":"product_cat","embeddable":true,"href":"https:\/\/www.hydraulic-cylinders.net\/pl\/wp-json\/wp\/v2\/product_cat?post=1893"},{"taxonomy":"product_tag","embeddable":true,"href":"https:\/\/www.hydraulic-cylinders.net\/pl\/wp-json\/wp\/v2\/product_tag?post=1893"}],"curies":[{"name":"wp","href":"https:\/\/api.w.org\/{rel}","templated":true}]}}