{"id":18939,"date":"2025-04-07T06:03:18","date_gmt":"2025-04-07T06:03:18","guid":{"rendered":"https:\/\/www.hydraulic-cylinders.net\/product\/boom-cylinder-for-caterpillar-small-excavator-e308e\/"},"modified":"2025-04-07T06:03:20","modified_gmt":"2025-04-07T06:03:20","slug":"boom-cylinder-for-caterpillar-small-excavator-e308e","status":"publish","type":"product","link":"https:\/\/www.hydraulic-cylinders.net\/pl\/produkt\/boom-cylinder-for-caterpillar-small-excavator-e308e\/","title":{"rendered":"Si\u0142ownik wysi\u0119gnika do ma\u0142ej koparki Caterpillar E308E"},"content":{"rendered":"<h1>Si\u0142ownik wysi\u0119gnika do ma\u0142ej koparki Caterpillar E308E<\/h1>\n<h2>Wprowadzenie do cylindra wysi\u0119gnika<\/h2>\n<p>Si\u0142ownik wysi\u0119gnika to kluczowy element zaprojektowany specjalnie do r\u00f3\u017cnych maszyn ci\u0119\u017ckich, szczeg\u00f3lnie w budownictwie i pracach ziemnych. Ten si\u0142ownik hydrauliczny odpowiada za sterowanie ruchem wysi\u0119gnika koparki, umo\u017cliwiaj\u0105c jego podnoszenie, opuszczanie i przechylanie. Ta funkcjonalno\u015b\u0107 jest niezb\u0119dna do wydajnego transportu materia\u0142\u00f3w, umo\u017cliwiaj\u0105c operatorom wykonywanie r\u00f3\u017cnorodnych czynno\u015bci, takich jak kopanie, podnoszenie i transport materia\u0142\u00f3w.<\/p>\n<p><img decoding=\"async\" src=\"https:\/\/www.hydraulic-cylinders.net\/wp-content\/uploads\/2025\/04\/songte-company-1.webp\" alt=\"Si\u0142ownik wysi\u0119gnika\" \/><\/p>\n<h3>Zrozumienie cylindr\u00f3w kube\u0142kowych<\/h3>\n<p>Si\u0142ownik czerpakowy mo\u017cna zdefiniowa\u0107 jako rodzaj si\u0142ownika hydraulicznego wykorzystywanego specjalnie do sterowania ruchem \u0142y\u017cek w r\u00f3\u017cnych maszynach ci\u0119\u017ckich, takich jak koparki, koparko-\u0142adowarki i \u0142adowarki czo\u0142owe. Zapewnia on \u0142y\u017cce mo\u017cliwo\u015b\u0107 wykonywania podstawowych funkcji, takich jak podnoszenie, opuszczanie i przechylanie, kt\u00f3re s\u0105 kluczowe dla efektywnego transportu materia\u0142\u00f3w. Dzia\u0142anie tych si\u0142ownik\u00f3w opiera si\u0119 na ci\u015bnieniu hydraulicznym, co pozwala im wywiera\u0107 znaczn\u0105 si\u0142\u0119, zachowuj\u0105c jednocze\u015bnie precyzyjn\u0105 kontrol\u0119 nad ruchami \u0142y\u017cki.<\/p>\n<h2>Cechy cylindra wysi\u0119gnika<\/h2>\n<ul>\n<li><strong>Wysoka wytrzyma\u0142o\u015b\u0107 i trwa\u0142o\u015b\u0107:<\/strong> Cylindry te, wykonane zazwyczaj z wytrzyma\u0142ej stali lub aluminium, s\u0105 zaprojektowane tak, aby wytrzymywa\u0107 wysokie ci\u015bnienie i du\u017ce obci\u0105\u017cenia, dzi\u0119ki czemu nadaj\u0105 si\u0119 do pracy w trudnych warunkach.<\/li>\n<li><strong>Wydajna praca uk\u0142adu hydraulicznego:<\/strong> Wykorzystuj\u0105c ci\u015bnienie p\u0142ynu hydraulicznego, si\u0142ownik wysi\u0119gnika umo\u017cliwia p\u0142ynne i szybkie wysuwanie i wsuwanie, dostarczaj\u0105c mocnych wra\u017ce\u0144 podczas pchania i ci\u0105gni\u0119cia, idealnych do ci\u0119\u017ckich zastosowa\u0144.<\/li>\n<li><strong>Dost\u0119pne r\u00f3\u017cne typy:<\/strong> Dost\u0119pne s\u0105 cylindry jednostronnego dzia\u0142ania (praca hydrauliczna w jednym kierunku) i dwustronnego dzia\u0142ania (praca hydrauliczna w obu kierunkach), kt\u00f3re odpowiadaj\u0105 r\u00f3\u017cnym wymaganiom operacyjnym.<\/li>\n<li><strong>Kompaktowe konstrukcje:<\/strong> Niekt\u00f3re modele posiadaj\u0105 konstrukcj\u0119 teleskopow\u0105, kt\u00f3ra umo\u017cliwia wi\u0119ksze wysuni\u0119cie urz\u0105dzenia bez zwi\u0119kszania jego wymiar\u00f3w zewn\u0119trznych, dzi\u0119ki czemu idealnie nadaj\u0105 si\u0119 do zastosowa\u0144 w ograniczonej przestrzeni.<\/li>\n<li><strong>Odporno\u015b\u0107 na warunki \u015brodowiskowe:<\/strong> Zaprojektowane tak, aby by\u0142y odporne na zu\u017cycie i korozj\u0119, cylindry te cz\u0119sto wykonane s\u0105 z materia\u0142\u00f3w, kt\u00f3re zwi\u0119kszaj\u0105 ich trwa\u0142o\u015b\u0107 i niezawodno\u015b\u0107 w zmiennych warunkach klimatycznych.<\/li>\n<\/ul>\n<h2>Nasze mo\u017cliwo\u015bci produkcyjne<\/h2>\n<p>Jeste\u015bmy w stanie wyprodukowa\u0107 ten produkt, oferuj\u0105c wysokiej jako\u015bci cylindry hydrauliczne, kt\u00f3re doskonale zast\u0105pi\u0105 istniej\u0105ce na rynku modele.<\/p>\n<p><img decoding=\"async\" src=\"https:\/\/www.hydraulic-cylinders.net\/wp-content\/uploads\/2025\/04\/songte-cylinder-head-with-all-kinds-excavator-models.webp\" alt=\"Produkcja cylindr\u00f3w hydraulicznych\" \/><\/p>\n<h2>Zastosowania cylindr\u00f3w wysi\u0119gnika<\/h2>\n<h3>Sprz\u0119t budowlany<\/h3>\n<p>W koparkach si\u0142owniki wysi\u0119gnika s\u0105 niezb\u0119dne do kopania, za\u0142adunku i przemieszczania gleby lub gruzu. Umo\u017cliwiaj\u0105 precyzyjn\u0105 kontrol\u0119 g\u0142\u0119boko\u015bci i k\u0105ta nachylenia \u0142y\u017cki, co jest kluczowe dla efektywnego wykonywania prac ziemnych. W koparko-\u0142adowarkach si\u0142owniki te wspomagaj\u0105 zar\u00f3wno kopanie, jak i podnoszenie, umo\u017cliwiaj\u0105c operatorom p\u0142ynne wykonywanie skomplikowanych operacji.<\/p>\n<h3>Maszyny rolnicze<\/h3>\n<p>Si\u0142owniki wysi\u0119gnika, stosowane w \u0142adowarkach czo\u0142owych, s\u0105 niezb\u0119dne do nabierania, podnoszenia i transportu gleby, siana i innych materia\u0142\u00f3w. Ich zdolno\u015b\u0107 do zapewnienia znacznej si\u0142y ud\u017awigu poprawia wydajno\u015b\u0107 w r\u00f3\u017cnych pracach rolniczych, co czyni je niezast\u0105pionymi dla rolnik\u00f3w.<\/p>\n<h3>Koparki<\/h3>\n<p>W koparkach si\u0142ownik wysi\u0119gnika u\u0142atwia kopanie, umo\u017cliwiaj\u0105c \u0142y\u017cce skuteczne zag\u0142\u0119bianie si\u0119 w gleb\u0119. Uk\u0142ad hydrauliczny umo\u017cliwia maszynie radzenie sobie z trudnymi warunkami gruntowymi, zwi\u0119kszaj\u0105c og\u00f3ln\u0105 wydajno\u015b\u0107 sprz\u0119tu.<\/p>\n<h3>\u0141adowarki<\/h3>\n<p>W \u0142adowarkach czo\u0142owych si\u0142owniki wysi\u0119gnika umo\u017cliwiaj\u0105 wydajne podnoszenie i zrzucanie \u0142adunk\u00f3w. Ich solidna konstrukcja gwarantuje, \u017ce poradz\u0105 sobie z ci\u0119\u017carem ci\u0119\u017ckich materia\u0142\u00f3w, optymalizuj\u0105c tym samym procesy za\u0142adunku i roz\u0142adunku w pracach budowlanych i ogrodniczych.<\/p>\n<h2>Zagadnienia projektowe i kryteria wyboru<\/h2>\n<h3>No\u015bno\u015b\u0107<\/h3>\n<p>Przy wyborze si\u0142ownika wysi\u0119gnika kluczowe znaczenie ma zrozumienie jego ud\u017awigu. Ta specyfikacja okre\u015bla maksymalny ci\u0119\u017car, jaki si\u0142ownik mo\u017ce unie\u015b\u0107 i powinna by\u0107 dostosowana do wymaga\u0144 operacyjnych maszyny, aby zapewni\u0107 bezpiecze\u0144stwo i wydajno\u015b\u0107. Przeci\u0105\u017cenie mo\u017ce prowadzi\u0107 do przedwczesnej awarii, wp\u0142ywaj\u0105c zar\u00f3wno na wydajno\u015b\u0107, jak i bezpiecze\u0144stwo.<\/p>\n<h3>Integralno\u015b\u0107 uszczelnienia<\/h3>\n<p>Uszczelnienie to kolejny istotny aspekt konstrukcyjny, kt\u00f3ry zapobiega wyciekom p\u0142ynu hydraulicznego. Aby zwi\u0119kszy\u0107 trwa\u0142o\u015b\u0107, cz\u0119sto stosuje si\u0119 wysokiej jako\u015bci uszczelki wykonane z materia\u0142\u00f3w takich jak poliuretan i kauczuk nitrylowy. Prawid\u0142owe uszczelnienie zapewnia wydajne dzia\u0142anie uk\u0142adu hydraulicznego i minimalizuje potrzeby konserwacyjne.<\/p>\n<h3>Trwa\u0142o\u015b\u0107<\/h3>\n<p>Trwa\u0142o\u015b\u0107 ma istotny wp\u0142yw na konstrukcj\u0119 si\u0142ownik\u00f3w wysi\u0119gnika, szczeg\u00f3lnie w wymagaj\u0105cych warunkach. Zastosowane materia\u0142y musz\u0105 by\u0107 odporne na zu\u017cycie i korozj\u0119, co wyd\u0142u\u017ca \u017cywotno\u015b\u0107 si\u0142ownika. Regularna ocena zu\u017cycia mo\u017ce pom\u00f3c w utrzymaniu wydajno\u015bci operacyjnej i bezpiecze\u0144stwa.<\/p>\n<h3>Funkcje bezpiecze\u0144stwa<\/h3>\n<p>W uk\u0142adach hydraulicznych najwa\u017cniejsze s\u0105 zabezpieczenia. Dobrze zaprojektowany si\u0142ownik wysi\u0119gnika powinien by\u0107 wyposa\u017cony w mechanizmy zapobiegaj\u0105ce nag\u0142ym skokom ci\u015bnienia, kt\u00f3re mog\u0142yby spowodowa\u0107 powa\u017cne awarie. Zainstalowanie zawor\u00f3w bezpiecze\u0144stwa i system\u00f3w zabezpieczaj\u0105cych przed przeci\u0105\u017ceniem jest niezb\u0119dne dla bezpiecze\u0144stwa pracy.<\/p>\n<h3>Utrzymywalno\u015b\u0107<\/h3>\n<p>Konstrukcja z my\u015bl\u0105 o \u0142atwo\u015bci konserwacji gwarantuje \u0142atwo\u015b\u0107 serwisowania i napraw. Funkcje takie jak \u0142atwo dost\u0119pne smarowniczki, czytelne oznaczenia czynno\u015bci konserwacyjnych oraz modu\u0142owa konstrukcja u\u0142atwiaj\u0105 regularn\u0105 konserwacj\u0119, co jest kluczowe dla d\u0142ugotrwa\u0142ej eksploatacji.<\/p>\n<p><img decoding=\"async\" src=\"https:\/\/www.hydraulic-cylinders.net\/wp-content\/uploads\/2025\/04\/songte-oil-pipes-and-spare-parts.webp\" alt=\"Cz\u0119\u015bci cylindr\u00f3w hydraulicznych\" \/><\/p>\n<h2>Uszczelnianie i smarowanie<\/h2>\n<p>Skuteczne uszczelnienie i smarowanie maj\u0105 kluczowe znaczenie dla optymalnego funkcjonowania si\u0142ownik\u00f3w wysi\u0119gnika. R\u00f3\u017cne elementy uszczelniaj\u0105ce, takie jak uszczelnienia t\u0142oka i t\u0142oczyska, odgrywaj\u0105 istotn\u0105 rol\u0119 w utrzymaniu ci\u015bnienia w uk\u0142adzie. Uszczelnienia wykonane z trwa\u0142ych materia\u0142\u00f3w, takich jak poliuretan i kauczuk nitrylowy, s\u0105 dobierane ze wzgl\u0119du na ich odporno\u015b\u0107 na zu\u017cycie i czynniki \u015brodowiskowe.<\/p>\n<p>Korpus cylindra i gwintowane powierzchnie ko\u0144cowe musz\u0105 zosta\u0107 poddane precyzyjnej obr\u00f3bce mechanicznej, aby zwi\u0119kszy\u0107 odporno\u015b\u0107 na zu\u017cycie i zapewni\u0107 dok\u0142adne dopasowanie uszczelek. Dodatkowo, regularne smarowanie olejem hydraulicznym jest niezb\u0119dne, aby zmniejszy\u0107 tarcie, zapobiec zu\u017cyciu i zapewni\u0107 p\u0142ynn\u0105 prac\u0119. Olej ten nale\u017cy okresowo uzupe\u0142nia\u0107, aby utrzyma\u0107 wydajno\u015b\u0107 cylindra.<\/p>\n<h2>\u015arodki konserwacyjne<\/h2>\n<ul>\n<li><strong>Regularne kontrole:<\/strong> Regularne kontrole pomagaj\u0105 zidentyfikowa\u0107 potencjalne problemy, zanim stan\u0105 si\u0119 powa\u017cne. Szukaj oznak zu\u017cycia, wyciek\u00f3w lub innych nieprawid\u0142owo\u015bci.<\/li>\n<li><strong>W\u0142a\u015bciwe smarowanie:<\/strong> Upewnij si\u0119, \u017ce cylinder jest odpowiednio smarowany, aby zminimalizowa\u0107 tarcie i zu\u017cycie. U\u017cywaj zalecanego rodzaju oleju hydraulicznego i przestrzegaj regularnego harmonogramu smarowania.<\/li>\n<li><strong>Wymiana uszczelki:<\/strong> Regularnie sprawdzaj stan uszczelek i wymieniaj je, je\u015bli to konieczne, aby zapobiec wyciekom i zapewni\u0107 wydajn\u0105 prac\u0119 urz\u0105dzenia.<\/li>\n<\/ul>\n<h2>Prawid\u0142owe wytyczne dotycz\u0105ce instalacji<\/h2>\n<p>Prawid\u0142owy monta\u017c si\u0142ownika wysi\u0119gnika ma kluczowe znaczenie dla optymalnej pracy. Najpierw upewnij si\u0119, \u017ce wszystkie powierzchnie monta\u017cowe s\u0105 czyste i wolne od zanieczyszcze\u0144. Dok\u0142adnie wyr\u00f3wnaj si\u0142ownik z punktami mocowania w maszynie. Wa\u017cne jest, aby u\u017cy\u0107 odpowiednich wspornik\u00f3w monta\u017cowych, aby zabezpieczy\u0107 si\u0142ownik na miejscu, zapobiegaj\u0105c jego rozbie\u017cno\u015bciom, kt\u00f3re mog\u0142yby prowadzi\u0107 do przedwczesnego zu\u017cycia lub awarii. Upewnij si\u0119, \u017ce \u015bruby mocuj\u0105ce s\u0105 dokr\u0119cone zgodnie ze specyfikacj\u0105 producenta, aby unikn\u0105\u0107 poluzowania podczas pracy.<\/p>\n<p>Po monta\u017cu nale\u017cy sprawdzi\u0107 szczelno\u015b\u0107 po\u0142\u0105cze\u0144 hydraulicznych, aby zapobiec wyciekom. Nale\u017cy upewni\u0107 si\u0119, \u017ce w\u0119\u017ce s\u0105 prawid\u0142owo poprowadzone, aby unikn\u0105\u0107 za\u0142ama\u0144 lub ostrych zakr\u0119t\u00f3w, kt\u00f3re mog\u0142yby ograniczy\u0107 przep\u0142yw. Po monta\u017cu nale\u017cy przeprowadzi\u0107 test funkcjonalny, aby upewni\u0107 si\u0119, \u017ce cylinder dzia\u0142a p\u0142ynnie i skutecznie. Regularnie sprawdzaj konfiguracj\u0119 instalacji, aby zapewni\u0107 bezpiecze\u0144stwo i wydajno\u015b\u0107.<\/p>\n<p><img decoding=\"async\" src=\"https:\/\/www.hydraulic-cylinders.net\/wp-content\/uploads\/2025\/04\/songte-chushion-collar.webp\" alt=\"Monta\u017c si\u0142ownika wysi\u0119gnika\" \/><\/p>\n<h2>Zagadnienia bezpiecze\u0144stwa i czynniki \u015brodowiskowe<\/h2>\n<p>Podczas u\u017cytkowania si\u0142ownik\u00f3w wysi\u0119gnika, przestrzeganie zasad bezpiecze\u0144stwa jest niezwykle istotne. Operatorzy musz\u0105 by\u0107 przeszkoleni w zakresie prawid\u0142owej obs\u0142ugi maszyn, aby zapobiega\u0107 wypadkom. Regularne kontrole konserwacyjne s\u0105 niezb\u0119dne, aby upewni\u0107 si\u0119, \u017ce wszystkie podzespo\u0142y dzia\u0142aj\u0105 prawid\u0142owo, a zabezpieczenia s\u0105 nienaruszone. Nale\u017cy r\u00f3wnie\u017c wzi\u0105\u0107 pod uwag\u0119 czynniki \u015brodowiskowe; praca w ekstremalnych warunkach mo\u017ce wymaga\u0107 specjalnych adaptacji si\u0142ownika w celu zwi\u0119kszenia jego odporno\u015bci na zu\u017cycie i korozj\u0119.<\/p>\n<h2>Rozwi\u0105zywanie problem\u00f3w i typowe problemy<\/h2>\n<ul>\n<li><strong>Wycieki oleju:<\/strong> Sprawd\u017a, czy nie ma \u015blad\u00f3w wyciek\u00f3w p\u0142ynu hydraulicznego, kt\u00f3re mog\u0105 wskazywa\u0107 na uszkodzenie uszczelek lub nieprawid\u0142owe po\u0142\u0105czenia. Sprawd\u017a uszczelki i wymie\u0144 je w razie potrzeby.<\/li>\n<li><strong>Powolny ruch:<\/strong> Je\u015bli cylinder porusza si\u0119 powoli, mo\u017ce to wskazywa\u0107 na niski poziom p\u0142ynu hydraulicznego lub zator w przewodach hydraulicznych. Sprawd\u017a poziom p\u0142ynu i usu\u0144 wszelkie przeszkody.<\/li>\n<li><strong>Nadmierny ha\u0142as:<\/strong> Nietypowy ha\u0142as podczas pracy mo\u017ce wskazywa\u0107 na uszkodzenie wewn\u0119trzne lub niedostateczne smarowanie. Zbadaj \u017ar\u00f3d\u0142o ha\u0142asu i zajmij si\u0119 ewentualnymi czynno\u015bciami konserwacyjnymi.<\/li>\n<\/ul>\n<p>Dzi\u0119ki szybkiemu reagowaniu na te powszechnie wyst\u0119puj\u0105ce problemy operatorzy mog\u0105 zminimalizowa\u0107 przestoje i utrzyma\u0107 wydajno\u015b\u0107 swoich uk\u0142ad\u00f3w hydraulicznych.<\/p>\n<p><img decoding=\"async\" src=\"https:\/\/www.hydraulic-cylinders.net\/wp-content\/uploads\/2025\/04\/songte-bushings-with-all-kinds-of-excavator-models.webp\" alt=\"Rozwi\u0105zywanie problem\u00f3w z si\u0142ownikiem hydraulicznym\" \/><\/p>\n<h2>Przegl\u0105d firmy<\/h2>\n<p>Jeste\u015bmy wiod\u0105cym producentem i dostawc\u0105 si\u0142ownik\u00f3w hydraulicznych, oferuj\u0105cym szerok\u0105 gam\u0119 produkt\u00f3w, kt\u00f3re spe\u0142niaj\u0105 wymagania rynku krajowego i mi\u0119dzynarodowego. Nasze d\u0105\u017cenie do doskona\u0142o\u015bci motywuje nas do wdra\u017cania udoskonalonych strategii produkcyjnych i stosowania wysokiej jako\u015bci praktyk zarz\u0105dzania produkcj\u0105. Wykorzystujemy wykwalifikowanych specjalist\u00f3w, zaawansowany sprz\u0119t do produkcji cyfrowej oraz solidne systemy testowe, aby zwi\u0119kszy\u0107 nasze mo\u017cliwo\u015bci produkcyjne.<\/p>\n<p>Nasza wysoka wydajno\u015b\u0107, precyzja i standardy jako\u015bci pozwalaj\u0105 nam sprosta\u0107 zr\u00f3\u017cnicowanym potrzebom klient\u00f3w. Oferujemy r\u00f3wnie\u017c us\u0142ugi dostosowane do indywidualnych potrzeb, gwarantuj\u0105c, \u017ce nasze produkty spe\u0142niaj\u0105 specyficzne wymagania w r\u00f3\u017cnych zastosowaniach. Nasz serwis posprzeda\u017cowy gwarantuje klientom niezb\u0119dne wsparcie przez ca\u0142y cykl \u017cycia naszych produkt\u00f3w.<\/p>\n<p><img decoding=\"async\" src=\"https:\/\/www.hydraulic-cylinders.net\/wp-content\/uploads\/2025\/04\/songte-company-4.webp\" alt=\"Przegl\u0105d firmy\" \/><br \/>\n<img decoding=\"async\" src=\"https:\/\/www.hydraulic-cylinders.net\/wp-content\/uploads\/2025\/04\/songte-company-3.webp\" alt=\"Produkcja firmy\" \/><\/p>\n<p>Autor: lyl<\/p>","protected":false},"excerpt":{"rendered":"<p>Boom Cylinder For Caterpillar Small Excavator E308E Introduction to Boom Cylinder The Boom Cylinder is a critical component designed specifically for various heavy machinery, particularly in construction and excavation applications. This hydraulic cylinder is responsible for controlling the movement of the excavator&#8217;s boom, allowing it to lift, lower, and tilt. This functionality is essential for [&hellip;]<\/p>","protected":false},"featured_media":17881,"comment_status":"open","ping_status":"closed","template":"","meta":{"_et_pb_use_builder":"","_et_pb_old_content":"","_et_gb_content_width":""},"product_brand":[],"product_cat":[1546],"product_tag":[1547,1496],"class_list":{"0":"post-18939","1":"product","2":"type-product","3":"status-publish","4":"has-post-thumbnail","6":"product_cat-boom-cylinders","7":"product_tag-boom-cylinders","8":"product_tag-hydraulic-cylinders","10":"first","11":"instock","12":"shipping-taxable","13":"product-type-simple"},"amp_enabled":true,"_links":{"self":[{"href":"https:\/\/www.hydraulic-cylinders.net\/pl\/wp-json\/wp\/v2\/product\/18939","targetHints":{"allow":["GET"]}}],"collection":[{"href":"https:\/\/www.hydraulic-cylinders.net\/pl\/wp-json\/wp\/v2\/product"}],"about":[{"href":"https:\/\/www.hydraulic-cylinders.net\/pl\/wp-json\/wp\/v2\/types\/product"}],"replies":[{"embeddable":true,"href":"https:\/\/www.hydraulic-cylinders.net\/pl\/wp-json\/wp\/v2\/comments?post=18939"}],"wp:featuredmedia":[{"embeddable":true,"href":"https:\/\/www.hydraulic-cylinders.net\/pl\/wp-json\/wp\/v2\/media\/17881"}],"wp:attachment":[{"href":"https:\/\/www.hydraulic-cylinders.net\/pl\/wp-json\/wp\/v2\/media?parent=18939"}],"wp:term":[{"taxonomy":"product_brand","embeddable":true,"href":"https:\/\/www.hydraulic-cylinders.net\/pl\/wp-json\/wp\/v2\/product_brand?post=18939"},{"taxonomy":"product_cat","embeddable":true,"href":"https:\/\/www.hydraulic-cylinders.net\/pl\/wp-json\/wp\/v2\/product_cat?post=18939"},{"taxonomy":"product_tag","embeddable":true,"href":"https:\/\/www.hydraulic-cylinders.net\/pl\/wp-json\/wp\/v2\/product_tag?post=18939"}],"curies":[{"name":"wp","href":"https:\/\/api.w.org\/{rel}","templated":true}]}}