{"id":18941,"date":"2025-04-07T06:03:23","date_gmt":"2025-04-07T06:03:23","guid":{"rendered":"https:\/\/www.hydraulic-cylinders.net\/product\/boom-cylinder-for-caterpillar-small-excavator-e313d\/"},"modified":"2025-04-07T06:03:25","modified_gmt":"2025-04-07T06:03:25","slug":"boom-cylinder-for-caterpillar-small-excavator-e313d","status":"publish","type":"product","link":"https:\/\/www.hydraulic-cylinders.net\/pl\/produkt\/boom-cylinder-for-caterpillar-small-excavator-e313d\/","title":{"rendered":"Si\u0142ownik wysi\u0119gnika do ma\u0142ej koparki Caterpillar E313D"},"content":{"rendered":"<h1>Si\u0142ownik wysi\u0119gnika do ma\u0142ej koparki Caterpillar E313D<\/h1>\n<h2>Zrozumienie cylindra wysi\u0119gnika<\/h2>\n<p>Si\u0142ownik wysi\u0119gnika to specjalistyczny si\u0142ownik hydrauliczny przeznaczony do sterowania ruchem \u0142y\u017cek w ci\u0119\u017ckich maszynach, takich jak koparki, koparko-\u0142adowarki i \u0142adowarki czo\u0142owe. Umo\u017cliwia on podnoszenie, opuszczanie i przechylanie \u0142y\u017cki, u\u0142atwiaj\u0105c wydajne przenoszenie materia\u0142\u00f3w. W uk\u0142adach hydraulicznych si\u0142ownik wysi\u0119gnika odgrywa kluczow\u0105 rol\u0119, przekszta\u0142caj\u0105c ci\u015bnienie hydrauliczne w ruch liniowy, umo\u017cliwiaj\u0105c operatorom precyzyjn\u0105 obs\u0142ug\u0119 osprz\u0119tu maszyn.<\/p>\n<p><img decoding=\"async\" src=\"https:\/\/www.hydraulic-cylinders.net\/wp-content\/uploads\/2025\/04\/songte-company-1.webp\" alt=\"Obraz cylindra wysi\u0119gnika\" \/><\/p>\n<h3>Definicja i przegl\u0105d<\/h3>\n<p>Si\u0142ownik wysi\u0119gnika jest dostosowany do wykonywania skomplikowanych zada\u0144 wymaganych w operacjach ci\u0119\u017ckiego sprz\u0119tu. Pe\u0142ni\u0105c funkcj\u0119 kluczowego elementu, umo\u017cliwia pionowy i poziomy ruch \u0142y\u017cki, co jest niezb\u0119dne podczas rob\u00f3t ziemnych, prac budowlanych i rozbi\u00f3rkowych. Dzi\u0119ki wykorzystaniu p\u0142ynu hydraulicznego pod ci\u015bnieniem, si\u0142ownik mo\u017ce sprawnie wykonywa\u0107 czynno\u015bci, kt\u00f3re by\u0142yby uci\u0105\u017cliwe w przypadku r\u0119cznego wykonywania, znacznie zwi\u0119kszaj\u0105c wydajno\u015b\u0107 i bezpiecze\u0144stwo na placach budowy.<\/p>\n<h2>Cechy cylindra wysi\u0119gnika<\/h2>\n<ul>\n<li><strong>Wysoka wytrzyma\u0142o\u015b\u0107 i trwa\u0142o\u015b\u0107:<\/strong> Zazwyczaj wykonane z wysokowytrzyma\u0142ej stali lub aluminium, te cylindry wytrzymuj\u0105 wysokie ci\u015bnienie i du\u017ce obci\u0105\u017cenia, dzi\u0119ki czemu nadaj\u0105 si\u0119 do pracy w trudnych warunkach. Zaprojektowano je z my\u015bl\u0105 o odporno\u015bci na zu\u017cycie i korozj\u0119, aby wyd\u0142u\u017cy\u0107 ich \u017cywotno\u015b\u0107.<\/li>\n<li><strong>Wydajna praca uk\u0142adu hydraulicznego:<\/strong> Si\u0142ownik wysi\u0119gnika wykorzystuje ci\u015bnienie p\u0142ynu hydraulicznego, aby zapewni\u0107 p\u0142ynne ruchy wysuwania i wsuwania. Pozwala to na szybk\u0105 reakcj\u0119 na polecenia steruj\u0105ce i zapewnia du\u017c\u0105 si\u0142\u0119 pchania i ci\u0105gni\u0119cia, odpowiedni\u0105 do podnoszenia ci\u0119\u017ckich obiekt\u00f3w i wykonywania skomplikowanych zada\u0144 operacyjnych.<\/li>\n<li><strong>R\u00f3\u017cne typy:<\/strong> W zale\u017cno\u015bci od potrzeb eksploatacyjnych, cylindry mog\u0105 by\u0107 jednostronnego dzia\u0142ania (dzia\u0142aj\u0105ce w jednym kierunku) lub dwustronnego dzia\u0142ania (dzia\u0142aj\u0105ce w obu kierunkach). Niekt\u00f3re modele posiadaj\u0105 konstrukcj\u0119 teleskopow\u0105, umo\u017cliwiaj\u0105c\u0105 wi\u0119ksze wysuni\u0119cie bez zwi\u0119kszania wymiar\u00f3w zewn\u0119trznych, co jest idealne w zastosowaniach o ograniczonej przestrzeni.<\/li>\n<\/ul>\n<h3>Nasze mo\u017cliwo\u015bci produkcyjne<\/h3>\n<p>Specjalizujemy si\u0119 w produkcji tego produktu, a nasze cylindry doskonale zast\u0105pi\u0105 te stosowane w r\u00f3\u017cnych uk\u0142adach hydraulicznych.<\/p>\n<p><img decoding=\"async\" src=\"https:\/\/www.hydraulic-cylinders.net\/wp-content\/uploads\/2025\/04\/songte-cylinder-head-with-all-kinds-excavator-models.webp\" alt=\"Modele koparek\" \/><\/p>\n<h2>Zastosowania cylindra wysi\u0119gnika<\/h2>\n<ul>\n<li><strong>Sprz\u0119t budowlany:<\/strong> W koparkach si\u0142owniki wysi\u0119gnika odgrywaj\u0105 kluczow\u0105 rol\u0119 w kopaniu, za\u0142adunku i przemieszczaniu ziemi lub gruzu. U\u0142atwiaj\u0105 one zar\u00f3wno kopanie, jak i podnoszenie w koparko-\u0142adowarkach, co czyni je niezb\u0119dnymi w pracach budowlanych.<\/li>\n<li><strong>Maszyny rolnicze:<\/strong> Si\u0142owniki wysi\u0119gnika stosowane w \u0142adowarkach czo\u0142owych pomagaj\u0105 w nabieraniu, podnoszeniu i transporcie gleby, siana i innych materia\u0142\u00f3w, zwi\u0119kszaj\u0105c wydajno\u015b\u0107 rolnictwa.<\/li>\n<li><strong>Koparki:<\/strong> Si\u0142ownik \u0142y\u017cki umo\u017cliwia koparce skuteczn\u0105 penetracj\u0119 gleby, co pozwala na wydajne kopanie i minimalizuje zm\u0119czenie operatora.<\/li>\n<li><strong>\u0141adowarki:<\/strong> W \u0142adowarkach czo\u0142owych si\u0142owniki wysi\u0119gnika pomagaj\u0105 w wydajnym podnoszeniu i zrzucaniu \u0142adunk\u00f3w, co przek\u0142ada si\u0119 na kr\u00f3tszy czas realizacji zada\u0144 na placach budowy.<\/li>\n<\/ul>\n<h2>Zagadnienia projektowe i kryteria wyboru<\/h2>\n<ul>\n<li><strong>No\u015bno\u015b\u0107:<\/strong> Jednym z najwa\u017cniejszych czynnik\u00f3w branych pod uwag\u0119 przy wyborze si\u0142ownika wysi\u0119gnika jest jego ud\u017awig. Musi on by\u0107 w stanie ud\u017awign\u0105\u0107 maksymalne obci\u0105\u017cenie, jakiemu b\u0119dzie poddawany podczas pracy. Czynnik ten nie tylko zapewnia bezpiecze\u0144stwo, ale tak\u017ce wyd\u0142u\u017ca \u017cywotno\u015b\u0107 si\u0142ownika. Aby dobra\u0107 odpowiedni si\u0142ownik do konkretnych zada\u0144, nale\u017cy zapozna\u0107 si\u0119 z tabelami ud\u017awigu i specyfikacjami producent\u00f3w. Niedoszacowanie ud\u017awigu mo\u017ce prowadzi\u0107 do powa\u017cnych awarii, a przeszacowanie \u2013 do niepotrzebnych koszt\u00f3w.<\/li>\n<li><strong>Skuteczno\u015b\u0107 uszczelnienia:<\/strong> Prawid\u0142owe uszczelnienie ma kluczowe znaczenie dla utrzymania ci\u015bnienia hydraulicznego i zapobiegania wyciekom p\u0142ynu. Si\u0142ownik powinien by\u0107 wyposa\u017cony w wysokiej jako\u015bci uszczelnienia, odporne na trudne warunki panuj\u0105ce na placach budowy. Regularna konserwacja jest niezb\u0119dna, aby zapewni\u0107 skuteczno\u015b\u0107 uszczelnie\u0144, poniewa\u017c zu\u017cycie mo\u017ce z czasem prowadzi\u0107 do spadku wydajno\u015bci i utraty p\u0142ynu hydraulicznego. Wyb\u00f3r uszczelnie\u0144 wykonanych z trwa\u0142ych materia\u0142\u00f3w, takich jak poliuretan lub kauczuk nitrylowy, mo\u017ce zwi\u0119kszy\u0107 niezawodno\u015b\u0107 si\u0142ownika.<\/li>\n<li><strong>Trwa\u0142o\u015b\u0107:<\/strong> Materia\u0142y u\u017cyte do budowy si\u0142ownika wysi\u0119gnika maj\u0105 znacz\u0105cy wp\u0142yw na jego trwa\u0142o\u015b\u0107. Cz\u0119sto stosuje si\u0119 stopy o wysokiej wytrzyma\u0142o\u015bci, aby zapewni\u0107 wytrzyma\u0142o\u015b\u0107 si\u0142ownika na trudne warunki pracy bez ryzyka zu\u017cycia lub awarii. Dodatkowo, obr\u00f3bka powierzchni, taka jak chromowanie, zapewnia dodatkow\u0105 ochron\u0119 przed korozj\u0105 i zu\u017cyciem, wyd\u0142u\u017caj\u0105c \u017cywotno\u015b\u0107 si\u0142ownika w trudnych warunkach.<\/li>\n<li><strong>Funkcje bezpiecze\u0144stwa:<\/strong> Bezpiecze\u0144stwo jest priorytetem w uk\u0142adach hydraulicznych. Konstrukcja si\u0142ownika wysi\u0119gnika powinna obejmowa\u0107 funkcje zapobiegaj\u0105ce niekontrolowanym ruchom, takie jak zawory bezpiecze\u0144stwa, kt\u00f3re mog\u0105 uwolni\u0107 nadmierne ci\u015bnienie podczas pracy. Odpowiednie \u015brodki bezpiecze\u0144stwa mog\u0105 zapobiec wypadkom i obra\u017ceniom na placu budowy. Podczas projektowania i doboru komponent\u00f3w hydraulicznych wa\u017cne jest r\u00f3wnie\u017c przestrzeganie norm i przepis\u00f3w bran\u017cowych, aby zapewni\u0107 zgodno\u015b\u0107 z normami bezpiecze\u0144stwa.<\/li>\n<li><strong>Dost\u0119pno\u015b\u0107 konserwacyjna:<\/strong> Dobrze zaprojektowany si\u0142ownik wysi\u0119gnika powinien umo\u017cliwia\u0107 \u0142atw\u0105 konserwacj\u0119 i napraw\u0119. Funkcje takie jak zdejmowane za\u015blepki i \u0142atwo dost\u0119pne punkty smarowania mog\u0105 upro\u015bci\u0107 czynno\u015bci konserwacyjne. Regularne przegl\u0105dy i konserwacja zapobiegawcza mog\u0105 pom\u00f3c w identyfikacji i rozwi\u0105zaniu potencjalnych problem\u00f3w, zanim si\u0119 nasil\u0105, zapewniaj\u0105c optymalne dzia\u0142anie si\u0142ownika przez ca\u0142y okres jego eksploatacji.<\/li>\n<\/ul>\n<p><img decoding=\"async\" src=\"https:\/\/www.hydraulic-cylinders.net\/wp-content\/uploads\/2025\/04\/songte-oil-pipes-and-spare-parts.webp\" alt=\"Elementy hydrauliczne\" \/><\/p>\n<h2>Uszczelnienie i smarowanie cylindra hydraulicznego<\/h2>\n<p>Wydajno\u015b\u0107 si\u0142ownika wysi\u0119gnika w du\u017cym stopniu zale\u017cy od skutecznego uszczelnienia i smarowania. Stosowane s\u0105 r\u00f3\u017cne uszczelnienia, w tym uszczelnienia t\u0142okowe i t\u0142oczyskowe, kt\u00f3re cz\u0119sto wykonane s\u0105 z materia\u0142\u00f3w odpornych na zu\u017cycie, takich jak poliuretan i kauczuk nitrylowy. Powierzchnie korpusu si\u0142ownika i gwintowane ko\u0144c\u00f3wki s\u0105 precyzyjnie obrabiane mechanicznie, aby zwi\u0119kszy\u0107 odporno\u015b\u0107 na zu\u017cycie i zapewni\u0107 szczelno\u015b\u0107.<\/p>\n<p>Regularne smarowanie jest kluczowe dla optymalnej wydajno\u015bci. Olej hydrauliczny nale\u017cy okresowo uzupe\u0142nia\u0107, aby utrzyma\u0107 odpowiedni poziom smaru, zapobiegaj\u0105c tarciu i zu\u017cyciu cz\u0119\u015bci ruchomych. Odpowiednie smarowanie minimalizuje ryzyko przegrzania i wyd\u0142u\u017ca \u017cywotno\u015b\u0107 cylindra, dlatego rutynowe kontrole s\u0105 niezb\u0119dne dla zapewnienia sprawno\u015bci operacyjnej.<\/p>\n<h2>\u015arodki konserwacji zapobiegawczej<\/h2>\n<ul>\n<li><strong>Regularne kontrole:<\/strong> Planowe przegl\u0105dy s\u0105 kluczowe dla wczesnego wykrywania zu\u017cycia, wyciek\u00f3w i innych potencjalnych problem\u00f3w. Operatorzy powinni sprawdza\u0107, czy nie ma \u015blad\u00f3w wyciek\u00f3w p\u0142ynu hydraulicznego wok\u00f3\u0142 uszczelek i po\u0142\u0105cze\u0144 przewod\u00f3w, a tak\u017ce sprawdza\u0107 stan samego cylindra pod k\u0105tem uszkodze\u0144 lub korozji.<\/li>\n<li><strong>Kontrola smarowania:<\/strong> Utrzymanie odpowiedniego poziomu smarowania jest kluczowe. Operatorzy powinni regularnie monitorowa\u0107 poziom p\u0142ynu hydraulicznego i uzupe\u0142nia\u0107 go w razie potrzeby, aby zapewni\u0107 p\u0142ynn\u0105 prac\u0119. Ponadto powinni sprawdza\u0107 jako\u015b\u0107 oleju hydraulicznego i wymienia\u0107 go, je\u015bli wykazuje oznaki zanieczyszczenia lub degradacji.<\/li>\n<li><strong>Wymiana uszczelek i kontrola kalibracji:<\/strong> Uszczelki nale\u017cy regularnie sprawdza\u0107 i proaktywnie wymienia\u0107, aby zapobiec wyciekom p\u0142ynu hydraulicznego. Operatorzy powinni r\u00f3wnie\u017c przeprowadza\u0107 kontrole kalibracji, aby upewni\u0107 si\u0119, \u017ce si\u0142ownik reaguje precyzyjnie na polecenia steruj\u0105ce, dostosowuj\u0105c ustawienia w razie potrzeby, aby utrzyma\u0107 optymaln\u0105 wydajno\u015b\u0107.<\/li>\n<\/ul>\n<h2>Wytyczne dotycz\u0105ce monta\u017cu si\u0142ownika wysi\u0119gnika<\/h2>\n<p>Prawid\u0142owy monta\u017c si\u0142ownika wysi\u0119gnika ma kluczowe znaczenie dla uzyskania optymalnej wydajno\u015bci i trwa\u0142o\u015bci. Oto kluczowe wskaz\u00f3wki:<\/p>\n<ul>\n<li>Upewnij si\u0119, \u017ce wsporniki monta\u017cowe s\u0105 prawid\u0142owo ustawione, aby zapobiec nadmiernemu napr\u0119\u017ceniu cylindra podczas pracy. Niew\u0142a\u015bciwe ustawienie mo\u017ce prowadzi\u0107 do przedwczesnego zu\u017cycia i awarii.<\/li>\n<li>U\u017cyj odpowiednich podp\u00f3r monta\u017cowych, aby zabezpieczy\u0107 cylinder na miejscu. Pomaga to utrzyma\u0107 jego pozycj\u0119 i skutecznie dzia\u0142a\u0107 bez nadmiernych ruch\u00f3w.<\/li>\n<li>Podczas mocowania cylindra nale\u017cy post\u0119powa\u0107 zgodnie z instrukcjami producenta dotycz\u0105cymi momentu obrotowego, aby mie\u0107 pewno\u015b\u0107, \u017ce b\u0119dzie on mocno osadzony i nie zostanie dokr\u0119cony zbyt mocno, poniewa\u017c mo\u017ce to spowodowa\u0107 uszkodzenie.<\/li>\n<li>Po zako\u0144czeniu monta\u017cu nale\u017cy sprawdzi\u0107 szczelno\u015b\u0107 po\u0142\u0105cze\u0144 hydraulicznych i przeprowadzi\u0107 test funkcjonalny, aby mie\u0107 pewno\u015b\u0107, \u017ce cylinder dzia\u0142a p\u0142ynnie.<\/li>\n<li>Regularnie przegl\u0105daj protoko\u0142y instalacyjne i harmonogramy konserwacji, aby zapewni\u0107 ci\u0105g\u0142\u0105 zgodno\u015b\u0107 ze standardami bezpiecze\u0144stwa i eksploatacji.<\/li>\n<\/ul>\n<p><img decoding=\"async\" src=\"https:\/\/www.hydraulic-cylinders.net\/wp-content\/uploads\/2025\/04\/songte-chushion-collar.webp\" alt=\"Ko\u0142nierz poduszkowy\" \/><\/p>\n<h2>Zagadnienia bezpiecze\u0144stwa i czynniki \u015brodowiskowe<\/h2>\n<p>Podczas pracy z cylindrami hydraulicznymi, wdra\u017canie \u015brodk\u00f3w bezpiecze\u0144stwa ma kluczowe znaczenie dla ochrony operator\u00f3w i sprz\u0119tu. Protoko\u0142y bezpiecze\u0144stwa powinny obejmowa\u0107 szkolenia z zakresu prawid\u0142owej obs\u0142ugi uk\u0142ad\u00f3w hydraulicznych, zrozumienie potencjalnych zagro\u017ce\u0144 oraz rozpoznawanie procedur awaryjnych. Czynniki \u015brodowiskowe, takie jak nara\u017cenie na ekstremalne temperatury lub substancje \u017cr\u0105ce, powinny by\u0107 r\u00f3wnie\u017c uwzgl\u0119dniane przy projektowaniu i obs\u0142udze podzespo\u0142\u00f3w hydraulicznych, aby zapewni\u0107 ich optymaln\u0105 funkcjonalno\u015b\u0107 i trwa\u0142o\u015b\u0107.<\/p>\n<h2>Diagnostyka usterek i typowe problemy<\/h2>\n<ul>\n<li><strong>Przeciek:<\/strong> Jednym z najcz\u0119stszych problem\u00f3w z si\u0142ownikami hydraulicznymi jest wyciek p\u0142ynu. Mo\u017ce to by\u0107 spowodowane zu\u017cyciem uszczelek lub uszkodzeniem powierzchni si\u0142ownika. Regularne kontrole i terminowa wymiana uszczelek mog\u0105 z\u0142agodzi\u0107 ten problem.<\/li>\n<li><strong>Spadek wydajno\u015bci:<\/strong> Je\u015bli cylinder nie reaguje prawid\u0142owo na polecenia steruj\u0105ce, mo\u017ce to wskazywa\u0107 na zu\u017cycie wewn\u0119trzne lub zanieczyszczenie p\u0142ynu hydraulicznego. Operatorzy powinni przeprowadza\u0107 kontrole jako\u015bci p\u0142ynu i ewentualnie przep\u0142uka\u0107 uk\u0142ad, je\u015bli to konieczne.<\/li>\n<li><strong>Przegrzanie:<\/strong> Nadmierne ciep\u0142o mo\u017ce spowodowa\u0107 degradacj\u0119 p\u0142ynu hydraulicznego i uszkodzenie podzespo\u0142\u00f3w. Zapewnienie prawid\u0142owego smarowania i monitorowanie warunk\u00f3w pracy mo\u017ce pom\u00f3c zapobiec przegrzaniu.<\/li>\n<\/ul>\n<h2>Wskaz\u00f3wki i rozwi\u0105zania dotycz\u0105ce rozwi\u0105zywania problem\u00f3w<\/h2>\n<p>Aby skutecznie diagnozowa\u0107 i rozwi\u0105zywa\u0107 problemy z si\u0142ownikami hydraulicznymi, nale\u017cy wzi\u0105\u0107 pod uwag\u0119 nast\u0119puj\u0105ce wskaz\u00f3wki:<\/p>\n<ul>\n<li>W przypadku wyciek\u00f3w nale\u017cy najpierw sprawdzi\u0107 uszczelki i po\u0142\u0105czenia, wymieniaj\u0105c zu\u017cyte cz\u0119\u015bci, aby przywr\u00f3ci\u0107 ich funkcjonalno\u015b\u0107. Upewnij si\u0119, \u017ce wszystkie elementy s\u0105 dokr\u0119cone zgodnie ze specyfikacj\u0105 producenta, aby zapobiec dalszym wyciekom.<\/li>\n<li>Je\u015bli wyst\u0105pi\u0105 problemy z wydajno\u015bci\u0105, nale\u017cy sprawdzi\u0107 jako\u015b\u0107 p\u0142ynu hydraulicznego i rozwa\u017cy\u0107 przep\u0142ukanie uk\u0142adu w celu usuni\u0119cia zanieczyszcze\u0144, kt\u00f3re mog\u0105 mie\u0107 wp\u0142yw na jego dzia\u0142anie.<\/li>\n<li>Monitoruj temperatur\u0119 uk\u0142adu hydraulicznego podczas pracy; je\u015bli wyst\u0105pi przegrzanie, sprawd\u017a poziom smarowania i sprawd\u017a, czy nie ma przeszk\u00f3d, kt\u00f3re mog\u0105 utrudnia\u0107 przep\u0142yw p\u0142ynu.<\/li>\n<li>Wdra\u017caj praktyki konserwacji zapobiegawczej, aby zmniejszy\u0107 prawdopodobie\u0144stwo wyst\u0105pienia problem\u00f3w w przysz\u0142o\u015bci, obejmuj\u0105ce regularne kontrole i terminowe naprawy.<\/li>\n<\/ul>\n<p><img decoding=\"async\" src=\"https:\/\/www.hydraulic-cylinders.net\/wp-content\/uploads\/2025\/04\/songte-bushings-with-all-kinds-of-excavator-models.webp\" alt=\"Tuleje koparki\" \/><\/p>\n<h2>O naszej firmie<\/h2>\n<p>Jeste\u015bmy wiod\u0105cym producentem i hurtownikiem si\u0142ownik\u00f3w hydraulicznych, specjalizuj\u0105cym si\u0119 w produkcji wysokiej jako\u015bci cz\u0119\u015bci zamiennych do r\u00f3\u017cnorodnych zastosowa\u0144. Nasza kompleksowa oferta produkt\u00f3w ugruntowa\u0142a nasz\u0105 pozycj\u0119 lidera na rynku krajowym i mi\u0119dzynarodowym. D\u0105\u017cymy do doskona\u0142o\u015bci jako\u015bci poprzez udoskonalone strategie zarz\u0105dzania produkcj\u0105, wykorzystanie wiedzy technicznej, zaawansowanego sprz\u0119tu produkcyjnego oraz profesjonalnych system\u00f3w kontroli.<\/p>\n<p>Dzi\u0119ki ci\u0105g\u0142emu udoskonalaniu naszej platformy produkcyjnej gwarantujemy jako\u015b\u0107 produkt\u00f3w i innowacyjno\u015b\u0107, nap\u0119dzan\u0105 wysok\u0105 wydajno\u015bci\u0105, precyzj\u0105 i najwy\u017csz\u0105 jako\u015bci\u0105, aby sprosta\u0107 zr\u00f3\u017cnicowanym potrzebom naszych klient\u00f3w.<\/p>\n<p><img decoding=\"async\" src=\"https:\/\/www.hydraulic-cylinders.net\/wp-content\/uploads\/2025\/04\/songte-company-4.webp\" alt=\"Obraz firmy 1\" \/><br \/>\n<img decoding=\"async\" src=\"https:\/\/www.hydraulic-cylinders.net\/wp-content\/uploads\/2025\/04\/songte-company-3.webp\" alt=\"Obraz firmy 2\" \/><\/p>\n<p>Nasze zaanga\u017cowanie w profesjonalizm przejawia si\u0119 tak\u017ce w posiadanych przez nas mi\u0119dzynarodowych certyfikatach, dostosowanych us\u0142ugach, najnowocze\u015bniejszym sprz\u0119cie produkcyjnym oraz dedykowanym wsparciu posprzeda\u017cowym.<\/p>\n<p>Autor: lyl<\/p>","protected":false},"excerpt":{"rendered":"<p>Boom Cylinder For Caterpillar Small Excavator E313D Understanding the Boom Cylinder The boom cylinder is a specialized hydraulic cylinder designed for controlling the movement of buckets in heavy machinery, such as excavators, backhoe loaders, and front loaders. It enables the bucket to lift, lower, and tilt, facilitating material handling tasks efficiently. In hydraulic systems, the [&hellip;]<\/p>","protected":false},"featured_media":17868,"comment_status":"open","ping_status":"closed","template":"","meta":{"_et_pb_use_builder":"","_et_pb_old_content":"","_et_gb_content_width":""},"product_brand":[],"product_cat":[1546],"product_tag":[1547,1496],"class_list":{"0":"post-18941","1":"product","2":"type-product","3":"status-publish","4":"has-post-thumbnail","6":"product_cat-boom-cylinders","7":"product_tag-boom-cylinders","8":"product_tag-hydraulic-cylinders","10":"first","11":"instock","12":"shipping-taxable","13":"product-type-simple"},"amp_enabled":true,"_links":{"self":[{"href":"https:\/\/www.hydraulic-cylinders.net\/pl\/wp-json\/wp\/v2\/product\/18941","targetHints":{"allow":["GET"]}}],"collection":[{"href":"https:\/\/www.hydraulic-cylinders.net\/pl\/wp-json\/wp\/v2\/product"}],"about":[{"href":"https:\/\/www.hydraulic-cylinders.net\/pl\/wp-json\/wp\/v2\/types\/product"}],"replies":[{"embeddable":true,"href":"https:\/\/www.hydraulic-cylinders.net\/pl\/wp-json\/wp\/v2\/comments?post=18941"}],"wp:featuredmedia":[{"embeddable":true,"href":"https:\/\/www.hydraulic-cylinders.net\/pl\/wp-json\/wp\/v2\/media\/17868"}],"wp:attachment":[{"href":"https:\/\/www.hydraulic-cylinders.net\/pl\/wp-json\/wp\/v2\/media?parent=18941"}],"wp:term":[{"taxonomy":"product_brand","embeddable":true,"href":"https:\/\/www.hydraulic-cylinders.net\/pl\/wp-json\/wp\/v2\/product_brand?post=18941"},{"taxonomy":"product_cat","embeddable":true,"href":"https:\/\/www.hydraulic-cylinders.net\/pl\/wp-json\/wp\/v2\/product_cat?post=18941"},{"taxonomy":"product_tag","embeddable":true,"href":"https:\/\/www.hydraulic-cylinders.net\/pl\/wp-json\/wp\/v2\/product_tag?post=18941"}],"curies":[{"name":"wp","href":"https:\/\/api.w.org\/{rel}","templated":true}]}}