{"id":18945,"date":"2025-04-07T06:03:33","date_gmt":"2025-04-07T06:03:33","guid":{"rendered":"https:\/\/www.hydraulic-cylinders.net\/product\/boom-cylinder-for-caterpillar-middle-excavator-e320d-gc\/"},"modified":"2025-04-07T06:03:36","modified_gmt":"2025-04-07T06:03:36","slug":"boom-cylinder-for-caterpillar-middle-excavator-e320d-gc","status":"publish","type":"product","link":"https:\/\/www.hydraulic-cylinders.net\/pl\/produkt\/boom-cylinder-for-caterpillar-middle-excavator-e320d-gc\/","title":{"rendered":"Si\u0142ownik wysi\u0119gnika do koparki \u015bredniej Caterpillar E320D GC"},"content":{"rendered":"<h1>Si\u0142ownik wysi\u0119gnika do koparki \u015bredniej Caterpillar E320D GC<\/h1>\n<h2>Wprowadzenie do cylindr\u00f3w wysi\u0119gnika<\/h2>\n<p>Ten <strong>si\u0142ownik wysi\u0119gnika<\/strong> Odgrywa kluczow\u0105 rol\u0119 w obs\u0142udze ci\u0119\u017ckiego sprz\u0119tu, zw\u0142aszcza koparek takich jak Caterpillar E320D GC. Si\u0142owniki te to urz\u0105dzenia hydrauliczne zaprojektowane do sterowania ruchem ramienia wysi\u0119gnika, umo\u017cliwiaj\u0105c jego podnoszenie, opuszczanie i przechylanie. Si\u0142ownik wysi\u0119gnika jest niezb\u0119dny do r\u00f3\u017cnych zada\u0144 zwi\u0105zanych z prze\u0142adunkiem materia\u0142\u00f3w, zapewniaj\u0105c wydajn\u0105 prac\u0119 w projektach budowlanych i wykopaliskowych.<\/p>\n<p><img decoding=\"async\" src=\"https:\/\/www.hydraulic-cylinders.net\/wp-content\/uploads\/2025\/04\/songte-company-1.webp\" alt=\"Si\u0142ownik wysi\u0119gnika\"><\/p>\n<h3>Definicja i funkcjonalno\u015b\u0107<\/h3>\n<p>Si\u0142ownik wysi\u0119gnika to rodzaj si\u0142ownika hydraulicznego stosowanego w ci\u0119\u017ckich maszynach, takich jak koparki, koparko-\u0142adowarki i \u0142adowarki czo\u0142owe. Umo\u017cliwia on kontrolowany ruch \u0142y\u017cki lub wysi\u0119gnika, co jest kluczowe podczas kopania, za\u0142adunku i transportu materia\u0142\u00f3w. Uk\u0142ad hydrauliczny dzia\u0142a pod wp\u0142ywem ci\u015bnienia oleju hydraulicznego, umo\u017cliwiaj\u0105c p\u0142ynne i wydajne wysuwanie i wsuwanie si\u0142ownika, zapewniaj\u0105c znaczn\u0105 si\u0142\u0119 podnoszenia przy du\u017cych obci\u0105\u017ceniach.<\/p>\n<h2>Cechy cylindra wysi\u0119gnika<\/h2>\n<ul>\n<li><strong>Wysoka wytrzyma\u0142o\u015b\u0107 i trwa\u0142o\u015b\u0107:<\/strong> Zazwyczaj wykonane z wysokowytrzyma\u0142ej stali lub aluminium, te cylindry wytrzymuj\u0105 wysokie ci\u015bnienie i du\u017ce obci\u0105\u017cenia oraz s\u0105 zaprojektowane do pracy w trudnych warunkach. Odporno\u015b\u0107 na zu\u017cycie i ochrona przed korozj\u0105 to kluczowe elementy konstrukcyjne, wyd\u0142u\u017caj\u0105ce \u017cywotno\u015b\u0107 produktu.<\/li>\n<li><strong>Wydajna praca uk\u0142adu hydraulicznego:<\/strong> Zastosowanie ci\u015bnienia oleju hydraulicznego zapewnia p\u0142ynne wysuwanie i wsuwanie, umo\u017cliwiaj\u0105c szybk\u0105 reakcj\u0119 na polecenia operatora. Zapewnia to du\u017c\u0105 si\u0142\u0119 pchania i ci\u0105gni\u0119cia, idealn\u0105 do przenoszenia ci\u0119\u017ckich materia\u0142\u00f3w i skomplikowanych zada\u0144.<\/li>\n<li><strong>R\u00f3\u017cne typy:<\/strong> Si\u0142owniki wysi\u0119gnika mo\u017cna dostosowa\u0107 do potrzeb operacyjnych, dost\u0119pne w konfiguracjach jednostronnego dzia\u0142ania (hydraulika w jednym kierunku) lub dwustronnego dzia\u0142ania (hydraulika w obu kierunkach). Niekt\u00f3re modele oferuj\u0105 mo\u017cliwo\u015b\u0107 teleskopowania, co pozwala na wi\u0119ksze wysuni\u0119cie bez zwi\u0119kszania wymiar\u00f3w zewn\u0119trznych, co jest przydatne w ograniczonych przestrzeniach.<\/li>\n<\/ul>\n<p>Potrafimy wyprodukowa\u0107 ten produkt z najwy\u017csz\u0105 precyzj\u0105, a nasze cylindry doskonale zast\u0119puj\u0105 r\u00f3\u017cnego rodzaju cylindry hydrauliczne.<\/p>\n<p><img decoding=\"async\" src=\"https:\/\/www.hydraulic-cylinders.net\/wp-content\/uploads\/2025\/04\/songte-cylinder-head-with-all-kinds-excavator-models.webp\" alt=\"Modele koparek\"><\/p>\n<h2>Zastosowania cylindra wysi\u0119gnika<\/h2>\n<h3>Sprz\u0119t budowlany<\/h3>\n<p>W koparkach si\u0142owniki wysi\u0119gnika s\u0105 niezb\u0119dne do kopania, za\u0142adunku i przemieszczania ziemi lub gruzu. Umo\u017cliwiaj\u0105 operatorom dost\u0119p do g\u0142\u0119bokich wykop\u00f3w i wydajniejsz\u0105 prac\u0119. W koparko-\u0142adowarkach si\u0142owniki te wspomagaj\u0105 zar\u00f3wno kopanie, jak i podnoszenie, co czyni je niezb\u0119dnymi w pracach budowlanych i robotach ziemnych.<\/p>\n<h3>Maszyny rolnicze<\/h3>\n<p>W \u0142adowarkach czo\u0142owych si\u0142owniki wysi\u0119gnika s\u0142u\u017c\u0105 do nabierania, podnoszenia i transportu gleby, siana i innych materia\u0142\u00f3w. Ich solidna konstrukcja i wydajno\u015b\u0107 hydrauliczna u\u0142atwiaj\u0105 wykonywanie r\u00f3\u017cnych prac rolniczych, zwi\u0119kszaj\u0105c produktywno\u015b\u0107 i zarz\u0105dzanie zasobami w gospodarstwach rolnych.<\/p>\n<h3>Koparki<\/h3>\n<p>W koparkach si\u0142ownik wysi\u0119gnika umo\u017cliwia efektywne kopanie, umo\u017cliwiaj\u0105c \u0142y\u017cce zag\u0142\u0119bianie si\u0119 w gleb\u0119, zapewniaj\u0105c precyzyjne ruchy i optymalizuj\u0105c wydajno\u015b\u0107. Ta funkcjonalno\u015b\u0107 jest kluczowa dla efektywnego wykonywania rob\u00f3t ziemnych i prac budowlanych.<\/p>\n<h3>\u0141adowarki<\/h3>\n<p>W \u0142adowarkach czo\u0142owych si\u0142owniki wysi\u0119gnika wspomagaj\u0105 efektywne podnoszenie i zrzucanie \u0142adunk\u00f3w. Ich konstrukcja zapewnia du\u017c\u0105 si\u0142\u0119 podnoszenia, dzi\u0119ki czemu idealnie nadaj\u0105 si\u0119 do r\u00f3\u017cnych zada\u0144 zwi\u0105zanych z prze\u0142adunkiem materia\u0142\u00f3w w budownictwie i ogrodnictwie.<\/p>\n<h2>Zagadnienia projektowe i kryteria wyboru<\/h2>\n<h3>No\u015bno\u015b\u0107<\/h3>\n<p>Przy wyborze si\u0142ownika wysi\u0119gnika kluczowe znaczenie ma zrozumienie jego ud\u017awigu. Si\u0142owniki musz\u0105 by\u0107 dobrane pod k\u0105tem maksymalnego ci\u0119\u017caru, jaki mog\u0105 podnie\u015b\u0107, uwzgl\u0119dniaj\u0105c zar\u00f3wno obci\u0105\u017cenia statyczne, jak i dynamiczne. Wybrany si\u0142ownik powinien zapewnia\u0107 odpowiedni margines bezpiecze\u0144stwa, aby m\u00f3g\u0142 poradzi\u0107 sobie z nieoczekiwanymi obci\u0105\u017ceniami bez awarii.<\/p>\n<h3>Opiecz\u0119towanie<\/h3>\n<p>Skuteczne uszczelnienie ma kluczowe znaczenie dla uk\u0142ad\u00f3w hydraulicznych. Wyb\u00f3r uszczelnie\u0144, takich jak uszczelnienia t\u0142ok\u00f3w i t\u0142oczysk, musi by\u0107 dostosowany do warunk\u00f3w pracy. Wysokiej jako\u015bci uszczelnienia zapobiegaj\u0105 wyciekom p\u0142ynu hydraulicznego, zapewniaj\u0105c wydajno\u015b\u0107 i trwa\u0142o\u015b\u0107 uk\u0142adu.<\/p>\n<h3>Trwa\u0142o\u015b\u0107<\/h3>\n<p>Wytrzyma\u0142y si\u0142ownik wysi\u0119gnika musi by\u0107 odporny na trudne warunki pracy. Obejmuje to odporno\u015b\u0107 na zu\u017cycie \u015bcierne i korozj\u0119, co mo\u017cna osi\u0105gn\u0105\u0107 dzi\u0119ki zastosowaniu wysokiej jako\u015bci materia\u0142\u00f3w i pow\u0142ok. Si\u0142owniki powinny by\u0107 r\u00f3wnie\u017c testowane pod k\u0105tem zm\u0119czenia materia\u0142u, aby zapewni\u0107 ich wydajno\u015b\u0107 przez d\u0142ugi czas.<\/p>\n<h3>Bezpiecze\u0144stwo<\/h3>\n<p>Bezpiecze\u0144stwo jest najwa\u017cniejsze w ka\u017cdym uk\u0142adzie hydraulicznym. Si\u0142owniki wysi\u0119gnika powinny by\u0107 zaprojektowane z uwzgl\u0119dnieniem takich funkcji bezpiecze\u0144stwa, jak zabezpieczenie przed rozerwaniem i alarmy przeci\u0105\u017ceniowe. Operatorzy musz\u0105 by\u0107 przeszkoleni w zakresie ogranicze\u0144 maszyny, aby zapobiega\u0107 wypadkom i zapewni\u0107 bezpieczn\u0105 obs\u0142ug\u0119.<\/p>\n<h3>Dost\u0119pno\u015b\u0107 konserwacyjna<\/h3>\n<p>Dobra konstrukcja powinna r\u00f3wnie\u017c uwzgl\u0119dnia\u0107 \u0142atwo\u015b\u0107 konserwacji. Si\u0142owniki wysi\u0119gnika powinny umo\u017cliwia\u0107 \u0142atwy dost\u0119p do uszczelnie\u0144 i podzespo\u0142\u00f3w w celu przeprowadzenia kontroli i wymiany. Minimalizuje to przestoje i pomaga utrzyma\u0107 wydajno\u015b\u0107 operacyjn\u0105.<\/p>\n<p><img decoding=\"async\" src=\"https:\/\/www.hydraulic-cylinders.net\/wp-content\/uploads\/2025\/04\/songte-oil-pipes-and-spare-parts.webp\" alt=\"Rury olejowe i cz\u0119\u015bci zamienne\"><\/p>\n<h2>Uszczelnianie i smarowanie<\/h2>\n<p>Prawid\u0142owe uszczelnienie i smarowanie s\u0105 niezb\u0119dne do niezawodnej pracy si\u0142ownik\u00f3w wysi\u0119gnika. R\u00f3\u017cne elementy uszczelniaj\u0105ce, w tym uszczelnienia t\u0142ok\u00f3w i t\u0142oczysk, s\u0105 zazwyczaj wykonane z trwa\u0142ych materia\u0142\u00f3w, takich jak poliuretan i kauczuk nitrylowy. Materia\u0142y te s\u0105 odporne na zu\u017cycie i zapewniaj\u0105 skuteczne uszczelnienie pod wysokim ci\u015bnieniem. Dodatkowo, korpus si\u0142ownika i gwintowane ko\u0144c\u00f3wki powinny zosta\u0107 poddane precyzyjnemu wyko\u0144czeniu w celu zwi\u0119kszenia odporno\u015bci na zu\u017cycie.<\/p>\n<p>Regularne smarowanie olejem hydraulicznym jest niezb\u0119dne, aby zminimalizowa\u0107 tarcie i zu\u017cycie, zapewniaj\u0105c p\u0142ynn\u0105 prac\u0119 i wyd\u0142u\u017caj\u0105c \u017cywotno\u015b\u0107 cylindra. Operatorzy powinni przestrzega\u0107 zalece\u0144 producenta dotycz\u0105cych rodzaju oleju i cz\u0119stotliwo\u015bci jego wymiany, aby utrzyma\u0107 optymaln\u0105 wydajno\u015b\u0107.<\/p>\n<h2>Regularne kontrole i konserwacja zapobiegawcza<\/h2>\n<ul>\n<li><strong>Kontrole rutynowe:<\/strong> Regularne kontrole si\u0142ownik\u00f3w wysi\u0119gnika s\u0105 kluczowe dla identyfikacji potencjalnych wyciek\u00f3w lub zu\u017cycia. Operatorzy powinni wizualnie sprawdzi\u0107 si\u0142ownik pod k\u0105tem ewentualnych \u015blad\u00f3w wycieku oleju lub uszkodze\u0144 fizycznych.<\/li>\n<li><strong>Smarowanie:<\/strong> Upewnij si\u0119, \u017ce cylinder jest odpowiednio smarowany, aby zapobiec nadmiernemu zu\u017cyciu. Operatorzy powinni utrzymywa\u0107 zalecany poziom oleju i wymienia\u0107 go w razie potrzeby.<\/li>\n<li><strong>Wymiana uszczelki:<\/strong> Z biegiem czasu uszczelki mog\u0105 si\u0119 zu\u017cywa\u0107 i pogarsza\u0107 wydajno\u015b\u0107 cylindra. Nale\u017cy ustali\u0107 harmonogram regularnych kontroli i wymiany uszczelek.<\/li>\n<\/ul>\n<h2>Wytyczne dotycz\u0105ce instalacji<\/h2>\n<p>Prawid\u0142owy monta\u017c si\u0142ownik\u00f3w wysi\u0119gnika ma kluczowe znaczenie dla optymalnej wydajno\u015bci. Na pocz\u0105tek nale\u017cy upewni\u0107 si\u0119, \u017ce miejsce pracy jest czyste i wolne od zanieczyszcze\u0144. Podczas monta\u017cu nale\u017cy zachowa\u0107 prawid\u0142owe ustawienie; nieprawid\u0142owa regulacja mo\u017ce prowadzi\u0107 do przedwczesnego zu\u017cycia lub awarii si\u0142ownika. Zaleca si\u0119 stosowanie odpowiednich wspornik\u00f3w monta\u017cowych w celu zabezpieczenia si\u0142ownika, minimalizuj\u0105c jego ruch podczas pracy. Aby zapewni\u0107 bezpiecze\u0144stwo i wydajno\u015b\u0107, nale\u017cy przestrzega\u0107 zalece\u0144 producenta dotycz\u0105cych ustawie\u0144 momentu obrotowego i metod pod\u0142\u0105czania.<\/p>\n<h2>Typowe zadania konserwacyjne<\/h2>\n<ul>\n<li><strong>Regularne kontrole:<\/strong> Cz\u0119ste kontrole pomagaj\u0105 wcze\u015bnie zidentyfikowa\u0107 problemy. Nale\u017cy szuka\u0107 \u015blad\u00f3w zu\u017cycia, wyciek\u00f3w lub uszkodze\u0144 cylindra i powi\u0105zanych z nim podzespo\u0142\u00f3w.<\/li>\n<li><strong>Prawid\u0142owe smarowanie:<\/strong> Upewnij si\u0119, \u017ce cylinder jest smarowany zgodnie ze specyfikacj\u0105 producenta. Nieprawid\u0142owe smarowanie mo\u017ce prowadzi\u0107 do zwi\u0119kszonego zu\u017cycia i obni\u017cenia wydajno\u015bci.<\/li>\n<li><strong>Wymiana uszczelki:<\/strong> Regularnie sprawdzaj stan uszczelek i wymieniaj je w razie potrzeby. Zaniedbanie konserwacji uszczelek mo\u017ce prowadzi\u0107 do wyciek\u00f3w p\u0142ynu hydraulicznego, co obni\u017ca wydajno\u015b\u0107 uk\u0142adu.<\/li>\n<\/ul>\n<h2>Zagadnienia bezpiecze\u0144stwa i czynniki \u015brodowiskowe<\/h2>\n<p>Podczas pracy z si\u0142ownikami wysi\u0119gnika kluczowe znaczenie maj\u0105 \u015brodki bezpiecze\u0144stwa. Operatorzy powinni przestrzega\u0107 wszystkich wytycznych bezpiecze\u0144stwa, aby zapobiec wypadkom, w tym stosowa\u0107 \u015brodki ochrony indywidualnej i przestrzega\u0107 protoko\u0142\u00f3w operacyjnych. Odpowiednie szkolenie w zakresie obs\u0142ugi i konserwacji uk\u0142ad\u00f3w hydraulicznych jest niezb\u0119dne dla ochrony zar\u00f3wno personelu, jak i sprz\u0119tu. Ponadto nale\u017cy stosowa\u0107 praktyki przyjazne dla \u015brodowiska, aby zapobiega\u0107 wyciekom p\u0142ynu hydraulicznego i odpowiedzialnie gospodarowa\u0107 odpadami.<\/p>\n<h2>Rozwi\u0105zywanie problem\u00f3w i typowe problemy<\/h2>\n<ul>\n<li><strong>Przeciek:<\/strong> W przypadku zauwa\u017cenia wyciek\u00f3w p\u0142ynu hydraulicznego, sprawd\u017a uszczelki i po\u0142\u0105czenia. Wymie\u0144 zu\u017cyte uszczelki i dokr\u0119\u0107 lu\u017ane po\u0142\u0105czenia, aby rozwi\u0105za\u0107 problem.<\/li>\n<li><strong>Obni\u017cona wydajno\u015b\u0107:<\/strong> Je\u015bli cylinder nie reaguje prawid\u0142owo, sprawd\u017a poziom p\u0142ynu hydraulicznego i upewnij si\u0119, \u017ce w przewodach nie ma \u017cadnych blokad.<\/li>\n<li><strong>Dziwne d\u017awi\u0119ki:<\/strong> Nietypowe d\u017awi\u0119ki mog\u0105 wskazywa\u0107 na uszkodzenia wewn\u0119trzne. Sprawd\u017a cylinder pod k\u0105tem widocznych \u015blad\u00f3w uszkodze\u0144 i w razie potrzeby skonsultuj si\u0119 z technikiem.<\/li>\n<\/ul>\n<p>Wdra\u017caj \u015brodki zapobiegawcze, takie jak regularna konserwacja i kontrole, aby zminimalizowa\u0107 potencjalne problemy i zapewni\u0107 d\u0142ug\u0105 \u017cywotno\u015b\u0107 si\u0142ownika wysi\u0119gnika.<\/p>\n<p><img decoding=\"async\" src=\"https:\/\/www.hydraulic-cylinders.net\/wp-content\/uploads\/2025\/04\/songte-bushings-with-all-kinds-of-excavator-models.webp\" alt=\"Tuleje do modeli koparek\"><\/p>\n<h2>Przegl\u0105d firmy<\/h2>\n<p>Jeste\u015bmy wiod\u0105cym producentem zamiennych si\u0142ownik\u00f3w hydraulicznych, oferuj\u0105cym szerok\u0105 gam\u0119 produkt\u00f3w zar\u00f3wno na rynku krajowym, jak i mi\u0119dzynarodowym. Nasze zaanga\u017cowanie w d\u0105\u017cenie do doskona\u0142o\u015bci jako\u015bci jest poparte dopracowan\u0105 strategi\u0105 zarz\u0105dzania produkcj\u0105. Wykorzystuj\u0105c wykwalifikowany personel, zaawansowany sprz\u0119t do produkcji cyfrowej oraz profesjonalne systemy testowe, stale podnosimy nasze mo\u017cliwo\u015bci produkcyjne. Skupienie si\u0119 na wydajno\u015bci, precyzji i wysokiej jako\u015bci pozwala nam sprosta\u0107 zr\u00f3\u017cnicowanym potrzebom naszych klient\u00f3w.<\/p>\n<p>Specjalizujemy si\u0119 w produkcji butli spe\u0142niaj\u0105cych mi\u0119dzynarodowe certyfikaty oraz \u015bwiadczeniu us\u0142ug dostosowanych do indywidualnych potrzeb, aby zagwarantowa\u0107 satysfakcj\u0119 klienta. Dok\u0142adamy wszelkich stara\u0144, aby zapewni\u0107 naszym klientom wyj\u0105tkow\u0105 obs\u0142ug\u0119 posprzeda\u017cow\u0105, zapewniaj\u0105c im niezb\u0119dne wsparcie przez ca\u0142y cykl \u017cycia produktu.<\/p>\n<p><img decoding=\"async\" src=\"https:\/\/www.hydraulic-cylinders.net\/wp-content\/uploads\/2025\/04\/songte-company-4.webp\" alt=\"Przegl\u0105d firmy\"><br \/>\n<img decoding=\"async\" src=\"https:\/\/www.hydraulic-cylinders.net\/wp-content\/uploads\/2025\/04\/songte-company-3.webp\" alt=\"Sprz\u0119t firmowy\"><\/p>\n<p>Autor: lyl<\/p>","protected":false},"excerpt":{"rendered":"<p>Boom Cylinder For Caterpillar Middle Excavator E320D GC Introduction to Boom Cylinders The boom cylinder plays a crucial role in the operation of heavy machinery, specifically in excavators like the Caterpillar E320D GC. These cylinders are hydraulic devices designed to control the movement of the boom arm, enabling it to lift, lower, and tilt. The [&hellip;]<\/p>","protected":false},"featured_media":17872,"comment_status":"open","ping_status":"closed","template":"","meta":{"_et_pb_use_builder":"","_et_pb_old_content":"","_et_gb_content_width":""},"product_brand":[],"product_cat":[1546],"product_tag":[1547,1496],"class_list":{"0":"post-18945","1":"product","2":"type-product","3":"status-publish","4":"has-post-thumbnail","6":"product_cat-boom-cylinders","7":"product_tag-boom-cylinders","8":"product_tag-hydraulic-cylinders","10":"first","11":"instock","12":"shipping-taxable","13":"product-type-simple"},"amp_enabled":true,"_links":{"self":[{"href":"https:\/\/www.hydraulic-cylinders.net\/pl\/wp-json\/wp\/v2\/product\/18945","targetHints":{"allow":["GET"]}}],"collection":[{"href":"https:\/\/www.hydraulic-cylinders.net\/pl\/wp-json\/wp\/v2\/product"}],"about":[{"href":"https:\/\/www.hydraulic-cylinders.net\/pl\/wp-json\/wp\/v2\/types\/product"}],"replies":[{"embeddable":true,"href":"https:\/\/www.hydraulic-cylinders.net\/pl\/wp-json\/wp\/v2\/comments?post=18945"}],"wp:featuredmedia":[{"embeddable":true,"href":"https:\/\/www.hydraulic-cylinders.net\/pl\/wp-json\/wp\/v2\/media\/17872"}],"wp:attachment":[{"href":"https:\/\/www.hydraulic-cylinders.net\/pl\/wp-json\/wp\/v2\/media?parent=18945"}],"wp:term":[{"taxonomy":"product_brand","embeddable":true,"href":"https:\/\/www.hydraulic-cylinders.net\/pl\/wp-json\/wp\/v2\/product_brand?post=18945"},{"taxonomy":"product_cat","embeddable":true,"href":"https:\/\/www.hydraulic-cylinders.net\/pl\/wp-json\/wp\/v2\/product_cat?post=18945"},{"taxonomy":"product_tag","embeddable":true,"href":"https:\/\/www.hydraulic-cylinders.net\/pl\/wp-json\/wp\/v2\/product_tag?post=18945"}],"curies":[{"name":"wp","href":"https:\/\/api.w.org\/{rel}","templated":true}]}}