{"id":18946,"date":"2025-04-07T06:03:36","date_gmt":"2025-04-07T06:03:36","guid":{"rendered":"https:\/\/www.hydraulic-cylinders.net\/product\/boom-cylinder-for-caterpillar-middle-excavator-e320dlrr\/"},"modified":"2025-04-07T06:03:38","modified_gmt":"2025-04-07T06:03:38","slug":"boom-cylinder-for-caterpillar-middle-excavator-e320dlrr","status":"publish","type":"product","link":"https:\/\/www.hydraulic-cylinders.net\/pl\/produkt\/boom-cylinder-for-caterpillar-middle-excavator-e320dlrr\/","title":{"rendered":"Si\u0142ownik wysi\u0119gnika do koparki \u015bredniej Caterpillar E320DLRR"},"content":{"rendered":"<h1>Si\u0142ownik wysi\u0119gnika do koparki \u015bredniej Caterpillar E320DLRR<\/h1>\n<h2>Przegl\u0105d cylindra wysi\u0119gnika<\/h2>\n<p>Si\u0142ownik wysi\u0119gnika to kluczowy element uk\u0142ad\u00f3w hydraulicznych ci\u0119\u017ckich maszyn, zaprojektowany specjalnie do sterowania ruchem \u0142y\u017cki koparki. Ten typ si\u0142ownika hydraulicznego u\u0142atwia podnoszenie, opuszczanie i przechylanie \u0142y\u017cki, co czyni go niezb\u0119dnym do zada\u0144 zwi\u0105zanych z prze\u0142adunkiem materia\u0142\u00f3w w budownictwie i innych ga\u0142\u0119ziach przemys\u0142u.<\/p>\n<p>Zasadniczo si\u0142ownik wysi\u0119gnika to si\u0142ownik hydrauliczny, kt\u00f3ry zapewnia precyzyjn\u0105 kontrol\u0119 i moc \u0142y\u017cki maszyn takich jak koparki, koparko-\u0142adowarki i \u0142adowarki czo\u0142owe. P\u0142ynna praca tych si\u0142ownik\u00f3w zapewnia wydajne kopanie, za\u0142adunek i transport materia\u0142\u00f3w, zwi\u0119kszaj\u0105c wydajno\u015b\u0107 na placach budowy.<\/p>\n<p><img decoding=\"async\" src=\"https:\/\/www.hydraulic-cylinders.net\/wp-content\/uploads\/2025\/04\/songte-company-1.webp\" alt=\"Si\u0142ownik hydrauliczny\" \/><\/p>\n<h2>Cechy cylindra wysi\u0119gnika<\/h2>\n<ul>\n<li><strong>Wysoka wytrzyma\u0142o\u015b\u0107 i trwa\u0142o\u015b\u0107:<\/strong> Wykonane z wytrzyma\u0142ej stali lub aluminium, cylindry te wytrzymuj\u0105 du\u017ce ci\u015bnienie i du\u017ce obci\u0105\u017cenia, dzi\u0119ki czemu nadaj\u0105 si\u0119 do pracy w trudnych warunkach.<\/li>\n<li><strong>Wydajna praca uk\u0142adu hydraulicznego:<\/strong> Wykorzystuj\u0105c ci\u015bnienie oleju hydraulicznego do p\u0142ynnego wysuwania i wsuwania, si\u0142owniki te zapewniaj\u0105 szybk\u0105 reakcj\u0119 na polecenia steruj\u0105ce, generuj\u0105c du\u017ce si\u0142y pchania i ci\u0105gni\u0119cia, idealne do przenoszenia ci\u0119\u017ckich materia\u0142\u00f3w.<\/li>\n<li><strong>R\u00f3\u017cne typy:<\/strong> Dost\u0119pne w wersji jednostronnego dzia\u0142ania (dzia\u0142a w jednym kierunku) lub dwustronnego dzia\u0142ania (dzia\u0142a w obu kierunkach), si\u0142owniki te spe\u0142niaj\u0105 r\u00f3\u017cnorodne wymagania operacyjne. Niekt\u00f3re modele posiadaj\u0105 konstrukcj\u0119 teleskopow\u0105, umo\u017cliwiaj\u0105c\u0105 wi\u0119ksze wysuni\u0119cie bez zwi\u0119kszania wymiar\u00f3w zewn\u0119trznych, co idealnie sprawdza si\u0119 w zastosowaniach o ograniczonej przestrzeni.<\/li>\n<li><strong>Opcje personalizacji:<\/strong> Nasze produkty mog\u0105 z powodzeniem zast\u0105pi\u0107 szereg si\u0142ownik\u00f3w hydraulicznych, dostosowuj\u0105c si\u0119 do konkretnych potrzeb projektu i wymaga\u0144 wydajno\u015bciowych.<\/li>\n<\/ul>\n<p><img decoding=\"async\" src=\"https:\/\/www.hydraulic-cylinders.net\/wp-content\/uploads\/2025\/04\/songte-cylinder-head-with-all-kinds-excavator-models.webp\" alt=\"Modele koparek\" \/><\/p>\n<h2>Zastosowania cylindra wysi\u0119gnika<\/h2>\n<h3>Sprz\u0119t budowlany<\/h3>\n<p>W koparkach si\u0142owniki wysi\u0119gnika s\u0105 niezb\u0119dne do kopania, za\u0142adunku i przemieszczania gleby lub gruzu. Umo\u017cliwiaj\u0105 one \u0142y\u017cce penetracj\u0119 gruntu, zwi\u0119kszaj\u0105c wydajno\u015b\u0107 prac ziemnych. Ponadto, w koparko-\u0142adowarkach si\u0142owniki te wspomagaj\u0105 nie tylko kopanie, ale tak\u017ce podnoszenie, co \u015bwiadczy o ich wszechstronno\u015bci w r\u00f3\u017cnych typach maszyn.<\/p>\n<h3>Maszyny rolnicze<\/h3>\n<p>W \u0142adowarkach czo\u0142owych si\u0142owniki wysi\u0119gnika s\u0142u\u017c\u0105 do nabierania, podnoszenia i transportu gleby, siana i innych materia\u0142\u00f3w. Ich solidna konstrukcja pozwala rolnikom z \u0142atwo\u015bci\u0105 obs\u0142ugiwa\u0107 ci\u0119\u017ckie \u0142adunki, zwi\u0119kszaj\u0105c wydajno\u015b\u0107 podczas r\u00f3\u017cnych prac rolniczych.<\/p>\n<h3>Koparki<\/h3>\n<p>Si\u0142ownik \u0142y\u017cki umo\u017cliwia koparkom efektywne kopanie, umo\u017cliwiaj\u0105c \u0142y\u017cce bezproblemowe zag\u0142\u0119bianie si\u0119 w gleb\u0119. Funkcja ta jest kluczowa w pracach budowlanych i robotach ziemnych, przyspieszaj\u0105c realizacj\u0119 du\u017cych projekt\u00f3w.<\/p>\n<h3>\u0141adowarki<\/h3>\n<p>W \u0142adowarkach czo\u0142owych si\u0142owniki wysi\u0119gnika odgrywaj\u0105 istotn\u0105 rol\u0119 w efektywnym podnoszeniu i zrzucaniu materia\u0142\u00f3w. Ich dzia\u0142anie zapewnia \u0142atwo\u015b\u0107 obs\u0142ugi ci\u0119\u017ckich \u0142adunk\u00f3w, skracaj\u0105c czas i wysi\u0142ek potrzebny do wykonania zada\u0144 za\u0142adunkowych.<\/p>\n<h2>Zagadnienia projektowe i kryteria wyboru<\/h2>\n<h3>No\u015bno\u015b\u0107<\/h3>\n<p>Przy wyborze si\u0142ownika wysi\u0119gnika, ud\u017awig jest najwa\u017cniejszym czynnikiem. Si\u0142ownik musi by\u0107 w stanie utrzyma\u0107 maksymalny ci\u0119\u017car \u0142y\u017cki i materia\u0142\u00f3w, kt\u00f3re b\u0119dzie transportowa\u0142. In\u017cynierowie musz\u0105 obliczy\u0107 si\u0142y wyst\u0119puj\u0105ce podczas r\u00f3\u017cnych operacji, aby upewni\u0107 si\u0119, \u017ce wybrany si\u0142ownik wytrzyma obci\u0105\u017cenia bezawaryjnie.<\/p>\n<h3>Mechanizmy uszczelniaj\u0105ce<\/h3>\n<p>Skuteczne uszczelnienie jest niezb\u0119dne w przypadku cylindr\u00f3w hydraulicznych, aby zapobiec wyciekom p\u0142ynu i utrzyma\u0107 ci\u015bnienie. Przy wyborze uszczelnie\u0144 \u2013 takich jak uszczelnienia t\u0142oka i t\u0142oczyska \u2013 nale\u017cy uwzgl\u0119dni\u0107 takie czynniki, jak temperatura pracy, ci\u015bnienie i kompatybilno\u015b\u0107 z p\u0142ynem. Prawid\u0142owe uszczelnienie poprawia wydajno\u015b\u0107 i \u017cywotno\u015b\u0107 cylindra.<\/p>\n<h3>Trwa\u0142o\u015b\u0107 i konserwacja<\/h3>\n<p>Trwa\u0142o\u015b\u0107 ma kluczowe znaczenie w przypadku cylindr\u00f3w hydraulicznych nara\u017conych na trudne warunki. Materia\u0142y musz\u0105 by\u0107 odporne na zu\u017cycie i korozj\u0119. Regularne czynno\u015bci konserwacyjne, takie jak przegl\u0105dy i smarowanie, s\u0105 niezb\u0119dne dla zapewnienia optymalnego stanu cylindra i jego niezawodnej pracy przez d\u0142ugi czas.<\/p>\n<h3>Funkcje bezpiecze\u0144stwa<\/h3>\n<p>Wzgl\u0119dy bezpiecze\u0144stwa obejmuj\u0105 zastosowanie zabezpiecze\u0144 awaryjnych i zawor\u00f3w bezpiecze\u0144stwa chroni\u0105cych przed przeci\u0105\u017ceniem. Producenci musz\u0105 projektowa\u0107 cylindry z uwzgl\u0119dnieniem zabezpiecze\u0144 na wypadek nag\u0142ych awarii, aby zapobiec wypadkom podczas pracy, zapewniaj\u0105c bezpiecze\u0144stwo zar\u00f3wno operator\u00f3w, jak i sprz\u0119tu.<\/p>\n<p><img decoding=\"async\" src=\"https:\/\/www.hydraulic-cylinders.net\/wp-content\/uploads\/2025\/04\/songte-oil-pipes-and-spare-parts.webp\" alt=\"Rury olejowe i cz\u0119\u015bci zamienne\" \/><\/p>\n<h2>Uszczelnianie i smarowanie<\/h2>\n<p>Prawid\u0142owe uszczelnienie i smarowanie maj\u0105 kluczowe znaczenie dla wydajno\u015bci cylindr\u00f3w hydraulicznych. R\u00f3\u017cne uszczelnienia, takie jak uszczelnienia t\u0142oczysk i t\u0142oczysk, s\u0105 zazwyczaj wykonane z materia\u0142\u00f3w odpornych na zu\u017cycie, takich jak poliuretan i kauczuk nitrylowy, co zapewnia ich trwa\u0142o\u015b\u0107 i niezawodno\u015b\u0107. Powierzchnie korpusu cylindra i gwintowane ko\u0144c\u00f3wki s\u0105 precyzyjnie obrabiane w celu zwi\u0119kszenia odporno\u015bci na zu\u017cycie. Regularne smarowanie olejem hydraulicznym jest niezb\u0119dne do zapewnienia p\u0142ynnego dzia\u0142ania uk\u0142adu i zapobiegania zu\u017cyciu.<\/p>\n<h2>Regularne kontrole i konserwacja zapobiegawcza<\/h2>\n<ul>\n<li><strong>Rutynowe kontrole:<\/strong> Regularne kontrole szczelno\u015bci, zu\u017cycia i uszkodze\u0144 pozwalaj\u0105 zidentyfikowa\u0107 potencjalne problemy zanim si\u0119 rozprzestrzeni\u0105, zapewniaj\u0105c wydajn\u0105 prac\u0119 cylindra.<\/li>\n<li><strong>Konserwacja smarowania:<\/strong> Odpowiednie smarowanie jest niezwykle istotne. Operatorzy powinni stosowa\u0107 si\u0119 do zalece\u0144 producenta dotycz\u0105cych rodzaju oleju i cz\u0119stotliwo\u015bci jego wymiany, aby zachowa\u0107 optymaln\u0105 wydajno\u015b\u0107.<\/li>\n<li><strong>Wymiana uszczelki:<\/strong> Nale\u017cy sprawdza\u0107 uszczelki i w razie konieczno\u015bci wymienia\u0107 je, aby zapobiec wyciekom p\u0142ynu hydraulicznego, a tym samym zachowa\u0107 integralno\u015b\u0107 i wydajno\u015b\u0107 uk\u0142adu.<\/li>\n<\/ul>\n<h2>Wytyczne dotycz\u0105ce instalacji<\/h2>\n<p>Prawid\u0142owy monta\u017c ma kluczowe znaczenie dla sprawnego dzia\u0142ania si\u0142ownika wysi\u0119gnika. Zacznij od upewnienia si\u0119, \u017ce powierzchnie monta\u017cowe s\u0105 czyste i wolne od zanieczyszcze\u0144. Dok\u0142adnie wyr\u00f3wnaj si\u0142ownik z punktami mocowania, aby unikn\u0105\u0107 problem\u00f3w z niewsp\u00f3\u0142osiowo\u015bci\u0105, kt\u00f3re mog\u0105 powodowa\u0107 przedwczesne zu\u017cycie. Zaleca si\u0119 u\u017cycie odpowiednich wspornik\u00f3w monta\u017cowych w celu stabilnego zamocowania si\u0142ownika. Post\u0119puj zgodnie z instrukcjami producenta dotycz\u0105cymi monta\u017cu i moment\u00f3w dokr\u0119cania, aby upewni\u0107 si\u0119, \u017ce wszystkie elementy s\u0105 solidnie zamocowane. Po monta\u017cu przeprowad\u017a dok\u0142adn\u0105 kontrol\u0119, aby upewni\u0107 si\u0119, \u017ce wszystkie komponenty dzia\u0142aj\u0105 zgodnie z przeznaczeniem, i przeprowad\u017a jazd\u0119 pr\u00f3bn\u0105, aby potwierdzi\u0107 integralno\u015b\u0107 dzia\u0142ania.<\/p>\n<h2>Typowe zadania konserwacyjne<\/h2>\n<ul>\n<li><strong>Regularne kontrole:<\/strong> Regularnie przeprowadzaj kontrole zu\u017cycia, aby zapewni\u0107 bezpiecze\u0144stwo i funkcjonalno\u015b\u0107.<\/li>\n<li><strong>Prawid\u0142owe smarowanie:<\/strong> Nale\u017cy upewni\u0107 si\u0119, \u017ce olej hydrauliczny jest uzupe\u0142niany w razie potrzeby, stosuj\u0105c w\u0142a\u015bciwy typ oleju zalecany przez producenta.<\/li>\n<li><strong>Wymiana uszczelki:<\/strong> Monitoruj stan uszczelek i wymieniaj je, aby zapobiega\u0107 wyciekom i zachowa\u0107 wydajno\u015b\u0107.<\/li>\n<\/ul>\n<h2>Zagadnienia bezpiecze\u0144stwa i czynniki \u015brodowiskowe<\/h2>\n<p>Podczas u\u017cytkowania si\u0142ownik\u00f3w hydraulicznych, bezpiecze\u0144stwo jest priorytetem. Operatorzy powinni by\u0107 przeszkoleni w zakresie zagro\u017ce\u0144 zwi\u0105zanych z systemami hydraulicznymi. Odpowiednie \u015brodki bezpiecze\u0144stwa, takie jak noszenie sprz\u0119tu ochronnego i przestrzeganie protoko\u0142\u00f3w operacyjnych, s\u0105 niezb\u0119dne, aby zapobiega\u0107 wypadkom. Ponadto, nale\u017cy przestrzega\u0107 zasad ochrony \u015brodowiska, takich jak prawid\u0142owa utylizacja p\u0142yn\u00f3w i materia\u0142\u00f3w hydraulicznych, aby chroni\u0107 zar\u00f3wno pracownik\u00f3w, jak i otoczenie.<\/p>\n<h2>Rozwi\u0105zywanie problem\u00f3w i typowe problemy<\/h2>\n<ul>\n<li><strong>Wycieki p\u0142yn\u00f3w:<\/strong> Sprawd\u017a uszczelki i z\u0142\u0105czki pod k\u0105tem zu\u017cycia lub uszkodze\u0144. Zu\u017cyte uszczelki cz\u0119sto prowadz\u0105 do wyciek\u00f3w, co wymaga wymiany.<\/li>\n<li><strong>S\u0142aba wydajno\u015b\u0107:<\/strong> Sprawd\u017a poziom i jako\u015b\u0107 p\u0142ynu; niski lub zanieczyszczony olej mo\u017ce utrudnia\u0107 prac\u0119 cylindra. Zadbaj o prawid\u0142ow\u0105 konserwacj\u0119 p\u0142ynu hydraulicznego.<\/li>\n<li><strong>Przegrzanie:<\/strong> Monitoruj temperatur\u0119 robocz\u0105; przegrzanie mo\u017ce wskazywa\u0107 na nadmierne obci\u0105\u017cenie lub niewystarczaj\u0105ce smarowanie, co wymaga natychmiastowej interwencji.<\/li>\n<\/ul>\n<h2>Diagnoza i \u015brodki zapobiegawcze<\/h2>\n<p>Aby zminimalizowa\u0107 potencjalne problemy, konieczne jest proaktywne wdra\u017canie \u015brodk\u00f3w zapobiegawczych. Regularna konserwacja, obejmuj\u0105ca przegl\u0105dy i smarowanie, pomo\u017ce we wczesnym wykrywaniu problem\u00f3w. Szkolenie operator\u00f3w w zakresie rozpoznawania objaw\u00f3w awarii mo\u017ce znacznie skr\u00f3ci\u0107 przestoje i obni\u017cy\u0107 koszty konserwacji, zapewniaj\u0105c wydajn\u0105 prac\u0119 uk\u0142adu hydraulicznego.<\/p>\n<p><img decoding=\"async\" src=\"https:\/\/www.hydraulic-cylinders.net\/wp-content\/uploads\/2025\/04\/songte-bushings-with-all-kinds-of-excavator-models.webp\" alt=\"Tuleje koparki\" \/><\/p>\n<h2>Wprowadzenie do firmy<\/h2>\n<p>Jeste\u015bmy wiod\u0105cym producentem zamiennych cylindr\u00f3w hydraulicznych, oferuj\u0105cym kompleksow\u0105 gam\u0119 produkt\u00f3w. Nasze zaanga\u017cowanie w d\u0105\u017cenie do doskona\u0142o\u015bci zapewni\u0142o nam pozycj\u0119 czo\u0142owego gracza na rynku krajowym i mi\u0119dzynarodowym. Koncentrujemy si\u0119 na najwy\u017cszej jako\u015bci i stosujemy zaawansowane strategie zarz\u0105dzania produkcj\u0105. Wykorzystuj\u0105c wykwalifikowany personel techniczny, wysokiej klasy sprz\u0119t do produkcji cyfrowej oraz profesjonalne systemy testowe, stale zwi\u0119kszamy nasze mo\u017cliwo\u015bci produkcyjne. Nacisk na wydajno\u015b\u0107, precyzj\u0119 i jako\u015b\u0107 gwarantuje, \u017ce zaspokajamy zr\u00f3\u017cnicowane potrzeby naszych klient\u00f3w, oferuj\u0105c im wyj\u0105tkowe produkty.<\/p>\n<p>Nasz\u0105 firm\u0119 wyr\u00f3\u017cnia profesjonalizm, mi\u0119dzynarodowe certyfikaty i niestandardowe us\u0142ugi. Wykorzystujemy zaawansowany sprz\u0119t produkcyjny i zapewniamy wyj\u0105tkowe wsparcie posprzeda\u017cowe, gwarantuj\u0105c satysfakcj\u0119 klienta na ka\u017cdym etapie.<\/p>\n<p><img decoding=\"async\" src=\"https:\/\/www.hydraulic-cylinders.net\/wp-content\/uploads\/2025\/04\/songte-company-4.webp\" alt=\"Obraz firmy 1\" \/><br \/>\n<img decoding=\"async\" src=\"https:\/\/www.hydraulic-cylinders.net\/wp-content\/uploads\/2025\/04\/songte-company-3.webp\" alt=\"Obraz firmy 2\" \/><\/p>\n<p>Autor: lyl<\/p>","protected":false},"excerpt":{"rendered":"<p>Boom Cylinder For Caterpillar Middle Excavator E320DLRR Overview of Boom Cylinder The Boom Cylinder is a crucial component in the hydraulic systems of heavy machinery, specifically designed for controlling the movement of excavator buckets. This type of hydraulic cylinder facilitates the lifting, lowering, and tilting of the bucket, making it essential for material handling tasks [&hellip;]<\/p>","protected":false},"featured_media":17873,"comment_status":"open","ping_status":"closed","template":"","meta":{"_et_pb_use_builder":"","_et_pb_old_content":"","_et_gb_content_width":""},"product_brand":[],"product_cat":[1546],"product_tag":[1547,1496],"class_list":{"0":"post-18946","1":"product","2":"type-product","3":"status-publish","4":"has-post-thumbnail","6":"product_cat-boom-cylinders","7":"product_tag-boom-cylinders","8":"product_tag-hydraulic-cylinders","10":"first","11":"instock","12":"shipping-taxable","13":"product-type-simple"},"amp_enabled":true,"_links":{"self":[{"href":"https:\/\/www.hydraulic-cylinders.net\/pl\/wp-json\/wp\/v2\/product\/18946","targetHints":{"allow":["GET"]}}],"collection":[{"href":"https:\/\/www.hydraulic-cylinders.net\/pl\/wp-json\/wp\/v2\/product"}],"about":[{"href":"https:\/\/www.hydraulic-cylinders.net\/pl\/wp-json\/wp\/v2\/types\/product"}],"replies":[{"embeddable":true,"href":"https:\/\/www.hydraulic-cylinders.net\/pl\/wp-json\/wp\/v2\/comments?post=18946"}],"wp:featuredmedia":[{"embeddable":true,"href":"https:\/\/www.hydraulic-cylinders.net\/pl\/wp-json\/wp\/v2\/media\/17873"}],"wp:attachment":[{"href":"https:\/\/www.hydraulic-cylinders.net\/pl\/wp-json\/wp\/v2\/media?parent=18946"}],"wp:term":[{"taxonomy":"product_brand","embeddable":true,"href":"https:\/\/www.hydraulic-cylinders.net\/pl\/wp-json\/wp\/v2\/product_brand?post=18946"},{"taxonomy":"product_cat","embeddable":true,"href":"https:\/\/www.hydraulic-cylinders.net\/pl\/wp-json\/wp\/v2\/product_cat?post=18946"},{"taxonomy":"product_tag","embeddable":true,"href":"https:\/\/www.hydraulic-cylinders.net\/pl\/wp-json\/wp\/v2\/product_tag?post=18946"}],"curies":[{"name":"wp","href":"https:\/\/api.w.org\/{rel}","templated":true}]}}