{"id":18954,"date":"2025-04-07T06:03:57","date_gmt":"2025-04-07T06:03:57","guid":{"rendered":"https:\/\/www.hydraulic-cylinders.net\/product\/boom-cylinder-for-caterpillar-middle-excavator-e320dz-bl\/"},"modified":"2025-04-07T06:03:59","modified_gmt":"2025-04-07T06:03:59","slug":"boom-cylinder-for-caterpillar-middle-excavator-e320dz-bl","status":"publish","type":"product","link":"https:\/\/www.hydraulic-cylinders.net\/pl\/produkt\/boom-cylinder-for-caterpillar-middle-excavator-e320dz-bl\/","title":{"rendered":"Si\u0142ownik wysi\u0119gnika do koparki \u015bredniej Caterpillar E320DZ\/BL"},"content":{"rendered":"<h1>Si\u0142ownik wysi\u0119gnika do koparki \u015bredniej Caterpillar E320DZ\/BL<\/h1>\n<h2>Wprowadzenie do cylindr\u00f3w wysi\u0119gnika<\/h2>\n<p>Si\u0142ownik wysi\u0119gnika to kluczowy element uk\u0142ad\u00f3w hydraulicznych, zaprojektowany specjalnie do sterowania ruchem \u0142y\u017cki koparki w ci\u0119\u017ckich maszynach, takich jak koparki, koparko-\u0142adowarki i \u0142adowarki czo\u0142owe. Te si\u0142owniki hydrauliczne umo\u017cliwiaj\u0105 podnoszenie, opuszczanie i przechylanie \u0142y\u017cki, u\u0142atwiaj\u0105c wydajne zadania zwi\u0105zane z prze\u0142adunkiem materia\u0142\u00f3w. Si\u0142ownik \u0142y\u017cki jest niezb\u0119dny do uzyskania precyzyjnych ruch\u00f3w i dzia\u0142ania w projektach budowlanych.<\/p>\n<p><img decoding=\"async\" src=\"https:\/\/www.hydraulic-cylinders.net\/wp-content\/uploads\/2025\/04\/songte-company-1.webp\" alt=\"Si\u0142ownik wysi\u0119gnika do koparek\" \/><\/p>\n<h3>Definicja i przegl\u0105d<\/h3>\n<p>Si\u0142ownik wysi\u0119gnika to rodzaj si\u0142ownika hydraulicznego, kt\u00f3ry dzia\u0142a wykorzystuj\u0105c ci\u015bnienie oleju hydraulicznego. Jego g\u0142\u00f3wn\u0105 funkcj\u0105 jest sterowanie procesem wykop\u00f3w, obejmuj\u0105cym kopanie, podnoszenie i transport materia\u0142\u00f3w. Efektywna konstrukcja i solidna konstrukcja si\u0142ownik\u00f3w wysi\u0119gnika zapewniaj\u0105 optymaln\u0105 wydajno\u015b\u0107 w zmiennych warunkach, co czyni je niezast\u0105pionymi w bran\u017cy budowlanej.<\/p>\n<h2>Cechy cylindra wysi\u0119gnika<\/h2>\n<ul>\n<li><strong>Wysoka wytrzyma\u0142o\u015b\u0107 i trwa\u0142o\u015b\u0107:<\/strong> Wykonane z wytrzyma\u0142ej stali lub aluminium, cylindry te wytrzymuj\u0105 du\u017ce ci\u015bnienie i du\u017ce obci\u0105\u017cenia, dzi\u0119ki czemu nadaj\u0105 si\u0119 do pracy w trudnych warunkach.<\/li>\n<li><strong>Wydajna praca uk\u0142adu hydraulicznego:<\/strong> Wykorzystuj\u0105 ci\u015bnienie oleju hydraulicznego do p\u0142ynnego rozci\u0105gania i kurczenia, szybko reaguj\u0105 na polecenia operacyjne i generuj\u0105 du\u017ce si\u0142y pchania i ci\u0105gni\u0119cia.<\/li>\n<li><strong>R\u00f3\u017cne typy:<\/strong> Si\u0142owniki wysi\u0119gnika mog\u0105 by\u0107 jednostronnego dzia\u0142ania (wykorzystuj\u0105ce hydraulik\u0119 w jednym kierunku) lub dwustronnego dzia\u0142ania (wykorzystuj\u0105ce hydraulik\u0119 w obu kierunkach), aby sprosta\u0107 r\u00f3\u017cnym potrzebom operacyjnym. Niekt\u00f3re modele s\u0105 teleskopowe, co pozwala na wi\u0119ksze wysuni\u0119cie bez zwi\u0119kszania wymiar\u00f3w zewn\u0119trznych.<\/li>\n<li><strong>Zaawansowana technologia uszczelniania:<\/strong> Wyposa\u017cone w wysokiej jako\u015bci uszczelki zapobiegaj\u0105ce przeciekom i gwarantuj\u0105ce optymaln\u0105 wydajno\u015b\u0107 w r\u00f3\u017cnych warunkach.<\/li>\n<li><strong>Rozwi\u0105zania niestandardowe:<\/strong> Nasze produkty doskonale zast\u0119puj\u0105 si\u0142owniki hydrauliczne, zapewniaj\u0105c rozwi\u0105zania dostosowane do konkretnych wymaga\u0144 maszyn.<\/li>\n<\/ul>\n<p><img decoding=\"async\" src=\"https:\/\/www.hydraulic-cylinders.net\/wp-content\/uploads\/2025\/04\/songte-cylinder-head-with-all-kinds-excavator-models.webp\" alt=\"Wymiana cylindra hydraulicznego\" \/><\/p>\n<h2>Scenariusze zastosowa\u0144<\/h2>\n<h3>Sprz\u0119t budowlany<\/h3>\n<p>W koparkach si\u0142owniki wysi\u0119gnika odgrywaj\u0105 kluczow\u0105 rol\u0119 w kopaniu, \u0142adowaniu i przemieszczaniu gleby lub gruzu. Umo\u017cliwiaj\u0105 one precyzyjn\u0105 kontrol\u0119 ruchu \u0142y\u017cki, zwi\u0119kszaj\u0105c wydajno\u015b\u0107 procesu kopania. W koparko-\u0142adowarkach si\u0142ownik \u0142y\u017cki wspomaga zar\u00f3wno kopanie, jak i podnoszenie, rozszerzaj\u0105c zakres zastosowa\u0144 tych wszechstronnych maszyn.<\/p>\n<h3>Maszyny rolnicze<\/h3>\n<p>W \u0142adowarkach czo\u0142owych si\u0142owniki wysi\u0119gnika s\u0142u\u017c\u0105 do nabierania, podnoszenia i transportu gleby, siana i innych materia\u0142\u00f3w. Ich zdolno\u015b\u0107 do przenoszenia du\u017cych obci\u0105\u017ce\u0144 sprawia, \u017ce \u200b\u200bidealnie nadaj\u0105 si\u0119 do prac rolniczych, przyczyniaj\u0105c si\u0119 do efektywno\u015bci pracy w gospodarstwie.<\/p>\n<h3>Koparki<\/h3>\n<p>Cylinder \u0142y\u017cki umo\u017cliwia koparkom skuteczn\u0105 penetracj\u0119 gruntu, umo\u017cliwiaj\u0105c g\u0142\u0119bokie kopanie i precyzyjne wykonywanie wykop\u00f3w. Jest to szczeg\u00f3lnie wa\u017cne w przypadku projekt\u00f3w wymagaj\u0105cych prac fundamentowych lub instalacji podziemnych.<\/p>\n<h3>\u0141adowarki<\/h3>\n<p>W \u0142adowarkach czo\u0142owych si\u0142owniki wysi\u0119gnika wspomagaj\u0105 podnoszenie i wysypywanie \u0142adunk\u00f3w. Ich szybka reakcja i du\u017ca si\u0142a podnoszenia sprawiaj\u0105, \u017ce s\u0105 one niezb\u0119dne do przenoszenia materia\u0142\u00f3w w budownictwie i pracach ogrodniczych.<\/p>\n<h2>Zagadnienia projektowe i kryteria wyboru<\/h2>\n<h3>No\u015bno\u015b\u0107<\/h3>\n<p>Jednym z g\u0142\u00f3wnych za\u0142o\u017ce\u0144 projektowych si\u0142ownika wysi\u0119gnika jest jego ud\u017awig. Okre\u015bla on maksymalny ci\u0119\u017car, jaki mo\u017ce on bezpiecznie ud\u017awign\u0105\u0107 podczas pracy. In\u017cynierowie musz\u0105 upewni\u0107 si\u0119, \u017ce materia\u0142y i konstrukcja si\u0142ownika wytrzymaj\u0105 za\u0142o\u017cone obci\u0105\u017cenie, aby zapobiec jego awarii.<\/p>\n<h3>Skuteczno\u015b\u0107 uszczelniania<\/h3>\n<p>Skuteczne uszczelnienie ma kluczowe znaczenie dla zapobiegania wyciekom p\u0142ynu hydraulicznego, kt\u00f3re mog\u0105 prowadzi\u0107 do spadku wydajno\u015bci i wzrostu koszt\u00f3w konserwacji. Wyb\u00f3r wysokiej jako\u015bci uszczelnie\u0144 jest kluczowy dla zachowania integralno\u015bci uk\u0142adu hydraulicznego.<\/p>\n<h3>Trwa\u0142o\u015b\u0107<\/h3>\n<p>Trwa\u0142o\u015b\u0107 jest kluczowym czynnikiem w projektowaniu si\u0142ownik\u00f3w wysi\u0119gnika. Powinny one by\u0107 odporne na trudne warunki pracy, w tym na dzia\u0142anie ekstremalnych temperatur, zanieczyszcze\u0144 i innych czynnik\u00f3w \u015brodowiskowych. Zazwyczaj osi\u0105ga si\u0119 to dzi\u0119ki zastosowaniu zaawansowanych materia\u0142\u00f3w i pow\u0142ok ochronnych.<\/p>\n<h3>Funkcje bezpiecze\u0144stwa<\/h3>\n<p>W\u0142\u0105czenie funkcji bezpiecze\u0144stwa do konstrukcji si\u0142ownik\u00f3w wysi\u0119gnika jest kluczowe. Obejmuje to systemy zabezpieczaj\u0105ce przed przeci\u0105\u017ceniem, zapobiegaj\u0105ce wypadkom i awariom. Zapewnienie, \u017ce si\u0142ownik spe\u0142nia mi\u0119dzynarodowe normy bezpiecze\u0144stwa, jest r\u00f3wnie\u017c kluczowe dla bezpiecze\u0144stwa u\u017cytkownika.<\/p>\n<h3>Utrzymywalno\u015b\u0107<\/h3>\n<p>Projektowanie pod k\u0105tem \u0142atwo\u015bci konserwacji obejmuje zapewnienie \u0142atwego serwisowania i naprawy cylindra. Obejmuje to uwzgl\u0119dnienie dost\u0119pno\u015bci podzespo\u0142\u00f3w oraz wykorzystanie standardowych cz\u0119\u015bci w celu u\u0142atwienia napraw.<\/p>\n<p><img decoding=\"async\" src=\"https:\/\/www.hydraulic-cylinders.net\/wp-content\/uploads\/2025\/04\/songte-oil-pipes-and-spare-parts.webp\" alt=\"Cz\u0119\u015bci cylindr\u00f3w hydraulicznych\" \/><\/p>\n<h2>Uszczelnianie i smarowanie<\/h2>\n<p>Prawid\u0142owe uszczelnienie i smarowanie maj\u0105 kluczowe znaczenie dla wydajno\u015bci si\u0142ownik\u00f3w wysi\u0119gnika. R\u00f3\u017cne elementy uszczelniaj\u0105ce, takie jak uszczelnienia t\u0142oka i t\u0142oczyska, s\u0142u\u017c\u0105 do zapobiegania wyciekom p\u0142yn\u00f3w i zanieczyszczeniom. Wyb\u00f3r trwa\u0142ych materia\u0142\u00f3w, takich jak poliuretan i kauczuk nitrylowy, na uszczelnienia zwi\u0119ksza ich odporno\u015b\u0107 na zu\u017cycie.<\/p>\n<p>Korpus cylindra i gwintowane powierzchnie ko\u0144cowe musz\u0105 zosta\u0107 poddane starannemu wyko\u0144czeniu w celu zwi\u0119kszenia odporno\u015bci na zu\u017cycie. Regularne smarowanie olejem hydraulicznym zapewnia p\u0142ynn\u0105 prac\u0119 i wyd\u0142u\u017ca \u017cywotno\u015b\u0107 cylindra. Konieczne jest monitorowanie poziomu oleju i uzupe\u0142nianie go w razie potrzeby, aby utrzyma\u0107 optymaln\u0105 wydajno\u015b\u0107.<\/p>\n<h2>\u015arodki konserwacji zapobiegawczej<\/h2>\n<ul>\n<li><strong>Regularne kontrole:<\/strong> Przeprowadzaj rutynowe kontrole uk\u0142adu hydraulicznego, aby zidentyfikowa\u0107 wszelkie oznaki zu\u017cycia lub uszkodze\u0144. Pomaga to we wczesnym wykryciu potencjalnych problem\u00f3w.<\/li>\n<li><strong>W\u0142a\u015bciwe smarowanie:<\/strong> Upewnij si\u0119, \u017ce olej hydrauliczny jest odpowiednio uzupe\u0142niony i \u017ce smarowanie jest stosowane w zalecanych odst\u0119pach czasu, aby zapewni\u0107 prawid\u0142owe funkcjonowanie cylindra.<\/li>\n<li><strong>Wymiana uszczelki:<\/strong> Monitoruj stan uszczelek i wymieniaj je w razie konieczno\u015bci, aby zapobiega\u0107 wyciekom i utrzyma\u0107 ci\u015bnienie w uk\u0142adzie.<\/li>\n<\/ul>\n<h2>Wytyczne dotycz\u0105ce instalacji<\/h2>\n<p>Prawid\u0142owy monta\u017c si\u0142ownika wysi\u0119gnika ma kluczowe znaczenie dla jego funkcjonalno\u015bci i trwa\u0142o\u015bci. Aby przeprowadzi\u0107 prawid\u0142owy monta\u017c, post\u0119puj zgodnie z poni\u017cszymi krokami:<\/p>\n<ol>\n<li><strong>Wyr\u00f3wnanie:<\/strong> Upewnij si\u0119, \u017ce cylinder jest prawid\u0142owo wyr\u00f3wnany ze wspornikami monta\u017cowymi, aby zapobiec nier\u00f3wnomiernemu napr\u0119\u017ceniu podczas pracy.<\/li>\n<li><strong>U\u017cyj odpowiednich uchwyt\u00f3w monta\u017cowych:<\/strong> Zabezpiecz cylinder za pomoc\u0105 odpowiednich wspornik\u00f3w, kt\u00f3re b\u0119d\u0105 w stanie wytrzyma\u0107 si\u0142y wyst\u0119puj\u0105ce podczas pracy.<\/li>\n<li><strong>Dokr\u0119canie element\u00f3w z\u0142\u0105cznych:<\/strong> Upewnij si\u0119, \u017ce wszystkie \u015bruby i elementy mocuj\u0105ce s\u0105 dokr\u0119cone zgodnie ze specyfikacj\u0105 producenta, aby zapobiec ich luzowaniu w czasie pracy.<\/li>\n<li><strong>Sprawd\u017a po\u0142\u0105czenia hydrauliczne:<\/strong> Przed pod\u0142\u0105czeniem przewod\u00f3w hydraulicznych do uk\u0142adu hydraulicznego nale\u017cy sprawdzi\u0107, czy nie ma w nich nieszczelno\u015bci lub uszkodze\u0144.<\/li>\n<li><strong>Sprawd\u017a funkcjonalno\u015b\u0107:<\/strong> Po monta\u017cu nale\u017cy sprawdzi\u0107 dzia\u0142anie si\u0142ownika wysi\u0119gnika, aby upewni\u0107 si\u0119, \u017ce dzia\u0142a on p\u0142ynnie i bez \u017cadnych problem\u00f3w.<\/li>\n<\/ol>\n<p><img decoding=\"async\" src=\"https:\/\/www.hydraulic-cylinders.net\/wp-content\/uploads\/2025\/04\/songte-chushion-collar.webp\" alt=\"Ko\u0142nierz amortyzuj\u0105cy do cylindra wysi\u0119gnika\" \/><\/p>\n<h2>Zagadnienia bezpiecze\u0144stwa i czynniki \u015brodowiskowe<\/h2>\n<p>Podczas obs\u0142ugi si\u0142ownik\u00f3w wysi\u0119gnika \u015brodki bezpiecze\u0144stwa s\u0105 niezb\u0119dne, aby zapobiec wypadkom i zapewni\u0107 bezpiecze\u0144stwo operatora. Kluczowe jest odpowiednie przeszkolenie operator\u00f3w w zakresie obs\u0142ugi maszyn hydraulicznych, podobnie jak przestrzeganie protoko\u0142\u00f3w bezpiecze\u0144stwa podczas pracy. Ponadto, podczas obs\u0142ugi i konserwacji uk\u0142ad\u00f3w hydraulicznych nale\u017cy uwzgl\u0119dni\u0107 czynniki \u015brodowiskowe, takie jak usuwanie p\u0142yn\u00f3w i ha\u0142as.<\/p>\n<h2>Rozwi\u0105zywanie typowych problem\u00f3w<\/h2>\n<ul>\n<li><strong>Wyciek p\u0142ynu hydraulicznego:<\/strong> Mo\u017ce to wskazywa\u0107 na zu\u017cyte uszczelki lub uszkodzone przewody. Sprawd\u017a i wymie\u0144 uszkodzone elementy w razie potrzeby.<\/li>\n<li><strong>Powolny ruch cylindra:<\/strong> Mo\u017ce to by\u0107 spowodowane niskim poziomem p\u0142ynu hydraulicznego lub zanieczyszczeniem. Sprawd\u017a p\u0142yn i wymie\u0144 go w razie potrzeby.<\/li>\n<li><strong>Nietypowe d\u017awi\u0119ki podczas pracy:<\/strong> Zgrzytanie lub syczenie mo\u017ce sugerowa\u0107 problemy z pomp\u0105 hydrauliczn\u0105 lub elementami wewn\u0119trznymi. Wymagana jest dok\u0142adna kontrola.<\/li>\n<\/ul>\n<h2>Diagnostyka usterek i \u015brodki zapobiegawcze<\/h2>\n<p>Aby skutecznie zdiagnozowa\u0107 usterki, wykonaj nast\u0119puj\u0105ce czynno\u015bci:<\/p>\n<ul>\n<li><strong>Zidentyfikuj objawy:<\/strong> Obserwuj objawy wy\u015bwietlane przez sprz\u0119t, co mo\u017ce pom\u00f3c w ustaleniu diagnozy.<\/li>\n<li><strong>Przeprowad\u017a inspekcje wizualne:<\/strong> Regularnie sprawdzaj przewody hydrauliczne, uszczelki i po\u0142\u0105czenia pod k\u0105tem zu\u017cycia i uszkodze\u0144.<\/li>\n<li><strong>Wdro\u017cenie \u015brodk\u00f3w zapobiegawczych:<\/strong> Ustal harmonogram rutynowej konserwacji, aby zminimalizowa\u0107 potencjalne problemy i przed\u0142u\u017cy\u0107 \u017cywotno\u015b\u0107 cylindra.<\/li>\n<\/ul>\n<p><img decoding=\"async\" src=\"https:\/\/www.hydraulic-cylinders.net\/wp-content\/uploads\/2025\/04\/songte-bushings-with-all-kinds-of-excavator-models.webp\" alt=\"Tuleje do si\u0142ownika wysi\u0119gnika\" \/><\/p>\n<h2>Przegl\u0105d firmy<\/h2>\n<p>Jeste\u015bmy wiod\u0105cym producentem alternatywnych si\u0142ownik\u00f3w hydraulicznych, oferuj\u0105cym szerok\u0105 gam\u0119 produkt\u00f3w zar\u00f3wno na rynku krajowym, jak i mi\u0119dzynarodowym. Nasze zaanga\u017cowanie w d\u0105\u017cenie do doskona\u0142o\u015bci znajduje odzwierciedlenie w naszych strategiach zarz\u0105dzania produkcj\u0105 przemys\u0142ow\u0105, zatrudnianiu wykwalifikowanych technik\u00f3w, zaawansowanym sprz\u0119cie do produkcji cyfrowej oraz profesjonalnych systemach testowych. Stale udoskonalamy nasz\u0105 platform\u0119 produkcyjn\u0105 i jako\u015b\u0107 produkt\u00f3w, aby sprosta\u0107 zr\u00f3\u017cnicowanym potrzebom klient\u00f3w, zapewniaj\u0105c wysok\u0105 wydajno\u015b\u0107, precyzj\u0119 i jako\u015b\u0107.<\/p>\n<h3>Nasze Specjalizacje<\/h3>\n<ul>\n<li><strong>Ekspertyza:<\/strong> Nasz zesp\u00f3\u0142 posiada szerok\u0105 wiedz\u0119 w zakresie projektowania i produkcji cylindr\u00f3w hydraulicznych, co gwarantuje wysok\u0105 jako\u015b\u0107 produkt\u00f3w.<\/li>\n<li><strong>Certyfikacja mi\u0119dzynarodowa:<\/strong> Nasze produkty spe\u0142niaj\u0105 mi\u0119dzynarodowe standardy jako\u015bci, zapewniaj\u0105c klientom niezawodn\u0105 prac\u0119.<\/li>\n<li><strong>Rozwi\u0105zania niestandardowe:<\/strong> Oferujemy us\u0142ugi dostosowane do indywidualnych potrzeb, gwarantuj\u0105c satysfakcj\u0119 klienta.<\/li>\n<li><strong>Nowoczesny sprz\u0119t:<\/strong> Wykorzystanie najnowocze\u015bniejszych maszyn produkcyjnych gwarantuje precyzj\u0119 i jako\u015b\u0107 ka\u017cdego produkowanego przez nas cylindra.<\/li>\n<li><strong>Wsparcie posprzeda\u017cowe:<\/strong> Nasz oddany zesp\u00f3\u0142 wsparcia jest do dyspozycji klient\u00f3w, aby pom\u00f3c im w kwestiach instalacji, konserwacji i odpowiedzie\u0107 na wszelkie pytania.<\/li>\n<\/ul>\n<p><img decoding=\"async\" src=\"https:\/\/www.hydraulic-cylinders.net\/wp-content\/uploads\/2025\/04\/songte-company-4.webp\" alt=\"Produkcja cylindr\u00f3w hydraulicznych\" \/><br \/>\n<img decoding=\"async\" src=\"https:\/\/www.hydraulic-cylinders.net\/wp-content\/uploads\/2025\/04\/songte-company-3.webp\" alt=\"Obiekty firmy\" \/><\/p>\n<p>Autor: lyl<\/p>","protected":false},"excerpt":{"rendered":"<p>Boom Cylinder For Caterpillar Middle Excavator E320DZ\/BL Introduction to Boom Cylinders The Boom Cylinder is a critical component in hydraulic systems, specifically designed for controlling the movement of excavator buckets in heavy machinery such as excavators, backhoe loaders, and front-end loaders. These hydraulic cylinders enable the bucket to lift, lower, and tilt, facilitating efficient material [&hellip;]<\/p>","protected":false},"featured_media":17881,"comment_status":"open","ping_status":"closed","template":"","meta":{"_et_pb_use_builder":"","_et_pb_old_content":"","_et_gb_content_width":""},"product_brand":[],"product_cat":[1546],"product_tag":[1547,1496],"class_list":{"0":"post-18954","1":"product","2":"type-product","3":"status-publish","4":"has-post-thumbnail","6":"product_cat-boom-cylinders","7":"product_tag-boom-cylinders","8":"product_tag-hydraulic-cylinders","10":"first","11":"instock","12":"shipping-taxable","13":"product-type-simple"},"amp_enabled":true,"_links":{"self":[{"href":"https:\/\/www.hydraulic-cylinders.net\/pl\/wp-json\/wp\/v2\/product\/18954","targetHints":{"allow":["GET"]}}],"collection":[{"href":"https:\/\/www.hydraulic-cylinders.net\/pl\/wp-json\/wp\/v2\/product"}],"about":[{"href":"https:\/\/www.hydraulic-cylinders.net\/pl\/wp-json\/wp\/v2\/types\/product"}],"replies":[{"embeddable":true,"href":"https:\/\/www.hydraulic-cylinders.net\/pl\/wp-json\/wp\/v2\/comments?post=18954"}],"wp:featuredmedia":[{"embeddable":true,"href":"https:\/\/www.hydraulic-cylinders.net\/pl\/wp-json\/wp\/v2\/media\/17881"}],"wp:attachment":[{"href":"https:\/\/www.hydraulic-cylinders.net\/pl\/wp-json\/wp\/v2\/media?parent=18954"}],"wp:term":[{"taxonomy":"product_brand","embeddable":true,"href":"https:\/\/www.hydraulic-cylinders.net\/pl\/wp-json\/wp\/v2\/product_brand?post=18954"},{"taxonomy":"product_cat","embeddable":true,"href":"https:\/\/www.hydraulic-cylinders.net\/pl\/wp-json\/wp\/v2\/product_cat?post=18954"},{"taxonomy":"product_tag","embeddable":true,"href":"https:\/\/www.hydraulic-cylinders.net\/pl\/wp-json\/wp\/v2\/product_tag?post=18954"}],"curies":[{"name":"wp","href":"https:\/\/api.w.org\/{rel}","templated":true}]}}