{"id":18966,"date":"2025-04-07T06:04:37","date_gmt":"2025-04-07T06:04:37","guid":{"rendered":"https:\/\/www.hydraulic-cylinders.net\/product\/boom-cylinder-for-caterpillar-large-excavator-e330b330c\/"},"modified":"2025-04-07T06:04:39","modified_gmt":"2025-04-07T06:04:39","slug":"boom-cylinder-for-caterpillar-large-excavator-e330b330c","status":"publish","type":"product","link":"https:\/\/www.hydraulic-cylinders.net\/pl\/produkt\/boom-cylinder-for-caterpillar-large-excavator-e330b330c\/","title":{"rendered":"Si\u0142ownik wysi\u0119gnika do du\u017cej koparki Caterpillar E330B330C"},"content":{"rendered":"<h1>Si\u0142ownik wysi\u0119gnika do du\u017cej koparki Caterpillar E330B330C<\/h1>\n<h2>Przegl\u0105d produktu<\/h2>\n<p>Si\u0142ownik wysi\u0119gnika do koparki Caterpillar E330B330C to si\u0142ownik hydrauliczny zaprojektowany specjalnie do sterowania ruchem wysi\u0119gnika w ci\u0119\u017ckich maszynach, takich jak koparki, koparko-\u0142adowarki i \u0142adowarki czo\u0142owe. Ten element odgrywa kluczow\u0105 rol\u0119 w zadaniach zwi\u0105zanych z prze\u0142adunkiem materia\u0142\u00f3w, umo\u017cliwiaj\u0105c wydajne podnoszenie, opuszczanie i przechylanie wysi\u0119gnika. Jako si\u0142ownik hydrauliczny, jego g\u0142\u00f3wn\u0105 funkcj\u0105 jest wykorzystanie ci\u015bnienia hydraulicznego w celu zapewnienia p\u0142ynnych i mocnych ruch\u00f3w, co czyni go niezast\u0105pionym w r\u00f3\u017cnych zastosowaniach.<\/p>\n<p><img decoding=\"async\" src=\"https:\/\/www.hydraulic-cylinders.net\/wp-content\/uploads\/2025\/04\/songte-company-1.webp\" alt=\"Si\u0142ownik wysi\u0119gnika do koparki\"><\/p>\n<h2>Cechy cylindra wysi\u0119gnika<\/h2>\n<ul>\n<li><strong>Wysoka wytrzyma\u0142o\u015b\u0107 i trwa\u0142o\u015b\u0107:<\/strong> Wykonane z wytrzyma\u0142ej stali lub aluminium, cylindry te wytrzymuj\u0105 du\u017ce ci\u015bnienie i obci\u0105\u017cenia, jednocze\u015bnie dostosowuj\u0105c si\u0119 do trudnych warunk\u00f3w pracy. Ich konstrukcja uwzgl\u0119dnia odporno\u015b\u0107 na zu\u017cycie i ochron\u0119 przed korozj\u0105, co wyd\u0142u\u017ca ich \u017cywotno\u015b\u0107.<\/li>\n<li><strong>Wydajna praca uk\u0142adu hydraulicznego:<\/strong> Si\u0142ownik wykorzystuje ci\u015bnienie oleju hydraulicznego do p\u0142ynnego wysuwania i wsuwania, co pozwala na szybk\u0105 reakcj\u0119 na polecenia steruj\u0105ce, a jednocze\u015bnie zapewnia du\u017c\u0105 si\u0142\u0119 pchania i ci\u0105gni\u0119cia, odpowiedni\u0105 do podnoszenia ci\u0119\u017ckich przedmiot\u00f3w i wykonywania skomplikowanych zada\u0144.<\/li>\n<li><strong>R\u00f3\u017cne typy:<\/strong> W zale\u017cno\u015bci od potrzeb operacyjnych, mo\u017cna wybra\u0107 si\u0142owniki jednostronnego dzia\u0142ania (wykorzystuj\u0105ce si\u0142\u0119 hydrauliczn\u0105 w jednym kierunku) lub dwustronnego dzia\u0142ania (wykorzystuj\u0105ce si\u0142\u0119 hydrauliczn\u0105 w obu kierunkach). Niekt\u00f3re modele s\u0105 teleskopowe, co pozwala na wi\u0119ksze wysuni\u0119cie bez zwi\u0119kszania wymiar\u00f3w zewn\u0119trznych, co jest idealne w ograniczonych przestrzeniach.<\/li>\n<li><strong>Produkcja niestandardowa:<\/strong> Nasze mo\u017cliwo\u015bci produkcyjne pozwalaj\u0105 nam tworzy\u0107 cylindry, kt\u00f3re doskonale zast\u0119puj\u0105 istniej\u0105ce cylindry hydrauliczne, zapewniaj\u0105c jednocze\u015bnie kompatybilno\u015b\u0107 i wydajno\u015b\u0107.<\/li>\n<\/ul>\n<p><img decoding=\"async\" src=\"https:\/\/www.hydraulic-cylinders.net\/wp-content\/uploads\/2025\/04\/songte-cylinder-head-with-all-kinds-excavator-models.webp\" alt=\"R\u00f3\u017cne modele koparek\"><\/p>\n<h2>Zastosowania cylindra wysi\u0119gnika<\/h2>\n<h3>Sprz\u0119t budowlany<\/h3>\n<p>W koparkach si\u0142owniki wysi\u0119gnika odgrywaj\u0105 kluczow\u0105 rol\u0119 w kopaniu, za\u0142adunku i transporcie gleby lub gruzu. Umo\u017cliwiaj\u0105 one wysuwanie wysi\u0119gnika na zewn\u0105trz i w d\u00f3\u0142, u\u0142atwiaj\u0105c wykopy. W koparko-\u0142adowarkach si\u0142ownik wysi\u0119gnika wspomaga zar\u00f3wno kopanie, jak i podnoszenie, co jest niezb\u0119dne dla wydajnej pracy.<\/p>\n<h3>Maszyny rolnicze<\/h3>\n<p>W \u0142adowarkach czo\u0142owych si\u0142owniki wysi\u0119gnika umo\u017cliwiaj\u0105 podnoszenie, nabieranie i transport ziemi, siana i innych materia\u0142\u00f3w. Ich solidna konstrukcja gwarantuje, \u017ce poradz\u0105 sobie z zadaniami rolniczymi, minimalizuj\u0105c jednocze\u015bnie przestoje spowodowane awariami mechanicznymi.<\/p>\n<h3>Koparki<\/h3>\n<p>Si\u0142owniki te umo\u017cliwiaj\u0105 \u0142y\u017cce penetracj\u0119 gruntu, u\u0142atwiaj\u0105c kopanie niezb\u0119dne w r\u00f3\u017cnych projektach budowlanych. Wydajno\u015b\u0107 si\u0142ownika wysi\u0119gnika znacznie zwi\u0119ksza og\u00f3ln\u0105 wydajno\u015b\u0107 koparek, co czyni je niezb\u0119dnymi w ci\u0119\u017ckich pracach.<\/p>\n<h3>\u0141adowarki<\/h3>\n<p>W \u0142adowarkach czo\u0142owych si\u0142owniki wysi\u0119gnika wspomagaj\u0105 efektywne podnoszenie i zrzucanie materia\u0142\u00f3w. Ich zdolno\u015b\u0107 do zapewnienia du\u017cej si\u0142y podnoszenia umo\u017cliwia sprawne przenoszenie materia\u0142\u00f3w w zastosowaniach budowlanych i ogrodniczych.<\/p>\n<h2>Zagadnienia projektowe i kryteria wyboru<\/h2>\n<h3>No\u015bno\u015b\u0107<\/h3>\n<p>Wybieraj\u0105c si\u0142ownik wysi\u0119gnika, nale\u017cy koniecznie wzi\u0105\u0107 pod uwag\u0119 jego ud\u017awig. Si\u0142ownik musi by\u0107 w stanie ud\u017awign\u0105\u0107 maksymaln\u0105 mas\u0119 \u0142adunk\u00f3w, kt\u00f3re b\u0119dzie podnosi\u0142 i manipulowa\u0142. Wymaga to znajomo\u015bci specyficznych wymaga\u0144 maszyn i zada\u0144, jakie b\u0119d\u0105 wykonywane.<\/p>\n<h3>Uszczelnienie i trwa\u0142o\u015b\u0107<\/h3>\n<p>Uszczelnienie ma kluczowe znaczenie dla efektywnego dzia\u0142ania cylindr\u00f3w hydraulicznych. Wysokiej jako\u015bci uszczelki zapobiegaj\u0105 wyciekom p\u0142ynu hydraulicznego, kt\u00f3re mog\u0105 prowadzi\u0107 do awarii i wzrostu koszt\u00f3w konserwacji. Wyb\u00f3r materia\u0142\u00f3w takich jak poliuretan i kauczuk nitrylowy zwi\u0119ksza trwa\u0142o\u015b\u0107 i odporno\u015b\u0107 na zu\u017cycie oraz czynniki \u015brodowiskowe.<\/p>\n<h3>Funkcje bezpiecze\u0144stwa<\/h3>\n<p>Bezpiecze\u0144stwo jest priorytetem przy projektowaniu si\u0142ownik\u00f3w hydraulicznych. Powinny one by\u0107 wyposa\u017cone w takie elementy, jak zawory bezpiecze\u0144stwa i blokady bezpiecze\u0144stwa, zapobiegaj\u0105ce przypadkowym ruchom oraz chroni\u0105ce operatora i sprz\u0119t podczas pracy.<\/p>\n<h3>Zagadnienia konserwacyjne<\/h3>\n<p>Projektowanie z my\u015bl\u0105 o \u0142atwo\u015bci konserwacji mo\u017ce znacz\u0105co wp\u0142yn\u0105\u0107 na \u017cywotno\u015b\u0107 si\u0142ownika wysi\u0119gnika. Funkcje umo\u017cliwiaj\u0105ce \u0142atwy dost\u0119p do uszczelnie\u0144 i punkt\u00f3w smarowania mog\u0105 skr\u00f3ci\u0107 przestoje i u\u0142atwi\u0107 operatorom rutynow\u0105 konserwacj\u0119.<\/p>\n<p><img decoding=\"async\" src=\"https:\/\/www.hydraulic-cylinders.net\/wp-content\/uploads\/2025\/04\/songte-oil-pipes-and-spare-parts.webp\" alt=\"Rury olejowe i cz\u0119\u015bci zamienne\"><\/p>\n<h2>Uszczelnianie i smarowanie<\/h2>\n<p>Niezawodno\u015b\u0107 si\u0142ownika wysi\u0119gnika w du\u017cej mierze zale\u017cy od skutecznego stosowania uszczelnie\u0144 i smarowania. R\u00f3\u017cne rozwi\u0105zania uszczelniaj\u0105ce, takie jak uszczelnienia t\u0142oka i t\u0142oczyska, s\u0105 niezb\u0119dne do utrzymania integralno\u015bci hydraulicznej. Uszczelnienia wykonane z trwa\u0142ych materia\u0142\u00f3w, takich jak poliuretan i kauczuk nitrylowy, s\u0105 odporne na zu\u017cycie i degradacj\u0119 pod wp\u0142ywem \u015brodowiska. Dodatkowo, korpus si\u0142ownika i gwintowane powierzchnie ko\u0144cowe musz\u0105 zosta\u0107 poddane precyzyjnej obr\u00f3bce w celu zwi\u0119kszenia odporno\u015bci na zu\u017cycie.<\/p>\n<p>Regularne smarowanie odpowiedni\u0105 ilo\u015bci\u0105 oleju hydraulicznego jest kluczowe dla optymalnej wydajno\u015bci. Prawid\u0142owe smarowanie zmniejsza tarcie mi\u0119dzy ruchomymi cz\u0119\u015bciami, wyd\u0142u\u017caj\u0105c \u017cywotno\u015b\u0107 cylindra i zapewniaj\u0105c p\u0142ynn\u0105 prac\u0119.<\/p>\n<h2>\u015arodki konserwacji zapobiegawczej<\/h2>\n<ul>\n<li><strong>Regularne kontrole:<\/strong> Przeprowadzanie okresowych kontroli cylindra w celu wykrycia oznak zu\u017cycia lub uszkodze\u0144 mo\u017ce zapobiec powa\u017cnym awariom i utrzyma\u0107 wydajno\u015b\u0107 operacyjn\u0105.<\/li>\n<li><strong>W\u0142a\u015bciwe smarowanie:<\/strong> Zapewnienie odpowiedniego smarowania cylindra w\u0142a\u015bciwym olejem hydraulicznym zwi\u0119kszy jego wydajno\u015b\u0107 i trwa\u0142o\u015b\u0107.<\/li>\n<li><strong>Wymiana uszczelki:<\/strong> Szybka wymiana zu\u017cytych uszczelek pozwala zapobiec wyciekom i utrzyma\u0107 wydajno\u015b\u0107 uk\u0142adu hydraulicznego.<\/li>\n<\/ul>\n<h2>Prawid\u0142owe wytyczne dotycz\u0105ce instalacji<\/h2>\n<p>Prawid\u0142owy monta\u017c si\u0142ownika wysi\u0119gnika ma kluczowe znaczenie dla jego wydajno\u015bci i trwa\u0142o\u015bci. Zacznij od upewnienia si\u0119, \u017ce si\u0142ownik jest prawid\u0142owo ustawiony wzgl\u0119dem punktu monta\u017cu. U\u017cyj odpowiednich wspornik\u00f3w monta\u017cowych, aby zabezpieczy\u0107 si\u0142ownik, zapobiegaj\u0105c niewsp\u00f3\u0142osiowo\u015bci, kt\u00f3ra mog\u0142aby prowadzi\u0107 do przedwczesnego zu\u017cycia. Aby unikn\u0105\u0107 wyciek\u00f3w hydraulicznych, nale\u017cy przestrzega\u0107 zalece\u0144 producenta dotycz\u0105cych momentu obrotowego i pod\u0142\u0105cze\u0144.<\/p>\n<p>Przed uruchomieniem nale\u017cy dok\u0142adnie sprawdzi\u0107 wszystkie po\u0142\u0105czenia i upewni\u0107 si\u0119, \u017ce uszczelki s\u0105 nienaruszone. Uruchomienie systemu bez prawid\u0142owej instalacji mo\u017ce prowadzi\u0107 do powa\u017cnych uszkodze\u0144 i wzrostu koszt\u00f3w konserwacji. Regularnie sprawdzaj proces instalacji, aby zapewni\u0107 zgodno\u015b\u0107 z najlepszymi praktykami.<\/p>\n<h2>Typowe zadania konserwacyjne<\/h2>\n<h3>Regularne kontrole<\/h3>\n<p>Regularne kontrole s\u0105 kluczowe dla identyfikacji potencjalnych problem\u00f3w, zanim si\u0119 nasil\u0105. Nale\u017cy zwraca\u0107 uwag\u0119 na oznaki zu\u017cycia, takie jak wycieki czy uszkodzenia uszczelek. Cz\u0119ste kontrole mog\u0105 zaoszcz\u0119dzi\u0107 czas i zasoby w d\u0142u\u017cszej perspektywie.<\/p>\n<h3>Prawid\u0142owe smarowanie<\/h3>\n<p>Zapewnienie odpowiedniego smarowania si\u0142ownika wysi\u0119gnika jest niezb\u0119dne dla p\u0142ynnej pracy i d\u0142ugiej \u017cywotno\u015bci. Stosuj olej hydrauliczny zalecany przez producenta i przestrzegaj harmonogramu smarowania, aby zapobiec tarciu i zu\u017cyciu.<\/p>\n<h3>Wymiana uszczelki<\/h3>\n<p>Regularna wymiana uszczelek mo\u017ce zapobiec wyciekom i utrzyma\u0107 wydajno\u015b\u0107 uk\u0142adu hydraulicznego. Podczas przegl\u0105d\u00f3w nale\u017cy zwraca\u0107 uwag\u0119 na stan uszczelek i wymienia\u0107 je w razie potrzeby, aby zapewni\u0107 optymaln\u0105 wydajno\u015b\u0107.<\/p>\n<p><img decoding=\"async\" src=\"https:\/\/www.hydraulic-cylinders.net\/wp-content\/uploads\/2025\/04\/songte-chushion-collar.webp\" alt=\"Ko\u0142nierz poduszkowy\"><\/p>\n<h2>Zagadnienia bezpiecze\u0144stwa i czynniki \u015brodowiskowe<\/h2>\n<p>Podczas u\u017cytkowania si\u0142ownik\u00f3w hydraulicznych \u015brodki bezpiecze\u0144stwa maj\u0105 pierwszorz\u0119dne znaczenie. Operatorzy powinni zosta\u0107 przeszkoleni w zakresie bezpiecznej obs\u0142ugi maszyn i potencjalnych zagro\u017ce\u0144 zwi\u0105zanych z uk\u0142adami hydraulicznymi. Zapewnienie prawid\u0142owego monta\u017cu i dzia\u0142ania urz\u0105dze\u0144 zabezpieczaj\u0105cych ma kluczowe znaczenie dla zapobiegania wypadkom i obra\u017ceniom. Ponadto, w celu ochrony ekosystemu, priorytetem powinny by\u0107 wzgl\u0119dy \u015brodowiskowe, takie jak w\u0142a\u015bciwa utylizacja p\u0142yn\u00f3w hydraulicznych i minimalizacja wyciek\u00f3w.<\/p>\n<h2>Rozwi\u0105zywanie problem\u00f3w i typowe problemy<\/h2>\n<ul>\n<li><strong>Przeciek:<\/strong> Wyciek mo\u017ce wyst\u0105pi\u0107 z powodu zu\u017cytych uszczelek lub uszkodzonych podzespo\u0142\u00f3w. Regularne kontrole mog\u0105 pom\u00f3c w identyfikacji i rozwi\u0105zaniu takich problem\u00f3w.<\/li>\n<li><strong>Niesp\u00f3jna wydajno\u015b\u0107:<\/strong> Je\u017celi si\u0142ownik wysi\u0119gnika nie reaguje w spos\u00f3b ci\u0105g\u0142y, mo\u017ce to by\u0107 oznak\u0105 niskiego poziomu p\u0142ynu hydraulicznego lub uszkodzenia wewn\u0119trznego.<\/li>\n<li><strong>Przegrzanie:<\/strong> Ci\u0105g\u0142a praca pod wysokim ci\u015bnieniem mo\u017ce powodowa\u0107 przegrzanie. Regularna konserwacja i monitorowanie poziomu cieczy mo\u017ce zapobiec temu problemowi.<\/li>\n<\/ul>\n<h2>Wskaz\u00f3wki dotycz\u0105ce rozwi\u0105zywania b\u0142\u0119d\u00f3w<\/h2>\n<p>Aby skutecznie rozwi\u0105zywa\u0107 problemy, nale\u017cy prowadzi\u0107 dziennik dzia\u0142a\u0144 operacyjnych i konserwacyjnych. Rejestr ten mo\u017ce pom\u00f3c we wczesnym identyfikowaniu wzorc\u00f3w i potencjalnych problem\u00f3w. W przypadku wyciek\u00f3w nale\u017cy natychmiast wy\u0142\u0105czy\u0107 urz\u0105dzenie i sprawdzi\u0107 uszczelki oraz z\u0142\u0105czki. W przypadku nier\u00f3wnomiernej pracy nale\u017cy sprawdzi\u0107 poziom p\u0142ynu hydraulicznego i poszuka\u0107 zator\u00f3w w przewodach.<\/p>\n<p>Wdra\u017canie \u015brodk\u00f3w zapobiegawczych, takich jak rutynowa konserwacja i terminowe naprawy, minimalizuje ryzyko potencjalnych problem\u00f3w i zwi\u0119ksza niezawodno\u015b\u0107 si\u0142ownika wysi\u0119gnika.<\/p>\n<p><img decoding=\"async\" src=\"https:\/\/www.hydraulic-cylinders.net\/wp-content\/uploads\/2025\/04\/songte-bushings-with-all-kinds-of-excavator-models.webp\" alt=\"Tuleje do modeli koparek\"><\/p>\n<h2>Przegl\u0105d firmy<\/h2>\n<p>Jeste\u015bmy wiod\u0105cym producentem i hurtownikiem zamiennych si\u0142ownik\u00f3w hydraulicznych, oferuj\u0105cym szerok\u0105 gam\u0119 produkt\u00f3w na rynku. Nasze nastawienie na wyj\u0105tkow\u0105 jako\u015b\u0107 opiera si\u0119 na precyzyjnych strategiach zarz\u0105dzania produkcj\u0105. Nasza firma wykorzystuje talent techniczny, zaawansowany sprz\u0119t do produkcji cyfrowej oraz profesjonalne systemy testowe, aby stale ulepsza\u0107 nasz\u0105 platform\u0119 produkcyjn\u0105, zapewniaj\u0105c wysok\u0105 jako\u015b\u0107 procesu produkcyjnego. Dzi\u0119ki rozbudowanym mo\u017cliwo\u015bciom kreatywnym, kierujemy si\u0119 zasadami wysokiej wydajno\u015bci, dok\u0142adno\u015bci i jako\u015bci, aby sprosta\u0107 zr\u00f3\u017cnicowanym potrzebom klient\u00f3w.<\/p>\n<h3>Ekspertyza i specjalizacja<\/h3>\n<p>Nasz zesp\u00f3\u0142 sk\u0142ada si\u0119 z do\u015bwiadczonych specjalist\u00f3w, kt\u00f3rzy specjalizuj\u0105 si\u0119 w produkcji wysokowydajnych si\u0142ownik\u00f3w hydraulicznych, dostosowanych do specyfikacji klienta. Oferujemy rozwi\u0105zania dostosowane do indywidualnych potrzeb, k\u0142ad\u0105c nacisk na jako\u015b\u0107 i niezawodno\u015b\u0107.<\/p>\n<h3>Mi\u0119dzynarodowa Certyfikacja<\/h3>\n<p>Nasze produkty spe\u0142niaj\u0105 mi\u0119dzynarodowe standardy jako\u015bci, gwarantuj\u0105c niezawodno\u015b\u0107 i wydajno\u015b\u0107 w r\u00f3\u017cnorodnych zastosowaniach. Priorytetem jest dla nas uzyskanie certyfikat\u00f3w, kt\u00f3re potwierdzaj\u0105 nasze zaanga\u017cowanie w jako\u015b\u0107 i bezpiecze\u0144stwo.<\/p>\n<h3>Us\u0142ugi niestandardowe<\/h3>\n<p>Oferujemy us\u0142ugi niestandardowe, aby tworzy\u0107 cylindry hydrauliczne spe\u0142niaj\u0105ce unikalne specyfikacje. Nasz zesp\u00f3\u0142 in\u017cynier\u00f3w \u015bci\u015ble wsp\u00f3\u0142pracuje z klientami, aby zaprojektowa\u0107 cylindry dopasowane do ich specyficznych potrzeb maszynowych i operacyjnych.<\/p>\n<h3>Sprz\u0119t produkcyjny<\/h3>\n<p>Wykorzystuj\u0105c najnowsze technologie produkcyjne, zapewniamy wysok\u0105 precyzj\u0119 i trwa\u0142o\u015b\u0107 naszych produkt\u00f3w. Nasze zak\u0142ady wyposa\u017cone s\u0105 w zaawansowany park maszynowy, kt\u00f3ry zwi\u0119ksza wydajno\u015b\u0107 produkcji i jako\u015b\u0107 produkt\u00f3w.<\/p>\n<h3>Us\u0142ugi posprzeda\u017cowe<\/h3>\n<p>Nasze zaanga\u017cowanie w zadowolenie klienta wykracza poza sprzeda\u017c. Oferujemy kompleksowe wsparcie posprzeda\u017cowe, w tym doradztwo w zakresie konserwacji i pomoc w rozwi\u0105zywaniu problem\u00f3w, gwarantuj\u0105c klientom najwy\u017csz\u0105 warto\u015b\u0107 naszych produkt\u00f3w.<\/p>\n<p><img decoding=\"async\" src=\"https:\/\/www.hydraulic-cylinders.net\/wp-content\/uploads\/2025\/04\/songte-company-4.webp\" alt=\"Przegl\u0105d firmy\"><br \/>\n<img decoding=\"async\" src=\"https:\/\/www.hydraulic-cylinders.net\/wp-content\/uploads\/2025\/04\/songte-company-3.webp\" alt=\"Proces produkcyjny firmy\"><\/p>\n<p>Autor: lyl<\/p>","protected":false},"excerpt":{"rendered":"<p>Boom Cylinder For Caterpillar Large Excavator E330B330C Product Overview The Boom Cylinder for Caterpillar Large Excavator E330B330C is a hydraulic cylinder specifically designed for controlling the movement of the boom in heavy machinery such as excavators, backhoe loaders, and front-end loaders. This component plays a crucial role in material handling tasks, enabling the boom to [&hellip;]<\/p>","protected":false},"featured_media":17878,"comment_status":"open","ping_status":"closed","template":"","meta":{"_et_pb_use_builder":"","_et_pb_old_content":"","_et_gb_content_width":""},"product_brand":[],"product_cat":[1546],"product_tag":[1547,1496],"class_list":{"0":"post-18966","1":"product","2":"type-product","3":"status-publish","4":"has-post-thumbnail","6":"product_cat-boom-cylinders","7":"product_tag-boom-cylinders","8":"product_tag-hydraulic-cylinders","10":"first","11":"instock","12":"shipping-taxable","13":"product-type-simple"},"amp_enabled":true,"_links":{"self":[{"href":"https:\/\/www.hydraulic-cylinders.net\/pl\/wp-json\/wp\/v2\/product\/18966","targetHints":{"allow":["GET"]}}],"collection":[{"href":"https:\/\/www.hydraulic-cylinders.net\/pl\/wp-json\/wp\/v2\/product"}],"about":[{"href":"https:\/\/www.hydraulic-cylinders.net\/pl\/wp-json\/wp\/v2\/types\/product"}],"replies":[{"embeddable":true,"href":"https:\/\/www.hydraulic-cylinders.net\/pl\/wp-json\/wp\/v2\/comments?post=18966"}],"wp:featuredmedia":[{"embeddable":true,"href":"https:\/\/www.hydraulic-cylinders.net\/pl\/wp-json\/wp\/v2\/media\/17878"}],"wp:attachment":[{"href":"https:\/\/www.hydraulic-cylinders.net\/pl\/wp-json\/wp\/v2\/media?parent=18966"}],"wp:term":[{"taxonomy":"product_brand","embeddable":true,"href":"https:\/\/www.hydraulic-cylinders.net\/pl\/wp-json\/wp\/v2\/product_brand?post=18966"},{"taxonomy":"product_cat","embeddable":true,"href":"https:\/\/www.hydraulic-cylinders.net\/pl\/wp-json\/wp\/v2\/product_cat?post=18966"},{"taxonomy":"product_tag","embeddable":true,"href":"https:\/\/www.hydraulic-cylinders.net\/pl\/wp-json\/wp\/v2\/product_tag?post=18966"}],"curies":[{"name":"wp","href":"https:\/\/api.w.org\/{rel}","templated":true}]}}