{"id":18971,"date":"2025-04-07T06:04:50","date_gmt":"2025-04-07T06:04:50","guid":{"rendered":"https:\/\/www.hydraulic-cylinders.net\/product\/boom-cylinder-for-caterpillar-large-excavator-e450\/"},"modified":"2025-04-07T06:04:53","modified_gmt":"2025-04-07T06:04:53","slug":"boom-cylinder-for-caterpillar-large-excavator-e450","status":"publish","type":"product","link":"https:\/\/www.hydraulic-cylinders.net\/pl\/produkt\/boom-cylinder-for-caterpillar-large-excavator-e450\/","title":{"rendered":"Si\u0142ownik wysi\u0119gnika do du\u017cej koparki Caterpillar E450"},"content":{"rendered":"<h1>Si\u0142ownik wysi\u0119gnika do du\u017cej koparki Caterpillar E450<\/h1>\n<h2>Zrozumienie cylindr\u00f3w wysi\u0119gnika<\/h2>\n<p>Si\u0142ownik wysi\u0119gnika to rodzaj si\u0142ownika hydraulicznego zaprojektowanego specjalnie do sterowania ruchem wysi\u0119gnika w ci\u0119\u017ckich maszynach, takich jak koparki, koparko-\u0142adowarki i \u0142adowarki czo\u0142owe. Umo\u017cliwia on podnoszenie, opuszczanie i przechylanie wysi\u0119gnika, u\u0142atwiaj\u0105c wydajne zadania zwi\u0105zane z prze\u0142adunkiem materia\u0142\u00f3w. Si\u0142ownik wysi\u0119gnika jest niezb\u0119dnym elementem uk\u0142ad\u00f3w hydraulicznych, poniewa\u017c przekszta\u0142ca ci\u015bnienie hydrauliczne w si\u0142\u0119 mechaniczn\u0105, umo\u017cliwiaj\u0105c precyzyjne ruchy wysi\u0119gnika koparki.<\/p>\n<p><img decoding=\"async\" src=\"https:\/\/www.hydraulic-cylinders.net\/wp-content\/uploads\/2025\/04\/songte-company-1.webp\" alt=\"Obraz cylindra wysi\u0119gnika\" \/><\/p>\n<h3>G\u0142\u00f3wne cechy cylindra wysi\u0119gnika<\/h3>\n<ul>\n<li><strong>Wysoka wytrzyma\u0142o\u015b\u0107 i trwa\u0142o\u015b\u0107:<\/strong> Cylindry te, wykonane zazwyczaj z wytrzyma\u0142ej stali lub aluminium, wytrzymuj\u0105 wysokie ci\u015bnienia i du\u017ce obci\u0105\u017cenia, dzi\u0119ki czemu nadaj\u0105 si\u0119 do pracy w trudnych warunkach.<\/li>\n<li><strong>Wydajna praca uk\u0142adu hydraulicznego:<\/strong> Wykorzystuj\u0105c ci\u015bnienie oleju hydraulicznego do p\u0142ynnego wysuwania i wsuwania, umo\u017cliwia szybk\u0105 reakcj\u0119 na polecenia steruj\u0105ce i zapewnia du\u017c\u0105 si\u0142\u0119 pchania i ci\u0105gni\u0119cia.<\/li>\n<li><strong>R\u00f3\u017cnorodno\u015b\u0107 typ\u00f3w:<\/strong> Dost\u0119pne w wersji jednostronnego dzia\u0142ania (wykorzystuje si\u0142\u0119 hydrauliczn\u0105 w jednym kierunku) lub dwustronnego dzia\u0142ania (wykorzystuje si\u0142\u0119 hydrauliczn\u0105 w obu kierunkach), aby sprosta\u0107 zr\u00f3\u017cnicowanym potrzebom operacyjnym. Niekt\u00f3re modele s\u0105 teleskopowe, co pozwala na wi\u0119ksze wysuni\u0119cie bez zwi\u0119kszania rozmiaru zewn\u0119trznego, co jest idealne do zastosowa\u0144 w ograniczonej przestrzeni.<\/li>\n<\/ul>\n<p>Produkujemy wysokiej jako\u015bci si\u0142owniki wysi\u0119gnika, kt\u00f3re doskonale zast\u0119puj\u0105 istniej\u0105ce si\u0142owniki hydrauliczne.<\/p>\n<p><img decoding=\"async\" src=\"https:\/\/www.hydraulic-cylinders.net\/wp-content\/uploads\/2025\/04\/songte-cylinder-head-with-all-kinds-excavator-models.webp\" alt=\"Modele koparek\" \/><\/p>\n<h2>Zastosowania cylindra wysi\u0119gnika<\/h2>\n<h3>Sprz\u0119t budowlany<\/h3>\n<p>W koparkach si\u0142owniki wysi\u0119gnika odgrywaj\u0105 kluczow\u0105 rol\u0119 w kopaniu, za\u0142adunku i przemieszczaniu ziemi lub gruzu. Zapewniaj\u0105 one niezb\u0119dn\u0105 si\u0142\u0119, aby \u0142y\u017cka zag\u0142\u0119bi\u0142a si\u0119 w grunt, usprawniaj\u0105c prace wykopaliskowe. W koparko-\u0142adowarkach wspomagaj\u0105 one zar\u00f3wno kopanie, jak i podnoszenie, umo\u017cliwiaj\u0105c wszechstronn\u0105 funkcjonalno\u015b\u0107 na placach budowy.<\/p>\n<h3>Maszyny rolnicze<\/h3>\n<p>W \u0142adowarkach czo\u0142owych si\u0142owniki wysi\u0119gnika s\u0105 niezb\u0119dne do nabierania, podnoszenia i transportu gleby, siana i innych materia\u0142\u00f3w. Ich konstrukcja zapewnia, \u017ce \u200b\u200b\u0142adowarki te mog\u0105 wykonywa\u0107 szereg zada\u0144, od za\u0142adunku ci\u0119\u017car\u00f3wek po wyr\u00f3wnywanie terenu, skutecznie zwi\u0119kszaj\u0105c wydajno\u015b\u0107 rolnictwa.<\/p>\n<h3>Koparki<\/h3>\n<p>Si\u0142owniki wysi\u0119gnika umo\u017cliwiaj\u0105 koparkom wykonywanie prac kopania, umo\u017cliwiaj\u0105c \u0142y\u017cce skuteczne zag\u0142\u0119bianie si\u0119 w gleb\u0119. Ta funkcja jest niezb\u0119dna do r\u00f3\u017cnych zada\u0144, takich jak kopanie row\u00f3w i przygotowanie terenu pod budow\u0119, gdzie wymagana jest precyzja i moc.<\/p>\n<h3>\u0141adowarki<\/h3>\n<p>W \u0142adowarkach czo\u0142owych si\u0142owniki te pomagaj\u0105 w efektywnym podnoszeniu i zrzucaniu \u0142adunk\u00f3w. Zapewniaj\u0105 one szybkie przemieszczanie materia\u0142\u00f3w z jednego miejsca do drugiego, usprawniaj\u0105c prace na placach budowy.<\/p>\n<h2>Zagadnienia projektowe dotycz\u0105ce cylindr\u00f3w wysi\u0119gnika<\/h2>\n<h3>No\u015bno\u015b\u0107<\/h3>\n<p>No\u015bno\u015b\u0107 si\u0142ownika wysi\u0119gnika jest kluczowym czynnikiem w jego konstrukcji. Musi on wytrzyma\u0107 maksymalne obci\u0105\u017cenie, jakiemu b\u0119dzie poddawany podczas pracy, bez uszczerbku dla bezpiecze\u0144stwa i wydajno\u015bci. In\u017cynierowie musz\u0105 obliczy\u0107 odpowiednie limity obci\u0105\u017cenia w oparciu o przeznaczenie maszyny i \u015brodowisko pracy.<\/p>\n<h3>Opiecz\u0119towanie<\/h3>\n<p>Skuteczne uszczelnienie jest kluczowe dla zapobiegania wyciekom p\u0142ynu hydraulicznego, kt\u00f3re mog\u0105 prowadzi\u0107 do obni\u017cenia wydajno\u015bci i zagro\u017ce\u0144 dla \u015brodowiska. Wyb\u00f3r materia\u0142\u00f3w uszczelniaj\u0105cych, takich jak poliuretan i kauczuk nitrylowy, ma kluczowe znaczenie dla zapewnienia trwa\u0142o\u015bci i kompatybilno\u015bci z p\u0142ynami hydraulicznymi.<\/p>\n<h3>Trwa\u0142o\u015b\u0107<\/h3>\n<p>Trwa\u0142o\u015b\u0107 jest kluczowa w projektowaniu si\u0142ownik\u00f3w wysi\u0119gnika. Musz\u0105 one by\u0107 odporne na zu\u017cycie i uszkodzenia spowodowane trudnymi warunkami pracy, w tym nara\u017ceniem na brud, wilgo\u0107 i ekstremalne temperatury. Aby wyd\u0142u\u017cy\u0107 \u017cywotno\u015b\u0107, cz\u0119sto stosuje si\u0119 wysokiej jako\u015bci materia\u0142y i pow\u0142oki ochronne.<\/p>\n<h3>Bezpiecze\u0144stwo<\/h3>\n<p>W projektowaniu cylindr\u00f3w hydraulicznych kluczowe znaczenie maj\u0105 zabezpieczenia. Mog\u0105 one obejmowa\u0107 zawory bezpiecze\u0144stwa, zapobiegaj\u0105ce przeci\u0105\u017ceniom i zapewniaj\u0105ce bezpieczn\u0105 prac\u0119 w r\u00f3\u017cnych warunkach. Regularne kontrole bezpiecze\u0144stwa i przestrzeganie protoko\u0142\u00f3w operacyjnych s\u0105 niezb\u0119dne do ograniczenia ryzyka.<\/p>\n<h3>Konserwacja<\/h3>\n<p>Kwestie konserwacji odgrywaj\u0105 kluczow\u0105 rol\u0119 w projektowaniu si\u0142ownik\u00f3w wysi\u0119gnika. Obejmuje to \u0142atwo\u015b\u0107 dost\u0119pu w celu przeprowadzenia inspekcji, napraw i wymiany zu\u017cytych podzespo\u0142\u00f3w. Dobrze zaprojektowany si\u0142ownik upraszcza czynno\u015bci konserwacyjne, zapewniaj\u0105c ci\u0105g\u0142\u0105 sprawno\u015b\u0107 i wydajno\u015b\u0107 sprz\u0119tu.<\/p>\n<p><img decoding=\"async\" src=\"https:\/\/www.hydraulic-cylinders.net\/wp-content\/uploads\/2025\/04\/songte-oil-pipes-and-spare-parts.webp\" alt=\"Cz\u0119\u015bci hydrauliczne\" \/><\/p>\n<h2>Uszczelnianie i smarowanie si\u0142ownik\u00f3w wysi\u0119gnika<\/h2>\n<p>Prawid\u0142owe uszczelnienie i smarowanie s\u0105 kluczowe dla optymalnej pracy si\u0142ownik\u00f3w wysi\u0119gnika. R\u00f3\u017cne elementy uszczelniaj\u0105ce, takie jak uszczelnienia t\u0142oka i t\u0142oczyska, zapobiegaj\u0105 wyciekom p\u0142ynu hydraulicznego. Uszczelnienia wykonane z materia\u0142\u00f3w odpornych na zu\u017cycie, takich jak poliuretan i kauczuk nitrylowy, zapewniaj\u0105 trwa\u0142o\u015b\u0107 i niezawodno\u015b\u0107.<\/p>\n<p>Powierzchnie cylindra i gwintowane ko\u0144c\u00f3wki s\u0105 poddawane precyzyjnej obr\u00f3bce w celu zwi\u0119kszenia odporno\u015bci na zu\u017cycie. Regularne smarowanie olejem hydraulicznym jest niezb\u0119dne dla zapewnienia p\u0142ynnej pracy, zmniejszenia tarcia i wyd\u0142u\u017cenia \u017cywotno\u015bci cylindra.<\/p>\n<h2>Regularne kontrole i konserwacja zapobiegawcza<\/h2>\n<ul>\n<li><strong>Cz\u0119ste kontrole:<\/strong> Regularne kontrole s\u0105 niezb\u0119dne do wykrycia wszelkich oznak zu\u017cycia lub uszkodze\u0144. Powinny one obejmowa\u0107 sprawdzenie wyciek\u00f3w p\u0142yn\u00f3w, szczelno\u015bci uszczelek i og\u00f3lnego stanu cylindra.<\/li>\n<li><strong>Prawid\u0142owe smarowanie:<\/strong> Aby zapobiec awarii i zachowa\u0107 wydajno\u015b\u0107, konieczne jest prawid\u0142owe smarowanie cylindra w\u0142a\u015bciwym rodzajem i ilo\u015bci\u0105 oleju hydraulicznego.<\/li>\n<li><strong>Wymiana uszczelki:<\/strong> Uszczelki nale\u017cy okresowo wymienia\u0107 w zale\u017cno\u015bci od sposobu u\u017cytkowania i warunk\u00f3w \u015brodowiskowych, aby zapobiec przeciekom i zachowa\u0107 skuteczno\u015b\u0107.<\/li>\n<\/ul>\n<h2>Prawid\u0142owe wytyczne dotycz\u0105ce instalacji<\/h2>\n<p>Prawid\u0142owy monta\u017c si\u0142ownika wysi\u0119gnika ma kluczowe znaczenie dla jego wydajno\u015bci i trwa\u0142o\u015bci. Zacznij od upewnienia si\u0119, \u017ce si\u0142ownik jest prawid\u0142owo ustawiony wzgl\u0119dem wspornik\u00f3w monta\u017cowych, aby unikn\u0105\u0107 nadmiernego obci\u0105\u017cenia uszczelek i po\u0142\u0105cze\u0144. U\u017cyj odpowiednich wspornik\u00f3w monta\u017cowych, aby zabezpieczy\u0107 si\u0142ownik w odpowiedniej pozycji, zapewniaj\u0105c optymalny ruch i funkcjonalno\u015b\u0107.<\/p>\n<p>Wa\u017cne jest r\u00f3wnie\u017c sprawdzenie szczelno\u015bci wszystkich po\u0142\u0105cze\u0144 hydraulicznych, aby zapobiec wyciekom. Po monta\u017cu nale\u017cy przeprowadzi\u0107 dok\u0142adn\u0105 kontrol\u0119, aby upewni\u0107 si\u0119, \u017ce wszystko dzia\u0142a prawid\u0142owo, przed oddaniem sprz\u0119tu do eksploatacji.<\/p>\n<h2>Typowe zadania konserwacyjne<\/h2>\n<ul>\n<li><strong>Regularna kontrola:<\/strong> Rutynowe sprawdzanie oznak zu\u017cycia, przeciek\u00f3w i uszkodze\u0144 pozwala na szybkie zaj\u0119cie si\u0119 wszelkimi potencjalnymi problemami.<\/li>\n<li><strong>Prawid\u0142owe smarowanie:<\/strong> Regularne smarowanie cylindra pomaga utrzyma\u0107 p\u0142ynn\u0105 prac\u0119 i wyd\u0142u\u017cy\u0107 jego \u017cywotno\u015b\u0107. Polega ono na uzupe\u0142nianiu cylindra odpowiednim rodzajem oleju hydraulicznego w razie potrzeby.<\/li>\n<li><strong>Wymiana uszczelek i kontrola kalibracji:<\/strong> Okresowa wymiana uszczelek i kontrola kalibracji s\u0105 niezb\u0119dne dla utrzymania sprawno\u015bci cylindra. Proces ten obejmuje zapewnienie prawid\u0142owego ustawienia wszystkich komponent\u00f3w w celu zapewnienia optymalnego dzia\u0142ania.<\/li>\n<\/ul>\n<h2>Zagadnienia bezpiecze\u0144stwa i czynniki \u015brodowiskowe<\/h2>\n<p>Podczas korzystania z si\u0142ownik\u00f3w wysi\u0119gnika \u015brodki bezpiecze\u0144stwa s\u0105 najwa\u017cniejsze. Operatorzy powinni by\u0107 przeszkoleni w zakresie prawid\u0142owej obs\u0142ugi sprz\u0119tu hydraulicznego, aby zminimalizowa\u0107 ryzyko. Ponadto, stosowanie odpowiedniego sprz\u0119tu ochrony osobistej (PPE) podczas obs\u0142ugi maszyn zapewnia bezpieczniejsze \u015brodowisko pracy.<\/p>\n<h2>Rozwi\u0105zywanie problem\u00f3w i typowe problemy<\/h2>\n<ul>\n<li><strong>Wycieki p\u0142ynu hydraulicznego:<\/strong> Je\u015bli zauwa\u017cysz wyciek p\u0142ynu hydraulicznego, sprawd\u017a uszczelki i po\u0142\u0105czenia pod k\u0105tem uszkodze\u0144 lub zu\u017cycia. Szybka wymiana zu\u017cytych uszczelek mo\u017ce zapobiec dalszym wyciekom.<\/li>\n<li><strong>S\u0142aba wydajno\u015b\u0107:<\/strong> Je\u015bli si\u0142ownik wysi\u0119gnika nie reaguje prawid\u0142owo, sprawd\u017a poziom p\u0142ynu i upewnij si\u0119, \u017ce w uk\u0142adzie hydraulicznym nie ma powietrza. Mo\u017ce by\u0107 konieczne odpowietrzenie uk\u0142adu.<\/li>\n<li><strong>Przegrzanie:<\/strong> Je\u015bli uk\u0142ad hydrauliczny si\u0119 przegrzewa, sprawd\u017a, czy w przewodach hydraulicznych nie dosz\u0142o do zablokowania lub czy nie ma zbyt niskiego poziomu p\u0142ynu, poniewa\u017c mo\u017ce to doprowadzi\u0107 do problem\u00f3w z dzia\u0142aniem uk\u0142adu.<\/li>\n<\/ul>\n<h2>Wskaz\u00f3wki dotycz\u0105ce rozwi\u0105zywania problem\u00f3w<\/h2>\n<p>Aby skutecznie diagnozowa\u0107 i rozwi\u0105zywa\u0107 problemy z si\u0142ownikiem wysi\u0119gnika, wa\u017cne jest systematyczne podej\u015bcie. Zacznij od ogl\u0119dzin wizualnych w celu wykrycia oczywistych wyciek\u00f3w lub uszkodze\u0144. Koniecznie sprawd\u017a poziom p\u0142ynu hydraulicznego oraz stan przewod\u00f3w i po\u0142\u0105cze\u0144. Regularna konserwacja mo\u017ce pom\u00f3c zidentyfikowa\u0107 potencjalne problemy, zanim si\u0119 nasil\u0105, zapewniaj\u0105c d\u0142ugowieczno\u015b\u0107 i wydajno\u015b\u0107 sprz\u0119tu.<\/p>\n<p><img decoding=\"async\" src=\"https:\/\/www.hydraulic-cylinders.net\/wp-content\/uploads\/2025\/04\/songte-bushings-with-all-kinds-of-excavator-models.webp\" alt=\"Tuleje do koparek\" \/><\/p>\n<h2>O naszej firmie<\/h2>\n<p>Jeste\u015bmy wiod\u0105cym producentem zamiennych cylindr\u00f3w hydraulicznych, oferuj\u0105cym szerok\u0105 gam\u0119 produkt\u00f3w zar\u00f3wno na rynku krajowym, jak i mi\u0119dzynarodowym. Nasze d\u0105\u017cenie do doskona\u0142o\u015bci jest wspierane przez dopracowan\u0105 strategi\u0119 produkcyjn\u0105, kt\u00f3ra wykorzystuje wykwalifikowany personel techniczny, zaawansowany sprz\u0119t do produkcji cyfrowej oraz profesjonalne systemy testowe.<\/p>\n<p>Stale udoskonalamy nasz\u0105 platform\u0119 produkcyjn\u0105, dbaj\u0105c jednocze\u015bnie o wysok\u0105 jako\u015b\u0107 linii produkcyjnych. Nasze mo\u017cliwo\u015bci pozwalaj\u0105 nam sprawnie i precyzyjnie zaspokaja\u0107 zr\u00f3\u017cnicowane potrzeby klient\u00f3w, utrzymuj\u0105c wysokie standardy jako\u015bci, wydajno\u015bci i precyzji.<\/p>\n<p><img decoding=\"async\" src=\"https:\/\/www.hydraulic-cylinders.net\/wp-content\/uploads\/2025\/04\/songte-company-4.webp\" alt=\"Przegl\u0105d firmy\" \/><br \/>\n<img decoding=\"async\" src=\"https:\/\/www.hydraulic-cylinders.net\/wp-content\/uploads\/2025\/04\/songte-company-3.webp\" alt=\"Zak\u0142ad produkcyjny\" \/><\/p>\n<p>Specjalizujemy si\u0119 w wyspecjalizowanej produkcji, mi\u0119dzynarodowych certyfikatach, us\u0142ugach dostosowanych do potrzeb klienta, zaawansowanym sprz\u0119cie produkcyjnym i wyj\u0105tkowym wsparciu posprzeda\u017cowym.<\/p>\n<p>Autor: lyl<\/p>","protected":false},"excerpt":{"rendered":"<p>Boom Cylinder For Caterpillar Large Excavator E450 Understanding Boom Cylinders A boom cylinder is a type of hydraulic cylinder specifically designed to control the movement of the boom on heavy machinery like excavators, backhoes, and front loaders. It enables the boom to lift, lower, and tilt, facilitating material handling tasks efficiently. The boom cylinder is [&hellip;]<\/p>","protected":false},"featured_media":17868,"comment_status":"open","ping_status":"closed","template":"","meta":{"_et_pb_use_builder":"","_et_pb_old_content":"","_et_gb_content_width":""},"product_brand":[],"product_cat":[1546],"product_tag":[1547,1496],"class_list":{"0":"post-18971","1":"product","2":"type-product","3":"status-publish","4":"has-post-thumbnail","6":"product_cat-boom-cylinders","7":"product_tag-boom-cylinders","8":"product_tag-hydraulic-cylinders","10":"first","11":"instock","12":"shipping-taxable","13":"product-type-simple"},"amp_enabled":true,"_links":{"self":[{"href":"https:\/\/www.hydraulic-cylinders.net\/pl\/wp-json\/wp\/v2\/product\/18971","targetHints":{"allow":["GET"]}}],"collection":[{"href":"https:\/\/www.hydraulic-cylinders.net\/pl\/wp-json\/wp\/v2\/product"}],"about":[{"href":"https:\/\/www.hydraulic-cylinders.net\/pl\/wp-json\/wp\/v2\/types\/product"}],"replies":[{"embeddable":true,"href":"https:\/\/www.hydraulic-cylinders.net\/pl\/wp-json\/wp\/v2\/comments?post=18971"}],"wp:featuredmedia":[{"embeddable":true,"href":"https:\/\/www.hydraulic-cylinders.net\/pl\/wp-json\/wp\/v2\/media\/17868"}],"wp:attachment":[{"href":"https:\/\/www.hydraulic-cylinders.net\/pl\/wp-json\/wp\/v2\/media?parent=18971"}],"wp:term":[{"taxonomy":"product_brand","embeddable":true,"href":"https:\/\/www.hydraulic-cylinders.net\/pl\/wp-json\/wp\/v2\/product_brand?post=18971"},{"taxonomy":"product_cat","embeddable":true,"href":"https:\/\/www.hydraulic-cylinders.net\/pl\/wp-json\/wp\/v2\/product_cat?post=18971"},{"taxonomy":"product_tag","embeddable":true,"href":"https:\/\/www.hydraulic-cylinders.net\/pl\/wp-json\/wp\/v2\/product_tag?post=18971"}],"curies":[{"name":"wp","href":"https:\/\/api.w.org\/{rel}","templated":true}]}}