{"id":18974,"date":"2025-04-07T06:04:58","date_gmt":"2025-04-07T06:04:58","guid":{"rendered":"https:\/\/www.hydraulic-cylinders.net\/product\/boom-cylinder-for-caterpillar-large-excavator-e349d\/"},"modified":"2025-04-07T06:05:00","modified_gmt":"2025-04-07T06:05:00","slug":"boom-cylinder-for-caterpillar-large-excavator-e349d","status":"publish","type":"product","link":"https:\/\/www.hydraulic-cylinders.net\/pl\/produkt\/boom-cylinder-for-caterpillar-large-excavator-e349d\/","title":{"rendered":"Si\u0142ownik wysi\u0119gnika do du\u017cej koparki Caterpillar E349D"},"content":{"rendered":"<h1>Si\u0142ownik wysi\u0119gnika do du\u017cej koparki Caterpillar E349D<\/h1>\n<h2>Wprowadzenie do cylindra wysi\u0119gnika<\/h2>\n<p>Si\u0142ownik wysi\u0119gnika to niezb\u0119dny element hydrauliczny zaprojektowany specjalnie do ci\u0119\u017ckich maszyn, a w szczeg\u00f3lno\u015bci koparki Caterpillar E349D. Ten si\u0142ownik hydrauliczny odpowiada za sterowanie ruchem wysi\u0119gnika, umo\u017cliwiaj\u0105c koparce wykonywanie jej podstawowych funkcji z precyzj\u0105 i wydajno\u015bci\u0105. Si\u0142ownik wysi\u0119gnika u\u0142atwia podnoszenie, opuszczanie i przechylanie wysi\u0119gnika, co jest kluczowe podczas r\u00f3\u017cnych zada\u0144 zwi\u0105zanych z prze\u0142adunkiem materia\u0142\u00f3w w budownictwie i pracach ziemnych.<\/p>\n<p><img decoding=\"async\" src=\"https:\/\/www.hydraulic-cylinders.net\/wp-content\/uploads\/2025\/04\/songte-company-1.webp\" alt=\"Obraz cylindra wysi\u0119gnika\"><\/p>\n<h3>Definicja i przegl\u0105d<\/h3>\n<p>Si\u0142owniki hydrauliczne, w tym si\u0142ownik wysi\u0119gnika, to urz\u0105dzenia mechaniczne, kt\u00f3re przekszta\u0142caj\u0105 energi\u0119 hydrauliczn\u0105 w energi\u0119 mechaniczn\u0105. W przypadku si\u0142ownika wysi\u0119gnika umo\u017cliwia on przegubowe poruszanie wysi\u0119gnikiem koparki. Ten ruch umo\u017cliwia operatorom efektywne kopanie, podnoszenie i transport materia\u0142\u00f3w. Uk\u0142ad hydrauliczny wykorzystuje spr\u0119\u017cony p\u0142yn do generowania ruchu, zapewniaj\u0105c p\u0142ynn\u0105 i kontrolowan\u0105 prac\u0119, co jest niezb\u0119dne w przypadku z\u0142o\u017conych zada\u0144, w kt\u00f3rych precyzja ma kluczowe znaczenie.<\/p>\n<h2>Cechy cylindra wysi\u0119gnika<\/h2>\n<ul>\n<li><strong>Wysoka wytrzyma\u0142o\u015b\u0107 i trwa\u0142o\u015b\u0107:<\/strong> Zazwyczaj wykonane s\u0105 ze stali o wysokiej wytrzyma\u0142o\u015bci lub aluminium, aby wytrzyma\u0107 du\u017ce ci\u015bnienie i du\u017ce obci\u0105\u017cenia, co gwarantuje d\u0142ugowieczno\u015b\u0107 w trudnych warunkach pracy.<\/li>\n<li><strong>Wydajna praca uk\u0142adu hydraulicznego:<\/strong> Wykorzystuje ci\u015bnienie oleju hydraulicznego w celu uzyskania p\u0142ynnego wysuwania i wsuwania, zapewniaj\u0105c szybk\u0105 reakcj\u0119 na polecenia operatora i wytwarzaj\u0105c znaczn\u0105 si\u0142\u0119 pchania i ci\u0105gni\u0119cia.<\/li>\n<li><strong>R\u00f3\u017cne typy:<\/strong> Dost\u0119pne w wersji jednostronnego lub dwustronnego dzia\u0142ania, aby sprosta\u0107 r\u00f3\u017cnym potrzebom operacyjnym, przy czym niekt\u00f3re modele maj\u0105 konstrukcj\u0119 teleskopow\u0105, kt\u00f3ra umo\u017cliwia wi\u0119kszy zasi\u0119g bez zwi\u0119kszania wymiar\u00f3w zewn\u0119trznych.<\/li>\n<li><strong>Zwi\u0119kszona odporno\u015b\u0107 na zu\u017cycie:<\/strong> Zaprojektowane z uwzgl\u0119dnieniem odporno\u015bci na zu\u017cycie i korozj\u0119, co wyd\u0142u\u017ca \u017cywotno\u015b\u0107 produktu w wymagaj\u0105cych warunkach.<\/li>\n<li><strong>\u0141atwa konserwacja:<\/strong> Zaprojektowane z my\u015bl\u0105 o \u0142atwej konserwacji, umo\u017cliwiaj\u0105 szybkie kontrole i rutynowe serwisowanie w celu zapewnienia optymalnego dzia\u0142ania.<\/li>\n<\/ul>\n<h2>Mo\u017cliwo\u015bci produkcyjne<\/h2>\n<p>Jeste\u015bmy w stanie wyprodukowa\u0107 si\u0142ownik wysi\u0119gnika i inne si\u0142owniki hydrauliczne, kt\u00f3re idealnie zast\u0119puj\u0105 istniej\u0105ce modele. Nasze produkty s\u0105 projektowane z dba\u0142o\u015bci\u0105 o precyzj\u0119 i jako\u015b\u0107, gwarantuj\u0105c kompatybilno\u015b\u0107 i wydajno\u015b\u0107, kt\u00f3re spe\u0142niaj\u0105 lub przewy\u017cszaj\u0105 standardy bran\u017cowe.<\/p>\n<p><img decoding=\"async\" src=\"https:\/\/www.hydraulic-cylinders.net\/wp-content\/uploads\/2025\/04\/songte-cylinder-head-with-all-kinds-excavator-models.webp\" alt=\"Cylindry do modeli koparek\"><\/p>\n<h2>Scenariusze zastosowa\u0144<\/h2>\n<h3>Sprz\u0119t budowlany<\/h3>\n<p>W maszynach budowlanych, takich jak koparki, si\u0142owniki wysi\u0119gnika s\u0105 niezb\u0119dne do kopania, za\u0142adunku i przemieszczania ziemi i gruzu. Precyzyjna kontrola oferowana przez te si\u0142owniki pozwala operatorom wykonywa\u0107 skomplikowane zadania, zwi\u0119kszaj\u0105c wydajno\u015b\u0107 na placu budowy.<\/p>\n<h3>Maszyny rolnicze<\/h3>\n<p>Cylindry wysi\u0119gnika s\u0105 r\u00f3wnie\u017c stosowane w \u0142adowarkach czo\u0142owych, gdzie u\u0142atwiaj\u0105 nabieranie, podnoszenie i transportowanie gleby, siana i innych materia\u0142\u00f3w, co czyni je niezast\u0105pionymi w pracach rolniczych.<\/p>\n<h3>Koparki<\/h3>\n<p>W koparkach si\u0142ownik wysi\u0119gnika u\u0142atwia kopanie, umo\u017cliwiaj\u0105c skuteczne zag\u0142\u0119bianie si\u0119 \u0142y\u017cki w grunt, co ma kluczowe znaczenie w przypadku projekt\u00f3w wykopaliskowych.<\/p>\n<h3>\u0141adowarki<\/h3>\n<p>W \u0142adowarkach czo\u0142owych si\u0142owniki wysi\u0119gnika umo\u017cliwiaj\u0105 wydajne podnoszenie i zrzucanie \u0142adunk\u00f3w, co jest niezb\u0119dne przy zadaniach zwi\u0105zanych z transportem materia\u0142\u00f3w w wielu ga\u0142\u0119ziach przemys\u0142u.<\/p>\n<h2>Rozwa\u017cania projektowe<\/h2>\n<h3>No\u015bno\u015b\u0107<\/h3>\n<p>Jednym z g\u0142\u00f3wnych za\u0142o\u017ce\u0144 konstrukcyjnych si\u0142ownika wysi\u0119gnika jest jego ud\u017awig. Musi on by\u0107 w stanie wytrzyma\u0107 ci\u0119\u017car i napr\u0119\u017cenia \u0142adunk\u00f3w, kt\u00f3re b\u0119dzie transportowa\u0142, bez uszczerbku dla bezpiecze\u0144stwa i wydajno\u015bci. Wymaga to starannego doboru materia\u0142\u00f3w i stosowania odpowiednich praktyk in\u017cynieryjnych, aby zapewni\u0107 wytrzyma\u0142o\u015b\u0107 si\u0142ownika na si\u0142y dynamiczne wyst\u0119puj\u0105ce podczas pracy.<\/p>\n<h3>Wydajno\u015b\u0107 uszczelnienia<\/h3>\n<p>Skuteczne uszczelnienie ma kluczowe znaczenie dla zapobiegania wyciekom p\u0142ynu hydraulicznego i zapewnienia wydajno\u015bci operacyjnej. Dob\u00f3r uszczelnie\u0144 i podk\u0142adek musi uwzgl\u0119dnia\u0107 \u015brodowisko pracy, wahania temperatury oraz rodzaj stosowanego p\u0142ynu hydraulicznego. Wysokiej jako\u015bci uszczelnienia mog\u0105 znacznie wyd\u0142u\u017cy\u0107 \u017cywotno\u015b\u0107 si\u0142ownika hydraulicznego.<\/p>\n<h3>Trwa\u0142o\u015b\u0107<\/h3>\n<p>Trwa\u0142o\u015b\u0107 si\u0142ownika wysi\u0119gnika ma kluczowe znaczenie, bior\u0105c pod uwag\u0119 trudne warunki pracy. Czynniki takie jak dob\u00f3r materia\u0142\u00f3w, obr\u00f3bka powierzchni i cechy konstrukcyjne odgrywaj\u0105 kluczow\u0105 rol\u0119 w zwi\u0119kszaniu trwa\u0142o\u015bci, umo\u017cliwiaj\u0105c si\u0142ownikowi odporno\u015b\u0107 na materia\u0142y \u015bcierne i czynniki korozyjne.<\/p>\n<h3>Funkcje bezpiecze\u0144stwa<\/h3>\n<p>Bezpiecze\u0144stwo jest priorytetem przy projektowaniu cylindr\u00f3w hydraulicznych. Zastosowanie takich element\u00f3w jak zawory bezpiecze\u0144stwa i przepony bezpiecze\u0144stwa mo\u017ce zapobiec powa\u017cnym awariom, zapewniaj\u0105c bezpiecze\u0144stwo operator\u00f3w i maszyn podczas pracy.<\/p>\n<h3>Dost\u0119pno\u015b\u0107 konserwacyjna<\/h3>\n<p>Projektowanie z my\u015bl\u0105 o zapewnieniu dost\u0119pu do konserwacji jest kluczowe w przypadku cylindr\u00f3w hydraulicznych. Wprowadzenie funkcji umo\u017cliwiaj\u0105cych \u0142atw\u0105 inspekcj\u0119 i serwisowanie mo\u017ce skr\u00f3ci\u0107 przestoje i wyd\u0142u\u017cy\u0107 \u017cywotno\u015b\u0107 sprz\u0119tu.<\/p>\n<p><img decoding=\"async\" src=\"https:\/\/www.hydraulic-cylinders.net\/wp-content\/uploads\/2025\/04\/songte-oil-pipes-and-spare-parts.webp\" alt=\"Cz\u0119\u015bci hydrauliczne i uszczelnienia\"><\/p>\n<h2>Uszczelnianie i smarowanie<\/h2>\n<p>Prawid\u0142owe uszczelnienie i smarowanie s\u0105 niezb\u0119dne dla wydajnej pracy cylindr\u00f3w hydraulicznych. R\u00f3\u017cne elementy uszczelniaj\u0105ce, takie jak uszczelnienia t\u0142ok\u00f3w i t\u0142oczysk, odgrywaj\u0105 kluczow\u0105 rol\u0119 w utrzymaniu integralno\u015bci hydraulicznej. Aby zapewni\u0107 odporno\u015b\u0107 na zu\u017cycie, cz\u0119sto stosuje si\u0119 uszczelnienia wykonane z trwa\u0142ych materia\u0142\u00f3w, takich jak poliuretan i kauczuk nitrylowy. Dodatkowo, korpus cylindra i gwintowane ko\u0144c\u00f3wki s\u0105 precyzyjnie obrobione, aby zwi\u0119kszy\u0107 odporno\u015b\u0107 na zu\u017cycie. Regularne smarowanie olejem hydraulicznym jest niezb\u0119dne dla zapewnienia p\u0142ynnej pracy i zapobiegania uszkodzeniom spowodowanym tarciem.<\/p>\n<h2>\u015arodki konserwacji zapobiegawczej<\/h2>\n<ul>\n<li><strong>Regularne kontrole:<\/strong> Rutynowe kontrole cylindra pod k\u0105tem oznak zu\u017cycia, nieszczelno\u015bci lub uszkodze\u0144 mog\u0105 pom\u00f3c w zidentyfikowaniu problem\u00f3w zanim si\u0119 eskaluj\u0105, zapewniaj\u0105c ci\u0105g\u0142\u0105 niezawodno\u015b\u0107 maszyn.<\/li>\n<li><strong>Smarowanie:<\/strong> Zapewnienie odpowiedniego smarowania cylindra zmniejsza tarcie i zu\u017cycie, co przek\u0142ada si\u0119 na og\u00f3ln\u0105 trwa\u0142o\u015b\u0107 podzespo\u0142u.<\/li>\n<li><strong>Wymiana uszczelki:<\/strong> Regularne sprawdzanie i wymiana uszczelek w razie potrzeby zapobiega wyciekom i utrzymuje ci\u015bnienie hydrauliczne wewn\u0105trz cylindra.<\/li>\n<\/ul>\n<h2>Wytyczne dotycz\u0105ce instalacji<\/h2>\n<p>Prawid\u0142owy monta\u017c si\u0142ownika wysi\u0119gnika ma kluczowe znaczenie dla jego wydajno\u015bci. Aby uzyska\u0107 optymalne rezultaty, post\u0119puj zgodnie z poni\u017cszymi wskaz\u00f3wkami:<\/p>\n<ul>\n<li>Aby zapobiec nieprawid\u0142owemu dzia\u0142aniu, nale\u017cy upewni\u0107 si\u0119, \u017ce cylinder jest prawid\u0142owo wyr\u00f3wnany z wysi\u0119gnikiem.<\/li>\n<li>Aby zamocowa\u0107 cylinder na miejscu, nale\u017cy u\u017cy\u0107 odpowiednich wspornik\u00f3w monta\u017cowych, co ograniczy jego ruchy podczas pracy.<\/li>\n<li>Przed rozpocz\u0119ciem pracy nale\u017cy sprawdzi\u0107, czy wszystkie po\u0142\u0105czenia hydrauliczne s\u0105 solidne i szczelne.<\/li>\n<li>Sprawd\u017a poziom p\u0142ynu hydraulicznego i upewnij si\u0119, \u017ce odpowiada on specyfikacjom producenta.<\/li>\n<li>Po monta\u017cu nale\u017cy przeprowadzi\u0107 test funkcjonalny, aby potwierdzi\u0107, \u017ce cylinder dzia\u0142a prawid\u0142owo.<\/li>\n<\/ul>\n<h2>Typowe zadania konserwacyjne<\/h2>\n<h3>Regularne kontrole<\/h3>\n<p>Regularne kontrole si\u0142ownika wysi\u0119gnika s\u0105 niezb\u0119dne do wczesnego wykrycia potencjalnych problem\u00f3w. Obejmuje to sprawdzenie pod k\u0105tem oznak wyciek\u00f3w, zu\u017cycia lub nieprawid\u0142owego ustawienia. Upewnienie si\u0119, \u017ce si\u0142ownik jest w dobrym stanie, mo\u017ce znacznie zmniejszy\u0107 ryzyko awarii eksploatacyjnych.<\/p>\n<h3>Odpowiednie smarowanie<\/h3>\n<p>Utrzymanie prawid\u0142owego smarowania jest kluczowe dla p\u0142ynnej pracy cylindra hydraulicznego. Regularne stosowanie odpowiedniego rodzaju i ilo\u015bci oleju hydraulicznego zapewnia skuteczno\u015b\u0107 uszczelnie\u0144 i minimalizuje tarcie, co wyd\u0142u\u017ca \u017cywotno\u015b\u0107 cylindra.<\/p>\n<h3>Wymiana uszczelek i kontrola kalibracji<\/h3>\n<p>Z biegiem czasu uszczelki mog\u0105 si\u0119 zu\u017cywa\u0107 i wymaga\u0107 wymiany. Regularne sprawdzanie uszczelek pod k\u0105tem \u015blad\u00f3w zu\u017cycia i ich wymiana w razie potrzeby pomaga utrzyma\u0107 wydajno\u015b\u0107 hydrauliczn\u0105. Kontrole kalibracyjne zapewniaj\u0105, \u017ce si\u0142ownik pracuje w okre\u015blonych parametrach, zapobiegaj\u0105c potencjalnym uszkodzeniom i zapewniaj\u0105c optymaln\u0105 wydajno\u015b\u0107.<\/p>\n<p><img decoding=\"async\" src=\"https:\/\/www.hydraulic-cylinders.net\/wp-content\/uploads\/2025\/04\/songte-chushion-collar.webp\" alt=\"Obraz ko\u0142nierza poduszkowego\"><\/p>\n<h2>Zagadnienia bezpiecze\u0144stwa<\/h2>\n<p>\u015arodki bezpiecze\u0144stwa s\u0105 niezwykle istotne w przypadku cylindr\u00f3w hydraulicznych. Odpowiednie przeszkolenie operator\u00f3w, przestrzeganie protoko\u0142\u00f3w bezpiecze\u0144stwa oraz stosowanie \u015brodk\u00f3w ochrony indywidualnej (PPE) s\u0105 niezb\u0119dne. Zapewnienie sprawnego dzia\u0142ania wszystkich zabezpiecze\u0144 uk\u0142adu hydraulicznego mo\u017ce zapobiec wypadkom i urazom podczas pracy.<\/p>\n<h2>Diagnostyka usterek i typowe problemy<\/h2>\n<ul>\n<li><strong>Przeciek:<\/strong> Jednym z najcz\u0119stszych problem\u00f3w jest wyciek p\u0142ynu hydraulicznego, kt\u00f3ry mo\u017ce wynika\u0107 ze zu\u017cycia uszczelek lub uszkodzenia podzespo\u0142\u00f3w. Regularne kontrole mog\u0105 pom\u00f3c w szybkiej identyfikacji i usuni\u0119ciu wyciek\u00f3w.<\/li>\n<li><strong>S\u0142aba wydajno\u015b\u0107:<\/strong> Je\u015bli cylinder nie wysuwa si\u0119 ani nie chowa p\u0142ynnie, mo\u017ce to oznacza\u0107 niski poziom p\u0142ynu hydraulicznego lub uszkodzenie wewn\u0119trzne. Szybkie rozwi\u0105zanie tych problem\u00f3w jest kluczowe, aby unikn\u0105\u0107 dalszych uszkodze\u0144.<\/li>\n<li><strong>Przegrzanie:<\/strong> Nadmierne ciep\u0142o mo\u017ce spowodowa\u0107 rozk\u0142ad p\u0142ynu hydraulicznego, co prowadzi do pogorszenia wydajno\u015bci. Regularne monitorowanie temperatury roboczej mo\u017ce pom\u00f3c z\u0142agodzi\u0107 ten problem.<\/li>\n<\/ul>\n<h2>Wskaz\u00f3wki dotycz\u0105ce rozwi\u0105zywania problem\u00f3w<\/h2>\n<p>Aby skutecznie zdiagnozowa\u0107 i rozwi\u0105za\u0107 problemy z si\u0142ownikiem wysi\u0119gnika, nale\u017cy wzi\u0105\u0107 pod uwag\u0119 nast\u0119puj\u0105ce wskaz\u00f3wki:<\/p>\n<ul>\n<li>Przeprowad\u017a kontrol\u0119 wzrokow\u0105, aby sprawdzi\u0107, czy nie ma \u015blad\u00f3w uszkodze\u0144 lub zu\u017cycia.<\/li>\n<li>Sprawd\u017a poziom p\u0142ynu hydraulicznego i uzupe\u0142nij go w razie potrzeby.<\/li>\n<li>Sprawd\u017a, czy uszczelki nie wykazuj\u0105 oznak zu\u017cycia i wymie\u0144 je w razie potrzeby.<\/li>\n<li>W przypadku konkretnych problem\u00f3w zwi\u0105zanych z cylindrem nale\u017cy zapozna\u0107 si\u0119 z wytycznymi producenta dotycz\u0105cymi rozwi\u0105zywania problem\u00f3w.<\/li>\n<\/ul>\n<p><img decoding=\"async\" src=\"https:\/\/www.hydraulic-cylinders.net\/wp-content\/uploads\/2025\/04\/songte-bushings-with-all-kinds-of-excavator-models.webp\" alt=\"Tuleja do modeli koparek\"><\/p>\n<h2>Przegl\u0105d firmy<\/h2>\n<p>Jeste\u015bmy wiod\u0105cym producentem zamiennych cylindr\u00f3w hydraulicznych, oferuj\u0105cym szerok\u0105 gam\u0119 produkt\u00f3w, spe\u0142niaj\u0105cych potrzeby rynku krajowego i mi\u0119dzynarodowego. Nasze zaanga\u017cowanie w d\u0105\u017cenie do doskona\u0142o\u015bci w zakresie jako\u015bci i precyzyjnej produkcji uczyni\u0142o nas zaufanym partnerem w bran\u017cy cylindr\u00f3w hydraulicznych. Wykorzystujemy zaawansowane technologie produkcyjne, wykwalifikowany personel techniczny oraz solidny system zapewnienia jako\u015bci, aby zwi\u0119kszy\u0107 nasze mo\u017cliwo\u015bci produkcyjne i zagwarantowa\u0107, \u017ce nasze produkty spe\u0142niaj\u0105 najwy\u017csze standardy.<\/p>\n<p><img decoding=\"async\" src=\"https:\/\/www.hydraulic-cylinders.net\/wp-content\/uploads\/2025\/04\/songte-company-4.webp\" alt=\"Zak\u0142ad produkcyjny firmy\"><br \/>\n<img decoding=\"async\" src=\"https:\/\/www.hydraulic-cylinders.net\/wp-content\/uploads\/2025\/04\/songte-company-3.webp\" alt=\"Sprz\u0119t produkcyjny firmy\"><\/p>\n<h3>Profesjonalizm i certyfikaty<\/h3>\n<p>Nasz zesp\u00f3\u0142 sk\u0142ada si\u0119 z wysoko wykwalifikowanych specjalist\u00f3w, kt\u00f3rzy z oddaniem dostarczaj\u0105 produkty najwy\u017cszej jako\u015bci. Posiadamy mi\u0119dzynarodowe certyfikaty, kt\u00f3re potwierdzaj\u0105 nasze zaanga\u017cowanie w jako\u015b\u0107 i niezawodno\u015b\u0107, gwarantuj\u0105c naszym klientom produkty, kt\u00f3rym mog\u0105 zaufa\u0107.<\/p>\n<h3>Us\u0142ugi dostosowane do indywidualnych potrzeb<\/h3>\n<p>Oferujemy niestandardowe rozwi\u0105zania w zakresie si\u0142ownik\u00f3w hydraulicznych, dostosowane do konkretnych wymaga\u0144 klienta, co pozwala nam skutecznie sprosta\u0107 nietypowym zastosowaniom.<\/p>\n<h3>Sprz\u0119t produkcyjny<\/h3>\n<p>Wykorzystuj\u0105c najnowocze\u015bniejszy sprz\u0119t produkcyjny, utrzymujemy wysoki poziom wydajno\u015bci operacyjnej i precyzji w naszych procesach produkcyjnych, co pozwala na szybk\u0105 dostaw\u0119 wysokiej jako\u015bci produkt\u00f3w.<\/p>\n<h3>Wsparcie posprzeda\u017cowe<\/h3>\n<p>Nasze zaanga\u017cowanie w zadowolenie klienta wykracza poza sprzeda\u017c. Oferujemy kompleksowe wsparcie posprzeda\u017cowe, w tym doradztwo w zakresie konserwacji i pomoc w rozwi\u0105zywaniu problem\u00f3w, aby zapewni\u0107 naszym klientom maksymalne wykorzystanie ich produkt\u00f3w.<\/p>\n<p>Autor: lyl<\/p>","protected":false},"excerpt":{"rendered":"<p>Boom Cylinder For Caterpillar Large Excavator E349D Introduction to Boom Cylinder The Boom Cylinder is an essential hydraulic component designed specifically for heavy machinery, particularly the Caterpillar E349D excavator. This hydraulic cylinder is responsible for controlling the movement of the boom, enabling the excavator to perform its primary functions with precision and efficiency. The boom [&hellip;]<\/p>","protected":false},"featured_media":17871,"comment_status":"open","ping_status":"closed","template":"","meta":{"_et_pb_use_builder":"","_et_pb_old_content":"","_et_gb_content_width":""},"product_brand":[],"product_cat":[1546],"product_tag":[1547,1496],"class_list":{"0":"post-18974","1":"product","2":"type-product","3":"status-publish","4":"has-post-thumbnail","6":"product_cat-boom-cylinders","7":"product_tag-boom-cylinders","8":"product_tag-hydraulic-cylinders","10":"first","11":"instock","12":"shipping-taxable","13":"product-type-simple"},"amp_enabled":true,"_links":{"self":[{"href":"https:\/\/www.hydraulic-cylinders.net\/pl\/wp-json\/wp\/v2\/product\/18974","targetHints":{"allow":["GET"]}}],"collection":[{"href":"https:\/\/www.hydraulic-cylinders.net\/pl\/wp-json\/wp\/v2\/product"}],"about":[{"href":"https:\/\/www.hydraulic-cylinders.net\/pl\/wp-json\/wp\/v2\/types\/product"}],"replies":[{"embeddable":true,"href":"https:\/\/www.hydraulic-cylinders.net\/pl\/wp-json\/wp\/v2\/comments?post=18974"}],"wp:featuredmedia":[{"embeddable":true,"href":"https:\/\/www.hydraulic-cylinders.net\/pl\/wp-json\/wp\/v2\/media\/17871"}],"wp:attachment":[{"href":"https:\/\/www.hydraulic-cylinders.net\/pl\/wp-json\/wp\/v2\/media?parent=18974"}],"wp:term":[{"taxonomy":"product_brand","embeddable":true,"href":"https:\/\/www.hydraulic-cylinders.net\/pl\/wp-json\/wp\/v2\/product_brand?post=18974"},{"taxonomy":"product_cat","embeddable":true,"href":"https:\/\/www.hydraulic-cylinders.net\/pl\/wp-json\/wp\/v2\/product_cat?post=18974"},{"taxonomy":"product_tag","embeddable":true,"href":"https:\/\/www.hydraulic-cylinders.net\/pl\/wp-json\/wp\/v2\/product_tag?post=18974"}],"curies":[{"name":"wp","href":"https:\/\/api.w.org\/{rel}","templated":true}]}}