{"id":18986,"date":"2025-04-07T06:05:49","date_gmt":"2025-04-07T06:05:49","guid":{"rendered":"https:\/\/www.hydraulic-cylinders.net\/product\/boom-cylinder-for-doosan-small-excavator-dh80-7\/"},"modified":"2025-04-07T06:05:51","modified_gmt":"2025-04-07T06:05:51","slug":"boom-cylinder-for-doosan-small-excavator-dh80-7","status":"publish","type":"product","link":"https:\/\/www.hydraulic-cylinders.net\/pl\/produkt\/boom-cylinder-for-doosan-small-excavator-dh80-7\/","title":{"rendered":"Si\u0142ownik wysi\u0119gnika do ma\u0142ej koparki Doosan DH80-7"},"content":{"rendered":"<h1>Si\u0142ownik wysi\u0119gnika do ma\u0142ej koparki Doosan DH80-7<\/h1>\n<h2>Przegl\u0105d produktu<\/h2>\n<p>Si\u0142ownik wysi\u0119gnika do ma\u0142ej koparki Doosan DH80-7 to specjalistyczny si\u0142ownik hydrauliczny przeznaczony do sterowania ruchem wysi\u0119gnika koparki. Ten niezb\u0119dny element odgrywa kluczow\u0105 rol\u0119 w uk\u0142adach hydraulicznych, umo\u017cliwiaj\u0105c precyzyjne podnoszenie, opuszczanie i przechylanie wysi\u0119gnika, u\u0142atwiaj\u0105c tym samym przenoszenie materia\u0142\u00f3w. Si\u0142ownik \u0142y\u017cki zosta\u0142 specjalnie zaprojektowany do zarz\u0105dzania si\u0142ami wymaganymi w ci\u0119\u017ckich maszynach, takich jak koparki, koparko-\u0142adowarki i \u0142adowarki czo\u0142owe. Jego funkcjonalno\u015b\u0107 zapewnia operatorom mo\u017cliwo\u015b\u0107 wydajnego kopania, za\u0142adunku i przesuwania, co czyni go niezb\u0119dnym elementem sprz\u0119tu budowlanego i wykopaliskowego.<\/p>\n<p><img decoding=\"async\" src=\"https:\/\/www.hydraulic-cylinders.net\/wp-content\/uploads\/2025\/04\/songte-company-1.webp\" alt=\"Obraz cylindra wysi\u0119gnika\"><\/p>\n<h2>Cechy naszego cylindra wysi\u0119gnika<\/h2>\n<ul>\n<li>\n<h3>Wysoka wytrzyma\u0142o\u015b\u0107 i trwa\u0142o\u015b\u0107<\/h3>\n<p>Wykonane z wysokowytrzyma\u0142ej stali lub aluminium, nasze si\u0142owniki wysi\u0119gnika wytrzymuj\u0105 wysokie ci\u015bnienie i du\u017ce obci\u0105\u017cenia, dzi\u0119ki czemu idealnie nadaj\u0105 si\u0119 do pracy w trudnych warunkach. Konstrukcja uwzgl\u0119dnia odporno\u015b\u0107 na zu\u017cycie i korozj\u0119, co znacznie wyd\u0142u\u017ca \u017cywotno\u015b\u0107 si\u0142ownika.<\/p>\n<\/li>\n<li>\n<h3>Wydajna praca hydrauliczna<\/h3>\n<p>Wykorzystuj\u0105c ci\u015bnienie oleju hydraulicznego, nasze si\u0142owniki zapewniaj\u0105 p\u0142ynne wysuwanie i wsuwanie. Szybko reaguj\u0105 na polecenia operacyjne, zapewniaj\u0105c du\u017c\u0105 si\u0142\u0119 pchania i ci\u0105gni\u0119cia, odpowiedni\u0105 do wykonywania ci\u0119\u017ckich i z\u0142o\u017conych zada\u0144.<\/p>\n<\/li>\n<li>\n<h3>Dost\u0119pne r\u00f3\u017cne typy<\/h3>\n<p>Nasze si\u0142owniki wysi\u0119gnika wyst\u0119puj\u0105 w r\u00f3\u017cnych konfiguracjach, w tym jednostronnego dzia\u0142ania (hydraulika dzia\u0142a w jednym kierunku) i dwustronnego dzia\u0142ania (hydraulika dzia\u0142a w obu kierunkach). Niekt\u00f3re modele maj\u0105 konstrukcj\u0119 teleskopow\u0105, kt\u00f3ra umo\u017cliwia wi\u0119ksze wysuni\u0119cie bez zwi\u0119kszania wymiar\u00f3w zewn\u0119trznych, co jest idealne do zastosowa\u0144 w ograniczonej przestrzeni.<\/p>\n<\/li>\n<li>\n<h3>Opcje produkcji niestandardowej<\/h3>\n<p>Specjalizujemy si\u0119 w produkcji tych si\u0142ownik\u00f3w hydraulicznych, kt\u00f3re idealnie zast\u0119puj\u0105 istniej\u0105ce modele, zapewniaj\u0105c jednocze\u015bnie kompatybilno\u015b\u0107 i wydajno\u015b\u0107.<\/p>\n<\/li>\n<li>\n<h3>Zaawansowane techniki uszczelniania<\/h3>\n<p>W naszych cylindrach zastosowano najnowocze\u015bniejsze metody uszczelniania, kt\u00f3re zwi\u0119kszaj\u0105 wydajno\u015b\u0107 i trwa\u0142o\u015b\u0107, zachowuj\u0105c integralno\u015b\u0107 hydrauliczn\u0105 w r\u00f3\u017cnych warunkach pracy.<\/p>\n<\/li>\n<\/ul>\n<p><img decoding=\"async\" src=\"https:\/\/www.hydraulic-cylinders.net\/wp-content\/uploads\/2025\/04\/songte-cylinder-head-with-all-kinds-excavator-models.webp\" alt=\"G\u0142owica cylindra do koparek\"><\/p>\n<h2>Zastosowania cylindra wysi\u0119gnika<\/h2>\n<h3>Sprz\u0119t budowlany<\/h3>\n<p>W koparkach si\u0142owniki wysi\u0119gnika odgrywaj\u0105 kluczow\u0105 rol\u0119 w kopaniu, za\u0142adunku i przemieszczaniu gleby lub gruzu. Umo\u017cliwiaj\u0105 operatorowi sprawne manewrowanie wysi\u0119gnikiem, zwi\u0119kszaj\u0105c wydajno\u015b\u0107 na placach budowy. W koparko-\u0142adowarkach si\u0142owniki te wspomagaj\u0105 zar\u00f3wno kopanie, jak i podnoszenie, co dowodzi ich wszechstronno\u015bci w r\u00f3\u017cnych zastosowaniach budowlanych.<\/p>\n<h3>Maszyny rolnicze<\/h3>\n<p>\u0141adowarki czo\u0142owe wykorzystuj\u0105 si\u0142owniki wysi\u0119gnika do nabierania, podnoszenia i transportu gleby, siana i innych materia\u0142\u00f3w. Mo\u017cliwo\u015b\u0107 sterowania k\u0105tem i wysoko\u015bci\u0105 \u0142y\u017cki pozwala na wydajne przenoszenie materia\u0142u, co czyni te si\u0142owniki niezb\u0119dnymi w pracach rolniczych.<\/p>\n<h3>Koparki<\/h3>\n<p>W koparkach cylindry \u0142y\u017cki umo\u017cliwiaj\u0105 kopanie, umo\u017cliwiaj\u0105c jej skuteczne zag\u0142\u0119bianie si\u0119 w gleb\u0119. Ich konstrukcja zapewnia, \u017ce \u200b\u200bkoparka mo\u017ce wykonywa\u0107 r\u00f3\u017cne zadania, od kopania row\u00f3w po niwelacj\u0119 terenu, z precyzj\u0105 i moc\u0105.<\/p>\n<h3>\u0141adowarki<\/h3>\n<p>W \u0142adowarkach czo\u0142owych si\u0142owniki wysi\u0119gnika s\u0105 niezb\u0119dne do wydajnego podnoszenia i opr\u00f3\u017cniania \u0142adunk\u00f3w. Zapewniaj\u0105 p\u0142ynn\u0105 prac\u0119 podczas podnoszenia i przechylania, co jest kluczowe w przypadku zada\u0144 zwi\u0105zanych z prze\u0142adunkiem materia\u0142\u00f3w w r\u00f3\u017cnych bran\u017cach.<\/p>\n<h2>Zagadnienia projektowe i kryteria wyboru<\/h2>\n<h3>No\u015bno\u015b\u0107<\/h3>\n<p>Przy wyborze si\u0142ownika wysi\u0119gnika kluczowe znaczenie ma zrozumienie jego ud\u017awigu. Si\u0142ownik musi by\u0107 w stanie ud\u017awign\u0105\u0107 maksymalne obci\u0105\u017cenia, jakie mo\u017ce napotka\u0107 podczas pracy, bez awarii. In\u017cynierowie bior\u0105 pod uwag\u0119 takie czynniki, jak zastosowane materia\u0142y i integralno\u015b\u0107 konstrukcji, aby zapewni\u0107, \u017ce spe\u0142niaj\u0105 one wymagania stawiane ci\u0119\u017ckim zastosowaniom.<\/p>\n<h3>Wydajno\u015b\u0107 uszczelnienia<\/h3>\n<p>Skuteczne uszczelnienie jest kluczowe dla utrzymania ci\u015bnienia hydraulicznego i zapobiegania wyciekom. Wysokiej jako\u015bci uszczelki wykonane z trwa\u0142ych materia\u0142\u00f3w, takich jak poliuretan i kauczuk nitrylowy, s\u0105 dobierane ze wzgl\u0119du na ich odporno\u015b\u0107 na zu\u017cycie i trwa\u0142o\u015b\u0107. Prawid\u0142owe uszczelnienie pomaga zapewni\u0107 sta\u0142\u0105 wydajno\u015b\u0107 i ograniczy\u0107 potrzeby konserwacyjne, zwi\u0119kszaj\u0105c og\u00f3ln\u0105 wydajno\u015b\u0107 operacyjn\u0105.<\/p>\n<h3>Trwa\u0142o\u015b\u0107<\/h3>\n<p>Trwa\u0142o\u015b\u0107 si\u0142ownika wysi\u0119gnika ma kluczowe znaczenie dla jego \u017cywotno\u015bci i niezawodno\u015bci. Materia\u0142y u\u017cyte do jego konstrukcji musz\u0105 by\u0107 odporne na zu\u017cycie i korozj\u0119, szczeg\u00f3lnie w trudnych warunkach. Producenci stosuj\u0105 zaawansowane pow\u0142oki i zabiegi piel\u0119gnacyjne, aby zwi\u0119kszy\u0107 odporno\u015b\u0107 na czynniki \u015brodowiskowe, zapewniaj\u0105c, \u017ce si\u0142ownik pozostanie funkcjonalny przez d\u0142ugi czas.<\/p>\n<h3>Funkcje bezpiecze\u0144stwa<\/h3>\n<p>Bezpiecze\u0144stwo jest priorytetem przy projektowaniu cylindr\u00f3w hydraulicznych. In\u017cynierowie stosuj\u0105 takie rozwi\u0105zania, jak solidne zawory bezpiecze\u0144stwa i uk\u0142ady redukcji ci\u015bnienia, aby zapobiega\u0107 przeci\u0105\u017ceniom i potencjalnym awariom. Rozwi\u0105zania te nie tylko chroni\u0105 sprz\u0119t, ale tak\u017ce zapewniaj\u0105 bezpiecze\u0144stwo operatorom pracuj\u0105cym z nim.<\/p>\n<h3>Dost\u0119pno\u015b\u0107 konserwacyjna<\/h3>\n<p>Projektowanie si\u0142ownika wysi\u0119gnika z uwzgl\u0119dnieniem konserwacji u\u0142atwia przegl\u0105dy i naprawy. Funkcje takie jak \u0142atwo dost\u0119pne smarowniczki i wymienne uszczelki pomagaj\u0105 zminimalizowa\u0107 przestoje i wyd\u0142u\u017cy\u0107 \u017cywotno\u015b\u0107. Regularna konserwacja ma kluczowe znaczenie dla utrzymania wydajnej pracy uk\u0142adu hydraulicznego.<\/p>\n<p><img decoding=\"async\" src=\"https:\/\/www.hydraulic-cylinders.net\/wp-content\/uploads\/2025\/04\/songte-oil-pipes-and-spare-parts.webp\" alt=\"Rury olejowe i cz\u0119\u015bci zamienne\"><\/p>\n<h2>Uszczelnianie i smarowanie<\/h2>\n<p>Skuteczne uszczelnienie i smarowanie s\u0105 niezb\u0119dne do prawid\u0142owego dzia\u0142ania cylindr\u00f3w hydraulicznych. Do utrzymania integralno\u015bci hydraulicznej stosuje si\u0119 r\u00f3\u017cne uszczelnienia, w tym uszczelnienia t\u0142oczysk i t\u0142oczysk. Uszczelnienia wykonane z trwa\u0142ych materia\u0142\u00f3w, takich jak poliuretan i kauczuk nitrylowy, zapewniaj\u0105 doskona\u0142\u0105 odporno\u015b\u0107 na zu\u017cycie, przyczyniaj\u0105c si\u0119 do d\u0142ugiej \u017cywotno\u015bci cylindra. Korpus cylindra i gwintowane powierzchnie ko\u0144cowe s\u0105 precyzyjnie obrobione, aby zwi\u0119kszy\u0107 odporno\u015b\u0107 na zu\u017cycie. Regularne smarowanie odpowiednim olejem hydraulicznym jest niezb\u0119dne w celu zmniejszenia tarcia i zu\u017cycia, zapewniaj\u0105c p\u0142ynn\u0105 prac\u0119 cylindra.<\/p>\n<h2>Regularne kontrole i \u015brodki konserwacji zapobiegawczej<\/h2>\n<ul>\n<li>\n<h3>Cz\u0119ste inspekcje<\/h3>\n<p>Regularne kontrole s\u0105 kluczowe dla identyfikacji potencjalnych problem\u00f3w, zanim si\u0119 nasil\u0105. Sprawd\u017a szczelno\u015b\u0107, zu\u017cycie i wszelkie oznaki uszkodze\u0144, aby upewni\u0107 si\u0119, \u017ce uk\u0142ad hydrauliczny dzia\u0142a prawid\u0142owo.<\/p>\n<\/li>\n<li>\n<h3>Prawid\u0142owe smarowanie<\/h3>\n<p>Utrzymanie odpowiedniego poziomu smarowania jest niezwykle istotne. Smarowanie cz\u0119\u015bci ruchomych pomaga zmniejszy\u0107 tarcie, zu\u017cycie i generowanie ciep\u0142a, co przek\u0142ada si\u0119 na lepsz\u0105 wydajno\u015b\u0107 i mniejsz\u0105 cz\u0119stotliwo\u015b\u0107 konserwacji.<\/p>\n<\/li>\n<li>\n<h3>Wymiana uszczelki<\/h3>\n<p>Z biegiem czasu uszczelki mog\u0105 ulec degradacji i wymaga\u0107 wymiany w celu zachowania integralno\u015bci hydraulicznej. Regularna konserwacja powinna obejmowa\u0107 sprawdzanie stanu uszczelek pod k\u0105tem zu\u017cycia i ich wymian\u0119 w razie potrzeby, aby zapobiec wyciekom.<\/p>\n<\/li>\n<\/ul>\n<h2>Wytyczne dotycz\u0105ce instalacji<\/h2>\n<p>Prawid\u0142owy monta\u017c si\u0142ownika wysi\u0119gnika ma kluczowe znaczenie dla jego wydajno\u015bci i trwa\u0142o\u015bci. Aby instalacja przebieg\u0142a pomy\u015blnie, wykonaj poni\u017csze czynno\u015bci:<\/p>\n<ul>\n<li>\n<h3>Wyr\u00f3wnanie<\/h3>\n<p>Upewnij si\u0119, \u017ce cylinder jest prawid\u0142owo wyr\u00f3wnany z punktami mocowania, aby zapobiec nadmiernemu napr\u0119\u017ceniu i zu\u017cyciu zar\u00f3wno cylindra, jak i maszyny.<\/p>\n<\/li>\n<li>\n<h3>U\u017cyj odpowiednich uchwyt\u00f3w monta\u017cowych<\/h3>\n<p>U\u017cyj odpowiednich uchwyt\u00f3w monta\u017cowych, aby zabezpieczy\u0107 cylinder na miejscu. Pomo\u017ce to zachowa\u0107 wyr\u00f3wnanie i stabilno\u015b\u0107 podczas pracy.<\/p>\n<\/li>\n<li>\n<h3>Po\u0142\u0105czenie hydrauliczne<\/h3>\n<p>Ostro\u017cnie pod\u0142\u0105cz przewody hydrauliczne, upewniaj\u0105c si\u0119, \u017ce nie ma za\u0142ama\u0144 ani skr\u0119ce\u0144, kt\u00f3re mog\u0142yby utrudni\u0107 przep\u0142yw p\u0142ynu. Prawid\u0142owe po\u0142\u0105czenia zapobiegaj\u0105 wyciekom i zapewniaj\u0105 optymaln\u0105 wydajno\u015b\u0107.<\/p>\n<\/li>\n<li>\n<h3>Testowanie<\/h3>\n<p>Po monta\u017cu nale\u017cy przeprowadzi\u0107 dok\u0142adny test uk\u0142adu hydraulicznego, aby upewni\u0107 si\u0119, \u017ce wszystko dzia\u0142a prawid\u0142owo. Nale\u017cy sprawdzi\u0107, czy nie ma oznak wyciek\u00f3w lub nieprawid\u0142owo\u015bci w dzia\u0142aniu.<\/p>\n<\/li>\n<\/ul>\n<h2>Zadania konserwacyjne<\/h2>\n<ul>\n<li>\n<h3>Regularne kontrole<\/h3>\n<p>Przeprowadzaj inspekcje w celu wykrycia wszelkich oznak zu\u017cycia lub potencjalnych problem\u00f3w. To proaktywne podej\u015bcie gwarantuje, \u017ce problemy zostan\u0105 rozwi\u0105zane, zanim doprowadz\u0105 do awarii sprz\u0119tu.<\/p>\n<\/li>\n<li>\n<h3>Prawid\u0142owe smarowanie<\/h3>\n<p>Regularnie smaruj ruchome cz\u0119\u015bci cylindra, aby zmniejszy\u0107 tarcie i zu\u017cycie. Taka praktyka wyd\u0142u\u017ca \u017cywotno\u015b\u0107 cylindra i poprawia jego wydajno\u015b\u0107.<\/p>\n<\/li>\n<li>\n<h3>Wymiana uszczelki<\/h3>\n<p>Monitoruj stan uszczelek pod k\u0105tem zu\u017cycia i wymieniaj je w razie potrzeby, aby zachowa\u0107 integralno\u015b\u0107 hydrauliczn\u0105. Regularna wymiana minimalizuje ryzyko wyciek\u00f3w i zapewnia niezawodn\u0105 prac\u0119.<\/p>\n<\/li>\n<\/ul>\n<p><img decoding=\"async\" src=\"https:\/\/www.hydraulic-cylinders.net\/wp-content\/uploads\/2025\/04\/songte-chushion-collar.webp\" alt=\"Ko\u0142nierz poduszkowy\"><\/p>\n<h2>Zagadnienia bezpiecze\u0144stwa i czynniki \u015brodowiskowe<\/h2>\n<p>Podczas obs\u0142ugi cylindr\u00f3w hydraulicznych wa\u017cne jest wdro\u017cenie \u015brodk\u00f3w bezpiecze\u0144stwa, aby chroni\u0107 zar\u00f3wno operatora, jak i sprz\u0119t. Zabezpieczenia, takie jak zawory bezpiecze\u0144stwa, s\u0105 niezb\u0119dne, aby zapobiec przeci\u0105\u017ceniu. Ponadto, utrzymanie bezpiecznego \u015brodowiska pracy poprzez zapewnienie, \u017ce ca\u0142y sprz\u0119t jest w dobrym stanie technicznym, pomaga zminimalizowa\u0107 ryzyko zwi\u0105zane z operacjami hydraulicznymi. Nale\u017cy r\u00f3wnie\u017c wzi\u0105\u0107 pod uwag\u0119 wzgl\u0119dy \u015brodowiskowe, poniewa\u017c prawid\u0142owa utylizacja p\u0142yn\u00f3w i materia\u0142\u00f3w hydraulicznych mo\u017ce zminimalizowa\u0107 wp\u0142yw operacji hydraulicznych na \u015brodowisko.<\/p>\n<h2>Rozwi\u0105zywanie problem\u00f3w i typowe problemy<\/h2>\n<ul>\n<li>\n<h3>Przeciek<\/h3>\n<p>Wycieki cz\u0119sto wynikaj\u0105 ze zu\u017cycia uszczelek lub nieprawid\u0142owego monta\u017cu. Regularne kontrole i terminowa wymiana uszczelek mog\u0105 zapobiec temu problemowi. W przypadku zauwa\u017cenia wycieku, kluczowe jest zidentyfikowanie \u017ar\u00f3d\u0142a i natychmiastowe usuni\u0119cie usterki, aby unikn\u0105\u0107 wycieku p\u0142ynu hydraulicznego.<\/p>\n<\/li>\n<li>\n<h3>Powolny lub brak ruchu<\/h3>\n<p>Je\u015bli cylinder porusza si\u0119 powoli lub nie porusza si\u0119 wcale, przyczyn\u0105 mo\u017ce by\u0107 niski poziom p\u0142ynu hydraulicznego lub zapowietrzenie uk\u0142adu. Sprawdzenie poziomu p\u0142ynu i odpowietrzenie uk\u0142adu cz\u0119sto mo\u017ce rozwi\u0105za\u0107 ten problem.<\/p>\n<\/li>\n<li>\n<h3>Nadmierny ha\u0142as<\/h3>\n<p>Nietypowe odg\u0142osy podczas pracy mog\u0105 wskazywa\u0107 na wewn\u0119trzne uszkodzenie lub zanieczyszczenie p\u0142ynu hydraulicznego. Regularna konserwacja i monitorowanie jako\u015bci p\u0142ynu mo\u017ce pom\u00f3c zapobiec tym problemom.<\/p>\n<\/li>\n<\/ul>\n<h2>Diagnostyka i wskaz\u00f3wki profilaktyczne<\/h2>\n<p>Aby skutecznie zdiagnozowa\u0107 problemy z si\u0142ownikiem wysi\u0119gnika, nale\u017cy wzi\u0105\u0107 pod uwag\u0119 nast\u0119puj\u0105ce wskaz\u00f3wki:<\/p>\n<ul>\n<li>\n<h3>Monitoruj wydajno\u015b\u0107<\/h3>\n<p>Monitoruj prac\u0119 cylindra. Nag\u0142e zmiany w reakcji lub mocy mog\u0105 by\u0107 oznak\u0105 problem\u00f3w.<\/p>\n<\/li>\n<li>\n<h3>Wdra\u017caj regularn\u0105 konserwacj\u0119<\/h3>\n<p>Ustal harmonogram rutynowej konserwacji obejmuj\u0105cy kontrole, smarowanie i wymian\u0119 uszczelek, aby zminimalizowa\u0107 ryzyko wyst\u0105pienia problem\u00f3w.<\/p>\n<\/li>\n<li>\n<h3>Szkolenia dla operator\u00f3w<\/h3>\n<p>Upewnij si\u0119, \u017ce operatorzy s\u0105 odpowiednio przeszkoleni w zakresie obs\u0142ugi sprz\u0119tu. Zrozumienie uk\u0142adu hydraulicznego i umiej\u0119tno\u015b\u0107 rozpoznawania oznak usterek mo\u017ce znacznie zmniejszy\u0107 prawdopodobie\u0144stwo ich wyst\u0105pienia.<\/p>\n<\/li>\n<\/ul>\n<p><img decoding=\"async\" src=\"https:\/\/www.hydraulic-cylinders.net\/wp-content\/uploads\/2025\/04\/songte-bushings-with-all-kinds-of-excavator-models.webp\" alt=\"Tuleje do koparek\"><\/p>\n<h2>O naszej firmie<\/h2>\n<p>Jeste\u015bmy wiod\u0105cym producentem si\u0142ownik\u00f3w hydraulicznych, specjalizuj\u0105cym si\u0119 w cz\u0119\u015bciach zamiennych do r\u00f3\u017cnych modeli. Nasza szeroka gama produkt\u00f3w ugruntowa\u0142a nasz\u0105 pozycj\u0119 czo\u0142owego dostawcy na rynku krajowym i mi\u0119dzynarodowym. D\u0105\u017cymy do doskona\u0142o\u015bci jako\u015bci, opieraj\u0105c si\u0119 na dopracowanych strategiach produkcyjnych i zaawansowanym zarz\u0105dzaniu przemys\u0142owym. Nasze inwestycje w talent techniczny, cyfrowy sprz\u0119t produkcyjny wysokiej klasy oraz profesjonalne systemy testowe stale zwi\u0119kszaj\u0105 nasze mo\u017cliwo\u015bci produkcyjne. Nasze zaanga\u017cowanie w wysok\u0105 wydajno\u015b\u0107, precyzj\u0119 i jako\u015b\u0107 pozwala nam sprosta\u0107 zr\u00f3\u017cnicowanym potrzebom klient\u00f3w.<\/p>\n<p><img decoding=\"async\" src=\"https:\/\/www.hydraulic-cylinders.net\/wp-content\/uploads\/2025\/04\/songte-company-4.webp\" alt=\"Obraz firmy 4\"><br \/>\n<img decoding=\"async\" src=\"https:\/\/www.hydraulic-cylinders.net\/wp-content\/uploads\/2025\/04\/songte-company-3.webp\" alt=\"Obraz firmy 3\"><\/p>\n<p>Oferujemy profesjonalne us\u0142ugi, mi\u0119dzynarodowe certyfikaty, rozwi\u0105zania dostosowane do potrzeb klienta, najnowocze\u015bniejszy sprz\u0119t produkcyjny i niezawodne wsparcie posprzeda\u017cowe, aby zapewni\u0107 naszym klientom najlepsze dost\u0119pne rozwi\u0105zania hydrauliczne.<\/p>\n<p>Autor: lyl<\/p>","protected":false},"excerpt":{"rendered":"<p>Boom Cylinder For Doosan Small Excavator DH80-7 Product Overview The Boom Cylinder for Doosan Small Excavator DH80-7 is a specialized hydraulic cylinder designed for controlling the movement of the excavator&#8217;s boom. This essential component plays a pivotal role in hydraulic systems, allowing for precise lifting, lowering, and tilting of the boom, thus facilitating material handling [&hellip;]<\/p>","protected":false},"featured_media":17868,"comment_status":"open","ping_status":"closed","template":"","meta":{"_et_pb_use_builder":"","_et_pb_old_content":"","_et_gb_content_width":""},"product_brand":[],"product_cat":[1546],"product_tag":[1547,1496],"class_list":{"0":"post-18986","1":"product","2":"type-product","3":"status-publish","4":"has-post-thumbnail","6":"product_cat-boom-cylinders","7":"product_tag-boom-cylinders","8":"product_tag-hydraulic-cylinders","10":"first","11":"instock","12":"shipping-taxable","13":"product-type-simple"},"amp_enabled":true,"_links":{"self":[{"href":"https:\/\/www.hydraulic-cylinders.net\/pl\/wp-json\/wp\/v2\/product\/18986","targetHints":{"allow":["GET"]}}],"collection":[{"href":"https:\/\/www.hydraulic-cylinders.net\/pl\/wp-json\/wp\/v2\/product"}],"about":[{"href":"https:\/\/www.hydraulic-cylinders.net\/pl\/wp-json\/wp\/v2\/types\/product"}],"replies":[{"embeddable":true,"href":"https:\/\/www.hydraulic-cylinders.net\/pl\/wp-json\/wp\/v2\/comments?post=18986"}],"wp:featuredmedia":[{"embeddable":true,"href":"https:\/\/www.hydraulic-cylinders.net\/pl\/wp-json\/wp\/v2\/media\/17868"}],"wp:attachment":[{"href":"https:\/\/www.hydraulic-cylinders.net\/pl\/wp-json\/wp\/v2\/media?parent=18986"}],"wp:term":[{"taxonomy":"product_brand","embeddable":true,"href":"https:\/\/www.hydraulic-cylinders.net\/pl\/wp-json\/wp\/v2\/product_brand?post=18986"},{"taxonomy":"product_cat","embeddable":true,"href":"https:\/\/www.hydraulic-cylinders.net\/pl\/wp-json\/wp\/v2\/product_cat?post=18986"},{"taxonomy":"product_tag","embeddable":true,"href":"https:\/\/www.hydraulic-cylinders.net\/pl\/wp-json\/wp\/v2\/product_tag?post=18986"}],"curies":[{"name":"wp","href":"https:\/\/api.w.org\/{rel}","templated":true}]}}