{"id":19002,"date":"2025-04-07T06:06:36","date_gmt":"2025-04-07T06:06:36","guid":{"rendered":"https:\/\/www.hydraulic-cylinders.net\/product\/boom-cylinder-for-doosan-middle-excavator-dx260lc\/"},"modified":"2025-04-07T06:06:39","modified_gmt":"2025-04-07T06:06:39","slug":"boom-cylinder-for-doosan-middle-excavator-dx260lc","status":"publish","type":"product","link":"https:\/\/www.hydraulic-cylinders.net\/pl\/produkt\/boom-cylinder-for-doosan-middle-excavator-dx260lc\/","title":{"rendered":"Si\u0142ownik wysi\u0119gnika do koparki \u015bredniej Doosan DX260LC"},"content":{"rendered":"<h1>Si\u0142ownik wysi\u0119gnika do koparki \u015bredniej Doosan DX260LC<\/h1>\n<h2>Przegl\u0105d produktu<\/h2>\n<p>Si\u0142ownik wysi\u0119gnika do koparki Doosan Middle Excavator DX260LC to kluczowy element uk\u0142adu hydraulicznego koparek. Zaprojektowany specjalnie do sterowania ruchem wysi\u0119gnika, ten si\u0142ownik hydrauliczny umo\u017cliwia koparce wykonywanie kluczowych funkcji, takich jak podnoszenie, opuszczanie i przechylanie wysi\u0119gnika podczas r\u00f3\u017cnych zada\u0144 zwi\u0105zanych z prze\u0142adunkiem materia\u0142\u00f3w. Si\u0142ownik \u0142y\u017cki zosta\u0142 zaprojektowany specjalnie do ci\u0119\u017ckich maszyn, zapewniaj\u0105c wydajn\u0105 prac\u0119 w wymagaj\u0105cych warunkach. <\/p>\n<p><img decoding=\"async\" src=\"https:\/\/www.hydraulic-cylinders.net\/wp-content\/uploads\/2025\/04\/songte-company-1.webp\" alt=\"Obraz cylindra wysi\u0119gnika\"\/><\/p>\n<h3>Definicja i funkcja cylindra kube\u0142kowego<\/h3>\n<p>Si\u0142ownik \u0142y\u017cki to rodzaj si\u0142ownika hydraulicznego, kt\u00f3ry odgrywa istotn\u0105 rol\u0119 w przemieszczaniu \u0142y\u017cek r\u00f3\u017cnych maszyn ci\u0119\u017ckich, w tym koparek, koparko-\u0142adowarek i \u0142adowarek czo\u0142owych. U\u0142atwiaj\u0105c wysuwanie i chowanie \u0142y\u017cki, si\u0142owniki te s\u0105 niezb\u0119dne do wykonywania zada\u0144 takich jak wykopy, za\u0142adunek i transport materia\u0142\u00f3w. Uk\u0142ad hydrauliczny wykorzystuje olej hydrauliczny pod ci\u015bnieniem, aby zapewni\u0107 p\u0142ynny i kontrolowany ruch, co czyni go niezb\u0119dnym elementem w pracach budowlanych i robotach ziemnych.<\/p>\n<h2>G\u0142\u00f3wne cechy cylindra wysi\u0119gnika<\/h2>\n<ul>\n<li><strong>Wysoka wytrzyma\u0142o\u015b\u0107 i trwa\u0142o\u015b\u0107:<\/strong> Zazwyczaj wykonane z wysokowytrzyma\u0142ej stali lub aluminium, te cylindry s\u0105 zaprojektowane tak, aby wytrzymywa\u0107 wysokie ci\u015bnienie i du\u017ce obci\u0105\u017cenia, a jednocze\u015bnie dostosowywa\u0107 si\u0119 do trudnych warunk\u00f3w pracy. Uwzgl\u0119dnienie odporno\u015bci na zu\u017cycie i ochrony przed korozj\u0105 wyd\u0142u\u017ca ich \u017cywotno\u015b\u0107.<\/li>\n<li><strong>Wydajna praca uk\u0142adu hydraulicznego:<\/strong> Konstrukcja wykorzystuje ci\u015bnienie oleju hydraulicznego do p\u0142ynnego wysuwania i wsuwania, umo\u017cliwiaj\u0105c szybk\u0105 reakcj\u0119 na polecenia operatora i generuj\u0105c du\u017ce si\u0142y pchania i ci\u0105gni\u0119cia, odpowiednie do przenoszenia ci\u0119\u017ckich \u0142adunk\u00f3w i wykonywania skomplikowanych zada\u0144.<\/li>\n<li><strong>Dost\u0119pne r\u00f3\u017cne typy:<\/strong> Klienci mog\u0105 wybiera\u0107 mi\u0119dzy si\u0142ownikami jednostronnego dzia\u0142ania (wykorzystuj\u0105cymi ci\u015bnienie hydrauliczne w jednym kierunku) lub dwustronnego dzia\u0142ania (wykorzystuj\u0105cymi ci\u015bnienie hydrauliczne w obu kierunkach), aby sprosta\u0107 r\u00f3\u017cnym potrzebom operacyjnym. Niekt\u00f3re modele posiadaj\u0105 konstrukcj\u0119 teleskopow\u0105, kt\u00f3ra umo\u017cliwia wi\u0119ksze wysuni\u0119cie bez zwi\u0119kszania wymiar\u00f3w zewn\u0119trznych, co jest idealne w zastosowaniach o ograniczonej przestrzeni.<\/li>\n<li><strong>Opcje personalizacji:<\/strong> Mo\u017cemy wyprodukowa\u0107 ten produkt w oparciu o indywidualne wymagania, zapewniaj\u0105c tym samym doskona\u0142y zamiennik dla r\u00f3\u017cnych cylindr\u00f3w hydraulicznych.<\/li>\n<\/ul>\n<p><img decoding=\"async\" src=\"https:\/\/www.hydraulic-cylinders.net\/wp-content\/uploads\/2025\/04\/songte-cylinder-head-with-all-kinds-excavator-models.webp\" alt=\"Modele koparek Obraz\"\/><\/p>\n<h2>Zastosowania cylindra wysi\u0119gnika<\/h2>\n<h3>Sprz\u0119t budowlany<\/h3>\n<p>W koparkach si\u0142owniki wysi\u0119gnika s\u0105 niezb\u0119dne do kopania, za\u0142adunku i przemieszczania gleby lub gruzu. Zapewniaj\u0105 niezb\u0119dn\u0105 si\u0142\u0119 i kontrol\u0119 do precyzyjnych operacji. W koparko-\u0142adowarkach si\u0142ownik \u0142y\u017cki wspomaga zar\u00f3wno kopanie, jak i podnoszenie, przyczyniaj\u0105c si\u0119 do wszechstronno\u015bci na placach budowy.<\/p>\n<h3>Maszyny rolnicze<\/h3>\n<p>W \u0142adowaczach czo\u0142owych si\u0142owniki te u\u0142atwiaj\u0105 zgarnianie, podnoszenie i transport ziemi, siana i innych materia\u0142\u00f3w. Ich solidna konstrukcja zapewnia efektywn\u0105 prac\u0119 w rolnictwie, gdzie niezawodno\u015b\u0107 ma kluczowe znaczenie dla wydajno\u015bci.<\/p>\n<h3>Koparki<\/h3>\n<p>Si\u0142owniki \u0142y\u017cki umo\u017cliwiaj\u0105 koparkom skuteczn\u0105 penetracj\u0119 gleby, zwi\u0119kszaj\u0105c wydajno\u015b\u0107 kopania. Si\u0142a hydrauliczna generowana przez te si\u0142owniki przek\u0142ada si\u0119 na znaczn\u0105 przewag\u0119 mechaniczn\u0105 podczas wykop\u00f3w, co czyni je niezast\u0105pionymi w projektach zagospodarowania terenu i budownictwa.<\/p>\n<h3>\u0141adowarki<\/h3>\n<p>W \u0142adowarkach czo\u0142owych si\u0142owniki wysi\u0119gnika wspomagaj\u0105 wydajne podnoszenie i zrzucanie \u0142adunk\u00f3w. Ich hydrauliczne mo\u017cliwo\u015bci zapewniaj\u0105 p\u0142ynn\u0105 prac\u0119, co jest niezb\u0119dne do obs\u0142ugi r\u00f3\u017cnych materia\u0142\u00f3w, zapewniaj\u0105c optymaln\u0105 wydajno\u015b\u0107 \u0142adowarki w r\u00f3\u017cnych warunkach.<\/p>\n<h2>Zagadnienia projektowe i kryteria wyboru<\/h2>\n<h3>No\u015bno\u015b\u0107<\/h3>\n<p>Ud\u017awig jest kluczowym czynnikiem konstrukcyjnym si\u0142ownik\u00f3w wysi\u0119gnika. Ka\u017cdy si\u0142ownik musi by\u0107 zaprojektowany tak, aby wytrzyma\u0107 maksymalne obci\u0105\u017cenie, jakie b\u0119dzie napotyka\u0142 podczas pracy. Wymaga to rygorystycznych test\u00f3w i przestrzegania norm bezpiecze\u0144stwa, aby zapobiec awariom podczas u\u017cytkowania. Wi\u0119kszy ud\u017awig cz\u0119sto oznacza wi\u0119kszy si\u0142ownik, kt\u00f3ry musi by\u0107 zr\u00f3wnowa\u017cony pod wzgl\u0119dem gabaryt\u00f3w maszyny i ogranicze\u0144 eksploatacyjnych.<\/p>\n<h3>Technologia uszczelniania<\/h3>\n<p>Skuteczne uszczelnienie ma kluczowe znaczenie dla zapewnienia trwa\u0142o\u015bci i niezawodno\u015bci si\u0142ownik\u00f3w hydraulicznych. Wysokiej jako\u015bci uszczelki zapobiegaj\u0105 wyciekom p\u0142ynu hydraulicznego, utrzymuj\u0105c ci\u015bnienie i wydajno\u015b\u0107. W celu zwi\u0119kszenia wydajno\u015bci i trwa\u0142o\u015bci stosuje si\u0119 r\u00f3\u017cne technologie uszczelniania, takie jak uszczelnienia t\u0142ok\u00f3w i t\u0142oczysk wykonane z materia\u0142\u00f3w takich jak poliuretan i kauczuk nitrylowy.<\/p>\n<h3>Trwa\u0142o\u015b\u0107 i konserwacja<\/h3>\n<p>Trwa\u0142o\u015b\u0107 si\u0142ownika wysi\u0119gnika ma kluczowe znaczenie dla jego \u017cywotno\u015bci. Czynniki takie jak zastosowane materia\u0142y, konstrukcja si\u0142ownika oraz warunki \u015brodowiskowe, w kt\u00f3rych pracuje, wp\u0142ywaj\u0105 na jego \u017cywotno\u015b\u0107. Regularna konserwacja, obejmuj\u0105ca przegl\u0105dy i terminow\u0105 wymian\u0119 uszczelnie\u0144 oraz innych element\u00f3w podlegaj\u0105cych zu\u017cyciu, mo\u017ce znacznie wyd\u0142u\u017cy\u0107 \u017cywotno\u015b\u0107 si\u0142ownika.<\/p>\n<h2>Uszczelnianie i smarowanie<\/h2>\n<p>Stosowanie r\u00f3\u017cnorodnych uszczelnie\u0144, takich jak uszczelnienia t\u0142oczysk i t\u0142oczysk, jest niezb\u0119dne w cylindrach hydraulicznych. Uszczelnienia te s\u0105 zazwyczaj wykonane z materia\u0142\u00f3w odpornych na zu\u017cycie, takich jak poliuretan i kauczuk nitrylowy, co zapewnia ich odporno\u015b\u0107 na trudne warunki pracy hydraulicznej. Obr\u00f3bka korpusu cylindra i gwintowanych powierzchni ko\u0144cowych jest wykonywana z najwy\u017csz\u0105 staranno\u015bci\u0105, aby zwi\u0119kszy\u0107 odporno\u015b\u0107 na zu\u017cycie. Dodatkowo, regularne smarowanie olejem hydraulicznym jest niezb\u0119dne dla utrzymania optymalnej wydajno\u015bci i zmniejszenia tarcia, co zapewnia d\u0142ug\u0105 \u017cywotno\u015b\u0107 cylindra.<\/p>\n<h2>\u015arodki konserwacji zapobiegawczej<\/h2>\n<ul>\n<li><strong>Regularne kontrole:<\/strong> Przeprowadzaj rutynowe kontrole w celu wykrycia wszelkich oznak zu\u017cycia lub uszkodze\u0144. Obejmuje to sprawdzenie szczelno\u015bci, oznak korozji lub nietypowych d\u017awi\u0119k\u00f3w podczas pracy.<\/li>\n<li><strong>W\u0142a\u015bciwe smarowanie:<\/strong> Upewnij si\u0119, \u017ce olej hydrauliczny ma prawid\u0142owy poziom i jest wymieniany w zalecanych odst\u0119pach czasu, aby zapobiec pogorszeniu wydajno\u015bci.<\/li>\n<li><strong>Wymiana uszczelki:<\/strong> Regularnie sprawdzaj stan uszczelek i wymieniaj je w razie potrzeby, aby utrzyma\u0107 ci\u015bnienie hydrauliczne i zapobiec wyciekom.<\/li>\n<\/ul>\n<h2>Wytyczne dotycz\u0105ce monta\u017cu si\u0142ownika wysi\u0119gnika<\/h2>\n<p>Prawid\u0142owy monta\u017c si\u0142ownika wysi\u0119gnika jest niezb\u0119dny dla optymalnej wydajno\u015bci. Przed rozpocz\u0119ciem monta\u017cu nale\u017cy upewni\u0107 si\u0119, \u017ce wszystkie elementy s\u0105 czyste i wolne od zanieczyszcze\u0144. Dok\u0142adnie wyr\u00f3wnaj si\u0142ownik z punktami mocowania koparki, u\u017cywaj\u0105c odpowiednich wspornik\u00f3w monta\u017cowych. Dokr\u0119\u0107 wszystkie \u015bruby i z\u0142\u0105czki zgodnie ze specyfikacj\u0105 producenta, upewniaj\u0105c si\u0119, \u017ce s\u0105 dobrze dokr\u0119cone, bez nadmiernego dokr\u0119cania. Po monta\u017cu sprawd\u017a dzia\u0142anie uk\u0142adu hydraulicznego i szczelno\u015b\u0107 przed rozpocz\u0119ciem pracy.<\/p>\n<h2>Typowe zadania konserwacyjne<\/h2>\n<h3>Regularna kontrola<\/h3>\n<p>Obejmuje to sprawdzenie oznak zu\u017cycia, wyciek\u00f3w i og\u00f3lnego stanu. Wczesne wykrycie problem\u00f3w mo\u017ce zapobiec powa\u017cnym uszkodzeniom i kosztownym naprawom. Zapoznaj si\u0119 z instrukcj\u0105 obs\u0142ugi maszyny, aby pozna\u0107 szczeg\u00f3\u0142owe informacje o cz\u0119stotliwo\u015bci przegl\u0105d\u00f3w.<\/p>\n<h3>Odpowiednie smarowanie<\/h3>\n<p>Utrzymanie prawid\u0142owego smarowania jest kluczowe dla zapobiegania zu\u017cyciu. Regularnie sprawdzaj poziom p\u0142ynu hydraulicznego i upewniaj si\u0119, \u017ce jest on czysty. Zanieczyszczony p\u0142yn mo\u017ce prowadzi\u0107 do przedwczesnej awarii podzespo\u0142\u00f3w hydraulicznych.<\/p>\n<h3>Wymiana uszczelek i kontrola kalibracji<\/h3>\n<p>Regularnie sprawdzaj i wymieniaj uszczelki, aby utrzyma\u0107 wydajno\u015b\u0107 hydrauliczn\u0105. Kontrole kalibracji zapewniaj\u0105, \u017ce si\u0142ownik dzia\u0142a w okre\u015blonych parametrach, co przek\u0142ada si\u0119 na bezpiecze\u0144stwo i efektywno\u015b\u0107 u\u017cytkowania.<\/p>\n<p><img decoding=\"async\" src=\"https:\/\/www.hydraulic-cylinders.net\/wp-content\/uploads\/2025\/04\/songte-chushion-collar.webp\" alt=\"Obraz ko\u0142nierza poduszkowego\"\/><\/p>\n<h2>Zagadnienia bezpiecze\u0144stwa i czynniki \u015brodowiskowe<\/h2>\n<p>Podczas u\u017cytkowania si\u0142ownika wysi\u0119gnika \u015brodki bezpiecze\u0144stwa s\u0105 niezwykle istotne. Operatorzy powinni by\u0107 przeszkoleni i \u015bwiadomi potencjalnych zagro\u017ce\u0144 zwi\u0105zanych z uk\u0142adami hydraulicznymi. Regularne audyty bezpiecze\u0144stwa i przestrzeganie wytycznych producenta mog\u0105 pom\u00f3c w ograniczeniu ryzyka zwi\u0105zanego z eksploatacj\u0105. Ponadto nale\u017cy wzi\u0105\u0107 pod uwag\u0119 czynniki \u015brodowiskowe, takie jak nadmierne zapylenie, wilgo\u0107 i ekstremalne temperatury, poniewa\u017c mog\u0105 one wp\u0142ywa\u0107 na wydajno\u015b\u0107 i \u017cywotno\u015b\u0107 si\u0142ownik\u00f3w hydraulicznych.<\/p>\n<h2>Rozwi\u0105zywanie problem\u00f3w i typowe problemy<\/h2>\n<ul>\n<li><strong>Wyciek p\u0142ynu hydraulicznego:<\/strong> W przypadku zauwa\u017cenia wyciek\u00f3w p\u0142ynu, sprawd\u017a uszczelki i z\u0142\u0105czki pod k\u0105tem uszkodze\u0144. Wymie\u0144 zu\u017cyte lub uszkodzone uszczelki, aby rozwi\u0105za\u0107 ten problem.<\/li>\n<li><strong>Nieodpowiadaj\u0105cy cylinder:<\/strong> Je\u017celi cylinder nie reaguje odpowiednio na polecenia, nale\u017cy sprawdzi\u0107 poziom p\u0142ynu hydraulicznego i upewni\u0107 si\u0119, \u017ce w przewodach hydraulicznych nie ma \u017cadnych blokad.<\/li>\n<li><strong>Niesp\u00f3jny ruch:<\/strong> Je\u015bli wysi\u0119gnik pracuje nier\u00f3wnomiernie, mo\u017ce to by\u0107 spowodowane zanieczyszczeniem p\u0142ynu hydraulicznego lub zapowietrzeniem uk\u0142adu. Odpowietrz uk\u0142ad hydrauliczny i w razie potrzeby wymie\u0144 zanieczyszczony p\u0142yn.<\/li>\n<\/ul>\n<p>Stosuj\u0105c si\u0119 do tych wskaz\u00f3wek dotycz\u0105cych rozwi\u0105zywania problem\u00f3w, operatorzy mog\u0105 skutecznie diagnozowa\u0107 i rozwi\u0105zywa\u0107 typowe problemy, zapewniaj\u0105c p\u0142ynn\u0105 prac\u0119 i minimalizuj\u0105c przestoje.<\/p>\n<p><img decoding=\"async\" src=\"https:\/\/www.hydraulic-cylinders.net\/wp-content\/uploads\/2025\/04\/songte-bushings-with-all-kinds-of-excavator-models.webp\" alt=\"Obraz tulei\"\/><\/p>\n<h2>O naszej firmie<\/h2>\n<p>Jeste\u015bmy producentem specjalizuj\u0105cym si\u0119 w alternatywnych si\u0142ownikach hydraulicznych, oferuj\u0105cym szerok\u0105 gam\u0119 produkt\u00f3w, kt\u00f3re ugruntowa\u0142y nasz\u0105 pozycj\u0119 jednego z wiod\u0105cych producent\u00f3w i hurtownik\u00f3w na rynku krajowym i mi\u0119dzynarodowym. Kierujemy si\u0119 zasad\u0105 doskona\u0142o\u015bci jako\u015bci, opieraj\u0105c si\u0119 na skrupulatnych strategiach produkcyjnych i zaawansowanym zarz\u0105dzaniu produkcj\u0105, aby stale podnosi\u0107 poziom naszej platformy produkcyjnej. Koncentruj\u0105c si\u0119 na zaawansowanym technologicznie sprz\u0119cie, wysokiej klasy cyfrowych maszynach produkcyjnych i profesjonalnych systemach testowych, stale podnosimy jako\u015b\u0107 naszych produkt\u00f3w i mo\u017cliwo\u015bci serwisowe.<\/p>\n<p><img decoding=\"async\" src=\"https:\/\/www.hydraulic-cylinders.net\/wp-content\/uploads\/2025\/04\/songte-company-4.webp\" alt=\"Wizerunek firmy\"\/><br \/>\n<img decoding=\"async\" src=\"https:\/\/www.hydraulic-cylinders.net\/wp-content\/uploads\/2025\/04\/songte-company-3.webp\" alt=\"Wizerunek firmy\"\/><\/p>\n<p>K\u0142ad\u0105c nacisk na profesjonalizm, mi\u0119dzynarodowe certyfikaty i zindywidualizowane us\u0142ugi, jeste\u015bmy zobowi\u0105zani do dostarczania solidnych rozwi\u0105za\u0144 dostosowanych do zr\u00f3\u017cnicowanych potrzeb naszych klient\u00f3w.<\/p>\n<p>Autor: lyl<\/p>","protected":false},"excerpt":{"rendered":"<p>Boom Cylinder For Doosan Middle Excavator DX260LC Product Overview The Boom Cylinder for Doosan Middle Excavator DX260LC is a critical component in the hydraulic system of excavators. Designed specifically to control the movement of the boom, this hydraulic cylinder enables the excavator to perform essential functions such as lifting, lowering, and tilting the boom for [&hellip;]<\/p>","protected":false},"featured_media":17869,"comment_status":"open","ping_status":"closed","template":"","meta":{"_et_pb_use_builder":"","_et_pb_old_content":"","_et_gb_content_width":""},"product_brand":[],"product_cat":[1546],"product_tag":[1547,1496],"class_list":{"0":"post-19002","1":"product","2":"type-product","3":"status-publish","4":"has-post-thumbnail","6":"product_cat-boom-cylinders","7":"product_tag-boom-cylinders","8":"product_tag-hydraulic-cylinders","10":"first","11":"instock","12":"shipping-taxable","13":"product-type-simple"},"amp_enabled":true,"_links":{"self":[{"href":"https:\/\/www.hydraulic-cylinders.net\/pl\/wp-json\/wp\/v2\/product\/19002","targetHints":{"allow":["GET"]}}],"collection":[{"href":"https:\/\/www.hydraulic-cylinders.net\/pl\/wp-json\/wp\/v2\/product"}],"about":[{"href":"https:\/\/www.hydraulic-cylinders.net\/pl\/wp-json\/wp\/v2\/types\/product"}],"replies":[{"embeddable":true,"href":"https:\/\/www.hydraulic-cylinders.net\/pl\/wp-json\/wp\/v2\/comments?post=19002"}],"wp:featuredmedia":[{"embeddable":true,"href":"https:\/\/www.hydraulic-cylinders.net\/pl\/wp-json\/wp\/v2\/media\/17869"}],"wp:attachment":[{"href":"https:\/\/www.hydraulic-cylinders.net\/pl\/wp-json\/wp\/v2\/media?parent=19002"}],"wp:term":[{"taxonomy":"product_brand","embeddable":true,"href":"https:\/\/www.hydraulic-cylinders.net\/pl\/wp-json\/wp\/v2\/product_brand?post=19002"},{"taxonomy":"product_cat","embeddable":true,"href":"https:\/\/www.hydraulic-cylinders.net\/pl\/wp-json\/wp\/v2\/product_cat?post=19002"},{"taxonomy":"product_tag","embeddable":true,"href":"https:\/\/www.hydraulic-cylinders.net\/pl\/wp-json\/wp\/v2\/product_tag?post=19002"}],"curies":[{"name":"wp","href":"https:\/\/api.w.org\/{rel}","templated":true}]}}