{"id":19003,"date":"2025-04-07T06:06:39","date_gmt":"2025-04-07T06:06:39","guid":{"rendered":"https:\/\/www.hydraulic-cylinders.net\/product\/boom-cylinder-for-doosan-large-excavator-dh290\/"},"modified":"2025-04-07T06:06:41","modified_gmt":"2025-04-07T06:06:41","slug":"boom-cylinder-for-doosan-large-excavator-dh290","status":"publish","type":"product","link":"https:\/\/www.hydraulic-cylinders.net\/pl\/produkt\/boom-cylinder-for-doosan-large-excavator-dh290\/","title":{"rendered":"Si\u0142ownik wysi\u0119gnika do du\u017cej koparki Doosan DH290"},"content":{"rendered":"<h1>Si\u0142ownik wysi\u0119gnika do du\u017cej koparki Doosan DH290<\/h1>\n<h2>Wprowadzenie do cylindra wysi\u0119gnika<\/h2>\n<p>Si\u0142ownik wysi\u0119gnika to kluczowy element hydrauliczny zaprojektowany specjalnie do du\u017cych koparek, takich jak Doosan DH290. Ten si\u0142ownik hydrauliczny odgrywa kluczow\u0105 rol\u0119 w sterowaniu ruchem wysi\u0119gnika, umo\u017cliwiaj\u0105c precyzyjne podnoszenie, opuszczanie i przechylanie ramienia koparki. Funkcjonalno\u015b\u0107 si\u0142ownika wysi\u0119gnika ma kluczowe znaczenie w przypadku r\u00f3\u017cnych zada\u0144 zwi\u0105zanych z prze\u0142adunkiem materia\u0142\u00f3w, umo\u017cliwiaj\u0105c wydajn\u0105 prac\u0119 w budownictwie, g\u00f3rnictwie i innych zastosowaniach wymagaj\u0105cych du\u017cej wytrzyma\u0142o\u015bci.<\/p>\n<p><img decoding=\"async\" src=\"https:\/\/www.hydraulic-cylinders.net\/wp-content\/uploads\/2025\/04\/songte-company-1.webp\" alt=\"Obraz cylindra wysi\u0119gnika\" \/><\/p>\n<h3>Zrozumienie cylindra kube\u0142kowego<\/h3>\n<p>Si\u0142owniki czerpakowe to specjalistyczne si\u0142owniki hydrauliczne, kt\u00f3re steruj\u0105 ruchem \u0142y\u017cki w ci\u0119\u017ckich maszynach, takich jak koparki, koparko-\u0142adowarki i \u0142adowarki czo\u0142owe. Umo\u017cliwiaj\u0105 one podnoszenie, opuszczanie i przechylanie \u0142y\u017cki, u\u0142atwiaj\u0105c zadania zwi\u0105zane z prze\u0142adunkiem materia\u0142\u00f3w. Si\u0142owniki te s\u0105 zaprojektowane tak, aby wytrzymywa\u0107 wysokie ci\u015bnienie i du\u017ce obci\u0105\u017cenia, co czyni je niezb\u0119dnymi do wydajnej pracy w r\u00f3\u017cnych warunkach roboczych.<\/p>\n<h2>Cechy cylindra wysi\u0119gnika<\/h2>\n<ul>\n<li><strong>Wysoka wytrzyma\u0142o\u015b\u0107 i trwa\u0142o\u015b\u0107:<\/strong> Wykonany z wysokowytrzyma\u0142ej stali lub aluminium, si\u0142ownik wysi\u0119gnika wytrzymuje wysokie ci\u015bnienie i du\u017ce obci\u0105\u017cenia, co czyni go odpowiednim do trudnych warunk\u00f3w pracy. Konstrukcja si\u0142ownika uwzgl\u0119dnia odporno\u015b\u0107 na zu\u017cycie i korozj\u0119, co wyd\u0142u\u017ca jego \u017cywotno\u015b\u0107.<\/li>\n<li><strong>Wydajna praca uk\u0142adu hydraulicznego:<\/strong> Wykorzystuj\u0105c ci\u015bnienie oleju hydraulicznego, si\u0142ownik wysi\u0119gnika zapewnia p\u0142ynne wysuwanie i wsuwanie. Szybko reaguje na polecenia operatora, generuj\u0105c du\u017c\u0105 si\u0142\u0119 pchania i ci\u0105gni\u0119cia, niezb\u0119dn\u0105 do obs\u0142ugi ci\u0119\u017ckich i z\u0142o\u017conych zada\u0144.<\/li>\n<li><strong>R\u00f3\u017cnorodno\u015b\u0107 typ\u00f3w:<\/strong> Dost\u0119pne w konfiguracji jednostronnego dzia\u0142ania (z wykorzystaniem hydrauliki w jednym kierunku) lub dwustronnego dzia\u0142ania (z wykorzystaniem hydrauliki w obu kierunkach), aby sprosta\u0107 zr\u00f3\u017cnicowanym potrzebom operacyjnym. Niekt\u00f3re modele s\u0105 teleskopowe, co pozwala na wi\u0119ksze wysuni\u0119cie bez zwi\u0119kszania wymiar\u00f3w zewn\u0119trznych, co jest idealne w zastosowaniach o ograniczonej przestrzeni.<\/li>\n<li><strong>Rozwi\u0105zania dostosowywane do indywidualnych potrzeb:<\/strong> Nasze mo\u017cliwo\u015bci produkcyjne pozwalaj\u0105 nam wytwarza\u0107 si\u0142owniki wysi\u0119gnika, kt\u00f3re doskonale zast\u0119puj\u0105 istniej\u0105ce si\u0142owniki hydrauliczne, zapewniaj\u0105c rozwi\u0105zania dostosowane do potrzeb r\u00f3\u017cnego rodzaju sprz\u0119tu.<\/li>\n<li><strong>Zaawansowana technologia:<\/strong> Dzi\u0119ki zastosowaniu najnowszych technologii w zakresie konstrukcji hydraulicznych nasze si\u0142owniki wysi\u0119gnika zwi\u0119kszaj\u0105 wydajno\u015b\u0107 i niezawodno\u015b\u0107, gwarantuj\u0105c optymaln\u0105 efektywno\u015b\u0107 pracy.<\/li>\n<\/ul>\n<p><img decoding=\"async\" src=\"https:\/\/www.hydraulic-cylinders.net\/wp-content\/uploads\/2025\/04\/songte-cylinder-head-with-all-kinds-excavator-models.webp\" alt=\"Zgodno\u015b\u0107 modeli koparek\" \/><\/p>\n<h2>Zastosowania cylindra wysi\u0119gnika<\/h2>\n<h3>Sprz\u0119t budowlany<\/h3>\n<p>W koparkach si\u0142owniki wysi\u0119gnika odgrywaj\u0105 kluczow\u0105 rol\u0119 w kopaniu, za\u0142adunku i przemieszczaniu gleby lub gruzu. Umo\u017cliwiaj\u0105 one koparce wydajne wykonywanie zada\u0144, zwi\u0119kszaj\u0105c wydajno\u015b\u0107 na placach budowy. W koparko-\u0142adowarkach si\u0142ownik wysi\u0119gnika wspomaga zar\u00f3wno kopanie, jak i podnoszenie, co czyni go niezb\u0119dnym do r\u00f3\u017cnych zada\u0144 budowlanych.<\/p>\n<h3>Maszyny rolnicze<\/h3>\n<p>Stosowane w \u0142adowarkach czo\u0142owych si\u0142owniki wysi\u0119gnika wspomagaj\u0105 nabieranie, podnoszenie i transport ziemi, siana i innych materia\u0142\u00f3w. Ich solidna konstrukcja gwarantuje, \u017ce poradz\u0105 sobie z wymagaj\u0105cymi zadaniami rolniczymi, zwi\u0119kszaj\u0105c wydajno\u015b\u0107 w gospodarstwach rolnych.<\/p>\n<h3>Koparki<\/h3>\n<p>W koparkach cylindry \u0142y\u017cki umo\u017cliwiaj\u0105 jej penetracj\u0119 w g\u0142\u0105b gruntu, u\u0142atwiaj\u0105c efektywne kopanie. Ich konstrukcja pozwala na zastosowanie maksymalnej si\u0142y, dzi\u0119ki czemu idealnie nadaj\u0105 si\u0119 do ci\u0119\u017ckich prac wykopaliskowych.<\/p>\n<h3>\u0141adowarki<\/h3>\n<p>W \u0142adowarkach czo\u0142owych si\u0142owniki wysi\u0119gnika przyczyniaj\u0105 si\u0119 do efektywnego podnoszenia i zrzucania materia\u0142\u00f3w. Ich wytrzyma\u0142o\u015b\u0107 i niezawodno\u015b\u0107 zapewniaj\u0105 p\u0142ynny przebieg operacji, redukuj\u0105c przestoje i zwi\u0119kszaj\u0105c og\u00f3ln\u0105 wydajno\u015b\u0107 operacyjn\u0105.<\/p>\n<h2>Zagadnienia projektowe i kryteria wyboru<\/h2>\n<h3>No\u015bno\u015b\u0107<\/h3>\n<p>Przy wyborze si\u0142ownika wysi\u0119gnika, kluczowe znaczenie ma zrozumienie jego ud\u017awigu. Si\u0142ownik musi by\u0107 w stanie ud\u017awign\u0105\u0107 maksymalne obci\u0105\u017cenie, jakiemu b\u0119dzie poddawany podczas pracy. Zapewnia to bezpiecze\u0144stwo i wydajno\u015b\u0107 wykonywania zada\u0144. Prawid\u0142owy ud\u017awig zapobiega r\u00f3wnie\u017c przedwczesnemu zu\u017cyciu i awariom, wyd\u0142u\u017caj\u0105c \u017cywotno\u015b\u0107 si\u0142ownika.<\/p>\n<h3>Mechanizmy uszczelniaj\u0105ce<\/h3>\n<p>Skuteczne uszczelnienie jest kluczowe dla zapobiegania wyciekom p\u0142ynu hydraulicznego i utrzymania ci\u015bnienia w uk\u0142adzie. Wysokiej jako\u015bci uszczelki wykonane z trwa\u0142ych materia\u0142\u00f3w, takich jak poliuretan i kauczuk nitrylowy, s\u0105 niezb\u0119dne. Uszczelnienia powinny by\u0107 zaprojektowane tak, aby wytrzymywa\u0142y trudne warunki pracy, zapewniaj\u0105c niezawodn\u0105 prac\u0119 i minimalizuj\u0105c koszty konserwacji.<\/p>\n<h3>Trwa\u0142o\u015b\u0107 i odporno\u015b\u0107<\/h3>\n<p>Trwa\u0142o\u015b\u0107 jest kluczowym czynnikiem w projektowaniu si\u0142ownik\u00f3w wysi\u0119gnika. Powinny by\u0107 one odporne na zu\u017cycie i korozj\u0119, poniewa\u017c pracuj\u0105 w trudnych warunkach. Materia\u0142y u\u017cyte do budowy powinny charakteryzowa\u0107 si\u0119 doskona\u0142\u0105 odporno\u015bci\u0105 na zm\u0119czenie i wytrzymywa\u0107 powtarzalne obci\u0105\u017cenia bez degradacji.<\/p>\n<h3>Funkcje bezpiecze\u0144stwa<\/h3>\n<p>W\u0142\u0105czenie funkcji bezpiecze\u0144stwa do konstrukcji si\u0142ownik\u00f3w wysi\u0119gnika zapewnia ochron\u0119 operator\u00f3w i sprz\u0119tu. Funkcje takie jak zawory bezpiecze\u0144stwa i mechanizmy zabezpieczaj\u0105ce przed przeci\u0105\u017ceniem zwi\u0119kszaj\u0105 bezpiecze\u0144stwo podczas pracy. Producenci powinni priorytetowo traktowa\u0107 projektowanie si\u0142ownik\u00f3w zapobiegaj\u0105cych wypadkom i uszkodzeniom sprz\u0119tu.<\/p>\n<h3>Konserwacja i serwisowanie<\/h3>\n<p>Zaprojektowanie si\u0142ownik\u00f3w wysi\u0119gnika z my\u015bl\u0105 o \u0142atwej konserwacji jest kluczowe dla zapewnienia trwa\u0142o\u015bci i wydajno\u015bci. Takie cechy jak \u0142atwo dost\u0119pne punkty smarowania, wymienne uszczelki i prosty demonta\u017c przyczyniaj\u0105 si\u0119 do skr\u00f3cenia przestoj\u00f3w i obni\u017cenia koszt\u00f3w konserwacji. Regularna konserwacja powinna by\u0107 u\u0142atwiona dzi\u0119ki rozwi\u0105zaniom konstrukcyjnym umo\u017cliwiaj\u0105cym szybkie przegl\u0105dy i naprawy.<\/p>\n<p><img decoding=\"async\" src=\"https:\/\/www.hydraulic-cylinders.net\/wp-content\/uploads\/2025\/04\/songte-oil-pipes-and-spare-parts.webp\" alt=\"Elementy hydrauliczne\" \/><\/p>\n<h2>Uszczelnianie i smarowanie w cylindrach hydraulicznych<\/h2>\n<p>Skuteczne uszczelnienie i smarowanie s\u0105 kluczowe dla optymalnej pracy si\u0142ownik\u00f3w wysi\u0119gnika. R\u00f3\u017cne elementy uszczelniaj\u0105ce, w tym uszczelnienia t\u0142oczysk i t\u0142oczysk, zapewniaj\u0105 szczelno\u015b\u0107 kom\u00f3r wewn\u0105trz si\u0142ownika. Wysokiej jako\u015bci uszczelnienia, wykonane z materia\u0142\u00f3w odpornych na \u015bcieranie, takich jak poliuretan i kauczuk nitrylowy, s\u0105 niezb\u0119dne do zapobiegania wyciekom i utrzymania ci\u015bnienia hydraulicznego.<\/p>\n<p>Powierzchnie korpusu cylindra i gwintowane ko\u0144c\u00f3wki s\u0105 poddawane precyzyjnej obr\u00f3bce mechanicznej w celu zwi\u0119kszenia odporno\u015bci na zu\u017cycie. Regularne smarowanie olejem hydraulicznym jest niezb\u0119dne, aby zmniejszy\u0107 tarcie i wytwarzanie ciep\u0142a, a tym samym wyd\u0142u\u017cy\u0107 \u017cywotno\u015b\u0107 cylindra. Operatorzy musz\u0105 zadba\u0107 o w\u0142a\u015bciwy rodzaj i ilo\u015b\u0107 oleju hydraulicznego, aby zapewni\u0107 p\u0142ynn\u0105 prac\u0119.<\/p>\n<h2>Regularne kontrole i \u015brodki konserwacji zapobiegawczej<\/h2>\n<ul>\n<li><strong>Inspekcje wizualne:<\/strong> Regularne kontrole wizualne pod k\u0105tem oznak zu\u017cycia, wyciek\u00f3w lub uszkodze\u0144 mog\u0105 pom\u00f3c zidentyfikowa\u0107 potencjalne problemy, zanim si\u0119 nasil\u0105. Operatorzy powinni sprawdza\u0107 uszczelki, z\u0142\u0105czki i w\u0119\u017ce pod k\u0105tem zu\u017cycia lub pogorszenia stanu.<\/li>\n<li><strong>Poziomy p\u0142ynu hydraulicznego:<\/strong> Utrzymanie odpowiedniego poziomu p\u0142ynu hydraulicznego jest kluczowe. Niski poziom p\u0142ynu mo\u017ce powodowa\u0107 niedostateczne smarowanie i przegrzanie, co mo\u017ce prowadzi\u0107 do awarii cylindra. Operatorzy powinni regularnie sprawdza\u0107 poziom p\u0142yn\u00f3w i w razie potrzeby go uzupe\u0142nia\u0107.<\/li>\n<li><strong>Wymiana uszczelki:<\/strong> Uszczelki to elementy eksploatacyjne, kt\u00f3re nale\u017cy okresowo wymienia\u0107. Monitorowanie stanu uszczelek i ich wymiana w razie potrzeby zapobiega wyciekom i utrzymuje wydajno\u015b\u0107 cylindra.<\/li>\n<\/ul>\n<h2>Instrukcja instalacji si\u0142ownik\u00f3w wysi\u0119gnika<\/h2>\n<p>Monta\u017c si\u0142ownika wysi\u0119gnika wymaga starannego planowania i wykonania, aby zapewni\u0107 optymaln\u0105 wydajno\u015b\u0107. Zacznij od upewnienia si\u0119, \u017ce powierzchnia monta\u017cowa jest czysta i r\u00f3wna, co zapewni stabilne pod\u0142o\u017ce dla si\u0142ownika. Wyr\u00f3wnaj si\u0142ownik ze wspornikami monta\u017cowymi, upewniaj\u0105c si\u0119, \u017ce nie ma \u017cadnych przesuni\u0119\u0107, kt\u00f3re mog\u0142yby prowadzi\u0107 do przedwczesnego zu\u017cycia.<\/p>\n<p>U\u017cyj odpowiednich element\u00f3w monta\u017cowych i technik, aby zabezpieczy\u0107 cylinder na miejscu. Zaleca si\u0119 u\u017cycie odpowiednich wspornik\u00f3w monta\u017cowych, aby pewnie zamocowa\u0107 cylinder. Po zamontowaniu cylindra nale\u017cy przeprowadzi\u0107 dok\u0142adn\u0105 kontrol\u0119 ustawienia, aby upewni\u0107 si\u0119, \u017ce dzia\u0142a on p\u0142ynnie i bez \u017cadnych przeszk\u00f3d.<\/p>\n<p>Po instalacji nale\u017cy przeprowadzi\u0107 pr\u00f3b\u0119 ci\u015bnieniow\u0105, aby upewni\u0107 si\u0119, \u017ce nie ma wyciek\u00f3w i butla dzia\u0142a prawid\u0142owo. Regularnie sprawdzaj po\u0142\u0105czenia i dzia\u0142anie butli po instalacji, aby zapewni\u0107 jej ci\u0105g\u0142\u0105 wydajno\u015b\u0107.<\/p>\n<h2>Typowe zadania konserwacyjne<\/h2>\n<ul>\n<li><strong>Regularne kontrole:<\/strong> Regularne kontrole s\u0105 kluczowe dla wczesnego wykrywania potencjalnych problem\u00f3w. Regularne kontrole pomagaj\u0105 wykry\u0107 wszelkie oznaki zu\u017cycia lub uszkodze\u0144, umo\u017cliwiaj\u0105c terminow\u0105 napraw\u0119.<\/li>\n<li><strong>Prawid\u0142owe smarowanie:<\/strong> Zapewnienie odpowiedniego smarowania si\u0142ownika wysi\u0119gnika jest kluczowe dla zmniejszenia tarcia i zu\u017cycia. Regularne uzupe\u0142nianie odpowiedniego rodzaju oleju hydraulicznego poprawi wydajno\u015b\u0107 i wyd\u0142u\u017cy \u017cywotno\u015b\u0107.<\/li>\n<li><strong>Wymiana uszczelki:<\/strong> Regularne monitorowanie i wymiana zu\u017cytych uszczelek jest niezb\u0119dna do utrzymania ci\u015bnienia hydraulicznego i zapobiegania wyciekom. Prawid\u0142owo dzia\u0142aj\u0105ce uszczelki maj\u0105 kluczowe znaczenie dla wydajno\u015bci uk\u0142adu hydraulicznego.<\/li>\n<\/ul>\n<h2>Zagadnienia bezpiecze\u0144stwa i czynniki \u015brodowiskowe<\/h2>\n<p>Podczas u\u017cytkowania cylindr\u00f3w hydraulicznych \u015brodki bezpiecze\u0144stwa maj\u0105 kluczowe znaczenie. Operatorzy powinni by\u0107 \u015bwiadomi potencjalnych zagro\u017ce\u0144 zwi\u0105zanych z uk\u0142adami hydraulicznymi, w tym zwi\u0105zanych z p\u0142ynem pod ci\u015bnieniem i potencjalnymi awariami mechanicznymi. Wdro\u017cenie protoko\u0142\u00f3w bezpiecze\u0144stwa, takich jak noszenie sprz\u0119tu ochronnego i regularne kontrole bezpiecze\u0144stwa, ma kluczowe znaczenie dla zapobiegania wypadkom i urazom.<\/p>\n<h2>Diagnostyka usterek i typowe problemy<\/h2>\n<ul>\n<li><strong>Przeciek:<\/strong> Wyciek z uszczelek mo\u017ce wskazywa\u0107 na zu\u017cycie lub uszkodzenie. Regularne kontrole i terminowa wymiana uszczelek mog\u0105 z\u0142agodzi\u0107 ten problem.<\/li>\n<li><strong>Obni\u017cona wydajno\u015b\u0107:<\/strong> Spadek wydajno\u015bci roboczej cylindra mo\u017ce wskazywa\u0107 na niski poziom p\u0142ynu hydraulicznego lub zu\u017cycie wewn\u0119trzne. Regularna konserwacja i monitorowanie mog\u0105 pom\u00f3c w rozwi\u0105zaniu tych problem\u00f3w.<\/li>\n<li><strong>Nietypowe d\u017awi\u0119ki:<\/strong> Nietypowe d\u017awi\u0119ki podczas pracy mog\u0105 sygnalizowa\u0107 awari\u0119 mechaniczn\u0105 lub niedostateczne smarowanie. Dok\u0142adne sprawdzenie mo\u017ce pom\u00f3c w zidentyfikowaniu i rozwi\u0105zaniu tych problem\u00f3w.<\/li>\n<\/ul>\n<h2>Wskaz\u00f3wki dotycz\u0105ce rozwi\u0105zywania problem\u00f3w<\/h2>\n<p>Aby skutecznie diagnozowa\u0107 i rozwi\u0105zywa\u0107 problemy z si\u0142ownikiem wysi\u0119gnika, operatorzy powinni stosowa\u0107 podej\u015bcie systemowe. Zacznij od zidentyfikowania objaw\u00f3w i ustalenia ich potencjalnych przyczyn. W przypadku wyciek\u00f3w sprawd\u017a uszczelki i po\u0142\u0105czenia pod k\u0105tem uszkodze\u0144. W przypadku nieprawid\u0142owo\u015bci dzia\u0142ania sprawd\u017a poziom p\u0142yn\u00f3w oraz uk\u0142ad hydrauliczny pod k\u0105tem zator\u00f3w lub wyciek\u00f3w.<\/p>\n<p>\u015arodki zapobiegawcze, takie jak regularna konserwacja i terminowe naprawy, mog\u0105 znacznie zmniejszy\u0107 ryzyko wyst\u0105pienia typowych problem\u00f3w. Zapewnienie kompleksowego szkolenia operator\u00f3w w zakresie prawid\u0142owej obs\u0142ugi mo\u017ce r\u00f3wnie\u017c pom\u00f3c w minimalizacji problem\u00f3w i wyd\u0142u\u017ceniu \u017cywotno\u015bci si\u0142ownika wysi\u0119gnika.<\/p>\n<p><img decoding=\"async\" src=\"https:\/\/www.hydraulic-cylinders.net\/wp-content\/uploads\/2025\/04\/songte-bushings-with-all-kinds-of-excavator-models.webp\" alt=\"Tuleje koparki\" \/><\/p>\n<h2>O naszej firmie<\/h2>\n<p>Jeste\u015bmy wiod\u0105cym producentem si\u0142ownik\u00f3w hydraulicznych, specjalizuj\u0105cym si\u0119 w produkcji wysokiej jako\u015bci cz\u0119\u015bci zamiennych do r\u00f3\u017cnych zastosowa\u0144. Dzi\u0119ki szerokiej gamie produkt\u00f3w stali\u015bmy si\u0119 kluczowym graczem na rynku krajowym i mi\u0119dzynarodowym. Nasze zaanga\u017cowanie w d\u0105\u017cenie do doskona\u0142o\u015bci jest widoczne w rygorystycznych procesach produkcyjnych i przestrzeganiu mi\u0119dzynarodowych norm.<\/p>\n<p>Nasza firma k\u0142adzie nacisk na jako\u015b\u0107, wykorzystuj\u0105c zaawansowane techniki produkcyjne i najnowocze\u015bniejszy sprz\u0119t. Zatrudniamy wykwalifikowanych specjalist\u00f3w, kt\u00f3rzy dbaj\u0105 o udoskonalanie proces\u00f3w produkcyjnych w celu poprawy jako\u015bci produkt\u00f3w. Nasze mo\u017cliwo\u015bci obejmuj\u0105 oferowanie rozwi\u0105za\u0144 dostosowanych do indywidualnych potrzeb naszych klient\u00f3w.<\/p>\n<p><img decoding=\"async\" src=\"https:\/\/www.hydraulic-cylinders.net\/wp-content\/uploads\/2025\/04\/songte-company-4.webp\" alt=\"Produkcja firmy\" \/><br \/>\n<img decoding=\"async\" src=\"https:\/\/www.hydraulic-cylinders.net\/wp-content\/uploads\/2025\/04\/songte-company-3.webp\" alt=\"Obiekt firmy\" \/><\/p>\n<p>Aby uzyska\u0107 wi\u0119cej informacji o naszych produktach i us\u0142ugach, prosimy o kontakt. Zale\u017cy nam na zapewnieniu wyj\u0105tkowej obs\u0142ugi klienta i wsparcia, gwarantuj\u0105c efektywne zaspokojenie wszystkich Pa\u0144stwa potrzeb w zakresie si\u0142ownik\u00f3w hydraulicznych.<\/p>\n<p>Autor: lyl<\/p>","protected":false},"excerpt":{"rendered":"<p>Boom Cylinder For Doosan Large Excavator DH290 Introduction to the Boom Cylinder The Boom Cylinder is a critical hydraulic component designed specifically for large excavators such as the Doosan DH290. This hydraulic cylinder plays an essential role in controlling the movement of the boom, allowing for precise lifting, lowering, and tilting of the excavator&#8217;s arm. [&hellip;]<\/p>","protected":false},"featured_media":17870,"comment_status":"open","ping_status":"closed","template":"","meta":{"_et_pb_use_builder":"","_et_pb_old_content":"","_et_gb_content_width":""},"product_brand":[],"product_cat":[1546],"product_tag":[1547,1496],"class_list":{"0":"post-19003","1":"product","2":"type-product","3":"status-publish","4":"has-post-thumbnail","6":"product_cat-boom-cylinders","7":"product_tag-boom-cylinders","8":"product_tag-hydraulic-cylinders","10":"first","11":"instock","12":"shipping-taxable","13":"product-type-simple"},"amp_enabled":true,"_links":{"self":[{"href":"https:\/\/www.hydraulic-cylinders.net\/pl\/wp-json\/wp\/v2\/product\/19003","targetHints":{"allow":["GET"]}}],"collection":[{"href":"https:\/\/www.hydraulic-cylinders.net\/pl\/wp-json\/wp\/v2\/product"}],"about":[{"href":"https:\/\/www.hydraulic-cylinders.net\/pl\/wp-json\/wp\/v2\/types\/product"}],"replies":[{"embeddable":true,"href":"https:\/\/www.hydraulic-cylinders.net\/pl\/wp-json\/wp\/v2\/comments?post=19003"}],"wp:featuredmedia":[{"embeddable":true,"href":"https:\/\/www.hydraulic-cylinders.net\/pl\/wp-json\/wp\/v2\/media\/17870"}],"wp:attachment":[{"href":"https:\/\/www.hydraulic-cylinders.net\/pl\/wp-json\/wp\/v2\/media?parent=19003"}],"wp:term":[{"taxonomy":"product_brand","embeddable":true,"href":"https:\/\/www.hydraulic-cylinders.net\/pl\/wp-json\/wp\/v2\/product_brand?post=19003"},{"taxonomy":"product_cat","embeddable":true,"href":"https:\/\/www.hydraulic-cylinders.net\/pl\/wp-json\/wp\/v2\/product_cat?post=19003"},{"taxonomy":"product_tag","embeddable":true,"href":"https:\/\/www.hydraulic-cylinders.net\/pl\/wp-json\/wp\/v2\/product_tag?post=19003"}],"curies":[{"name":"wp","href":"https:\/\/api.w.org\/{rel}","templated":true}]}}