{"id":19004,"date":"2025-04-07T06:06:41","date_gmt":"2025-04-07T06:06:41","guid":{"rendered":"https:\/\/www.hydraulic-cylinders.net\/product\/boom-cylinder-for-doosan-large-excavator-dh320\/"},"modified":"2025-04-07T06:06:44","modified_gmt":"2025-04-07T06:06:44","slug":"boom-cylinder-for-doosan-large-excavator-dh320","status":"publish","type":"product","link":"https:\/\/www.hydraulic-cylinders.net\/pl\/produkt\/boom-cylinder-for-doosan-large-excavator-dh320\/","title":{"rendered":"Si\u0142ownik wysi\u0119gnika do du\u017cej koparki Doosan DH320"},"content":{"rendered":"<h1>Si\u0142ownik wysi\u0119gnika do du\u017cej koparki Doosan DH320<\/h1>\n<h2>Przegl\u0105d cylindra wysi\u0119gnika<\/h2>\n<p>The boom cylinder is a crucial hydraulic component in heavy machinery, specifically designed for controlling the movement of the bucket in various equipment like excavators, backhoe loaders, and front-end loaders. This hydraulic cylinder enables the bucket to lift, lower, and tilt, facilitating efficient material handling operations. The design of a boom cylinder allows for precise control over the bucket&#8217;s actions, making it an integral part of the hydraulic system in construction and agricultural machines.<\/p>\n<p><img decoding=\"async\" src=\"https:\/\/www.hydraulic-cylinders.net\/wp-content\/uploads\/2025\/04\/songte-company-1.webp\" alt=\"Si\u0142ownik wysi\u0119gnika do koparki\" \/><\/p>\n<h2>Cechy cylindra wysi\u0119gnika<\/h2>\n<ul>\n<li><strong>Wysoka wytrzyma\u0142o\u015b\u0107 i trwa\u0142o\u015b\u0107:<\/strong> Zazwyczaj wykonane z wysokowytrzyma\u0142ej stali lub aluminium, te cylindry s\u0105 zaprojektowane tak, aby wytrzymywa\u0107 wysokie ci\u015bnienie i du\u017ce obci\u0105\u017cenia, dzi\u0119ki czemu nadaj\u0105 si\u0119 do pracy w trudnych warunkach. Konstrukcja zapewnia odporno\u015b\u0107 na zu\u017cycie i korozj\u0119, co wyd\u0142u\u017ca ich \u017cywotno\u015b\u0107.<\/li>\n<li><strong>Wydajna praca uk\u0142adu hydraulicznego:<\/strong> Wykorzystanie ci\u015bnienia oleju hydraulicznego pozwala na p\u0142ynne wysuwanie i wsuwanie, zapewniaj\u0105c szybk\u0105 reakcj\u0119 na polecenia steruj\u0105ce i generuj\u0105c du\u017ce si\u0142y pchania i ci\u0105gni\u0119cia, odpowiednie do obs\u0142ugi ci\u0119\u017ckich i skomplikowanych zada\u0144.<\/li>\n<li><strong>R\u00f3\u017cne typy:<\/strong> Dost\u0119pne s\u0105 si\u0142owniki jednostronnego dzia\u0142ania (dzia\u0142aj\u0105ce si\u0142\u0105 hydrauliczn\u0105 w jednym kierunku) i dwustronnego dzia\u0142ania (dzia\u0142aj\u0105ce w obu kierunkach). Niekt\u00f3re modele oferuj\u0105 konstrukcj\u0119 teleskopow\u0105, umo\u017cliwiaj\u0105c\u0105 wi\u0119ksze wysuni\u0119cie bez zwi\u0119kszania wymiar\u00f3w zewn\u0119trznych, co jest idealne w zastosowaniach o ograniczonej przestrzeni.<\/li>\n<li><strong>Personalizacja:<\/strong> Nasze produkty mog\u0105 doskonale zast\u0105pi\u0107 istniej\u0105ce si\u0142owniki hydrauliczne, zapewniaj\u0105c kompatybilno\u015b\u0107 i wydajno\u015b\u0107.<\/li>\n<li><strong>Solidna wydajno\u015b\u0107:<\/strong> Zaprojektowane z my\u015bl\u0105 o niezawodno\u015bci, cylindry te s\u0105 testowane w r\u00f3\u017cnych warunkach, aby zagwarantowa\u0107 optymaln\u0105 wydajno\u015b\u0107 w ka\u017cdym zastosowaniu.<\/li>\n<\/ul>\n<p><img decoding=\"async\" src=\"https:\/\/www.hydraulic-cylinders.net\/wp-content\/uploads\/2025\/04\/songte-cylinder-head-with-all-kinds-excavator-models.webp\" alt=\"Modele koparek\" \/><\/p>\n<h2>Zastosowania cylindra wysi\u0119gnika<\/h2>\n<h3>Sprz\u0119t budowlany<\/h3>\n<p>W koparkach si\u0142owniki wysi\u0119gnika s\u0105 niezb\u0119dne do kopania, za\u0142adunku i przemieszczania gleby lub gruzu. Te si\u0142owniki hydrauliczne zapewniaj\u0105 si\u0142\u0119 niezb\u0119dn\u0105 do penetracji gruntu, umo\u017cliwiaj\u0105c operatorom sprawne nabieranie i transport materia\u0142\u00f3w. Ich funkcjonalno\u015b\u0107 jest kluczowa na placach budowy, gdzie precyzja i moc s\u0105 kluczowe.<\/p>\n<h3>Maszyny rolnicze<\/h3>\n<p>\u0141adowarki czo\u0142owe wykorzystuj\u0105 si\u0142owniki wysi\u0119gnika do nabierania, podnoszenia i transportu gleby, siana i innych materia\u0142\u00f3w. Mo\u017cliwo\u015b\u0107 manipulowania \u0142y\u017ck\u0105 pozwala rolnikom wykonywa\u0107 niezb\u0119dne zadania, takie jak za\u0142adunek paszy, przenoszenie bel i przygotowywanie p\u00f3l do zasiewu, co czyni te si\u0142owniki niezast\u0105pionymi w rolnictwie.<\/p>\n<h3>Koparki<\/h3>\n<p>W koparkach si\u0142ownik wysi\u0119gnika umo\u017cliwia zag\u0142\u0119bianie si\u0119 \u0142y\u017cki w gleb\u0119 podczas kopania. Dzia\u0142anie to jest kluczowe w przypadku r\u00f3\u017cnych zada\u0144, takich jak kopanie row\u00f3w i prace fundamentowe, umo\u017cliwiaj\u0105c precyzyjne wykopy w r\u00f3\u017cnych rodzajach gleby i warunkach.<\/p>\n<h3>\u0141adowarki<\/h3>\n<p>W \u0142adowarkach czo\u0142owych si\u0142owniki wysi\u0119gnika wspomagaj\u0105 efektywne podnoszenie i wysypywanie materia\u0142\u00f3w. Ich konstrukcja zapewnia p\u0142ynn\u0105 prac\u0119, umo\u017cliwiaj\u0105c operatorom sprawne \u0142adowanie ci\u0119\u017car\u00f3wek lub przemieszczanie materia\u0142\u00f3w na placach budowy.<\/p>\n<h2>Zagadnienia projektowe i kryteria wyboru<\/h2>\n<h3>No\u015bno\u015b\u0107<\/h3>\n<p>Przy wyborze si\u0142ownika wysi\u0119gnika kluczowe jest zrozumienie jego ud\u017awigu. Si\u0142ownik musi by\u0107 w stanie ud\u017awign\u0105\u0107 maksymalny ci\u0119\u017car, jaki b\u0119dzie musia\u0142 podnie\u015b\u0107 i przemie\u015bci\u0107, bez ryzyka awarii. Przeci\u0105\u017cenie mo\u017ce prowadzi\u0107 do powa\u017cnych awarii, uszkadzaj\u0105c zar\u00f3wno si\u0142ownik, jak i maszyny, do kt\u00f3rych jest przymocowany. In\u017cynierowie musz\u0105 oceni\u0107 ci\u0119\u017car przenoszonych materia\u0142\u00f3w i wybra\u0107 si\u0142ownik, kt\u00f3ry przekroczy ten limit, aby zapewni\u0107 bezpiecze\u0144stwo i niezawodno\u015b\u0107.<\/p>\n<h3>Skuteczno\u015b\u0107 uszczelniania<\/h3>\n<p>Skuteczne uszczelnienie jest niezb\u0119dne do utrzymania ci\u015bnienia hydraulicznego i zapobiegania wyciekom. Zastosowanie wysokiej jako\u015bci uszczelek, zaprojektowanych tak, aby wytrzyma\u0107 warunki panuj\u0105ce w uk\u0142adzie hydraulicznym, jest kluczowe. Uszczelki wykonane z materia\u0142\u00f3w takich jak poliuretan lub kauczuk nitrylowy zapewniaj\u0105 trwa\u0142o\u015b\u0107 i d\u0142ugowieczno\u015b\u0107, zmniejszaj\u0105c potrzeb\u0119 cz\u0119stej wymiany. Prawid\u0142owe uszczelnienie zwi\u0119ksza r\u00f3wnie\u017c og\u00f3ln\u0105 wydajno\u015b\u0107 uk\u0142adu poprzez minimalizacj\u0119 strat p\u0142ynu.<\/p>\n<h3>Trwa\u0142o\u015b\u0107<\/h3>\n<p>Trwa\u0142o\u015b\u0107 jest kluczowym aspektem konstrukcji cylindra hydraulicznego. Zastosowane materia\u0142y powinny by\u0107 odporne na zu\u017cycie i uszkodzenia mechaniczne. Czynniki takie jak warunki \u015brodowiskowe i nara\u017cenie na dzia\u0142anie substancji chemicznych mog\u0105 wp\u0142ywa\u0107 na \u017cywotno\u015b\u0107 cylindra. Producenci cz\u0119sto stosuj\u0105 obr\u00f3bk\u0119 powierzchni i pow\u0142oki, aby zwi\u0119kszy\u0107 odporno\u015b\u0107 na korozj\u0119 i \u015bcieranie, co jest niezb\u0119dne do utrzymania wydajno\u015bci przez d\u0142ugi czas.<\/p>\n<h3>Funkcje bezpiecze\u0144stwa<\/h3>\n<p>Bezpiecze\u0144stwo jest priorytetem w projektowaniu uk\u0142ad\u00f3w hydraulicznych. Si\u0142owniki wysi\u0119gnika powinny by\u0107 wyposa\u017cone w zabezpieczenia zapobiegaj\u0105ce przypadkowemu ruchowi i zapewniaj\u0105ce bezpieczn\u0105 obs\u0142ug\u0119. Zawory bezpiecze\u0144stwa i mechanizmy dekompresyjne zapobiegaj\u0105 nadmiernemu ci\u015bnieniu, a solidna konstrukcja wytrzymuje nieoczekiwane obci\u0105\u017cenia bez awarii. Zapewnienie zgodno\u015bci wszystkich norm bezpiecze\u0144stwa w procesie produkcji ma kluczowe znaczenie dla zaufania u\u017cytkownika.<\/p>\n<h3>Utrzymywalno\u015b\u0107<\/h3>\n<p>Projektowanie z my\u015bl\u0105 o \u0142atwo\u015bci konserwacji jest kluczowe dla zapewnienia trwa\u0142o\u015bci cylindr\u00f3w hydraulicznych. Powinny by\u0107 one \u0142atwo dost\u0119pne w celu kontroli, serwisowania i napraw. Konstrukcja powinna umo\u017cliwia\u0107 \u0142atw\u0105 wymian\u0119 uszczelnie\u0144 i innych element\u00f3w podlegaj\u0105cych zu\u017cyciu, bez konieczno\u015bci rozleg\u0142ego demonta\u017cu. Regularne kontrole konserwacyjne mog\u0105 pom\u00f3c w identyfikacji potencjalnych problem\u00f3w, zanim si\u0119 nasil\u0105, co ostatecznie pozwoli zaoszcz\u0119dzi\u0107 koszty i skr\u00f3ci\u0107 przestoje.<\/p>\n<p><img decoding=\"async\" src=\"https:\/\/www.hydraulic-cylinders.net\/wp-content\/uploads\/2025\/04\/songte-oil-pipes-and-spare-parts.webp\" alt=\"Elementy hydrauliczne\" \/><\/p>\n<h2>Uszczelnianie i smarowanie<\/h2>\n<p>Wydajno\u015b\u0107 si\u0142ownika wysi\u0119gnika w du\u017cej mierze zale\u017cy od skutecznego uszczelnienia i smarowania. R\u00f3\u017cne uszczelnienia, takie jak uszczelnienia t\u0142oka i t\u0142oczyska, odgrywaj\u0105 kluczow\u0105 rol\u0119 w utrzymaniu ci\u015bnienia hydraulicznego w uk\u0142adzie. Wyb\u00f3r uszczelnie\u0144 wykonanych z trwa\u0142ych materia\u0142\u00f3w, takich jak poliuretan i kauczuk nitrylowy, zwi\u0119ksza odporno\u015b\u0107 na zu\u017cycie i \u017cywotno\u015b\u0107.<\/p>\n<p>Ponadto korpus cylindra i gwintowane ko\u0144c\u00f3wki powinny zosta\u0107 poddane precyzyjnej obr\u00f3bce mechanicznej, aby zwi\u0119kszy\u0107 odporno\u015b\u0107 na zu\u017cycie, zapewni\u0107 lepsze dopasowanie i zmniejszy\u0107 ryzyko wyciek\u00f3w. Regularne smarowanie olejem hydraulicznym jest niezb\u0119dne dla zapewnienia p\u0142ynnej pracy i zapobiegania zu\u017cyciu. Operatorzy musz\u0105 przestrzega\u0107 harmonogramu uzupe\u0142niania oleju, aby zapewni\u0107 optymaln\u0105 wydajno\u015b\u0107 i d\u0142ug\u0105 \u017cywotno\u015b\u0107 uk\u0142adu hydraulicznego.<\/p>\n<h2>Regularne kontrole i \u015brodki konserwacji zapobiegawczej<\/h2>\n<ul>\n<li><strong>Rutynowe kontrole:<\/strong> Regularnie sprawdzaj si\u0142ownik wysi\u0119gnika pod k\u0105tem oznak zu\u017cycia, wyciek\u00f3w lub uszkodze\u0144. Pomaga to wcze\u015bnie wykry\u0107 problemy, umo\u017cliwiaj\u0105c terminowe naprawy i minimalizuj\u0105c przestoje.<\/li>\n<li><strong>Prawid\u0142owe smarowanie:<\/strong> Upewnij si\u0119, \u017ce poziom oleju hydraulicznego jest prawid\u0142owy i odpowiedni do warunk\u00f3w pracy. Regularnie sprawdzaj jako\u015b\u0107 oleju i wymieniaj go w razie potrzeby, aby zapewni\u0107 sprawne dzia\u0142anie.<\/li>\n<li><strong>Wymiana uszczelki:<\/strong> Okresowa wymiana uszczelek pomaga utrzyma\u0107 integralno\u015b\u0107 uk\u0142adu hydraulicznego. Monitoruj stan uszczelek i wymieniaj je przy pierwszych oznakach zu\u017cycia, aby unikn\u0105\u0107 wyciek\u00f3w.<\/li>\n<\/ul>\n<h2>Wytyczne dotycz\u0105ce instalacji<\/h2>\n<p>Prawid\u0142owy monta\u017c si\u0142ownika wysi\u0119gnika ma kluczowe znaczenie dla optymalnej wydajno\u015bci. Najpierw upewnij si\u0119, \u017ce wszystkie elementy s\u0105 czyste i wolne od zanieczyszcze\u0144. Wyr\u00f3wnaj si\u0142ownik z uchwytami monta\u017cowymi, upewniaj\u0105c si\u0119, \u017ce jest on bezpiecznie zamocowany. U\u017cyj odpowiednich uchwyt\u00f3w monta\u017cowych, aby ustabilizowa\u0107 si\u0142ownik podczas pracy.<\/p>\n<p>Upewnij si\u0119, \u017ce wszystkie po\u0142\u0105czenia hydrauliczne s\u0105 szczelne, aby zapobiec wyciekom, oraz \u017ce u\u017cywany jest odpowiedni p\u0142yn hydrauliczny. Po monta\u017cu przeprowad\u017a test funkcjonalny, aby sprawdzi\u0107 szczelno\u015b\u0107 i upewni\u0107 si\u0119, \u017ce si\u0142ownik dzia\u0142a p\u0142ynnie. Regularnie monitoruj instalacj\u0119 pod k\u0105tem oznak zu\u017cycia lub niewsp\u00f3\u0142osiowo\u015bci, kt\u00f3re mog\u0105 mie\u0107 wp\u0142yw na wydajno\u015b\u0107 i bezpiecze\u0144stwo.<\/p>\n<h2>Typowe zadania konserwacyjne<\/h2>\n<h3>Regularne kontrole<\/h3>\n<p>Regularne kontrole s\u0105 kluczowe dla zapewnienia trwa\u0142o\u015bci si\u0142ownika wysi\u0119gnika. Sprawd\u017a, czy nie ma \u015blad\u00f3w zu\u017cycia, korozji lub uszkodze\u0144. Wczesne wykrycie problem\u00f3w mo\u017ce zapobiec powa\u017cniejszym problemom w przysz\u0142o\u015bci, oszcz\u0119dzaj\u0105c czas i koszty zwi\u0105zane z naprawami. Sprawd\u017a szczelno\u015b\u0107 punkt\u00f3w mocowania i upewnij si\u0119, \u017ce nie ma wyciek\u00f3w w po\u0142\u0105czeniach hydraulicznych.<\/p>\n<h3>Prawid\u0142owe smarowanie<\/h3>\n<p>Utrzymanie prawid\u0142owego smarowania jest kluczowe dla p\u0142ynnej pracy cylindr\u00f3w hydraulicznych. Regularnie sprawdzaj poziom p\u0142ynu hydraulicznego i uzupe\u0142niaj go w razie potrzeby. Stosowanie odpowiedniego rodzaju oleju hydraulicznego zapewni wydajn\u0105 prac\u0119 cylindra i zminimalizuje zu\u017cycie element\u00f3w wewn\u0119trznych. Zaniedbanie smarowania mo\u017ce prowadzi\u0107 do zwi\u0119kszonego tarcia i przedwczesnej awarii cylindra.<\/p>\n<h3>Wymiana uszczelki i kontrola kalibracji<\/h3>\n<p>Wymiana uszczelek w ramach rutynowej konserwacji jest niezb\u0119dna, aby zapobiec wyciekom. Podczas kontroli nale\u017cy oceni\u0107 stan uszczelek i wymieni\u0107 je, je\u015bli wykazuj\u0105 oznaki zu\u017cycia. Kontrole kalibracyjne zapewniaj\u0105, \u017ce si\u0142ownik pracuje w okre\u015blonych parametrach, co pozwala na wydajn\u0105 i bezpieczn\u0105 prac\u0119. Nale\u017cy zwr\u00f3ci\u0107 uwag\u0119 na wszelkie nieprawid\u0142owo\u015bci w dzia\u0142aniu, kt\u00f3re mog\u0105 wskazywa\u0107 na konieczno\u015b\u0107 ponownej kalibracji.<\/p>\n<p><img decoding=\"async\" src=\"https:\/\/www.hydraulic-cylinders.net\/wp-content\/uploads\/2025\/04\/songte-chushion-collar.webp\" alt=\"Komponenty konserwacyjne\" \/><\/p>\n<h2>Zagadnienia bezpiecze\u0144stwa i czynniki \u015brodowiskowe<\/h2>\n<p>Podczas korzystania z si\u0142ownik\u00f3w wysi\u0119gnika, \u015brodki bezpiecze\u0144stwa musz\u0105 by\u0107 priorytetem, aby chroni\u0107 operator\u00f3w i sprz\u0119t. Upewnij si\u0119, \u017ce wszyscy operatorzy s\u0105 przeszkoleni w zakresie prawid\u0142owego u\u017cytkowania uk\u0142ad\u00f3w hydraulicznych i rozumiej\u0105 potencjalne zagro\u017cenia z nimi zwi\u0105zane. Wdra\u017caj protoko\u0142y bezpiecze\u0144stwa, aby ograniczy\u0107 zagro\u017cenia, takie jak przeci\u0105\u017cenie i niew\u0142a\u015bciwa obs\u0142uga sprz\u0119tu.<\/p>\n<p>Dodatkowo, podczas eksploatacji nale\u017cy bra\u0107 pod uwag\u0119 czynniki \u015brodowiskowe. Nale\u017cy zadba\u0107 o odpowiedzialne obchodzenie si\u0119 z p\u0142ynami hydraulicznymi, aby zapobiec wyciekom i wyciekom, kt\u00f3re mog\u0105 by\u0107 szkodliwe dla \u015brodowiska. Regularna konserwacja i przegl\u0105dy mog\u0105 pom\u00f3c zminimalizowa\u0107 ryzyko zanieczyszczenia \u015brodowiska i zapewni\u0107 zgodno\u015b\u0107 z przepisami bezpiecze\u0144stwa.<\/p>\n<h2>Diagnostyka usterek i typowe problemy<\/h2>\n<ul>\n<li><strong>Przeciek:<\/strong> Jednym z najcz\u0119stszych problem\u00f3w z si\u0142ownikami hydraulicznymi jest wyciek, cz\u0119sto spowodowany zu\u017cyciem uszczelek lub nieprawid\u0142owym monta\u017cem. Regularnie sprawdzaj stan uszczelek i wymieniaj je w razie potrzeby, aby zapobiec utracie p\u0142ynu.<\/li>\n<li><strong>Powolna praca:<\/strong> Je\u015bli cylinder pracuje powoli, mo\u017ce to oznacza\u0107 niski poziom p\u0142ynu hydraulicznego lub zapowietrzenie uk\u0142adu. Sprawd\u017a poziom p\u0142ynu i odpowietrz uk\u0142ad, aby usun\u0105\u0107 uwi\u0119zione powietrze.<\/li>\n<li><strong>Nadmierny ha\u0142as:<\/strong> Nietypowe odg\u0142osy podczas pracy mog\u0105 sygnalizowa\u0107 problemy mechaniczne lub niedostateczne smarowanie. Sprawd\u017a zu\u017cycie i upewnij si\u0119, \u017ce wszystkie podzespo\u0142y s\u0105 odpowiednio nasmarowane.<\/li>\n<\/ul>\n<h2>Wskaz\u00f3wki dotycz\u0105ce rozwi\u0105zywania problem\u00f3w<\/h2>\n<p>Aby skutecznie zdiagnozowa\u0107 i rozwi\u0105za\u0107 problemy z si\u0142ownikami wysi\u0119gnika, nale\u017cy rozpocz\u0105\u0107 od dok\u0142adnej kontroli wszystkich podzespo\u0142\u00f3w. Nale\u017cy zidentyfikowa\u0107 wszelkie widoczne \u015blady zu\u017cycia, uszkodze\u0144 lub niewsp\u00f3\u0142osiowo\u015bci. Wymie\u0144 zu\u017cyte uszczelki i upewnij si\u0119, \u017ce wszystkie po\u0142\u0105czenia hydrauliczne s\u0105 bezpieczne.<\/p>\n<p>Aby zapobiec przysz\u0142ym problemom, wprowad\u017a regularn\u0105 rutyn\u0119 konserwacji, obejmuj\u0105c\u0105 kontrol\u0119 szczelno\u015bci, prawid\u0142owe smarowanie i inspekcj\u0119 uszczelnie\u0144. Przeka\u017c operatorom wiedz\u0119 na temat znaczenia wczesnego rozpoznawania oznak problem\u00f3w i szybkiego reagowania na nie, aby zminimalizowa\u0107 przestoje i potencjalne uszkodzenia.<\/p>\n<p><img decoding=\"async\" src=\"https:\/\/www.hydraulic-cylinders.net\/wp-content\/uploads\/2025\/04\/songte-bushings-with-all-kinds-of-excavator-models.webp\" alt=\"Tuleje do koparek\" \/><\/p>\n<h2>O naszej firmie<\/h2>\n<p>Jeste\u015bmy wiod\u0105cym producentem cz\u0119\u015bci zamiennych do si\u0142ownik\u00f3w hydraulicznych, oferuj\u0105cym szerok\u0105 gam\u0119 produkt\u00f3w, zar\u00f3wno na rynku krajowym, jak i mi\u0119dzynarodowym. Nasze zaanga\u017cowanie w najwy\u017csz\u0105 jako\u015b\u0107, w po\u0142\u0105czeniu z dopracowan\u0105 strategi\u0105 produkcyjn\u0105, pozwala nam skutecznie zaspokaja\u0107 zr\u00f3\u017cnicowane potrzeby klient\u00f3w.<\/p>\n<p>Nasz zak\u0142ad produkcyjny jest wyposa\u017cony w zaawansowan\u0105 technologi\u0119 i zatrudnia wykwalifikowanych specjalist\u00f3w, kt\u00f3rzy stale udoskonalaj\u0105 nasz\u0105 platform\u0119 produkcyjn\u0105 i zapewniaj\u0105 wysok\u0105 jako\u015b\u0107 procesu produkcyjnego. Jeste\u015bmy dumni z naszej zdolno\u015bci do zapewniania wysokiej wydajno\u015bci, precyzji i jako\u015bci, co umacnia nasz\u0105 pozycj\u0119 zaufanego partnera w bran\u017cy cylindr\u00f3w hydraulicznych.<\/p>\n<p>Z dum\u0105 oferujemy r\u00f3wnie\u017c rozwi\u0105zania dostosowane do indywidualnych potrzeb, gwarantuj\u0105c, \u017ce nasze produkty spe\u0142niaj\u0105 wyj\u0105tkowe potrzeby naszych klient\u00f3w. Dzi\u0119ki mi\u0119dzynarodowym certyfikatom i solidnej obs\u0142udze posprzeda\u017cowej jeste\u015bmy gotowi wspiera\u0107 naszych klient\u00f3w przez ca\u0142y okres korzystania z naszych produkt\u00f3w.<\/p>\n<p><img decoding=\"async\" src=\"https:\/\/www.hydraulic-cylinders.net\/wp-content\/uploads\/2025\/04\/songte-company-4.webp\" alt=\"Przegl\u0105d firmy\" \/><\/p>\n<p><img decoding=\"async\" src=\"https:\/\/www.hydraulic-cylinders.net\/wp-content\/uploads\/2025\/04\/songte-company-3.webp\" alt=\"Zak\u0142ad produkcyjny\" \/><\/p>\n<p>Autor: lyl<\/p>","protected":false},"excerpt":{"rendered":"<p>Boom Cylinder For Doosan Large Excavator DH320 Overview of Boom Cylinder The boom cylinder is a crucial hydraulic component in heavy machinery, specifically designed for controlling the movement of the bucket in various equipment like excavators, backhoe loaders, and front-end loaders. This hydraulic cylinder enables the bucket to lift, lower, and tilt, facilitating efficient material [&hellip;]<\/p>","protected":false},"featured_media":17871,"comment_status":"open","ping_status":"closed","template":"","meta":{"_et_pb_use_builder":"","_et_pb_old_content":"","_et_gb_content_width":""},"product_brand":[],"product_cat":[1546],"product_tag":[1547,1496],"class_list":{"0":"post-19004","1":"product","2":"type-product","3":"status-publish","4":"has-post-thumbnail","6":"product_cat-boom-cylinders","7":"product_tag-boom-cylinders","8":"product_tag-hydraulic-cylinders","10":"first","11":"instock","12":"shipping-taxable","13":"product-type-simple"},"amp_enabled":true,"_links":{"self":[{"href":"https:\/\/www.hydraulic-cylinders.net\/pl\/wp-json\/wp\/v2\/product\/19004","targetHints":{"allow":["GET"]}}],"collection":[{"href":"https:\/\/www.hydraulic-cylinders.net\/pl\/wp-json\/wp\/v2\/product"}],"about":[{"href":"https:\/\/www.hydraulic-cylinders.net\/pl\/wp-json\/wp\/v2\/types\/product"}],"replies":[{"embeddable":true,"href":"https:\/\/www.hydraulic-cylinders.net\/pl\/wp-json\/wp\/v2\/comments?post=19004"}],"wp:featuredmedia":[{"embeddable":true,"href":"https:\/\/www.hydraulic-cylinders.net\/pl\/wp-json\/wp\/v2\/media\/17871"}],"wp:attachment":[{"href":"https:\/\/www.hydraulic-cylinders.net\/pl\/wp-json\/wp\/v2\/media?parent=19004"}],"wp:term":[{"taxonomy":"product_brand","embeddable":true,"href":"https:\/\/www.hydraulic-cylinders.net\/pl\/wp-json\/wp\/v2\/product_brand?post=19004"},{"taxonomy":"product_cat","embeddable":true,"href":"https:\/\/www.hydraulic-cylinders.net\/pl\/wp-json\/wp\/v2\/product_cat?post=19004"},{"taxonomy":"product_tag","embeddable":true,"href":"https:\/\/www.hydraulic-cylinders.net\/pl\/wp-json\/wp\/v2\/product_tag?post=19004"}],"curies":[{"name":"wp","href":"https:\/\/api.w.org\/{rel}","templated":true}]}}