{"id":19026,"date":"2025-04-07T06:07:45","date_gmt":"2025-04-07T06:07:45","guid":{"rendered":"https:\/\/www.hydraulic-cylinders.net\/product\/boom-cylinder-for-hyundai-small-excavator-r130-5\/"},"modified":"2025-04-07T06:07:47","modified_gmt":"2025-04-07T06:07:47","slug":"boom-cylinder-for-hyundai-small-excavator-r130-5","status":"publish","type":"product","link":"https:\/\/www.hydraulic-cylinders.net\/pl\/produkt\/boom-cylinder-for-hyundai-small-excavator-r130-5\/","title":{"rendered":"Si\u0142ownik wysi\u0119gnika do ma\u0142ej koparki Hyundai R130-5"},"content":{"rendered":"<h1>Si\u0142ownik wysi\u0119gnika do ma\u0142ej koparki Hyundai R130-5<\/h1>\n<h2>Przegl\u0105d produktu<\/h2>\n<p>Si\u0142ownik wysi\u0119gnika do ma\u0142ej koparki Hyundai R130-5 to kluczowy element hydrauliczny zaprojektowany specjalnie do koparek. Ten si\u0142ownik hydrauliczny odgrywa kluczow\u0105 rol\u0119 w sterowaniu ruchem ramienia wysi\u0119gnika, umo\u017cliwiaj\u0105c precyzyjne podnoszenie, opuszczanie i przechylanie, niezb\u0119dne przy r\u00f3\u017cnych zadaniach zwi\u0105zanych z prze\u0142adunkiem materia\u0142\u00f3w. Si\u0142ownik wysi\u0119gnika jest integraln\u0105 cz\u0119\u015bci\u0105 uk\u0142adu hydraulicznego, kt\u00f3ry wykorzystuje ci\u015bnienie p\u0142ynu, aby umo\u017cliwi\u0107 wydajn\u0105 prac\u0119 ci\u0119\u017ckiego sprz\u0119tu.<\/p>\n<p><img decoding=\"async\" src=\"https:\/\/www.hydraulic-cylinders.net\/wp-content\/uploads\/2025\/04\/songte-company-1.webp\" alt=\"Si\u0142ownik wysi\u0119gnika\" \/><\/p>\n<h3>Funkcjonalno\u015b\u0107 i zastosowania<\/h3>\n<p>Si\u0142ownik \u0142y\u017cki, rodzaj si\u0142ownika hydraulicznego, zosta\u0142 specjalnie zaprojektowany do sterowania ruchem \u0142y\u017cki w ci\u0119\u017ckich maszynach, takich jak koparki, koparko-\u0142adowarki i \u0142adowarki czo\u0142owe. U\u0142atwia on podnoszenie, opuszczanie i przechylanie \u0142y\u017cki, usprawniaj\u0105c w ten spos\u00f3b proces transportu materia\u0142\u00f3w na placach budowy lub w rolnictwie. Precyzyjna kontrola oferowana przez si\u0142ownik wysi\u0119gnika pozwala operatorom na wydajne wykonywanie zada\u0144, od kopania po za\u0142adunek, co czyni go niezb\u0119dnym elementem nowoczesnych uk\u0142ad\u00f3w hydraulicznych.<\/p>\n<h2>G\u0142\u00f3wne cechy<\/h2>\n<ul>\n<li><strong>Wysoka wytrzyma\u0142o\u015b\u0107 i trwa\u0142o\u015b\u0107:<\/strong> Wykonane z wytrzyma\u0142ej stali lub aluminium cylindry te zaprojektowano tak, aby wytrzymywa\u0142y wysokie ci\u015bnienie i du\u017ce obci\u0105\u017cenia, gwarantuj\u0105c wydajno\u015b\u0107 w trudnych warunkach pracy.<\/li>\n<li><strong>Wydajna praca uk\u0142adu hydraulicznego:<\/strong> Wykorzystuj\u0105c ci\u015bnienie p\u0142ynu hydraulicznego, si\u0142ownik wysi\u0119gnika umo\u017cliwia p\u0142ynne wysuwanie i wsuwanie, szybko reaguje na polecenia operatora i wytwarza znaczn\u0105 si\u0142\u0119 pchania i ci\u0105gni\u0119cia.<\/li>\n<li><strong>R\u00f3\u017cne typy cylindr\u00f3w:<\/strong> Dost\u0119pne jako cylindry jednostronnego dzia\u0142ania (dzia\u0142aj\u0105ce w jednym kierunku) lub dwustronnego dzia\u0142ania (dzia\u0142aj\u0105ce w obu kierunkach), przy czym niekt\u00f3re modele s\u0105 zaprojektowane jako teleskopowe, co zapewnia wi\u0119kszy zasi\u0119g bez konieczno\u015bci zajmowania dodatkowej przestrzeni.<\/li>\n<li><strong>Produkcja niestandardowa:<\/strong> Nasze produkty mog\u0105 z powodzeniem zast\u0105pi\u0107 r\u00f3\u017cne si\u0142owniki hydrauliczne, zapewniaj\u0105c kompatybilno\u015b\u0107 i wydajno\u015b\u0107 r\u00f3\u017cnych modeli koparek.<\/li>\n<li><strong>Trwa\u0142o\u015b\u0107 i niezawodno\u015b\u0107:<\/strong> Zaprojektowane z my\u015bl\u0105 o odporno\u015bci na zu\u017cycie i ochronie przed korozj\u0105, maksymalizuj\u0105c \u017cywotno\u015b\u0107 cylindra w wymagaj\u0105cych warunkach.<\/li>\n<\/ul>\n<p><img decoding=\"async\" src=\"https:\/\/www.hydraulic-cylinders.net\/wp-content\/uploads\/2025\/04\/songte-cylinder-head-with-all-kinds-excavator-models.webp\" alt=\"Wymiana cylindra\" \/><\/p>\n<h2>Aplikacje<\/h2>\n<h3>Sprz\u0119t budowlany<\/h3>\n<p>W sprz\u0119cie budowlanym si\u0142ownik wysi\u0119gnika jest integraln\u0105 cz\u0119\u015bci\u0105 koparek, gdzie jest niezb\u0119dny do kopania, za\u0142adunku i przemieszczania ziemi lub gruzu. Umo\u017cliwia operatorowi kontrol\u0119 g\u0142\u0119boko\u015bci i k\u0105ta nachylenia \u0142y\u017cki, co pozwala na precyzyjne wykopy. W koparko-\u0142adowarkach si\u0142ownik \u0142y\u017cki u\u0142atwia zar\u00f3wno kopanie, jak i podnoszenie, dzi\u0119ki czemu jest wszechstronny w r\u00f3\u017cnych zadaniach budowlanych.<\/p>\n<h3>Maszyny rolnicze<\/h3>\n<p>W maszynach rolniczych si\u0142ownik wysi\u0119gnika jest niezb\u0119dny w \u0142adowarkach czo\u0142owych, kt\u00f3re s\u0142u\u017c\u0105 do nabierania, podnoszenia i transportu gleby, siana i innych materia\u0142\u00f3w. Sterowanie hydrauliczne zapewniane przez si\u0142ownik wysi\u0119gnika umo\u017cliwia sprawne przenoszenie ci\u0119\u017ckich \u0142adunk\u00f3w, zwi\u0119kszaj\u0105c wydajno\u015b\u0107 w gospodarstwach rolnych.<\/p>\n<h3>Koparki<\/h3>\n<p>W przypadku koparek, si\u0142ownik \u0142y\u017cki umo\u017cliwia jej penetracj\u0119 w g\u0142\u0105b gruntu, umo\u017cliwiaj\u0105c efektywne kopanie. Ta funkcjonalno\u015b\u0107 jest kluczowa w projektach budowlanych, ogrodniczych i rob\u00f3t ziemnych, gdzie precyzja jest kluczowa.<\/p>\n<h3>\u0141adowarki<\/h3>\n<p>W \u0142adowarkach czo\u0142owych cylindry te wspomagaj\u0105 efektywne podnoszenie i zrzucanie \u0142adunk\u00f3w. Umo\u017cliwiaj\u0105 szybkie i wydajne przenoszenie materia\u0142\u00f3w, co jest niezb\u0119dne w zastosowaniach budowlanych i przemys\u0142owych.<\/p>\n<h2>Rozwa\u017cania projektowe<\/h2>\n<h3>No\u015bno\u015b\u0107<\/h3>\n<p>Ud\u017awig si\u0142ownika wysi\u0119gnika jest kluczowym czynnikiem konstrukcyjnym. Wyb\u00f3r odpowiedniego si\u0142ownika wymaga zrozumienia maksymalnego ci\u0119\u017caru, jaki b\u0119dzie on w stanie podnie\u015b\u0107, oraz ci\u015bnienia roboczego uk\u0142adu hydraulicznego. \u2026<\/p>\n<h3>Opiecz\u0119towanie<\/h3>\n<p>Skuteczne uszczelnienie jest kluczowe dla utrzymania ci\u015bnienia hydraulicznego i zapobiegania wyciekom p\u0142ynu. Wyb\u00f3r uszczelnie\u0144, w tym uszczelnie\u0144 t\u0142okowych i t\u0142oczyskowych, musi by\u0107 dokonany w zale\u017cno\u015bci od zastosowania, aby zapewni\u0107 trwa\u0142o\u015b\u0107 i niezawodno\u015b\u0107 pod ci\u015bnieniem. \u2026<\/p>\n<h3>Trwa\u0142o\u015b\u0107<\/h3>\n<p>Trwa\u0142o\u015b\u0107 wi\u0105\u017ce si\u0119 z u\u017cyciem wysokiej jako\u015bci materia\u0142\u00f3w, kt\u00f3re s\u0105 odporne na zu\u017cycie i zu\u017cycie w miar\u0119 up\u0142ywu czasu. Czynniki takie jak odporno\u015b\u0107 na korozj\u0119 i \u015bcieranie s\u0105 niezb\u0119dne dla zapewnienia d\u0142ugiej \u017cywotno\u015bci, szczeg\u00f3lnie w trudnych warunkach. \u2026<\/p>\n<h3>Bezpiecze\u0144stwo<\/h3>\n<p>Kwestie bezpiecze\u0144stwa obejmuj\u0105 zaprojektowanie cylindra tak, aby wytrzymywa\u0142 przeci\u0105\u017cenia i posiada\u0142 wbudowane zabezpieczenia zapobiegaj\u0105ce powa\u017cnym awariom. Regularne przegl\u0105dy i konserwacja s\u0105 kluczowe dla zapewnienia ci\u0105g\u0142ego bezpiecze\u0144stwa eksploatacji. \u2026<\/p>\n<h3>Utrzymywalno\u015b\u0107<\/h3>\n<p>Projektowanie z my\u015bl\u0105 o \u0142atwo\u015bci konserwacji oznacza tworzenie cylindr\u00f3w, kt\u00f3re mo\u017cna \u0142atwo serwisowa\u0107 i naprawia\u0107. Obejmuje to uwzgl\u0119dnienie dost\u0119pno\u015bci i dost\u0119pno\u015bci cz\u0119\u015bci zamiennych, co zapewnia sprawn\u0105 konserwacj\u0119. \u2026<\/p>\n<p><img decoding=\"async\" src=\"https:\/\/www.hydraulic-cylinders.net\/wp-content\/uploads\/2025\/04\/songte-oil-pipes-and-spare-parts.webp\" alt=\"Komponenty cylindr\u00f3w hydraulicznych\" \/><\/p>\n<h2>Uszczelnianie i smarowanie<\/h2>\n<p>Skuteczne uszczelnienie i smarowanie maj\u0105 kluczowe znaczenie dla wydajno\u015bci cylindra hydraulicznego. R\u00f3\u017cne uszczelnienia, takie jak uszczelnienia t\u0142oka i t\u0142oczyska, zapewniaj\u0105 szczelno\u015b\u0107 i zapobiegaj\u0105 wyciekom oleju. Uszczelnienia s\u0105 zazwyczaj wykonane z trwa\u0142ych materia\u0142\u00f3w, takich jak poliuretan i kauczuk nitrylowy, kt\u00f3re zapewniaj\u0105 odporno\u015b\u0107 na zu\u017cycie i wytrzymuj\u0105 ci\u015bnienie w uk\u0142adzie. Korpus cylindra i gwintowane ko\u0144c\u00f3wki s\u0105 poddawane precyzyjnej obr\u00f3bce, co zwi\u0119ksza odporno\u015b\u0107 na zu\u017cycie. Regularne smarowanie olejem hydraulicznym jest niezb\u0119dne, aby zapewni\u0107 p\u0142ynn\u0105 prac\u0119 i zminimalizowa\u0107 tarcie. Utrzymywanie odpowiedniego poziomu oleju i sprawdzanie jego zanieczyszczenia jest kluczowe dla wyd\u0142u\u017cenia \u017cywotno\u015bci cylindra hydraulicznego. Prawid\u0142owe smarowanie nie tylko poprawia wydajno\u015b\u0107, ale tak\u017ce zmniejsza zu\u017cycie element\u00f3w wewn\u0119trznych, zapewniaj\u0105c sta\u0142\u0105 funkcjonalno\u015b\u0107 przez d\u0142ugi czas.<\/p>\n<h2>Regularne praktyki konserwacyjne<\/h2>\n<ul>\n<li><strong>Cz\u0119ste kontrole:<\/strong> Regularne kontrole pod k\u0105tem wyciek\u00f3w, zu\u017cycia i og\u00f3lnego stanu s\u0105 niezb\u0119dne do identyfikacji potencjalnych problem\u00f3w, zanim si\u0119 nasil\u0105. Prowadzenie dokumentacji przegl\u0105d\u00f3w mo\u017ce pom\u00f3c w \u015bledzeniu harmonogram\u00f3w konserwacji.<\/li>\n<li><strong>Prawid\u0142owe smarowanie:<\/strong> Zapewnienie odpowiedniego smarowania cylindra, zgodnie z zaleceniami producenta, jest kluczowe dla p\u0142ynnej pracy. Wi\u0105\u017ce si\u0119 to z kontrol\u0105 poziomu oleju i stosowaniem w\u0142a\u015bciwego rodzaju oleju hydraulicznego.<\/li>\n<li><strong>Wymiana uszczelki:<\/strong> Z biegiem czasu uszczelki mog\u0105 si\u0119 zu\u017cywa\u0107 i wymaga\u0107 wymiany, aby utrzyma\u0107 szczelno\u015b\u0107. Regularnie sprawdzaj uszczelki pod k\u0105tem \u015blad\u00f3w zu\u017cycia lub uszkodze\u0144 i wymieniaj je w razie potrzeby, aby zapobiec wyciekom.<\/li>\n<\/ul>\n<h2>Wytyczne dotycz\u0105ce instalacji<\/h2>\n<p>Prawid\u0142owy monta\u017c si\u0142ownika wysi\u0119gnika ma kluczowe znaczenie dla optymalnej wydajno\u015bci. Na pocz\u0105tek upewnij si\u0119, \u017ce miejsce pracy jest czyste i wolne od zanieczyszcze\u0144. Prawid\u0142owe ustawienie si\u0142ownika jest kluczowe; u\u017cyj odpowiednich wspornik\u00f3w monta\u017cowych, aby zabezpieczy\u0107 si\u0142ownik na miejscu. Podczas monta\u017cu nale\u017cy przestrzega\u0107 zalece\u0144 producenta dotycz\u0105cych momentu obrotowego. Przed uruchomieniem maszyny nale\u017cy upewni\u0107 si\u0119, \u017ce przewody hydrauliczne s\u0105 prawid\u0142owo pod\u0142\u0105czone i sprawdzi\u0107, czy nie ma ewentualnych wyciek\u00f3w. Wa\u017cne jest r\u00f3wnie\u017c, aby zala\u0107 uk\u0142ad hydrauliczny zgodnie z wytycznymi, aby usun\u0105\u0107 wszelkie p\u0119cherzyki powietrza, kt\u00f3re mog\u0105 wp\u0142ywa\u0107 na wydajno\u015b\u0107. Po monta\u017cu nale\u017cy przeprowadzi\u0107 test funkcjonalny, aby upewni\u0107 si\u0119, \u017ce wszystko dzia\u0142a prawid\u0142owo.<\/p>\n<h2>Typowe zadania konserwacyjne<\/h2>\n<h3>Regularne kontrole<\/h3>\n<p>Regularne kontrole s\u0105 niezb\u0119dne do utrzymania wydajno\u015bci cylindr\u00f3w hydraulicznych. Obejmuj\u0105 one sprawdzanie szczelno\u015bci, sprawdzanie uszczelnie\u0144 i ocen\u0119 og\u00f3lnego stanu cylindra. Prowadzenie dokumentacji z tych kontroli mo\u017ce pom\u00f3c w identyfikacji wzorc\u00f3w lub powtarzaj\u0105cych si\u0119 problem\u00f3w, umo\u017cliwiaj\u0105c proaktywn\u0105 konserwacj\u0119.<\/p>\n<h3>Odpowiednie smarowanie<\/h3>\n<p>Prawid\u0142owe smarowanie ma kluczowe znaczenie dla trwa\u0142o\u015bci si\u0142ownika wysi\u0119gnika. Nale\u017cy stosowa\u0107 odpowiedni rodzaj oleju hydraulicznego i regularnie go uzupe\u0142nia\u0107. Odpowiednie smarowanie minimalizuje tarcie i zu\u017cycie, zapewniaj\u0105c p\u0142ynn\u0105 prac\u0119 uk\u0142adu hydraulicznego. Nale\u017cy regularnie przeprowadza\u0107 kontrole, aby utrzyma\u0107 odpowiedni poziom oleju i zapewni\u0107 jego czysto\u015b\u0107, zapobiegaj\u0105c zanieczyszczeniom.<\/p>\n<h3>Wymiana uszczelek i kontrola kalibracji<\/h3>\n<p>Z biegiem czasu uszczelki mog\u0105 ulec degradacji i wymaga\u0107 wymiany, aby zapobiec wyciekom i utrzyma\u0107 ci\u015bnienie hydrauliczne. Regularnie sprawdzaj uszczelki pod k\u0105tem \u015blad\u00f3w zu\u017cycia i wymieniaj je w razie potrzeby. Kontrole kalibracji s\u0105 r\u00f3wnie\u017c wa\u017cne, aby upewni\u0107 si\u0119, \u017ce si\u0142ownik dzia\u0142a zgodnie z zaprojektowanymi parametrami. Prawid\u0142owa regulacja i ponowna kalibracja mog\u0105 zapobiec problemom eksploatacyjnym i poprawi\u0107 wydajno\u015b\u0107.<\/p>\n<p><img decoding=\"async\" src=\"https:\/\/www.hydraulic-cylinders.net\/wp-content\/uploads\/2025\/04\/songte-chushion-collar.webp\" alt=\"Konserwacja cylindr\u00f3w hydraulicznych\" \/><\/p>\n<h2>Zagadnienia bezpiecze\u0144stwa i czynniki \u015brodowiskowe<\/h2>\n<p>Podczas obs\u0142ugi sprz\u0119tu hydraulicznego niezb\u0119dne jest wdro\u017cenie \u015brodk\u00f3w bezpiecze\u0144stwa. Operatorzy powinni zosta\u0107 przeszkoleni w zakresie prawid\u0142owego u\u017cytkowania sprz\u0119tu oraz zagro\u017ce\u0144 zwi\u0105zanych z systemami hydraulicznymi. Regularne audyty bezpiecze\u0144stwa mog\u0105 pom\u00f3c w identyfikacji potencjalnych zagro\u017ce\u0144 i zapewnieniu zgodno\u015bci z przepisami bezpiecze\u0144stwa. Nale\u017cy r\u00f3wnie\u017c wzi\u0105\u0107 pod uwag\u0119 czynniki \u015brodowiskowe, takie jak wycieki p\u0142ynu hydraulicznego, kt\u00f3re mog\u0105 stanowi\u0107 zagro\u017cenie dla \u015brodowiska. Stosowanie biodegradowalnych p\u0142yn\u00f3w hydraulicznych i wdra\u017canie \u015brodk\u00f3w zapobiegaj\u0105cych wyciekom mo\u017ce ograniczy\u0107 to ryzyko.<\/p>\n<h2>Rozwi\u0105zywanie problem\u00f3w i typowe problemy<\/h2>\n<ul>\n<li><strong>Przeciek:<\/strong> Jednym z najcz\u0119stszych problem\u00f3w jest wyciek z uszczelek. Mo\u017ce to by\u0107 spowodowane zu\u017cyciem, nieprawid\u0142ow\u0105 instalacj\u0105 lub u\u017cyciem niew\u0142a\u015bciwego rodzaju p\u0142ynu. Niezb\u0119dna jest natychmiastowa kontrola i wymiana uszczelek.<\/li>\n<li><strong>Niesp\u00f3jne dzia\u0142anie:<\/strong> Je\u015bli cylinder nie dzia\u0142a prawid\u0142owo, sprawd\u017a, czy nie dosz\u0142o do zablokowania przewod\u00f3w hydraulicznych, czy w uk\u0142adzie nie ma powietrza lub czy poziom p\u0142ynu hydraulicznego jest niski.<\/li>\n<li><strong>Brak ruchu:<\/strong> Je\u015bli cylinder nie porusza si\u0119, sprawd\u017a dzia\u0142anie pompy hydraulicznej i zaworu steruj\u0105cego. Upewnij si\u0119, \u017ce nie ma \u017cadnych przeszk\u00f3d uniemo\u017cliwiaj\u0105cych ruch.<\/li>\n<\/ul>\n<h2>Wskaz\u00f3wki dotycz\u0105ce rozwi\u0105zywania problem\u00f3w<\/h2>\n<p>Aby skutecznie diagnozowa\u0107 i rozwi\u0105zywa\u0107 problemy, operatorzy powinni prowadzi\u0107 list\u0119 kontroln\u0105 rozwi\u0105zywania problem\u00f3w. Regularnie sprawdzaj poziom i stan p\u0142yn\u00f3w, sprawdzaj uszczelki pod k\u0105tem uszkodze\u0144 i dbaj o prawid\u0142owe ustawienie podzespo\u0142\u00f3w. \u015arodki zapobiegawcze, takie jak regularna konserwacja i przegl\u0105dy, mog\u0105 zminimalizowa\u0107 potencjalne problemy i zwi\u0119kszy\u0107 niezawodno\u015b\u0107 uk\u0142adu hydraulicznego.<\/p>\n<p><img decoding=\"async\" src=\"https:\/\/www.hydraulic-cylinders.net\/wp-content\/uploads\/2025\/04\/songte-bushings-with-all-kinds-of-excavator-models.webp\" alt=\"Komponenty koparki\" \/><\/p>\n<h2>Przegl\u0105d firmy<\/h2>\n<p>Jeste\u015bmy wiod\u0105cym producentem zamiennych si\u0142ownik\u00f3w hydraulicznych, znanym z szerokiej gamy produkt\u00f3w. Nasza firma ugruntowa\u0142a swoj\u0105 pozycj\u0119 lidera na rynku krajowym i mi\u0119dzynarodowym, koncentruj\u0105c si\u0119 na wyj\u0105tkowej jako\u015bci i precyzyjnej in\u017cynierii. Wykorzystujemy zaawansowane strategie produkcyjne, w tym cyfrowy sprz\u0119t wysokiej klasy i profesjonalny system testowania, aby zwi\u0119kszy\u0107 nasze mo\u017cliwo\u015bci produkcyjne. Nasz zesp\u00f3\u0142 ekspert\u00f3w technicznych zapewnia sta\u0142e doskonalenie proces\u00f3w produkcyjnych, zachowuj\u0105c wysokie standardy jako\u015bci i wydajno\u015bci. Oferujemy us\u0142ugi dostosowane do indywidualnych potrzeb naszych klient\u00f3w, a nasze wsparcie posprzeda\u017cowe jest ukierunkowane na zapewnienie satysfakcji klienta.<\/p>\n<p><img decoding=\"async\" src=\"https:\/\/www.hydraulic-cylinders.net\/wp-content\/uploads\/2025\/04\/songte-company-4.webp\" alt=\"Produkcja firmy\" \/><br \/>\n<img decoding=\"async\" src=\"https:\/\/www.hydraulic-cylinders.net\/wp-content\/uploads\/2025\/04\/songte-company-3.webp\" alt=\"Przegl\u0105d firmy\" \/><\/p>\n<p>Autor: lyl<\/p>","protected":false},"excerpt":{"rendered":"<p>Boom Cylinder For Hyundai Small Excavator R130-5 Product Overview The Boom Cylinder for Hyundai Small Excavator R130-5 is a crucial hydraulic component designed specifically for excavators. This hydraulic cylinder plays a vital role in controlling the movement of the boom arm, allowing for precise lifting, lowering, and tilting actions essential for various material handling tasks. [&hellip;]<\/p>","protected":false},"featured_media":17878,"comment_status":"open","ping_status":"closed","template":"","meta":{"_et_pb_use_builder":"","_et_pb_old_content":"","_et_gb_content_width":""},"product_brand":[],"product_cat":[1546],"product_tag":[1547,1496],"class_list":{"0":"post-19026","1":"product","2":"type-product","3":"status-publish","4":"has-post-thumbnail","6":"product_cat-boom-cylinders","7":"product_tag-boom-cylinders","8":"product_tag-hydraulic-cylinders","10":"first","11":"instock","12":"shipping-taxable","13":"product-type-simple"},"amp_enabled":true,"_links":{"self":[{"href":"https:\/\/www.hydraulic-cylinders.net\/pl\/wp-json\/wp\/v2\/product\/19026","targetHints":{"allow":["GET"]}}],"collection":[{"href":"https:\/\/www.hydraulic-cylinders.net\/pl\/wp-json\/wp\/v2\/product"}],"about":[{"href":"https:\/\/www.hydraulic-cylinders.net\/pl\/wp-json\/wp\/v2\/types\/product"}],"replies":[{"embeddable":true,"href":"https:\/\/www.hydraulic-cylinders.net\/pl\/wp-json\/wp\/v2\/comments?post=19026"}],"wp:featuredmedia":[{"embeddable":true,"href":"https:\/\/www.hydraulic-cylinders.net\/pl\/wp-json\/wp\/v2\/media\/17878"}],"wp:attachment":[{"href":"https:\/\/www.hydraulic-cylinders.net\/pl\/wp-json\/wp\/v2\/media?parent=19026"}],"wp:term":[{"taxonomy":"product_brand","embeddable":true,"href":"https:\/\/www.hydraulic-cylinders.net\/pl\/wp-json\/wp\/v2\/product_brand?post=19026"},{"taxonomy":"product_cat","embeddable":true,"href":"https:\/\/www.hydraulic-cylinders.net\/pl\/wp-json\/wp\/v2\/product_cat?post=19026"},{"taxonomy":"product_tag","embeddable":true,"href":"https:\/\/www.hydraulic-cylinders.net\/pl\/wp-json\/wp\/v2\/product_tag?post=19026"}],"curies":[{"name":"wp","href":"https:\/\/api.w.org\/{rel}","templated":true}]}}