{"id":1906,"date":"2023-10-19T06:58:04","date_gmt":"2023-10-19T06:58:04","guid":{"rendered":"https:\/\/hydraulic-cylinders.net\/?post_type=product&#038;p=1906"},"modified":"2025-04-11T02:51:49","modified_gmt":"2025-04-11T02:51:49","slug":"double-shield-tbm-support-shoe-cylinder","status":"publish","type":"product","link":"https:\/\/www.hydraulic-cylinders.net\/pl\/produkt\/double-shield-tbm-support-shoe-cylinder\/","title":{"rendered":"Podw\u00f3jny cylinder podporowy TBM"},"content":{"rendered":"<h1 style=\"text-align: center;\"><strong>Podw\u00f3jny cylinder podporowy TBM<\/strong><\/h1>\n<p><img loading=\"lazy\" decoding=\"async\" class=\"aligncenter wp-image-1907\" src=\"https:\/\/hydraulic-cylinders.net\/wp-content\/uploads\/2023\/10\/support-shoe-cylinder-1-2-300x300.webp\" alt=\"\" width=\"400\" height=\"400\" \/><\/p>\n<p>Dwutarczowy si\u0142ownik podporowy TBM to najnowocze\u015bniejszy element hydrauliczny zaprojektowany w celu zwi\u0119kszenia wydajno\u015bci i bezpiecze\u0144stwa operacji dr\u0105\u017cenia tuneli. Ten specjalistyczny si\u0142ownik odgrywa kluczow\u0105 rol\u0119 w podparciu os\u0142ony dwutarczowej maszyny dr\u0105\u017c\u0105cej tunele (TBM), zapewniaj\u0105c stabilno\u015b\u0107 i ochron\u0119 podczas wykop\u00f3w. Niniejszy artyku\u0142 informacyjny omawia kluczowe cechy, metody u\u017cytkowania i wytyczne dotycz\u0105ce konserwacji dwutarczowego si\u0142ownika podporowego TBM.<\/p>\n<p>Dwutarczowy si\u0142ownik podporowy TBM to kluczowy element zwi\u0119kszaj\u0105cy wydajno\u015b\u0107 i bezpiecze\u0144stwo operacji dr\u0105\u017cenia tuneli z podw\u00f3jn\u0105 tarcz\u0105. Dzi\u0119ki zwi\u0119kszonej stabilno\u015bci, precyzyjnej kontroli, dwustronnemu dzia\u0142aniu, trwa\u0142o\u015bci i niezawodno\u015bci, si\u0142ownik ten zapewnia bezpieczne podparcie i ochron\u0119 tarczy TBM podczas wykop\u00f3w. Dzi\u0119ki przestrzeganiu zalecanych metod u\u017cytkowania i regularnej konserwacji, dwutarczowy si\u0142ownik podporowy TBM b\u0119dzie nadal zapewnia\u0142 doskona\u0142\u0105 wydajno\u015b\u0107, przyczyniaj\u0105c si\u0119 do sukcesu projekt\u00f3w dr\u0105\u017cenia tuneli. Przekonaj si\u0119 o wydajno\u015bci i bezpiecze\u0144stwie dwutarczowego si\u0142ownika podporowego TBM, kt\u00f3ry zrewolucjonizuje proces dr\u0105\u017cenia tuneli dzi\u0119ki zaawansowanej technologii i niezawodno\u015bci.<\/p>\n<p>Kluczowe cechy cylindra buta podporowego TBM z podw\u00f3jn\u0105 tarcz\u0105:<\/p>\n<ul>\n<li>Zwi\u0119kszona stabilno\u015b\u0107 i no\u015bno\u015b\u0107: Podw\u00f3jny cylinder podpory TBM zosta\u0142 zaprojektowany tak, aby zapewni\u0107 wyj\u0105tkow\u0105 stabilno\u015b\u0107 i no\u015bno\u015b\u0107 tarczy TBM. Jego solidna konstrukcja i precyzyjne wykonanie gwarantuj\u0105, \u017ce tarcza pozostaje stabilna podczas wykop\u00f3w, minimalizuj\u0105c ryzyko zawalenia si\u0119 gruntu i zapewniaj\u0105c bezpiecze\u0144stwo ekipy dr\u0105\u017c\u0105cej tunel.<\/li>\n<li>Precyzyjna kontrola i pozycjonowanie: Wyposa\u017cony w zaawansowane hydrauliczne systemy sterowania, si\u0142ownik ten zapewnia precyzyjn\u0105 kontrol\u0119 nad pozycjonowaniem p\u0142yt podporowych. Pozwala to operatorom dostosowa\u0107 orientacj\u0119 i ustawienie p\u0142yt do konkretnych warunk\u00f3w gruntowych, zapewniaj\u0105c precyzyjne i wydajne wykopy.<\/li>\n<li>Konstrukcja dwustronnego dzia\u0142ania: Cylinder z podw\u00f3jn\u0105 os\u0142on\u0105 buta podporowego TBM charakteryzuje si\u0119 konstrukcj\u0105 dwustronnego dzia\u0142ania, co oznacza, \u017ce \u200b\u200bmo\u017ce wywiera\u0107 si\u0142\u0119 zar\u00f3wno w kierunku wysuwania, jak i wsuwania. Ta mo\u017cliwo\u015b\u0107 pozwala na wszechstronny i kontrolowany ruch but\u00f3w podporowych, zapewniaj\u0105c optymalne podparcie i stabilno\u015b\u0107 podczas dr\u0105\u017cenia tunelu.<\/li>\n<li>Trwa\u0142o\u015b\u0107 i niezawodno\u015b\u0107: Wykonany z wysokiej jako\u015bci materia\u0142\u00f3w, dwuos\u0142onowy cylinder podporowy TBM zosta\u0142 zaprojektowany tak, aby sprosta\u0107 trudnym warunkom panuj\u0105cym podczas dr\u0105\u017cenia tuneli. Jest odporny na du\u017ce obci\u0105\u017cenia, wibracje i wstrz\u0105sy, zapewniaj\u0105c d\u0142ugotrwa\u0142\u0105 trwa\u0142o\u015b\u0107, minimalizuj\u0105c przestoje i redukuj\u0105c koszty konserwacji.<\/li>\n<\/ul>\n<h2><strong>Parametry cylindra buta podporowego TBM z podw\u00f3jn\u0105 tarcz\u0105:<\/strong><\/h2>\n<table border=\"1\" cellspacing=\"0\" cellpadding=\"0\">\n<tbody>\n<tr>\n<td>Nazwa produktu<\/td>\n<td>Podw\u00f3jna tarcza cylindra podporowego maszyny do dr\u0105\u017cenia tuneli<\/td>\n<\/tr>\n<tr>\n<td>Cechy:<\/td>\n<td>Zapewnia si\u0142\u0119 ci\u0105gu podczas dr\u0105\u017cenia tunelu g\u0142owic\u0105 tn\u0105c\u0105<\/td>\n<\/tr>\n<tr>\n<td>\u015arednica otworu:<\/td>\n<td>320 mm\uff5e700 mm<\/td>\n<\/tr>\n<tr>\n<td>\u015arednica pr\u0119ta:<\/td>\n<td>220 mm\uff5e500 mm<br \/>\nSkok: 300 mm \u2013 1200 mm<\/td>\n<\/tr>\n<tr>\n<td>Ci\u015bnienie:<\/td>\n<td>do 35 MPa<\/td>\n<\/tr>\n<tr>\n<td>Zastosowania:<\/td>\n<td>Maszyna do dr\u0105\u017cenia tuneli z podw\u00f3jn\u0105 tarcz\u0105<\/td>\n<\/tr>\n<\/tbody>\n<\/table>\n<h2><strong>Zastosowanie cylindra TBM z podw\u00f3jn\u0105 tarcz\u0105:<\/strong><\/h2>\n<p><img loading=\"lazy\" decoding=\"async\" class=\"alignnone wp-image-1909 size-full\" src=\"https:\/\/hydraulic-cylinders.net\/wp-content\/uploads\/2023\/10\/double-shield-tbm-cylinder-1.webp\" alt=\"\" width=\"709\" height=\"473\" srcset=\"https:\/\/hydraulic-cylinders.net\/wp-content\/uploads\/2023\/10\/double-shield-tbm-cylinder-1.webp 709w, https:\/\/hydraulic-cylinders.net\/wp-content\/uploads\/2023\/10\/double-shield-tbm-cylinder-1-480x320.webp 480w\" sizes=\"(min-width: 0px) and (max-width: 480px) 480px, (min-width: 481px) 709px, 100vw\" \/><\/p>\n<h2><strong>Metoda u\u017cycia <\/strong><strong>Podw\u00f3jny cylinder podporowy TBM<\/strong><strong>:<\/strong><\/h2>\n<ul>\n<li><strong>Monta\u017c cylindra:<\/strong>\u00a0 Zamontuj cylinder z podw\u00f3jn\u0105 os\u0142on\u0105 buta podporowego TBM zgodnie z instrukcj\u0105 producenta. U\u017cyj odpowiednich wspornik\u00f3w monta\u017cowych lub akcesori\u00f3w, aby zapewni\u0107 prawid\u0142owe ustawienie i bezpieczne zamocowanie do konstrukcji buta podporowego TBM.<\/li>\n<li><strong>Integracja uk\u0142adu hydraulicznego:<\/strong> Pod\u0142\u0105cz cylinder do uk\u0142adu hydraulicznego TBM za pomoc\u0105 kompatybilnych w\u0119\u017cy i \u200b\u200bz\u0142\u0105czek. Sprawd\u017a, czy wszystkie po\u0142\u0105czenia s\u0105 solidne, szczelne i odpowiednio dokr\u0119cone, aby zapewni\u0107 optymaln\u0105 wydajno\u015b\u0107 hydrauliczn\u0105.<\/li>\n<li><strong>Kontrola i pozycjonowanie:<\/strong>\u00a0 Zapoznaj si\u0119 z zasadami dotycz\u0105cymi but\u00f3w podporowych z podw\u00f3jn\u0105 os\u0142on\u0105 TBM. Za pomoc\u0105 tych element\u00f3w steruj\u0105cych dostosuj po\u0142o\u017cenie, wyr\u00f3wnanie i k\u0105t but\u00f3w podporowych w razie potrzeby. Post\u0119puj zgodnie z wytycznymi i zaleceniami producenta TBM, aby optymalnie ustawi\u0107 but podporowy w zale\u017cno\u015bci od warunk\u00f3w gruntowych.<\/li>\n<li><strong>\u015arodki ostro\u017cno\u015bci:<\/strong>\u00a0 Przestrzegaj wszystkich protoko\u0142\u00f3w bezpiecze\u0144stwa i wytycznych producenta TBM. Upewnij si\u0119, \u017ce operatorzy s\u0105 przeszkoleni w zakresie bezpiecznej obs\u0142ugi TBM i cylindra podpory TBM z podw\u00f3jn\u0105 os\u0142on\u0105. Regularnie sprawdzaj mechanizmy bezpiecze\u0144stwa i wykonuj zalecane czynno\u015bci konserwacyjne, aby zapewni\u0107 prawid\u0142owe dzia\u0142anie.<\/li>\n<\/ul>\n<h2><strong>Jak zbudowa\u0107 cylinder hydrauliczny?<\/strong><\/h2>\n<p>Budowa cylindra hydraulicznego wymaga zaawansowanej wiedzy in\u017cynierskiej, specjalistycznego sprz\u0119tu i dost\u0119pu do wysokiej jako\u015bci materia\u0142\u00f3w. Ze wzgl\u0119du na z\u0142o\u017cono\u015b\u0107 i precyzj\u0119, zadanie to zazwyczaj podejmuj\u0105 si\u0119 profesjonalni producenci. Poni\u017cej przedstawiono jednak og\u00f3lny przegl\u0105d etap\u00f3w budowy cylindra hydraulicznego:<\/p>\n<ol>\n<li><strong>Projektowanie i in\u017cynieria:<\/strong>\n<ul>\n<li>Okre\u015bl szczeg\u00f3\u0142owe wymagania i specyfikacje cylindra hydraulicznego, takie jak d\u0142ugo\u015b\u0107 skoku, \u015brednica otworu, ci\u015bnienie robocze i no\u015bno\u015b\u0107.<\/li>\n<li>Za pomoc\u0105 oprogramowania do projektowania wspomaganego komputerowo (CAD) stw\u00f3rz szczeg\u00f3\u0142owy plan uwzgl\u0119dniaj\u0105cy wymiary cylindra, jego elementy wewn\u0119trzne i uszczelnienia.<\/li>\n<\/ul>\n<\/li>\n<li><strong>Wyb\u00f3r materia\u0142\u00f3w:<\/strong>\n<ul>\n<li>Do zastosowa\u0144 hydraulicznych nale\u017cy wybiera\u0107 materia\u0142y wysokiej jako\u015bci, np. stal lub aluminium na cylinder, t\u0142ok i za\u015blepki.<\/li>\n<li>Wybierz odpowiednie uszczelnienia, takie jak pier\u015bcienie uszczelniaj\u0105ce lub uszczelki t\u0142okowe, kt\u00f3re wytrzymaj\u0105 warunki pracy i b\u0119d\u0105 zgodne z kompatybilno\u015bci\u0105 p\u0142yn\u00f3w.<\/li>\n<\/ul>\n<\/li>\n<li><strong>Obr\u00f3bka skrawaniem:<\/strong>\n<ul>\n<li>Do wytwarzania element\u00f3w cylindrycznych zgodnie ze specyfikacjami projektowymi nale\u017cy u\u017cywa\u0107 precyzyjnego sprz\u0119tu obr\u00f3bczego, takiego jak tokarki, frezarki i szlifierki.<\/li>\n<li>Obr\u00f3bka cylindra, za\u015blepek, t\u0142oka, pr\u0119ta i innych element\u00f3w wewn\u0119trznych zgodnie z wymaganymi wymiarami i tolerancjami.<\/li>\n<\/ul>\n<\/li>\n<li><strong>Monta\u017c:<\/strong>\n<ul>\n<li>Dok\u0142adnie wyczy\u015b\u0107 wszystkie komponenty, aby usun\u0105\u0107 wszelkie zanieczyszczenia i resztki.<\/li>\n<li>Zamontuj uszczelki w wyznaczonych rowkach na t\u0142oku, za\u015blepkach i t\u0142oczysku.<\/li>\n<li>Ostro\u017cnie w\u0142\u00f3\u017c t\u0142ok do cylindra, zwracaj\u0105c uwag\u0119 na w\u0142a\u015bciwe wyr\u00f3wnanie i luz.<\/li>\n<li>Za\u0142\u00f3\u017c za\u015blepki na luf\u0119 cylindra, aby zapewni\u0107 solidne i szczelne po\u0142\u0105czenie.<\/li>\n<li>W\u0142\u00f3\u017c pr\u0119t do t\u0142oka i zabezpiecz go odpowiednimi elementami mocuj\u0105cymi.<\/li>\n<li>Pod\u0142\u0105cz z\u0142\u0105czki lub porty hydrauliczne do za\u015blepek ko\u0144cowych w celu pod\u0142\u0105czenia p\u0142yn\u00f3w.<\/li>\n<\/ul>\n<\/li>\n<li><strong>Testowanie i kontrola jako\u015bci:<\/strong>\n<ul>\n<li>Przeprowad\u017a pr\u00f3b\u0119 ci\u015bnieniow\u0105, aby upewni\u0107 si\u0119, \u017ce cylinder wytrzyma okre\u015blone ci\u015bnienie robocze bez wyciek\u00f3w lub usterek.<\/li>\n<li>Sprawd\u017a prawid\u0142owe dzia\u0142anie cylindra poprzez jego wysuwanie i chowanie w kontrolowanych warunkach.<\/li>\n<li>Sprawd\u017a wszystkie komponenty pod k\u0105tem wad i niedoskona\u0142o\u015bci, aby upewni\u0107 si\u0119, \u017ce spe\u0142niaj\u0105 wymagane specyfikacje.<\/li>\n<li>Przeprowad\u017a kontrol\u0119 jako\u015bci, aby mie\u0107 pewno\u015b\u0107, \u017ce cylinder spe\u0142nia wymagania bezpiecze\u0144stwa i przepisy.<\/li>\n<\/ul>\n<\/li>\n<\/ol>\n<h2><strong>Mo\u017cliwo\u015bci i pojemno\u015b\u0107 fabryki:<\/strong><\/h2>\n<h3>(1) Monta\u017c<\/h3>\n<p>Dysponujemy najwy\u017cszej klasy niezale\u017cn\u0105 platform\u0105 badawczo-rozwojow\u0105. Warsztat produkcji si\u0142ownik\u00f3w hydraulicznych posiada cztery p\u00f3\u0142automatyczne linie monta\u017cowe si\u0142ownik\u00f3w podnosz\u0105cych i jedn\u0105 automatyczn\u0105 lini\u0119 monta\u017cow\u0105 si\u0142ownik\u00f3w przechy\u0142u, o projektowanej rocznej zdolno\u015bci produkcyjnej 1 miliona sztuk. Specjalny warsztat cylindr\u00f3w jest wyposa\u017cony w r\u00f3\u017cne specyfikacje p\u00f3\u0142automatycznego systemu monta\u017cu czyszcz\u0105cego o projektowanej rocznej zdolno\u015bci produkcyjnej 200 000 i wyposa\u017cony w s\u0142ynny sprz\u0119t do obr\u00f3bki CNC, centrum obr\u00f3bcze, specjalny sprz\u0119t do precyzyjnej obr\u00f3bki cylindr\u00f3w, robot spawalniczy, automatyczna maszyna czyszcz\u0105ca, automatyczna maszyna do monta\u017cu cylindr\u00f3w i automatyczna linia produkcyjna do malowania. Istniej\u0105cy krytyczny sprz\u0119t sk\u0142ada si\u0119 z ponad 300 zestaw\u00f3w. Optymalna alokacja i efektywne wykorzystanie zasob\u00f3w sprz\u0119towych zapewniaj\u0105 wymagania dotycz\u0105ce dok\u0142adno\u015bci produkt\u00f3w i spe\u0142niaj\u0105 potrzeby wysokiej jako\u015bci produkt\u00f3w.<\/p>\n<p><img loading=\"lazy\" decoding=\"async\" class=\"alignnone wp-image-626\" src=\"https:\/\/hydraulic-cylinders.net\/wp-content\/uploads\/2023\/08\/hydraulic-cylinder-product-1-300x158.webp\" alt=\"\" width=\"495\" height=\"260\" srcset=\"https:\/\/hydraulic-cylinders.net\/wp-content\/uploads\/2023\/08\/hydraulic-cylinder-product-1-300x158.webp 495w, https:\/\/hydraulic-cylinders.net\/wp-content\/uploads\/2023\/08\/hydraulic-cylinder-product-1-480x252.webp 480w\" sizes=\"(min-width: 0px) and (max-width: 480px) 480px, (min-width: 481px) 495px, 100vw\" \/> <img loading=\"lazy\" decoding=\"async\" class=\"alignnone wp-image-627\" src=\"https:\/\/hydraulic-cylinders.net\/wp-content\/uploads\/2023\/08\/hydraulic-cylinder-product-2-300x189.webp\" alt=\"\" width=\"413\" height=\"260\" \/><\/p>\n<h3>(2) Obr\u00f3bka<\/h3>\n<p>Warsztat obr\u00f3bki skrawaniem jest wyposa\u017cony w niestandardowe centrum tokarskie z pochylon\u0105 szyn\u0105, centrum obr\u00f3bcze, szybkobie\u017cn\u0105 honownic\u0119, robota spawalniczego i inny powi\u0105zany sprz\u0119t, kt\u00f3ry mo\u017ce obs\u0142ugiwa\u0107 przetwarzanie rur cylindrycznych o maksymalnej \u015brednicy wewn\u0119trznej 400 mm i maksymalnej d\u0142ugo\u015bci 6 metr\u00f3w.<\/p>\n<p><img loading=\"lazy\" decoding=\"async\" class=\"alignnone wp-image-628 size-large\" src=\"https:\/\/hydraulic-cylinders.net\/wp-content\/uploads\/2023\/08\/hydraulic-cylinder-product-3-1024x391.webp\" alt=\"\" width=\"1024\" height=\"391\" srcset=\"https:\/\/hydraulic-cylinders.net\/wp-content\/uploads\/2023\/08\/hydraulic-cylinder-product-3-980x374.webp 980w, https:\/\/hydraulic-cylinders.net\/wp-content\/uploads\/2023\/08\/hydraulic-cylinder-product-3-480x183.webp 480w\" sizes=\"(min-width: 0px) and (max-width: 480px) 480px, (min-width: 481px) and (max-width: 980px) 980px, (min-width: 981px) 1024px, 100vw\" \/><\/p>\n<h3>(3) Spawanie<\/h3>\n<p><img loading=\"lazy\" decoding=\"async\" class=\"alignnone wp-image-629 size-large\" src=\"https:\/\/hydraulic-cylinders.net\/wp-content\/uploads\/2023\/08\/hydraulic-cylinder-product-4-1024x510.webp\" alt=\"\" width=\"1024\" height=\"510\" srcset=\"https:\/\/hydraulic-cylinders.net\/wp-content\/uploads\/2023\/08\/hydraulic-cylinder-product-4-980x488.webp 980w, https:\/\/hydraulic-cylinders.net\/wp-content\/uploads\/2023\/08\/hydraulic-cylinder-product-4-480x239.webp 480w\" sizes=\"(min-width: 0px) and (max-width: 480px) 480px, (min-width: 481px) and (max-width: 980px) 980px, (min-width: 981px) 1024px, 100vw\" \/><\/p>\n<h3>(4) Malowanie i powlekanie<\/h3>\n<p>Z ma\u0142ymi i \u015brednimi automatycznymi liniami do powlekania farbami na bazie wody, w celu osi\u0105gni\u0119cia automatycznego za\u0142adunku i roz\u0142adunku robota oraz automatycznego natryskiwania, wydajno\u015b\u0107 projektowa 4000 sztuk na zmian\u0119;<br \/>\nPosiadamy r\u00f3wnie\u017c p\u00f3\u0142automatyczn\u0105 lini\u0119 do produkcji farb do du\u017cych cylindr\u00f3w nap\u0119dzan\u0105 \u0142a\u0144cuchem nap\u0119dowym, o wydajno\u015bci 60 skrzy\u0144 na zmian\u0119.<\/p>\n<p><img loading=\"lazy\" decoding=\"async\" class=\"alignnone wp-image-630\" src=\"https:\/\/hydraulic-cylinders.net\/wp-content\/uploads\/2023\/08\/hydraulic-cylinder-product-5-300x213.webp\" alt=\"\" width=\"366\" height=\"260\" \/> <img loading=\"lazy\" decoding=\"async\" class=\"alignnone wp-image-631\" src=\"https:\/\/hydraulic-cylinders.net\/wp-content\/uploads\/2023\/08\/hydraulic-cylinder-product-6-300x225.webp\" alt=\"\" width=\"347\" height=\"260\" \/><\/p>\n<h3>(5) Testowanie<\/h3>\n<p>Dysponujemy najwy\u017cszej klasy urz\u0105dzeniami kontrolnymi i stanowiskami testowymi, aby zapewni\u0107, \u017ce wydajno\u015b\u0107 cylindra spe\u0142nia wymagania.<\/p>\n<p><img loading=\"lazy\" decoding=\"async\" class=\"alignnone wp-image-632\" src=\"https:\/\/hydraulic-cylinders.net\/wp-content\/uploads\/2023\/08\/hydraulic-cylinder-product-8-300x200.webp\" alt=\"\" width=\"389\" height=\"260\" \/><\/p>\n<p>&nbsp;<\/p>\n<p>&nbsp;<\/p>\n<p>Jeste\u015bmy jednym z najlepszych producent\u00f3w cylindr\u00f3w hydraulicznych. Oferujemy kompleksow\u0105 ofert\u0119 cylindr\u00f3w hydraulicznych. Dostarczamy r\u00f3wnie\u017c\u2026 <a href=\"https:\/\/hzpt.com\/agricultural-pto-gearbox\/\" target=\"_blank\" rel=\"noopener\">przek\u0142adnie rolnicze<\/a>. Eksportowali\u015bmy nasze produkty do klient\u00f3w na ca\u0142ym \u015bwiecie i zdobyli\u015bmy dobr\u0105 reputacj\u0119 dzi\u0119ki najwy\u017cszej jako\u015bci produkt\u00f3w i us\u0142ug posprzeda\u017cnych. Zapraszamy klient\u00f3w w kraju i za granic\u0105 do kontaktu z nami w celu negocjacji biznesowych, wymiany informacji i <a href=\"https:\/\/www.hydraulic-cylinders.net\/pl\/contact-us\/\">wsp\u00f3\u0142pracowa\u0107 z nami<\/a>!<\/p>\n<p>&nbsp;<\/p>","protected":false},"excerpt":{"rendered":"<p>Double Shield TBM Support Shoe Cylinder The double shield TBM support shoe cylinder is a cutting-edge hydraulic component designed to enhance tunnel boring operations&#8217; efficiency and safety. This specialized cylinder plays a crucial role in supporting the shield of a double-shield tunnel boring machine (TBM), ensuring stability and protection during excavation. This informative article will [&hellip;]<\/p>","protected":false},"featured_media":1908,"comment_status":"open","ping_status":"closed","template":"","meta":{"_et_pb_use_builder":"","_et_pb_old_content":"","_et_gb_content_width":""},"product_brand":[],"product_cat":[1519,1549],"product_tag":[1380],"class_list":{"0":"post-1906","1":"product","2":"type-product","3":"status-publish","4":"has-post-thumbnail","6":"product_cat-shield-machine-hydraulic-cylinders","7":"product_cat-single-acting-hydraulic-cylinder","8":"product_tag-hydraulic-cylinder","10":"first","11":"instock","12":"shipping-taxable","13":"product-type-simple"},"amp_enabled":true,"_links":{"self":[{"href":"https:\/\/www.hydraulic-cylinders.net\/pl\/wp-json\/wp\/v2\/product\/1906","targetHints":{"allow":["GET"]}}],"collection":[{"href":"https:\/\/www.hydraulic-cylinders.net\/pl\/wp-json\/wp\/v2\/product"}],"about":[{"href":"https:\/\/www.hydraulic-cylinders.net\/pl\/wp-json\/wp\/v2\/types\/product"}],"replies":[{"embeddable":true,"href":"https:\/\/www.hydraulic-cylinders.net\/pl\/wp-json\/wp\/v2\/comments?post=1906"}],"wp:featuredmedia":[{"embeddable":true,"href":"https:\/\/www.hydraulic-cylinders.net\/pl\/wp-json\/wp\/v2\/media\/1908"}],"wp:attachment":[{"href":"https:\/\/www.hydraulic-cylinders.net\/pl\/wp-json\/wp\/v2\/media?parent=1906"}],"wp:term":[{"taxonomy":"product_brand","embeddable":true,"href":"https:\/\/www.hydraulic-cylinders.net\/pl\/wp-json\/wp\/v2\/product_brand?post=1906"},{"taxonomy":"product_cat","embeddable":true,"href":"https:\/\/www.hydraulic-cylinders.net\/pl\/wp-json\/wp\/v2\/product_cat?post=1906"},{"taxonomy":"product_tag","embeddable":true,"href":"https:\/\/www.hydraulic-cylinders.net\/pl\/wp-json\/wp\/v2\/product_tag?post=1906"}],"curies":[{"name":"wp","href":"https:\/\/api.w.org\/{rel}","templated":true}]}}