{"id":19095,"date":"2025-04-07T06:12:32","date_gmt":"2025-04-07T06:12:32","guid":{"rendered":"https:\/\/www.hydraulic-cylinders.net\/product\/boom-cylinder-for-yugong-wy75-7-8\/"},"modified":"2025-04-07T06:12:34","modified_gmt":"2025-04-07T06:12:34","slug":"boom-cylinder-for-yugong-wy75-7-8","status":"publish","type":"product","link":"https:\/\/www.hydraulic-cylinders.net\/pl\/produkt\/boom-cylinder-for-yugong-wy75-7-8\/","title":{"rendered":"Si\u0142ownik wysi\u0119gnika do Yugong WY75-7-8"},"content":{"rendered":"<h1>Si\u0142ownik wysi\u0119gnika do Yugong WY75-7-8<\/h1>\n<h2>Wprowadzenie do cylindra wysi\u0119gnika<\/h2>\n<p>Si\u0142ownik wysi\u0119gnika to specjalistyczny si\u0142ownik hydrauliczny, kt\u00f3ry odgrywa kluczow\u0105 rol\u0119 w sterowaniu ruchem \u0142y\u017cek w r\u00f3\u017cnych maszynach ci\u0119\u017ckich, takich jak koparki, koparko-\u0142adowarki i \u0142adowarki czo\u0142owe. Ten element hydrauliczny umo\u017cliwia podnoszenie, opuszczanie i przechylanie \u0142y\u017cki, u\u0142atwiaj\u0105c wydajne zadania zwi\u0105zane z prze\u0142adunkiem materia\u0142\u00f3w. Si\u0142owniki \u0142y\u017cek zosta\u0142y zaprojektowane z my\u015bl\u0105 o zapewnieniu du\u017cej mocy i precyzji ruch\u00f3w, co czyni je niezb\u0119dnymi w zastosowaniach budowlanych, rolniczych i przemys\u0142owych.<\/p>\n<p><img decoding=\"async\" src=\"https:\/\/www.hydraulic-cylinders.net\/wp-content\/uploads\/2025\/04\/songte-company-1.webp\" alt=\"Si\u0142ownik wysi\u0119gnika do koparek\"><\/p>\n<h3>Definicja i przegl\u0105d<\/h3>\n<p>W uk\u0142adach hydraulicznych si\u0142ownik wysi\u0119gnika jest niezb\u0119dny do wykonywania ci\u0119\u017ckich zada\u0144. Si\u0142ownik ten dzia\u0142a, wykorzystuj\u0105c spr\u0119\u017cony p\u0142yn hydrauliczny do wprawiania w ruch. Mo\u017cliwo\u015b\u0107 wysuwania i wsuwania si\u0142ownika przek\u0142ada si\u0119 na wszechstronno\u015b\u0107 \u0142y\u017cki i efektywne przenoszenie r\u00f3\u017cnorodnych materia\u0142\u00f3w. Niezale\u017cnie od tego, czy kopanie w ziemi, czy podnoszenie ci\u0119\u017ckich \u0142adunk\u00f3w, wydajno\u015b\u0107 si\u0142ownika wysi\u0119gnika ma kluczowe znaczenie dla og\u00f3lnej wydajno\u015bci maszyny.<\/p>\n<h2>Cechy cylindra wysi\u0119gnika<\/h2>\n<ul>\n<li><strong>Wysoka wytrzyma\u0142o\u015b\u0107 i trwa\u0142o\u015b\u0107:<\/strong> Si\u0142ownik wysi\u0119gnika, zazwyczaj wykonany z wysokowytrzyma\u0142ej stali lub aluminium, wytrzymuje wysokie ci\u015bnienia i du\u017ce obci\u0105\u017cenia, dzi\u0119ki czemu nadaje si\u0119 do pracy w trudnych warunkach. Konstrukcja k\u0142adzie r\u00f3wnie\u017c nacisk na odporno\u015b\u0107 na zu\u017cycie i korozj\u0119, aby wyd\u0142u\u017cy\u0107 jego \u017cywotno\u015b\u0107.<\/li>\n<li><strong>Wydajna praca uk\u0142adu hydraulicznego:<\/strong> Si\u0142ownik wykorzystuje ci\u015bnienie oleju hydraulicznego, aby zapewni\u0107 p\u0142ynne i responsywne wysuwanie i wsuwanie, zapewniaj\u0105c solidn\u0105 si\u0142\u0119 pchania i ci\u0105gni\u0119cia, niezb\u0119dn\u0105 przy wykonywaniu ci\u0119\u017ckich lub skomplikowanych zada\u0144.<\/li>\n<li><strong>R\u00f3\u017cne typy:<\/strong> Dost\u0119pny w wersji jednostronnego dzia\u0142ania (dzia\u0142aj\u0105cej w jednym kierunku) lub dwustronnego dzia\u0142ania (dzia\u0142aj\u0105cej w obu kierunkach), si\u0142ownik wysi\u0119gnika mo\u017cna dostosowa\u0107 do r\u00f3\u017cnych potrzeb operacyjnych. Niekt\u00f3re modele s\u0105 teleskopowe, co pozwala na wi\u0119ksze wysuni\u0119cie bez zwi\u0119kszania wymiar\u00f3w zewn\u0119trznych, dzi\u0119ki czemu idealnie nadaj\u0105 si\u0119 do zastosowa\u0144 w ograniczonej przestrzeni.<\/li>\n<li><strong>Produkcja niestandardowa:<\/strong> Specjalizujemy si\u0119 w produkcji tego produktu, co gwarantuje, \u017ce nasze cylindry mog\u0105 doskonale zast\u0105pi\u0107 istniej\u0105ce cylindry hydrauliczne w maszynach, zapewniaj\u0105c niezawodn\u0105 wydajno\u015b\u0107.<\/li>\n<li><strong>Zgodno\u015b\u0107 z r\u00f3\u017cnymi modelami:<\/strong> Nasze si\u0142owniki wysi\u0119gnika zaprojektowano tak, aby bezproblemowo wsp\u00f3\u0142pracowa\u0142y z wieloma modelami koparek, gwarantuj\u0105c wszechstronno\u015b\u0107 w r\u00f3\u017cnych zastosowaniach.<\/li>\n<\/ul>\n<p><img decoding=\"async\" src=\"https:\/\/www.hydraulic-cylinders.net\/wp-content\/uploads\/2025\/04\/songte-cylinder-head-with-all-kinds-excavator-models.webp\" alt=\"Zgodno\u015b\u0107 cylindra wysi\u0119gnika\"><\/p>\n<h2>Scenariusze zastosowa\u0144<\/h2>\n<h3>Sprz\u0119t budowlany<\/h3>\n<p>Si\u0142owniki wysi\u0119gnika znajduj\u0105 si\u0119 g\u0142\u00f3wnie w koparkach, odgrywaj\u0105c kluczow\u0105 rol\u0119 w kopaniu, za\u0142adunku i przemieszczaniu ziemi lub gruzu. Zapewniaj\u0105 one si\u0142\u0119 niezb\u0119dn\u0105 do penetracji gleby i podnoszenia materia\u0142\u00f3w, co czyni je nieocenionymi na placach budowy. W koparko-\u0142adowarkach cylindry wysi\u0119gnika wspomagaj\u0105 nie tylko wykopy, ale tak\u017ce operacje podnoszenia, zwi\u0119kszaj\u0105c ich u\u017cyteczno\u015b\u0107.<\/p>\n<h3>Maszyny rolnicze<\/h3>\n<p>W \u0142adowarkach czo\u0142owych si\u0142owniki wysi\u0119gnika s\u0142u\u017c\u0105 do wydajnego nabierania, podnoszenia i transportu gleby, siana i innych materia\u0142\u00f3w. Ich konstrukcja u\u0142atwia manewrowanie i przenoszenie produkt\u00f3w rolnych, znacz\u0105co zwi\u0119kszaj\u0105c wydajno\u015b\u0107 w gospodarstwach rolnych.<\/p>\n<h3>Koparki<\/h3>\n<p>W przypadku koparek, si\u0142owniki wysi\u0119gnika umo\u017cliwiaj\u0105 \u0142y\u017cce skuteczn\u0105 penetracj\u0119 gruntu, co usprawnia kopanie. Pozwala to na g\u0142\u0119bsze i bardziej wydajne wykopy, co jest kluczowe dla przygotowania terenu pod r\u00f3\u017cnego rodzaju projekty budowlane.<\/p>\n<h3>\u0141adowarki<\/h3>\n<p>W \u0142adowarkach czo\u0142owych si\u0142owniki wysi\u0119gnika wspomagaj\u0105 wydajne podnoszenie i opr\u00f3\u017cnianie \u0142adunk\u00f3w. Zapewniaj\u0105 niezb\u0119dn\u0105 moc do obs\u0142ugi ci\u0119\u017ckich materia\u0142\u00f3w, gwarantuj\u0105c p\u0142ynn\u0105 prac\u0119 podczas za\u0142adunku i roz\u0142adunku.<\/p>\n<h2>Zagadnienia projektowe i kryteria wyboru<\/h2>\n<h3>No\u015bno\u015b\u0107<\/h3>\n<p>Przy wyborze si\u0142ownika wysi\u0119gnika kluczowe znaczenie ma zrozumienie jego ud\u017awigu. Si\u0142ownik musi by\u0107 w stanie ud\u017awign\u0105\u0107 maksymalne oczekiwane obci\u0105\u017cenie bez uszczerbku dla bezpiecze\u0144stwa i wydajno\u015bci. Producenci podaj\u0105 specyfikacje okre\u015blaj\u0105ce maksymalne obci\u0105\u017cenie, jakie mo\u017ce ud\u017awign\u0105\u0107 si\u0142ownik, co powinno by\u0107 zgodne z wymaganiami operacyjnymi maszyny.<\/p>\n<h3>Uszczelnienie i trwa\u0142o\u015b\u0107<\/h3>\n<p>Uszczelnienie jest kluczowym aspektem konstrukcji si\u0142ownika wysi\u0119gnika. Skuteczne uszczelnienia zapobiegaj\u0105 wyciekom p\u0142ynu hydraulicznego, zapewniaj\u0105c optymaln\u0105 wydajno\u015b\u0107 i trwa\u0142o\u015b\u0107. Uszczelnienia wykonane z trwa\u0142ych materia\u0142\u00f3w, takich jak poliuretan lub kauczuk nitrylowy, zwi\u0119kszaj\u0105 odporno\u015b\u0107 si\u0142ownika na zu\u017cycie i czynniki \u015brodowiskowe, chroni\u0105c jego funkcjonalno\u015b\u0107 przez d\u0142ugi czas. Regularne kontrole i konserwacja uszczelnie\u0144 s\u0105 niezb\u0119dne, aby unikn\u0105\u0107 awarii eksploatacyjnych.<\/p>\n<h3>Funkcje bezpiecze\u0144stwa<\/h3>\n<p>Bezpiecze\u0144stwo jest priorytetem przy projektowaniu cylindr\u00f3w hydraulicznych. Takie elementy jak zawory bezpiecze\u0144stwa zapobiegaj\u0105 przeci\u0105\u017ceniom, a wytrzyma\u0142e materia\u0142y konstrukcyjne zwi\u0119kszaj\u0105 odporno\u015b\u0107 cylindra na wysokie ci\u015bnienie. Takie rozwi\u0105zania s\u0105 kluczowe dla zapewnienia bezpiecznej pracy, szczeg\u00f3lnie w wymagaj\u0105cych warunkach. Procedury konserwacyjne powinny obejmowa\u0107 inspekcje w celu identyfikacji potencjalnych zagro\u017ce\u0144 dla bezpiecze\u0144stwa.<\/p>\n<h3>Konserwacja i naprawa<\/h3>\n<p>\u0141atwo\u015b\u0107 konserwacji i napraw to kolejny istotny czynnik. Dobrze zaprojektowany si\u0142ownik wysi\u0119gnika powinien zapewnia\u0107 \u0142atwy dost\u0119p do podzespo\u0142\u00f3w w celu ich naprawy lub wymiany. Aby zapewni\u0107 ci\u0105g\u0142\u0105 funkcjonalno\u015b\u0107 i wydajno\u015b\u0107, nale\u017cy ustali\u0107 regularne harmonogramy konserwacji, obejmuj\u0105ce przegl\u0105dy i wymian\u0119 cz\u0119\u015bci.<\/p>\n<p><img decoding=\"async\" src=\"https:\/\/www.hydraulic-cylinders.net\/wp-content\/uploads\/2025\/04\/songte-oil-pipes-and-spare-parts.webp\" alt=\"Cz\u0119\u015bci cylindr\u00f3w hydraulicznych\"><\/p>\n<h2>Uszczelnianie i smarowanie<\/h2>\n<p>Wydajno\u015b\u0107 si\u0142ownika wysi\u0119gnika w du\u017cej mierze zale\u017cy od skutecznego uszczelnienia i smarowania. Do utrzymania ci\u015bnienia hydraulicznego i ochrony przed zanieczyszczeniami zewn\u0119trznymi stosuje si\u0119 r\u00f3\u017cne uszczelnienia, takie jak uszczelnienia t\u0142okowe i t\u0142oczyskowe. Preferowane s\u0105 uszczelnienia wykonane z materia\u0142\u00f3w odpornych na zu\u017cycie, takich jak poliuretan i kauczuk nitrylowy, ze wzgl\u0119du na ich trwa\u0142o\u015b\u0107 i niezawodno\u015b\u0107.<\/p>\n<p>Dodatkowo korpus cylindra i gwintowane powierzchnie ko\u0144cowe s\u0105 poddawane precyzyjnej obr\u00f3bce mechanicznej w celu zwi\u0119kszenia odporno\u015bci na zu\u017cycie. Regularne smarowanie odpowiednim olejem hydraulicznym jest niezb\u0119dne do zapewnienia p\u0142ynnego dzia\u0142ania cz\u0119\u015bci ruchomych, redukuj\u0105c tarcie i zu\u017cycie.<\/p>\n<h2>\u015arodki konserwacji zapobiegawczej<\/h2>\n<ul>\n<li><strong>Regularne kontrole:<\/strong> Rutynowe kontrole pod k\u0105tem wyciek\u00f3w, korozji i zu\u017cycia s\u0105 niezb\u0119dne do identyfikacji problem\u00f3w, zanim si\u0119 nasil\u0105. Sprawd\u017a uszczelki i z\u0142\u0105czki pod k\u0105tem \u015blad\u00f3w zu\u017cycia i wymie\u0144 je w razie potrzeby.<\/li>\n<li><strong>Smarowanie:<\/strong> Aby utrzyma\u0107 wydajno\u015b\u0107 cylindra, nale\u017cy zapewni\u0107 prawid\u0142owe smarowanie w zalecanych odst\u0119pach czasu. Aby unikn\u0105\u0107 problem\u00f3w z kompatybilno\u015bci\u0105, nale\u017cy stosowa\u0107 odpowiedni olej hydrauliczny.<\/li>\n<li><strong>Wymiana uszczelki:<\/strong> Zaplanuj okresow\u0105 wymian\u0119 uszczelnie\u0144 w ramach konserwacji, aby zapewni\u0107 optymaln\u0105 wydajno\u015b\u0107 i zapobiec wyciekom. Monitoruj degradacj\u0119 uszczelnie\u0144, szczeg\u00f3lnie w trudnych warunkach.<\/li>\n<\/ul>\n<h2>Wytyczne dotycz\u0105ce instalacji<\/h2>\n<p>Prawid\u0142owy monta\u017c si\u0142ownika wysi\u0119gnika ma kluczowe znaczenie dla optymalnej wydajno\u015bci. Przed monta\u017cem nale\u017cy upewni\u0107 si\u0119, \u017ce wszystkie komponenty s\u0105 czyste i wolne od zanieczyszcze\u0144. U\u017cyj odpowiednich narz\u0119dzi do precyzyjnego ustawienia si\u0142ownika w maszynie. Zaleca si\u0119 u\u017cycie odpowiednich wspornik\u00f3w monta\u017cowych, aby zabezpieczy\u0107 si\u0142ownik na miejscu i zapobiec jego rozregulowaniu podczas pracy.<\/p>\n<p>Podczas mocowania cylindra nale\u017cy przestrzega\u0107 zalece\u0144 producenta dotycz\u0105cych momentu obrotowego, aby unikn\u0105\u0107 uszkodze\u0144. Po monta\u017cu nale\u017cy sprawdzi\u0107 szczelno\u015b\u0107 po\u0142\u0105cze\u0144 hydraulicznych i upewni\u0107 si\u0119, \u017ce poziom p\u0142ynu hydraulicznego jest odpowiedni. Przed pe\u0142nym uruchomieniem nale\u017cy przetestowa\u0107 dzia\u0142anie cylindra w kontrolowanych warunkach, aby potwierdzi\u0107 jego prawid\u0142owy monta\u017c.<\/p>\n<h2>Typowe zadania konserwacyjne<\/h2>\n<h3>Regularne kontrole<\/h3>\n<p>Regularne kontrole s\u0105 kluczowe dla wczesnego wykrywania potencjalnych problem\u00f3w. Sprawd\u017a, czy w uk\u0142adzie hydraulicznym nie ma \u015blad\u00f3w zu\u017cycia, wyciek\u00f3w i uszkodze\u0144. Regularne kontrole pomagaj\u0105 utrzyma\u0107 maszyny w dobrym stanie technicznym i zapewni\u0107 ich bezpieczn\u0105 eksploatacj\u0119.<\/p>\n<h3>Prawid\u0142owe smarowanie<\/h3>\n<p>Prawid\u0142owe smarowanie jest niezb\u0119dne do zminimalizowania tarcia i zu\u017cycia mi\u0119dzy ruchomymi cz\u0119\u015bciami. Nale\u017cy upewni\u0107 si\u0119, \u017ce poziom oleju hydraulicznego jest odpowiedni i stosowa\u0107 zalecany rodzaj oleju do smarowania. Niew\u0142a\u015bciwe smarowanie mo\u017ce prowadzi\u0107 do przedwczesnego zu\u017cycia i awarii cylindra.<\/p>\n<h3>Wymiana uszczelki i kontrola kalibracji<\/h3>\n<p>Regularnie wymieniaj zu\u017cyte uszczelki, aby utrzyma\u0107 ci\u015bnienie hydrauliczne i zapobiec wyciekom. Nale\u017cy przeprowadza\u0107 kontrole kalibracji, aby upewni\u0107 si\u0119, \u017ce si\u0142ownik dzia\u0142a zgodnie z okre\u015blonymi parametrami. Prawid\u0142owe uszczelnienie i kalibracja s\u0105 kluczowe dla wyd\u0142u\u017cenia \u017cywotno\u015bci si\u0142ownika wysi\u0119gnika.<\/p>\n<p><img decoding=\"async\" src=\"https:\/\/www.hydraulic-cylinders.net\/wp-content\/uploads\/2025\/04\/songte-chushion-collar.webp\" alt=\"Ko\u0142nierz amortyzuj\u0105cy cylindra wysi\u0119gnika\"><\/p>\n<h2>Zagadnienia bezpiecze\u0144stwa i czynniki \u015brodowiskowe<\/h2>\n<p>Podczas u\u017cytkowania si\u0142ownik\u00f3w wysi\u0119gnika, wdro\u017cenie \u015brodk\u00f3w bezpiecze\u0144stwa jest niezb\u0119dne, aby zapobiec wypadkom. Operatorzy powinni nosi\u0107 odpowiedni sprz\u0119t ochrony osobistej (PPE) i przestrzega\u0107 protoko\u0142\u00f3w bezpiecze\u0144stwa, aby zminimalizowa\u0107 zagro\u017cenia podczas pracy. Czynniki \u015brodowiskowe, takie jak ekstremalne temperatury, mog\u0105 wp\u0142ywa\u0107 na w\u0142a\u015bciwo\u015bci p\u0142ynu hydraulicznego, wp\u0142ywaj\u0105c na wydajno\u015b\u0107. Aby zachowa\u0107 skuteczno\u015b\u0107, nale\u017cy upewni\u0107 si\u0119, \u017ce si\u0142ownik jest odpowiedni do danego \u015brodowiska pracy.<\/p>\n<h2>Rozwi\u0105zywanie problem\u00f3w i typowe problemy<\/h2>\n<ul>\n<li><strong>Przeciek:<\/strong> W przypadku wykrycia wyciek\u00f3w nale\u017cy sprawdzi\u0107 uszczelki i z\u0142\u0105cza pod k\u0105tem zu\u017cycia. Uszkodzone elementy nale\u017cy niezw\u0142ocznie wymieni\u0107, aby unikn\u0105\u0107 wycieku p\u0142ynu hydraulicznego.<\/li>\n<li><strong>Utrata mocy:<\/strong> Spadek wydajno\u015bci mo\u017ce wskazywa\u0107 na niski poziom p\u0142ynu hydraulicznego lub uszkodzenie wewn\u0119trzne. Sprawd\u017a poziom p\u0142ynu i rozwa\u017c przeprowadzenie kontroli wewn\u0119trznej, je\u015bli to konieczne.<\/li>\n<li><strong>Nietypowe d\u017awi\u0119ki:<\/strong> Ha\u0142asy podczas pracy mog\u0105 wskazywa\u0107 na obecno\u015b\u0107 powietrza w uk\u0142adzie lub zu\u017cycie podzespo\u0142\u00f3w. Odpowietrz uk\u0142ad hydrauliczny i sprawd\u017a, czy nie wyst\u0119puj\u0105 problemy mechaniczne.<\/li>\n<\/ul>\n<p>Wdro\u017cenie \u015brodk\u00f3w zapobiegawczych mo\u017ce znacz\u0105co ograniczy\u0107 wyst\u0119powanie tych problem\u00f3w i zapewni\u0107 p\u0142ynn\u0105 prac\u0119 si\u0142ownika wysi\u0119gnika.<\/p>\n<p><img decoding=\"async\" src=\"https:\/\/www.hydraulic-cylinders.net\/wp-content\/uploads\/2025\/04\/songte-bushings-with-all-kinds-of-excavator-models.webp\" alt=\"Tuleje cylindra wysi\u0119gnika\"><\/p>\n<h2>O naszej firmie<\/h2>\n<p>Jeste\u015bmy wiod\u0105cym producentem zamiennych si\u0142ownik\u00f3w hydraulicznych, oferuj\u0105cym szerok\u0105 gam\u0119 produkt\u00f3w, kt\u00f3re zaspokajaj\u0105 potrzeby rynku krajowego i mi\u0119dzynarodowego. Nasze zaanga\u017cowanie w d\u0105\u017cenie do doskona\u0142o\u015bci znajduje odzwierciedlenie w najnowocze\u015bniejszych metodach produkcyjnych, opartych na strategii skrupulatnego zarz\u0105dzania produkcj\u0105.<\/p>\n<p>Koncentruj\u0105c si\u0119 na jako\u015bci, wykorzystujemy zaawansowan\u0105 technologi\u0119, wykwalifikowany personel i solidny system testowania, aby udoskonali\u0107 nasz\u0105 platform\u0119 produkcyjn\u0105. To zintegrowane podej\u015bcie pozwala nam sprosta\u0107 zr\u00f3\u017cnicowanym potrzebom klient\u00f3w, zapewniaj\u0105c wysok\u0105 wydajno\u015b\u0107, precyzj\u0119 i jako\u015b\u0107.<\/p>\n<p>Nasze zaanga\u017cowanie w profesjonaln\u0105 obs\u0142ug\u0119 klienta jest wzmocnione mi\u0119dzynarodowymi certyfikatami, kt\u00f3re pozwalaj\u0105 nam oferowa\u0107 rozwi\u0105zania dostosowane do indywidualnych potrzeb, zgodne ze standardami bran\u017cowymi. Priorytetem jest dla nas zadowolenie klienta, poprzez responsywne wsparcie posprzeda\u017cowe i us\u0142ugi dopasowane do indywidualnych potrzeb, gwarantuj\u0105c naszym klientom najlepsze produkty do ich zastosowa\u0144.<\/p>\n<p><img decoding=\"async\" src=\"https:\/\/www.hydraulic-cylinders.net\/wp-content\/uploads\/2025\/04\/songte-company-4.webp\" alt=\"Przegl\u0105d naszej firmy\"><br \/>\n<img decoding=\"async\" src=\"https:\/\/www.hydraulic-cylinders.net\/wp-content\/uploads\/2025\/04\/songte-company-3.webp\" alt=\"Obiekty firmy\"><\/p>\n<p>Autor: lyl<\/p>","protected":false},"excerpt":{"rendered":"<p>Boom Cylinder For Yugong WY75-7-8 Introduction to Boom Cylinder A boom cylinder is a specialized hydraulic cylinder that plays a critical role in controlling the movement of buckets in various heavy machinery such as excavators, backhoe loaders, and front loaders. This hydraulic component enables the bucket to lift, lower, and tilt, facilitating efficient material handling [&hellip;]<\/p>","protected":false},"featured_media":17871,"comment_status":"open","ping_status":"closed","template":"","meta":{"_et_pb_use_builder":"","_et_pb_old_content":"","_et_gb_content_width":""},"product_brand":[],"product_cat":[1546],"product_tag":[1547,1496],"class_list":{"0":"post-19095","1":"product","2":"type-product","3":"status-publish","4":"has-post-thumbnail","6":"product_cat-boom-cylinders","7":"product_tag-boom-cylinders","8":"product_tag-hydraulic-cylinders","10":"first","11":"instock","12":"shipping-taxable","13":"product-type-simple"},"amp_enabled":true,"_links":{"self":[{"href":"https:\/\/www.hydraulic-cylinders.net\/pl\/wp-json\/wp\/v2\/product\/19095","targetHints":{"allow":["GET"]}}],"collection":[{"href":"https:\/\/www.hydraulic-cylinders.net\/pl\/wp-json\/wp\/v2\/product"}],"about":[{"href":"https:\/\/www.hydraulic-cylinders.net\/pl\/wp-json\/wp\/v2\/types\/product"}],"replies":[{"embeddable":true,"href":"https:\/\/www.hydraulic-cylinders.net\/pl\/wp-json\/wp\/v2\/comments?post=19095"}],"wp:featuredmedia":[{"embeddable":true,"href":"https:\/\/www.hydraulic-cylinders.net\/pl\/wp-json\/wp\/v2\/media\/17871"}],"wp:attachment":[{"href":"https:\/\/www.hydraulic-cylinders.net\/pl\/wp-json\/wp\/v2\/media?parent=19095"}],"wp:term":[{"taxonomy":"product_brand","embeddable":true,"href":"https:\/\/www.hydraulic-cylinders.net\/pl\/wp-json\/wp\/v2\/product_brand?post=19095"},{"taxonomy":"product_cat","embeddable":true,"href":"https:\/\/www.hydraulic-cylinders.net\/pl\/wp-json\/wp\/v2\/product_cat?post=19095"},{"taxonomy":"product_tag","embeddable":true,"href":"https:\/\/www.hydraulic-cylinders.net\/pl\/wp-json\/wp\/v2\/product_tag?post=19095"}],"curies":[{"name":"wp","href":"https:\/\/api.w.org\/{rel}","templated":true}]}}