{"id":1910,"date":"2023-10-19T07:38:46","date_gmt":"2023-10-19T07:38:46","guid":{"rendered":"https:\/\/hydraulic-cylinders.net\/?post_type=product&#038;p=1910"},"modified":"2025-04-11T02:51:46","modified_gmt":"2025-04-11T02:51:46","slug":"double-shield-tbm-main-thrust-cylinder","status":"publish","type":"product","link":"https:\/\/www.hydraulic-cylinders.net\/pl\/produkt\/double-shield-tbm-main-thrust-cylinder\/","title":{"rendered":"Podw\u00f3jna tarcza TBM G\u0142\u00f3wny cylinder ci\u0105gu"},"content":{"rendered":"<h1 style=\"text-align: center;\"><strong>Podw\u00f3jna tarcza TBM G\u0142\u00f3wny cylinder ci\u0105gu<\/strong><\/h1>\n<p><img loading=\"lazy\" decoding=\"async\" class=\"aligncenter wp-image-1911\" src=\"https:\/\/hydraulic-cylinders.net\/wp-content\/uploads\/2023\/10\/main-thrust-cylinder-1-300x300.webp\" alt=\"\" width=\"400\" height=\"401\" \/><\/p>\n<p>Dwuos\u0142onowy g\u0142\u00f3wny si\u0142ownik ci\u0105gu maszyny TBM to najnowocze\u015bniejszy element hydrauliczny zaprojektowany w celu optymalizacji osi\u0105g\u00f3w i wydajno\u015bci maszyn dr\u0105\u017c\u0105cych tunele. Ten specjalistyczny si\u0142ownik odgrywa kluczow\u0105 rol\u0119 w zapewnieniu niezb\u0119dnej si\u0142y ci\u0105gu, niezb\u0119dnej do nap\u0119dzania tunelu w trakcie pracoch\u0142onnego procesu. W tym artykule informacyjnym om\u00f3wiono kluczowe cechy, metody u\u017cytkowania i wytyczne dotycz\u0105ce konserwacji dwuos\u0142onowego g\u0142\u00f3wnego si\u0142ownika ci\u0105gu maszyny TBM.<\/p>\n<p>Dwuos\u0142onowy g\u0142\u00f3wny si\u0142ownik ci\u0105gu TBM to kluczowy element, kt\u00f3ry pozwala maszynom dr\u0105\u017c\u0105cym tunele osi\u0105ga\u0107 nowe poziomy wydajno\u015bci i efektywno\u015bci. Dzi\u0119ki swojej solidnej konstrukcji, precyzyjnej konstrukcji, dwustronnego dzia\u0142ania i wyj\u0105tkowej no\u015bno\u015bci, si\u0142ownik ten gwarantuje pomy\u015blny post\u0119p prac dr\u0105\u017cenia tuneli. Dzi\u0119ki przestrzeganiu zalecanych metod u\u017cytkowania i regularnej konserwacji, dwuos\u0142onowy g\u0142\u00f3wny si\u0142ownik ci\u0105gu TBM b\u0119dzie nadal zapewnia\u0142 wyj\u0105tkow\u0105 wydajno\u015b\u0107, przyczyniaj\u0105c si\u0119 do sukcesu projekt\u00f3w dr\u0105\u017cenia tuneli. Przekonaj si\u0119 o mocy i niezawodno\u015bci dwuos\u0142onowego g\u0142\u00f3wnego si\u0142ownika ci\u0105gu TBM, kt\u00f3ry zrewolucjonizowa\u0142 dr\u0105\u017cenie tuneli, zapewniaj\u0105c niezr\u00f3wnan\u0105 wydajno\u015b\u0107 i efektywno\u015b\u0107.<\/p>\n<p>G\u0142\u00f3wne cechy cylindra oporowego TBM z podw\u00f3jn\u0105 os\u0142on\u0105:<\/p>\n<ol>\n<li>Niezawodna moc i wydajno\u015b\u0107: Dwuos\u0142onowy g\u0142\u00f3wny cylinder ci\u0105gu TBM zosta\u0142 zaprojektowany tak, aby zapewnia\u0107 wyj\u0105tkow\u0105 moc i wydajno\u015b\u0107. Dzi\u0119ki wysokoci\u015bnieniowemu uk\u0142adowi hydraulicznemu i precyzyjnym mechanizmom sterowania generuje on wymagan\u0105 si\u0142\u0119 ci\u0105gu, umo\u017cliwiaj\u0105c\u0105 efektywne dr\u0105\u017cenie tunelu.<\/li>\n<li>Precyzyjna in\u017cynieria: Ten cylinder zosta\u0142 starannie wykonany z wykorzystaniem precyzyjnych technik in\u017cynieryjnych, co zapewnia optymalne ustawienie i wydajno\u015b\u0107. Jego konstrukcja wykorzystuje wysokiej jako\u015bci materia\u0142y i zaawansowane procesy produkcyjne, aby sprosta\u0107 trudnym warunkom wyst\u0119puj\u0105cym podczas dr\u0105\u017cenia tuneli.<\/li>\n<li>Konstrukcja dwustronnego dzia\u0142ania: Podw\u00f3jny cylinder g\u0142\u00f3wny TBM charakteryzuje si\u0119 konstrukcj\u0105 dwustronnego dzia\u0142ania, co pozwala mu wywiera\u0107 si\u0142\u0119 zar\u00f3wno w kierunku wysuwania, jak i cofania. Ta funkcja umo\u017cliwia wszechstronny i kontrolowany ruch TBM, zwi\u0119kszaj\u0105c elastyczno\u015b\u0107 i zdolno\u015b\u0107 adaptacji podczas dr\u0105\u017cenia tunelu.<\/li>\n<li>No\u015bno\u015b\u0107: Dwup\u0142aszczowy g\u0142\u00f3wny cylinder p\u0119dny TBM charakteryzuje si\u0119 wyj\u0105tkow\u0105 no\u015bno\u015bci\u0105 dzi\u0119ki solidnej konstrukcji. Jest w stanie wytrzyma\u0107 znaczne si\u0142y i ci\u015bnienia, zapewniaj\u0105c stabilno\u015b\u0107 i bezpiecze\u0144stwo podczas dr\u0105\u017cenia tunelu.<\/li>\n<\/ol>\n<h2><strong>Parametry g\u0142\u00f3wnego cylindra ci\u0105gu TBM z podw\u00f3jn\u0105 os\u0142on\u0105:<\/strong><\/h2>\n<table border=\"1\" cellspacing=\"0\" cellpadding=\"0\">\n<tbody>\n<tr>\n<td>Nazwa produktu<\/td>\n<td>G\u0142\u00f3wny cylinder oporowy maszyny do dr\u0105\u017cenia tuneli z podw\u00f3jn\u0105 tarcz\u0105<\/td>\n<\/tr>\n<tr>\n<td>Cechy:<\/td>\n<td>Zapewnij si\u0142\u0119 ci\u0105gu podczas dr\u0105\u017cenia tuneli metod\u0105 TBM<\/td>\n<\/tr>\n<tr>\n<td>\u015arednica otworu:<\/td>\n<td>220 mm\uff5e380 mm<\/td>\n<\/tr>\n<tr>\n<td>\u015arednica pr\u0119ta:<\/td>\n<td>150 mm\uff5e280 mm<br \/>\nSkok: 1100mm\uff5e1700mm<\/td>\n<\/tr>\n<tr>\n<td>Ci\u015bnienie:<\/td>\n<td>do 35 MPa<\/td>\n<\/tr>\n<tr>\n<td>Zastosowania:<\/td>\n<td>Maszyna do dr\u0105\u017cenia tuneli z podw\u00f3jn\u0105 tarcz\u0105<\/td>\n<\/tr>\n<\/tbody>\n<\/table>\n<h2><strong>Zastosowanie cylindra TBM z podw\u00f3jn\u0105 tarcz\u0105:<\/strong><\/h2>\n<p><img loading=\"lazy\" decoding=\"async\" class=\"alignnone wp-image-1909 size-full\" src=\"https:\/\/hydraulic-cylinders.net\/wp-content\/uploads\/2023\/10\/double-shield-tbm-cylinder-1.webp\" alt=\"\" width=\"709\" height=\"473\" srcset=\"https:\/\/hydraulic-cylinders.net\/wp-content\/uploads\/2023\/10\/double-shield-tbm-cylinder-1.webp 709w, https:\/\/hydraulic-cylinders.net\/wp-content\/uploads\/2023\/10\/double-shield-tbm-cylinder-1-480x320.webp 480w\" sizes=\"(min-width: 0px) and (max-width: 480px) 480px, (min-width: 481px) 709px, 100vw\" \/><\/p>\n<h2><strong>Metoda u\u017cycia g\u0142\u00f3wnego cylindra oporowego TBM z podw\u00f3jn\u0105 tarcz\u0105<\/strong><strong>:<\/strong><\/h2>\n<ul>\n<li>Monta\u017c cylindra: Zamontuj g\u0142\u00f3wny cylinder ci\u0105gu z podw\u00f3jn\u0105 os\u0142on\u0105 TBM zgodnie z wytycznymi i specyfikacjami producenta. Zapewnij prawid\u0142owe ustawienie i bezpieczne zamocowanie do konstrukcji TBM za pomoc\u0105 odpowiednich wspornik\u00f3w monta\u017cowych lub akcesori\u00f3w.<\/li>\n<li>Integracja uk\u0142adu hydraulicznego: Pod\u0142\u0105cz cylinder do uk\u0142adu hydraulicznego TBM za pomoc\u0105 kompatybilnych w\u0119\u017cy i \u200b\u200bz\u0142\u0105czek. Upewnij si\u0119, \u017ce wszystkie po\u0142\u0105czenia s\u0105 solidne, szczelne i odpowiednio dokr\u0119cone, aby zapewni\u0107 optymaln\u0105 wydajno\u015b\u0107 hydrauliczn\u0105.<\/li>\n<li>Sterowanie i obs\u0142uga: Zapoznaj si\u0119 z systemem sterowania TBM oraz szczeg\u00f3\u0142owymi zasadami dzia\u0142ania g\u0142\u00f3wnego cylindra ci\u0105gu TBM z podw\u00f3jn\u0105 os\u0142on\u0105. Za pomoc\u0105 tych element\u00f3w steruj\u0105cych mo\u017cesz aktywowa\u0107 i regulowa\u0107 si\u0142\u0119 ci\u0105gu generowan\u0105 przez cylinder, dostosowuj\u0105c j\u0105 do wymaganej pr\u0119dko\u015bci wykopu i warunk\u00f3w gruntowych.<\/li>\n<li>Monitorowanie i regulacja: Nale\u017cy stale monitorowa\u0107 wydajno\u015b\u0107 TBM i zachowanie g\u0142\u00f3wnego cylindra ci\u0105gu dwuos\u0142onowej TBM. Nale\u017cy wprowadza\u0107 niezb\u0119dne korekty si\u0142y ci\u0105gu, uwzgl\u0119dniaj\u0105c warunki gruntowe, zmienno\u015b\u0107 geologiczn\u0105 i inne czynniki wp\u0142ywaj\u0105ce na proces dr\u0105\u017cenia tunelu.<\/li>\n<\/ul>\n<h2><strong>Jak zbudowa\u0107 st\u00f3\u0142 warsztatowy do cylindr\u00f3w hydraulicznych?<\/strong><\/h2>\n<p>Zbudowanie sto\u0142u warsztatowego do cylindr\u00f3w hydraulicznych wymaga podstawowej wiedzy z zakresu uk\u0142ad\u00f3w hydraulicznych, dost\u0119pu do niezb\u0119dnych narz\u0119dzi i materia\u0142\u00f3w oraz przestrzegania protoko\u0142\u00f3w bezpiecze\u0144stwa. Oto przewodnik krok po kroku, jak zbudowa\u0107 st\u00f3\u0142 warsztatowy do cylindr\u00f3w hydraulicznych:<\/p>\n<ol>\n<li><strong>Zbierz potrzebne materia\u0142y i narz\u0119dzia:<\/strong>\n<ul>\n<li>Rury stalowe lub aluminiowe do ramy \u0142awki<\/li>\n<li>Wsporniki monta\u017cowe si\u0142ownika hydraulicznego<\/li>\n<li>Sprz\u0119t spawalniczy (je\u015bli wymagane jest spawanie)<\/li>\n<li>W\u0119\u017ce i z\u0142\u0105czki hydrauliczne<\/li>\n<li>Pompa hydrauliczna i zaw\u00f3r steruj\u0105cy<\/li>\n<li>Ci\u015bnieniomierz<\/li>\n<li>Klucze, nasadki i inne narz\u0119dzia r\u0119czne<\/li>\n<li>Sprz\u0119t bezpiecze\u0144stwa (r\u0119kawice, okulary ochronne itp.)<\/li>\n<\/ul>\n<\/li>\n<li><strong>Projekt i plan:<\/strong>\n<ul>\n<li>Okre\u015bl po\u017c\u0105dany rozmiar i wymiary sto\u0142u do monta\u017cu cylindr\u00f3w hydraulicznych na podstawie rodzaju cylindr\u00f3w, z kt\u00f3rymi zamierzasz pracowa\u0107.<\/li>\n<li>Naszkicuj projekt uwzgl\u0119dniaj\u0105cy konstrukcj\u0119 ramy, wsporniki monta\u017cowe oraz przestrze\u0144 na pomp\u0119 hydrauliczn\u0105 i elementy steruj\u0105ce.<\/li>\n<\/ul>\n<\/li>\n<li><strong>Zbuduj ram\u0119:<\/strong>\n<ul>\n<li>Przytnij rur\u0119 stalow\u0105 lub aluminiow\u0105 na odpowiedni\u0105 d\u0142ugo\u015b\u0107, aby utworzy\u0107 ram\u0119 sto\u0142u.<\/li>\n<li>Zespawaj lub przykr\u0119\u0107 rury, aby stworzy\u0107 konstrukcj\u0119 ramy zgodn\u0105 ze swoim projektem.<\/li>\n<li>Upewnij si\u0119, \u017ce rama jest wytrzyma\u0142a i stabilna, a tak\u017ce \u017ce b\u0119dzie w stanie utrzyma\u0107 ci\u0119\u017car cylindr\u00f3w hydraulicznych podczas test\u00f3w i konserwacji.<\/li>\n<\/ul>\n<\/li>\n<li><strong>Uchwyty monta\u017cowe:<\/strong>\n<ul>\n<li>Przymocuj wsporniki si\u0142ownika hydraulicznego do ramy, stosuj\u0105c metod\u0119 spawania lub przykr\u0119cania.<\/li>\n<li>Upewnij si\u0119, \u017ce wsporniki s\u0105 solidnie zamocowane i prawid\u0142owo wyr\u00f3wnane, aby mo\u017cna by\u0142o zamontowa\u0107 r\u00f3\u017cne rozmiary i typy cylindr\u00f3w hydraulicznych.<\/li>\n<\/ul>\n<\/li>\n<li><strong>Monta\u017c uk\u0142adu hydraulicznego:<\/strong>\n<ul>\n<li>Post\u0119puj\u0105c zgodnie z instrukcj\u0105 producenta, zamontuj pomp\u0119 hydrauliczn\u0105 i zaw\u00f3r steruj\u0105cy na ramie sto\u0142u warsztatowego.<\/li>\n<li>Pod\u0142\u0105cz w\u0119\u017ce hydrauliczne i z\u0142\u0105czki do pompy i zaworu steruj\u0105cego, zapewniaj\u0105c odpowiednie uszczelnienie i szczelno\u015b\u0107.<\/li>\n<li>Pod\u0142\u0105cz manometr, aby monitorowa\u0107 ci\u015bnienie hydrauliczne podczas testowania i konserwacji cylindra.<\/li>\n<\/ul>\n<\/li>\n<li><strong>\u015arodki bezpiecze\u0144stwa:<\/strong>\n<ul>\n<li>Upewnij si\u0119, \u017ce uk\u0142ad hydrauliczny jest prawid\u0142owo uziemiony i wszystkie po\u0142\u0105czenia elektryczne s\u0105 bezpieczne.<\/li>\n<li>Aby zapobiec wypadkom lub obra\u017ceniom, nale\u017cy umie\u015bci\u0107 zabezpieczenia lub os\u0142ony wok\u00f3\u0142 ruchomych cz\u0119\u015bci lub potencjalnych punkt\u00f3w zmia\u017cd\u017cenia.<\/li>\n<li>Pracuj\u0105c z uk\u0142adami hydraulicznymi nale\u017cy nosi\u0107 odpowiedni sprz\u0119t ochronny, w tym r\u0119kawice i okulary ochronne.<\/li>\n<\/ul>\n<\/li>\n<li><strong>Test i kalibracja:<\/strong>\n<ul>\n<li>Przed u\u017cyciem sto\u0142u warsztatowego do cylindr\u00f3w hydraulicznych nale\u017cy dok\u0142adnie sprawdzi\u0107 wszystkie po\u0142\u0105czenia i osprz\u0119t, aby upewni\u0107 si\u0119, \u017ce nie ma \u017cadnych nieszczelno\u015bci lub lu\u017anych element\u00f3w.<\/li>\n<li>Pod\u0142\u0105cz si\u0142ownik hydrauliczny do sto\u0142u za pomoc\u0105 wspornik\u00f3w monta\u017cowych i przewod\u00f3w hydraulicznych.<\/li>\n<li>Za pomoc\u0105 pompy hydraulicznej i zaworu steruj\u0105cego wysuwaj i wsuwaj cylinder, sprawdzaj\u0105c przy tym p\u0142ynno\u015b\u0107 i kontrolowany ruch.<\/li>\n<li>Za pomoc\u0105 manometru sprawd\u017a dok\u0142adno\u015b\u0107 ci\u015bnienia hydraulicznego.<\/li>\n<\/ul>\n<\/li>\n<\/ol>\n<h2><strong>Mo\u017cliwo\u015bci i pojemno\u015b\u0107 fabryki:<\/strong><\/h2>\n<h3>(1) Monta\u017c<\/h3>\n<p>Dysponujemy najwy\u017cszej klasy niezale\u017cn\u0105 platform\u0105 badawczo-rozwojow\u0105. Warsztat produkcji si\u0142ownik\u00f3w hydraulicznych posiada cztery p\u00f3\u0142automatyczne linie monta\u017cowe si\u0142ownik\u00f3w podnosz\u0105cych i jedn\u0105 automatyczn\u0105 lini\u0119 monta\u017cow\u0105 si\u0142ownik\u00f3w przechy\u0142u, o projektowanej rocznej zdolno\u015bci produkcyjnej 1 miliona sztuk. Specjalny warsztat cylindr\u00f3w jest wyposa\u017cony w r\u00f3\u017cne specyfikacje p\u00f3\u0142automatycznego systemu monta\u017cu czyszcz\u0105cego o projektowanej rocznej zdolno\u015bci produkcyjnej 200 000 i wyposa\u017cony w s\u0142ynny sprz\u0119t do obr\u00f3bki CNC, centrum obr\u00f3bcze, specjalny sprz\u0119t do precyzyjnej obr\u00f3bki cylindr\u00f3w, robot spawalniczy, automatyczna maszyna czyszcz\u0105ca, automatyczna maszyna do monta\u017cu cylindr\u00f3w i automatyczna linia produkcyjna do malowania. Istniej\u0105cy krytyczny sprz\u0119t sk\u0142ada si\u0119 z ponad 300 zestaw\u00f3w. Optymalna alokacja i efektywne wykorzystanie zasob\u00f3w sprz\u0119towych zapewniaj\u0105 wymagania dotycz\u0105ce dok\u0142adno\u015bci produkt\u00f3w i spe\u0142niaj\u0105 potrzeby wysokiej jako\u015bci produkt\u00f3w.<\/p>\n<p><img loading=\"lazy\" decoding=\"async\" class=\"alignnone wp-image-626\" src=\"https:\/\/hydraulic-cylinders.net\/wp-content\/uploads\/2023\/08\/hydraulic-cylinder-product-1-300x158.webp\" alt=\"\" width=\"495\" height=\"260\" srcset=\"https:\/\/hydraulic-cylinders.net\/wp-content\/uploads\/2023\/08\/hydraulic-cylinder-product-1-300x158.webp 495w, https:\/\/hydraulic-cylinders.net\/wp-content\/uploads\/2023\/08\/hydraulic-cylinder-product-1-480x252.webp 480w\" sizes=\"(min-width: 0px) and (max-width: 480px) 480px, (min-width: 481px) 495px, 100vw\" \/> <img loading=\"lazy\" decoding=\"async\" class=\"alignnone wp-image-627\" src=\"https:\/\/hydraulic-cylinders.net\/wp-content\/uploads\/2023\/08\/hydraulic-cylinder-product-2-300x189.webp\" alt=\"\" width=\"413\" height=\"260\" \/><\/p>\n<h3>(2) Obr\u00f3bka<\/h3>\n<p>Warsztat obr\u00f3bki skrawaniem jest wyposa\u017cony w niestandardowe centrum tokarskie z pochylon\u0105 szyn\u0105, centrum obr\u00f3bcze, szybkobie\u017cn\u0105 honownic\u0119, robota spawalniczego i inny powi\u0105zany sprz\u0119t, kt\u00f3ry mo\u017ce obs\u0142ugiwa\u0107 przetwarzanie rur cylindrycznych o maksymalnej \u015brednicy wewn\u0119trznej 400 mm i maksymalnej d\u0142ugo\u015bci 6 metr\u00f3w.<\/p>\n<p><img loading=\"lazy\" decoding=\"async\" class=\"alignnone wp-image-628 size-large\" src=\"https:\/\/hydraulic-cylinders.net\/wp-content\/uploads\/2023\/08\/hydraulic-cylinder-product-3-1024x391.webp\" alt=\"\" width=\"1024\" height=\"391\" srcset=\"https:\/\/hydraulic-cylinders.net\/wp-content\/uploads\/2023\/08\/hydraulic-cylinder-product-3-980x374.webp 980w, https:\/\/hydraulic-cylinders.net\/wp-content\/uploads\/2023\/08\/hydraulic-cylinder-product-3-480x183.webp 480w\" sizes=\"(min-width: 0px) and (max-width: 480px) 480px, (min-width: 481px) and (max-width: 980px) 980px, (min-width: 981px) 1024px, 100vw\" \/><\/p>\n<h3>(3) Spawanie<\/h3>\n<p><img loading=\"lazy\" decoding=\"async\" class=\"alignnone wp-image-629 size-large\" src=\"https:\/\/hydraulic-cylinders.net\/wp-content\/uploads\/2023\/08\/hydraulic-cylinder-product-4-1024x510.webp\" alt=\"\" width=\"1024\" height=\"510\" srcset=\"https:\/\/hydraulic-cylinders.net\/wp-content\/uploads\/2023\/08\/hydraulic-cylinder-product-4-980x488.webp 980w, https:\/\/hydraulic-cylinders.net\/wp-content\/uploads\/2023\/08\/hydraulic-cylinder-product-4-480x239.webp 480w\" sizes=\"(min-width: 0px) and (max-width: 480px) 480px, (min-width: 481px) and (max-width: 980px) 980px, (min-width: 981px) 1024px, 100vw\" \/><\/p>\n<h3>(4) Malowanie i powlekanie<\/h3>\n<p>Z ma\u0142ymi i \u015brednimi automatycznymi liniami do powlekania farbami na bazie wody, w celu osi\u0105gni\u0119cia automatycznego za\u0142adunku i roz\u0142adunku robota oraz automatycznego natryskiwania, wydajno\u015b\u0107 projektowa 4000 sztuk na zmian\u0119;<br \/>\nPosiadamy r\u00f3wnie\u017c p\u00f3\u0142automatyczn\u0105 lini\u0119 do produkcji farb do du\u017cych cylindr\u00f3w nap\u0119dzan\u0105 \u0142a\u0144cuchem nap\u0119dowym, o wydajno\u015bci 60 skrzy\u0144 na zmian\u0119.<\/p>\n<p><img loading=\"lazy\" decoding=\"async\" class=\"alignnone wp-image-630\" src=\"https:\/\/hydraulic-cylinders.net\/wp-content\/uploads\/2023\/08\/hydraulic-cylinder-product-5-300x213.webp\" alt=\"\" width=\"366\" height=\"260\" \/> <img loading=\"lazy\" decoding=\"async\" class=\"alignnone wp-image-631\" src=\"https:\/\/hydraulic-cylinders.net\/wp-content\/uploads\/2023\/08\/hydraulic-cylinder-product-6-300x225.webp\" alt=\"\" width=\"347\" height=\"260\" \/><\/p>\n<h3>(5) Testowanie<\/h3>\n<p>Dysponujemy najwy\u017cszej klasy urz\u0105dzeniami kontrolnymi i stanowiskami testowymi, aby zapewni\u0107, \u017ce wydajno\u015b\u0107 cylindra spe\u0142nia wymagania.<\/p>\n<p><img loading=\"lazy\" decoding=\"async\" class=\"alignnone wp-image-632\" src=\"https:\/\/hydraulic-cylinders.net\/wp-content\/uploads\/2023\/08\/hydraulic-cylinder-product-8-300x200.webp\" alt=\"\" width=\"389\" height=\"260\" \/><\/p>\n<p>&nbsp;<\/p>\n<p>&nbsp;<\/p>\n<p>Jeste\u015bmy jednym z najlepszych producent\u00f3w cylindr\u00f3w hydraulicznych. Oferujemy kompleksow\u0105 ofert\u0119 cylindr\u00f3w hydraulicznych. Dostarczamy r\u00f3wnie\u017c\u2026 <a href=\"https:\/\/hzpt.com\/agricultural-pto-gearbox\/\" target=\"_blank\" rel=\"noopener\">przek\u0142adnie rolnicze<\/a>. Eksportowali\u015bmy nasze produkty do klient\u00f3w na ca\u0142ym \u015bwiecie i zdobyli\u015bmy dobr\u0105 reputacj\u0119 dzi\u0119ki najwy\u017cszej jako\u015bci produkt\u00f3w i us\u0142ug posprzeda\u017cnych. Zapraszamy klient\u00f3w w kraju i za granic\u0105 do kontaktu z nami w celu negocjacji biznesowych, wymiany informacji i <a href=\"https:\/\/www.hydraulic-cylinders.net\/pl\/contact-us\/\">wsp\u00f3\u0142pracowa\u0107 z nami<\/a>!<\/p>\n<p>&nbsp;<\/p>","protected":false},"excerpt":{"rendered":"<p>Double Shield TBM Main Thrust Cylinder The double shield TBM main thrust cylinder is a cutting-edge hydraulic component designed to optimize the performance and efficiency of tunnel boring machines. This specialized cylinder is crucial in providing the necessary thrust force to propel the tunnel through a tedious process. This informative article will explore the key [&hellip;]<\/p>","protected":false},"featured_media":1912,"comment_status":"open","ping_status":"closed","template":"","meta":{"_et_pb_use_builder":"","_et_pb_old_content":"","_et_gb_content_width":""},"product_brand":[],"product_cat":[1519,1549],"product_tag":[],"class_list":{"0":"post-1910","1":"product","2":"type-product","3":"status-publish","4":"has-post-thumbnail","6":"product_cat-shield-machine-hydraulic-cylinders","7":"product_cat-single-acting-hydraulic-cylinder","9":"first","10":"instock","11":"shipping-taxable","12":"product-type-simple"},"amp_enabled":true,"_links":{"self":[{"href":"https:\/\/www.hydraulic-cylinders.net\/pl\/wp-json\/wp\/v2\/product\/1910","targetHints":{"allow":["GET"]}}],"collection":[{"href":"https:\/\/www.hydraulic-cylinders.net\/pl\/wp-json\/wp\/v2\/product"}],"about":[{"href":"https:\/\/www.hydraulic-cylinders.net\/pl\/wp-json\/wp\/v2\/types\/product"}],"replies":[{"embeddable":true,"href":"https:\/\/www.hydraulic-cylinders.net\/pl\/wp-json\/wp\/v2\/comments?post=1910"}],"wp:featuredmedia":[{"embeddable":true,"href":"https:\/\/www.hydraulic-cylinders.net\/pl\/wp-json\/wp\/v2\/media\/1912"}],"wp:attachment":[{"href":"https:\/\/www.hydraulic-cylinders.net\/pl\/wp-json\/wp\/v2\/media?parent=1910"}],"wp:term":[{"taxonomy":"product_brand","embeddable":true,"href":"https:\/\/www.hydraulic-cylinders.net\/pl\/wp-json\/wp\/v2\/product_brand?post=1910"},{"taxonomy":"product_cat","embeddable":true,"href":"https:\/\/www.hydraulic-cylinders.net\/pl\/wp-json\/wp\/v2\/product_cat?post=1910"},{"taxonomy":"product_tag","embeddable":true,"href":"https:\/\/www.hydraulic-cylinders.net\/pl\/wp-json\/wp\/v2\/product_tag?post=1910"}],"curies":[{"name":"wp","href":"https:\/\/api.w.org\/{rel}","templated":true}]}}