{"id":19122,"date":"2025-04-07T06:14:00","date_gmt":"2025-04-07T06:14:00","guid":{"rendered":"https:\/\/www.hydraulic-cylinders.net\/product\/boom-cylinder-for-volvo-large-excavator-ec480b\/"},"modified":"2025-04-07T06:14:02","modified_gmt":"2025-04-07T06:14:02","slug":"boom-cylinder-for-volvo-large-excavator-ec480b","status":"publish","type":"product","link":"https:\/\/www.hydraulic-cylinders.net\/pl\/produkt\/boom-cylinder-for-volvo-large-excavator-ec480b\/","title":{"rendered":"Si\u0142ownik wysi\u0119gnika do du\u017cej koparki Volvo EC480B"},"content":{"rendered":"<h1>Si\u0142ownik wysi\u0119gnika do du\u017cej koparki Volvo EC480B<\/h1>\n<h2>Wprowadzenie do cylindra wysi\u0119gnika<\/h2>\n<p>Si\u0142ownik wysi\u0119gnika jest kluczowym elementem ci\u0119\u017ckiego sprz\u0119tu, szczeg\u00f3lnie koparek takich jak Volvo EC480B. Jest to rodzaj si\u0142ownika hydraulicznego zaprojektowanego specjalnie do sterowania ruchem wysi\u0119gnika, co jest niezb\u0119dne podczas r\u00f3\u017cnych zada\u0144 zwi\u0105zanych z prze\u0142adunkiem materia\u0142\u00f3w. Ten si\u0142ownik hydrauliczny umo\u017cliwia podnoszenie, opuszczanie i przechylanie wysi\u0119gnika, u\u0142atwiaj\u0105c sprawn\u0105 prac\u0119 w projektach budowlanych i wykopaliskowych.<\/p>\n<p><img decoding=\"async\" src=\"https:\/\/www.hydraulic-cylinders.net\/wp-content\/uploads\/2025\/04\/songte-company-1.webp\" alt=\"Si\u0142ownik wysi\u0119gnika do koparek\" \/><\/p>\n<h3>Funkcja i zastosowanie si\u0142ownika wysi\u0119gnika<\/h3>\n<p>Si\u0142ownik wysi\u0119gnika odgrywa istotn\u0105 rol\u0119 w uk\u0142adzie hydraulicznym koparki. Umo\u017cliwia precyzyjne ruchy, niezb\u0119dne do takich zada\u0144 jak kopanie, podnoszenie i transport materia\u0142\u00f3w. Mechanizm hydrauliczny si\u0142ownika zapewnia niezb\u0119dn\u0105 si\u0142\u0119 do p\u0142ynnego i wydajnego wykonywania tych czynno\u015bci. Si\u0142owniki te s\u0105 stosowane g\u0142\u00f3wnie w:<\/p>\n<ul>\n<li><strong>Koparki:<\/strong> Umo\u017cliwiaj\u0105 wysuwanie i wsuwanie wysi\u0119gnika, co pozwala na kopanie i za\u0142adunek.<\/li>\n<li><strong>Koparko-\u0142adowarki:<\/strong> W koparko-\u0142adowarkach si\u0142ownik wysi\u0119gnika pomaga w podnoszeniu materia\u0142\u00f3w i kopaniu row\u00f3w.<\/li>\n<li><strong>\u0141adowarki czo\u0142owe:<\/strong> W tym przypadku si\u0142ownik wysi\u0119gnika pomaga w podnoszeniu i zrzucaniu materia\u0142\u00f3w takich jak gleba i gruz.<\/li>\n<\/ul>\n<h2>Cechy cylindra wysi\u0119gnika<\/h2>\n<ul>\n<li><strong>Wysoka wytrzyma\u0142o\u015b\u0107 i trwa\u0142o\u015b\u0107:<\/strong> Wykonane z wytrzyma\u0142ej stali lub aluminium, cylindry te wytrzymuj\u0105 du\u017ce ci\u015bnienie i du\u017ce obci\u0105\u017cenia, dzi\u0119ki czemu nadaj\u0105 si\u0119 do pracy w trudnych warunkach.<\/li>\n<li><strong>Wydajna praca uk\u0142adu hydraulicznego:<\/strong> Si\u0142ownik wysi\u0119gnika wykorzystuje ci\u015bnienie oleju hydraulicznego do p\u0142ynnego wysuwania i wsuwania, zapewniaj\u0105c du\u017c\u0105 si\u0142\u0119 ud\u017awigu i reakcj\u0119.<\/li>\n<li><strong>R\u00f3\u017cnorodno\u015b\u0107 typ\u00f3w:<\/strong> Dost\u0119pne w konfiguracji jednostronnego dzia\u0142ania (ci\u015bnienie hydrauliczne w jednym kierunku) lub dwustronnego dzia\u0142ania (ci\u015bnienie w obu kierunkach), przy czym niekt\u00f3re modele s\u0105 teleskopowe, co zapewnia wi\u0119kszy zasi\u0119g.<\/li>\n<li><strong>Odporno\u015b\u0107 na korozj\u0119:<\/strong> Zaprojektowane z materia\u0142\u00f3w odpornych na zu\u017cycie i korozj\u0119, wyd\u0142u\u017caj\u0105c w ten spos\u00f3b \u017cywotno\u015b\u0107 w r\u00f3\u017cnych zastosowaniach.<\/li>\n<li><strong>\u0141atwa konserwacja:<\/strong> Zaprojektowane z my\u015bl\u0105 o prostych naprawach i konserwacjach, gwarantuj\u0105ce d\u0142ugoterminow\u0105 niezawodno\u015b\u0107.<\/li>\n<\/ul>\n<h2>Produkcja cylindra wysi\u0119gnika<\/h2>\n<p>Specjalizujemy si\u0119 w produkcji wysokiej jako\u015bci si\u0142ownik\u00f3w wysi\u0119gnika, kt\u00f3re doskonale zast\u0119puj\u0105 istniej\u0105ce si\u0142owniki hydrauliczne w r\u00f3\u017cnych maszynach ci\u0119\u017ckich. Nasze produkty s\u0105 wykonane z precyzj\u0105, co gwarantuje kompatybilno\u015b\u0107 i doskona\u0142\u0105 wydajno\u015b\u0107.<\/p>\n<p><img decoding=\"async\" src=\"https:\/\/www.hydraulic-cylinders.net\/wp-content\/uploads\/2025\/04\/songte-cylinder-head-with-all-kinds-excavator-models.webp\" alt=\"Produkcja cylindr\u00f3w hydraulicznych\" \/><\/p>\n<h2>Zastosowania cylindra wysi\u0119gnika<\/h2>\n<h3>Sprz\u0119t budowlany<\/h3>\n<p>W koparkach si\u0142owniki wysi\u0119gnika s\u0105 niezb\u0119dne do kopania, za\u0142adunku i przemieszczania ziemi lub gruzu. Zapewniaj\u0105 one niezb\u0119dn\u0105 moc do penetracji gleby, umo\u017cliwiaj\u0105c operatorom wydajne wykonywanie zada\u0144. W koparko-\u0142adowarkach si\u0142owniki te nie tylko wspomagaj\u0105 kopanie, ale tak\u017ce podnoszenie ci\u0119\u017ckich \u0142adunk\u00f3w, co czyni je niezast\u0105pionymi na placach budowy.<\/p>\n<h3>Maszyny rolnicze<\/h3>\n<p>W \u0142adowarkach czo\u0142owych si\u0142owniki wysi\u0119gnika s\u0142u\u017c\u0105 do nabierania, podnoszenia i transportu gleby, siana i innych materia\u0142\u00f3w. Ich zdolno\u015b\u0107 do precyzyjnego podnoszenia ci\u0119\u017ckich \u0142adunk\u00f3w sprawia, \u017ce \u200b\u200bidealnie nadaj\u0105 si\u0119 do prac rolniczych, zwi\u0119kszaj\u0105c produktywno\u015b\u0107 i efektywno\u015b\u0107 gospodarstw rolnych.<\/p>\n<h3>Operacje koparkowe<\/h3>\n<p>W koparkach si\u0142ownik wysi\u0119gnika u\u0142atwia kopanie, umo\u017cliwiaj\u0105c \u0142y\u017cce skuteczne zag\u0142\u0119bianie si\u0119 w gleb\u0119. Ta funkcja ma kluczowe znaczenie w przypadku r\u00f3\u017cnych prac wykopaliskowych, przyczyniaj\u0105c si\u0119 do og\u00f3lnej efektywno\u015bci maszyn w projektach budowlanych.<\/p>\n<h3>Operacje \u0142adowarki<\/h3>\n<p>W \u0142adowarkach czo\u0142owych si\u0142owniki wysi\u0119gnika wspomagaj\u0105 wydajne podnoszenie i zrzucanie \u0142adunk\u00f3w. S\u0105 niezb\u0119dne do przemieszczania materia\u0142\u00f3w takich jak \u017cwir i gleba, przyczyniaj\u0105c si\u0119 do usprawnienia pracy \u0142adowarek w r\u00f3\u017cnych warunkach.<\/p>\n<h2>Zagadnienia projektowe i kryteria wyboru<\/h2>\n<h3>No\u015bno\u015b\u0107<\/h3>\n<p>No\u015bno\u015b\u0107 si\u0142ownika wysi\u0119gnika ma kluczowe znaczenie dla zapewnienia jego wytrzyma\u0142o\u015bci na obci\u0105\u017cenia i si\u0142y wyst\u0119puj\u0105ce podczas pracy. Czynnik ten wp\u0142ywa na dob\u00f3r materia\u0142\u00f3w i konstrukcji, aby zapewni\u0107 bezpiecze\u0144stwo i wydajno\u015b\u0107.<\/p>\n<h3>Opiecz\u0119towanie<\/h3>\n<p>Skuteczne uszczelnienie jest kluczowe dla zapobiegania wyciekom p\u0142ynu hydraulicznego, zapewniaj\u0105c optymaln\u0105 wydajno\u015b\u0107 i trwa\u0142o\u015b\u0107. Wyb\u00f3r materia\u0142\u00f3w uszczelniaj\u0105cych, takich jak poliuretan i kauczuk nitrylowy, mo\u017ce znacz\u0105co wp\u0142yn\u0105\u0107 na trwa\u0142o\u015b\u0107 i niezawodno\u015b\u0107 si\u0142ownika.<\/p>\n<h3>Trwa\u0142o\u015b\u0107<\/h3>\n<p>Trwa\u0142o\u015b\u0107 jest kluczowa w projektowaniu cylindr\u00f3w hydraulicznych, poniewa\u017c komponenty te cz\u0119sto pracuj\u0105 w trudnych warunkach. Cechy takie jak pow\u0142oki przeciwzu\u017cyciowe i zastosowanie wysokiej jako\u015bci materia\u0142\u00f3w zwi\u0119kszaj\u0105 wytrzyma\u0142o\u015b\u0107 i \u017cywotno\u015b\u0107 cylindra.<\/p>\n<h3>Bezpiecze\u0144stwo<\/h3>\n<p>Przy projektowaniu si\u0142ownik\u00f3w hydraulicznych priorytetem s\u0105 wzgl\u0119dy bezpiecze\u0144stwa. Obejmuje to wdra\u017canie rozwi\u0105za\u0144 zapobiegaj\u0105cych przeci\u0105\u017ceniom i zapewniaj\u0105cych stabiln\u0105 prac\u0119, chroni\u0105c operator\u00f3w i sprz\u0119t przed potencjalnymi zagro\u017ceniami.<\/p>\n<h3>U\u017cytkowalno\u015b\u0107<\/h3>\n<p>Projektowanie z my\u015bl\u0105 o \u0142atwo\u015bci konserwacji jest kluczowe. Obejmuje to dost\u0119pno\u015b\u0107 w celu dokonania napraw i wymiany cz\u0119\u015bci, co pomaga zminimalizowa\u0107 przestoje i utrzyma\u0107 wydajno\u015b\u0107 operacyjn\u0105.<\/p>\n<p><img decoding=\"async\" src=\"https:\/\/www.hydraulic-cylinders.net\/wp-content\/uploads\/2025\/04\/songte-oil-pipes-and-spare-parts.webp\" alt=\"Komponenty cylindr\u00f3w hydraulicznych\" \/><\/p>\n<h2>Uszczelnianie i smarowanie<\/h2>\n<p>Prawid\u0142owe uszczelnienie i smarowanie s\u0105 niezb\u0119dne do prawid\u0142owego dzia\u0142ania si\u0142ownik\u00f3w wysi\u0119gnika. R\u00f3\u017cne elementy uszczelniaj\u0105ce, takie jak uszczelnienia t\u0142oka i t\u0142oczyska, zapobiegaj\u0105 wyciekom cieczy. Materia\u0142y takie jak poliuretan i kauczuk nitrylowy s\u0105 dobierane ze wzgl\u0119du na ich odporno\u015b\u0107 na zu\u017cycie. Korpus si\u0142ownika i gwintowane powierzchnie ko\u0144cowe s\u0105 precyzyjnie obrabiane w celu zwi\u0119kszenia trwa\u0142o\u015bci. Regularne smarowanie olejem hydraulicznym jest niezb\u0119dne dla zapewnienia p\u0142ynnej pracy i zmniejszenia zu\u017cycia.<\/p>\n<h2>\u015arodki konserwacji zapobiegawczej<\/h2>\n<ul>\n<li><strong>Regularne kontrole:<\/strong> Regularnie sprawdzaj si\u0142ownik wysi\u0119gnika pod k\u0105tem oznak zu\u017cycia lub nieszczelno\u015bci. Wczesne wykrycie mo\u017ce zapobiec powa\u017cniejszym problemom.<\/li>\n<li><strong>Prawid\u0142owe smarowanie:<\/strong> Aby zapewni\u0107 p\u0142ynn\u0105 prac\u0119, nale\u017cy zadba\u0107 o odpowiednie smarowanie cylindra olejem hydraulicznym.<\/li>\n<li><strong>Wymiana uszczelki:<\/strong> Monitoruj stan uszczelek pod k\u0105tem degradacji i wymieniaj je w razie potrzeby, aby zapobiega\u0107 wyciekom i zachowa\u0107 wydajno\u015b\u0107.<\/li>\n<\/ul>\n<h2>Wytyczne dotycz\u0105ce instalacji<\/h2>\n<p>Prawid\u0142owy monta\u017c si\u0142ownika wysi\u0119gnika jest niezb\u0119dny dla zapewnienia optymalnej wydajno\u015bci. Wykonaj nast\u0119puj\u0105ce kroki:<\/p>\n<ol>\n<li>Przygotuj miejsce monta\u017cu, upewniaj\u0105c si\u0119, \u017ce jest czyste i wolne od zanieczyszcze\u0144.<\/li>\n<li>Dok\u0142adnie wyr\u00f3wnaj cylinder ze wspornikami monta\u017cowymi, aby zapobiec nier\u00f3wnomiernemu roz\u0142o\u017ceniu napr\u0119\u017ce\u0144.<\/li>\n<li>Zastosuj odpowiednie elementy monta\u017cowe, aby zamocowa\u0107 cylinder na miejscu.<\/li>\n<li>Przed rozpocz\u0119ciem u\u017cytkowania nale\u017cy sprawdzi\u0107 szczelno\u015b\u0107 po\u0142\u0105cze\u0144 hydraulicznych.<\/li>\n<li>Przetestuj ruch cylindra, aby upewni\u0107 si\u0119, \u017ce dzia\u0142a p\u0142ynnie i bez przeszk\u00f3d.<\/li>\n<\/ol>\n<h2>Typowe zadania konserwacyjne<\/h2>\n<ul>\n<li><strong>Regularne kontrole:<\/strong> Przeprowadzaj cotygodniowe kontrole, aby wcze\u015bnie wykry\u0107 zu\u017cycie lub uszkodzenia.<\/li>\n<li><strong>Prawid\u0142owe smarowanie:<\/strong> Regularnie smaruj cylinder, aby zapewni\u0107 p\u0142ynny ruch i zmniejszy\u0107 tarcie.<\/li>\n<li><strong>Wymiana uszczelki:<\/strong> Monitoruj stan uszczelek i wymieniaj je w razie potrzeby, aby zapobiec wyciekom p\u0142ynu hydraulicznego.<\/li>\n<\/ul>\n<h2>Zagadnienia bezpiecze\u0144stwa i czynniki \u015brodowiskowe<\/h2>\n<p>Podczas obs\u0142ugi uk\u0142ad\u00f3w hydraulicznych \u015brodki bezpiecze\u0144stwa s\u0105 kluczowe. Upewnij si\u0119, \u017ce operatorzy s\u0105 przeszkoleni w zakresie rozpoznawania zagro\u017ce\u0144 i przestrzegania w\u0142a\u015bciwych procedur. Obejmuje to noszenie sprz\u0119tu ochronnego i zrozumienie mo\u017cliwo\u015bci maszyny, aby unikn\u0105\u0107 przeci\u0105\u017ce\u0144 i wypadk\u00f3w.<\/p>\n<h2>Rozwi\u0105zywanie problem\u00f3w i typowe problemy<\/h2>\n<ul>\n<li><strong>Przeciek:<\/strong> Sprawd\u017a, czy nie ma \u015blad\u00f3w wyciek\u00f3w p\u0142ynu hydraulicznego, kt\u00f3re mog\u0105 wskazywa\u0107 na zu\u017cycie uszczelek lub uszkodzenie cz\u0119\u015bci.<\/li>\n<li><strong>Powolna praca:<\/strong> Mo\u017ce to by\u0107 spowodowane niskim poziomem oleju hydraulicznego lub uszkodzeniem wewn\u0119trznym. Sprawd\u017a uk\u0142ad pod k\u0105tem zator\u00f3w lub wyciek\u00f3w.<\/li>\n<li><strong>Brak ruchu:<\/strong> Upewnij si\u0119, \u017ce olej hydrauliczny jest odpowiednio nape\u0142niony i sprawd\u017a, czy nie ma \u017cadnych przeszk\u00f3d lub uszkodze\u0144 mechanicznych.<\/li>\n<\/ul>\n<h2>Wskaz\u00f3wki dotycz\u0105ce rozwi\u0105zywania problem\u00f3w<\/h2>\n<p>Szybkie rozwi\u0105zywanie problem\u00f3w mo\u017ce zapobiec dalszym uszkodzeniom. Regularnie sprawdzaj poziom oleju hydraulicznego, sprawdzaj szczelno\u015b\u0107 i utrzymuj czysto\u015b\u0107 wok\u00f3\u0142 uk\u0142adu hydraulicznego. Wdro\u017cenie \u015brodk\u00f3w zapobiegawczych pomo\u017ce zminimalizowa\u0107 potencjalne problemy.<\/p>\n<p><img decoding=\"async\" src=\"https:\/\/www.hydraulic-cylinders.net\/wp-content\/uploads\/2025\/04\/songte-bushings-with-all-kinds-of-excavator-models.webp\" alt=\"Komponenty koparki\" \/><\/p>\n<h2>O naszej firmie<\/h2>\n<p>Jeste\u015bmy wiod\u0105cym producentem si\u0142ownik\u00f3w hydraulicznych, specjalizuj\u0105cym si\u0119 w produkcji si\u0142ownik\u00f3w zamiennych do r\u00f3\u017cnych zastosowa\u0144. Nasza szeroka gama produkt\u00f3w zapewni\u0142a nam pozycj\u0119 kluczowego gracza na rynku krajowym i mi\u0119dzynarodowym. D\u0105\u017cymy do doskona\u0142o\u015bci, wykorzystuj\u0105c zaawansowane strategie produkcyjne i technologie, aby zapewni\u0107 wysok\u0105 jako\u015b\u0107 produkt\u00f3w.<\/p>\n<p>Nasze mocne strony to:<\/p>\n<ul>\n<li><strong>Ekspertyza:<\/strong> Nasz zesp\u00f3\u0142 sk\u0142ada si\u0119 z wykwalifikowanych specjalist\u00f3w, kt\u00f3rych misj\u0105 jest dostarczanie najwy\u017cszej jako\u015bci rozwi\u0105za\u0144 hydraulicznych.<\/li>\n<li><strong>Certyfikaty mi\u0119dzynarodowe:<\/strong> Przestrzegamy \u015bwiatowych standard\u00f3w, co gwarantuje, \u017ce nasze produkty spe\u0142niaj\u0105 rygorystyczne wymagania jako\u015bciowe.<\/li>\n<li><strong>Us\u0142ugi niestandardowe:<\/strong> Oferujemy rozwi\u0105zania dostosowane do indywidualnych potrzeb klient\u00f3w, zwi\u0119kszaj\u0105c ich zadowolenie i wydajno\u015b\u0107.<\/li>\n<li><strong>Zaawansowany sprz\u0119t produkcyjny:<\/strong> Wykorzystanie najnowocze\u015bniejszej technologii produkcyjnej w celu optymalizacji wydajno\u015bci i jako\u015bci produkcji.<\/li>\n<li><strong>Wsparcie posprzeda\u017cowe:<\/strong> Nasz oddany zesp\u00f3\u0142 obs\u0142ugi klienta zapewnia sta\u0142e wsparcie, gwarantuj\u0105c satysfakcj\u0119 klienta.<\/li>\n<\/ul>\n<p><img decoding=\"async\" src=\"https:\/\/www.hydraulic-cylinders.net\/wp-content\/uploads\/2025\/04\/songte-company-4.webp\" alt=\"Obiekt firmy\" \/><br \/>\n<img decoding=\"async\" src=\"https:\/\/www.hydraulic-cylinders.net\/wp-content\/uploads\/2025\/04\/songte-company-3.webp\" alt=\"Produkcja cylindr\u00f3w hydraulicznych\" \/><\/p>\n<p>Autor: lyl<\/p>","protected":false},"excerpt":{"rendered":"<p>Boom Cylinder For Volvo Large Excavator EC480B Introduction to Boom Cylinder The Boom Cylinder is a crucial component in heavy machinery, particularly in excavators like the Volvo EC480B. It is a type of hydraulic cylinder specifically designed to control the movement of the boom, which is essential for various material handling tasks. This hydraulic cylinder [&hellip;]<\/p>","protected":false},"featured_media":17868,"comment_status":"open","ping_status":"closed","template":"","meta":{"_et_pb_use_builder":"","_et_pb_old_content":"","_et_gb_content_width":""},"product_brand":[],"product_cat":[1546],"product_tag":[1547,1496],"class_list":{"0":"post-19122","1":"product","2":"type-product","3":"status-publish","4":"has-post-thumbnail","6":"product_cat-boom-cylinders","7":"product_tag-boom-cylinders","8":"product_tag-hydraulic-cylinders","10":"first","11":"instock","12":"shipping-taxable","13":"product-type-simple"},"amp_enabled":true,"_links":{"self":[{"href":"https:\/\/www.hydraulic-cylinders.net\/pl\/wp-json\/wp\/v2\/product\/19122","targetHints":{"allow":["GET"]}}],"collection":[{"href":"https:\/\/www.hydraulic-cylinders.net\/pl\/wp-json\/wp\/v2\/product"}],"about":[{"href":"https:\/\/www.hydraulic-cylinders.net\/pl\/wp-json\/wp\/v2\/types\/product"}],"replies":[{"embeddable":true,"href":"https:\/\/www.hydraulic-cylinders.net\/pl\/wp-json\/wp\/v2\/comments?post=19122"}],"wp:featuredmedia":[{"embeddable":true,"href":"https:\/\/www.hydraulic-cylinders.net\/pl\/wp-json\/wp\/v2\/media\/17868"}],"wp:attachment":[{"href":"https:\/\/www.hydraulic-cylinders.net\/pl\/wp-json\/wp\/v2\/media?parent=19122"}],"wp:term":[{"taxonomy":"product_brand","embeddable":true,"href":"https:\/\/www.hydraulic-cylinders.net\/pl\/wp-json\/wp\/v2\/product_brand?post=19122"},{"taxonomy":"product_cat","embeddable":true,"href":"https:\/\/www.hydraulic-cylinders.net\/pl\/wp-json\/wp\/v2\/product_cat?post=19122"},{"taxonomy":"product_tag","embeddable":true,"href":"https:\/\/www.hydraulic-cylinders.net\/pl\/wp-json\/wp\/v2\/product_tag?post=19122"}],"curies":[{"name":"wp","href":"https:\/\/api.w.org\/{rel}","templated":true}]}}