{"id":19124,"date":"2025-04-07T06:14:04","date_gmt":"2025-04-07T06:14:04","guid":{"rendered":"https:\/\/www.hydraulic-cylinders.net\/product\/boom-cylinder-for-volvo-large-excavator-ec300d\/"},"modified":"2025-04-07T06:14:06","modified_gmt":"2025-04-07T06:14:06","slug":"boom-cylinder-for-volvo-large-excavator-ec300d","status":"publish","type":"product","link":"https:\/\/www.hydraulic-cylinders.net\/pl\/produkt\/boom-cylinder-for-volvo-large-excavator-ec300d\/","title":{"rendered":"Si\u0142ownik wysi\u0119gnika do du\u017cej koparki Volvo EC300D"},"content":{"rendered":"<h1>Si\u0142ownik wysi\u0119gnika do du\u017cej koparki Volvo EC300D<\/h1>\n<h2>Przegl\u0105d produktu<\/h2>\n<p>Si\u0142ownik wysi\u0119gnika do du\u017cej koparki Volvo EC300D to kluczowy element hydrauliczny, kt\u00f3ry odgrywa kluczow\u0105 rol\u0119 w obs\u0142udze ci\u0119\u017ckich maszyn. Ten typ si\u0142ownika hydraulicznego zosta\u0142 zaprojektowany specjalnie do sterowania ruchem \u0142y\u017cki w r\u00f3\u017cnych maszynach ci\u0119\u017ckich, takich jak koparki, koparko-\u0142adowarki i \u0142adowarki czo\u0142owe. Umo\u017cliwia on podnoszenie, opuszczanie i przechylanie \u0142y\u017cki, u\u0142atwiaj\u0105c prze\u0142adunek materia\u0142\u00f3w w budownictwie i innych bran\u017cach.<\/p>\n<p>Si\u0142owniki hydrauliczne, podobnie jak si\u0142ownik wysi\u0119gnika, wykorzystuj\u0105 ci\u015bnienie p\u0142ynu do generowania si\u0142y i ruchu. S\u0105 one niezb\u0119dne do wykonywania operacji podnoszenia i kopania z du\u017c\u0105 si\u0142\u0105. Si\u0142ownik wysi\u0119gnika zosta\u0142 zaprojektowany z my\u015bl\u0105 o trwa\u0142o\u015bci i wydajno\u015bci, zapewniaj\u0105c operatorom precyzj\u0119 i niezawodno\u015b\u0107 podczas wykonywania zada\u0144.<\/p>\n<p><img decoding=\"async\" src=\"https:\/\/www.hydraulic-cylinders.net\/wp-content\/uploads\/2025\/04\/songte-company-1.webp\" alt=\"Si\u0142ownik wysi\u0119gnika do koparek\"><\/p>\n<h2>Cechy cylindra wysi\u0119gnika<\/h2>\n<ul>\n<li><strong>Wysoka wytrzyma\u0142o\u015b\u0107 i trwa\u0142o\u015b\u0107:<\/strong> Cylindry te, wykonane zazwyczaj z wytrzyma\u0142ej stali lub aluminium, wytrzymuj\u0105 du\u017ce ci\u015bnienie i obci\u0105\u017cenia, dzi\u0119ki czemu nadaj\u0105 si\u0119 do pracy w trudnych warunkach.<\/li>\n<li><strong>Wydajna praca uk\u0142adu hydraulicznego:<\/strong> Si\u0142ownik dzia\u0142a p\u0142ynnie dzi\u0119ki wykorzystaniu ci\u015bnienia oleju hydraulicznego, zapewniaj\u0105c szybk\u0105 reakcj\u0119 i du\u017c\u0105 si\u0142\u0119 pchania i ci\u0105gni\u0119cia, co jest idealne do obs\u0142ugi ci\u0119\u017ckich i skomplikowanych zada\u0144.<\/li>\n<li><strong>Dost\u0119pne r\u00f3\u017cne typy:<\/strong> Dost\u0119pne s\u0105 si\u0142owniki jednostronnego dzia\u0142ania (wykorzystuj\u0105ce ci\u015bnienie hydrauliczne w jednym kierunku) lub dwustronnego dzia\u0142ania (wykorzystuj\u0105ce ci\u015bnienie hydrauliczne w obu kierunkach), dostosowane do r\u00f3\u017cnych wymaga\u0144 operacyjnych.<\/li>\n<li><strong>Kompaktowa konstrukcja:<\/strong> Niekt\u00f3re modele maj\u0105 konstrukcj\u0119 teleskopow\u0105, kt\u00f3ra umo\u017cliwia wi\u0119ksze wysuni\u0119cie urz\u0105dzenia bez zwi\u0119kszania jego wymiar\u00f3w zewn\u0119trznych, co jest szczeg\u00f3lnie przydatne w zastosowaniach o ograniczonej przestrzeni.<\/li>\n<li><strong>Produkcja niestandardowa:<\/strong> Produkujemy ten produkt, aby zapewni\u0107 doskona\u0142\u0105 wymian\u0119 dla szeregu si\u0142ownik\u00f3w hydraulicznych, gwarantuj\u0105c kompatybilno\u015b\u0107 i wydajno\u015b\u0107.<\/li>\n<\/ul>\n<p><img decoding=\"async\" src=\"https:\/\/www.hydraulic-cylinders.net\/wp-content\/uploads\/2025\/04\/songte-cylinder-head-with-all-kinds-excavator-models.webp\" alt=\"G\u0142owica cylindra hydraulicznego\"><\/p>\n<h2>Zastosowania cylindra wysi\u0119gnika<\/h2>\n<h3>Sprz\u0119t budowlany<\/h3>\n<p>W koparkach si\u0142owniki wysi\u0119gnika odgrywaj\u0105 kluczow\u0105 rol\u0119 w kopaniu, za\u0142adunku i przemieszczaniu ziemi lub gruzu. Umo\u017cliwiaj\u0105 one wysuwanie i wsuwanie ramienia koparki, zachowuj\u0105c jednocze\u015bnie stabilno\u015b\u0107 i precyzj\u0119, co jest niezb\u0119dne w przypadku r\u00f3\u017cnych zada\u0144 budowlanych. Mo\u017cliwo\u015b\u0107 szybkiego operowania \u0142y\u017ck\u0105 zwi\u0119ksza wydajno\u015b\u0107 na placach budowy.<\/p>\n<h3>Maszyny rolnicze<\/h3>\n<p>W \u0142adowarkach czo\u0142owych si\u0142owniki wysi\u0119gnika u\u0142atwiaj\u0105 nabieranie, podnoszenie i transport ziemi, siana i innych materia\u0142\u00f3w. Ta funkcjonalno\u015b\u0107 jest niezb\u0119dna w rolnictwie, gdzie terminowe i efektywne przemieszczanie materia\u0142\u00f3w mo\u017ce znacz\u0105co wp\u0142yn\u0105\u0107 na wydajno\u015b\u0107 i efektywno\u015b\u0107.<\/p>\n<h3>Koparki<\/h3>\n<p>W koparkach si\u0142ownik wysi\u0119gnika umo\u017cliwia \u0142y\u017cce zag\u0142\u0119bianie si\u0119 w grunt podczas prac wykopaliskowych. To hydrauliczne dzia\u0142anie zapewnia si\u0142\u0119 niezb\u0119dn\u0105 do przebicia si\u0119 przez trudne warunki gruntowe, co czyni koparki niezast\u0105pionymi w projektach in\u017cynierii l\u0105dowej i wodnej.<\/p>\n<h3>\u0141adowarki<\/h3>\n<p>W \u0142adowarkach czo\u0142owych si\u0142owniki wysi\u0119gnika wspomagaj\u0105 efektywne podnoszenie i zrzucanie \u0142adunk\u00f3w. Zapewniaj\u0105 niezb\u0119dn\u0105 d\u017awigni\u0119 do obs\u0142ugi ci\u0119\u017ckich materia\u0142\u00f3w, zwi\u0119kszaj\u0105c wydajno\u015b\u0107 operacyjn\u0105 i wszechstronno\u015b\u0107 \u0142adowarki na r\u00f3\u017cnych placach budowy.<\/p>\n<h2>Zagadnienia projektowe i standardy wyboru<\/h2>\n<h3>No\u015bno\u015b\u0107<\/h3>\n<p>Przy wyborze si\u0142ownika wysi\u0119gnika kluczowe znaczenie ma zrozumienie jego no\u015bno\u015bci. Ten parametr okre\u015bla, jaki ci\u0119\u017car si\u0142ownik mo\u017ce bezpiecznie podnie\u015b\u0107 i obs\u0142u\u017cy\u0107 bez naruszenia integralno\u015bci konstrukcyjnej. Aby zapewni\u0107 bezpiecze\u0144stwo i trwa\u0142o\u015b\u0107 podczas pracy, kluczowe jest wybranie si\u0142ownika o ud\u017awigu wy\u017cszym ni\u017c przewidywany.<\/p>\n<h3>Uszczelnienie i trwa\u0142o\u015b\u0107<\/h3>\n<p>Uszczelnienie to kolejny kluczowy element konstrukcyjny, zapobiegaj\u0105cy wyciekom i zanieczyszczeniom p\u0142ynu hydraulicznego. Wysokiej jako\u015bci uszczelki wykonane z trwa\u0142ych materia\u0142\u00f3w, takich jak poliuretan lub kauczuk nitrylowy, s\u0105 niezb\u0119dne do utrzymania wydajno\u015bci cylindra. Regularna kontrola uszczelek jest konieczna, aby zapewni\u0107 ich skuteczno\u015b\u0107 przez ca\u0142y okres eksploatacji cylindra.<\/p>\n<h3>Funkcje bezpiecze\u0144stwa<\/h3>\n<p>Bezpiecze\u0144stwo powinno by\u0107 zawsze priorytetem w projektowaniu cylindr\u00f3w hydraulicznych. Takie rozwi\u0105zania jak zawory bezpiecze\u0144stwa i mechanizmy zabezpieczaj\u0105ce przed nadci\u015bnieniem mog\u0105 zapobiega\u0107 wypadkom i awariom sprz\u0119tu. Operatorzy powinni zadba\u0107 o wdro\u017cenie i regularne sprawdzanie wszystkich \u015brodk\u00f3w bezpiecze\u0144stwa, aby zapewni\u0107 bezpieczne \u015brodowisko pracy.<\/p>\n<h3>Dost\u0119pno\u015b\u0107 konserwacyjna<\/h3>\n<p>Zaprojektowanie si\u0142ownika wysi\u0119gnika z my\u015bl\u0105 o dost\u0119pno\u015bci serwisowej gwarantuje, \u017ce rutynowe kontrole i naprawy mo\u017cna przeprowadza\u0107 przy minimalnym przestoju. Takie cechy jak \u0142atwo dost\u0119pne punkty smarowania i \u0142atwo dost\u0119pne uszczelnienia u\u0142atwiaj\u0105 operatorom konserwacj\u0119 si\u0142ownika, wyd\u0142u\u017caj\u0105c jego \u017cywotno\u015b\u0107.<\/p>\n<p><img decoding=\"async\" src=\"https:\/\/www.hydraulic-cylinders.net\/wp-content\/uploads\/2025\/04\/songte-oil-pipes-and-spare-parts.webp\" alt=\"Cz\u0119\u015bci cylindr\u00f3w hydraulicznych\"><\/p>\n<h2>Uszczelnianie i smarowanie<\/h2>\n<p>Prawid\u0142owe uszczelnienie i smarowanie maj\u0105 kluczowe znaczenie dla wydajno\u015bci cylindr\u00f3w hydraulicznych. R\u00f3\u017cne uszczelnienia, w tym uszczelnienia t\u0142okowe i t\u0142oczyskowe, zapobiegaj\u0105 wyciekom p\u0142ynu hydraulicznego i przedostawaniu si\u0119 zanieczyszcze\u0144 do uk\u0142adu. Uszczelnienia te s\u0105 zazwyczaj wykonane z materia\u0142\u00f3w odpornych na zu\u017cycie, takich jak poliuretan lub kauczuk nitrylowy, co zapewnia trwa\u0142o\u015b\u0107 i niezawodno\u015b\u0107 przez d\u0142ugi czas.<\/p>\n<p>Ponadto korpus cylindra i gwintowane powierzchnie ko\u0144cowe poddawane s\u0105 precyzyjnej obr\u00f3bce w celu zwi\u0119kszenia odporno\u015bci na zu\u017cycie, co jest niezb\u0119dne do utrzymania funkcjonalno\u015bci cylindra. Regularne smarowanie olejem hydraulicznym jest niezb\u0119dne, aby zmniejszy\u0107 tarcie i zu\u017cycie cz\u0119\u015bci ruchomych, szczeg\u00f3lnie podczas d\u0142ugotrwa\u0142ego u\u017cytkowania lub w trudnych warunkach.<\/p>\n<h2>Regularne kontrole i \u015brodki konserwacji zapobiegawczej<\/h2>\n<ul>\n<li><strong>Przeprowadzaj regularne kontrole:<\/strong> Sprawd\u017a, czy przewody hydrauliczne, uszczelki i korpus cylindra nie wykazuj\u0105 oznak zu\u017cycia. Wczesne wykrycie problem\u00f3w mo\u017ce zapobiec kosztownym naprawom.<\/li>\n<li><strong>Zapewnij odpowiednie smarowanie:<\/strong> Regularnie smaruj cylinder zgodnie z wytycznymi producenta, aby zminimalizowa\u0107 tarcie i zu\u017cycie ruchomych element\u00f3w.<\/li>\n<li><strong>Wymiana uszczelki:<\/strong> Z biegiem czasu uszczelki ulegaj\u0105 degradacji i konieczna mo\u017ce by\u0107 ich wymiana w celu zachowania optymalnej wydajno\u015bci i zapobiegania wyciekom.<\/li>\n<\/ul>\n<h2>Wytyczne dotycz\u0105ce instalacji<\/h2>\n<p>Prawid\u0142owy monta\u017c si\u0142ownika wysi\u0119gnika ma kluczowe znaczenie dla jego sprawno\u015bci operacyjnej. Na pocz\u0105tek upewnij si\u0119, \u017ce wszystkie komponenty s\u0105 czyste i wolne od zanieczyszcze\u0144. U\u017cyj odpowiednich wspornik\u00f3w monta\u017cowych, aby zabezpieczy\u0107 si\u0142ownik i upewni\u0107 si\u0119, \u017ce jest on prawid\u0142owo wyr\u00f3wnany z uk\u0142adem hydraulicznym maszyny.<\/p>\n<p>Post\u0119puj zgodnie ze specyfikacj\u0105 producenta dotycz\u0105c\u0105 ustawie\u0144 momentu obrotowego i rodzaj\u00f3w po\u0142\u0105cze\u0144. Po monta\u017cu odpowietrz uk\u0142ad hydrauliczny, aby usun\u0105\u0107 wszelkie p\u0119cherzyki powietrza i zapewni\u0107 p\u0142ynn\u0105 prac\u0119. Regularnie sprawdzaj ustawienie i po\u0142\u0105czenia, aby upewni\u0107 si\u0119, \u017ce wszystko pozostaje bezpieczne przez ca\u0142y okres u\u017cytkowania.<\/p>\n<h2>Zadania konserwacyjne<\/h2>\n<ul>\n<li><strong>Regularne kontrole:<\/strong> Przeprowad\u017a wizualn\u0105 kontrol\u0119 cylindra pod k\u0105tem ewentualnych wyciek\u00f3w lub uszkodze\u0144. Nale\u017cy to robi\u0107 regularnie, aby wcze\u015bnie wykry\u0107 potencjalne problemy.<\/li>\n<li><strong>Prawid\u0142owe smarowanie:<\/strong> Nale\u017cy przestrzega\u0107 zalecanego harmonogramu smarowania, aby mie\u0107 pewno\u015b\u0107, \u017ce wszystkie ruchome cz\u0119\u015bci b\u0119d\u0105 odpowiednio nasmarowane, co zmniejszy zu\u017cycie i wyd\u0142u\u017cy \u017cywotno\u015b\u0107 urz\u0105dzenia.<\/li>\n<li><strong>Wymiana uszczelki:<\/strong> Regularnie sprawdzaj stan uszczelek i wymieniaj je w razie potrzeby, aby zapobiec wyciekom p\u0142ynu hydraulicznego, kt\u00f3re mog\u0105 prowadzi\u0107 do awarii urz\u0105dzenia.<\/li>\n<\/ul>\n<h2>Zagadnienia bezpiecze\u0144stwa i czynniki \u015brodowiskowe<\/h2>\n<p>Podczas obs\u0142ugi cylindr\u00f3w hydraulicznych przestrzeganie zasad bezpiecze\u0144stwa jest niezwykle wa\u017cne. Operatorzy powinni nosi\u0107 odpowiedni sprz\u0119t ochrony osobistej (PPE) i przestrzega\u0107 protoko\u0142\u00f3w bezpiecze\u0144stwa, aby zminimalizowa\u0107 ryzyko. Ponadto nale\u017cy wzi\u0105\u0107 pod uwag\u0119 czynniki \u015brodowiskowe, takie jak temperatura i nara\u017cenie na dzia\u0142anie czynnik\u00f3w atmosferycznych, kt\u00f3re mog\u0105 wp\u0142ywa\u0107 na wydajno\u015b\u0107 i trwa\u0142o\u015b\u0107 podzespo\u0142\u00f3w hydraulicznych.<\/p>\n<h2>Rozwi\u0105zywanie problem\u00f3w i typowe problemy<\/h2>\n<ul>\n<li><strong>Przeciek:<\/strong> Sprawd\u017a uszczelki i po\u0142\u0105czenia pod k\u0105tem zu\u017cycia lub uszkodze\u0144. Niezw\u0142ocznie wymie\u0144 wszystkie uszkodzone elementy, aby zapobiec dalszym problemom.<\/li>\n<li><strong>Niesp\u00f3jne dzia\u0142anie:<\/strong> Sprawd\u017a poziom p\u0142ynu hydraulicznego i upewnij si\u0119, \u017ce w uk\u0142adzie nie ma p\u0119cherzyk\u00f3w powietrza. Niski poziom p\u0142ynu mo\u017ce powodowa\u0107 nier\u00f3wnomierne dzia\u0142anie.<\/li>\n<li><strong>Uszkodzenia fizyczne:<\/strong> Regularnie sprawdzaj cylinder pod k\u0105tem oznak uszkodze\u0144 fizycznych. Natychmiastowe rozwi\u0105zanie tych problem\u00f3w mo\u017ce zapobiec powa\u017cnym awariom.<\/li>\n<\/ul>\n<h2>Wskaz\u00f3wki dotycz\u0105ce rozwi\u0105zywania problem\u00f3w<\/h2>\n<p>Aby skutecznie diagnozowa\u0107 i rozwi\u0105zywa\u0107 problemy, operatorzy powinni prowadzi\u0107 szczeg\u00f3\u0142owy dziennik konserwacji i regularnie sprawdza\u0107 wydajno\u015b\u0107 systemu. Wprowadzenie rutynowej konserwacji zapobiegawczej mo\u017ce pom\u00f3c zminimalizowa\u0107 potencjalne problemy i zapewni\u0107 optymaln\u0105 prac\u0119 cylindra. Operatorzy powinni r\u00f3wnie\u017c zosta\u0107 przeszkoleni w zakresie podstawowych technik rozwi\u0105zywania problem\u00f3w, aby szybko rozwi\u0105zywa\u0107 typowe problemy.<\/p>\n<p><img decoding=\"async\" src=\"https:\/\/www.hydraulic-cylinders.net\/wp-content\/uploads\/2025\/04\/songte-bushings-with-all-kinds-of-excavator-models.webp\" alt=\"Tuleje koparki\"><\/p>\n<h2>O naszej firmie<\/h2>\n<p>Jeste\u015bmy wiod\u0105cym producentem i hurtownikiem cylindr\u00f3w hydraulicznych, specjalizuj\u0105cym si\u0119 w produkcji cylindr\u00f3w hydraulicznych na cz\u0119\u015bci zamienne. Nasz szeroki asortyment produkt\u00f3w ugruntowa\u0142 nasz\u0105 pozycj\u0119 jednego z czo\u0142owych producent\u00f3w na rynku krajowym i mi\u0119dzynarodowym. Przestrzegamy zasad najwy\u017cszej jako\u015bci, wykorzystuj\u0105c zaawansowane zaplecze produkcyjne i skrupulatne strategie zarz\u0105dzania produkcj\u0105.<\/p>\n<p>Nasza firma inwestuje w specjalistyczn\u0105 wiedz\u0119 techniczn\u0105, wysokiej klasy sprz\u0119t produkcyjny oraz solidny system testowania, aby stale udoskonala\u0107 nasz\u0105 platform\u0119 produkcyjn\u0105. Naszym celem jest zaspokajanie zr\u00f3\u017cnicowanych potrzeb klient\u00f3w poprzez wysok\u0105 wydajno\u015b\u0107, dok\u0142adno\u015b\u0107 i jako\u015b\u0107, zapewniaj\u0105c naszym produktom wyr\u00f3\u017cnienie si\u0119 na rynku.<\/p>\n<p><img decoding=\"async\" src=\"https:\/\/www.hydraulic-cylinders.net\/wp-content\/uploads\/2025\/04\/songte-company-4.webp\" alt=\"Przegl\u0105d firmy\"><br \/>\n<img decoding=\"async\" src=\"https:\/\/www.hydraulic-cylinders.net\/wp-content\/uploads\/2025\/04\/songte-company-3.webp\" alt=\"Zak\u0142ad produkcyjny\"><\/p>\n<p>Autor: lyl<\/p>","protected":false},"excerpt":{"rendered":"<p>Boom Cylinder For Volvo Large Excavator EC300D Product Overview The Boom Cylinder for Volvo Large Excavator EC300D is a crucial hydraulic component that plays a vital role in the operation of heavy machinery. This type of hydraulic cylinder is specifically designed to control the movement of the bucket in various heavy equipment such as excavators, [&hellip;]<\/p>","protected":false},"featured_media":17870,"comment_status":"open","ping_status":"closed","template":"","meta":{"_et_pb_use_builder":"","_et_pb_old_content":"","_et_gb_content_width":""},"product_brand":[],"product_cat":[1546],"product_tag":[1547,1496],"class_list":{"0":"post-19124","1":"product","2":"type-product","3":"status-publish","4":"has-post-thumbnail","6":"product_cat-boom-cylinders","7":"product_tag-boom-cylinders","8":"product_tag-hydraulic-cylinders","10":"first","11":"instock","12":"shipping-taxable","13":"product-type-simple"},"amp_enabled":true,"_links":{"self":[{"href":"https:\/\/www.hydraulic-cylinders.net\/pl\/wp-json\/wp\/v2\/product\/19124","targetHints":{"allow":["GET"]}}],"collection":[{"href":"https:\/\/www.hydraulic-cylinders.net\/pl\/wp-json\/wp\/v2\/product"}],"about":[{"href":"https:\/\/www.hydraulic-cylinders.net\/pl\/wp-json\/wp\/v2\/types\/product"}],"replies":[{"embeddable":true,"href":"https:\/\/www.hydraulic-cylinders.net\/pl\/wp-json\/wp\/v2\/comments?post=19124"}],"wp:featuredmedia":[{"embeddable":true,"href":"https:\/\/www.hydraulic-cylinders.net\/pl\/wp-json\/wp\/v2\/media\/17870"}],"wp:attachment":[{"href":"https:\/\/www.hydraulic-cylinders.net\/pl\/wp-json\/wp\/v2\/media?parent=19124"}],"wp:term":[{"taxonomy":"product_brand","embeddable":true,"href":"https:\/\/www.hydraulic-cylinders.net\/pl\/wp-json\/wp\/v2\/product_brand?post=19124"},{"taxonomy":"product_cat","embeddable":true,"href":"https:\/\/www.hydraulic-cylinders.net\/pl\/wp-json\/wp\/v2\/product_cat?post=19124"},{"taxonomy":"product_tag","embeddable":true,"href":"https:\/\/www.hydraulic-cylinders.net\/pl\/wp-json\/wp\/v2\/product_tag?post=19124"}],"curies":[{"name":"wp","href":"https:\/\/api.w.org\/{rel}","templated":true}]}}