{"id":19139,"date":"2025-04-07T06:14:44","date_gmt":"2025-04-07T06:14:44","guid":{"rendered":"https:\/\/www.hydraulic-cylinders.net\/product\/boom-cylinder-for-sany-small-excavator-sy85c-9\/"},"modified":"2025-04-07T06:14:53","modified_gmt":"2025-04-07T06:14:53","slug":"boom-cylinder-for-sany-small-excavator-sy85c-9","status":"publish","type":"product","link":"https:\/\/www.hydraulic-cylinders.net\/pl\/produkt\/boom-cylinder-for-sany-small-excavator-sy85c-9\/","title":{"rendered":"Si\u0142ownik wysi\u0119gnika do ma\u0142ej koparki Sany SY85C-9"},"content":{"rendered":"<h1>Si\u0142ownik wysi\u0119gnika do ma\u0142ej koparki Sany SY85C-9<\/h1>\n<h2>Przegl\u0105d produktu<\/h2>\n<p>Si\u0142ownik wysi\u0119gnika do ma\u0142ej koparki Sany SY85C-9 to kluczowy element hydrauliczny, zaprojektowany do sterowania ruchem wysi\u0119gnika koparki. Ten si\u0142ownik hydrauliczny zapewnia niezb\u0119dn\u0105 si\u0142\u0119 do podnoszenia, opuszczania i pochylania wysi\u0119gnika, umo\u017cliwiaj\u0105c wydajne przenoszenie materia\u0142u i wykonywanie prac ziemnych. Zrozumienie roli si\u0142ownika \u0142y\u017cki jest kluczowe, poniewa\u017c zosta\u0142 on specjalnie zaprojektowany do kontrolowania dynamicznych ruch\u00f3w ci\u0119\u017ckiego sprz\u0119tu, co jest kluczowe w pracach budowlanych i robotach ziemnych.<\/p>\n<p><img decoding=\"async\" src=\"https:\/\/www.hydraulic-cylinders.net\/wp-content\/uploads\/2025\/04\/songte-company-1.webp\" alt=\"Obraz cylindra wysi\u0119gnika\"><\/p>\n<h3>Czym s\u0105 cylindry kube\u0142kowe?<\/h3>\n<p>Si\u0142owniki czerpakowe to si\u0142owniki hydrauliczne stosowane g\u0142\u00f3wnie w ci\u0119\u017ckich maszynach, takich jak koparki, koparko-\u0142adowarki i \u0142adowarki czo\u0142owe. Si\u0142owniki te u\u0142atwiaj\u0105 manipulowanie po\u0142o\u017ceniem \u0142y\u017cki, umo\u017cliwiaj\u0105c jej wykonywanie r\u00f3\u017cnych funkcji, takich jak podnoszenie, opuszczanie i przechylanie. Wydajno\u015b\u0107 uk\u0142adu hydraulicznego w du\u017cym stopniu zale\u017cy od wydajno\u015bci tych si\u0142ownik\u00f3w, co czyni je niezb\u0119dnymi do zada\u0144 wymagaj\u0105cych precyzji i mocy w transporcie materia\u0142\u00f3w.<\/p>\n<h2>Cechy cylindra wysi\u0119gnika<\/h2>\n<ul>\n<li><strong>Wysoka wytrzyma\u0142o\u015b\u0107 i trwa\u0142o\u015b\u0107:<\/strong> Wykonane z wysokowytrzyma\u0142ej stali lub aluminium, te cylindry s\u0105 zaprojektowane tak, aby wytrzymywa\u0107 wysokie ci\u015bnienie i du\u017ce obci\u0105\u017cenia, a jednocze\u015bnie dostosowywa\u0107 si\u0119 do trudnych warunk\u00f3w pracy. Odporno\u015b\u0107 na zu\u017cycie i korozj\u0119 to kluczowe elementy konstrukcyjne, kt\u00f3re wyd\u0142u\u017caj\u0105 \u017cywotno\u015b\u0107.<\/li>\n<li><strong>Wydajna praca uk\u0142adu hydraulicznego:<\/strong> Dzi\u0119ki wykorzystaniu ci\u015bnienia oleju hydraulicznego si\u0142owniki zapewniaj\u0105 p\u0142ynne wysuwanie i chowanie, umo\u017cliwiaj\u0105c szybk\u0105 reakcj\u0119 na polecenia operacyjne i zapewniaj\u0105c znaczn\u0105 si\u0142\u0119 pchania i ci\u0105gni\u0119cia, co sprawia, \u017ce \u200b\u200bidealnie nadaj\u0105 si\u0119 do zada\u0144 wymagaj\u0105cych du\u017cej wytrzyma\u0142o\u015bci.<\/li>\n<li><strong>R\u00f3\u017cne typy:<\/strong> Dost\u0119pne w konfiguracji jednostronnego dzia\u0142ania (dzia\u0142anie hydrauliczne w jednym kierunku) lub dwustronnego dzia\u0142ania (dzia\u0142anie hydrauliczne w obu kierunkach), co zapewnia spe\u0142nienie zr\u00f3\u017cnicowanych wymaga\u0144 operacyjnych. Niekt\u00f3re modele s\u0105 teleskopowe, co pozwala na wi\u0119ksze wysuni\u0119cie bez zwi\u0119kszania wymiar\u00f3w zewn\u0119trznych, co jest odpowiednie w zastosowaniach o ograniczonej przestrzeni.<\/li>\n<li><strong>In\u017cynieria precyzyjna:<\/strong> Ka\u017cdy cylinder poddawany jest skrupulatnym procesom in\u017cynieryjnym, aby zapewni\u0107 optymaln\u0105 wydajno\u015b\u0107. Obejmuj\u0105 one precyzyjn\u0105 obr\u00f3bk\u0119 i rygorystyczne \u015brodki kontroli jako\u015bci, kt\u00f3re przyczyniaj\u0105 si\u0119 do ich niezawodno\u015bci i skuteczno\u015bci.<\/li>\n<li><strong>Zgodno\u015b\u0107:<\/strong> Nasze produkty zaprojektowano tak, aby z \u0142atwo\u015bci\u0105 zast\u0105pi\u0107 istniej\u0105ce si\u0142owniki hydrauliczne, zachowuj\u0105c przy tym funkcjonalno\u015b\u0107 i wydajno\u015b\u0107 wymagan\u0105 w ci\u0119\u017ckim sprz\u0119cie.<\/li>\n<\/ul>\n<p><img decoding=\"async\" src=\"https:\/\/www.hydraulic-cylinders.net\/wp-content\/uploads\/2025\/04\/songte-cylinder-head-with-all-kinds-excavator-models.webp\" alt=\"Modele koparek\"><\/p>\n<h2>Scenariusze zastosowa\u0144<\/h2>\n<h3>Sprz\u0119t budowlany<\/h3>\n<p>W koparkach si\u0142ownik wysi\u0119gnika odgrywa kluczow\u0105 rol\u0119 w kopaniu, \u0142adowaniu i przemieszczaniu ziemi lub gruzu. Mo\u017cliwo\u015b\u0107 precyzyjnej regulacji po\u0142o\u017cenia \u0142y\u017cki ma kluczowe znaczenie dla efektywnego kopania i transportu materia\u0142u. W koparko-\u0142adowarkach si\u0142ownik \u0142y\u017cki wspomaga zar\u00f3wno kopanie, jak i podnoszenie materia\u0142u, zwi\u0119kszaj\u0105c wszechstronno\u015b\u0107 sprz\u0119tu na placu budowy.<\/p>\n<h3>Maszyny rolnicze<\/h3>\n<p>\u0141adowarki czo\u0142owe wykorzystuj\u0105 si\u0142owniki wysi\u0119gnika do nabierania, podnoszenia i transportu gleby, siana i innych materia\u0142\u00f3w. Wydajna praca tych si\u0142ownik\u00f3w jest niezb\u0119dna w pracach rolniczych wymagaj\u0105cych przemieszczania i uk\u0142adania ci\u0119\u017ckich \u0142adunk\u00f3w, zapewniaj\u0105c wydajno\u015b\u0107 w szczytowych okresach sezonu.<\/p>\n<h3>Koparki<\/h3>\n<p>W koparkach si\u0142ownik \u0142y\u017cki umo\u017cliwia jej skuteczn\u0105 penetracj\u0119 w gleb\u0119, u\u0142atwiaj\u0105c kopanie. Wydajno\u015b\u0107 uk\u0142adu hydraulicznego zale\u017cy od niezawodno\u015bci si\u0142ownika wysi\u0119gnika, co bezpo\u015brednio wp\u0142ywa na g\u0142\u0119boko\u015b\u0107 i pr\u0119dko\u015b\u0107 wykopu.<\/p>\n<h3>\u0141adowarki<\/h3>\n<p>W \u0142adowarkach czo\u0142owych si\u0142owniki wysi\u0119gnika pomagaj\u0105 w wydajnym podnoszeniu i zrzucaniu materia\u0142\u00f3w. Si\u0142owniki hydrauliczne zapewniaj\u0105 precyzyjne podnoszenie i pozycjonowanie ci\u0119\u017ckich \u0142adunk\u00f3w, co znacznie poprawia wydajno\u015b\u0107 operacyjn\u0105 w transporcie materia\u0142\u00f3w.<\/p>\n<h2>Zagadnienia projektowe i kryteria wyboru<\/h2>\n<h3>No\u015bno\u015b\u0107<\/h3>\n<p>Przy wyborze si\u0142ownika wysi\u0119gnika kluczowe jest zrozumienie jego ud\u017awigu. Si\u0142ownik musi by\u0107 w stanie ud\u017awign\u0105\u0107 maksymalny ci\u0119\u017car, jaki napotka podczas pracy. Przeci\u0105\u017cenie si\u0142ownika hydraulicznego mo\u017ce prowadzi\u0107 do powa\u017cnych awarii, dlatego tak wa\u017cny jest wyb\u00f3r si\u0142ownika, kt\u00f3ry przekracza oczekiwane wymagania dotycz\u0105ce ud\u017awigu. Analiza specyfikacji maszyny i zada\u0144, kt\u00f3re b\u0119dzie ona wykonywa\u0107, pozwala okre\u015bli\u0107 odpowiedni ud\u017awig.<\/p>\n<h3>Wydajno\u015b\u0107 uszczelnienia<\/h3>\n<p>Uszczelnienie ma kluczowe znaczenie dla trwa\u0142o\u015bci i wydajno\u015bci cylindr\u00f3w hydraulicznych. Wysokiej jako\u015bci uszczelnienia zapobiegaj\u0105 wyciekom p\u0142ynu hydraulicznego, co jest niezb\u0119dne do utrzymania wymaganego ci\u015bnienia roboczego. Dob\u00f3r uszczelnie\u0144 powinien by\u0107 dokonany z uwzgl\u0119dnieniem \u015brodowiska pracy; na przyk\u0142ad uszczelnienia wykonane z poliuretanu lub kauczuku nitrylowego zapewniaj\u0105 doskona\u0142\u0105 odporno\u015b\u0107 na zu\u017cycie i trwa\u0142o\u015b\u0107. Prawid\u0142owe uszczelnienie nie tylko wyd\u0142u\u017ca \u017cywotno\u015b\u0107 cylindra, ale tak\u017ce zapewnia p\u0142ynn\u0105 prac\u0119 uk\u0142adu hydraulicznego, poprawiaj\u0105c og\u00f3ln\u0105 wydajno\u015b\u0107 maszyny.<\/p>\n<h3>Trwa\u0142o\u015b\u0107<\/h3>\n<p>Trwa\u0142o\u015b\u0107 jest kluczowym czynnikiem w projektowaniu cylindr\u00f3w hydraulicznych. Cylindry musz\u0105 wytrzymywa\u0107 trudy ci\u0119\u017ckich zastosowa\u0144 bez degradacji z up\u0142ywem czasu. Wymaga to stosowania wysokiej jako\u015bci materia\u0142\u00f3w odpornych na zu\u017cycie i korozj\u0119, a tak\u017ce stosowania solidnych technik produkcyjnych, kt\u00f3re poprawiaj\u0105 integralno\u015b\u0107 strukturaln\u0105 cylindra. Trwa\u0142a konstrukcja zmniejsza koszty konserwacji i przestoje zwi\u0105zane z awariami sprz\u0119tu.<\/p>\n<h3>Funkcje bezpiecze\u0144stwa<\/h3>\n<p>Bezpiecze\u0144stwo jest priorytetem przy wyborze cylindr\u00f3w hydraulicznych. Zabezpieczenia, takie jak zawory bezpiecze\u0144stwa i blokady bezpiecze\u0144stwa, mog\u0105 zapobiega\u0107 wypadkom podczas pracy. Kluczowe jest upewnienie si\u0119, \u017ce konstrukcja cylindra jest zgodna z bran\u017cowymi normami bezpiecze\u0144stwa, poniewa\u017c nie tylko chroni operator\u00f3w, ale tak\u017ce wyd\u0142u\u017ca \u017cywotno\u015b\u0107 sprz\u0119tu. Regularne kontrole i przestrzeganie protoko\u0142\u00f3w bezpiecze\u0144stwa minimalizuj\u0105 ryzyko zwi\u0105zane z awariami cylindr\u00f3w hydraulicznych.<\/p>\n<h3>Utrzymywalno\u015b\u0107<\/h3>\n<p>\u0141atwo\u015b\u0107 konserwacji to kolejny kluczowy czynnik. Dobrze zaprojektowany si\u0142ownik hydrauliczny powinien umo\u017cliwia\u0107 \u0142atw\u0105 kontrol\u0119, smarowanie i wymian\u0119 uszczelnie\u0144. Obejmuje to dost\u0119pno\u015b\u0107 podzespo\u0142\u00f3w i cz\u0119\u015bci zamiennych. Konstrukcja u\u0142atwiaj\u0105ca regularn\u0105 konserwacj\u0119 zapewni d\u0142u\u017csz\u0105 sprawno\u015b\u0107 si\u0142ownika, zmniejszaj\u0105c potrzeb\u0119 kosztownych napraw lub wymiany.<\/p>\n<p><img decoding=\"async\" src=\"https:\/\/www.hydraulic-cylinders.net\/wp-content\/uploads\/2025\/04\/songte-oil-pipes-and-spare-parts.webp\" alt=\"Rury olejowe i cz\u0119\u015bci zamienne\"><\/p>\n<h2>Uszczelnianie i smarowanie<\/h2>\n<p>Skuteczne uszczelnienie i smarowanie s\u0105 niezb\u0119dne do dzia\u0142ania cylindr\u00f3w hydraulicznych. Aby zapobiec wyciekom p\u0142ynu hydraulicznego, stosuje si\u0119 r\u00f3\u017cne uszczelnienia, takie jak uszczelnienia t\u0142ok\u00f3w i t\u0142oczysk. Uszczelnienia wykonane z trwa\u0142ych materia\u0142\u00f3w, takich jak poliuretan i kauczuk nitrylowy, zapewniaj\u0105 odporno\u015b\u0107 na zu\u017cycie i czynniki \u015brodowiskowe. Korpus cylindra i gwintowane powierzchnie ko\u0144cowe s\u0105 precyzyjnie obrobione, aby zwi\u0119kszy\u0107 odporno\u015b\u0107 na zu\u017cycie. Regularne smarowanie odpowiednim olejem hydraulicznym jest kluczowe; nie tylko zmniejsza tarcie, ale tak\u017ce chroni przed korozj\u0105, zapewniaj\u0105c p\u0142ynn\u0105 prac\u0119 i d\u0142ug\u0105 \u017cywotno\u015b\u0107 cylindra.<\/p>\n<h2>\u015arodki konserwacji zapobiegawczej<\/h2>\n<ul>\n<li><strong>Regularne kontrole:<\/strong> Przeprowadzaj rutynowe kontrole, aby zidentyfikowa\u0107 oznaki zu\u017cycia, wyciek\u00f3w lub innych problem\u00f3w. Wczesne wykrycie problem\u00f3w mo\u017ce zapobiec powa\u017cniejszym awariom w przysz\u0142o\u015bci.<\/li>\n<li><strong>Prawid\u0142owe smarowanie:<\/strong> Upewnij si\u0119, \u017ce wszystkie ruchome cz\u0119\u015bci s\u0105 odpowiednio smarowane w\u0142a\u015bciwym p\u0142ynem hydraulicznym, aby zminimalizowa\u0107 zu\u017cycie i zapewni\u0107 p\u0142ynn\u0105 prac\u0119.<\/li>\n<li><strong>Wymiana uszczelek:<\/strong> Monitoruj stan uszczelek i wymieniaj je w razie konieczno\u015bci, aby zapobiega\u0107 wyciekom i utrzyma\u0107 ci\u015bnienie w uk\u0142adzie hydraulicznym.<\/li>\n<\/ul>\n<h2>Wytyczne dotycz\u0105ce instalacji<\/h2>\n<p>Prawid\u0142owy monta\u017c si\u0142ownika wysi\u0119gnika ma kluczowe znaczenie dla jego wydajno\u015bci i trwa\u0142o\u015bci. Zacznij od upewnienia si\u0119, \u017ce si\u0142ownik jest prawid\u0142owo ustawiony wzgl\u0119dem punkt\u00f3w mocowania maszyny. U\u017cyj odpowiednich wspornik\u00f3w monta\u017cowych, aby zabezpieczy\u0107 si\u0142ownik na miejscu, zapobiegaj\u0105c jego rozbie\u017cno\u015bciom podczas pracy. Aby zapewni\u0107 bezpieczne mocowanie, nale\u017cy przestrzega\u0107 zalece\u0144 producenta dotycz\u0105cych momentu dokr\u0119cania \u015brub. Po monta\u017cu sprawd\u017a szczelno\u015b\u0107 po\u0142\u0105cze\u0144 hydraulicznych i upewnij si\u0119, \u017ce poziom p\u0142ynu hydraulicznego jest odpowiedni. Przestrzeganie tych wskaz\u00f3wek pomo\u017ce zoptymalizowa\u0107 wydajno\u015b\u0107 i trwa\u0142o\u015b\u0107 si\u0142ownika.<\/p>\n<h2>Typowe zadania konserwacyjne<\/h2>\n<ul>\n<li><strong>Regularne kontrole:<\/strong> Zaplanuj rutynowe kontrole, aby wykry\u0107 wszelkie oznaki zu\u017cycia lub wyciek\u00f3w. Wczesne wykrycie potencjalnych problem\u00f3w mo\u017ce zaoszcz\u0119dzi\u0107 na kosztownych naprawach i przestojach.<\/li>\n<li><strong>Prawid\u0142owe smarowanie:<\/strong> Regularnie smaruj ruchome cz\u0119\u015bci zalecanym olejem hydraulicznym, aby zmniejszy\u0107 tarcie i zu\u017cycie, co zapewni p\u0142ynn\u0105 prac\u0119 i wyd\u0142u\u017cy \u017cywotno\u015b\u0107 cylindra.<\/li>\n<li><strong>Wymiana uszczelek i kontrola kalibracji:<\/strong> Wymie\u0144 uszczelki, gdy pojawi\u0105 si\u0119 oznaki zu\u017cycia. Regularne kontrole kalibracji zapewniaj\u0105, \u017ce uk\u0142ad hydrauliczny dzia\u0142a zgodnie z zaprojektowanymi parametrami.<\/li>\n<\/ul>\n<p>Ponadto, kluczowe jest zapewnienie prawid\u0142owego ustawienia si\u0142ownika podczas monta\u017cu. Niew\u0142a\u015bciwe ustawienie mo\u017ce prowadzi\u0107 do przedwczesnego zu\u017cycia lub awarii. Zaleca si\u0119 stosowanie odpowiednich wspornik\u00f3w monta\u017cowych w celu stabilizacji si\u0142ownika podczas pracy. Przestrzeganie procedur kontroli, naprawy i wymiany pomaga utrzyma\u0107 wydajno\u015b\u0107 i wyd\u0142u\u017cy\u0107 \u017cywotno\u015b\u0107 si\u0142ownika wysi\u0119gnika.<\/p>\n<p><img decoding=\"async\" src=\"https:\/\/www.hydraulic-cylinders.net\/wp-content\/uploads\/2025\/04\/songte-chushion-collar.webp\" alt=\"Ko\u0142nierz poduszkowy\"><\/p>\n<h2>Zagadnienia bezpiecze\u0144stwa i czynniki \u015brodowiskowe<\/h2>\n<p>Podczas u\u017cytkowania cylindr\u00f3w hydraulicznych niezwykle wa\u017cne jest wdro\u017cenie \u015brodk\u00f3w bezpiecze\u0144stwa. Operatorzy powinni by\u0107 przeszkoleni w zakresie rozpoznawania potencjalnych zagro\u017ce\u0144 zwi\u0105zanych z obs\u0142ug\u0105 hydrauliki. Obejmuje to zrozumienie ryzyka wyciek\u00f3w p\u0142ynu hydraulicznego, kt\u00f3re mog\u0105 stanowi\u0107 zagro\u017cenie dla \u015brodowiska i bezpiecze\u0144stwa. Nale\u017cy zapewni\u0107 prawid\u0142owe przechowywanie i utylizacj\u0119 p\u0142yn\u00f3w hydraulicznych, aby zminimalizowa\u0107 wp\u0142yw na \u015brodowisko. Ponadto przestrzeganie protoko\u0142\u00f3w bezpiecze\u0144stwa podczas pracy zmniejsza prawdopodobie\u0144stwo wypadk\u00f3w i obra\u017ce\u0144, chroni\u0105c zar\u00f3wno personel, jak i sprz\u0119t.<\/p>\n<h2>Rozwi\u0105zywanie problem\u00f3w i typowe problemy<\/h2>\n<ul>\n<li><strong>Nieszczelne uszczelki:<\/strong> Wyciek p\u0142ynu hydraulicznego z cylindra mo\u017ce wskazywa\u0107 na zu\u017cycie lub uszkodzenie uszczelek. Sprawd\u017a i wymie\u0144 uszczelki w razie potrzeby, aby zapobiec dalszym wyciekom.<\/li>\n<li><strong>Niesp\u00f3jne dzia\u0142anie:<\/strong> Je\u015bli cylinder nie wysuwa si\u0119 ani nie chowa p\u0142ynnie, przyczyn\u0105 mo\u017ce by\u0107 niski poziom p\u0142ynu hydraulicznego lub zapowietrzenie uk\u0142adu. Sprawd\u017a poziom p\u0142ynu i w razie potrzeby odpowietrz uk\u0142ad.<\/li>\n<li><strong>Przegrzanie:<\/strong> Przegrzanie mo\u017ce wyst\u0105pi\u0107 z powodu nadmiernego obci\u0105\u017cenia lub niewystarczaj\u0105cego smarowania. Monitoruj temperatur\u0119 pracy i upewnij si\u0119, \u017ce smarowanie jest regularne.<\/li>\n<\/ul>\n<p>Szybkie rozwi\u0105zanie tych problem\u00f3w mo\u017ce zapobiec powa\u017cniejszym problemom w przysz\u0142o\u015bci. Regularna konserwacja i przegl\u0105dy s\u0105 niezb\u0119dne do utrzymania uk\u0142adu hydraulicznego w optymalnym stanie technicznym.<\/p>\n<p><img decoding=\"async\" src=\"https:\/\/www.hydraulic-cylinders.net\/wp-content\/uploads\/2025\/04\/songte-bushings-with-all-kinds-of-excavator-models.webp\" alt=\"Tuleje do modeli koparek\"><\/p>\n<h2>O naszej firmie<\/h2>\n<p>Jeste\u015bmy producentem specjalizuj\u0105cym si\u0119 w alternatywnych si\u0142ownikach hydraulicznych, oferuj\u0105cym kompleksow\u0105 gam\u0119 produkt\u00f3w. Nasza firma ugruntowa\u0142a swoj\u0105 pozycj\u0119 wiod\u0105cego producenta i hurtowego dystrybutora si\u0142ownik\u00f3w hydraulicznych na rynku krajowym i mi\u0119dzynarodowym. Kierujemy si\u0119 filozofi\u0105 doskona\u0142o\u015bci, opieraj\u0105c si\u0119 na udoskonalonych procesach produkcyjnych i wiod\u0105cych w bran\u017cy strategiach zarz\u0105dzania produkcj\u0105. Nasze zaanga\u017cowanie w wysok\u0105 jako\u015b\u0107 produkcji jest wspierane przez zaawansowane technologie, najnowocze\u015bniejszy sprz\u0119t do produkcji cyfrowej oraz profesjonalny system testowania. Ci\u0105g\u0142e doskonalenie naszych platform produkcyjnych i system\u00f3w kontroli jako\u015bci pozwala nam skutecznie zaspokaja\u0107 zr\u00f3\u017cnicowane potrzeby naszych klient\u00f3w.<\/p>\n<p><img decoding=\"async\" src=\"https:\/\/www.hydraulic-cylinders.net\/wp-content\/uploads\/2025\/04\/songte-company-4.webp\" alt=\"Przegl\u0105d firmy\"><br \/>\n<img decoding=\"async\" src=\"https:\/\/www.hydraulic-cylinders.net\/wp-content\/uploads\/2025\/04\/songte-company-3.webp\" alt=\"Zak\u0142ad produkcyjny firmy\"><\/p>\n<h3>Profesjonalizm<\/h3>\n<p>Nasza firma szczyci si\u0119 profesjonalizmem, dbaj\u0105c o to, aby ka\u017cdy produkt spe\u0142nia\u0142 rygorystyczne standardy jako\u015bci. Nasz zesp\u00f3\u0142 ekspert\u00f3w dok\u0142ada wszelkich stara\u0144, aby zapewni\u0107 najwy\u017cszy poziom obs\u0142ugi i wsparcia.<\/p>\n<h3>Certyfikaty mi\u0119dzynarodowe<\/h3>\n<p>Posiadamy szereg mi\u0119dzynarodowych certyfikat\u00f3w, kt\u00f3re potwierdzaj\u0105 nasze zaanga\u017cowanie w jako\u015b\u0107 i efektywno\u015b\u0107, co pozwala nam sprosta\u0107 potrzebom globalnego rynku.<\/p>\n<h3>Us\u0142ugi niestandardowe<\/h3>\n<p>Oferujemy opcje dostosowywania do konkretnych wymaga\u0144 klient\u00f3w, gwarantuj\u0105c, \u017ce nasze cylindry hydrauliczne s\u0105 dostosowane do wyj\u0105tkowych potrzeb r\u00f3\u017cnych zastosowa\u0144.<\/p>\n<h3>Sprz\u0119t produkcyjny<\/h3>\n<p>Nasz najnowocze\u015bniejszy sprz\u0119t produkcyjny pozwala na osi\u0105gni\u0119cie wysokiej precyzji i wydajno\u015bci produkcji, gwarantuj\u0105c trwa\u0142o\u015b\u0107 ka\u017cdego produktu.<\/p>\n<h3>Serwis posprzeda\u017cowy<\/h3>\n<p>Naszym priorytetem jest zadowolenie klienta, dlatego oferujemy kompleksowe wsparcie posprzeda\u017cowe, obejmuj\u0105ce pomoc w instalacji, rozwi\u0105zywaniu problem\u00f3w i doradztwo w zakresie konserwacji.<\/p>\n<p>Autor: lyl<\/p>","protected":false},"excerpt":{"rendered":"<p>Boom Cylinder For Sany Small Excavator SY85C-9 Product Overview The Boom Cylinder for Sany Small Excavator SY85C-9 is a crucial hydraulic component designed for controlling the movement of the excavator&#8217;s boom. This hydraulic cylinder provides the necessary force to lift, lower, and tilt the boom, enabling efficient material handling and excavation tasks. Understanding the role [&hellip;]<\/p>","protected":false},"featured_media":17870,"comment_status":"open","ping_status":"closed","template":"","meta":{"_et_pb_use_builder":"","_et_pb_old_content":"","_et_gb_content_width":""},"product_brand":[],"product_cat":[1546],"product_tag":[1547,1496],"class_list":{"0":"post-19139","1":"product","2":"type-product","3":"status-publish","4":"has-post-thumbnail","6":"product_cat-boom-cylinders","7":"product_tag-boom-cylinders","8":"product_tag-hydraulic-cylinders","10":"first","11":"instock","12":"shipping-taxable","13":"product-type-simple"},"amp_enabled":true,"_links":{"self":[{"href":"https:\/\/www.hydraulic-cylinders.net\/pl\/wp-json\/wp\/v2\/product\/19139","targetHints":{"allow":["GET"]}}],"collection":[{"href":"https:\/\/www.hydraulic-cylinders.net\/pl\/wp-json\/wp\/v2\/product"}],"about":[{"href":"https:\/\/www.hydraulic-cylinders.net\/pl\/wp-json\/wp\/v2\/types\/product"}],"replies":[{"embeddable":true,"href":"https:\/\/www.hydraulic-cylinders.net\/pl\/wp-json\/wp\/v2\/comments?post=19139"}],"wp:featuredmedia":[{"embeddable":true,"href":"https:\/\/www.hydraulic-cylinders.net\/pl\/wp-json\/wp\/v2\/media\/17870"}],"wp:attachment":[{"href":"https:\/\/www.hydraulic-cylinders.net\/pl\/wp-json\/wp\/v2\/media?parent=19139"}],"wp:term":[{"taxonomy":"product_brand","embeddable":true,"href":"https:\/\/www.hydraulic-cylinders.net\/pl\/wp-json\/wp\/v2\/product_brand?post=19139"},{"taxonomy":"product_cat","embeddable":true,"href":"https:\/\/www.hydraulic-cylinders.net\/pl\/wp-json\/wp\/v2\/product_cat?post=19139"},{"taxonomy":"product_tag","embeddable":true,"href":"https:\/\/www.hydraulic-cylinders.net\/pl\/wp-json\/wp\/v2\/product_tag?post=19139"}],"curies":[{"name":"wp","href":"https:\/\/api.w.org\/{rel}","templated":true}]}}