{"id":19148,"date":"2025-04-07T06:15:16","date_gmt":"2025-04-07T06:15:16","guid":{"rendered":"https:\/\/www.hydraulic-cylinders.net\/product\/boom-cylinder-for-sany-small-excavator-sy185c-6\/"},"modified":"2025-04-07T06:15:18","modified_gmt":"2025-04-07T06:15:18","slug":"boom-cylinder-for-sany-small-excavator-sy185c-6","status":"publish","type":"product","link":"https:\/\/www.hydraulic-cylinders.net\/pl\/produkt\/boom-cylinder-for-sany-small-excavator-sy185c-6\/","title":{"rendered":"Si\u0142ownik wysi\u0119gnika do ma\u0142ej koparki Sany SY185C-6"},"content":{"rendered":"<h1>Si\u0142ownik wysi\u0119gnika do ma\u0142ej koparki Sany SY185C-6<\/h1>\n<h2>Wprowadzenie do cylindr\u00f3w wysi\u0119gnika<\/h2>\n<p>Si\u0142ownik wysi\u0119gnika jest kluczowym elementem uk\u0142ad\u00f3w hydraulicznych stosowanych w ci\u0119\u017ckich maszynach, zaprojektowanym specjalnie do sterowania ruchem osprz\u0119tu, takiego jak \u0142y\u017cki w koparkach, koparko-\u0142adowarkach i \u0142adowarkach czo\u0142owych. Si\u0142owniki te umo\u017cliwiaj\u0105 podnoszenie, opuszczanie i przechylanie \u0142y\u017cek, zwi\u0119kszaj\u0105c wydajno\u015b\u0107 zada\u0144 zwi\u0105zanych z prze\u0142adunkiem materia\u0142\u00f3w. Przekszta\u0142caj\u0105c ci\u015bnienie hydrauliczne w si\u0142\u0119 mechaniczn\u0105, si\u0142owniki te zapewniaj\u0105 p\u0142ynn\u0105 i niezawodn\u0105 prac\u0119 ci\u0119\u017ckiego sprz\u0119tu.<\/p>\n<p><img decoding=\"async\" src=\"https:\/\/www.hydraulic-cylinders.net\/wp-content\/uploads\/2025\/04\/songte-company-1.webp\" alt=\"Si\u0142ownik wysi\u0119gnika do ma\u0142ej koparki Sany\" \/><\/p>\n<h3>Funkcja i przegl\u0105d<\/h3>\n<p>Si\u0142owniki czerpakowe odgrywaj\u0105 kluczow\u0105 rol\u0119 w wydajno\u015bci operacyjnej uk\u0142ad\u00f3w hydraulicznych. Sk\u0142adaj\u0105 si\u0119 z cylindra, t\u0142oka i t\u0142oczyska. Gdy p\u0142yn hydrauliczny wp\u0142ywa do cylindra, popycha t\u0142ok, powoduj\u0105c wysuwanie lub wsuwanie t\u0142oczyska, a tym samym poruszanie czerpakiem. Mechanizm ten jest niezb\u0119dny w r\u00f3\u017cnych zastosowaniach, w kt\u00f3rych wymagana jest precyzyjna kontrola nad przenoszeniem materia\u0142u, umo\u017cliwiaj\u0105c operatorom efektywne wykonywanie zada\u0144 w budownictwie i rolnictwie.<\/p>\n<h2>Cechy cylindra wysi\u0119gnika<\/h2>\n<ul>\n<li><strong>Wysoka wytrzyma\u0142o\u015b\u0107 i trwa\u0142o\u015b\u0107:<\/strong> Wykonane z wytrzyma\u0142ej stali lub aluminium cylindry te zaprojektowano tak, aby wytrzymywa\u0142y wysokie ci\u015bnienie i du\u017ce obci\u0105\u017cenia, a jednocze\u015bnie by\u0142y na tyle trwa\u0142e, \u017ce mo\u017cna je stosowa\u0107 w trudnych warunkach pracy.<\/li>\n<li><strong>Wydajna praca uk\u0142adu hydraulicznego:<\/strong> Zapewniaj\u0105 p\u0142ynn\u0105 i responsywn\u0105 prac\u0119, szybko reaguj\u0105 na polecenia steruj\u0105ce i maj\u0105 wydajne funkcje pchania i ci\u0105gni\u0119cia, co sprawia, \u017ce \u200b\u200bs\u0105 idealne do obs\u0142ugi trudnych i z\u0142o\u017conych zada\u0144.<\/li>\n<li><strong>Dost\u0119pne r\u00f3\u017cne typy:<\/strong> Dost\u0119pne opcje obejmuj\u0105 cylindry jednostronnego i dwustronnego dzia\u0142ania, kt\u00f3re odpowiadaj\u0105 r\u00f3\u017cnym potrzebom operacyjnym, w tym cylindry teleskopowe, kt\u00f3re umo\u017cliwiaj\u0105 wi\u0119kszy zasi\u0119g bez zwi\u0119kszania wymiar\u00f3w zewn\u0119trznych.<\/li>\n<li><strong>Odporno\u015b\u0107 na korozj\u0119:<\/strong> W celu zwi\u0119kszenia odporno\u015bci na zu\u017cycie i korozj\u0119 stosowane s\u0105 zaawansowane pow\u0142oki i materia\u0142y, co wyd\u0142u\u017ca \u017cywotno\u015b\u0107 cylindr\u00f3w w wymagaj\u0105cych zastosowaniach.<\/li>\n<li><strong>Konstrukcja \u0142atwa w konserwacji:<\/strong> Zaprojektowane z my\u015bl\u0105 o \u0142atwej konserwacji, umo\u017cliwiaj\u0105 szybkie kontrole i naprawy, a tym samym ograniczaj\u0105 przestoje.<\/li>\n<\/ul>\n<h2>Zastosowania cylindra wysi\u0119gnika<\/h2>\n<h3>Sprz\u0119t budowlany<\/h3>\n<p>W koparkach si\u0142owniki wysi\u0119gnika odgrywaj\u0105 kluczow\u0105 rol\u0119 w kopaniu, za\u0142adunku i przemieszczaniu ziemi lub gruzu. Zapewniaj\u0105 one si\u0142\u0119 niezb\u0119dn\u0105 do podnoszenia ci\u0119\u017ckich \u0142adunk\u00f3w i umo\u017cliwiaj\u0105 precyzyjn\u0105 kontrol\u0119 podczas prac wykopaliskowych. W koparko-\u0142adowarkach si\u0142owniki te wspomagaj\u0105 zar\u00f3wno kopanie, jak i podnoszenie, co czyni je wszechstronnymi w pracach budowlanych.<\/p>\n<h3>Maszyny rolnicze<\/h3>\n<p>W \u0142adowarkach czo\u0142owych si\u0142owniki wysi\u0119gnika u\u0142atwiaj\u0105 nabieranie, podnoszenie i transport ziemi, siana i innych materia\u0142\u00f3w. Ich zdolno\u015b\u0107 do radzenia sobie z r\u00f3\u017cnymi obci\u0105\u017ceniami i wysoko\u015bciami sprawia, \u017ce \u200b\u200bs\u0105 one niezast\u0105pione w pracach rolniczych, zwi\u0119kszaj\u0105c wydajno\u015b\u0107 i efektywno\u015b\u0107.<\/p>\n<h3>Koparki<\/h3>\n<p>Si\u0142owniki \u0142y\u017cki umo\u017cliwiaj\u0105 kopanie koparek, umo\u017cliwiaj\u0105c \u0142y\u017cce skuteczn\u0105 penetracj\u0119 gruntu. Ta funkcjonalno\u015b\u0107 jest niezb\u0119dna do wykonywania g\u0142\u0119bokich wykop\u00f3w i precyzyjnego wyr\u00f3wnywania terenu, zapewniaj\u0105c operatorowi mo\u017cliwo\u015b\u0107 radzenia sobie z r\u00f3\u017cnymi warunkami glebowymi.<\/p>\n<h3>\u0141adowarki<\/h3>\n<p>W \u0142adowarkach czo\u0142owych si\u0142owniki wysi\u0119gnika wspomagaj\u0105 wydajne podnoszenie i wysypywanie materia\u0142\u00f3w. Ich solidna konstrukcja umo\u017cliwia podnoszenie du\u017cych \u0142adunk\u00f3w, u\u0142atwiaj\u0105c przemieszczanie i utylizacj\u0119 materia\u0142\u00f3w na placach budowy i w pracach ogrodniczych.<\/p>\n<h2>Zagadnienia projektowe i kryteria wyboru<\/h2>\n<h3>No\u015bno\u015b\u0107<\/h3>\n<p>Wybieraj\u0105c si\u0142ownik wysi\u0119gnika, nale\u017cy koniecznie wzi\u0105\u0107 pod uwag\u0119 jego ud\u017awig. Si\u0142ownik musi by\u0107 w stanie ud\u017awign\u0105\u0107 maksymalne obci\u0105\u017cenie bez ryzyka awarii. Kluczowe jest oszacowanie masy przenoszonych materia\u0142\u00f3w i upewnienie si\u0119, \u017ce si\u0142ownik ma odpowiednie parametry znamionowe.<\/p>\n<h3>Uszczelnienie i trwa\u0142o\u015b\u0107<\/h3>\n<p>Uszczelnienie ma kluczowe znaczenie dla utrzymania ci\u015bnienia hydraulicznego i zapobiegania wyciekom. Cylindry musz\u0105 by\u0107 wyposa\u017cone w wysokiej jako\u015bci uszczelki, odporne na ekstremalne warunki. Trwa\u0142o\u015b\u0107 jest r\u00f3wnie wa\u017cna; materia\u0142y u\u017cyte do budowy powinny by\u0107 odporne na zu\u017cycie i uszkodzenia, co wyd\u0142u\u017ca \u017cywotno\u015b\u0107 cylindra.<\/p>\n<h3>Funkcje bezpiecze\u0144stwa<\/h3>\n<p>Bezpiecze\u0144stwo jest najwa\u017cniejsze w uk\u0142adach hydraulicznych. Zwr\u00f3\u0107 uwag\u0119 na takie funkcje, jak zawory bezpiecze\u0144stwa zapobiegaj\u0105ce przeci\u0105\u017ceniu oraz blokady bezpiecze\u0144stwa stabilizuj\u0105ce cylinder, gdy nie jest u\u017cywany. Funkcje te pomagaj\u0105 chroni\u0107 zar\u00f3wno sprz\u0119t, jak i operatora.<\/p>\n<h3>Konserwacja i naprawa<\/h3>\n<p>Wybierz si\u0142owniki wysi\u0119gnika, kt\u00f3re s\u0105 \u0142atwe w konserwacji. Dost\u0119pna konstrukcja u\u0142atwia regularne przegl\u0105dy i naprawy. We\u017a pod uwag\u0119 dost\u0119pno\u015b\u0107 cz\u0119\u015bci zamiennych i wsparcie producenta w zakresie konserwacji.<\/p>\n<p><img decoding=\"async\" src=\"https:\/\/www.hydraulic-cylinders.net\/wp-content\/uploads\/2025\/04\/songte-oil-pipes-and-spare-parts.webp\" alt=\"Cz\u0119\u015bci cylindr\u00f3w hydraulicznych\" \/><\/p>\n<h2>Uszczelnianie i smarowanie<\/h2>\n<p>Skuteczne uszczelnienie i smarowanie s\u0105 kluczowe dla optymalnej pracy si\u0142ownik\u00f3w wysi\u0119gnika. R\u00f3\u017cne elementy uszczelniaj\u0105ce, takie jak uszczelnienia t\u0142oka i t\u0142oczyska, s\u0142u\u017c\u0105 do utrzymania ci\u015bnienia hydraulicznego i zapobiegania wyciekom. Ze wzgl\u0119du na odporno\u015b\u0107 na zu\u017cycie powszechnie zaleca si\u0119 stosowanie uszczelnie\u0144 wykonanych z trwa\u0142ych materia\u0142\u00f3w, takich jak poliuretan i kauczuk nitrylowy.<\/p>\n<p>Korpus cylindra i gwintowane ko\u0144c\u00f3wki poddawane s\u0105 precyzyjnej obr\u00f3bce w celu zwi\u0119kszenia odporno\u015bci na zu\u017cycie, co zapewnia d\u0142ug\u0105 \u017cywotno\u015b\u0107. Regularne smarowanie olejem hydraulicznym jest niezb\u0119dne, aby zminimalizowa\u0107 tarcie i ciep\u0142o, co dodatkowo wyd\u0142u\u017ca \u017cywotno\u015b\u0107 cylindra.<\/p>\n<h2>Regularna konserwacja i \u015brodki zapobiegawcze<\/h2>\n<ul>\n<li><strong>Rutynowe kontrole:<\/strong> Regularne kontrole pozwalaj\u0105 zidentyfikowa\u0107 potencjalne problemy, zanim stan\u0105 si\u0119 one powa\u017cnymi problemami. Podczas rutynowych kontroli nale\u017cy zwraca\u0107 uwag\u0119 na oznaki zu\u017cycia, wyciek\u00f3w lub uszkodze\u0144.<\/li>\n<li><strong>Prawid\u0142owe smarowanie:<\/strong> Upewnij si\u0119, \u017ce do smarowania u\u017cywany jest odpowiedni rodzaj i ilo\u015b\u0107 oleju hydraulicznego. Pomo\u017ce to utrzyma\u0107 p\u0142ynn\u0105 prac\u0119 i zmniejszy zu\u017cycie podzespo\u0142\u00f3w.<\/li>\n<li><strong>Wymiana uszczelki:<\/strong> Uszczelki z czasem ulegaj\u0105 zu\u017cyciu, dlatego nale\u017cy je okresowo wymienia\u0107, aby zapobiega\u0107 przeciekom i utrzyma\u0107 ci\u015bnienie.<\/li>\n<\/ul>\n<h2>Wytyczne dotycz\u0105ce instalacji<\/h2>\n<p>Prawid\u0142owy monta\u017c si\u0142ownik\u00f3w wysi\u0119gnika jest niezb\u0119dny dla optymalnej wydajno\u015bci. Zacznij od upewnienia si\u0119, \u017ce wszystkie komponenty s\u0105 czyste i wolne od zanieczyszcze\u0144. Dok\u0142adnie wyr\u00f3wnaj si\u0142ownik z punktami mocowania, aby zapobiec jego przesuni\u0119ciu, kt\u00f3re mo\u017ce prowadzi\u0107 do przedwczesnego zu\u017cycia lub awarii. U\u017cyj odpowiednich wspornik\u00f3w monta\u017cowych do zabezpieczenia si\u0142ownika i post\u0119puj zgodnie ze specyfikacjami producenta dotycz\u0105cymi ustawie\u0144 momentu obrotowego i po\u0142\u0105cze\u0144.<\/p>\n<p>Po instalacji nale\u017cy przeprowadzi\u0107 jazd\u0119 pr\u00f3bn\u0105, aby sprawdzi\u0107, czy nie wyst\u0119puj\u0105 \u017cadne problemy, takie jak wycieki czy nietypowe ruchy. W razie potrzeby nale\u017cy dokona\u0107 regulacji, aby zapewni\u0107 optymaln\u0105 wydajno\u015b\u0107.<\/p>\n<h2>Typowe zadania konserwacyjne<\/h2>\n<h3>Regularna kontrola<\/h3>\n<p>Okresowe przegl\u0105dy pomagaj\u0105 zidentyfikowa\u0107 potencjalne zu\u017cycie, zanim przerodzi si\u0119 ono w powa\u017cne problemy. Podczas tych przegl\u0105d\u00f3w nale\u017cy sprawdzi\u0107, czy nie ma wyciek\u00f3w, nietypowych d\u017awi\u0119k\u00f3w ani oznak uszkodze\u0144, aby upewni\u0107 si\u0119, \u017ce uk\u0142ad hydrauliczny dzia\u0142a p\u0142ynnie.<\/p>\n<h3>Prawid\u0142owe smarowanie<\/h3>\n<p>Stosowanie odpowiedniego \u015brodka smaruj\u0105cego w odpowiednich odst\u0119pach czasu jest kluczowe dla utrzymania wydajno\u015bci uk\u0142adu hydraulicznego. Upewnij si\u0119, \u017ce poziom oleju hydraulicznego jest odpowiedni, aby zapobiec przegrzaniu i tarciu mi\u0119dzy ruchomymi cz\u0119\u015bciami.<\/p>\n<h3>Wymiana uszczelki<\/h3>\n<p>Uszczelki nale\u017cy regularnie wymienia\u0107, aby zapobiec wyciekom i zachowa\u0107 integralno\u015b\u0107 uk\u0142adu hydraulicznego. Podczas przegl\u0105d\u00f3w nale\u017cy monitorowa\u0107 stan uszczelek i w razie potrzeby wymienia\u0107 je, aby zapewni\u0107 optymaln\u0105 wydajno\u015b\u0107.<\/p>\n<p><img decoding=\"async\" src=\"https:\/\/www.hydraulic-cylinders.net\/wp-content\/uploads\/2025\/04\/songte-chushion-collar.webp\" alt=\"Konserwacja cylindra\" \/><\/p>\n<h2>Zagadnienia bezpiecze\u0144stwa i czynniki \u015brodowiskowe<\/h2>\n<p>\u015arodki bezpiecze\u0144stwa s\u0105 kluczowe podczas obs\u0142ugi uk\u0142ad\u00f3w hydraulicznych. Zawsze nale\u017cy przestrzega\u0107 wytycznych producenta i upewni\u0107 si\u0119, \u017ce urz\u0105dzenia zabezpieczaj\u0105ce s\u0105 na miejscu. Obejmuje to przeszkolenie operator\u00f3w w zakresie prawid\u0142owej obs\u0142ugi urz\u0105dze\u0144 hydraulicznych, aby zapobiec wypadkom. Nale\u017cy r\u00f3wnie\u017c wzi\u0105\u0107 pod uwag\u0119 wp\u0142yw p\u0142yn\u00f3w hydraulicznych na \u015brodowisko; w miar\u0119 mo\u017cliwo\u015bci nale\u017cy wybiera\u0107 opcje biodegradowalne, aby zminimalizowa\u0107 szkody ekologiczne.<\/p>\n<h2>Rozwi\u0105zywanie problem\u00f3w i typowe problemy<\/h2>\n<ul>\n<li><strong>Przeciek:<\/strong> Najcz\u0119\u015bciej spowodowane zu\u017cytymi uszczelkami lub uszkodzonymi podzespo\u0142ami. Regularne kontrole mog\u0105 pom\u00f3c we wczesnym wykryciu wyciek\u00f3w, umo\u017cliwiaj\u0105c terminow\u0105 napraw\u0119.<\/li>\n<li><strong>Problemy z wydajno\u015bci\u0105:<\/strong> Obni\u017cona wydajno\u015b\u0107 mo\u017ce wskazywa\u0107 na niski poziom p\u0142ynu hydraulicznego lub zanieczyszczony olej. Zapewnienie prawid\u0142owej konserwacji i czysto\u015bci oleju pozwoli ograniczy\u0107 te problemy.<\/li>\n<li><strong>Nietypowe d\u017awi\u0119ki:<\/strong> Dziwne d\u017awi\u0119ki wydobywaj\u0105ce si\u0119 z cylindra mog\u0105 sygnalizowa\u0107 problemy mechaniczne lub brak smarowania. Szybkie rozwi\u0105zanie tych problem\u00f3w mo\u017ce zapobiec dalszym uszkodzeniom.<\/li>\n<\/ul>\n<h2>Wskaz\u00f3wki dotycz\u0105ce rozwi\u0105zywania problem\u00f3w<\/h2>\n<p>Aby skutecznie diagnozowa\u0107 i rozwi\u0105zywa\u0107 problemy, nale\u017cy prowadzi\u0107 list\u0119 kontroln\u0105 potencjalnych usterek i ich rozwi\u0105za\u0144. Na przyk\u0142ad, je\u015bli zauwa\u017cysz wyciek, najpierw sprawd\u017a uszczelki; je\u015bli wydajno\u015b\u0107 jest niska, sprawd\u017a poziom p\u0142yn\u00f3w i filtry. Wdro\u017cenie \u015brodk\u00f3w zapobiegawczych, takich jak regularne przegl\u0105dy, mo\u017ce znacznie ograniczy\u0107 wyst\u0119powanie problem\u00f3w, zapewniaj\u0105c d\u0142u\u017csz\u0105 \u017cywotno\u015b\u0107 sprz\u0119tu.<\/p>\n<p><img decoding=\"async\" src=\"https:\/\/www.hydraulic-cylinders.net\/wp-content\/uploads\/2025\/04\/songte-bushings-with-all-kinds-of-excavator-models.webp\" alt=\"Modele koparek\" \/><\/p>\n<h2>O naszej firmie<\/h2>\n<p>Jeste\u015bmy wiod\u0105cym producentem i hurtownikiem si\u0142ownik\u00f3w hydraulicznych, specjalizuj\u0105cym si\u0119 w produkcji cz\u0119\u015bci zamiennych spe\u0142niaj\u0105cych, a nawet przewy\u017cszaj\u0105cych standardy bran\u017cowe. Nasze zaanga\u017cowanie w jako\u015b\u0107 jest poparte solidn\u0105 strategi\u0105 produkcyjn\u0105, kt\u00f3ra obejmuje zaawansowan\u0105 technologi\u0119, wykwalifikowany personel techniczny oraz rygorystyczne systemy kontroli jako\u015bci. Koncentrujemy si\u0119 na dostarczaniu wysokiej wydajno\u015bci, precyzji i doskona\u0142o\u015bci naszych produkt\u00f3w, aby sprosta\u0107 zr\u00f3\u017cnicowanym potrzebom klient\u00f3w.<\/p>\n<p><img decoding=\"async\" src=\"https:\/\/www.hydraulic-cylinders.net\/wp-content\/uploads\/2025\/04\/songte-company-4.webp\" alt=\"Nasza firma\" \/><br \/>\n<img decoding=\"async\" src=\"https:\/\/www.hydraulic-cylinders.net\/wp-content\/uploads\/2025\/04\/songte-company-3.webp\" alt=\"Zak\u0142ad produkcyjny\" \/><\/p>\n<p>Nasze do\u015bwiadczenie obejmuje wiele dziedzin, w tym specjalistyczne us\u0142ugi niestandardowe, certyfikowane standardy mi\u0119dzynarodowe oraz kompleksowe wsparcie posprzeda\u017cowe, dzi\u0119ki czemu nasi klienci otrzymuj\u0105 najlepsz\u0105 mo\u017cliw\u0105 obs\u0142ug\u0119.<\/p>\n<p>Autor: lyl<\/p>","protected":false},"excerpt":{"rendered":"<p>Boom Cylinder For Sany Small Excavator SY185C-6 Introduction to Boom Cylinders The boom cylinder is a crucial component of hydraulic systems used in heavy machinery, specifically designed to control the movement of attachments like buckets in excavators, backhoe loaders, and front loaders. These cylinders enable the lifting, lowering, and tilting of buckets, making material handling [&hellip;]<\/p>","protected":false},"featured_media":17879,"comment_status":"open","ping_status":"closed","template":"","meta":{"_et_pb_use_builder":"","_et_pb_old_content":"","_et_gb_content_width":""},"product_brand":[],"product_cat":[1546],"product_tag":[1547,1496],"class_list":{"0":"post-19148","1":"product","2":"type-product","3":"status-publish","4":"has-post-thumbnail","6":"product_cat-boom-cylinders","7":"product_tag-boom-cylinders","8":"product_tag-hydraulic-cylinders","10":"first","11":"instock","12":"shipping-taxable","13":"product-type-simple"},"amp_enabled":true,"_links":{"self":[{"href":"https:\/\/www.hydraulic-cylinders.net\/pl\/wp-json\/wp\/v2\/product\/19148","targetHints":{"allow":["GET"]}}],"collection":[{"href":"https:\/\/www.hydraulic-cylinders.net\/pl\/wp-json\/wp\/v2\/product"}],"about":[{"href":"https:\/\/www.hydraulic-cylinders.net\/pl\/wp-json\/wp\/v2\/types\/product"}],"replies":[{"embeddable":true,"href":"https:\/\/www.hydraulic-cylinders.net\/pl\/wp-json\/wp\/v2\/comments?post=19148"}],"wp:featuredmedia":[{"embeddable":true,"href":"https:\/\/www.hydraulic-cylinders.net\/pl\/wp-json\/wp\/v2\/media\/17879"}],"wp:attachment":[{"href":"https:\/\/www.hydraulic-cylinders.net\/pl\/wp-json\/wp\/v2\/media?parent=19148"}],"wp:term":[{"taxonomy":"product_brand","embeddable":true,"href":"https:\/\/www.hydraulic-cylinders.net\/pl\/wp-json\/wp\/v2\/product_brand?post=19148"},{"taxonomy":"product_cat","embeddable":true,"href":"https:\/\/www.hydraulic-cylinders.net\/pl\/wp-json\/wp\/v2\/product_cat?post=19148"},{"taxonomy":"product_tag","embeddable":true,"href":"https:\/\/www.hydraulic-cylinders.net\/pl\/wp-json\/wp\/v2\/product_tag?post=19148"}],"curies":[{"name":"wp","href":"https:\/\/api.w.org\/{rel}","templated":true}]}}