{"id":1916,"date":"2023-10-19T07:55:02","date_gmt":"2023-10-19T07:55:02","guid":{"rendered":"https:\/\/hydraulic-cylinders.net\/?post_type=product&#038;p=1916"},"modified":"2025-04-11T03:43:23","modified_gmt":"2025-04-11T03:43:23","slug":"double-shield-tbm-torque-cylinder","status":"publish","type":"product","link":"https:\/\/www.hydraulic-cylinders.net\/pl\/produkt\/double-shield-tbm-torque-cylinder\/","title":{"rendered":"Cylinder momentu obrotowego TBM z podw\u00f3jn\u0105 tarcz\u0105"},"content":{"rendered":"<h1 style=\"text-align: center;\"><strong>Cylinder momentu obrotowego TBM z podw\u00f3jn\u0105 tarcz\u0105<\/strong><\/h1>\n<p><img loading=\"lazy\" decoding=\"async\" class=\"aligncenter wp-image-1917\" src=\"https:\/\/hydraulic-cylinders.net\/wp-content\/uploads\/2023\/10\/torque-cylinder-1-2-300x300.webp\" alt=\"\" width=\"400\" height=\"400\" \/><\/p>\n<p>Dwuos\u0142onowy si\u0142ownik momentu obrotowego TBM to najnowocze\u015bniejszy element hydrauliczny, kt\u00f3ry maksymalizuje wydajno\u015b\u0107 i dok\u0142adno\u015b\u0107 maszyn dr\u0105\u017c\u0105cych tunele. Ten specjalistyczny si\u0142ownik zapewnia niezb\u0119dn\u0105 si\u0142\u0119 momentu obrotowego do obrotu g\u0142owicy urabiaj\u0105cej, umo\u017cliwiaj\u0105c p\u0142ynne i precyzyjne dr\u0105\u017cenie tuneli. W tym obszernym artykule om\u00f3wiono kluczowe cechy, metody u\u017cytkowania i wytyczne dotycz\u0105ce konserwacji dwuos\u0142onowego si\u0142ownika momentu obrotowego TBM.<\/p>\n<p>Dwuos\u0142onowy si\u0142ownik momentu obrotowego TBM to solidny i niezawodny element, kt\u00f3ry zrewolucjonizuje proces dr\u0105\u017cenia tuneli. Dzi\u0119ki wysokiemu momentowi obrotowemu, precyzyjnej konstrukcji, solidnej konstrukcji i kompaktowej konstrukcji, si\u0142ownik ten zwi\u0119ksza wydajno\u015b\u0107 i precyzj\u0119 proces\u00f3w dr\u0105\u017cenia tuneli. Dzi\u0119ki przestrzeganiu zalecanych metod u\u017cytkowania i regularnej konserwacji, dwuos\u0142onowy si\u0142ownik momentu obrotowego TBM b\u0119dzie nadal zapewnia\u0142 wyj\u0105tkow\u0105 wydajno\u015b\u0107, przyczyniaj\u0105c si\u0119 do sukcesu projekt\u00f3w dr\u0105\u017cenia tuneli. Wykorzystaj moc i precyzj\u0119 dwuos\u0142onowego si\u0142ownika momentu obrotowego TBM, uwalniaj\u0105c pe\u0142en potencja\u0142 dr\u0105\u017cenia tuneli z niezr\u00f3wnan\u0105 wydajno\u015bci\u0105 i dok\u0142adno\u015bci\u0105.<\/p>\n<p>Kluczowe cechy cylindra dynamometrycznego TBM z podw\u00f3jn\u0105 tarcz\u0105:<\/p>\n<ul>\n<li>Wysoki moment obrotowy: Podw\u00f3jny cylinder TBM z os\u0142on\u0105 zapewnia solidny moment obrotowy, umo\u017cliwiaj\u0105c wydajne obroty g\u0142owicy urabiaj\u0105cej. Jego wysoka wydajno\u015b\u0107 gwarantuje efektywne i precyzyjne wykopy, nawet w trudnych warunkach geologicznych.<\/li>\n<li>Precyzyjna in\u017cynieria: Ten cylinder zosta\u0142 precyzyjnie zaprojektowany, aby zapewni\u0107 p\u0142ynne i precyzyjne przenoszenie momentu obrotowego. Jego zaawansowana konstrukcja minimalizuje luzy i utrzymuje sta\u0142\u0105 pr\u0119dko\u015b\u0107 obrotow\u0105, co przek\u0142ada si\u0119 na precyzyjne wykopy i zwi\u0119kszon\u0105 wydajno\u015b\u0107 dr\u0105\u017cenia tuneli.<\/li>\n<li>Solidna konstrukcja: Dwuos\u0142onowy cylinder momentu obrotowego TBM charakteryzuje si\u0119 solidn\u0105 konstrukcj\u0105, kt\u00f3ra sprosta trudnym warunkom panuj\u0105cym podczas dr\u0105\u017cenia tuneli. Wysokiej jako\u015bci materia\u0142y i staranne wykonanie gwarantuj\u0105 trwa\u0142o\u015b\u0107 i niezawodno\u015b\u0107 w najtrudniejszych warunkach.<\/li>\n<li>Kompaktowy i zajmuj\u0105cy ma\u0142o miejsca: Ten cylinder optymalizuje wykorzystanie przestrzeni wewn\u0105trz maszyny dr\u0105\u017c\u0105cej tunele dzi\u0119ki kompaktowej konstrukcji. Jego op\u0142ywowa konstrukcja umo\u017cliwia \u0142atw\u0105 integracj\u0119, minimalizuj\u0105c interferencj\u0119 z innymi komponentami i maksymalizuj\u0105c og\u00f3ln\u0105 wydajno\u015b\u0107 procesu dr\u0105\u017cenia tuneli.<\/li>\n<\/ul>\n<h2><strong>Parametry cylindra TBM z podw\u00f3jn\u0105 tarcz\u0105:<\/strong><\/h2>\n<table border=\"1\" cellspacing=\"0\" cellpadding=\"0\">\n<tbody>\n<tr>\n<td>Nazwa produktu<\/td>\n<td>Si\u0142ownik momentu obrotowego maszyny do dr\u0105\u017cenia tuneli z podw\u00f3jn\u0105 tarcz\u0105<\/td>\n<\/tr>\n<tr>\n<td>Cechy:<\/td>\n<td>Przeniesienie momentu obrotowego g\u0142owicy tn\u0105cej<\/td>\n<\/tr>\n<tr>\n<td>Specyfikacja:<\/td>\n<td>Istnieje mo\u017cliwo\u015b\u0107 zaprojektowania i wyprodukowania cylindr\u00f3w momentu obrotowego o r\u00f3\u017cnych konstrukcjach i specyfikacjach zgodnie z wymaganiami klienta.<\/td>\n<\/tr>\n<tr>\n<td>Ci\u015bnienie:<\/td>\n<td>do 25 MPa<br \/>\nWymagania specjalne do 35 MPa<\/td>\n<\/tr>\n<tr>\n<td>Zastosowania:<\/td>\n<td>Maszyna do dr\u0105\u017cenia tuneli z podw\u00f3jn\u0105 tarcz\u0105<\/td>\n<\/tr>\n<\/tbody>\n<\/table>\n<h2><strong>Zastosowanie cylindra TBM z podw\u00f3jn\u0105 tarcz\u0105:<\/strong><\/h2>\n<p><img loading=\"lazy\" decoding=\"async\" class=\"alignnone wp-image-1909 size-full\" src=\"https:\/\/hydraulic-cylinders.net\/wp-content\/uploads\/2023\/10\/double-shield-tbm-cylinder-1.webp\" alt=\"\" width=\"709\" height=\"473\" srcset=\"https:\/\/hydraulic-cylinders.net\/wp-content\/uploads\/2023\/10\/double-shield-tbm-cylinder-1.webp 709w, https:\/\/hydraulic-cylinders.net\/wp-content\/uploads\/2023\/10\/double-shield-tbm-cylinder-1-480x320.webp 480w\" sizes=\"(min-width: 0px) and (max-width: 480px) 480px, (min-width: 481px) 709px, 100vw\" \/><\/p>\n<h2><strong>Metoda u\u017cytkowania cylindra TBM z podw\u00f3jn\u0105 tarcz\u0105<\/strong><strong>:<\/strong><\/h2>\n<ul>\n<li><strong>Integracja cylindra:<\/strong> Zamontuj dwuos\u0142onowy si\u0142ownik momentu obrotowego TBM w wyznaczonym miejscu w maszynie dr\u0105\u017c\u0105cej tunel, zgodnie z wytycznymi i specyfikacjami producenta. Zapewnij prawid\u0142owe ustawienie i bezpieczne zamocowanie do konstrukcji maszyny TBM za pomoc\u0105 odpowiednich wspornik\u00f3w monta\u017cowych lub akcesori\u00f3w.<\/li>\n<li><strong>Integracja uk\u0142adu hydraulicznego:<\/strong> Pod\u0142\u0105cz cylinder do uk\u0142adu hydraulicznego TBM za pomoc\u0105 kompatybilnych w\u0119\u017cy i \u200b\u200bz\u0142\u0105czek. Sprawd\u017a, czy wszystkie po\u0142\u0105czenia s\u0105 solidne, szczelne i odpowiednio dokr\u0119cone, aby zapewni\u0107 optymaln\u0105 wydajno\u015b\u0107 hydrauliczn\u0105.<\/li>\n<li><strong>Sterowanie i obs\u0142uga:<\/strong> Zapoznaj si\u0119 z systemem sterowania maszyny TBM oraz zasadami dzia\u0142ania cylindra momentu obrotowego TBM z podw\u00f3jn\u0105 os\u0142on\u0105. Wykorzystaj te elementy steruj\u0105ce do aktywacji, regulacji i monitorowania momentu obrotowego, dostosowuj\u0105c go do wymaga\u0144 wykopu i warunk\u00f3w geologicznych.<\/li>\n<li><strong>Monitorowanie i dostosowywanie:<\/strong> Stale monitoruj wydajno\u015b\u0107 si\u0142ownika momentu obrotowego dwuos\u0142onowej maszyny TBM oraz og\u00f3ln\u0105 prac\u0119 maszyny dr\u0105\u017c\u0105cej tunele. Dostosuj moment obrotowy, uwzgl\u0119dniaj\u0105c warunki gruntowe, zu\u017cycie frezu i post\u0119p prac, aby zapewni\u0107 optymaln\u0105 wydajno\u015b\u0107 i produktywno\u015b\u0107.<\/li>\n<\/ul>\n<h2><strong>Jak wymieni\u0107 uszczelki cylindra hydraulicznego?<\/strong><\/h2>\n<p>Wymiana uszczelnie\u0144 si\u0142ownika hydraulicznego wymaga starannego demonta\u017cu i ponownego monta\u017cu element\u00f3w si\u0142ownika. Oto przewodnik krok po kroku, kt\u00f3ry pomo\u017ce Ci w tym procesie:<\/p>\n<ol>\n<li><strong>Przygotuj cylinder:<\/strong>\n<ul>\n<li>Od\u0142\u0105cz si\u0142ownik hydrauliczny od uk\u0142adu i upewnij si\u0119, \u017ce jest on pozbawiony ci\u015bnienia.<\/li>\n<li>Wyczy\u015b\u0107 zewn\u0119trzn\u0105 cz\u0119\u015b\u0107 cylindra, aby zapobiec dostaniu si\u0119 do niego brudu i zanieczyszcze\u0144 podczas demonta\u017cu.<\/li>\n<li>Umie\u015b\u0107 cylinder na stabilnej powierzchni roboczej i zabezpiecz go zaciskami lub imad\u0142em.<\/li>\n<\/ul>\n<\/li>\n<li><strong>Zidentyfikuj foki:<\/strong>\n<ul>\n<li>Okre\u015bl rodzaje i umiejscowienie uszczelek wymagaj\u0105cych wymiany.<\/li>\n<li>Cylindry hydrauliczne zwykle maj\u0105 wiele uszczelnie\u0144, w tym uszczelnienia t\u0142oczyska, uszczelnienia t\u0142oka i uszczelnienia zgarniacza.<\/li>\n<li>Aby okre\u015bli\u0107 wymagane uszczelnienia, zapoznaj si\u0119 z dokumentacj\u0105 producenta lub materia\u0142ami referencyjnymi.<\/li>\n<\/ul>\n<\/li>\n<li><strong>Demonta\u017c:<\/strong>\n<ul>\n<li>Zdejmij wszystkie elementy mocuj\u0105ce, takie jak \u015bruby, pier\u015bcienie osadcze lub pier\u015bcienie ustalaj\u0105ce, kt\u00f3re zabezpieczaj\u0105 g\u0142owic\u0119 cylindra lub pokryw\u0119.<\/li>\n<li>Ostro\u017cnie zdejmij g\u0142owic\u0119 cylindra lub pokryw\u0119, ods\u0142aniaj\u0105c t\u0142ok, pr\u0119t i uszczelki.<\/li>\n<li>Aby zapewni\u0107 w\u0142a\u015bciwy ponowny monta\u017c, nale\u017cy zwr\u00f3ci\u0107 uwag\u0119 na rozmieszczenie i kolejno\u015b\u0107 uszczelek.<\/li>\n<\/ul>\n<\/li>\n<li><strong>Usu\u0144 stare uszczelki:<\/strong>\n<ul>\n<li>Sprawd\u017a, czy stare uszczelki nie s\u0105 uszkodzone lub zu\u017cyte i wybierz odpowiedni\u0105 metod\u0119 ich usuni\u0119cia.<\/li>\n<li>W zale\u017cno\u015bci od rodzaju uszczelki, do jej usuni\u0119cia mo\u017ce by\u0107 konieczne u\u017cycie narz\u0119dzi, takich jak kilofy lub haki, lub ostro\u017cne podwa\u017cenie jej p\u0142askim \u015brubokr\u0119tem.<\/li>\n<li>Nale\u017cy zachowa\u0107 ostro\u017cno\u015b\u0107, aby nie uszkodzi\u0107 powierzchni cylindra podczas wyjmowania uszczelki.<\/li>\n<\/ul>\n<\/li>\n<li><strong>Wyczy\u015b\u0107 i sprawd\u017a:<\/strong>\n<ul>\n<li>Dok\u0142adnie oczy\u015b\u0107 otw\u00f3r cylindra, pr\u0119t i otaczaj\u0105ce je elementy za pomoc\u0105 niepozostawiaj\u0105cej w\u0142\u00f3kien \u015bciereczki lub odpowiedniego rozpuszczalnika.<\/li>\n<li>Sprawd\u017a wszystkie elementy pod k\u0105tem uszkodze\u0144, zu\u017cycia lub zarysowa\u0144. W razie potrzeby wymie\u0144 zu\u017cyte lub uszkodzone cz\u0119\u015bci.<\/li>\n<\/ul>\n<\/li>\n<li><strong>Monta\u017c nowych uszczelek:<\/strong>\n<ul>\n<li>Nanie\u015b\u0107 cienk\u0105 warstw\u0119 p\u0142ynu hydraulicznego lub smaru do uszczelek na nowe uszczelki, aby u\u0142atwi\u0107 monta\u017c i zapewni\u0107 w\u0142a\u015bciwe uszczelnienie.<\/li>\n<li>Ostro\u017cnie umie\u015b\u0107 nowe uszczelki w rowkach, upewniaj\u0105c si\u0119, \u017ce s\u0105 prawid\u0142owo zorientowane.<\/li>\n<li>Za pomoc\u0105 narz\u0119dzia do monta\u017cu uszczelek lub mi\u0119kkiego m\u0142otka delikatnie doci\u015bnij uszczelki na miejsce, upewniaj\u0105c si\u0119, \u017ce s\u0105 r\u00f3wnomiernie i pewnie osadzone.<\/li>\n<\/ul>\n<\/li>\n<li><strong>Ponowny monta\u017c:<\/strong>\n<ul>\n<li>Zamontuj ponownie wszystkie pozosta\u0142e cz\u0119\u015bci zdemontowane podczas demonta\u017cu, takie jak \u015bruby, pier\u015bcienie osadcze lub pier\u015bcienie ustalaj\u0105ce.<\/li>\n<li>Aby zapewni\u0107 w\u0142a\u015bciwe uszczelnienie i wyr\u00f3wnanie, nale\u017cy przestrzega\u0107 warto\u015bci momentu obrotowego i kolejno\u015bci dokr\u0119cania podanych przez producenta.<\/li>\n<li>Sprawd\u017a dok\u0142adnie kolejno\u015b\u0107 i rozmieszczenie uszczelek, aby mie\u0107 pewno\u015b\u0107, \u017ce znajduj\u0105 si\u0119 we w\u0142a\u015bciwym po\u0142o\u017ceniu.<\/li>\n<\/ul>\n<\/li>\n<li><strong>Testowanie i weryfikacja:<\/strong>\n<ul>\n<li>Pod\u0142\u0105cz ponownie si\u0142ownik hydrauliczny do uk\u0142adu i upewnij si\u0119, \u017ce wszystkie po\u0142\u0105czenia s\u0105 bezpieczne.<\/li>\n<li>Stopniowo przywracaj ci\u015bnienie w uk\u0142adzie, sprawdzaj\u0105c, czy nie wyst\u0119puj\u0105 wycieki lub nietypowe zachowanie.<\/li>\n<li>Wykonaj pe\u0142ny zakres ruchu cylindra hydraulicznego, aby sprawdzi\u0107 poprawno\u015b\u0107 dzia\u0142ania uszczelnienia i og\u00f3ln\u0105 funkcjonalno\u015b\u0107.<\/li>\n<\/ul>\n<\/li>\n<\/ol>\n<h2><strong>Mo\u017cliwo\u015bci i pojemno\u015b\u0107 fabryki:<\/strong><\/h2>\n<h3>(1) Monta\u017c<\/h3>\n<p>Dysponujemy najwy\u017cszej klasy niezale\u017cn\u0105 platform\u0105 badawczo-rozwojow\u0105. Warsztat produkcji si\u0142ownik\u00f3w hydraulicznych posiada cztery p\u00f3\u0142automatyczne linie monta\u017cowe si\u0142ownik\u00f3w podnosz\u0105cych i jedn\u0105 automatyczn\u0105 lini\u0119 monta\u017cow\u0105 si\u0142ownik\u00f3w przechy\u0142u, o projektowanej rocznej zdolno\u015bci produkcyjnej 1 miliona sztuk. Specjalny warsztat cylindr\u00f3w jest wyposa\u017cony w r\u00f3\u017cne specyfikacje p\u00f3\u0142automatycznego systemu monta\u017cu czyszcz\u0105cego o projektowanej rocznej zdolno\u015bci produkcyjnej 200 000 i wyposa\u017cony w s\u0142ynny sprz\u0119t do obr\u00f3bki CNC, centrum obr\u00f3bcze, specjalny sprz\u0119t do precyzyjnej obr\u00f3bki cylindr\u00f3w, robot spawalniczy, automatyczna maszyna czyszcz\u0105ca, automatyczna maszyna do monta\u017cu cylindr\u00f3w i automatyczna linia produkcyjna do malowania. Istniej\u0105cy krytyczny sprz\u0119t sk\u0142ada si\u0119 z ponad 300 zestaw\u00f3w. Optymalna alokacja i efektywne wykorzystanie zasob\u00f3w sprz\u0119towych zapewniaj\u0105 wymagania dotycz\u0105ce dok\u0142adno\u015bci produkt\u00f3w i spe\u0142niaj\u0105 potrzeby wysokiej jako\u015bci produkt\u00f3w.<\/p>\n<p><img loading=\"lazy\" decoding=\"async\" class=\"alignnone wp-image-626\" src=\"https:\/\/hydraulic-cylinders.net\/wp-content\/uploads\/2023\/08\/hydraulic-cylinder-product-1-300x158.webp\" alt=\"\" width=\"495\" height=\"260\" srcset=\"https:\/\/hydraulic-cylinders.net\/wp-content\/uploads\/2023\/08\/hydraulic-cylinder-product-1-300x158.webp 495w, https:\/\/hydraulic-cylinders.net\/wp-content\/uploads\/2023\/08\/hydraulic-cylinder-product-1-480x252.webp 480w\" sizes=\"(min-width: 0px) and (max-width: 480px) 480px, (min-width: 481px) 495px, 100vw\" \/> <img loading=\"lazy\" decoding=\"async\" class=\"alignnone wp-image-627\" src=\"https:\/\/hydraulic-cylinders.net\/wp-content\/uploads\/2023\/08\/hydraulic-cylinder-product-2-300x189.webp\" alt=\"\" width=\"413\" height=\"260\" \/><\/p>\n<h3>(2) Obr\u00f3bka<\/h3>\n<p>Warsztat obr\u00f3bki skrawaniem jest wyposa\u017cony w niestandardowe centrum tokarskie z pochylon\u0105 szyn\u0105, centrum obr\u00f3bcze, szybkobie\u017cn\u0105 honownic\u0119, robota spawalniczego i inny powi\u0105zany sprz\u0119t, kt\u00f3ry mo\u017ce obs\u0142ugiwa\u0107 przetwarzanie rur cylindrycznych o maksymalnej \u015brednicy wewn\u0119trznej 400 mm i maksymalnej d\u0142ugo\u015bci 6 metr\u00f3w.<\/p>\n<p><img loading=\"lazy\" decoding=\"async\" class=\"alignnone wp-image-628 size-large\" src=\"https:\/\/hydraulic-cylinders.net\/wp-content\/uploads\/2023\/08\/hydraulic-cylinder-product-3-1024x391.webp\" alt=\"\" width=\"1024\" height=\"391\" srcset=\"https:\/\/hydraulic-cylinders.net\/wp-content\/uploads\/2023\/08\/hydraulic-cylinder-product-3-980x374.webp 980w, https:\/\/hydraulic-cylinders.net\/wp-content\/uploads\/2023\/08\/hydraulic-cylinder-product-3-480x183.webp 480w\" sizes=\"(min-width: 0px) and (max-width: 480px) 480px, (min-width: 481px) and (max-width: 980px) 980px, (min-width: 981px) 1024px, 100vw\" \/><\/p>\n<h3>(3) Spawanie<\/h3>\n<p><img loading=\"lazy\" decoding=\"async\" class=\"alignnone wp-image-629 size-large\" src=\"https:\/\/hydraulic-cylinders.net\/wp-content\/uploads\/2023\/08\/hydraulic-cylinder-product-4-1024x510.webp\" alt=\"\" width=\"1024\" height=\"510\" srcset=\"https:\/\/hydraulic-cylinders.net\/wp-content\/uploads\/2023\/08\/hydraulic-cylinder-product-4-980x488.webp 980w, https:\/\/hydraulic-cylinders.net\/wp-content\/uploads\/2023\/08\/hydraulic-cylinder-product-4-480x239.webp 480w\" sizes=\"(min-width: 0px) and (max-width: 480px) 480px, (min-width: 481px) and (max-width: 980px) 980px, (min-width: 981px) 1024px, 100vw\" \/><\/p>\n<h3>(4) Malowanie i powlekanie<\/h3>\n<p>Z ma\u0142ymi i \u015brednimi automatycznymi liniami do powlekania farbami na bazie wody, w celu osi\u0105gni\u0119cia automatycznego za\u0142adunku i roz\u0142adunku robota oraz automatycznego natryskiwania, wydajno\u015b\u0107 projektowa 4000 sztuk na zmian\u0119;<br \/>\nPosiadamy r\u00f3wnie\u017c p\u00f3\u0142automatyczn\u0105 lini\u0119 do produkcji farb do du\u017cych cylindr\u00f3w nap\u0119dzan\u0105 \u0142a\u0144cuchem nap\u0119dowym, o wydajno\u015bci 60 skrzy\u0144 na zmian\u0119.<\/p>\n<p><img loading=\"lazy\" decoding=\"async\" class=\"alignnone wp-image-630\" src=\"https:\/\/hydraulic-cylinders.net\/wp-content\/uploads\/2023\/08\/hydraulic-cylinder-product-5-300x213.webp\" alt=\"\" width=\"366\" height=\"260\" \/> <img loading=\"lazy\" decoding=\"async\" class=\"alignnone wp-image-631\" src=\"https:\/\/hydraulic-cylinders.net\/wp-content\/uploads\/2023\/08\/hydraulic-cylinder-product-6-300x225.webp\" alt=\"\" width=\"347\" height=\"260\" \/><\/p>\n<h3>(5) Testowanie<\/h3>\n<p>Dysponujemy najwy\u017cszej klasy urz\u0105dzeniami kontrolnymi i stanowiskami testowymi, aby zapewni\u0107, \u017ce wydajno\u015b\u0107 cylindra spe\u0142nia wymagania.<\/p>\n<p><img loading=\"lazy\" decoding=\"async\" class=\"alignnone wp-image-632\" src=\"https:\/\/hydraulic-cylinders.net\/wp-content\/uploads\/2023\/08\/hydraulic-cylinder-product-8-300x200.webp\" alt=\"\" width=\"389\" height=\"260\" \/><\/p>\n<p>&nbsp;<\/p>\n<p>&nbsp;<\/p>\n<p>Jeste\u015bmy jednym z najlepszych producent\u00f3w cylindr\u00f3w hydraulicznych. Oferujemy kompleksow\u0105 ofert\u0119 cylindr\u00f3w hydraulicznych. Dostarczamy r\u00f3wnie\u017c\u2026 <a href=\"https:\/\/hzpt.com\/agricultural-pto-gearbox\/\" target=\"_blank\" rel=\"noopener\">przek\u0142adnie rolnicze<\/a>. Eksportowali\u015bmy nasze produkty do klient\u00f3w na ca\u0142ym \u015bwiecie i zdobyli\u015bmy dobr\u0105 reputacj\u0119 dzi\u0119ki najwy\u017cszej jako\u015bci produkt\u00f3w i us\u0142ug posprzeda\u017cnych. Zapraszamy klient\u00f3w w kraju i za granic\u0105 do kontaktu z nami w celu negocjacji biznesowych, wymiany informacji i <a href=\"https:\/\/www.hydraulic-cylinders.net\/pl\/contact-us\/\">wsp\u00f3\u0142pracowa\u0107 z nami<\/a>!<\/p>\n<p>&nbsp;<\/p>","protected":false},"excerpt":{"rendered":"<p>Double Shield TBM Torque Cylinder The double shield TBM torque cylinder is a cutting-edge hydraulic component that maximizes the efficiency and accuracy of tunnel boring machines. This specialized cylinder provides the necessary torque force for the rotation of the cutterhead, enabling smooth and precise excavation during tunneling operations. This comprehensive article will explore the key [&hellip;]<\/p>","protected":false},"featured_media":1918,"comment_status":"open","ping_status":"closed","template":"","meta":{"_et_pb_use_builder":"","_et_pb_old_content":"","_et_gb_content_width":""},"product_brand":[],"product_cat":[1550,1519],"product_tag":[1380],"class_list":{"0":"post-1916","1":"product","2":"type-product","3":"status-publish","4":"has-post-thumbnail","6":"product_cat-double-acting-hydraulic-cylinder","7":"product_cat-shield-machine-hydraulic-cylinders","8":"product_tag-hydraulic-cylinder","10":"first","11":"instock","12":"shipping-taxable","13":"product-type-simple"},"amp_enabled":true,"_links":{"self":[{"href":"https:\/\/www.hydraulic-cylinders.net\/pl\/wp-json\/wp\/v2\/product\/1916","targetHints":{"allow":["GET"]}}],"collection":[{"href":"https:\/\/www.hydraulic-cylinders.net\/pl\/wp-json\/wp\/v2\/product"}],"about":[{"href":"https:\/\/www.hydraulic-cylinders.net\/pl\/wp-json\/wp\/v2\/types\/product"}],"replies":[{"embeddable":true,"href":"https:\/\/www.hydraulic-cylinders.net\/pl\/wp-json\/wp\/v2\/comments?post=1916"}],"wp:featuredmedia":[{"embeddable":true,"href":"https:\/\/www.hydraulic-cylinders.net\/pl\/wp-json\/wp\/v2\/media\/1918"}],"wp:attachment":[{"href":"https:\/\/www.hydraulic-cylinders.net\/pl\/wp-json\/wp\/v2\/media?parent=1916"}],"wp:term":[{"taxonomy":"product_brand","embeddable":true,"href":"https:\/\/www.hydraulic-cylinders.net\/pl\/wp-json\/wp\/v2\/product_brand?post=1916"},{"taxonomy":"product_cat","embeddable":true,"href":"https:\/\/www.hydraulic-cylinders.net\/pl\/wp-json\/wp\/v2\/product_cat?post=1916"},{"taxonomy":"product_tag","embeddable":true,"href":"https:\/\/www.hydraulic-cylinders.net\/pl\/wp-json\/wp\/v2\/product_tag?post=1916"}],"curies":[{"name":"wp","href":"https:\/\/api.w.org\/{rel}","templated":true}]}}