{"id":19180,"date":"2025-04-07T06:16:46","date_gmt":"2025-04-07T06:16:46","guid":{"rendered":"https:\/\/www.hydraulic-cylinders.net\/product\/boom-cylinder-for-xcmg-small-excavator-xe75\/"},"modified":"2025-04-07T06:16:48","modified_gmt":"2025-04-07T06:16:48","slug":"boom-cylinder-for-xcmg-small-excavator-xe75","status":"publish","type":"product","link":"https:\/\/www.hydraulic-cylinders.net\/pl\/produkt\/boom-cylinder-for-xcmg-small-excavator-xe75\/","title":{"rendered":"Si\u0142ownik wysi\u0119gnika do ma\u0142ej koparki XCMG XE75"},"content":{"rendered":"<h1>Si\u0142ownik wysi\u0119gnika do ma\u0142ej koparki XCMG XE75<\/h1>\n<h2>Zrozumienie cylindra wysi\u0119gnika<\/h2>\n<p>Si\u0142ownik wysi\u0119gnika jest kluczowym elementem r\u00f3\u017cnych maszyn ci\u0119\u017ckich, szczeg\u00f3lnie koparek, koparko-\u0142adowarek i \u0142adowarek czo\u0142owych. Jest to rodzaj si\u0142ownika hydraulicznego zaprojektowanego specjalnie do sterowania ruchem \u0142y\u017cki, umo\u017cliwiaj\u0105c jej efektywne podnoszenie, opuszczanie i przechylanie. Ta funkcjonalno\u015b\u0107 jest niezb\u0119dna do zada\u0144 zwi\u0105zanych z prze\u0142adunkiem materia\u0142\u00f3w, umo\u017cliwiaj\u0105c operatorom precyzyjne wykonywanie operacji kopania, za\u0142adunku i przemieszczania.<\/p>\n<p><img decoding=\"async\" src=\"https:\/\/www.hydraulic-cylinders.net\/wp-content\/uploads\/2025\/04\/songte-company-1.webp\" alt=\"Si\u0142ownik hydrauliczny\"><\/p>\n<h3>Rola i zastosowanie w uk\u0142adach hydraulicznych<\/h3>\n<p>W uk\u0142adach hydraulicznych si\u0142ownik wysi\u0119gnika odgrywa kluczow\u0105 rol\u0119, przekszta\u0142caj\u0105c energi\u0119 hydrauliczn\u0105 w energi\u0119 mechaniczn\u0105. Po wt\u0142oczeniu p\u0142ynu hydraulicznego do si\u0142ownika, wytwarza on ci\u015bnienie, kt\u00f3re wysuwa lub wsuwa si\u0142ownik, zapewniaj\u0105c po\u017c\u0105dany ruch \u0142y\u017cki. Mechanizm ten jest nie tylko wydajny, ale tak\u017ce umo\u017cliwia p\u0142ynn\u0105 i kontrolowan\u0105 prac\u0119, co czyni go niezb\u0119dnym elementem nowoczesnych koparek.<\/p>\n<h2>Cechy cylindra wysi\u0119gnika<\/h2>\n<ul>\n<li><strong>Wysoka wytrzyma\u0142o\u015b\u0107 i trwa\u0142o\u015b\u0107:<\/strong> Zazwyczaj wykonane s\u0105 z wytrzyma\u0142ej stali lub aluminium, wytrzymuj\u0105 du\u017ce ci\u015bnienia i obci\u0105\u017cenia, s\u0105 zaprojektowane tak, aby dzia\u0142a\u0107 w trudnych warunkach pracy, a ich w\u0142a\u015bciwo\u015bci odporne na zu\u017cycie i korozj\u0119 wyd\u0142u\u017caj\u0105 ich \u017cywotno\u015b\u0107.<\/li>\n<li><strong>Wydajna praca uk\u0142adu hydraulicznego:<\/strong> Si\u0142ownik wysi\u0119gnika wykorzystuje ci\u015bnienie oleju hydraulicznego do p\u0142ynnego wysuwania i wsuwania, umo\u017cliwiaj\u0105c szybk\u0105 reakcj\u0119 na polecenia operatora i zapewniaj\u0105c du\u017c\u0105 si\u0142\u0119 pchania i ci\u0105gni\u0119cia, odpowiedni\u0105 do przenoszenia ci\u0119\u017ckich materia\u0142\u00f3w i wykonywania skomplikowanych zada\u0144.<\/li>\n<li><strong>R\u00f3\u017cne typy:<\/strong> Si\u0142owniki te s\u0105 dost\u0119pne w konfiguracji jednostronnego dzia\u0142ania (dzia\u0142anie hydrauliczne w jednym kierunku) lub dwustronnego dzia\u0142ania (dzia\u0142anie hydrauliczne w obu kierunkach), aby spe\u0142ni\u0107 r\u00f3\u017cne wymagania operacyjne. Niekt\u00f3re modele s\u0105 teleskopowe, co pozwala na wi\u0119ksze wysuni\u0119cie bez zwi\u0119kszania wymiar\u00f3w zewn\u0119trznych, co jest idealne w przypadku zastosowa\u0144 o ograniczonej przestrzeni.<\/li>\n<li><strong>Zgodno\u015b\u0107:<\/strong> Nasze produkty doskonale zast\u0119puj\u0105 istniej\u0105ce si\u0142owniki hydrauliczne, zapewniaj\u0105c bezproblemow\u0105 integracj\u0119 z r\u00f3\u017cnymi modelami koparek.<\/li>\n<\/ul>\n<p><img decoding=\"async\" src=\"https:\/\/www.hydraulic-cylinders.net\/wp-content\/uploads\/2025\/04\/songte-cylinder-head-with-all-kinds-excavator-models.webp\" alt=\"Modele koparek\"><\/p>\n<h2>Zastosowania cylindr\u00f3w wysi\u0119gnika<\/h2>\n<ul>\n<li><strong>Sprz\u0119t budowlany:<\/strong> W koparkach si\u0142owniki wysi\u0119gnika s\u0105 niezb\u0119dne do kopania, za\u0142adunku i przemieszczania gleby lub gruzu. Ich precyzyjna kontrola pozwala na efektywne wykopywanie i transport materia\u0142u, co jest kluczowe na ka\u017cdym placu budowy.<\/li>\n<li><strong>Maszyny rolnicze:<\/strong> Si\u0142owniki wysi\u0119gnika stosowane w \u0142adowarkach czo\u0142owych u\u0142atwiaj\u0105 nabieranie, podnoszenie i transportowanie gleby, siana i innych materia\u0142\u00f3w, co czyni je niezast\u0105pionymi w pracach rolniczych.<\/li>\n<li><strong>Koparki:<\/strong> Cylindry te umo\u017cliwiaj\u0105 skuteczne zag\u0142\u0119bianie si\u0119 \u0142y\u017cki w gleb\u0119, co usprawnia proces wykopywania i zwi\u0119ksza wydajno\u015b\u0107 na placach budowy.<\/li>\n<li><strong>\u0141adowarki:<\/strong> W \u0142adowarkach czo\u0142owych si\u0142owniki wysi\u0119gnika pomagaj\u0105 w efektywnym podnoszeniu i zrzucaniu materia\u0142\u00f3w, co dowodzi ich wszechstronno\u015bci w r\u00f3\u017cnych typach maszyn.<\/li>\n<\/ul>\n<h2>Zagadnienia projektowe i kryteria wyboru<\/h2>\n<ul>\n<li><strong>No\u015bno\u015b\u0107:<\/strong> Projekt musi uwzgl\u0119dnia\u0107 maksymaln\u0105 no\u015bno\u015b\u0107, aby zapobiec awariom podczas pracy. Prawid\u0142owe rozwi\u0105zania in\u017cynieryjne gwarantuj\u0105, \u017ce cylinder wytrzyma ci\u0119\u017car przenoszonych materia\u0142\u00f3w bez uszczerbku dla bezpiecze\u0144stwa i wydajno\u015bci.<\/li>\n<li><strong>Integralno\u015b\u0107 uszczelnienia:<\/strong> Skuteczne uszczelnienie jest kluczowe, aby zapobiec wyciekom p\u0142ynu hydraulicznego, kt\u00f3re mog\u0105 prowadzi\u0107 do problem\u00f3w z wydajno\u015bci\u0105 i szkodliwo\u015bci dla \u015brodowiska. Stosowanie wysokiej jako\u015bci uszczelek, odpornych na ci\u015bnienie i zu\u017cycie, jest niezb\u0119dne dla utrzymania funkcjonalno\u015bci cylindra.<\/li>\n<li><strong>Trwa\u0142o\u015b\u0107:<\/strong> Materia\u0142y stosowane w budownictwie musz\u0105 by\u0107 odporne na zu\u017cycie i korozj\u0119, szczeg\u00f3lnie w wymagaj\u0105cych warunkach. Dotyczy to r\u00f3wnie\u017c obr\u00f3bki powierzchni, kt\u00f3ra wyd\u0142u\u017ca \u017cywotno\u015b\u0107 i minimalizuje potrzeb\u0119 konserwacji.<\/li>\n<li><strong>Funkcje bezpiecze\u0144stwa:<\/strong> Mechanizmy bezpiecze\u0144stwa, takie jak zawory bezpiecze\u0144stwa, odgrywaj\u0105 kluczow\u0105 rol\u0119 w ochronie uk\u0142adu przed nadmiernym ci\u015bnieniem, gwarantuj\u0105c bezpieczn\u0105 prac\u0119 nawet przy du\u017cych obci\u0105\u017ceniach.<\/li>\n<li><strong>Dost\u0119pno\u015b\u0107 konserwacyjna:<\/strong> Konstrukcja powinna umo\u017cliwia\u0107 \u0142atw\u0105 konserwacj\u0119 i naprawy, umo\u017cliwiaj\u0105c operatorom przeprowadzanie rutynowych kontroli i serwisowania bez d\u0142u\u017cszych przestoj\u00f3w.<\/li>\n<\/ul>\n<p><img decoding=\"async\" src=\"https:\/\/www.hydraulic-cylinders.net\/wp-content\/uploads\/2025\/04\/songte-oil-pipes-and-spare-parts.webp\" alt=\"Rury olejowe i cz\u0119\u015bci zamienne\"><\/p>\n<h2>Uszczelnianie i smarowanie<\/h2>\n<p>Prawid\u0142owe uszczelnienie i smarowanie maj\u0105 kluczowe znaczenie dla wydajno\u015bci i trwa\u0142o\u015bci si\u0142ownik\u00f3w wysi\u0119gnika. Aby zapewni\u0107 utrzymanie p\u0142ynu hydraulicznego wewn\u0105trz si\u0142ownika, stosuje si\u0119 r\u00f3\u017cnorodne uszczelnienia, takie jak uszczelnienia t\u0142okowe i t\u0142oczyskowe. Uszczelnienia s\u0105 cz\u0119sto wykonane z trwa\u0142ych materia\u0142\u00f3w, takich jak poliuretan i kauczuk nitrylowy, kt\u00f3re s\u0105 odporne na zu\u017cycie i wp\u0142yw \u015brodowiska.<\/p>\n<p>Dodatkowo korpus cylindra i gwintowane powierzchnie ko\u0144cowe s\u0105 poddawane precyzyjnej obr\u00f3bce mechanicznej w celu zwi\u0119kszenia odporno\u015bci na zu\u017cycie. Regularne smarowanie olejem hydraulicznym jest niezb\u0119dne dla zapewnienia p\u0142ynnej pracy i zapobiegania zu\u017cyciu i uszkodzeniom spowodowanym tarciem. Planowa konserwacja powinna obejmowa\u0107 kontrol\u0119 poziomu oleju i integralno\u015bci uszczelnie\u0144.<\/p>\n<h2>Regularne kontrole i \u015brodki konserwacji zapobiegawczej<\/h2>\n<ul>\n<li><strong>Kontrole rutynowe:<\/strong> Nale\u017cy regularnie planowa\u0107 przegl\u0105dy si\u0142ownika wysi\u0119gnika, aby wykry\u0107 oznaki zu\u017cycia, wyciek\u00f3w lub uszkodze\u0144. Wczesne wykrycie problem\u00f3w mo\u017ce zapobiec kosztownym naprawom i przestojom.<\/li>\n<li><strong>Smarowanie:<\/strong> Odpowiednie smarowanie jest niezb\u0119dne dla p\u0142ynnej pracy i zapobiegania zu\u017cyciu. Operatorzy powinni upewni\u0107 si\u0119, \u017ce poziom oleju hydraulicznego jest na zalecanym poziomie i uzupe\u0142nia\u0107 go w razie potrzeby, w zale\u017cno\u015bci od intensywno\u015bci u\u017cytkowania.<\/li>\n<li><strong>Wymiana uszczelki:<\/strong> Z biegiem czasu uszczelki mog\u0105 si\u0119 zu\u017cywa\u0107 i prowadzi\u0107 do wyciek\u00f3w. Wprowadzenie harmonogramu kontroli i wymiany uszczelek pozwoli zachowa\u0107 integralno\u015b\u0107 i wydajno\u015b\u0107 cylindra.<\/li>\n<\/ul>\n<h2>Wytyczne dotycz\u0105ce instalacji<\/h2>\n<p>Prawid\u0142owy monta\u017c si\u0142ownika wysi\u0119gnika ma kluczowe znaczenie dla optymalnej wydajno\u015bci. Zacznij od prawid\u0142owego ustawienia si\u0142ownika wzgl\u0119dem wspornik\u00f3w monta\u017cowych, upewniaj\u0105c si\u0119, \u017ce jest on bezpiecznie zamocowany. U\u017cyj odpowiednich podp\u00f3r monta\u017cowych, aby unieruchomi\u0107 si\u0142ownik podczas monta\u017cu.<\/p>\n<p>Przed zamocowaniem cylindra nale\u017cy sprawdzi\u0107, czy wszystkie przewody hydrauliczne nie s\u0105 zagi\u0119te ani uszkodzone. Po monta\u017cu nale\u017cy sprawdzi\u0107 dzia\u0142anie cylindra, wykonuj\u0105c cykle w pe\u0142nym zakresie ruchu, sprawdzaj\u0105c szczelno\u015b\u0107 i nietypowe odg\u0142osy. Regulacja mo\u017ce by\u0107 konieczna, aby zapewni\u0107 prawid\u0142owe ustawienie i funkcjonalno\u015b\u0107.<\/p>\n<h2>Typowe zadania konserwacyjne<\/h2>\n<ul>\n<li><strong>Regularne kontrole:<\/strong> Regularnie sprawdzaj zu\u017cycie, szczelno\u015b\u0107 i og\u00f3lny stan cylindra, aby wykry\u0107 drobne problemy zanim stan\u0105 si\u0119 powa\u017cniejsze.<\/li>\n<li><strong>Prawid\u0142owe smarowanie:<\/strong> Nale\u017cy dba\u0107 o uzupe\u0142nianie oleju hydraulicznego i jego utrzymywanie na w\u0142a\u015bciwym poziomie w celu zapewnienia optymalnej wydajno\u015bci.<\/li>\n<li><strong>Wymiana uszczelki:<\/strong> Monitoruj uszczelki pod k\u0105tem oznak zu\u017cycia i planuj ich wymian\u0119, aby zapobiec wyciekom p\u0142yn\u00f3w i zachowa\u0107 wydajno\u015b\u0107.<\/li>\n<\/ul>\n<p>Podczas procesu instalacji, prawid\u0142owe ustawienie si\u0142ownika jest kluczowe, aby unikn\u0105\u0107 nadmiernych napr\u0119\u017ce\u0144 i potencjalnych awarii. U\u017cycie odpowiednich wspornik\u00f3w monta\u017cowych i element\u00f3w monta\u017cowych zapewni stabilno\u015b\u0107. Zalecane procedury kontroli, naprawy i wymiany pomog\u0105 wyd\u0142u\u017cy\u0107 \u017cywotno\u015b\u0107 si\u0142ownika wysi\u0119gnika.<\/p>\n<p><img decoding=\"async\" src=\"https:\/\/www.hydraulic-cylinders.net\/wp-content\/uploads\/2025\/04\/songte-chushion-collar.webp\" alt=\"Ko\u0142nierz poduszkowy\"><\/p>\n<h2>Zagadnienia bezpiecze\u0144stwa i czynniki \u015brodowiskowe<\/h2>\n<p>Podczas pracy z si\u0142ownikami wysi\u0119gnika \u015brodki bezpiecze\u0144stwa s\u0105 niezwykle istotne. Operatorzy powinni zawsze przestrzega\u0107 zalecanych protoko\u0142\u00f3w bezpiecze\u0144stwa, w tym nosi\u0107 odpowiedni sprz\u0119t ochrony osobistej (PPE) i dba\u0107 o to, aby w miejscu pracy nie by\u0142o zagro\u017ce\u0144. Odpowiednie przeszkolenie w zakresie obs\u0142ugi i konserwacji si\u0142ownik\u00f3w hydraulicznych jest niezb\u0119dne dla zapobiegania wypadkom.<\/p>\n<p>Istotn\u0105 rol\u0119 odgrywaj\u0105 r\u00f3wnie\u017c wzgl\u0119dy \u015brodowiskowe. Z p\u0142ynami hydraulicznymi nale\u017cy obchodzi\u0107 si\u0119 ostro\u017cnie, aby unikn\u0105\u0107 wyciek\u00f3w, a wszelkie zu\u017cyte oleje nale\u017cy utylizowa\u0107 zgodnie z lokalnymi przepisami, aby zminimalizowa\u0107 wp\u0142yw na \u015brodowisko.<\/p>\n<h2>Diagnostyka usterek i typowe problemy<\/h2>\n<ul>\n<li><strong>Przeciek:<\/strong> Cz\u0119stym problemem jest wyciek p\u0142ynu z uszczelek, cz\u0119sto spowodowany zu\u017cyciem lub uszkodzeniem. Identyfikacja \u017ar\u00f3d\u0142a wycieku jest kluczowa dla terminowej naprawy.<\/li>\n<li><strong>Obni\u017cona wydajno\u015b\u0107:<\/strong> Je\u015bli cylinder nie wysuwa si\u0119 lub nie chowa p\u0142ynnie, mo\u017ce to oznacza\u0107 niski poziom p\u0142ynu hydraulicznego lub uszkodzenie wewn\u0119trzne.<\/li>\n<li><strong>Ha\u0142as podczas pracy:<\/strong> Nietypowe ha\u0142asy mog\u0105 wskazywa\u0107 na problemy ze smarowaniem lub zu\u017cyciem mechanicznym, co wymaga natychmiastowej diagnostyki.<\/li>\n<\/ul>\n<h2>Wskaz\u00f3wki dotycz\u0105ce rozwi\u0105zywania problem\u00f3w<\/h2>\n<p>Aby skutecznie diagnozowa\u0107 i rozwi\u0105zywa\u0107 problemy z si\u0142ownikami wysi\u0119gnika, operatorzy powinni regularnie monitorowa\u0107 ich dzia\u0142anie i proaktywnie reagowa\u0107 na wszelkie nieprawid\u0142owo\u015bci. Wdra\u017caj \u015brodki zapobiegawcze, takie jak planowa konserwacja, aby zmniejszy\u0107 prawdopodobie\u0144stwo wyst\u0105pienia problem\u00f3w. Prowadzenie szczeg\u00f3\u0142owego dziennika konserwacji mo\u017ce pom\u00f3c w monitorowaniu dzia\u0142ania si\u0142ownik\u00f3w i identyfikowaniu wzorc\u00f3w, kt\u00f3re mog\u0105 wskazywa\u0107 na pojawiaj\u0105ce si\u0119 problemy.<\/p>\n<p><img decoding=\"async\" src=\"https:\/\/www.hydraulic-cylinders.net\/wp-content\/uploads\/2025\/04\/songte-bushings-with-all-kinds-of-excavator-models.webp\" alt=\"Tuleje z modelami koparek\"><\/p>\n<h2>O naszej firmie<\/h2>\n<p>Jeste\u015bmy wiod\u0105cym producentem i hurtownikiem alternatywnych si\u0142ownik\u00f3w hydraulicznych, znanym z bogatej oferty produkt\u00f3w. Nasze d\u0105\u017cenie do doskona\u0142o\u015bci opiera si\u0119 na zaawansowanej strategii zarz\u0105dzania produkcj\u0105, kt\u00f3ra k\u0142adzie nacisk na precyzj\u0119 i jako\u015b\u0107. Koncentruj\u0105c si\u0119 na post\u0119pie technologicznym, wykorzystujemy wysoce zaawansowany sprz\u0119t produkcyjny i profesjonalne systemy testowe, aby zwi\u0119kszy\u0107 nasze mo\u017cliwo\u015bci produkcyjne.<\/p>\n<p>Nasza firma szczyci si\u0119 wysokim potencja\u0142em innowacyjnym, kt\u00f3ry pozwala nam sprosta\u0107 zr\u00f3\u017cnicowanym potrzebom klient\u00f3w poprzez spersonalizowane us\u0142ugi. Posiadamy mi\u0119dzynarodowe certyfikaty, co gwarantuje, \u017ce nasze produkty spe\u0142niaj\u0105 \u015bwiatowe standardy jako\u015bci. Nasz dedykowany serwis posprzeda\u017cowy dodatkowo wzmacnia nasze zaanga\u017cowanie w satysfakcj\u0119 klienta.<\/p>\n<p><img decoding=\"async\" src=\"https:\/\/www.hydraulic-cylinders.net\/wp-content\/uploads\/2025\/04\/songte-company-4.webp\" alt=\"Przegl\u0105d firmy\"><br \/>\n<img decoding=\"async\" src=\"https:\/\/www.hydraulic-cylinders.net\/wp-content\/uploads\/2025\/04\/songte-company-3.webp\" alt=\"Zak\u0142ad produkcyjny firmy\"><\/p>\n<p>Autor: lyl<\/p>","protected":false},"excerpt":{"rendered":"<p>Boom Cylinder For XCMG Small Excavator XE75 Understanding the Boom Cylinder The boom cylinder is a crucial component in various heavy machinery, particularly in excavators, backhoe loaders, and front loaders. It is a type of hydraulic cylinder designed specifically to control the movement of the bucket, allowing it to lift, lower, and tilt efficiently. This [&hellip;]<\/p>","protected":false},"featured_media":17881,"comment_status":"open","ping_status":"closed","template":"","meta":{"_et_pb_use_builder":"","_et_pb_old_content":"","_et_gb_content_width":""},"product_brand":[],"product_cat":[1546],"product_tag":[1547,1496],"class_list":{"0":"post-19180","1":"product","2":"type-product","3":"status-publish","4":"has-post-thumbnail","6":"product_cat-boom-cylinders","7":"product_tag-boom-cylinders","8":"product_tag-hydraulic-cylinders","10":"first","11":"instock","12":"shipping-taxable","13":"product-type-simple"},"amp_enabled":true,"_links":{"self":[{"href":"https:\/\/www.hydraulic-cylinders.net\/pl\/wp-json\/wp\/v2\/product\/19180","targetHints":{"allow":["GET"]}}],"collection":[{"href":"https:\/\/www.hydraulic-cylinders.net\/pl\/wp-json\/wp\/v2\/product"}],"about":[{"href":"https:\/\/www.hydraulic-cylinders.net\/pl\/wp-json\/wp\/v2\/types\/product"}],"replies":[{"embeddable":true,"href":"https:\/\/www.hydraulic-cylinders.net\/pl\/wp-json\/wp\/v2\/comments?post=19180"}],"wp:featuredmedia":[{"embeddable":true,"href":"https:\/\/www.hydraulic-cylinders.net\/pl\/wp-json\/wp\/v2\/media\/17881"}],"wp:attachment":[{"href":"https:\/\/www.hydraulic-cylinders.net\/pl\/wp-json\/wp\/v2\/media?parent=19180"}],"wp:term":[{"taxonomy":"product_brand","embeddable":true,"href":"https:\/\/www.hydraulic-cylinders.net\/pl\/wp-json\/wp\/v2\/product_brand?post=19180"},{"taxonomy":"product_cat","embeddable":true,"href":"https:\/\/www.hydraulic-cylinders.net\/pl\/wp-json\/wp\/v2\/product_cat?post=19180"},{"taxonomy":"product_tag","embeddable":true,"href":"https:\/\/www.hydraulic-cylinders.net\/pl\/wp-json\/wp\/v2\/product_tag?post=19180"}],"curies":[{"name":"wp","href":"https:\/\/api.w.org\/{rel}","templated":true}]}}