{"id":19183,"date":"2025-04-07T06:17:01","date_gmt":"2025-04-07T06:17:01","guid":{"rendered":"https:\/\/www.hydraulic-cylinders.net\/product\/boom-cylinder-for-xcmg-small-excavator-xe40\/"},"modified":"2025-04-07T06:17:03","modified_gmt":"2025-04-07T06:17:03","slug":"boom-cylinder-for-xcmg-small-excavator-xe40","status":"publish","type":"product","link":"https:\/\/www.hydraulic-cylinders.net\/pl\/produkt\/boom-cylinder-for-xcmg-small-excavator-xe40\/","title":{"rendered":"Si\u0142ownik wysi\u0119gnika do ma\u0142ej koparki XCMG XE40"},"content":{"rendered":"<h1>Si\u0142ownik wysi\u0119gnika do ma\u0142ej koparki XCMG XE40<\/h1>\n<h2>Przegl\u0105d produktu<\/h2>\n<p>Si\u0142ownik wysi\u0119gnika do ma\u0142ej koparki XCMG XE40 to kluczowy element hydrauliczny zaprojektowany w celu zwi\u0119kszenia wydajno\u015bci ma\u0142ych koparek. Ten si\u0142ownik hydrauliczny odgrywa kluczow\u0105 rol\u0119 w sterowaniu ruchem wysi\u0119gnika, co jest niezb\u0119dne podczas r\u00f3\u017cnych prac ziemnych. Umo\u017cliwiaj\u0105c p\u0142ynne wysuwanie i wsuwanie wysi\u0119gnika, u\u0142atwia precyzyjne kopanie, podnoszenie i przemieszczanie materia\u0142\u00f3w, co czyni go niezb\u0119dnym elementem maszyn budowlanych i wykopowych.<\/p>\n<p><img decoding=\"async\" src=\"https:\/\/www.hydraulic-cylinders.net\/wp-content\/uploads\/2025\/04\/songte-company-1.webp\" alt=\"Si\u0142ownik wysi\u0119gnika\"><\/p>\n<h3>Definiowanie cylindra wiadra<\/h3>\n<p>Si\u0142ownik \u0142y\u017cki, rodzaj si\u0142ownika hydraulicznego, zosta\u0142 zaprojektowany specjalnie do sterowania ruchem \u0142y\u017cek w ci\u0119\u017ckich maszynach, takich jak koparki, koparko-\u0142adowarki i \u0142adowarki czo\u0142owe. Umo\u017cliwia on podnoszenie, opuszczanie i przechylanie \u0142y\u017cki, umo\u017cliwiaj\u0105c wydajne przenoszenie materia\u0142\u00f3w. Dzi\u0119ki solidnej konstrukcji si\u0142ownik \u0142y\u017cki wytrzymuje wysokie ci\u015bnienia i obci\u0105\u017cenia typowe dla prac budowlanych, zapewniaj\u0105c optymaln\u0105 wydajno\u015b\u0107 i niezawodno\u015b\u0107.<\/p>\n<h2>Cechy cylindra wysi\u0119gnika<\/h2>\n<ul>\n<li><strong>Wysoka wytrzyma\u0142o\u015b\u0107 i trwa\u0142o\u015b\u0107:<\/strong> Cylinder wykonany jest z wytrzyma\u0142ej stali lub aluminium i jest tak skonstruowany, aby wytrzymywa\u0107 wysokie ci\u015bnienie i du\u017ce obci\u0105\u017cenia, dzi\u0119ki czemu nadaje si\u0119 do pracy w trudnych warunkach.<\/li>\n<li><strong>Wydajna praca uk\u0142adu hydraulicznego:<\/strong> Wykorzystuje ci\u015bnienie oleju hydraulicznego do p\u0142ynnego wysuwania i wsuwania, zapewniaj\u0105c szybk\u0105 reakcj\u0119 na polecenia operatora i dostarczaj\u0105c pot\u0119\u017cne mo\u017cliwo\u015bci pchania i ci\u0105gni\u0119cia.<\/li>\n<li><strong>R\u00f3\u017cne typy:<\/strong> Dost\u0119pne w konfiguracji jednostronnego dzia\u0142ania (dzia\u0142aj\u0105cej w jednym kierunku) lub dwustronnego dzia\u0142ania (dzia\u0142aj\u0105cej w obu kierunkach), a niekt\u00f3re modele s\u0105 teleskopowe, co pozwala na wi\u0119ksze wyd\u0142u\u017cenie bez zwi\u0119kszania wymiar\u00f3w zewn\u0119trznych.<\/li>\n<li><strong>Opcje dostosowywania:<\/strong> R\u00f3\u017cne specyfikacje mo\u017cna dostosowa\u0107 do konkretnych wymaga\u0144 operacyjnych, co zapewnia wszechstronno\u015b\u0107 w r\u00f3\u017cnych zastosowaniach.<\/li>\n<li><strong>\u0141atwe w utrzymaniu:<\/strong> Cylinder zaprojektowano z my\u015bl\u0105 o \u0142atwej konserwacji, mo\u017cna go serwisowa\u0107 i naprawia\u0107 przy minimalnym przestoju, co gwarantuje ci\u0105g\u0142\u0105 prac\u0119.<\/li>\n<\/ul>\n<p>Jeste\u015bmy w stanie wyprodukowa\u0107 ten produkt, a nasze cylindry mog\u0105 doskonale zast\u0105pi\u0107 istniej\u0105ce cylindry hydrauliczne.<\/p>\n<p><img decoding=\"async\" src=\"https:\/\/www.hydraulic-cylinders.net\/wp-content\/uploads\/2025\/04\/songte-cylinder-head-with-all-kinds-excavator-models.webp\" alt=\"Cylindry do koparek\"><\/p>\n<h2>Zastosowania cylindra wysi\u0119gnika<\/h2>\n<h3>Sprz\u0119t budowlany<\/h3>\n<p>W koparkach si\u0142ownik wysi\u0119gnika jest niezb\u0119dny do kopania, za\u0142adunku i przemieszczania gleby lub gruzu. Jego mo\u017cliwo\u015b\u0107 wysuwania i chowania pozwala operatorom na prac\u0119 na r\u00f3\u017cnych g\u0142\u0119boko\u015bciach i w r\u00f3\u017cnych pozycjach, zwi\u0119kszaj\u0105c wydajno\u015b\u0107 i produktywno\u015b\u0107 na placach budowy.<\/p>\n<h3>Maszyny rolnicze<\/h3>\n<p>W \u0142adowarkach czo\u0142owych si\u0142ownik wysi\u0119gnika s\u0142u\u017cy do nabierania, podnoszenia i transportu gleby, siana i innych materia\u0142\u00f3w. Zwi\u0119ksza on mo\u017cliwo\u015bci \u0142adowarki w zakresie obs\u0142ugi r\u00f3\u017cnych \u0142adunk\u00f3w, co czyni go kluczowym elementem w pracach rolniczych.<\/p>\n<h3>Koparki<\/h3>\n<p>W koparkach si\u0142ownik wysi\u0119gnika u\u0142atwia kopanie, umo\u017cliwiaj\u0105c \u0142y\u017cce skuteczne zag\u0142\u0119bianie si\u0119 w gleb\u0119. Ta funkcja jest kluczowa dla precyzyjnego wykopu w r\u00f3\u017cnych warunkach gruntowych.<\/p>\n<h3>\u0141adowarki<\/h3>\n<p>W \u0142adowarkach czo\u0142owych si\u0142ownik wysi\u0119gnika wspomaga wydajne podnoszenie i wysypywanie materia\u0142\u00f3w. Efektywne dzia\u0142anie \u0142adowarki w du\u017cej mierze zale\u017cy od wydajno\u015bci si\u0142ownika wysi\u0119gnika, co przek\u0142ada si\u0119 na og\u00f3ln\u0105 wydajno\u015b\u0107.<\/p>\n<h2>Zagadnienia projektowe i kryteria wyboru<\/h2>\n<h3>No\u015bno\u015b\u0107<\/h3>\n<p>No\u015bno\u015b\u0107 si\u0142ownika wysi\u0119gnika jest kluczowym czynnikiem w procesie projektowania. Musi on by\u0107 w stanie utrzyma\u0107 maksymalny ci\u0119\u017car, jaki koparka b\u0119dzie podnosi\u0107 lub przenosi\u0107. Materia\u0142y u\u017cyte do produkcji, a tak\u017ce wymiary si\u0142ownika, s\u0105 starannie dobierane, aby zapewni\u0107 odpowiedni\u0105 wytrzyma\u0142o\u015b\u0107 i niezawodno\u015b\u0107 pod obci\u0105\u017ceniem.<\/p>\n<h3>Opiecz\u0119towanie<\/h3>\n<p>Skuteczne uszczelnienie ma kluczowe znaczenie dla wydajno\u015bci si\u0142ownik\u00f3w hydraulicznych. Zastosowanie wysokiej jako\u015bci uszczelek zapobiega wyciekom p\u0142ynu hydraulicznego, kt\u00f3re mog\u0105 obni\u017cy\u0107 wydajno\u015b\u0107 si\u0142ownika i prowadzi\u0107 do kosztownych napraw. Aby zapewni\u0107 d\u0142ug\u0105 \u017cywotno\u015b\u0107, uszczelki nale\u017cy dobiera\u0107 pod k\u0105tem ich trwa\u0142o\u015bci i kompatybilno\u015bci z olejami hydraulicznymi.<\/p>\n<h3>Trwa\u0142o\u015b\u0107<\/h3>\n<p>Trwa\u0142o\u015b\u0107 jest kluczowa dla ka\u017cdego elementu hydraulicznego, szczeg\u00f3lnie w wymagaj\u0105cych zastosowaniach, takich jak budownictwo. Materia\u0142y i pow\u0142oki u\u017cyte w konstrukcji cylindra musz\u0105 by\u0107 odporne na zu\u017cycie i korozj\u0119, aby zapewni\u0107 jego efektywn\u0105 prac\u0119 przez d\u0142ugi czas, nawet w trudnych warunkach.<\/p>\n<h3>Bezpiecze\u0144stwo<\/h3>\n<p>Kwestie bezpiecze\u0144stwa s\u0105 integraln\u0105 cz\u0119\u015bci\u0105 konstrukcji cylindr\u00f3w hydraulicznych. Aby zapobiec wypadkom i zapewni\u0107 bezpieczn\u0105 obs\u0142ug\u0119 podczas wszystkich zada\u0144, konieczne jest zastosowanie takich element\u00f3w, jak zawory bezpiecze\u0144stwa i mechanizmy zatrzymania awaryjnego.<\/p>\n<h3>Utrzymywalno\u015b\u0107<\/h3>\n<p>Projektowanie z uwzgl\u0119dnieniem konserwacji ma kluczowe znaczenie dla zapewnienia trwa\u0142o\u015bci si\u0142ownika wysi\u0119gnika. Obejmuje to \u0142atwy dost\u0119p do kluczowych podzespo\u0142\u00f3w w celu ich kontroli i naprawy, a tak\u017ce jasne wytyczne dotycz\u0105ce rutynowych praktyk konserwacyjnych, aby zapobiec awariom.<\/p>\n<p><img decoding=\"async\" src=\"https:\/\/www.hydraulic-cylinders.net\/wp-content\/uploads\/2025\/04\/songte-oil-pipes-and-spare-parts.webp\" alt=\"Elementy hydrauliczne\"><\/p>\n<h2>Uszczelnianie i smarowanie<\/h2>\n<p>Prawid\u0142owe uszczelnienie i smarowanie s\u0105 kluczowe dla wydajno\u015bci i trwa\u0142o\u015bci si\u0142ownika wysi\u0119gnika. R\u00f3\u017cne uszczelnienia, w tym uszczelnienia t\u0142oka i t\u0142oczyska, s\u0142u\u017c\u0105 do utrzymania ci\u015bnienia i zapobiegania wyciekom. Uszczelnienia te s\u0105 cz\u0119sto wykonane z trwa\u0142ych materia\u0142\u00f3w, takich jak poliuretan i kauczuk nitrylowy, kt\u00f3re s\u0105 odporne na trudne warunki. Korpus si\u0142ownika i gwintowane ko\u0144c\u00f3wki s\u0105 precyzyjnie obrobione, aby zwi\u0119kszy\u0107 odporno\u015b\u0107 na zu\u017cycie i zapewni\u0107 szczelno\u015b\u0107. Regularne smarowanie olejem hydraulicznym jest niezb\u0119dne, aby zminimalizowa\u0107 tarcie i zu\u017cycie, wyd\u0142u\u017caj\u0105c \u017cywotno\u015b\u0107 si\u0142ownika.<\/p>\n<h2>\u015arodki konserwacji zapobiegawczej<\/h2>\n<ul>\n<li><strong>Regularne kontrole:<\/strong> Przeprowadzaj rutynowe kontrole pod k\u0105tem wyciek\u00f3w, zu\u017cycia i uszkodze\u0144. Wczesne wykrycie problem\u00f3w mo\u017ce zapobiec kosztownym naprawom i przestojom.<\/li>\n<li><strong>Smarowanie:<\/strong> Aby zapewni\u0107 p\u0142ynn\u0105 prac\u0119 i ograniczy\u0107 zu\u017cycie, nale\u017cy zadba\u0107 o odpowiednie smarowanie cylindra w\u0142a\u015bciwym olejem hydraulicznym.<\/li>\n<li><strong>Wymiana uszczelki:<\/strong> Monitoruj uszczelki pod k\u0105tem oznak zu\u017cycia i wymieniaj je w razie potrzeby, aby zapobiega\u0107 wyciekom i zachowa\u0107 wydajno\u015b\u0107.<\/li>\n<\/ul>\n<h2>Wytyczne dotycz\u0105ce instalacji<\/h2>\n<p>Prawid\u0142owy monta\u017c si\u0142ownika wysi\u0119gnika ma kluczowe znaczenie dla optymalnej wydajno\u015bci. Zacznij od upewnienia si\u0119, \u017ce wsporniki monta\u017cowe s\u0105 prawid\u0142owo ustawione, aby zapobiec ich rozbie\u017cno\u015bciom. U\u017cyj odpowiednich podp\u00f3r monta\u017cowych, aby zabezpieczy\u0107 si\u0142ownik na miejscu, u\u0142atwiaj\u0105c dok\u0142adne ustawienie wzgl\u0119dem podzespo\u0142\u00f3w roboczych koparki. Konieczne jest dokr\u0119cenie wszystkich \u015brub zgodnie ze specyfikacj\u0105 producenta, aby unikn\u0105\u0107 ich poluzowania podczas pracy. Po monta\u017cu nale\u017cy przetestowa\u0107 si\u0142ownik, wykonuj\u0105c seri\u0119 kontroli dzia\u0142ania, aby upewni\u0107 si\u0119, \u017ce dzia\u0142a prawid\u0142owo.<\/p>\n<h2>Typowe zadania konserwacyjne<\/h2>\n<ul>\n<li><strong>Regularne kontrole:<\/strong> Przeprowadzanie rutynowych kontroli pozwala identyfikowa\u0107 potencjalne problemy zanim si\u0119 nasil\u0105, zapewniaj\u0105c ci\u0105g\u0142o\u015b\u0107 dzia\u0142ania i bezpiecze\u0144stwo.<\/li>\n<li><strong>Prawid\u0142owe smarowanie:<\/strong> Odpowiednie smarowanie jest niezb\u0119dne do p\u0142ynnej pracy i d\u0142ugowieczno\u015bci urz\u0105dzenia. Zaplanuj regularne smarowanie w oparciu o cz\u0119stotliwo\u015b\u0107 jego u\u017cytkowania.<\/li>\n<li><strong>Wymiana uszczelki:<\/strong> Regularnie sprawdzaj stan uszczelek i wymieniaj je, aby zapobiega\u0107 wyciekom p\u0142ynu hydraulicznego, kt\u00f3re mog\u0105 mie\u0107 negatywny wp\u0142yw na wydajno\u015b\u0107 urz\u0105dzenia.<\/li>\n<\/ul>\n<h2>Bezpiecze\u0144stwo i wzgl\u0119dy \u015brodowiskowe<\/h2>\n<p>W przypadku cylindr\u00f3w hydraulicznych \u015brodki bezpiecze\u0144stwa s\u0105 najwa\u017cniejsze. Operatorzy powinni przej\u015b\u0107 odpowiednie szkolenie z obs\u0142ugi maszyn i uk\u0142ad\u00f3w hydraulicznych. Ponadto, zapewnienie prawid\u0142owego dzia\u0142ania wszystkich mechanizm\u00f3w bezpiecze\u0144stwa mo\u017ce zapobiec wypadkom. Nale\u017cy r\u00f3wnie\u017c wzi\u0105\u0107 pod uwag\u0119 wzgl\u0119dy \u015brodowiskowe, takie jak w\u0142a\u015bciwa utylizacja p\u0142yn\u00f3w hydraulicznych i materia\u0142\u00f3w u\u017cywanych do konserwacji, aby zminimalizowa\u0107 wp\u0142yw na \u015brodowisko.<\/p>\n<h2>Rozwi\u0105zywanie problem\u00f3w i typowe problemy<\/h2>\n<ul>\n<li><strong>Nieszczelne uszczelki:<\/strong> Cz\u0119sto jest to oznak\u0105 zu\u017cycia i wymaga natychmiastowej interwencji w celu wymiany zu\u017cytych uszczelek, aby zapobiec utracie p\u0142ynu.<\/li>\n<li><strong>Obni\u017cona wydajno\u015b\u0107:<\/strong> Je\u015bli cylinder nie wysuwa si\u0119 lub nie chowa prawid\u0142owo, nale\u017cy sprawdzi\u0107 poziom p\u0142ynu hydraulicznego i sprawdzi\u0107, czy nie dosz\u0142o do zablokowania lub uszkodzenia element\u00f3w.<\/li>\n<li><strong>Nietypowe d\u017awi\u0119ki:<\/strong> Nietypowe d\u017awi\u0119ki dochodz\u0105ce podczas pracy urz\u0105dzenia mog\u0105 by\u0107 sygna\u0142em uszkodzenia wewn\u0119trznego lub braku smarowania, co wymaga natychmiastowej kontroli i konserwacji.<\/li>\n<\/ul>\n<h2>Wskaz\u00f3wki dotycz\u0105ce rozwi\u0105zywania problem\u00f3w i \u015brodki zapobiegawcze<\/h2>\n<p>Aby skutecznie diagnozowa\u0107 i rozwi\u0105zywa\u0107 problemy z si\u0142ownikiem wysi\u0119gnika, operatorzy powinni stale rozumie\u0107 oznaki potencjalnych awarii. Wdra\u017canie rutynowych \u015brodk\u00f3w zapobiegawczych, takich jak regularne przegl\u0105dy i terminowa konserwacja, mo\u017ce zmniejszy\u0107 prawdopodobie\u0144stwo wyst\u0105pienia problem\u00f3w. Odpowiednie szkolenie i \u015bwiadomo\u015b\u0107 pozwalaj\u0105 operatorom szybko reagowa\u0107 na problemy, zapewniaj\u0105c niezawodno\u015b\u0107 i bezpiecze\u0144stwo maszyny.<\/p>\n<p><img decoding=\"async\" src=\"https:\/\/www.hydraulic-cylinders.net\/wp-content\/uploads\/2025\/04\/songte-bushings-with-all-kinds-of-excavator-models.webp\" alt=\"Komponenty koparki\"><\/p>\n<h2>Profil firmy<\/h2>\n<p>Jeste\u015bmy producentem specjalizuj\u0105cym si\u0119 w alternatywnych si\u0142ownikach hydraulicznych, oferuj\u0105cym szerok\u0105 gam\u0119 produkt\u00f3w, co plasuje nas w czo\u0142\u00f3wce producent\u00f3w i hurtownik\u00f3w na rynku krajowym i mi\u0119dzynarodowym. Nasze zaanga\u017cowanie w d\u0105\u017cenie do doskona\u0142o\u015bci jako\u015bci jest poparte dopracowan\u0105 strategi\u0105 zarz\u0105dzania produkcj\u0105, kt\u00f3ra wykorzystuje wykwalifikowany personel techniczny, najnowocze\u015bniejszy sprz\u0119t do produkcji cyfrowej oraz specjalistyczne systemy testowe. Stale udoskonalamy nasze platformy produkcyjne, zapewniaj\u0105c wysok\u0105 wydajno\u015b\u0107, precyzj\u0119 i jako\u015b\u0107, aby sprosta\u0107 zr\u00f3\u017cnicowanym potrzebom klient\u00f3w.<\/p>\n<p><img decoding=\"async\" src=\"https:\/\/www.hydraulic-cylinders.net\/wp-content\/uploads\/2025\/04\/songte-company-4.webp\" alt=\"Przegl\u0105d firmy\"><br \/>\n<img decoding=\"async\" src=\"https:\/\/www.hydraulic-cylinders.net\/wp-content\/uploads\/2025\/04\/songte-company-3.webp\" alt=\"Obiekty produkcyjne\"><\/p>\n<p>Nasza firma oferuje profesjonaln\u0105 wiedz\u0119 specjalistyczn\u0105, mi\u0119dzynarodowe certyfikaty, us\u0142ugi dostosowane do potrzeb klienta, zaawansowany sprz\u0119t produkcyjny i wyj\u0105tkowe wsparcie posprzeda\u017cowe, dzi\u0119ki czemu mo\u017cemy spe\u0142nia\u0107 i przekracza\u0107 oczekiwania naszych klient\u00f3w.<\/p>\n<p>Autor: lyl<\/p>","protected":false},"excerpt":{"rendered":"<p>Boom Cylinder For XCMG Small Excavator XE40 Product Overview The Boom Cylinder for XCMG Small Excavator XE40 is a crucial hydraulic component designed to enhance the performance of small excavators. This hydraulic cylinder plays a vital role in controlling the movement of the boom, which is essential for various earth-moving tasks. By allowing the boom [&hellip;]<\/p>","protected":false},"featured_media":17869,"comment_status":"open","ping_status":"closed","template":"","meta":{"_et_pb_use_builder":"","_et_pb_old_content":"","_et_gb_content_width":""},"product_brand":[],"product_cat":[1546],"product_tag":[1547,1496],"class_list":{"0":"post-19183","1":"product","2":"type-product","3":"status-publish","4":"has-post-thumbnail","6":"product_cat-boom-cylinders","7":"product_tag-boom-cylinders","8":"product_tag-hydraulic-cylinders","10":"first","11":"instock","12":"shipping-taxable","13":"product-type-simple"},"amp_enabled":true,"_links":{"self":[{"href":"https:\/\/www.hydraulic-cylinders.net\/pl\/wp-json\/wp\/v2\/product\/19183","targetHints":{"allow":["GET"]}}],"collection":[{"href":"https:\/\/www.hydraulic-cylinders.net\/pl\/wp-json\/wp\/v2\/product"}],"about":[{"href":"https:\/\/www.hydraulic-cylinders.net\/pl\/wp-json\/wp\/v2\/types\/product"}],"replies":[{"embeddable":true,"href":"https:\/\/www.hydraulic-cylinders.net\/pl\/wp-json\/wp\/v2\/comments?post=19183"}],"wp:featuredmedia":[{"embeddable":true,"href":"https:\/\/www.hydraulic-cylinders.net\/pl\/wp-json\/wp\/v2\/media\/17869"}],"wp:attachment":[{"href":"https:\/\/www.hydraulic-cylinders.net\/pl\/wp-json\/wp\/v2\/media?parent=19183"}],"wp:term":[{"taxonomy":"product_brand","embeddable":true,"href":"https:\/\/www.hydraulic-cylinders.net\/pl\/wp-json\/wp\/v2\/product_brand?post=19183"},{"taxonomy":"product_cat","embeddable":true,"href":"https:\/\/www.hydraulic-cylinders.net\/pl\/wp-json\/wp\/v2\/product_cat?post=19183"},{"taxonomy":"product_tag","embeddable":true,"href":"https:\/\/www.hydraulic-cylinders.net\/pl\/wp-json\/wp\/v2\/product_tag?post=19183"}],"curies":[{"name":"wp","href":"https:\/\/api.w.org\/{rel}","templated":true}]}}