{"id":19189,"date":"2025-04-07T06:17:15","date_gmt":"2025-04-07T06:17:15","guid":{"rendered":"https:\/\/www.hydraulic-cylinders.net\/product\/boom-cylinder-for-xcmg-middle-excavator-xe225ca\/"},"modified":"2025-04-07T06:17:18","modified_gmt":"2025-04-07T06:17:18","slug":"boom-cylinder-for-xcmg-middle-excavator-xe225ca","status":"publish","type":"product","link":"https:\/\/www.hydraulic-cylinders.net\/pl\/produkt\/boom-cylinder-for-xcmg-middle-excavator-xe225ca\/","title":{"rendered":"Si\u0142ownik wysi\u0119gnika do koparki \u015brodkowej XCMG XE225CA"},"content":{"rendered":"<h1>Si\u0142ownik wysi\u0119gnika do koparki \u015brodkowej XCMG XE225CA<\/h1>\n<h2>Przegl\u0105d produktu<\/h2>\n<p>Si\u0142ownik wysi\u0119gnika do koparki XCMG Middle Excavator XE225CA to specjalistyczny si\u0142ownik hydrauliczny przeznaczony do sterowania ruchem r\u00f3\u017cnego rodzaju ci\u0119\u017ckich maszyn, takich jak koparki, koparko-\u0142adowarki i \u0142adowarki czo\u0142owe. Ten si\u0142ownik hydrauliczny u\u0142atwia podnoszenie, opuszczanie i przechylanie wysi\u0119gnika, co czyni go niezb\u0119dnym do wydajnego transportu materia\u0142\u00f3w.<\/p>\n<p>Jako kluczowy element uk\u0142adu hydraulicznego, si\u0142ownik wysi\u0119gnika zapewnia p\u0142ynny i precyzyjny ruch, umo\u017cliwiaj\u0105c operatorom efektywne zarz\u0105dzanie ci\u0119\u017ckimi \u0142adunkami i wykonywanie skomplikowanych operacji. Konstrukcja si\u0142ownika wysi\u0119gnika odzwierciedla jego funkcjonalno\u015b\u0107, gwarantuj\u0105c wytrzyma\u0142o\u015b\u0107 i niezawodno\u015b\u0107 w wymagaj\u0105cych warunkach. Ten si\u0142ownik hydrauliczny zazwyczaj pracuje pod wysokim ci\u015bnieniem i musi wytrzymywa\u0107 znaczne obci\u0105\u017cenia, co sprawia, \u017ce \u200b\u200bjego trwa\u0142o\u015b\u0107 i wydajno\u015b\u0107 s\u0105 kluczowe.<\/p>\n<p><img decoding=\"async\" src=\"https:\/\/www.hydraulic-cylinders.net\/wp-content\/uploads\/2025\/04\/songte-company-1.webp\" alt=\"Obraz cylindra wysi\u0119gnika\"><\/p>\n<h2>Cechy cylindra wysi\u0119gnika<\/h2>\n<ul>\n<li><strong>Wysoka wytrzyma\u0142o\u015b\u0107 i trwa\u0142o\u015b\u0107:<\/strong> Wykonane z wytrzyma\u0142ej stali lub aluminium, cylindry te wytrzymuj\u0105 wysokie ci\u015bnienie i du\u017ce obci\u0105\u017cenia, a przy tym s\u0105 odporne na zu\u017cycie i korozj\u0119, co wyd\u0142u\u017ca ich \u017cywotno\u015b\u0107.<\/li>\n<li><strong>Wydajna praca uk\u0142adu hydraulicznego:<\/strong> Si\u0142ownik wysi\u0119gnika wykorzystuje ci\u015bnienie oleju hydraulicznego, aby umo\u017cliwi\u0107 p\u0142ynne wysuwanie i wsuwanie, zapewniaj\u0105c szybk\u0105 reakcj\u0119 na polecenia steruj\u0105ce i du\u017c\u0105 si\u0142\u0119 pchania i ci\u0105gni\u0119cia przy podnoszeniu ci\u0119\u017ckich materia\u0142\u00f3w.<\/li>\n<li><strong>R\u00f3\u017cne typy:<\/strong> Dost\u0119pne w konfiguracji jednostronnego dzia\u0142ania (wykorzystuj\u0105cej si\u0142\u0119 hydrauliczn\u0105 w jednym kierunku) lub dwustronnego dzia\u0142ania (wykorzystuj\u0105cej si\u0142\u0119 hydrauliczn\u0105 w obu kierunkach), przy czym niekt\u00f3re modele maj\u0105 konstrukcj\u0119 teleskopow\u0105 zapewniaj\u0105c\u0105 wi\u0119kszy zasi\u0119g bez zwi\u0119kszania wymiar\u00f3w zewn\u0119trznych.<\/li>\n<li><strong>Udoskonalona technologia uszczelniania:<\/strong> Wyposa\u017cone w zaawansowane systemy uszczelniaj\u0105ce, kt\u00f3re zapobiegaj\u0105 wyciekom p\u0142ynu hydraulicznego, zapewniaj\u0105c optymaln\u0105 wydajno\u015b\u0107 i redukuj\u0105c potrzeby konserwacyjne.<\/li>\n<li><strong>Opcje dostosowywania:<\/strong> Oferujemy rozwi\u0105zania dostosowane do r\u00f3\u017cnych zastosowa\u0144 i maszyn, gwarantuj\u0105ce kompatybilno\u015b\u0107 i wydajno\u015b\u0107 r\u00f3\u017cnych modeli koparek i ci\u0119\u017ckiego sprz\u0119tu.<\/li>\n<\/ul>\n<h2>Mo\u017cliwo\u015bci produkcyjne<\/h2>\n<p>Nasza firma specjalizuje si\u0119 w produkcji wysokiej jako\u015bci si\u0142ownik\u00f3w hydraulicznych, w tym si\u0142ownika wysi\u0119gnika do koparki \u015bredniej XCMG XE225CA. Potrafimy produkowa\u0107 si\u0142owniki, kt\u00f3re idealnie zast\u0119puj\u0105 istniej\u0105ce uk\u0142ady hydrauliczne, zapewniaj\u0105c bezproblemow\u0105 integracj\u0119 i funkcjonalno\u015b\u0107.<\/p>\n<p><img decoding=\"async\" src=\"https:\/\/www.hydraulic-cylinders.net\/wp-content\/uploads\/2025\/04\/songte-cylinder-head-with-all-kinds-excavator-models.webp\" alt=\"Modele koparek\"><\/p>\n<h2>Scenariusze zastosowa\u0144<\/h2>\n<h3>Sprz\u0119t budowlany<\/h3>\n<p>W koparkach si\u0142owniki wysi\u0119gnika odgrywaj\u0105 kluczow\u0105 rol\u0119 w kopaniu, za\u0142adunku i przemieszczaniu gleby lub gruzu. Ich wydajno\u015b\u0107 bezpo\u015brednio wp\u0142ywa na efektywno\u015b\u0107 projekt\u00f3w budowlanych. Mo\u017cliwo\u015b\u0107 podnoszenia i pochylania zapewnia operatorom mo\u017cliwo\u015b\u0107 efektywnego manewrowania kopark\u0105, co czyni j\u0105 kluczowym elementem w bran\u017cy budowlanej.<\/p>\n<h3>Maszyny rolnicze<\/h3>\n<p>W \u0142adowarkach czo\u0142owych si\u0142ownik wysi\u0119gnika wspomaga nabieranie, podnoszenie i transport ziemi, siana i innych materia\u0142\u00f3w. Ta funkcjonalno\u015b\u0107 ma kluczowe znaczenie dla poprawy wydajno\u015bci w gospodarstwach rolnych, umo\u017cliwiaj\u0105c szybki i wydajny transport materia\u0142\u00f3w sypkich.<\/p>\n<h3>Koparki<\/h3>\n<p>W przypadku koparek si\u0142ownik wysi\u0119gnika umo\u017cliwia skuteczn\u0105 penetracj\u0119 pod\u0142o\u017ca przez \u0142y\u017ck\u0119, u\u0142atwiaj\u0105c kopanie. Ta funkcja sprawia, \u017ce \u200b\u200bjest on niezb\u0119dny do prac ziemnych, gdzie precyzyjna kontrola jest wymagana w celu zminimalizowania zak\u0142\u00f3ce\u0144 i maksymalizacji wydajno\u015bci.<\/p>\n<h3>\u0141adowarki<\/h3>\n<p>W \u0142adowarkach czo\u0142owych si\u0142ownik wysi\u0119gnika wspomaga wydajne podnoszenie i zrzucanie \u0142adunk\u00f3w. Dzi\u0119ki temu materia\u0142y mo\u017cna szybko przemieszcza\u0107 z jednego miejsca do drugiego, zwi\u0119kszaj\u0105c og\u00f3ln\u0105 wydajno\u015b\u0107 operacyjn\u0105.<\/p>\n<h2>Rozwa\u017cania projektowe<\/h2>\n<h3>No\u015bno\u015b\u0107<\/h3>\n<p>Jednym z g\u0142\u00f3wnych za\u0142o\u017ce\u0144 konstrukcyjnych si\u0142ownika wysi\u0119gnika jest jego ud\u017awig. Musi on by\u0107 zaprojektowany tak, aby ud\u017awign\u0105\u0107 maksymaln\u0105 mas\u0119, z jak\u0105 b\u0119dzie si\u0119 styka\u0142 podczas pracy. Obejmuje to nie tylko si\u0142\u0119 ud\u017awigu, ale tak\u017ce potencjalne obci\u0105\u017cenia dynamiczne, kt\u00f3re mog\u0105 wyst\u0105pi\u0107 podczas pracy. Prawid\u0142owe obliczenia i dob\u00f3r materia\u0142\u00f3w s\u0105 kluczowe dla zapewnienia niezawodno\u015bci i bezpiecze\u0144stwa.<\/p>\n<h3>Opiecz\u0119towanie<\/h3>\n<p>Technologia uszczelnie\u0144 ma kluczowe znaczenie w cylindrach hydraulicznych, poniewa\u017c zapobiega wyciekom p\u0142ynu i zanieczyszczeniom. Konstrukcja powinna zawiera\u0107 wysokiej jako\u015bci uszczelnienia, odporne na wyst\u0119puj\u0105ce ci\u015bnienia i temperatury robocze. Prawid\u0142owe uszczelnienie zapewnia wydajn\u0105 prac\u0119, zmniejsza cz\u0119stotliwo\u015b\u0107 konserwacji i wyd\u0142u\u017ca \u017cywotno\u015b\u0107 cylindra.<\/p>\n<h3>Trwa\u0142o\u015b\u0107<\/h3>\n<p>Trwa\u0142o\u015b\u0107 jest podstaw\u0105 konstrukcji cylindr\u00f3w hydraulicznych. Powinny by\u0107 one wykonane z wytrzyma\u0142ych materia\u0142\u00f3w, odpornych na zu\u017cycie i uszkodzenia wynikaj\u0105ce z ci\u0105g\u0142ego u\u017cytkowania w trudnych warunkach. Obejmuje to uwzgl\u0119dnienie czynnik\u00f3w \u015brodowiskowych, takich jak ekstremalne temperatury, wilgo\u0107 i nara\u017cenie na substancje \u017cr\u0105ce.<\/p>\n<h3>Bezpiecze\u0144stwo<\/h3>\n<p>W celu zapobiegania wypadkom podczas pracy, w projekcie powinny by\u0107 zintegrowane zabezpieczenia. Mog\u0105 to by\u0107 zawory bezpiecze\u0144stwa i blokady bezpiecze\u0144stwa, kt\u00f3re zapobiegaj\u0105 pracy maszyny w niebezpiecznych warunkach. Zapewnienie bezpiecze\u0144stwa w projektowaniu uk\u0142ad\u00f3w hydraulicznych to nie tylko wym\u00f3g prawny, ale tak\u017ce moralny obowi\u0105zek ochrony operator\u00f3w i os\u00f3b postronnych.<\/p>\n<h3>Konserwacja<\/h3>\n<p>Projektowanie z my\u015bl\u0105 o konserwacji jest kluczowe dla zapewnienia trwa\u0142o\u015bci cylindr\u00f3w hydraulicznych. Obejmuje to funkcje u\u0142atwiaj\u0105ce wymian\u0119 uszczelnie\u0144, kontrol\u0119 podzespo\u0142\u00f3w i uzupe\u0142nianie p\u0142yn\u00f3w hydraulicznych. Przyjazna dla u\u017cytkownika konstrukcja mo\u017ce znacznie skr\u00f3ci\u0107 przestoje i zwi\u0119kszy\u0107 wydajno\u015b\u0107.<\/p>\n<p><img decoding=\"async\" src=\"https:\/\/www.hydraulic-cylinders.net\/wp-content\/uploads\/2025\/04\/songte-oil-pipes-and-spare-parts.webp\" alt=\"Cz\u0119\u015bci hydrauliczne\"><\/p>\n<h2>Uszczelnianie i smarowanie<\/h2>\n<p>Skuteczne uszczelnienie i smarowanie s\u0105 kluczowe dla optymalnej pracy cylindr\u00f3w hydraulicznych. R\u00f3\u017cne uszczelnienia, takie jak uszczelnienia t\u0142ok\u00f3w i t\u0142oczysk, s\u0142u\u017c\u0105 do utrzymania ci\u015bnienia w cylindrze, zapobiegaj\u0105c jednocze\u015bnie wyciekom p\u0142ynu hydraulicznego. Ze wzgl\u0119du na odporno\u015b\u0107 na \u015bcieranie i dobre w\u0142a\u015bciwo\u015bci uszczelniaj\u0105ce, powszechnie stosuje si\u0119 materia\u0142y o wysokiej wydajno\u015bci, takie jak poliuretan i kauczuk nitrylowy.<\/p>\n<p>Korpus cylindra i gwintowane powierzchnie ko\u0144cowe s\u0105 poddawane precyzyjnej obr\u00f3bce mechanicznej w celu zwi\u0119kszenia odporno\u015bci na zu\u017cycie i zapewnienia idealnego dopasowania uszczelek. Regularna konserwacja powinna obejmowa\u0107 regularne uzupe\u0142nianie oleju hydraulicznego w celu smarowania ruchomych cz\u0119\u015bci, zapobiegaj\u0105c tarciu i zu\u017cyciu.<\/p>\n<h2>Regularne kontrole i konserwacja zapobiegawcza<\/h2>\n<ul>\n<li><strong>Regularne kontrole:<\/strong> Przeprowadzanie rutynowych kontroli pod k\u0105tem wyciek\u00f3w, zu\u017cycia i innych oznak potencjalnej awarii jest kluczowe. Operatorzy powinni by\u0107 przeszkoleni w zakresie rozpoznawania wczesnych sygna\u0142\u00f3w ostrzegawczych problem\u00f3w i natychmiastowego ich zg\u0142aszania.<\/li>\n<li><strong>Prawid\u0142owe smarowanie:<\/strong> Zapewnienie prawid\u0142owego smarowania si\u0142ownika hydraulicznego zapobiega nadmiernemu zu\u017cyciu i wyd\u0142u\u017ca jego \u017cywotno\u015b\u0107. Konieczne s\u0105 regularne kontrole poziomu i stanu smarowania.<\/li>\n<li><strong>Wymiana uszczelki:<\/strong> Z biegiem czasu uszczelki mog\u0105 si\u0119 zu\u017cywa\u0107 i wymaga\u0107 wymiany, aby utrzyma\u0107 wydajno\u015b\u0107. Ustalenie harmonogramu przegl\u0105d\u00f3w i wymian uszczelek mo\u017ce pom\u00f3c zapobiec awariom.<\/li>\n<\/ul>\n<h2>Wytyczne dotycz\u0105ce instalacji<\/h2>\n<p>Prawid\u0142owy monta\u017c si\u0142ownika wysi\u0119gnika jest niezb\u0119dny dla jego funkcjonalno\u015bci i trwa\u0142o\u015bci. Najpierw nale\u017cy upewni\u0107 si\u0119, \u017ce powierzchnie monta\u017cowe s\u0105 czyste i wolne od zanieczyszcze\u0144. U\u017cyj odpowiednich narz\u0119dzi do precyzyjnego dopasowania si\u0142ownika, aby unikn\u0105\u0107 niepotrzebnych napr\u0119\u017ce\u0144 podczas pracy. Zaleca si\u0119 stosowanie odpowiednich wspornik\u00f3w monta\u017cowych dla zapewnienia podparcia i stabilno\u015bci.<\/p>\n<p>Nale\u017cy przestrzega\u0107 specyfikacji producenta dotycz\u0105cych po\u0142\u0105cze\u0144 hydraulicznych, zapewniaj\u0105c bezpieczne zamocowanie i zapobiegaj\u0105c wyciekom. Po monta\u017cu, przed rozpocz\u0119ciem eksploatacji, nale\u017cy dwukrotnie sprawdzi\u0107 wszystkie po\u0142\u0105czenia i ustawienie cylindra. Regularnie sprawdzaj instalacj\u0119 pod k\u0105tem oznak zu\u017cycia lub nieprawid\u0142owego ustawienia podczas u\u017cytkowania.<\/p>\n<h2>Typowe zadania konserwacyjne<\/h2>\n<ul>\n<li><strong>Regularne kontrole:<\/strong> Rutynowe kontrole pod k\u0105tem oznak zu\u017cycia i uszkodze\u0144 mog\u0105 zapobiec powa\u017cniejszym problemom w przysz\u0142o\u015bci. Operatorzy musz\u0105 by\u0107 przeszkoleni, aby wiedzie\u0107, na co zwraca\u0107 uwag\u0119.<\/li>\n<li><strong>W\u0142a\u015bciwe smarowanie:<\/strong> Regularne smarowanie jest niezb\u0119dne dla utrzymania p\u0142ynnej pracy i zapobiegania uszkodzeniom cz\u0119\u015bci ruchomych. Operatorzy powinni przestrzega\u0107 harmonogramu smarowania dostosowanego do intensywno\u015bci u\u017cytkowania.<\/li>\n<li><strong>Wymiana uszczelek i kontrola kalibracji:<\/strong> Nale\u017cy sprawdza\u0107 i w razie potrzeby wymienia\u0107 uszczelki, aby zapobiec wyciekom. Kontrole kalibracji uk\u0142adu hydraulicznego zapewniaj\u0105, \u017ce si\u0142ownik pracuje w zalecanych parametrach.<\/li>\n<\/ul>\n<p><img decoding=\"async\" src=\"https:\/\/www.hydraulic-cylinders.net\/wp-content\/uploads\/2025\/04\/songte-chushion-collar.webp\" alt=\"Ko\u0142nierz poduszkowy\"><\/p>\n<h2>Zagadnienia bezpiecze\u0144stwa i czynniki \u015brodowiskowe<\/h2>\n<p>W przypadku uk\u0142ad\u00f3w hydraulicznych \u015brodki bezpiecze\u0144stwa maj\u0105 pierwszorz\u0119dne znaczenie. Operatorzy powinni by\u0107 przeszkoleni w zakresie bezpiecznego u\u017cytkowania sprz\u0119tu i \u015bwiadomi potencjalnych zagro\u017ce\u0144 zwi\u0105zanych z uk\u0142adami hydraulicznymi. Wdro\u017cenie standardowych procedur operacyjnych mo\u017ce znacznie zmniejszy\u0107 ryzyko wypadk\u00f3w. Ponadto nale\u017cy wzi\u0105\u0107 pod uwag\u0119 czynniki \u015brodowiskowe, takie jak metody utylizacji p\u0142yn\u00f3w i materia\u0142\u00f3w hydraulicznych, przestrzegaj\u0105c lokalnych przepis\u00f3w, aby zminimalizowa\u0107 wp\u0142yw na \u015brodowisko.<\/p>\n<h2>Rozwi\u0105zywanie problem\u00f3w i typowe problemy<\/h2>\n<ul>\n<li><strong>Przeciek:<\/strong> Jednym z cz\u0119stych problem\u00f3w jest wyciek, cz\u0119sto spowodowany zu\u017cytymi uszczelkami lub uszkodzonymi podzespo\u0142ami. Identyfikacja \u017ar\u00f3d\u0142a wycieku jest kluczowa dla skutecznej naprawy.<\/li>\n<li><strong>S\u0142aba wydajno\u015b\u0107:<\/strong> Je\u015bli si\u0142ownik wysi\u0119gnika nie reaguje zgodnie z oczekiwaniami, przyczyn\u0105 mo\u017ce by\u0107 niedob\u00f3r p\u0142ynu hydraulicznego lub zapowietrzenie uk\u0142adu. Konieczne mo\u017ce by\u0107 odpowietrzenie uk\u0142adu.<\/li>\n<li><strong>Dziwne d\u017awi\u0119ki:<\/strong> Nietypowe ha\u0142asy mog\u0105 wskazywa\u0107 na problemy mechaniczne, takie jak kawitacja lub uszkodzenia wewn\u0119trzne, wymagaj\u0105ce natychmiastowej kontroli.<\/li>\n<\/ul>\n<h2>Wskaz\u00f3wki dotycz\u0105ce rozwi\u0105zywania problem\u00f3w<\/h2>\n<p>Aby skutecznie zdiagnozowa\u0107 problemy z si\u0142ownikiem wysi\u0119gnika, operatorzy powinni post\u0119powa\u0107 systematycznie. Rozpocznij od ogl\u0119dzin wzrokowych, aby zidentyfikowa\u0107 wszelkie widoczne oznaki zu\u017cycia lub uszkodzenia. W przypadku wycieku zlokalizuj \u017ar\u00f3d\u0142o i oce\u0144, czy wymaga wymiany uszczelki lub naprawy podzespo\u0142u.<\/p>\n<p>W przypadku problem\u00f3w z wydajno\u015bci\u0105 nale\u017cy sprawdzi\u0107 poziom p\u0142yn\u00f3w i upewni\u0107 si\u0119, \u017ce w uk\u0142adzie nie ma kieszeni powietrznych. Wdro\u017cenie \u015brodk\u00f3w zapobiegawczych, takich jak regularne kontrole konserwacyjne, mo\u017ce pom\u00f3c zminimalizowa\u0107 potencjalne problemy i wyd\u0142u\u017cy\u0107 \u017cywotno\u015b\u0107 uk\u0142adu hydraulicznego.<\/p>\n<p><img decoding=\"async\" src=\"https:\/\/www.hydraulic-cylinders.net\/wp-content\/uploads\/2025\/04\/songte-bushings-with-all-kinds-of-excavator-models.webp\" alt=\"Tuleje z modelami koparek\"><\/p>\n<h2>Przegl\u0105d firmy<\/h2>\n<p>Jeste\u015bmy wiod\u0105cym producentem i hurtownikiem si\u0142ownik\u00f3w hydraulicznych, specjalizuj\u0105cym si\u0119 w dostarczaniu wysokiej jako\u015bci rozwi\u0105za\u0144 do r\u00f3\u017cnorodnych zastosowa\u0144 przemys\u0142owych. Nasze zaanga\u017cowanie w d\u0105\u017cenie do doskona\u0142o\u015bci uczyni\u0142o nas zaufan\u0105 mark\u0105 zar\u00f3wno na rynku krajowym, jak i mi\u0119dzynarodowym. Przestrzegamy rygorystycznych standard\u00f3w jako\u015bci i stosujemy zaawansowane strategie produkcyjne, wykorzystuj\u0105c wykwalifikowany personel i najnowocze\u015bniejszy sprz\u0119t produkcyjny.<\/p>\n<p>Nasza szeroka gama produkt\u00f3w i mo\u017cliwo\u015bci personalizacji gwarantuj\u0105, \u017ce mo\u017cemy skutecznie sprosta\u0107 zr\u00f3\u017cnicowanym potrzebom klient\u00f3w. Wierz\u0105c w wysok\u0105 wydajno\u015b\u0107, precyzj\u0119 i jako\u015b\u0107, d\u0105\u017cymy do zaspokojenia zr\u00f3\u017cnicowanych potrzeb naszych klient\u00f3w, jednocze\u015bnie stale zwi\u0119kszaj\u0105c nasze mo\u017cliwo\u015bci produkcyjne.<\/p>\n<p><img decoding=\"async\" src=\"https:\/\/www.hydraulic-cylinders.net\/wp-content\/uploads\/2025\/04\/songte-company-4.webp\" alt=\"Przegl\u0105d firmy 1\"><br \/>\n<img decoding=\"async\" src=\"https:\/\/www.hydraulic-cylinders.net\/wp-content\/uploads\/2025\/04\/songte-company-3.webp\" alt=\"Przegl\u0105d firmy 2\"><\/p>\n<p>Autor: lyl<\/p>","protected":false},"excerpt":{"rendered":"<p>Boom Cylinder For XCMG Middle Excavator XE225CA Product Overview The Boom Cylinder for XCMG Middle Excavator XE225CA is a specialized hydraulic cylinder designed to control the movement of various heavy machinery, such as excavators, backhoes, and front loaders. This hydraulic cylinder facilitates the lifting, lowering, and tilting of the boom, making it essential for efficient [&hellip;]<\/p>","protected":false},"featured_media":17875,"comment_status":"open","ping_status":"closed","template":"","meta":{"_et_pb_use_builder":"","_et_pb_old_content":"","_et_gb_content_width":""},"product_brand":[],"product_cat":[1546],"product_tag":[1547,1496],"class_list":{"0":"post-19189","1":"product","2":"type-product","3":"status-publish","4":"has-post-thumbnail","6":"product_cat-boom-cylinders","7":"product_tag-boom-cylinders","8":"product_tag-hydraulic-cylinders","10":"first","11":"instock","12":"shipping-taxable","13":"product-type-simple"},"amp_enabled":true,"_links":{"self":[{"href":"https:\/\/www.hydraulic-cylinders.net\/pl\/wp-json\/wp\/v2\/product\/19189","targetHints":{"allow":["GET"]}}],"collection":[{"href":"https:\/\/www.hydraulic-cylinders.net\/pl\/wp-json\/wp\/v2\/product"}],"about":[{"href":"https:\/\/www.hydraulic-cylinders.net\/pl\/wp-json\/wp\/v2\/types\/product"}],"replies":[{"embeddable":true,"href":"https:\/\/www.hydraulic-cylinders.net\/pl\/wp-json\/wp\/v2\/comments?post=19189"}],"wp:featuredmedia":[{"embeddable":true,"href":"https:\/\/www.hydraulic-cylinders.net\/pl\/wp-json\/wp\/v2\/media\/17875"}],"wp:attachment":[{"href":"https:\/\/www.hydraulic-cylinders.net\/pl\/wp-json\/wp\/v2\/media?parent=19189"}],"wp:term":[{"taxonomy":"product_brand","embeddable":true,"href":"https:\/\/www.hydraulic-cylinders.net\/pl\/wp-json\/wp\/v2\/product_brand?post=19189"},{"taxonomy":"product_cat","embeddable":true,"href":"https:\/\/www.hydraulic-cylinders.net\/pl\/wp-json\/wp\/v2\/product_cat?post=19189"},{"taxonomy":"product_tag","embeddable":true,"href":"https:\/\/www.hydraulic-cylinders.net\/pl\/wp-json\/wp\/v2\/product_tag?post=19189"}],"curies":[{"name":"wp","href":"https:\/\/api.w.org\/{rel}","templated":true}]}}