{"id":19199,"date":"2025-04-07T06:17:41","date_gmt":"2025-04-07T06:17:41","guid":{"rendered":"https:\/\/www.hydraulic-cylinders.net\/product\/boom-cylinder-for-xcmg-large-excavator-xe1300c\/"},"modified":"2025-04-07T06:17:43","modified_gmt":"2025-04-07T06:17:43","slug":"boom-cylinder-for-xcmg-large-excavator-xe1300c","status":"publish","type":"product","link":"https:\/\/www.hydraulic-cylinders.net\/pl\/produkt\/boom-cylinder-for-xcmg-large-excavator-xe1300c\/","title":{"rendered":"Si\u0142ownik wysi\u0119gnika do du\u017cej koparki XCMG XE1300C"},"content":{"rendered":"<h1>Si\u0142ownik wysi\u0119gnika do du\u017cej koparki XCMG XE1300C<\/h1>\n<h2>Wprowadzenie do cylindra wysi\u0119gnika<\/h2>\n<h3>Definicja i przegl\u0105d<\/h3>\n<p>Si\u0142ownik wysi\u0119gnika, zaprojektowany specjalnie do koparki XCMG XE1300C, jest kluczowym elementem uk\u0142ad\u00f3w hydraulicznych s\u0142u\u017c\u0105cych do sterowania ruchem \u0142y\u017cek w r\u00f3\u017cnych ci\u0119\u017ckich maszynach, takich jak koparki, koparko-\u0142adowarki i \u0142adowarki czo\u0142owe. Ten si\u0142ownik hydrauliczny umo\u017cliwia podnoszenie, opuszczanie i przechylanie \u0142y\u017cki, u\u0142atwiaj\u0105c wydajne przenoszenie materia\u0142\u00f3w. Si\u0142ownik \u0142y\u017cki odgrywa kluczow\u0105 rol\u0119 w wydajno\u015bci operacyjnej maszyn budowlanych, zapewniaj\u0105c precyzj\u0119 i moc wykonywania przez nie zada\u0144.<\/p>\n<p>Si\u0142owniki hydrauliczne to urz\u0105dzenia, kt\u00f3re zamieniaj\u0105 energi\u0119 hydrauliczn\u0105 na si\u0142\u0119 mechaniczn\u0105, a si\u0142ownik \u0142y\u017cki zosta\u0142 specjalnie zaprojektowany, aby sprosta\u0107 znacznym obci\u0105\u017ceniom i ci\u015bnieniom wyst\u0119puj\u0105cym podczas wykop\u00f3w i transportu materia\u0142\u00f3w. Zastosowane rozwi\u0105zania konstrukcyjne gwarantuj\u0105, \u017ce wytrzyma on trudne warunki pracy, zachowuj\u0105c jednocze\u015bnie optymaln\u0105 wydajno\u015b\u0107.<\/p>\n<p><img decoding=\"async\" src=\"https:\/\/www.hydraulic-cylinders.net\/wp-content\/uploads\/2025\/04\/songte-company-1.webp\" alt=\"Si\u0142ownik wysi\u0119gnika do koparek\" \/><\/p>\n<h2>Cechy cylindra wysi\u0119gnika<\/h2>\n<ul>\n<li><strong>Wysoka wytrzyma\u0142o\u015b\u0107 i trwa\u0142o\u015b\u0107:<\/strong> Wykonany z wysokowytrzyma\u0142ej stali lub aluminium si\u0142ownik wysi\u0119gnika zosta\u0142 zaprojektowany tak, aby wytrzymywa\u0107 wysokie ci\u015bnienie i du\u017ce obci\u0105\u017cenia, dzi\u0119ki czemu nadaje si\u0119 do wymagaj\u0105cych warunk\u00f3w pracy. Jego konstrukcja obejmuje ochron\u0119 przed zu\u017cyciem i korozj\u0105, co wyd\u0142u\u017ca jego \u017cywotno\u015b\u0107.<\/li>\n<li><strong>Wydajna praca uk\u0142adu hydraulicznego:<\/strong> Si\u0142ownik wysi\u0119gnika wykorzystuje ci\u015bnienie p\u0142ynu hydraulicznego, aby zapewni\u0107 p\u0142ynne ruchy wysuwania i wsuwania. Szybko reaguje na polecenia operacyjne, zapewniaj\u0105c solidne si\u0142y pchania i ci\u0105gni\u0119cia, idealne do wykonywania ci\u0119\u017ckich i z\u0142o\u017conych zada\u0144.<\/li>\n<li><strong>R\u00f3\u017cne typy:<\/strong> Dost\u0119pny w konfiguracji jednostronnego dzia\u0142ania (dzia\u0142aj\u0105cy hydraulicznie w jednym kierunku) lub dwustronnego dzia\u0142ania (dzia\u0142aj\u0105cy w obu kierunkach), si\u0142ownik wysi\u0119gnika spe\u0142nia r\u00f3\u017cnorodne potrzeby operacyjne. Niekt\u00f3re modele posiadaj\u0105 konstrukcj\u0119 teleskopow\u0105, umo\u017cliwiaj\u0105c\u0105 wi\u0119ksze wysuni\u0119cie bez zwi\u0119kszania wymiar\u00f3w zewn\u0119trznych, co idealnie sprawdza si\u0119 w zastosowaniach o ograniczonej przestrzeni.<\/li>\n<li><strong>Opcje dostosowywania:<\/strong> Nasze mo\u017cliwo\u015bci produkcyjne pozwalaj\u0105 na dostosowanie produktu do konkretnych wymaga\u0144, gwarantuj\u0105c, \u017ce si\u0142ownik wysi\u0119gnika idealnie pasuje do r\u00f3\u017cnych modeli i zastosowa\u0144.<\/li>\n<li><strong>Zgodno\u015b\u0107 z r\u00f3\u017cnymi maszynami:<\/strong> Si\u0142ownik wysi\u0119gnika zaprojektowano w taki spos\u00f3b, aby m\u00f3g\u0142 zast\u0105pi\u0107 istniej\u0105ce si\u0142owniki hydrauliczne bez konieczno\u015bci wprowadzania jakichkolwiek modyfikacji, dzi\u0119ki czemu u\u017cytkownicy mog\u0105 \u0142atwo zintegrowa\u0107 go ze swoimi maszynami.<\/li>\n<\/ul>\n<p><img decoding=\"async\" src=\"https:\/\/www.hydraulic-cylinders.net\/wp-content\/uploads\/2025\/04\/songte-cylinder-head-with-all-kinds-excavator-models.webp\" alt=\"G\u0142owice cylindr\u00f3w koparki\" \/><\/p>\n<h2>Zastosowania cylindra wysi\u0119gnika<\/h2>\n<h3>Sprz\u0119t budowlany<\/h3>\n<p>W koparkach si\u0142owniki wysi\u0119gnika odgrywaj\u0105 kluczow\u0105 rol\u0119 w kopaniu, za\u0142adunku i przemieszczaniu gleby lub gruzu. Ich konstrukcja umo\u017cliwia precyzyjn\u0105 kontrol\u0119, pozwalaj\u0105c operatorom na efektywne zarz\u0105dzanie procesem wykop\u00f3w. Wytrzyma\u0142o\u015b\u0107 si\u0142ownika u\u0142atwia podnoszenie ci\u0119\u017ckich \u0142adunk\u00f3w i przyczynia si\u0119 do og\u00f3lnej stabilno\u015bci maszyny.<\/p>\n<h3>Maszyny rolnicze<\/h3>\n<p>Si\u0142ownik wysi\u0119gnika jest powszechnie stosowany w \u0142adowarkach czo\u0142owych, gdzie wspomaga nabieranie, podnoszenie i transport ziemi, siana i innych materia\u0142\u00f3w. Jego responsywno\u015b\u0107 i moc sprawiaj\u0105, \u017ce jest on niezb\u0119dny w pracach rolniczych, zapewniaj\u0105c sprawne wykonywanie zada\u0144 takich jak za\u0142adunek i roz\u0142adunek.<\/p>\n<h3>Maszyny kopi\u0105ce<\/h3>\n<p>W przypadku koparek si\u0142ownik wysi\u0119gnika u\u0142atwia kopanie, umo\u017cliwiaj\u0105c \u0142y\u017cce skuteczne zag\u0142\u0119bianie si\u0119 w grunt. Ta funkcja zwi\u0119ksza mo\u017cliwo\u015bci maszyny w zakresie wykonywania g\u0142\u0119bokich wykop\u00f3w i zwi\u0119ksza wydajno\u015b\u0107 pracy na placu budowy.<\/p>\n<h3>\u0141adowarki<\/h3>\n<p>W \u0142adowarkach czo\u0142owych si\u0142ownik wysi\u0119gnika pomaga efektywnie podnosi\u0107 i zrzuca\u0107 \u0142adunki. Jego hydrauliczna konstrukcja umo\u017cliwia szybkie ruchy, dzi\u0119ki czemu nadaje si\u0119 do zada\u0144 wymagaj\u0105cych cz\u0119stego przenoszenia i utylizacji \u0142adunku.<\/p>\n<h2>Zagadnienia projektowe i kryteria wyboru<\/h2>\n<h3>No\u015bno\u015b\u0107<\/h3>\n<p>Przy wyborze si\u0142ownika wysi\u0119gnika kluczowe znaczenie ma zrozumienie jego ud\u017awigu. Si\u0142ownik musi by\u0107 w stanie ud\u017awign\u0105\u0107 maksymalne obci\u0105\u017cenie, jakiemu b\u0119dzie poddawany podczas pracy. To gwarantuje niezawodn\u0105 prac\u0119 si\u0142ownika bez ryzyka awarii, szczeg\u00f3lnie w warunkach du\u017cego zapotrzebowania. Materia\u0142y u\u017cywane w konstrukcji, takie jak stal wysokiej jako\u015bci, odgrywaj\u0105 znacz\u0105c\u0105 rol\u0119 w zwi\u0119kszaniu no\u015bno\u015bci.<\/p>\n<h3>Skuteczno\u015b\u0107 uszczelniania<\/h3>\n<p>Uszczelnienie jest kluczowe w cylindrach hydraulicznych, aby zapobiec wyciekom p\u0142ynu i utrzyma\u0107 ci\u015bnienie. Wysokiej jako\u015bci uszczelki, takie jak uszczelki t\u0142ok\u00f3w i t\u0142oczysk, musz\u0105 by\u0107 dobrane odpowiednio do warunk\u00f3w pracy. Odpowiednie materia\u0142y, takie jak poliuretan i kauczuk nitrylowy, zwi\u0119kszaj\u0105 trwa\u0142o\u015b\u0107 i wydajno\u015b\u0107, zmniejszaj\u0105c cz\u0119stotliwo\u015b\u0107 konserwacji i wyd\u0142u\u017caj\u0105c \u017cywotno\u015b\u0107 cylindra.<\/p>\n<h3>Trwa\u0142o\u015b\u0107<\/h3>\n<p>Trwa\u0142o\u015b\u0107 jest kluczowa w trudnych warunkach pracy. Konstrukcja si\u0142ownika wysi\u0119gnika powinna by\u0107 odporna na zu\u017cycie, korozj\u0119 i uszkodzenia. Mo\u017ce to obejmowa\u0107 obr\u00f3bk\u0119 powierzchni i pow\u0142oki, kt\u00f3re wyd\u0142u\u017caj\u0105 \u017cywotno\u015b\u0107 i niezawodno\u015b\u0107 si\u0142ownika, zapewniaj\u0105c jego niezawodn\u0105 prac\u0119 przez d\u0142ugi czas.<\/p>\n<h3>Funkcje bezpiecze\u0144stwa<\/h3>\n<p>Bezpiecze\u0144stwo jest priorytetem w uk\u0142adach hydraulicznych. Konstrukcja si\u0142ownik\u00f3w wysi\u0119gnika musi uwzgl\u0119dnia\u0107 mechanizmy bezpiecze\u0144stwa zapobiegaj\u0105ce wypadkom podczas pracy. Mog\u0105 to by\u0107 zawory bezpiecze\u0144stwa i solidna konstrukcja, aby wytrzyma\u0107 nieoczekiwane obci\u0105\u017cenia, zapewniaj\u0105c bezpiecze\u0144stwo zar\u00f3wno operator\u00f3w, jak i maszyn.<\/p>\n<h3>Konserwacja i naprawa<\/h3>\n<p>\u0141atwo\u015b\u0107 konserwacji jest istotnym czynnikiem przy projektowaniu i doborze si\u0142ownik\u00f3w wysi\u0119gnika. Mo\u017cliwo\u015b\u0107 dost\u0119pu do uszczelnie\u0144 i podzespo\u0142\u00f3w wewn\u0119trznych w celu rutynowych kontroli i napraw mo\u017ce znacznie skr\u00f3ci\u0107 przestoje i obni\u017cy\u0107 koszty. Dobrze zaprojektowany si\u0142ownik u\u0142atwi szybki demonta\u017c i ponowny monta\u017c, umo\u017cliwiaj\u0105c efektywne praktyki konserwacyjne.<\/p>\n<p><img decoding=\"async\" src=\"https:\/\/www.hydraulic-cylinders.net\/wp-content\/uploads\/2025\/04\/songte-oil-pipes-and-spare-parts.webp\" alt=\"Cz\u0119\u015bci i rury hydrauliczne\" \/><\/p>\n<h2>Uszczelnienie i smarowanie cylindra<\/h2>\n<p>Skuteczno\u015b\u0107 si\u0142ownika wysi\u0119gnika w du\u017cej mierze zale\u017cy od jego system\u00f3w uszczelnie\u0144 i smarowania. R\u00f3\u017cne uszczelnienia, takie jak uszczelnienia t\u0142oka i t\u0142oczyska, maj\u0105 kluczowe znaczenie dla utrzymania integralno\u015bci uk\u0142adu hydraulicznego. Uszczelnienia wykonane z materia\u0142\u00f3w odpornych na zu\u017cycie, takich jak poliuretan i kauczuk nitrylowy, zwi\u0119kszaj\u0105 niezawodno\u015b\u0107 i wydajno\u015b\u0107.<\/p>\n<p>Dodatkowo korpus cylindra i gwintowane powierzchnie ko\u0144cowe poddawane s\u0105 precyzyjnej obr\u00f3bce w celu zwi\u0119kszenia odporno\u015bci na zu\u017cycie. Regularne smarowanie olejem hydraulicznym jest niezb\u0119dne, aby zapobiec zu\u017cyciu, zapewni\u0107 p\u0142ynn\u0105 prac\u0119 i wyd\u0142u\u017cy\u0107 \u017cywotno\u015b\u0107 cylindra. Nale\u017cy utrzymywa\u0107 odpowiedni poziom oleju, a uk\u0142ad smarowania nale\u017cy okresowo sprawdza\u0107, aby zapewni\u0107 jego optymaln\u0105 wydajno\u015b\u0107.<\/p>\n<h2>Regularne praktyki konserwacyjne<\/h2>\n<ul>\n<li><strong>Rutynowa kontrola:<\/strong> Nale\u017cy przeprowadza\u0107 regularne kontrole w celu wykrycia wszelkich oznak zu\u017cycia, uszkodze\u0144 lub wyciek\u00f3w. Takie proaktywne podej\u015bcie pomaga wykry\u0107 potencjalne problemy, zanim si\u0119 nasil\u0105, zapewniaj\u0105c sprawne dzia\u0142anie si\u0142ownika.<\/li>\n<li><strong>Prawid\u0142owe smarowanie:<\/strong> Smarowanie nale\u017cy wykonywa\u0107 zgodnie z zaleceniami producenta. Nale\u017cy utrzymywa\u0107 odpowiedni poziom oleju hydraulicznego, aby zapewni\u0107 p\u0142ynn\u0105 prac\u0119 i zapobiec tarciu, kt\u00f3re mog\u0142oby prowadzi\u0107 do przedwczesnego zu\u017cycia.<\/li>\n<li><strong>Wymiana uszczelki:<\/strong> Z biegiem czasu uszczelnienia mog\u0105 ulega\u0107 degradacji i traci\u0107 swoj\u0105 skuteczno\u015b\u0107. Regularne monitorowanie i terminowa wymiana uszczelnie\u0144 maj\u0105 kluczowe znaczenie dla zachowania integralno\u015bci uk\u0142adu hydraulicznego i zapobiegania wyciekom.<\/li>\n<\/ul>\n<h2>Wytyczne dotycz\u0105ce instalacji<\/h2>\n<p>Prawid\u0142owy monta\u017c si\u0142ownika wysi\u0119gnika ma kluczowe znaczenie dla optymalnej wydajno\u015bci. Post\u0119puj zgodnie z poni\u017cszymi wskaz\u00f3wkami:<\/p>\n<ul>\n<li><strong>Wyr\u00f3wnanie:<\/strong> Upewnij si\u0119, \u017ce cylinder jest prawid\u0142owo ustawiony wzgl\u0119dem maszyny, aby zapobiec nadmiernemu napr\u0119\u017ceniu podzespo\u0142u. Niew\u0142a\u015bciwe ustawienie mo\u017ce prowadzi\u0107 do przedwczesnego zu\u017cycia i nieefektywnej pracy.<\/li>\n<li><strong>Zastosowanie uchwyt\u00f3w monta\u017cowych:<\/strong> Zastosuj odpowiednie wsporniki monta\u017cowe, aby bezpiecznie zamocowa\u0107 cylinder. Pomaga to zachowa\u0107 stabilno\u015b\u0107 podczas pracy i zmniejsza ryzyko rozbie\u017cno\u015bci.<\/li>\n<li><strong>Po\u0142\u0105czenia hydrauliczne:<\/strong> Upewnij si\u0119, \u017ce wszystkie po\u0142\u0105czenia hydrauliczne s\u0105 solidne i szczelne. Przed uruchomieniem maszyny sprawd\u017a dok\u0142adnie po\u0142\u0105czenia, aby zapewni\u0107 bezpieczne \u015brodowisko pracy.<\/li>\n<li><strong>Kontrole kalibracji:<\/strong> Po instalacji nale\u017cy przeprowadzi\u0107 kontrol\u0119 kalibracji, aby upewni\u0107 si\u0119, \u017ce butla dzia\u0142a zgodnie z wymaganymi parametrami. W razie potrzeby nale\u017cy dokona\u0107 regulacji, aby uzyska\u0107 optymaln\u0105 funkcjonalno\u015b\u0107.<\/li>\n<\/ul>\n<h2>Zagadnienia bezpiecze\u0144stwa i czynniki \u015brodowiskowe<\/h2>\n<p>\u015arodki bezpiecze\u0144stwa maj\u0105 kluczowe znaczenie podczas u\u017cytkowania cylindr\u00f3w hydraulicznych. Operatorzy musz\u0105 by\u0107 przeszkoleni w zakresie rozpoznawania zagro\u017ce\u0144 zwi\u0105zanych z systemami hydraulicznymi. Przestrzeganie prawid\u0142owych procedur obs\u0142ugi, noszenie odpowiedniego sprz\u0119tu ochrony osobistej (PPE) oraz regularne kontrole bezpiecze\u0144stwa mog\u0105 zminimalizowa\u0107 liczb\u0119 wypadk\u00f3w i zapewni\u0107 bezpieczne \u015brodowisko pracy. Nale\u017cy r\u00f3wnie\u017c uwzgl\u0119dni\u0107 czynniki \u015brodowiskowe, takie jak prawid\u0142owe metody utylizacji p\u0142yn\u00f3w hydraulicznych oraz wdro\u017cenie \u015brodk\u00f3w ograniczaj\u0105cych wp\u0142yw na \u015brodowisko podczas eksploatacji i konserwacji.<\/p>\n<h2>Diagnostyka usterek i typowe problemy<\/h2>\n<ul>\n<li><strong>Przeciek:<\/strong> Cz\u0119stymi przyczynami wyciek\u00f3w p\u0142ynu hydraulicznego s\u0105 zu\u017cyte uszczelki lub uszkodzone po\u0142\u0105czenia. Regularna kontrola mo\u017ce pom\u00f3c w szybkiej identyfikacji i usuni\u0119ciu tych problem\u00f3w.<\/li>\n<li><strong>S\u0142aba wydajno\u015b\u0107:<\/strong> Je\u015bli si\u0142ownik nie reaguje skutecznie, przyczyn\u0105 mo\u017ce by\u0107 niski poziom p\u0142ynu hydraulicznego lub wewn\u0119trzne blokady. Sprawdzenie poziomu p\u0142ynu i wyczyszczenie uk\u0142adu hydraulicznego mo\u017ce rozwi\u0105za\u0107 te problemy.<\/li>\n<li><strong>Nadmierne zu\u017cycie:<\/strong> Mo\u017ce to by\u0107 spowodowane niedostatecznym smarowaniem lub trudnymi warunkami pracy. Zapewnienie prawid\u0142owej konserwacji i smarowania mo\u017ce ograniczy\u0107 problemy zwi\u0105zane ze zu\u017cyciem.<\/li>\n<\/ul>\n<h2>Wskaz\u00f3wki dotycz\u0105ce rozwi\u0105zywania problem\u00f3w<\/h2>\n<p>Aby skutecznie rozwi\u0105za\u0107 potencjalne problemy, nale\u017cy wzi\u0105\u0107 pod uwag\u0119 nast\u0119puj\u0105ce kwestie:<\/p>\n<ul>\n<li><strong>Regularna konserwacja:<\/strong> Przestrzeganie \u015bcis\u0142ego harmonogramu konserwacji mo\u017ce zapobiec wielu problemom. Regularne kontrole i terminowe naprawy s\u0105 niezb\u0119dne.<\/li>\n<li><strong>Szkolenie operator\u00f3w:<\/strong> Zadbanie o to, aby wszyscy operatorzy zostali odpowiednio przeszkoleni w zakresie prawid\u0142owego u\u017cytkowania i konserwacji, mo\u017ce pom\u00f3c zmniejszy\u0107 prawdopodobie\u0144stwo wyst\u0105pienia b\u0142\u0119d\u00f3w operacyjnych prowadz\u0105cych do usterek.<\/li>\n<li><strong>Kontrola \u015brodowiska:<\/strong> Wdro\u017cenie \u015brodk\u00f3w maj\u0105cych na celu kontrolowanie czynnik\u00f3w \u015brodowiskowych, takich jak temperatura i wilgotno\u015b\u0107, pomo\u017ce zachowa\u0107 integralno\u015b\u0107 p\u0142ynu hydraulicznego i og\u00f3ln\u0105 wydajno\u015b\u0107 uk\u0142adu.<\/li>\n<\/ul>\n<p><img decoding=\"async\" src=\"https:\/\/www.hydraulic-cylinders.net\/wp-content\/uploads\/2025\/04\/songte-bushings-with-all-kinds-of-excavator-models.webp\" alt=\"Tuleje koparki\" \/><\/p>\n<h2>O naszej firmie<\/h2>\n<p>Jeste\u015bmy wiod\u0105cym producentem i hurtownikiem si\u0142ownik\u00f3w hydraulicznych, specjalizuj\u0105cym si\u0119 w produkcji zamiennik\u00f3w do r\u00f3\u017cnych modeli. Nasza szeroka gama produkt\u00f3w plasuje nas w czo\u0142\u00f3wce na rynku krajowym i mi\u0119dzynarodowym. Przestrzegamy najwy\u017cszych standard\u00f3w jako\u015bci i wdro\u017cyli\u015bmy udoskonalone strategie zarz\u0105dzania produkcj\u0105.<\/p>\n<p>Nasza firma stale inwestuje w talenty technologiczne, zaawansowany sprz\u0119t produkcyjny i profesjonalne systemy testowe. Pozwala nam to udoskonala\u0107 nasze platformy produkcyjne i podnosi\u0107 jako\u015b\u0107 naszych produkt\u00f3w. Jeste\u015bmy dumni z wydajno\u015bci, precyzji i dostarczania wysokiej jako\u015bci rozwi\u0105za\u0144, kt\u00f3re spe\u0142niaj\u0105 zr\u00f3\u017cnicowane potrzeby naszych klient\u00f3w.<\/p>\n<p><img decoding=\"async\" src=\"https:\/\/www.hydraulic-cylinders.net\/wp-content\/uploads\/2025\/04\/songte-company-4.webp\" alt=\"Zak\u0142ad produkcyjny firmy\" \/><br \/>\n<img decoding=\"async\" src=\"https:\/\/www.hydraulic-cylinders.net\/wp-content\/uploads\/2025\/04\/songte-company-3.webp\" alt=\"Produkty firmy\" \/><\/p>\n<p>Autor: lyl<\/p>","protected":false},"excerpt":{"rendered":"<p>Boom Cylinder For XCMG Large Excavator XE1300C Introduction to Boom Cylinder Definition and Overview The Boom Cylinder, specifically designed for the XCMG Large Excavator XE1300C, is a critical component in hydraulic systems used to control the movement of buckets in various heavy machinery such as excavators, backhoe loaders, and front-end loaders. This hydraulic cylinder allows [&hellip;]<\/p>","protected":false},"featured_media":17870,"comment_status":"open","ping_status":"closed","template":"","meta":{"_et_pb_use_builder":"","_et_pb_old_content":"","_et_gb_content_width":""},"product_brand":[],"product_cat":[1546],"product_tag":[1547,1496],"class_list":{"0":"post-19199","1":"product","2":"type-product","3":"status-publish","4":"has-post-thumbnail","6":"product_cat-boom-cylinders","7":"product_tag-boom-cylinders","8":"product_tag-hydraulic-cylinders","10":"first","11":"instock","12":"shipping-taxable","13":"product-type-simple"},"amp_enabled":true,"_links":{"self":[{"href":"https:\/\/www.hydraulic-cylinders.net\/pl\/wp-json\/wp\/v2\/product\/19199","targetHints":{"allow":["GET"]}}],"collection":[{"href":"https:\/\/www.hydraulic-cylinders.net\/pl\/wp-json\/wp\/v2\/product"}],"about":[{"href":"https:\/\/www.hydraulic-cylinders.net\/pl\/wp-json\/wp\/v2\/types\/product"}],"replies":[{"embeddable":true,"href":"https:\/\/www.hydraulic-cylinders.net\/pl\/wp-json\/wp\/v2\/comments?post=19199"}],"wp:featuredmedia":[{"embeddable":true,"href":"https:\/\/www.hydraulic-cylinders.net\/pl\/wp-json\/wp\/v2\/media\/17870"}],"wp:attachment":[{"href":"https:\/\/www.hydraulic-cylinders.net\/pl\/wp-json\/wp\/v2\/media?parent=19199"}],"wp:term":[{"taxonomy":"product_brand","embeddable":true,"href":"https:\/\/www.hydraulic-cylinders.net\/pl\/wp-json\/wp\/v2\/product_brand?post=19199"},{"taxonomy":"product_cat","embeddable":true,"href":"https:\/\/www.hydraulic-cylinders.net\/pl\/wp-json\/wp\/v2\/product_cat?post=19199"},{"taxonomy":"product_tag","embeddable":true,"href":"https:\/\/www.hydraulic-cylinders.net\/pl\/wp-json\/wp\/v2\/product_tag?post=19199"}],"curies":[{"name":"wp","href":"https:\/\/api.w.org\/{rel}","templated":true}]}}