{"id":19205,"date":"2025-04-07T06:18:03","date_gmt":"2025-04-07T06:18:03","guid":{"rendered":"https:\/\/www.hydraulic-cylinders.net\/product\/boom-cylinder-for-xcmg-large-excavator-xe490ck\/"},"modified":"2025-04-07T06:18:06","modified_gmt":"2025-04-07T06:18:06","slug":"boom-cylinder-for-xcmg-large-excavator-xe490ck","status":"publish","type":"product","link":"https:\/\/www.hydraulic-cylinders.net\/pl\/produkt\/boom-cylinder-for-xcmg-large-excavator-xe490ck\/","title":{"rendered":"Si\u0142ownik wysi\u0119gnika do du\u017cej koparki XCMG XE490CK"},"content":{"rendered":"<h1>Si\u0142ownik wysi\u0119gnika do du\u017cej koparki XCMG XE490CK<\/h1>\n<h2>Przegl\u0105d produktu<\/h2>\n<p>Si\u0142ownik wysi\u0119gnika do du\u017cej koparki XCMG XE490CK to specjalistyczny si\u0142ownik hydrauliczny zaprojektowany do sterowania ruchem wysi\u0119gnika koparki. Odgrywa on kluczow\u0105 rol\u0119 w uk\u0142adzie hydraulicznym, umo\u017cliwiaj\u0105c podnoszenie, opuszczanie i przechylanie wysi\u0119gnika, co u\u0142atwia wykonywanie r\u00f3\u017cnych zada\u0144 zwi\u0105zanych z prze\u0142adunkiem materia\u0142\u00f3w. Ten si\u0142ownik hydrauliczny jest niezb\u0119dny w ci\u0119\u017ckich maszynach, takich jak koparki, koparko-\u0142adowarki i \u0142adowarki czo\u0142owe, umo\u017cliwiaj\u0105c operatorom wydajne podnoszenie i manipulowanie du\u017cymi \u0142adunkami.<\/p>\n<p><img decoding=\"async\" src=\"https:\/\/www.hydraulic-cylinders.net\/wp-content\/uploads\/2025\/04\/songte-company-1.webp\" alt=\"Obraz cylindra hydraulicznego\"><\/p>\n<h3>Definicja i funkcjonalno\u015b\u0107<\/h3>\n<p>Si\u0142ownik \u0142y\u017cki, znany r\u00f3wnie\u017c jako si\u0142ownik wysi\u0119gnika, to rodzaj si\u0142ownika hydraulicznego zaprojektowanego specjalnie do sterowania ruchem \u0142y\u017cki w ci\u0119\u017ckich maszynach. Dzia\u0142a on w oparciu o zasady hydrauliki, wykorzystuj\u0105c spr\u0119\u017cony p\u0142yn hydrauliczny do zapewnienia si\u0142y niezb\u0119dnej do podnoszenia i opuszczania \u0142y\u017cki. Przekszta\u0142caj\u0105c ci\u015bnienie hydrauliczne w si\u0142\u0119 mechaniczn\u0105, si\u0142ownik wysi\u0119gnika zwi\u0119ksza mo\u017cliwo\u015bci operacyjne maszyn budowlanych, zapewniaj\u0105c skuteczn\u0105 i wydajn\u0105 prac\u0119 w r\u00f3\u017cnych zastosowaniach.<\/p>\n<h2>G\u0142\u00f3wne cechy cylindra wysi\u0119gnika<\/h2>\n<ul>\n<li><strong>Wysoka wytrzyma\u0142o\u015b\u0107 i trwa\u0142o\u015b\u0107:<\/strong> Wykonany z wytrzyma\u0142ej stali lub aluminium cylinder wytrzymuje du\u017ce ci\u015bnienie i obci\u0105\u017cenia, dzi\u0119ki czemu nadaje si\u0119 do pracy w trudnych warunkach.<\/li>\n<li><strong>Wydajna praca uk\u0142adu hydraulicznego:<\/strong> Si\u0142ownik wykorzystuje ci\u015bnienie p\u0142ynu hydraulicznego do p\u0142ynnego wysuwania i wsuwania, zapewniaj\u0105c szybk\u0105 reakcj\u0119 na polecenia operatora i du\u017c\u0105 si\u0142\u0119 poci\u0105gow\u0105 przy ci\u0119\u017ckich zadaniach.<\/li>\n<li><strong>R\u00f3\u017cnorodno\u015b\u0107 typ\u00f3w:<\/strong> Dost\u0119pne w konfiguracji jednostronnego dzia\u0142ania (wykorzystuj\u0105cej ci\u015bnienie hydrauliczne w jednym kierunku) lub dwustronnego dzia\u0142ania (wykorzystuj\u0105cej ci\u015bnienie hydrauliczne w obu kierunkach), aby sprosta\u0107 zr\u00f3\u017cnicowanym potrzebom operacyjnym.<\/li>\n<li><strong>Kompaktowa konstrukcja:<\/strong> Niekt\u00f3re modele posiadaj\u0105 konstrukcj\u0119 teleskopow\u0105, kt\u00f3ra umo\u017cliwia wi\u0119ksze wysuni\u0119cie urz\u0105dzenia bez zwi\u0119kszania jego wymiar\u00f3w zewn\u0119trznych, dzi\u0119ki czemu nadaj\u0105 si\u0119 do zastosowa\u0144 w ograniczonej przestrzeni.<\/li>\n<li><strong>Odporno\u015b\u0107 na korozj\u0119:<\/strong> Zaprojektowane z materia\u0142\u00f3w odpornych na zu\u017cycie i korozj\u0119, co gwarantuje trwa\u0142o\u015b\u0107 i niezawodno\u015b\u0107 w wymagaj\u0105cych warunkach.<\/li>\n<\/ul>\n<p>Nasze produkty doskonale zast\u0119puj\u0105 te si\u0142owniki hydrauliczne, gwarantuj\u0105c bezproblemow\u0105 integracj\u0119 i wydajno\u015b\u0107.<\/p>\n<p><img decoding=\"async\" src=\"https:\/\/www.hydraulic-cylinders.net\/wp-content\/uploads\/2025\/04\/songte-cylinder-head-with-all-kinds-excavator-models.webp\" alt=\"Modele koparek\"><\/p>\n<h2>Scenariusze zastosowa\u0144<\/h2>\n<h3>Sprz\u0119t budowlany<\/h3>\n<p>W koparkach si\u0142owniki wysi\u0119gnika odgrywaj\u0105 kluczow\u0105 rol\u0119 w kopaniu, za\u0142adunku i przemieszczaniu gleby lub gruzu. Zapewniaj\u0105 one si\u0142\u0119 niezb\u0119dn\u0105 do podnoszenia ci\u0119\u017ckich \u0142adunk\u00f3w i precyzyjnego manewrowania \u0142y\u017ck\u0105, co czyni je niezast\u0105pionymi w pracach budowlanych.<\/p>\n<h3>Maszyny rolnicze<\/h3>\n<p>\u0141adowarki czo\u0142owe wykorzystuj\u0105 si\u0142owniki wysi\u0119gnika do nabierania, podnoszenia i transportu gleby, siana i innych materia\u0142\u00f3w. Ich zdolno\u015b\u0107 do wykonywania wielu funkcji czyni je cennym narz\u0119dziem w rolnictwie.<\/p>\n<h3>Koparki<\/h3>\n<p>W koparkach si\u0142owniki wysi\u0119gnika umo\u017cliwiaj\u0105 \u0142y\u017cce skuteczn\u0105 penetracj\u0119 gruntu, zapewniaj\u0105c du\u017c\u0105 si\u0142\u0119 kopania. Ta funkcjonalno\u015b\u0107 jest niezb\u0119dna w przypadku du\u017cych projekt\u00f3w wykopaliskowych, gwarantuj\u0105c sprawne dzia\u0142anie.<\/p>\n<h3>\u0141adowarki<\/h3>\n<p>W \u0142adowarkach czo\u0142owych si\u0142owniki wysi\u0119gnika wspomagaj\u0105 wydajne podnoszenie i zrzucanie materia\u0142\u00f3w. Ich niezawodno\u015b\u0107 i wytrzyma\u0142o\u015b\u0107 pozwalaj\u0105 na efektywne przenoszenie r\u00f3\u017cnorodnych \u0142adunk\u00f3w, zwi\u0119kszaj\u0105c wydajno\u015b\u0107 pracy na budowie.<\/p>\n<h2>Zagadnienia projektowe i kryteria wyboru<\/h2>\n<h3>No\u015bno\u015b\u0107<\/h3>\n<p>No\u015bno\u015b\u0107 si\u0142ownika wysi\u0119gnika ma kluczowe znaczenie, poniewa\u017c okre\u015bla maksymaln\u0105 mas\u0119, jak\u0105 mo\u017ce on ud\u017awign\u0105\u0107 bez pogorszenia wydajno\u015bci. In\u017cynierowie musz\u0105 oceni\u0107 przewidywane obci\u0105\u017cenia podczas pracy, aby wybra\u0107 si\u0142ownik, kt\u00f3ry spe\u0142nia lub przekracza te wymagania. Si\u0142ownik o niewystarczaj\u0105cej no\u015bno\u015bci mo\u017ce doprowadzi\u0107 do awarii, skutkuj\u0105cej kosztownymi op\u00f3\u017anieniami i naprawami.<\/p>\n<h3>Integralno\u015b\u0107 uszczelnienia<\/h3>\n<p>Integralno\u015b\u0107 uszczelnie\u0144 ma kluczowe znaczenie dla zapobiegania wyciekom p\u0142ynu hydraulicznego, kt\u00f3re mog\u0105 prowadzi\u0107 do awarii uk\u0142adu i zagro\u017ce\u0144 dla \u015brodowiska. Nale\u017cy stosowa\u0107 wysokiej jako\u015bci uszczelnienia, zapewniaj\u0105ce ich odporno\u015b\u0107 na wahania ci\u015bnienia i temperatury. Regularne kontrole konserwacyjne s\u0105 niezb\u0119dne, aby zapewni\u0107 nienaruszone i sprawne dzia\u0142anie uszczelnie\u0144.<\/p>\n<h3>Trwa\u0142o\u015b\u0107<\/h3>\n<p>Trwa\u0142o\u015b\u0107 jest kluczowa dla zapewnienia d\u0142ugotrwa\u0142ej wydajno\u015bci przy intensywnym u\u017cytkowaniu. Materia\u0142y u\u017cyte do produkcji si\u0142ownika wysi\u0119gnika powinny by\u0107 odporne na zu\u017cycie, korozj\u0119 i zm\u0119czenie. Wyb\u00f3r si\u0142ownik\u00f3w z zaawansowanymi pow\u0142okami i wytrzyma\u0142ymi materia\u0142ami mo\u017ce znacznie wyd\u0142u\u017cy\u0107 ich \u017cywotno\u015b\u0107, zmniejszaj\u0105c cz\u0119stotliwo\u015b\u0107 wymian i napraw.<\/p>\n<h3>Funkcje bezpiecze\u0144stwa<\/h3>\n<p>Bezpiecze\u0144stwo jest priorytetem w uk\u0142adach hydraulicznych. Si\u0142owniki wysi\u0119gnika powinny by\u0107 zaprojektowane z mechanizmami bezpiecze\u0144stwa zapobiegaj\u0105cymi przypadkowej awarii. Funkcje takie jak zawory bezpiecze\u0144stwa i czujniki przeci\u0105\u017cenia mog\u0105 zapewni\u0107 dodatkowe poziomy ochrony, gwarantuj\u0105c bezpieczn\u0105 obs\u0142ug\u0119 ci\u0119\u017ckiego sprz\u0119tu.<\/p>\n<h3>Dost\u0119pno\u015b\u0107 konserwacyjna<\/h3>\n<p>Projektowanie si\u0142ownik\u00f3w hydraulicznych z my\u015bl\u0105 o \u0142atwej konserwacji mo\u017ce zaoszcz\u0119dzi\u0107 czas i obni\u017cy\u0107 koszty pracy. Takie rozwi\u0105zania, jak zdejmowane za\u015blepki i \u0142atwy dost\u0119p do punkt\u00f3w smarowania, u\u0142atwiaj\u0105 regularne przegl\u0105dy, wyd\u0142u\u017caj\u0105c \u017cywotno\u015b\u0107 sprz\u0119tu.<\/p>\n<p><img decoding=\"async\" src=\"https:\/\/www.hydraulic-cylinders.net\/wp-content\/uploads\/2025\/04\/songte-oil-pipes-and-spare-parts.webp\" alt=\"Cz\u0119\u015bci hydrauliczne\"><\/p>\n<h2>Uszczelnianie i smarowanie<\/h2>\n<p>Skuteczne uszczelnienie i smarowanie maj\u0105 kluczowe znaczenie dla wydajno\u015bci cylindr\u00f3w hydraulicznych. R\u00f3\u017cne elementy uszczelniaj\u0105ce, takie jak uszczelnienia t\u0142ok\u00f3w i t\u0142oczysk, powinny by\u0107 wykonane z trwa\u0142ych materia\u0142\u00f3w, takich jak poliuretan lub kauczuk nitrylowy, aby by\u0142y odporne na zu\u017cycie. Korpus cylindra i gwintowane ko\u0144c\u00f3wki musz\u0105 by\u0107 precyzyjnie obrobione, aby zwi\u0119kszy\u0107 odporno\u015b\u0107 na zu\u017cycie i zapewni\u0107 p\u0142ynn\u0105 prac\u0119.<\/p>\n<p>Regularne smarowanie olejem hydraulicznym jest niezb\u0119dne, aby zminimalizowa\u0107 tarcie i zu\u017cycie cylindra. Operatorzy powinni ustali\u0107 rutynow\u0105 procedur\u0119 sprawdzania poziomu oleju i uzupe\u0142niania go w razie potrzeby, aby utrzyma\u0107 optymaln\u0105 wydajno\u015b\u0107 cylindra.<\/p>\n<h2>Regularne kontrole i konserwacja zapobiegawcza<\/h2>\n<ul>\n<li><strong>Regularne kontrole:<\/strong> Nale\u017cy przeprowadza\u0107 rutynowe kontrole si\u0142ownika wysi\u0119gnika w celu wykrycia wszelkich oznak zu\u017cycia lub uszkodze\u0144. Takie proaktywne podej\u015bcie mo\u017ce zapobiec powa\u017cnym awariom, zanim wyst\u0105pi\u0105.<\/li>\n<li><strong>W\u0142a\u015bciwe smarowanie:<\/strong> Zapewnienie odpowiedniego smarowania si\u0142ownika hydraulicznego jest niezb\u0119dne dla zmniejszenia tarcia i wyd\u0142u\u017cenia jego \u017cywotno\u015bci. Operatorzy powinni przestrzega\u0107 zalece\u0144 producenta dotycz\u0105cych cz\u0119stotliwo\u015bci smarowania.<\/li>\n<li><strong>Wymiana uszczelki:<\/strong> Nale\u017cy okresowo sprawdza\u0107 uszczelki pod k\u0105tem oznak zu\u017cycia i w razie potrzeby wymienia\u0107 je. Zapobiega to wyciekom i utrzymuje integralno\u015b\u0107 uk\u0142adu hydraulicznego.<\/li>\n<\/ul>\n<h3>Wytyczne dotycz\u0105ce instalacji<\/h3>\n<p>Prawid\u0142owy monta\u017c si\u0142ownika wysi\u0119gnika ma kluczowe znaczenie dla optymalnej wydajno\u015bci. Podczas monta\u017cu nale\u017cy upewni\u0107 si\u0119, \u017ce si\u0142ownik jest prawid\u0142owo ustawiony wzgl\u0119dem punkt\u00f3w mocowania maszyny. Niew\u0142a\u015bciwe ustawienie mo\u017ce powodowa\u0107 niepotrzebne zu\u017cycie i problemy z dzia\u0142aniem.<\/p>\n<p>Zaleca si\u0119 u\u017cycie odpowiednich uchwyt\u00f3w monta\u017cowych, aby zabezpieczy\u0107 butl\u0119 na miejscu. Podczas instalacji nale\u017cy dok\u0142adnie sprawdzi\u0107 wszystkie po\u0142\u0105czenia i upewni\u0107 si\u0119, \u017ce nie ma wyciek\u00f3w przed uruchomieniem urz\u0105dzenia. Przestrzeganie zalece\u0144 producenta dotycz\u0105cych instalacji mo\u017ce pom\u00f3c unikn\u0105\u0107 typowych problem\u00f3w i zapewni\u0107 bezpieczn\u0105 eksploatacj\u0119.<\/p>\n<h2>Zadania konserwacyjne<\/h2>\n<ul>\n<li><strong>Regularne kontrole:<\/strong> Przeprowadzanie rutynowych kontroli pozwala na wczesne wykrycie potencjalnych problem\u00f3w. Sprawd\u017a cylinder pod k\u0105tem uszkodze\u0144, nieszczelno\u015bci lub nietypowego zu\u017cycia. Regularne kontrole mog\u0105 zapobiec nieoczekiwanym awariom podczas eksploatacji.<\/li>\n<li><strong>Prawid\u0142owe smarowanie:<\/strong> Utrzymanie odpowiedniego smarowania jest niezb\u0119dne dla p\u0142ynnej pracy cylindra. Upewnij si\u0119, \u017ce poziom p\u0142ynu hydraulicznego jest prawid\u0142owy, a zastosowany \u015brodek smarny jest odpowiedni dla danego typu cylindra.<\/li>\n<li><strong>Wymiana uszczelki:<\/strong> Uszczelki nale\u017cy wymienia\u0107 w ramach regularnej konserwacji. Zu\u017cyte uszczelki mog\u0105 prowadzi\u0107 do wyciek\u00f3w, obni\u017caj\u0105c wydajno\u015b\u0107 i potencjalnie powoduj\u0105c uszkodzenia uk\u0142adu hydraulicznego.<\/li>\n<\/ul>\n<h2>Zagadnienia bezpiecze\u0144stwa i czynniki \u015brodowiskowe<\/h2>\n<p>W przypadku uk\u0142ad\u00f3w hydraulicznych priorytetem jest zapewnienie bezpiecze\u0144stwa. Operatorzy powinni nosi\u0107 odpowiedni sprz\u0119t ochrony osobistej (PPE) podczas pracy z maszynami hydraulicznymi, aby zmniejszy\u0107 ryzyko obra\u017ce\u0144. Zrozumienie potencjalnych zagro\u017ce\u0144 zwi\u0105zanych z wyciekami p\u0142ynu hydraulicznego i uk\u0142adami wysokoci\u015bnieniowymi mo\u017ce pom\u00f3c w zapobieganiu wypadkom.<\/p>\n<p>Ponadto, w\u0142a\u015bciwa utylizacja p\u0142yn\u00f3w hydraulicznych i uszkodzonych podzespo\u0142\u00f3w jest niezb\u0119dna dla zminimalizowania wp\u0142ywu na \u015brodowisko. Przestrzeganie lokalnych przepis\u00f3w dotycz\u0105cych odpad\u00f3w niebezpiecznych ma kluczowe znaczenie dla utrzymania bezpiecznego \u015brodowiska pracy.<\/p>\n<h2>Rozwi\u0105zywanie problem\u00f3w i typowe problemy<\/h2>\n<ul>\n<li><strong>Przeciek:<\/strong> Jednym z najcz\u0119stszych problem\u00f3w s\u0105 wycieki, cz\u0119sto spowodowane zu\u017cytymi uszczelkami lub z\u0142\u0105czkami. Regularne kontrole mog\u0105 pom\u00f3c we wczesnym wykryciu wyciek\u00f3w, umo\u017cliwiaj\u0105c terminow\u0105 napraw\u0119.<\/li>\n<li><strong>Powolna praca:<\/strong> Je\u015bli si\u0142ownik wysi\u0119gnika pracuje powoli, mo\u017ce to oznacza\u0107 niedob\u00f3r p\u0142ynu hydraulicznego lub zablokowanie przewodu. Sprawdzenie poziomu p\u0142ynu i upewnienie si\u0119, \u017ce nie ma \u017cadnych przeszk\u00f3d, mo\u017ce rozwi\u0105za\u0107 ten problem.<\/li>\n<li><strong>Nietypowe d\u017awi\u0119ki:<\/strong> D\u017awi\u0119ki takie jak zgrzytanie lub trzaski mog\u0105 wskazywa\u0107 na awari\u0119 mechaniczn\u0105 lub brak smarowania. Natychmiastowa kontrola i konserwacja mog\u0105 zapobiec dalszym uszkodzeniom.<\/li>\n<\/ul>\n<p>Aby skutecznie diagnozowa\u0107 i rozwi\u0105zywa\u0107 problemy, operatorzy powinni zapozna\u0107 si\u0119 z funkcjonowaniem systemu i w razie potrzeby zwr\u00f3ci\u0107 si\u0119 o pomoc do specjalisty, aby unikn\u0105\u0107 pog\u0142\u0119bienia problem\u00f3w.<\/p>\n<p><img decoding=\"async\" src=\"https:\/\/www.hydraulic-cylinders.net\/wp-content\/uploads\/2025\/04\/songte-bushings-with-all-kinds-of-excavator-models.webp\" alt=\"Tuleje koparki\"><\/p>\n<h2>Przegl\u0105d firmy<\/h2>\n<p>Jeste\u015bmy wiod\u0105cym producentem alternatywnych si\u0142ownik\u00f3w hydraulicznych, oferuj\u0105cym szerok\u0105 gam\u0119 produkt\u00f3w, kt\u00f3re spe\u0142niaj\u0105 potrzeby rynku krajowego i mi\u0119dzynarodowego. Nasze zaanga\u017cowanie w d\u0105\u017cenie do doskona\u0142o\u015bci znajduje odzwierciedlenie w naszych udoskonalonych strategiach zarz\u0105dzania produkcj\u0105, kt\u00f3re wykorzystuj\u0105 zaawansowane technologie produkcyjne i systemy kontroli jako\u015bci.<\/p>\n<p>Nasza firma szczyci si\u0119 swoj\u0105 wiedz\u0105 techniczn\u0105, zaawansowanymi mo\u017cliwo\u015bciami produkcji cyfrowej oraz profesjonalnymi systemami testowymi, co pozwala nam stale ulepsza\u0107 nasze procesy produkcyjne. To zaanga\u017cowanie pozwala nam sprosta\u0107 zr\u00f3\u017cnicowanym wymaganiom naszych klient\u00f3w, zapewniaj\u0105c wysok\u0105 wydajno\u015b\u0107, precyzj\u0119 i jako\u015b\u0107.<\/p>\n<p>Oferujemy mi\u0119dzynarodowe certyfikaty, us\u0142ugi dostosowane do indywidualnych potrzeb klienta oraz solidne wsparcie posprzeda\u017cowe, aby zagwarantowa\u0107 satysfakcj\u0119 klienta. Nasze zak\u0142ady produkcyjne wyposa\u017cone s\u0105 w najnowocze\u015bniejszy sprz\u0119t, zgodny z normami bran\u017cowymi, co gwarantuje, \u017ce nasze produkty pozostaj\u0105 liderem innowacji.<\/p>\n<p><img decoding=\"async\" src=\"https:\/\/www.hydraulic-cylinders.net\/wp-content\/uploads\/2025\/04\/songte-company-4.webp\" alt=\"Przegl\u0105d firmy\"><br \/>\n<img decoding=\"async\" src=\"https:\/\/www.hydraulic-cylinders.net\/wp-content\/uploads\/2025\/04\/songte-company-3.webp\" alt=\"Sprz\u0119t produkcyjny\"><\/p>\n<p>Autor: lyl<\/p>","protected":false},"excerpt":{"rendered":"<p>Boom Cylinder For XCMG Large Excavator XE490CK Product Overview The Boom Cylinder for XCMG Large Excavator XE490CK is a specialized hydraulic cylinder designed to control the movement of the excavator&#8217;s boom. It plays a crucial role in the hydraulic system, enabling the boom to raise, lower, and tilt, which facilitates various material handling tasks. This [&hellip;]<\/p>","protected":false},"featured_media":17876,"comment_status":"open","ping_status":"closed","template":"","meta":{"_et_pb_use_builder":"","_et_pb_old_content":"","_et_gb_content_width":""},"product_brand":[],"product_cat":[1546],"product_tag":[1547,1496],"class_list":{"0":"post-19205","1":"product","2":"type-product","3":"status-publish","4":"has-post-thumbnail","6":"product_cat-boom-cylinders","7":"product_tag-boom-cylinders","8":"product_tag-hydraulic-cylinders","10":"first","11":"instock","12":"shipping-taxable","13":"product-type-simple"},"amp_enabled":true,"_links":{"self":[{"href":"https:\/\/www.hydraulic-cylinders.net\/pl\/wp-json\/wp\/v2\/product\/19205","targetHints":{"allow":["GET"]}}],"collection":[{"href":"https:\/\/www.hydraulic-cylinders.net\/pl\/wp-json\/wp\/v2\/product"}],"about":[{"href":"https:\/\/www.hydraulic-cylinders.net\/pl\/wp-json\/wp\/v2\/types\/product"}],"replies":[{"embeddable":true,"href":"https:\/\/www.hydraulic-cylinders.net\/pl\/wp-json\/wp\/v2\/comments?post=19205"}],"wp:featuredmedia":[{"embeddable":true,"href":"https:\/\/www.hydraulic-cylinders.net\/pl\/wp-json\/wp\/v2\/media\/17876"}],"wp:attachment":[{"href":"https:\/\/www.hydraulic-cylinders.net\/pl\/wp-json\/wp\/v2\/media?parent=19205"}],"wp:term":[{"taxonomy":"product_brand","embeddable":true,"href":"https:\/\/www.hydraulic-cylinders.net\/pl\/wp-json\/wp\/v2\/product_brand?post=19205"},{"taxonomy":"product_cat","embeddable":true,"href":"https:\/\/www.hydraulic-cylinders.net\/pl\/wp-json\/wp\/v2\/product_cat?post=19205"},{"taxonomy":"product_tag","embeddable":true,"href":"https:\/\/www.hydraulic-cylinders.net\/pl\/wp-json\/wp\/v2\/product_tag?post=19205"}],"curies":[{"name":"wp","href":"https:\/\/api.w.org\/{rel}","templated":true}]}}