{"id":19207,"date":"2025-04-07T06:18:11","date_gmt":"2025-04-07T06:18:11","guid":{"rendered":"https:\/\/www.hydraulic-cylinders.net\/product\/boom-cylinder-for-xcmg-large-excavator-xe3000\/"},"modified":"2025-04-07T06:18:13","modified_gmt":"2025-04-07T06:18:13","slug":"boom-cylinder-for-xcmg-large-excavator-xe3000","status":"publish","type":"product","link":"https:\/\/www.hydraulic-cylinders.net\/pl\/produkt\/boom-cylinder-for-xcmg-large-excavator-xe3000\/","title":{"rendered":"Si\u0142ownik wysi\u0119gnika do du\u017cej koparki XCMG XE3000"},"content":{"rendered":"<h1>Si\u0142ownik wysi\u0119gnika do du\u017cej koparki XCMG XE3000<\/h1>\n<h2>Wprowadzenie do cylindr\u00f3w wysi\u0119gnika<\/h2>\n<p>Si\u0142ownik wysi\u0119gnika to kluczowy element du\u017cych koparek, zaprojektowany specjalnie dla modelu XCMG XE3000. Ten si\u0142ownik hydrauliczny odgrywa kluczow\u0105 rol\u0119 w sterowaniu ruchem wysi\u0119gnika, umo\u017cliwiaj\u0105c precyzyjne podnoszenie, opuszczanie i przechylanie. Wydajne dzia\u0142anie si\u0142ownika wysi\u0119gnika zwi\u0119ksza og\u00f3ln\u0105 wydajno\u015b\u0107 ci\u0119\u017ckich maszyn, umo\u017cliwiaj\u0105c im \u0142atwe wykonywanie r\u00f3\u017cnych zada\u0144 zwi\u0105zanych z prze\u0142adunkiem materia\u0142\u00f3w.<\/p>\n<p><img decoding=\"async\" src=\"https:\/\/www.hydraulic-cylinders.net\/wp-content\/uploads\/2025\/04\/songte-company-1.webp\" alt=\"Obraz cylindra wysi\u0119gnika\"><\/p>\n<h3>Definicja i przegl\u0105d<\/h3>\n<p>Si\u0142ownik wysi\u0119gnika to rodzaj si\u0142ownika hydraulicznego, specjalnie stosowanego do sterowania ruchem wysi\u0119gnika w ci\u0119\u017ckich maszynach, takich jak koparki, koparko-\u0142adowarki i \u0142adowarki czo\u0142owe. Umo\u017cliwia on podnoszenie, opuszczanie i przechylanie wysi\u0119gnika, u\u0142atwiaj\u0105c r\u00f3\u017cnorodne zadania zwi\u0105zane z prze\u0142adunkiem materia\u0142\u00f3w. Funkcjonalno\u015b\u0107 si\u0142ownika wysi\u0119gnika jest niezb\u0119dna w uk\u0142adach hydraulicznych, poniewa\u017c przekszta\u0142ca ci\u015bnienie hydrauliczne w ruch mechaniczny, umo\u017cliwiaj\u0105c operatorom efektywne sterowanie du\u017cymi narz\u0119dziami do kopania.<\/p>\n<h2>Cechy cylindra wysi\u0119gnika<\/h2>\n<ul>\n<li><strong>Wysoka wytrzyma\u0142o\u015b\u0107 i trwa\u0142o\u015b\u0107:<\/strong> Si\u0142ownik wysi\u0119gnika, zazwyczaj wykonany z wysokowytrzyma\u0142ej stali lub aluminium, zosta\u0142 zaprojektowany tak, aby wytrzyma\u0107 wysokie ci\u015bnienia i du\u017ce obci\u0105\u017cenia, dzi\u0119ki czemu nadaje si\u0119 do pracy w trudnych warunkach. Uwzgl\u0119dnienie odporno\u015bci na zu\u017cycie i korozj\u0119 wyd\u0142u\u017ca jego \u017cywotno\u015b\u0107.<\/li>\n<li><strong>Wydajna praca uk\u0142adu hydraulicznego:<\/strong> Si\u0142ownik wysi\u0119gnika wykorzystuje ci\u015bnienie oleju hydraulicznego, co zapewnia p\u0142ynne dzia\u0142anie teleskopowe, szybk\u0105 reakcj\u0119 na polecenia steruj\u0105ce i generuje du\u017ce si\u0142y pchania i ci\u0105gni\u0119cia, idealne do przenoszenia ci\u0119\u017ckich materia\u0142\u00f3w i wykonywania skomplikowanych zada\u0144.<\/li>\n<li><strong>R\u00f3\u017cne typy:<\/strong> W zale\u017cno\u015bci od potrzeb dost\u0119pne s\u0105 cylindry jednostronnego dzia\u0142ania (wykorzystuj\u0105ce si\u0142\u0119 hydrauliczn\u0105 w jednym kierunku) i dwustronnego dzia\u0142ania (wykorzystuj\u0105ce si\u0142\u0119 hydrauliczn\u0105 w obu kierunkach). Niekt\u00f3re modele s\u0105 teleskopowe, co pozwala na wi\u0119ksze wysuni\u0119cie bez zwi\u0119kszania wymiar\u00f3w zewn\u0119trznych, dzi\u0119ki czemu nadaj\u0105 si\u0119 do zastosowa\u0144 w ograniczonej przestrzeni.<\/li>\n<li><strong>Zgodno\u015b\u0107:<\/strong> Nasze produkty doskonale zast\u0119puj\u0105 istniej\u0105ce si\u0142owniki hydrauliczne, zapewniaj\u0105c bezproblemow\u0105 integracj\u0119 i dopasowanie parametr\u00f3w do innych podzespo\u0142\u00f3w maszyn.<\/li>\n<\/ul>\n<p><img decoding=\"async\" src=\"https:\/\/www.hydraulic-cylinders.net\/wp-content\/uploads\/2025\/04\/songte-cylinder-head-with-all-kinds-excavator-models.webp\" alt=\"Modele koparek\"><\/p>\n<h2>Scenariusze zastosowa\u0144<\/h2>\n<h3>Sprz\u0119t budowlany<\/h3>\n<p>W koparkach cylindry wysi\u0119gnika s\u0105 niezb\u0119dne do kopania, za\u0142adunku i przemieszczania ziemi lub gruzu. Umo\u017cliwiaj\u0105 one sprawne wysuwanie i wsuwanie wysi\u0119gnika, u\u0142atwiaj\u0105c wykonywanie prac ziemnych. W koparko-\u0142adowarkach cylindry te wspomagaj\u0105 zar\u00f3wno kopanie, jak i podnoszenie, zapewniaj\u0105c wszechstronno\u015b\u0107 i moc.<\/p>\n<h3>Maszyny rolnicze<\/h3>\n<p>W \u0142adowarkach czo\u0142owych si\u0142owniki wysi\u0119gnika s\u0142u\u017c\u0105 do nabierania, podnoszenia i transportu gleby, siana i innych materia\u0142\u00f3w. Zwi\u0119kszaj\u0105 one wydajno\u015b\u0107 i efektywno\u015b\u0107 prac rolniczych, umo\u017cliwiaj\u0105c operatorom \u0142atw\u0105 obs\u0142ug\u0119 materia\u0142\u00f3w sypkich.<\/p>\n<h3>Koparki<\/h3>\n<p>Si\u0142ownik wysi\u0119gnika umo\u017cliwia skuteczn\u0105 penetracj\u0119 pod\u0142o\u017ca przez \u0142y\u017ck\u0119 koparki, u\u0142atwiaj\u0105c kopanie. Ta funkcja jest kluczowa w przypadku du\u017cych projekt\u00f3w wykopaliskowych, gdzie precyzja i moc s\u0105 priorytetem.<\/p>\n<h3>\u0141adowarki<\/h3>\n<p>W \u0142adowarkach czo\u0142owych cylindry wysi\u0119gnika odgrywaj\u0105 istotn\u0105 rol\u0119 w podnoszeniu i zrzucaniu \u0142adunk\u00f3w. Zapewniaj\u0105 p\u0142ynn\u0105 prac\u0119 \u0142y\u017cki \u0142adowarki, zwi\u0119kszaj\u0105c wydajno\u015b\u0107 maszyny podczas transportu materia\u0142\u00f3w.<\/p>\n<h2>Rozwa\u017cania projektowe<\/h2>\n<h3>No\u015bno\u015b\u0107<\/h3>\n<p>Jednym z g\u0142\u00f3wnych za\u0142o\u017ce\u0144 projektowych si\u0142ownika wysi\u0119gnika jest jego ud\u017awig. Ka\u017cdy si\u0142ownik ma okre\u015blone limity wagowe, co zapewnia bezpieczn\u0105 prac\u0119 pod du\u017cym obci\u0105\u017ceniem. Producenci musz\u0105 dok\u0142adnie oszacowa\u0107 przewidywane wymagania dotycz\u0105ce ud\u017awigu, aby zapobiec awarii si\u0142ownika i zapewni\u0107 bezpiecze\u0144stwo eksploatacji.<\/p>\n<h3>Uszczelnienie i trwa\u0142o\u015b\u0107<\/h3>\n<p>Skuteczne uszczelnienie jest kluczowe dla utrzymania ci\u015bnienia hydraulicznego i zapobiegania wyciekom. Wysokiej jako\u015bci uszczelki wykonane z trwa\u0142ych materia\u0142\u00f3w s\u0105 niezb\u0119dne dla d\u0142ugowieczno\u015bci i niezawodno\u015bci. Prawid\u0142owe uszczelnienie zapewnia szczelno\u015b\u0107 uk\u0142adu hydraulicznego, maksymalizuj\u0105c wydajno\u015b\u0107 uk\u0142adu.<\/p>\n<h3>Funkcje bezpiecze\u0144stwa<\/h3>\n<p>Bezpiecze\u0144stwo jest priorytetem przy projektowaniu si\u0142ownik\u00f3w wysi\u0119gnika. Zastosowanie zawor\u00f3w bezpiecze\u0144stwa i mechanizm\u00f3w odci\u0105\u017caj\u0105cych pomaga zapobiega\u0107 przeci\u0105\u017ceniom i potencjalnym awariom. Funkcje te maj\u0105 kluczowe znaczenie dla ochrony zar\u00f3wno operatora, jak i maszyny podczas pracy.<\/p>\n<h3>Dost\u0119pno\u015b\u0107 konserwacyjna<\/h3>\n<p>Konstrukcja si\u0142ownik\u00f3w wysi\u0119gnika powinna r\u00f3wnie\u017c uwzgl\u0119dnia\u0107 \u0142atwo\u015b\u0107 konserwacji. Dost\u0119p do podzespo\u0142\u00f3w powinien by\u0107 mo\u017cliwy do rutynowej kontroli i serwisowania, co umo\u017cliwi terminow\u0105 konserwacj\u0119, wyd\u0142u\u017caj\u0105c \u017cywotno\u015b\u0107 si\u0142ownika hydraulicznego i utrzymuj\u0105c optymaln\u0105 wydajno\u015b\u0107.<\/p>\n<p><img decoding=\"async\" src=\"https:\/\/www.hydraulic-cylinders.net\/wp-content\/uploads\/2025\/04\/songte-oil-pipes-and-spare-parts.webp\" alt=\"Rury olejowe i cz\u0119\u015bci zamienne\"><\/p>\n<h2>Uszczelnianie i smarowanie<\/h2>\n<p>Prawid\u0142owe uszczelnienie i smarowanie maj\u0105 fundamentalne znaczenie dla wydajno\u015bci i trwa\u0142o\u015bci si\u0142ownik\u00f3w wysi\u0119gnika. Zastosowanie r\u00f3\u017cnych uszczelnie\u0144, takich jak uszczelnienia t\u0142oka i t\u0142oczyska, zapewnia utrzymanie p\u0142ynu hydraulicznego wewn\u0105trz si\u0142ownika. Uszczelnienia wykonane z trwa\u0142ych materia\u0142\u00f3w, takich jak poliuretan i kauczuk nitrylowy, zwi\u0119kszaj\u0105 odporno\u015b\u0107 na zu\u017cycie, minimalizuj\u0105c ryzyko wyciek\u00f3w.<\/p>\n<p>Powierzchnia korpusu cylindra i gwintowane ko\u0144c\u00f3wki s\u0105 starannie obrabiane w celu zwi\u0119kszenia odporno\u015bci na zu\u017cycie, co jest kluczowe dla zachowania integralno\u015bci cylindra. Regularne smarowanie odpowiednim olejem hydraulicznym jest niezb\u0119dne, aby zmniejszy\u0107 tarcie i zu\u017cycie, zapewniaj\u0105c p\u0142ynn\u0105 prac\u0119 przez d\u0142ugi czas. Utrzymywanie odpowiedniego poziomu oleju hydraulicznego jest kluczowe, poniewa\u017c zapewnia on niezb\u0119dne smarowanie, zapobiegaj\u0105c przedwczesnemu zu\u017cyciu i awarii systemu.<\/p>\n<h2>\u015arodki konserwacji zapobiegawczej<\/h2>\n<ul>\n<li><strong>Regularne kontrole:<\/strong> Przeprowadzaj rutynowe kontrole, aby zidentyfikowa\u0107 wszelkie oznaki zu\u017cycia lub uszkodze\u0144. Regularne kontrole mog\u0105 wykry\u0107 potencjalne problemy, zanim przekszta\u0142c\u0105 si\u0119 w powa\u017cne awarie.<\/li>\n<li><strong>Smarowanie:<\/strong> Upewnij si\u0119, \u017ce si\u0142ownik hydrauliczny jest odpowiednio smarowany. U\u017cywaj zalecanego rodzaju oleju hydraulicznego i utrzymuj odpowiedni poziom oleju, aby zmniejszy\u0107 tarcie i zu\u017cycie.<\/li>\n<li><strong>Wymiana uszczelki:<\/strong> Monitoruj stan uszczelek i wymieniaj je w razie potrzeby. Zu\u017cyte uszczelki mog\u0105 prowadzi\u0107 do wyciek\u00f3w oleju, co negatywnie wp\u0142ywa na wydajno\u015b\u0107 i sprawno\u015b\u0107 uk\u0142adu hydraulicznego.<\/li>\n<\/ul>\n<h2>Wytyczne dotycz\u0105ce instalacji<\/h2>\n<p>Prawid\u0142owy monta\u017c si\u0142ownika wysi\u0119gnika ma kluczowe znaczenie dla optymalnej wydajno\u015bci. Zacznij od upewnienia si\u0119, \u017ce powierzchnie monta\u017cowe s\u0105 czyste i wolne od zanieczyszcze\u0144. Dok\u0142adnie ustaw si\u0142ownik wzgl\u0119dem punkt\u00f3w mocowania, u\u017cywaj\u0105c odpowiednich wspornik\u00f3w monta\u017cowych, aby go zabezpieczy\u0107. Prawid\u0142owe ustawienie si\u0142ownika jest kluczowe, aby zapobiec nadmiernemu napr\u0119\u017ceniu podzespo\u0142\u00f3w podczas pracy.<\/p>\n<p>Po zabezpieczeniu cylindra, ostro\u017cnie pod\u0142\u0105cz przewody hydrauliczne, upewniaj\u0105c si\u0119, \u017ce nie ma \u017cadnych zagi\u0119\u0107 ani zagi\u0119\u0107, kt\u00f3re mog\u0142yby ograniczy\u0107 przep\u0142yw p\u0142ynu. Po wykonaniu wszystkich po\u0142\u0105cze\u0144 nape\u0142nij uk\u0142ad hydrauliczny zalecanym olejem i odpowietrz uk\u0142ad, aby usun\u0105\u0107 uwi\u0119zione powietrze. Na koniec przeprowad\u017a jazd\u0119 pr\u00f3bn\u0105, aby sprawdzi\u0107, czy cylinder dzia\u0142a p\u0142ynnie, bez wyciek\u00f3w i nietypowych d\u017awi\u0119k\u00f3w.<\/p>\n<h2>Typowe zadania konserwacyjne<\/h2>\n<ul>\n<li><strong>Regularne kontrole:<\/strong> Regularnie planuj przegl\u0105dy, aby sprawdzi\u0107 zu\u017cycie cylindra i jego podzespo\u0142\u00f3w. Dzi\u0119ki temu wszelkie problemy zostan\u0105 szybko zidentyfikowane i naprawione.<\/li>\n<li><strong>W\u0142a\u015bciwe smarowanie:<\/strong> Regularnie smaruj cylinder, aby zapobiec nadmiernemu zu\u017cyciu i zapewni\u0107 p\u0142ynn\u0105 prac\u0119. Stosowanie w\u0142a\u015bciwego rodzaju p\u0142ynu hydraulicznego jest kluczowe dla utrzymania optymalnej wydajno\u015bci.<\/li>\n<li><strong>Wymiana i kalibracja uszczelki:<\/strong> Monitoruj stan uszczelek i wymieniaj je w razie potrzeby. Regularne kontrole kalibracji s\u0105 r\u00f3wnie\u017c wa\u017cne, aby zapewni\u0107, \u017ce butla dzia\u0142a zgodnie z jej specyfikacj\u0105.<\/li>\n<\/ul>\n<h2>Zagadnienia bezpiecze\u0144stwa<\/h2>\n<p>W przypadku uk\u0142ad\u00f3w hydraulicznych \u015brodki bezpiecze\u0144stwa maj\u0105 pierwszorz\u0119dne znaczenie. Operatorzy powinni by\u0107 przeszkoleni w zakresie zagro\u017ce\u0144 zwi\u0105zanych z cylindrami hydraulicznymi. Podczas obs\u0142ugi i konserwacji nale\u017cy nosi\u0107 odpowiedni sprz\u0119t ochrony osobistej (PPE). Przestrzeganie najlepszych praktyk bezpiecze\u0144stwa, takich jak upewnienie si\u0119, \u017ce maszyna jest wy\u0142\u0105czona przed przyst\u0105pieniem do prac konserwacyjnych, mo\u017ce znacznie zmniejszy\u0107 ryzyko wypadk\u00f3w.<\/p>\n<h2>Diagnostyka usterek i typowe problemy<\/h2>\n<ul>\n<li><strong>Wycieki p\u0142yn\u00f3w:<\/strong> Jednym z najcz\u0119stszych problem\u00f3w z si\u0142ownikami hydraulicznymi jest wyciek p\u0142ynu, kt\u00f3ry mo\u017ce wskazywa\u0107 na zu\u017cycie uszczelek lub uszkodzenie si\u0142ownika. Regularne kontrole mog\u0105 pom\u00f3c we wczesnym wykryciu i usuni\u0119ciu wyciek\u00f3w.<\/li>\n<li><strong>S\u0142aba wydajno\u015b\u0107:<\/strong> Je\u015bli si\u0142ownik nie osi\u0105ga oczekiwanej wydajno\u015bci, mo\u017ce to by\u0107 spowodowane niedostatecznym smarowaniem, zapowietrzeniem uk\u0142adu hydraulicznego lub zu\u017cyciem podzespo\u0142\u00f3w. Szybkie rozwi\u0105zanie tych problem\u00f3w jest kluczowe dla utrzymania wydajno\u015bci.<\/li>\n<li><strong>Nietypowe d\u017awi\u0119ki:<\/strong> Wszelkie nietypowe d\u017awi\u0119ki podczas pracy nale\u017cy natychmiast sprawdzi\u0107. Ha\u0142asy mog\u0105 wskazywa\u0107 na problemy mechaniczne lub nieprawid\u0142ow\u0105 instalacj\u0119, co wymaga natychmiastowej interwencji.<\/li>\n<\/ul>\n<h2>Wskaz\u00f3wki dotycz\u0105ce rozwi\u0105zywania problem\u00f3w<\/h2>\n<p>Diagnozuj\u0105c problemy z si\u0142ownikiem wysi\u0119gnika, nale\u017cy stosowa\u0107 podej\u015bcie systemowe. Zacznij od zidentyfikowania objaw\u00f3w, takich jak wycieki lub problemy z wydajno\u015bci\u0105, i sprawd\u017a typowe przyczyny, takie jak niski poziom oleju lub uszkodzone uszczelki. Podejmowanie dzia\u0142a\u0144 zapobiegawczych, takich jak regularna konserwacja i przegl\u0105dy, mo\u017ce pom\u00f3c zminimalizowa\u0107 potencjalne problemy, zanim si\u0119 nasil\u0105.<\/p>\n<p><img decoding=\"async\" src=\"https:\/\/www.hydraulic-cylinders.net\/wp-content\/uploads\/2025\/04\/songte-bushings-with-all-kinds-of-excavator-models.webp\" alt=\"Tuleje do koparek\"><\/p>\n<h2>O naszej firmie<\/h2>\n<p>Jeste\u015bmy wiod\u0105cym producentem zamiennych cylindr\u00f3w hydraulicznych, oferuj\u0105cym szerok\u0105 gam\u0119 produkt\u00f3w dostosowanych do potrzeb rynku krajowego i mi\u0119dzynarodowego. Nasze zaanga\u017cowanie w d\u0105\u017cenie do doskona\u0142o\u015bci ugruntowa\u0142o nasz\u0105 pozycj\u0119 jednego z czo\u0142owych producent\u00f3w i hurtownik\u00f3w cylindr\u00f3w hydraulicznych.<\/p>\n<p>Kierujemy si\u0119 strategi\u0105 precyzyjnej produkcji i zarz\u0105dzania przemys\u0142owego, stale zwi\u0119kszaj\u0105c nasze mo\u017cliwo\u015bci produkcyjne dzi\u0119ki wykorzystaniu zaawansowanych technologii i profesjonalnych system\u00f3w testowych. Nasza solidna platforma produkcyjna jest wyposa\u017cona w wysokowydajny i precyzyjny sprz\u0119t, co pozwala nam sprosta\u0107 zr\u00f3\u017cnicowanym potrzebom naszych klient\u00f3w, oferuj\u0105c wysokiej jako\u015bci produkty.<\/p>\n<p><img decoding=\"async\" src=\"https:\/\/www.hydraulic-cylinders.net\/wp-content\/uploads\/2025\/04\/songte-company-4.webp\" alt=\"Przegl\u0105d firmy\"><br \/>\n<img decoding=\"async\" src=\"https:\/\/www.hydraulic-cylinders.net\/wp-content\/uploads\/2025\/04\/songte-company-3.webp\" alt=\"Obiekty produkcyjne\"><\/p>\n<p>K\u0142ad\u0105c nacisk na profesjonalizm, mi\u0119dzynarodowe certyfikaty, zindywidualizowane us\u0142ugi, zaawansowany sprz\u0119t produkcyjny i wyj\u0105tkowe wsparcie posprzeda\u017cowe, jeste\u015bmy zobowi\u0105zani do zapewnienia jako\u015bci i niezawodno\u015bci ka\u017cdego oferowanego przez nas produktu.<\/p>\n<p>Autor: lyl<\/p>","protected":false},"excerpt":{"rendered":"<p>Boom Cylinder For XCMG Large Excavator XE3000 Introduction to Boom Cylinders The Boom Cylinder is a critical component in large excavators, specifically designed for the XCMG XE3000 model. This hydraulic cylinder plays a vital role in controlling the movement of the boom, allowing for precise lifting, lowering, and tilting actions. The efficient operation of the [&hellip;]<\/p>","protected":false},"featured_media":17878,"comment_status":"open","ping_status":"closed","template":"","meta":{"_et_pb_use_builder":"","_et_pb_old_content":"","_et_gb_content_width":""},"product_brand":[],"product_cat":[1546],"product_tag":[1547,1496],"class_list":{"0":"post-19207","1":"product","2":"type-product","3":"status-publish","4":"has-post-thumbnail","6":"product_cat-boom-cylinders","7":"product_tag-boom-cylinders","8":"product_tag-hydraulic-cylinders","10":"first","11":"instock","12":"shipping-taxable","13":"product-type-simple"},"amp_enabled":true,"_links":{"self":[{"href":"https:\/\/www.hydraulic-cylinders.net\/pl\/wp-json\/wp\/v2\/product\/19207","targetHints":{"allow":["GET"]}}],"collection":[{"href":"https:\/\/www.hydraulic-cylinders.net\/pl\/wp-json\/wp\/v2\/product"}],"about":[{"href":"https:\/\/www.hydraulic-cylinders.net\/pl\/wp-json\/wp\/v2\/types\/product"}],"replies":[{"embeddable":true,"href":"https:\/\/www.hydraulic-cylinders.net\/pl\/wp-json\/wp\/v2\/comments?post=19207"}],"wp:featuredmedia":[{"embeddable":true,"href":"https:\/\/www.hydraulic-cylinders.net\/pl\/wp-json\/wp\/v2\/media\/17878"}],"wp:attachment":[{"href":"https:\/\/www.hydraulic-cylinders.net\/pl\/wp-json\/wp\/v2\/media?parent=19207"}],"wp:term":[{"taxonomy":"product_brand","embeddable":true,"href":"https:\/\/www.hydraulic-cylinders.net\/pl\/wp-json\/wp\/v2\/product_brand?post=19207"},{"taxonomy":"product_cat","embeddable":true,"href":"https:\/\/www.hydraulic-cylinders.net\/pl\/wp-json\/wp\/v2\/product_cat?post=19207"},{"taxonomy":"product_tag","embeddable":true,"href":"https:\/\/www.hydraulic-cylinders.net\/pl\/wp-json\/wp\/v2\/product_tag?post=19207"}],"curies":[{"name":"wp","href":"https:\/\/api.w.org\/{rel}","templated":true}]}}